{"id":84858,"date":"2024-06-17T18:00:20","date_gmt":"2024-06-17T15:00:20","guid":{"rendered":"https:\/\/xstyle.md\/?post_type=product&#038;p=84858"},"modified":"2025-10-24T12:30:49","modified_gmt":"2025-10-24T09:30:49","slug":"boty-neoprenovye-cressi-sub-korsor-rigid-sole-5mm","status":"publish","type":"product","link":"https:\/\/xstyle.md\/ro\/produs\/boty-neoprenovye-cressi-sub-korsor-rigid-sole-5mm\/","title":{"rendered":"\u00cenc\u0103l\u021b\u0103minte neopren Cressi-Sub Korsor Rigid Sole 5mm"},"content":{"rendered":"<p><strong>Cressi-Sub Korsor Rigid Sole 5mm<\/strong> &#8212;\u00a0 \u043d\u0435\u043e\u043f\u0440\u0435\u043d\u043e\u0432\u044b\u0435 \u0431\u043e\u0442\u044b \u043f\u0440\u0435\u0434\u043d\u0430\u0437\u043d\u0430\u0447\u0435\u043d\u043d\u044b\u0435 \u0434\u043b\u044f \u0438\u0441\u043f\u043e\u043b\u044c\u0437\u043e\u0432\u0430\u043d\u0438\u044f \u0441 \u043e\u0442\u043a\u0440\u044b\u0442\u044b\u043c\u0438 \u043b\u0430\u0441\u0442\u0430\u043c\u0438, \u0438\u0437\u0433\u043e\u0442\u043e\u0432\u043b\u0435\u043d\u044b \u0438\u0437 \u043c\u044f\u0433\u043a\u043e\u0433\u043e \u043d\u0435\u043e\u043f\u0440\u0435\u043d\u0430 \u0441 \u043d\u0435\u0439\u043b\u043e\u043d\u043e\u0432\u043e\u0439 \u043f\u043e\u0434\u043a\u043b\u0430\u0434\u043a\u043e\u0439 \u0442\u043e\u043b\u0449\u0438\u043d\u043e\u0439 5 \u043c\u043c, \u0447\u0442\u043e \u0438\u0434\u0435\u0430\u043b\u044c\u043d\u043e \u043f\u043e\u0434\u0445\u043e\u0434\u0438\u0442 \u0434\u043b\u044f \u0431\u043e\u043b\u0435\u0435 \u0445\u043e\u043b\u043e\u0434\u043d\u043e\u0439 \u0432\u043e\u0434\u044b.<\/p>\n<h3>Particularit\u0103\u021bi<\/h3>\n<ul>\n<li>\u0423\u0441\u0438\u043b\u0435\u043d\u043d\u0430\u044f \u0437\u0430\u0449\u0438\u0442\u0430 \u043f\u043e\u0434\u043e\u0448\u0432\u044b \u0438 \u043f\u044f\u0442\u043a\u0438 \u0438\u0437 \u043f\u043e\u043b\u0438\u0443\u0440\u0435\u0442\u0430\u043d\u0430 \u043e\u0431\u0435\u0441\u043f\u0435\u0447\u0438\u0432\u0430\u0435\u0442 \u0438\u0437\u043d\u043e\u0441\u043e\u0441\u0442\u043e\u0439\u043a\u043e\u0441\u0442\u044c<\/li>\n<li>\u041a\u0430\u043d\u0430\u0432\u043a\u0430 \u0434\u043b\u044f \u0440\u0435\u043c\u0435\u0448\u043a\u0430 \u043f\u043b\u0430\u0432\u043d\u0438\u043a\u0430 \u0432\u0441\u0442\u0440\u043e\u0435\u043d\u0430 \u0432 \u043f\u044f\u0442\u043a\u0443<\/li>\n<li>\u041f\u0440\u0430\u043a\u0442\u0438\u0447\u043d\u0430\u044f \u043c\u043e\u043b\u043d\u0438\u044f YKK \u0440\u0430\u0441\u0441\u0442\u0435\u0433\u0438\u0432\u0430\u0435\u0442\u0441\u044f \u043d\u0430 \u0449\u0438\u043a\u043e\u043b\u043e\u0442\u043a\u0435 \u0434\u043b\u044f \u0443\u0434\u043e\u0431\u0441\u0442\u0432\u0430 \u043d\u0430\u0434\u0435\u0432\u0430\u043d\u0438\u044f<\/li>\n<li>\u041f\u0440\u043e\u043f\u0443\u0441\u043a\u0430\u043d\u0438\u0435 \u0432\u043e\u0434\u044b \u0441\u0432\u0435\u0434\u0435\u043d\u043e \u043a \u043c\u0438\u043d\u0438\u043c\u0443\u043c\u0443 \u0431\u043b\u0430\u0433\u043e\u0434\u0430\u0440\u044f \u0442\u043e\u043d\u043a\u043e\u0439 \u0437\u0430\u0449\u0438\u0442\u043d\u043e\u0439 \u0432\u043e\u0434\u043e\u043d\u0435\u043f\u0440\u043e\u043d\u0438\u0446\u0430\u0435\u043c\u043e\u0439 \u043d\u0438\u0436\u043d\u0435\u0439 \u043c\u043e\u043b\u043d\u0438\u0438<\/li>\n<li>\u0418\u043d\u0434\u0438\u0432\u0438\u0434\u0443\u0430\u043b\u044c\u043d\u044b\u0439 \u0440\u0435\u043c\u0435\u0448\u043e\u043a \u043d\u0430 \u0449\u0438\u043a\u043e\u043b\u043e\u0442\u043a\u0435<\/li>\n<\/ul>\n<h3>Caracteristici<\/h3>\n<ul>\n<li>\u041c\u0430\u0442\u0435\u0440\u0438\u0430\u043b \u2013 \u043d\u0435\u043e\u043f\u0440\u0435\u043d<\/li>\n<li>\u0422\u043e\u043b\u0449\u0438\u043d\u0430 \u2013 5 \u043c\u043c<\/li>\n<\/ul>\n<h3>Marca<\/h3>\n<p>Cressi-Sub - este unul dintre cei mai importan\u021bi produc\u0103tori de echipamente pentru snorkeling, diving \u0219i v\u00e2n\u0103toare subacvatic\u0103. Fondat\u0103 \u00een 1946 de fra\u021bii Egidio \u0219i Nanni Cressi, compania evolueaz\u0103 constant, lans\u00e2nd periodic produse noi pe pia\u021b\u0103. Istoria scufund\u0103rilor este str\u00e2ns legat\u0103 de istoria firmei Cressi-Sub, multe dintre produsele lansate \u00een ultimii 70 de ani revolu\u021bion\u00e2nd acest tip de activitate recreativ\u0103. Multe inova\u021bii \u0219i inven\u021bii marca Cressi-Sub au fost ulterior adoptate de numero\u0219i al\u021bi produc\u0103tori de echipamente de profil.<\/p>\n<p>Compania a r\u0103mas \u00eentotdeauna o afacere privat\u0103, de\u021binut\u0103 de familia Cressi. Din acest motiv, unit\u0103\u021bile de produc\u021bie nu sunt situate \u00een state asiatice, ci \u00een Genova, Italia. Cu toate acestea, compania men\u021bine pre\u021buri accesibile pentru \u00eentreaga gam\u0103 de produse, fiind popular\u0103 printre scafandrii cu orice buget. Filosofia Cressi \u00eenseamn\u0103 inspira\u021bie \u0219i inova\u021bie, dragoste pentru mare \u0219i produse stilate care respect\u0103 cele mai \u00eenalte standarde de calitate.<\/p>","protected":false},"excerpt":{"rendered":"<p>Cressi-Sub Korsor Rigid Sole 5mm &#8212;\u00a0 \u043d\u0435\u043e\u043f\u0440\u0435\u043d\u043e\u0432\u044b\u0435 \u0431\u043e\u0442\u044b \u043f\u0440\u0435\u0434\u043d\u0430\u0437\u043d\u0430\u0447\u0435\u043d\u043d\u044b\u0435 \u0434\u043b\u044f \u0438\u0441\u043f\u043e\u043b\u044c\u0437\u043e\u0432\u0430\u043d\u0438\u044f \u0441 \u043e\u0442\u043a\u0440\u044b\u0442\u044b\u043c\u0438 \u043b\u0430\u0441\u0442\u0430\u043c\u0438, \u0438\u0437\u0433\u043e\u0442\u043e\u0432\u043b\u0435\u043d\u044b \u0438\u0437 \u043c\u044f\u0433\u043a\u043e\u0433\u043e \u043d\u0435\u043e\u043f\u0440\u0435\u043d\u0430 \u0441 \u043d\u0435\u0439\u043b\u043e\u043d\u043e\u0432\u043e\u0439 \u043f\u043e\u0434\u043a\u043b\u0430\u0434\u043a\u043e\u0439 \u0442\u043e\u043b\u0449\u0438\u043d\u043e\u0439 5 \u043c\u043c, \u0447\u0442\u043e \u0438\u0434\u0435\u0430\u043b\u044c\u043d\u043e \u043f\u043e\u0434\u0445\u043e\u0434\u0438\u0442 \u0434\u043b\u044f \u0431\u043e\u043b\u0435\u0435 \u0445\u043e\u043b\u043e\u0434\u043d\u043e\u0439 \u0432\u043e\u0434\u044b. \u041e\u0441\u043e\u0431\u0435\u043d\u043d\u043e\u0441\u0442\u0438 \u0423\u0441\u0438\u043b\u0435\u043d\u043d\u0430\u044f \u0437\u0430\u0449\u0438\u0442\u0430 \u043f\u043e\u0434\u043e\u0448\u0432\u044b \u0438 \u043f\u044f\u0442\u043a\u0438 \u0438\u0437 \u043f\u043e\u043b\u0438\u0443\u0440\u0435\u0442\u0430\u043d\u0430 \u043e\u0431\u0435\u0441\u043f\u0435\u0447\u0438\u0432\u0430\u0435\u0442 \u0438\u0437\u043d\u043e\u0441\u043e\u0441\u0442\u043e\u0439\u043a\u043e\u0441\u0442\u044c \u041a\u0430\u043d\u0430\u0432\u043a\u0430 \u0434\u043b\u044f \u0440\u0435\u043c\u0435\u0448\u043a\u0430 \u043f\u043b\u0430\u0432\u043d\u0438\u043a\u0430 \u0432\u0441\u0442\u0440\u043e\u0435\u043d\u0430 \u0432 \u043f\u044f\u0442\u043a\u0443 \u041f\u0440\u0430\u043a\u0442\u0438\u0447\u043d\u0430\u044f \u043c\u043e\u043b\u043d\u0438\u044f YKK \u0440\u0430\u0441\u0441\u0442\u0435\u0433\u0438\u0432\u0430\u0435\u0442\u0441\u044f \u043d\u0430 \u0449\u0438\u043a\u043e\u043b\u043e\u0442\u043a\u0435 \u0434\u043b\u044f [&hellip;]<\/p>\n","protected":false},"featured_media":85568,"comment_status":"open","ping_status":"closed","template":"","meta":{"_acf_changed":false,"inline_featured_image":false},"product_brand":[1451],"product_cat":[183],"product_tag":[],"class_list":{"0":"post-84858","1":"product","2":"type-product","3":"status-publish","4":"has-post-thumbnail","6":"product_brand-cressi-sub","7":"product_cat-aquashoes","9":"first","10":"instock","11":"shipping-taxable","12":"purchasable","13":"product-type-simple"},"acf":[],"yoast_head":"<!-- This site is optimized with the Yoast SEO plugin v27.4 - https:\/\/yoast.com\/product\/yoast-seo-wordpress\/ -->\n<title>\u0411\u043e\u0442\u044b \u043d\u0435\u043e\u043f\u0440\u0435\u043d\u043e\u0432\u044b\u0435 Cressi-Sub Korsor Rigid Sole 5mm - \u041c\u0430\u0433\u0430\u0437\u0438\u043d Xstyle<\/title>\n<meta name=\"description\" content=\"\u041a\u0443\u043f\u0438\u0442\u0435 \u043d\u0435\u043e\u043f\u0440\u0435\u043d\u043e\u0432\u044b\u0435 \u0431\u043e\u0442\u044b Cressi-Sub Korsor Rigid Sole 5mm \u0434\u043b\u044f \u043a\u043e\u043c\u0444\u043e\u0440\u0442\u043d\u043e\u0433\u043e \u043f\u043e\u0433\u0440\u0443\u0436\u0435\u043d\u0438\u044f. \u0412\u044b\u0441\u043e\u043a\u043e\u0435 \u043a\u0430\u0447\u0435\u0441\u0442\u0432\u043e \u0438 \u043d\u0430\u0434\u0435\u0436\u043d\u043e\u0441\u0442\u044c \u043e\u0442 Cressi.\" \/>\n<meta name=\"robots\" content=\"index, follow, max-snippet:-1, max-image-preview:large, max-video-preview:-1\" \/>\n<link rel=\"canonical\" href=\"https:\/\/xstyle.md\/ro\/produs\/boty-neoprenovye-cressi-sub-korsor-rigid-sole-5mm\/\" \/>\n<meta property=\"og:locale\" content=\"ro_RO\" \/>\n<meta property=\"og:type\" content=\"article\" \/>\n<meta property=\"og:title\" content=\"\u0411\u043e\u0442\u044b \u043d\u0435\u043e\u043f\u0440\u0435\u043d\u043e\u0432\u044b\u0435 Cressi-Sub Korsor Rigid Sole 5mm - \u041c\u0430\u0433\u0430\u0437\u0438\u043d Xstyle\" \/>\n<meta property=\"og:description\" content=\"\u041a\u0443\u043f\u0438\u0442\u0435 \u043d\u0435\u043e\u043f\u0440\u0435\u043d\u043e\u0432\u044b\u0435 \u0431\u043e\u0442\u044b Cressi-Sub Korsor Rigid Sole 5mm \u0434\u043b\u044f \u043a\u043e\u043c\u0444\u043e\u0440\u0442\u043d\u043e\u0433\u043e \u043f\u043e\u0433\u0440\u0443\u0436\u0435\u043d\u0438\u044f. \u0412\u044b\u0441\u043e\u043a\u043e\u0435 \u043a\u0430\u0447\u0435\u0441\u0442\u0432\u043e \u0438 \u043d\u0430\u0434\u0435\u0436\u043d\u043e\u0441\u0442\u044c \u043e\u0442 Cressi.\" \/>\n<meta property=\"og:url\" content=\"https:\/\/xstyle.md\/ro\/produs\/boty-neoprenovye-cressi-sub-korsor-rigid-sole-5mm\/\" \/>\n<meta property=\"og:site_name\" content=\"\u041c\u0430\u0433\u0430\u0437\u0438\u043d Xstyle\" \/>\n<meta property=\"article:publisher\" content=\"https:\/\/www.facebook.com\/xstylemd\" \/>\n<meta property=\"article:modified_time\" content=\"2025-10-24T09:30:49+00:00\" \/>\n<meta property=\"og:image\" content=\"https:\/\/xstyle.md\/wp-content\/uploads\/2024\/06\/cressi-sub-korsor-rigid-sole-5mm.jpg\" \/>\n\t<meta property=\"og:image:width\" content=\"500\" \/>\n\t<meta property=\"og:image:height\" content=\"464\" \/>\n\t<meta property=\"og:image:type\" content=\"image\/jpeg\" \/>\n<meta name=\"twitter:card\" content=\"summary_large_image\" \/>\n<meta name=\"twitter:label1\" content=\"Pre\u021b\" \/>\n\t<meta name=\"twitter:data1\" content=\"2.570&nbsp;MDL\" \/>\n\t<meta name=\"twitter:label2\" content=\"Disponibilitate\" \/>\n\t<meta name=\"twitter:data2\" content=\"\u00cen stoc\" \/>\n<script type=\"application\/ld+json\" class=\"yoast-schema-graph\">{\"@context\":\"https:\\\/\\\/schema.org\",\"@graph\":[{\"@type\":\"WebPage\",\"@id\":\"https:\\\/\\\/xstyle.md\\\/product\\\/boty-neoprenovye-cressi-sub-korsor-rigid-sole-5mm\\\/\",\"url\":\"https:\\\/\\\/xstyle.md\\\/product\\\/boty-neoprenovye-cressi-sub-korsor-rigid-sole-5mm\\\/\",\"name\":\"\u0411\u043e\u0442\u044b \u043d\u0435\u043e\u043f\u0440\u0435\u043d\u043e\u0432\u044b\u0435 Cressi-Sub Korsor Rigid Sole 5mm - \u041c\u0430\u0433\u0430\u0437\u0438\u043d Xstyle\",\"isPartOf\":{\"@id\":\"https:\\\/\\\/xstyle.md\\\/#website\"},\"primaryImageOfPage\":{\"@id\":\"https:\\\/\\\/xstyle.md\\\/product\\\/boty-neoprenovye-cressi-sub-korsor-rigid-sole-5mm\\\/#primaryimage\"},\"image\":{\"@id\":\"https:\\\/\\\/xstyle.md\\\/product\\\/boty-neoprenovye-cressi-sub-korsor-rigid-sole-5mm\\\/#primaryimage\"},\"thumbnailUrl\":\"https:\\\/\\\/xstyle.md\\\/wp-content\\\/uploads\\\/2024\\\/06\\\/cressi-sub-korsor-rigid-sole-5mm.jpg\",\"datePublished\":\"2024-06-17T15:00:20+00:00\",\"dateModified\":\"2025-10-24T09:30:49+00:00\",\"description\":\"\u041a\u0443\u043f\u0438\u0442\u0435 \u043d\u0435\u043e\u043f\u0440\u0435\u043d\u043e\u0432\u044b\u0435 \u0431\u043e\u0442\u044b Cressi-Sub Korsor Rigid Sole 5mm \u0434\u043b\u044f \u043a\u043e\u043c\u0444\u043e\u0440\u0442\u043d\u043e\u0433\u043e \u043f\u043e\u0433\u0440\u0443\u0436\u0435\u043d\u0438\u044f. \u0412\u044b\u0441\u043e\u043a\u043e\u0435 \u043a\u0430\u0447\u0435\u0441\u0442\u0432\u043e \u0438 \u043d\u0430\u0434\u0435\u0436\u043d\u043e\u0441\u0442\u044c \u043e\u0442 Cressi.\",\"breadcrumb\":{\"@id\":\"https:\\\/\\\/xstyle.md\\\/product\\\/boty-neoprenovye-cressi-sub-korsor-rigid-sole-5mm\\\/#breadcrumb\"},\"inLanguage\":\"ro-RO\",\"potentialAction\":[{\"@type\":\"ReadAction\",\"target\":[\"https:\\\/\\\/xstyle.md\\\/product\\\/boty-neoprenovye-cressi-sub-korsor-rigid-sole-5mm\\\/\"]}]},{\"@type\":\"ImageObject\",\"inLanguage\":\"ro-RO\",\"@id\":\"https:\\\/\\\/xstyle.md\\\/product\\\/boty-neoprenovye-cressi-sub-korsor-rigid-sole-5mm\\\/#primaryimage\",\"url\":\"https:\\\/\\\/xstyle.md\\\/wp-content\\\/uploads\\\/2024\\\/06\\\/cressi-sub-korsor-rigid-sole-5mm.jpg\",\"contentUrl\":\"https:\\\/\\\/xstyle.md\\\/wp-content\\\/uploads\\\/2024\\\/06\\\/cressi-sub-korsor-rigid-sole-5mm.jpg\",\"width\":500,\"height\":464,\"caption\":\"\u041d\u0435\u043e\u043f\u0440\u0435\u043d\u043e\u0432\u044b\u0435 \u0431\u043e\u0442\u0438\u043d\u043a\u0438 Cressi-Sub Korsor \u0441 \u0436\u0435\u0441\u0442\u043a\u043e\u0439 \u043f\u043e\u0434\u043e\u0448\u0432\u043e\u0439 5 \u043c\u043c \u0434\u043b\u044f \u0430\u043a\u0442\u0438\u0432\u043d\u043e\u0433\u043e \u043e\u0442\u0434\u044b\u0445\u0430, \u043f\u043e\u0445\u043e\u0434\u043e\u0432 \u0438 \u043f\u0443\u0442\u0435\u0448\u0435\u0441\u0442\u0432\u0438\u0439 \u0432 \u0438\u043d\u0442\u0435\u0440\u043d\u0435\u0442-\u043c\u0430\u0433\u0430\u0437\u0438\u043d\u0435 \u044d\u043a\u0438\u043f\u0438\u0440\u043e\u0432\u043a\u0438 \u0434\u043b\u044f \u0430\u043a\u0442\u0438\u0432\u043d\u043e\u0433\u043e \u043e\u0431\u0440\u0430\u0437\u0430 \u0436\u0438\u0437\u043d\u0438\"},{\"@type\":\"BreadcrumbList\",\"@id\":\"https:\\\/\\\/xstyle.md\\\/product\\\/boty-neoprenovye-cressi-sub-korsor-rigid-sole-5mm\\\/#breadcrumb\",\"itemListElement\":[{\"@type\":\"ListItem\",\"position\":1,\"name\":\"\u0413\u043b\u0430\u0432\u043d\u0430\u044f \u0441\u0442\u0440\u0430\u043d\u0438\u0446\u0430\",\"item\":\"https:\\\/\\\/xstyle.md\\\/\"},{\"@type\":\"ListItem\",\"position\":2,\"name\":\"\u041c\u0430\u0433\u0430\u0437\u0438\u043d\",\"item\":\"https:\\\/\\\/xstyle.md\\\/shop\\\/\"},{\"@type\":\"ListItem\",\"position\":3,\"name\":\"\u0411\u043e\u0442\u044b \u043d\u0435\u043e\u043f\u0440\u0435\u043d\u043e\u0432\u044b\u0435 Cressi-Sub Korsor Rigid Sole 5mm\"}]},{\"@type\":\"WebSite\",\"@id\":\"https:\\\/\\\/xstyle.md\\\/#website\",\"url\":\"https:\\\/\\\/xstyle.md\\\/\",\"name\":\"\u041c\u0430\u0433\u0430\u0437\u0438\u043d Xstyle\",\"description\":\"C\u043d\u0430\u0440\u044f\u0436\u0435\u043d\u0438\u0435 \u0434\u043b\u044f \u0442\u0443\u0440\u0438\u0437\u043c\u0430 \u0438 \u044d\u043a\u0441\u0442\u0440\u0435\u043c\u0430\u043b\u044c\u043d\u044b\u0445 \u0432\u0438\u0434\u043e\u0432 \u0441\u043f\u043e\u0440\u0442\u0430 \u0432 \u041c\u043e\u043b\u0434\u043e\u0432\u0435.. \u0426\u0435\u043d\u044b, \u0444\u043e\u0442\u043e, \u0445\u0430\u0440\u0430\u043a\u0442\u0435\u0440\u0438\u0441\u0442\u0438\u043a\u0438 \u0432 \u041c\u043e\u043b\u0434\u043e\u0432\u0435.\",\"publisher\":{\"@id\":\"https:\\\/\\\/xstyle.md\\\/#organization\"},\"alternateName\":\"X-Style\",\"potentialAction\":[{\"@type\":\"SearchAction\",\"target\":{\"@type\":\"EntryPoint\",\"urlTemplate\":\"https:\\\/\\\/xstyle.md\\\/?s={search_term_string}\"},\"query-input\":{\"@type\":\"PropertyValueSpecification\",\"valueRequired\":true,\"valueName\":\"search_term_string\"}}],\"inLanguage\":\"ro-RO\"},{\"@type\":\"Organization\",\"@id\":\"https:\\\/\\\/xstyle.md\\\/#organization\",\"name\":\"\u041c\u0430\u0433\u0430\u0437\u0438\u043d Xstyle\",\"alternateName\":\"x-style\",\"url\":\"https:\\\/\\\/xstyle.md\\\/\",\"logo\":{\"@type\":\"ImageObject\",\"inLanguage\":\"ro-RO\",\"@id\":\"https:\\\/\\\/xstyle.md\\\/#\\\/schema\\\/logo\\\/image\\\/\",\"url\":\"https:\\\/\\\/xstyle.md\\\/wp-content\\\/uploads\\\/2020\\\/06\\\/logoicon.svg\",\"contentUrl\":\"https:\\\/\\\/xstyle.md\\\/wp-content\\\/uploads\\\/2020\\\/06\\\/logoicon.svg\",\"caption\":\"\u041c\u0430\u0433\u0430\u0437\u0438\u043d Xstyle\"},\"image\":{\"@id\":\"https:\\\/\\\/xstyle.md\\\/#\\\/schema\\\/logo\\\/image\\\/\"},\"sameAs\":[\"https:\\\/\\\/www.facebook.com\\\/xstylemd\",\"https:\\\/\\\/www.instagram.com\\\/xstyle_md\\\/\",\"https:\\\/\\\/t.me\\\/xstyle_outdoor\"],\"hasMerchantReturnPolicy\":{\"@type\":\"MerchantReturnPolicy\",\"merchantReturnLink\":\"https:\\\/\\\/xstyle.md\\\/ro\\\/conditions\\\/\"}}]}<\/script>\n<meta property=\"product:price:amount\" content=\"2570.00\" \/>\n<meta property=\"product:price:currency\" content=\"MDL\" \/>\n<meta property=\"og:availability\" content=\"instock\" \/>\n<meta property=\"product:availability\" content=\"instock\" \/>\n<meta property=\"product:retailer_item_id\" content=\"8022983170633\" \/>\n<meta property=\"product:condition\" content=\"new\" \/>\n<!-- \/ Yoast SEO plugin. -->","yoast_head_json":{"title":"Boti neopreni Cressi-Sub Korsor Rigid Sole 5mm - Magazin Xstyle","description":"Cump\u0103ra\u021bi cizme din neopren Cressi-Sub Korsor Rigid Sole 5mm pentru o scufundare confortabil\u0103. Calitate \u00eenalt\u0103 \u0219i fiabilitate de la Cressi.","robots":{"index":"index","follow":"follow","max-snippet":"max-snippet:-1","max-image-preview":"max-image-preview:large","max-video-preview":"max-video-preview:-1"},"canonical":"https:\/\/xstyle.md\/ro\/produs\/boty-neoprenovye-cressi-sub-korsor-rigid-sole-5mm\/","og_locale":"ro_RO","og_type":"article","og_title":"\u0411\u043e\u0442\u044b \u043d\u0435\u043e\u043f\u0440\u0435\u043d\u043e\u0432\u044b\u0435 Cressi-Sub Korsor Rigid Sole 5mm - \u041c\u0430\u0433\u0430\u0437\u0438\u043d Xstyle","og_description":"\u041a\u0443\u043f\u0438\u0442\u0435 \u043d\u0435\u043e\u043f\u0440\u0435\u043d\u043e\u0432\u044b\u0435 \u0431\u043e\u0442\u044b Cressi-Sub Korsor Rigid Sole 5mm \u0434\u043b\u044f \u043a\u043e\u043c\u0444\u043e\u0440\u0442\u043d\u043e\u0433\u043e \u043f\u043e\u0433\u0440\u0443\u0436\u0435\u043d\u0438\u044f. \u0412\u044b\u0441\u043e\u043a\u043e\u0435 \u043a\u0430\u0447\u0435\u0441\u0442\u0432\u043e \u0438 \u043d\u0430\u0434\u0435\u0436\u043d\u043e\u0441\u0442\u044c \u043e\u0442 Cressi.","og_url":"https:\/\/xstyle.md\/ro\/produs\/boty-neoprenovye-cressi-sub-korsor-rigid-sole-5mm\/","og_site_name":"\u041c\u0430\u0433\u0430\u0437\u0438\u043d Xstyle","article_publisher":"https:\/\/www.facebook.com\/xstylemd","article_modified_time":"2025-10-24T09:30:49+00:00","og_image":[{"width":500,"height":464,"url":"https:\/\/xstyle.md\/wp-content\/uploads\/2024\/06\/cressi-sub-korsor-rigid-sole-5mm.jpg","type":"image\/jpeg"}],"twitter_card":"summary_large_image","twitter_misc":{"Pre\u021b":"2.570&nbsp;MDL","Disponibilitate":"\u00cen stoc"},"schema":{"@context":"https:\/\/schema.org","@graph":[{"@type":"WebPage","@id":"https:\/\/xstyle.md\/product\/boty-neoprenovye-cressi-sub-korsor-rigid-sole-5mm\/","url":"https:\/\/xstyle.md\/product\/boty-neoprenovye-cressi-sub-korsor-rigid-sole-5mm\/","name":"Boti neopreni Cressi-Sub Korsor Rigid Sole 5mm - Magazin Xstyle","isPartOf":{"@id":"https:\/\/xstyle.md\/#website"},"primaryImageOfPage":{"@id":"https:\/\/xstyle.md\/product\/boty-neoprenovye-cressi-sub-korsor-rigid-sole-5mm\/#primaryimage"},"image":{"@id":"https:\/\/xstyle.md\/product\/boty-neoprenovye-cressi-sub-korsor-rigid-sole-5mm\/#primaryimage"},"thumbnailUrl":"https:\/\/xstyle.md\/wp-content\/uploads\/2024\/06\/cressi-sub-korsor-rigid-sole-5mm.jpg","datePublished":"2024-06-17T15:00:20+00:00","dateModified":"2025-10-24T09:30:49+00:00","description":"Cump\u0103ra\u021bi cizme din neopren Cressi-Sub Korsor Rigid Sole 5mm pentru o scufundare confortabil\u0103. Calitate \u00eenalt\u0103 \u0219i fiabilitate de la Cressi.","breadcrumb":{"@id":"https:\/\/xstyle.md\/product\/boty-neoprenovye-cressi-sub-korsor-rigid-sole-5mm\/#breadcrumb"},"inLanguage":"ro-RO","potentialAction":[{"@type":"ReadAction","target":["https:\/\/xstyle.md\/product\/boty-neoprenovye-cressi-sub-korsor-rigid-sole-5mm\/"]}]},{"@type":"ImageObject","inLanguage":"ro-RO","@id":"https:\/\/xstyle.md\/product\/boty-neoprenovye-cressi-sub-korsor-rigid-sole-5mm\/#primaryimage","url":"https:\/\/xstyle.md\/wp-content\/uploads\/2024\/06\/cressi-sub-korsor-rigid-sole-5mm.jpg","contentUrl":"https:\/\/xstyle.md\/wp-content\/uploads\/2024\/06\/cressi-sub-korsor-rigid-sole-5mm.jpg","width":500,"height":464,"caption":"\u041d\u0435\u043e\u043f\u0440\u0435\u043d\u043e\u0432\u044b\u0435 \u0431\u043e\u0442\u0438\u043d\u043a\u0438 Cressi-Sub Korsor \u0441 \u0436\u0435\u0441\u0442\u043a\u043e\u0439 \u043f\u043e\u0434\u043e\u0448\u0432\u043e\u0439 5 \u043c\u043c \u0434\u043b\u044f \u0430\u043a\u0442\u0438\u0432\u043d\u043e\u0433\u043e \u043e\u0442\u0434\u044b\u0445\u0430, \u043f\u043e\u0445\u043e\u0434\u043e\u0432 \u0438 \u043f\u0443\u0442\u0435\u0448\u0435\u0441\u0442\u0432\u0438\u0439 \u0432 \u0438\u043d\u0442\u0435\u0440\u043d\u0435\u0442-\u043c\u0430\u0433\u0430\u0437\u0438\u043d\u0435 \u044d\u043a\u0438\u043f\u0438\u0440\u043e\u0432\u043a\u0438 \u0434\u043b\u044f \u0430\u043a\u0442\u0438\u0432\u043d\u043e\u0433\u043e \u043e\u0431\u0440\u0430\u0437\u0430 \u0436\u0438\u0437\u043d\u0438"},{"@type":"BreadcrumbList","@id":"https:\/\/xstyle.md\/product\/boty-neoprenovye-cressi-sub-korsor-rigid-sole-5mm\/#breadcrumb","itemListElement":[{"@type":"ListItem","position":1,"name":"\u0413\u043b\u0430\u0432\u043d\u0430\u044f \u0441\u0442\u0440\u0430\u043d\u0438\u0446\u0430","item":"https:\/\/xstyle.md\/"},{"@type":"ListItem","position":2,"name":"\u041c\u0430\u0433\u0430\u0437\u0438\u043d","item":"https:\/\/xstyle.md\/shop\/"},{"@type":"ListItem","position":3,"name":"\u0411\u043e\u0442\u044b \u043d\u0435\u043e\u043f\u0440\u0435\u043d\u043e\u0432\u044b\u0435 Cressi-Sub Korsor Rigid Sole 5mm"}]},{"@type":"WebSite","@id":"https:\/\/xstyle.md\/#website","url":"https:\/\/xstyle.md\/","name":"Magazinul X-Style","description":"Echipamente pentru turism \u0219i sporturi extreme \u00een Moldova. Pre\u021buri, fotografii, caracteristici \u00een Moldova.","publisher":{"@id":"https:\/\/xstyle.md\/#organization"},"alternateName":"X-Style","potentialAction":[{"@type":"SearchAction","target":{"@type":"EntryPoint","urlTemplate":"https:\/\/xstyle.md\/?s={search_term_string}"},"query-input":{"@type":"PropertyValueSpecification","valueRequired":true,"valueName":"search_term_string"}}],"inLanguage":"ro-RO"},{"@type":"Organization","@id":"https:\/\/xstyle.md\/#organization","name":"Magazinul X-Style","alternateName":"x-style","url":"https:\/\/xstyle.md\/","logo":{"@type":"ImageObject","inLanguage":"ro-RO","@id":"https:\/\/xstyle.md\/#\/schema\/logo\/image\/","url":"https:\/\/xstyle.md\/wp-content\/uploads\/2020\/06\/logoicon.svg","contentUrl":"https:\/\/xstyle.md\/wp-content\/uploads\/2020\/06\/logoicon.svg","caption":"\u041c\u0430\u0433\u0430\u0437\u0438\u043d Xstyle"},"image":{"@id":"https:\/\/xstyle.md\/#\/schema\/logo\/image\/"},"sameAs":["https:\/\/www.facebook.com\/xstylemd","https:\/\/www.instagram.com\/xstyle_md\/","https:\/\/t.me\/xstyle_outdoor"],"hasMerchantReturnPolicy":{"@type":"MerchantReturnPolicy","merchantReturnLink":"https:\/\/xstyle.md\/ro\/conditions\/"}}]},"product_price_amount":"2570.00","product_price_currency":"MDL","og_availability":"instock","product_availability":"instock","product_retailer_item_id":"8022983170633","product_condition":"new"},"_links":{"self":[{"href":"https:\/\/xstyle.md\/ro\/wp-json\/wp\/v2\/product\/84858","targetHints":{"allow":["GET"]}}],"collection":[{"href":"https:\/\/xstyle.md\/ro\/wp-json\/wp\/v2\/product"}],"about":[{"href":"https:\/\/xstyle.md\/ro\/wp-json\/wp\/v2\/types\/product"}],"replies":[{"embeddable":true,"href":"https:\/\/xstyle.md\/ro\/wp-json\/wp\/v2\/comments?post=84858"}],"wp:featuredmedia":[{"embeddable":true,"href":"https:\/\/xstyle.md\/ro\/wp-json\/wp\/v2\/media\/85568"}],"wp:attachment":[{"href":"https:\/\/xstyle.md\/ro\/wp-json\/wp\/v2\/media?parent=84858"}],"wp:term":[{"taxonomy":"product_brand","embeddable":true,"href":"https:\/\/xstyle.md\/ro\/wp-json\/wp\/v2\/product_brand?post=84858"},{"taxonomy":"product_cat","embeddable":true,"href":"https:\/\/xstyle.md\/ro\/wp-json\/wp\/v2\/product_cat?post=84858"},{"taxonomy":"product_tag","embeddable":true,"href":"https:\/\/xstyle.md\/ro\/wp-json\/wp\/v2\/product_tag?post=84858"}],"curies":[{"name":"wp","href":"https:\/\/api.w.org\/{rel}","templated":true}]}}