{"id":84856,"date":"2024-06-17T18:00:19","date_gmt":"2024-06-17T15:00:19","guid":{"rendered":"https:\/\/xstyle.md\/?post_type=product&#038;p=84856"},"modified":"2025-06-03T22:44:10","modified_gmt":"2025-06-03T19:44:10","slug":"shapochka-dlya-plavaniya-cressi-sub-eddie-black-white","status":"publish","type":"product","link":"https:\/\/xstyle.md\/ro\/produs\/shapochka-dlya-plavaniya-cressi-sub-eddie-black-white\/","title":{"rendered":"Caciul\u0103 \u00eenot Cressi-Sub Eddie black\/white"},"content":{"rendered":"<p><strong>Cressi-Sub Eddie<\/strong> &#8212; \u0448\u0430\u043f\u043e\u0447\u043a\u0430 \u0434\u043b\u044f \u043f\u043b\u0430\u0432\u0430\u043d\u0438\u044f \u043e\u0442\u043b\u0438\u0447\u0430\u0435\u0442\u0441\u044f \u0432\u044b\u0441\u043e\u043a\u043e\u0439 \u044d\u043b\u0430\u0441\u0442\u0438\u0447\u043d\u043e\u0441\u0442\u044c\u044e, \u0447\u0442\u043e \u0433\u0430\u0440\u0430\u043d\u0442\u0438\u0440\u0443\u0435\u0442 \u0442\u043e\u0447\u043d\u0443\u044e \u043f\u043e\u0441\u0430\u0434\u043a\u0443. \u0418\u043c\u0435\u0435\u0442 \u043f\u0440\u0438\u044f\u0442\u043d\u0443\u044e \u043d\u0430 \u043e\u0449\u0443\u043f\u044c \u0433\u043b\u0430\u0434\u043a\u0443\u044e \u043f\u043e\u0432\u0435\u0440\u0445\u043d\u043e\u0441\u0442\u044c. \u041d\u0435 \u043f\u043e\u0437\u0432\u043e\u043b\u0438\u0442 \u0432\u043e\u043b\u043e\u0441\u0430\u043c \u043f\u0440\u043e\u043c\u043e\u043a\u043d\u0443\u0442\u044c. \u041c\u0430\u0442\u0435\u0440\u0438\u0430\u043b \u043f\u043b\u043e\u0442\u043d\u044b\u0439 \u0438 \u043f\u0440\u043e\u0447\u043d\u044b\u0439, \u0432\u044b\u0434\u0435\u0440\u0436\u0438\u0442 \u0434\u043b\u0438\u0442\u0435\u043b\u044c\u043d\u043e\u0435 \u0432\u043e\u0437\u0434\u0435\u0439\u0441\u0442\u0432\u0438\u0435 \u0445\u043b\u043e\u0440\u0438\u0440\u043e\u0432\u0430\u043d\u043d\u043e\u0439 \u0432\u043e\u0434\u044b. \u041a\u043b\u0430\u0441\u0441\u0438\u0447\u0435\u0441\u043a\u0438\u0439 \u0432\u0430\u0440\u0438\u0430\u043d\u0442 \u0434\u043b\u044f \u0440\u0435\u0433\u0443\u043b\u044f\u0440\u043d\u044b\u0445 \u043f\u043e\u0445\u043e\u0434\u043e\u0432 \u0432 \u0431\u0430\u0441\u0441\u0435\u0439\u043d \u0438\u043b\u0438 \u043f\u043b\u0430\u0432\u0430\u043d\u0438\u044f \u0432 \u043c\u043e\u0440\u0435.<\/p>\n<h3>Particularit\u0103\u021bi<\/h3>\n<ul>\n<li>\u0414\u043e\u043b\u0433\u0438\u0439 \u0441\u0440\u043e\u043a \u0441\u043b\u0443\u0436\u0431\u044b<\/li>\n<li>\u042d\u0440\u0433\u043e\u043d\u043e\u043c\u0438\u0447\u043d\u044b\u0439 \u043a\u0440\u043e\u0439 \u0438 \u0442\u0440\u0430\u0434\u0438\u0446\u0438\u043e\u043d\u043d\u0430\u044f \u0444\u043e\u0440\u043c\u0430<\/li>\n<li>\u0417\u0430\u0449\u0438\u0442\u0430 \u0432\u043e\u043b\u043e\u0441 \u043e\u0442 \u043f\u0440\u043e\u043c\u043e\u043a\u0430\u043d\u0438\u044f<\/li>\n<li>\u041c\u0430\u0442\u0435\u0440\u0438\u0430\u043b \u043e\u0442\u043b\u0438\u0447\u043d\u043e \u0442\u044f\u043d\u0435\u0442\u0441\u044f<\/li>\n<li>100% UV \u0437\u0430\u0449\u0438\u0442\u0430<\/li>\n<\/ul>\n<h3>Caracteristici<\/h3>\n<ul>\n<li>\u041c\u0430\u0442\u0435\u0440\u0438\u0430\u043b \u2013 100% \u0441\u0438\u043b\u0438\u043a\u043e\u043d<\/li>\n<li>\u041d\u0430\u0437\u043d\u0430\u0447\u0435\u043d\u0438\u0435 \u2013 \u0442\u0440\u0435\u043d\u0438\u0440\u043e\u0432\u043a\u0438\/ \u0441\u043e\u0440\u0435\u0432\u043d\u043e\u0432\u0430\u043d\u0438\u044f<\/li>\n<li>Modelul este unisex<\/li>\n<\/ul>\n<h3>Marca<\/h3>\n<p>Cressi-Sub - este unul dintre cei mai importan\u021bi produc\u0103tori de echipamente pentru snorkeling, diving \u0219i v\u00e2n\u0103toare subacvatic\u0103. Fondat\u0103 \u00een 1946 de fra\u021bii Egidio \u0219i Nanni Cressi, compania evolueaz\u0103 constant, lans\u00e2nd periodic produse noi pe pia\u021b\u0103. Istoria scufund\u0103rilor este str\u00e2ns legat\u0103 de istoria firmei Cressi-Sub, multe dintre produsele lansate \u00een ultimii 70 de ani revolu\u021bion\u00e2nd acest tip de activitate recreativ\u0103. Multe inova\u021bii \u0219i inven\u021bii marca Cressi-Sub au fost ulterior adoptate de numero\u0219i al\u021bi produc\u0103tori de echipamente de profil.<\/p>\n<p>Compania a r\u0103mas \u00eentotdeauna o afacere privat\u0103, de\u021binut\u0103 de familia Cressi. Din acest motiv, unit\u0103\u021bile de produc\u021bie nu sunt situate \u00een state asiatice, ci \u00een Genova, Italia. Cu toate acestea, compania men\u021bine pre\u021buri accesibile pentru \u00eentreaga gam\u0103 de produse, fiind popular\u0103 printre scafandrii cu orice buget. Filosofia Cressi \u00eenseamn\u0103 inspira\u021bie \u0219i inova\u021bie, dragoste pentru mare \u0219i produse stilate care respect\u0103 cele mai \u00eenalte standarde de calitate.<\/p>","protected":false},"excerpt":{"rendered":"<p>Cressi-Sub Eddie &#8212; \u0448\u0430\u043f\u043e\u0447\u043a\u0430 \u0434\u043b\u044f \u043f\u043b\u0430\u0432\u0430\u043d\u0438\u044f \u043e\u0442\u043b\u0438\u0447\u0430\u0435\u0442\u0441\u044f \u0432\u044b\u0441\u043e\u043a\u043e\u0439 \u044d\u043b\u0430\u0441\u0442\u0438\u0447\u043d\u043e\u0441\u0442\u044c\u044e, \u0447\u0442\u043e \u0433\u0430\u0440\u0430\u043d\u0442\u0438\u0440\u0443\u0435\u0442 \u0442\u043e\u0447\u043d\u0443\u044e \u043f\u043e\u0441\u0430\u0434\u043a\u0443. \u0418\u043c\u0435\u0435\u0442 \u043f\u0440\u0438\u044f\u0442\u043d\u0443\u044e \u043d\u0430 \u043e\u0449\u0443\u043f\u044c \u0433\u043b\u0430\u0434\u043a\u0443\u044e \u043f\u043e\u0432\u0435\u0440\u0445\u043d\u043e\u0441\u0442\u044c. \u041d\u0435 \u043f\u043e\u0437\u0432\u043e\u043b\u0438\u0442 \u0432\u043e\u043b\u043e\u0441\u0430\u043c \u043f\u0440\u043e\u043c\u043e\u043a\u043d\u0443\u0442\u044c. \u041c\u0430\u0442\u0435\u0440\u0438\u0430\u043b \u043f\u043b\u043e\u0442\u043d\u044b\u0439 \u0438 \u043f\u0440\u043e\u0447\u043d\u044b\u0439, \u0432\u044b\u0434\u0435\u0440\u0436\u0438\u0442 \u0434\u043b\u0438\u0442\u0435\u043b\u044c\u043d\u043e\u0435 \u0432\u043e\u0437\u0434\u0435\u0439\u0441\u0442\u0432\u0438\u0435 \u0445\u043b\u043e\u0440\u0438\u0440\u043e\u0432\u0430\u043d\u043d\u043e\u0439 \u0432\u043e\u0434\u044b. \u041a\u043b\u0430\u0441\u0441\u0438\u0447\u0435\u0441\u043a\u0438\u0439 \u0432\u0430\u0440\u0438\u0430\u043d\u0442 \u0434\u043b\u044f \u0440\u0435\u0433\u0443\u043b\u044f\u0440\u043d\u044b\u0445 \u043f\u043e\u0445\u043e\u0434\u043e\u0432 \u0432 \u0431\u0430\u0441\u0441\u0435\u0439\u043d \u0438\u043b\u0438 \u043f\u043b\u0430\u0432\u0430\u043d\u0438\u044f \u0432 \u043c\u043e\u0440\u0435. \u041e\u0441\u043e\u0431\u0435\u043d\u043d\u043e\u0441\u0442\u0438 \u0414\u043e\u043b\u0433\u0438\u0439 \u0441\u0440\u043e\u043a \u0441\u043b\u0443\u0436\u0431\u044b \u042d\u0440\u0433\u043e\u043d\u043e\u043c\u0438\u0447\u043d\u044b\u0439 \u043a\u0440\u043e\u0439 \u0438 \u0442\u0440\u0430\u0434\u0438\u0446\u0438\u043e\u043d\u043d\u0430\u044f \u0444\u043e\u0440\u043c\u0430 \u0417\u0430\u0449\u0438\u0442\u0430 \u0432\u043e\u043b\u043e\u0441 \u043e\u0442 [&hellip;]<\/p>\n","protected":false},"featured_media":85562,"comment_status":"open","ping_status":"closed","template":"","meta":{"_acf_changed":false,"inline_featured_image":false},"product_brand":[1451],"product_cat":[395],"product_tag":[],"class_list":{"0":"post-84856","1":"product","2":"type-product","3":"status-publish","4":"has-post-thumbnail","6":"product_brand-cressi-sub","7":"product_cat-caps-for-swimming","9":"first","10":"instock","11":"shipping-taxable","12":"purchasable","13":"product-type-simple"},"acf":[],"yoast_head":"<!-- This site is optimized with the Yoast SEO plugin v27.2 - https:\/\/yoast.com\/product\/yoast-seo-wordpress\/ -->\n<title>\u0428\u0430\u043f\u043e\u0447\u043a\u0430 \u0434\u043b\u044f \u043f\u043b\u0430\u0432\u0430\u043d\u0438\u044f Cressi-Sub Eddie black\/white - \u041c\u0430\u0433\u0430\u0437\u0438\u043d Xstyle<\/title>\n<meta name=\"description\" content=\"\u041a\u0443\u043f\u0438\u0442\u0435 \u0448\u0430\u043f\u043e\u0447\u043a\u0443 \u0434\u043b\u044f \u043f\u043b\u0430\u0432\u0430\u043d\u0438\u044f Cressi-Sub Eddie \u0447\u0435\u0440\u043d\u043e-\u0431\u0435\u043b\u0443\u044e. \u0417\u0430\u0449\u0438\u0442\u0438\u0442\u0435 \u0432\u043e\u043b\u043e\u0441\u044b \u043e\u0442 \u0445\u043b\u043e\u0440\u0430 \u0438 UV-\u0438\u0437\u043b\u0443\u0447\u0435\u043d\u0438\u044f \u0441 Cressi \u0441 1946 \u0433\u043e\u0434\u0430. \u041a\u043e\u043c\u0444\u043e\u0440\u0442 \u0438 \u0441\u0442\u0438\u043b\u044c \u0432 \u043e\u0434\u043d\u043e\u043c!\" \/>\n<meta name=\"robots\" content=\"index, follow, max-snippet:-1, max-image-preview:large, max-video-preview:-1\" \/>\n<link rel=\"canonical\" href=\"https:\/\/xstyle.md\/ro\/produs\/shapochka-dlya-plavaniya-cressi-sub-eddie-black-white\/\" \/>\n<meta property=\"og:locale\" content=\"ro_RO\" \/>\n<meta property=\"og:type\" content=\"article\" \/>\n<meta property=\"og:title\" content=\"\u0428\u0430\u043f\u043e\u0447\u043a\u0430 \u0434\u043b\u044f \u043f\u043b\u0430\u0432\u0430\u043d\u0438\u044f Cressi-Sub Eddie black\/white - \u041c\u0430\u0433\u0430\u0437\u0438\u043d Xstyle\" \/>\n<meta property=\"og:description\" content=\"\u041a\u0443\u043f\u0438\u0442\u0435 \u0448\u0430\u043f\u043e\u0447\u043a\u0443 \u0434\u043b\u044f \u043f\u043b\u0430\u0432\u0430\u043d\u0438\u044f Cressi-Sub Eddie \u0447\u0435\u0440\u043d\u043e-\u0431\u0435\u043b\u0443\u044e. \u0417\u0430\u0449\u0438\u0442\u0438\u0442\u0435 \u0432\u043e\u043b\u043e\u0441\u044b \u043e\u0442 \u0445\u043b\u043e\u0440\u0430 \u0438 UV-\u0438\u0437\u043b\u0443\u0447\u0435\u043d\u0438\u044f \u0441 Cressi \u0441 1946 \u0433\u043e\u0434\u0430. \u041a\u043e\u043c\u0444\u043e\u0440\u0442 \u0438 \u0441\u0442\u0438\u043b\u044c \u0432 \u043e\u0434\u043d\u043e\u043c!\" \/>\n<meta property=\"og:url\" content=\"https:\/\/xstyle.md\/ro\/produs\/shapochka-dlya-plavaniya-cressi-sub-eddie-black-white\/\" \/>\n<meta property=\"og:site_name\" content=\"\u041c\u0430\u0433\u0430\u0437\u0438\u043d Xstyle\" \/>\n<meta property=\"article:publisher\" content=\"https:\/\/www.facebook.com\/xstylemd\" \/>\n<meta property=\"article:modified_time\" content=\"2025-06-03T19:44:10+00:00\" \/>\n<meta property=\"og:image\" content=\"https:\/\/xstyle.md\/wp-content\/uploads\/2024\/06\/cressi-sub-eddie-black-white.jpg\" \/>\n\t<meta property=\"og:image:width\" content=\"1000\" \/>\n\t<meta property=\"og:image:height\" content=\"1000\" \/>\n\t<meta property=\"og:image:type\" content=\"image\/jpeg\" \/>\n<meta name=\"twitter:card\" content=\"summary_large_image\" \/>\n<meta name=\"twitter:label1\" content=\"Pre\u021b\" \/>\n\t<meta name=\"twitter:data1\" content=\"230&nbsp;MDL\" \/>\n\t<meta name=\"twitter:label2\" content=\"Disponibilitate\" \/>\n\t<meta name=\"twitter:data2\" content=\"\u00cen stoc\" \/>\n<script type=\"application\/ld+json\" class=\"yoast-schema-graph\">{\"@context\":\"https:\/\/schema.org\",\"@graph\":[{\"@type\":\"WebPage\",\"@id\":\"https:\/\/xstyle.md\/product\/shapochka-dlya-plavaniya-cressi-sub-eddie-black-white\/\",\"url\":\"https:\/\/xstyle.md\/product\/shapochka-dlya-plavaniya-cressi-sub-eddie-black-white\/\",\"name\":\"\u0428\u0430\u043f\u043e\u0447\u043a\u0430 \u0434\u043b\u044f \u043f\u043b\u0430\u0432\u0430\u043d\u0438\u044f Cressi-Sub Eddie black\/white - \u041c\u0430\u0433\u0430\u0437\u0438\u043d Xstyle\",\"isPartOf\":{\"@id\":\"https:\/\/xstyle.md\/#website\"},\"primaryImageOfPage\":{\"@id\":\"https:\/\/xstyle.md\/product\/shapochka-dlya-plavaniya-cressi-sub-eddie-black-white\/#primaryimage\"},\"image\":{\"@id\":\"https:\/\/xstyle.md\/product\/shapochka-dlya-plavaniya-cressi-sub-eddie-black-white\/#primaryimage\"},\"thumbnailUrl\":\"https:\/\/xstyle.md\/wp-content\/uploads\/2024\/06\/cressi-sub-eddie-black-white.jpg\",\"datePublished\":\"2024-06-17T15:00:19+00:00\",\"dateModified\":\"2025-06-03T19:44:10+00:00\",\"description\":\"\u041a\u0443\u043f\u0438\u0442\u0435 \u0448\u0430\u043f\u043e\u0447\u043a\u0443 \u0434\u043b\u044f \u043f\u043b\u0430\u0432\u0430\u043d\u0438\u044f Cressi-Sub Eddie \u0447\u0435\u0440\u043d\u043e-\u0431\u0435\u043b\u0443\u044e. \u0417\u0430\u0449\u0438\u0442\u0438\u0442\u0435 \u0432\u043e\u043b\u043e\u0441\u044b \u043e\u0442 \u0445\u043b\u043e\u0440\u0430 \u0438 UV-\u0438\u0437\u043b\u0443\u0447\u0435\u043d\u0438\u044f \u0441 Cressi \u0441 1946 \u0433\u043e\u0434\u0430. \u041a\u043e\u043c\u0444\u043e\u0440\u0442 \u0438 \u0441\u0442\u0438\u043b\u044c \u0432 \u043e\u0434\u043d\u043e\u043c!\",\"breadcrumb\":{\"@id\":\"https:\/\/xstyle.md\/product\/shapochka-dlya-plavaniya-cressi-sub-eddie-black-white\/#breadcrumb\"},\"inLanguage\":\"ro-RO\",\"potentialAction\":[{\"@type\":\"ReadAction\",\"target\":[\"https:\/\/xstyle.md\/product\/shapochka-dlya-plavaniya-cressi-sub-eddie-black-white\/\"]}]},{\"@type\":\"ImageObject\",\"inLanguage\":\"ro-RO\",\"@id\":\"https:\/\/xstyle.md\/product\/shapochka-dlya-plavaniya-cressi-sub-eddie-black-white\/#primaryimage\",\"url\":\"https:\/\/xstyle.md\/wp-content\/uploads\/2024\/06\/cressi-sub-eddie-black-white.jpg\",\"contentUrl\":\"https:\/\/xstyle.md\/wp-content\/uploads\/2024\/06\/cressi-sub-eddie-black-white.jpg\",\"width\":1000,\"height\":1000,\"caption\":\"\u0422\u0435\u043f\u043b\u0430\u044f \u0448\u0430\u043f\u043e\u0447\u043a\u0430 \u0434\u043b\u044f \u043f\u043b\u0430\u0432\u0430\u043d\u0438\u044f Cressi-Sub Eddie \u0447\u0435\u0440\u043d\u043e-\u0431\u0435\u043b\u0430\u044f \u0434\u043b\u044f \u0430\u043a\u0442\u0438\u0432\u043d\u043e\u0433\u043e \u043e\u0442\u0434\u044b\u0445\u0430, \u043f\u043e\u0445\u043e\u0434\u043e\u0432 \u0438 \u043f\u0443\u0442\u0435\u0448\u0435\u0441\u0442\u0432\u0438\u0439 \u0432 \u043c\u0430\u0433\u0430\u0437\u0438\u043d\u0435 \u0441\u043f\u043e\u0440\u0442\u0438\u0432\u043d\u043e\u0439 \u043e\u0434\u0435\u0436\u0434\u044b \u0438 \u043e\u0431\u0443\u0432\u0438\"},{\"@type\":\"BreadcrumbList\",\"@id\":\"https:\/\/xstyle.md\/product\/shapochka-dlya-plavaniya-cressi-sub-eddie-black-white\/#breadcrumb\",\"itemListElement\":[{\"@type\":\"ListItem\",\"position\":1,\"name\":\"\u0413\u043b\u0430\u0432\u043d\u0430\u044f \u0441\u0442\u0440\u0430\u043d\u0438\u0446\u0430\",\"item\":\"https:\/\/xstyle.md\/\"},{\"@type\":\"ListItem\",\"position\":2,\"name\":\"\u041c\u0430\u0433\u0430\u0437\u0438\u043d\",\"item\":\"https:\/\/xstyle.md\/shop\/\"},{\"@type\":\"ListItem\",\"position\":3,\"name\":\"\u0428\u0430\u043f\u043e\u0447\u043a\u0430 \u0434\u043b\u044f \u043f\u043b\u0430\u0432\u0430\u043d\u0438\u044f Cressi-Sub Eddie black\/white\"}]},{\"@type\":\"WebSite\",\"@id\":\"https:\/\/xstyle.md\/#website\",\"url\":\"https:\/\/xstyle.md\/\",\"name\":\"\u041c\u0430\u0433\u0430\u0437\u0438\u043d Xstyle\",\"description\":\"C\u043d\u0430\u0440\u044f\u0436\u0435\u043d\u0438\u0435 \u0434\u043b\u044f \u0442\u0443\u0440\u0438\u0437\u043c\u0430 \u0438 \u044d\u043a\u0441\u0442\u0440\u0435\u043c\u0430\u043b\u044c\u043d\u044b\u0445 \u0432\u0438\u0434\u043e\u0432 \u0441\u043f\u043e\u0440\u0442\u0430 \u0432 \u041c\u043e\u043b\u0434\u043e\u0432\u0435.. \u0426\u0435\u043d\u044b, \u0444\u043e\u0442\u043e, \u0445\u0430\u0440\u0430\u043a\u0442\u0435\u0440\u0438\u0441\u0442\u0438\u043a\u0438 \u0432 \u041c\u043e\u043b\u0434\u043e\u0432\u0435.\",\"publisher\":{\"@id\":\"https:\/\/xstyle.md\/#organization\"},\"alternateName\":\"X-Style\",\"potentialAction\":[{\"@type\":\"SearchAction\",\"target\":{\"@type\":\"EntryPoint\",\"urlTemplate\":\"https:\/\/xstyle.md\/?s={search_term_string}\"},\"query-input\":{\"@type\":\"PropertyValueSpecification\",\"valueRequired\":true,\"valueName\":\"search_term_string\"}}],\"inLanguage\":\"ro-RO\"},{\"@type\":\"Organization\",\"@id\":\"https:\/\/xstyle.md\/#organization\",\"name\":\"\u041c\u0430\u0433\u0430\u0437\u0438\u043d Xstyle\",\"alternateName\":\"x-style\",\"url\":\"https:\/\/xstyle.md\/\",\"logo\":{\"@type\":\"ImageObject\",\"inLanguage\":\"ro-RO\",\"@id\":\"https:\/\/xstyle.md\/#\/schema\/logo\/image\/\",\"url\":\"https:\/\/xstyle.md\/wp-content\/uploads\/2020\/06\/logoicon.svg\",\"contentUrl\":\"https:\/\/xstyle.md\/wp-content\/uploads\/2020\/06\/logoicon.svg\",\"caption\":\"\u041c\u0430\u0433\u0430\u0437\u0438\u043d Xstyle\"},\"image\":{\"@id\":\"https:\/\/xstyle.md\/#\/schema\/logo\/image\/\"},\"sameAs\":[\"https:\/\/www.facebook.com\/xstylemd\",\"https:\/\/www.instagram.com\/xstyle_md\/\",\"https:\/\/t.me\/xstyle_outdoor\"],\"hasMerchantReturnPolicy\":{\"@type\":\"MerchantReturnPolicy\",\"merchantReturnLink\":\"https:\/\/xstyle.md\/ro\/conditions\/\"}}]}<\/script>\n<meta property=\"product:price:amount\" content=\"230.00\" \/>\n<meta property=\"product:price:currency\" content=\"MDL\" \/>\n<meta property=\"og:availability\" content=\"instock\" \/>\n<meta property=\"product:availability\" content=\"instock\" \/>\n<meta property=\"product:retailer_item_id\" content=\"8022983250168\" \/>\n<meta property=\"product:condition\" content=\"new\" \/>\n<!-- \/ Yoast SEO plugin. -->","yoast_head_json":{"title":"\u0218apc\u0103 pentru \u00eenot Cressi-Sub Eddie black\/white - Magazin Xstyle","description":"Cump\u0103ra\u021bi o c\u0103ciul\u0103 de \u00eenot Cressi-Sub Eddie alb-negru. Proteja\u021bi-v\u0103 p\u0103rul de clor \u0219i radia\u021biile UV cu Cressi din 1946. Confort \u0219i stil \u00eentr-unul!","robots":{"index":"index","follow":"follow","max-snippet":"max-snippet:-1","max-image-preview":"max-image-preview:large","max-video-preview":"max-video-preview:-1"},"canonical":"https:\/\/xstyle.md\/ro\/produs\/shapochka-dlya-plavaniya-cressi-sub-eddie-black-white\/","og_locale":"ro_RO","og_type":"article","og_title":"\u0428\u0430\u043f\u043e\u0447\u043a\u0430 \u0434\u043b\u044f \u043f\u043b\u0430\u0432\u0430\u043d\u0438\u044f Cressi-Sub Eddie black\/white - \u041c\u0430\u0433\u0430\u0437\u0438\u043d Xstyle","og_description":"\u041a\u0443\u043f\u0438\u0442\u0435 \u0448\u0430\u043f\u043e\u0447\u043a\u0443 \u0434\u043b\u044f \u043f\u043b\u0430\u0432\u0430\u043d\u0438\u044f Cressi-Sub Eddie \u0447\u0435\u0440\u043d\u043e-\u0431\u0435\u043b\u0443\u044e. \u0417\u0430\u0449\u0438\u0442\u0438\u0442\u0435 \u0432\u043e\u043b\u043e\u0441\u044b \u043e\u0442 \u0445\u043b\u043e\u0440\u0430 \u0438 UV-\u0438\u0437\u043b\u0443\u0447\u0435\u043d\u0438\u044f \u0441 Cressi \u0441 1946 \u0433\u043e\u0434\u0430. \u041a\u043e\u043c\u0444\u043e\u0440\u0442 \u0438 \u0441\u0442\u0438\u043b\u044c \u0432 \u043e\u0434\u043d\u043e\u043c!","og_url":"https:\/\/xstyle.md\/ro\/produs\/shapochka-dlya-plavaniya-cressi-sub-eddie-black-white\/","og_site_name":"\u041c\u0430\u0433\u0430\u0437\u0438\u043d Xstyle","article_publisher":"https:\/\/www.facebook.com\/xstylemd","article_modified_time":"2025-06-03T19:44:10+00:00","og_image":[{"width":1000,"height":1000,"url":"https:\/\/xstyle.md\/wp-content\/uploads\/2024\/06\/cressi-sub-eddie-black-white.jpg","type":"image\/jpeg"}],"twitter_card":"summary_large_image","twitter_misc":{"Pre\u021b":"230&nbsp;MDL","Disponibilitate":"\u00cen stoc"},"schema":{"@context":"https:\/\/schema.org","@graph":[{"@type":"WebPage","@id":"https:\/\/xstyle.md\/product\/shapochka-dlya-plavaniya-cressi-sub-eddie-black-white\/","url":"https:\/\/xstyle.md\/product\/shapochka-dlya-plavaniya-cressi-sub-eddie-black-white\/","name":"\u0218apc\u0103 pentru \u00eenot Cressi-Sub Eddie black\/white - Magazin Xstyle","isPartOf":{"@id":"https:\/\/xstyle.md\/#website"},"primaryImageOfPage":{"@id":"https:\/\/xstyle.md\/product\/shapochka-dlya-plavaniya-cressi-sub-eddie-black-white\/#primaryimage"},"image":{"@id":"https:\/\/xstyle.md\/product\/shapochka-dlya-plavaniya-cressi-sub-eddie-black-white\/#primaryimage"},"thumbnailUrl":"https:\/\/xstyle.md\/wp-content\/uploads\/2024\/06\/cressi-sub-eddie-black-white.jpg","datePublished":"2024-06-17T15:00:19+00:00","dateModified":"2025-06-03T19:44:10+00:00","description":"Cump\u0103ra\u021bi o c\u0103ciul\u0103 de \u00eenot Cressi-Sub Eddie alb-negru. Proteja\u021bi-v\u0103 p\u0103rul de clor \u0219i radia\u021biile UV cu Cressi din 1946. Confort \u0219i stil \u00eentr-unul!","breadcrumb":{"@id":"https:\/\/xstyle.md\/product\/shapochka-dlya-plavaniya-cressi-sub-eddie-black-white\/#breadcrumb"},"inLanguage":"ro-RO","potentialAction":[{"@type":"ReadAction","target":["https:\/\/xstyle.md\/product\/shapochka-dlya-plavaniya-cressi-sub-eddie-black-white\/"]}]},{"@type":"ImageObject","inLanguage":"ro-RO","@id":"https:\/\/xstyle.md\/product\/shapochka-dlya-plavaniya-cressi-sub-eddie-black-white\/#primaryimage","url":"https:\/\/xstyle.md\/wp-content\/uploads\/2024\/06\/cressi-sub-eddie-black-white.jpg","contentUrl":"https:\/\/xstyle.md\/wp-content\/uploads\/2024\/06\/cressi-sub-eddie-black-white.jpg","width":1000,"height":1000,"caption":"\u0422\u0435\u043f\u043b\u0430\u044f \u0448\u0430\u043f\u043e\u0447\u043a\u0430 \u0434\u043b\u044f \u043f\u043b\u0430\u0432\u0430\u043d\u0438\u044f Cressi-Sub Eddie \u0447\u0435\u0440\u043d\u043e-\u0431\u0435\u043b\u0430\u044f \u0434\u043b\u044f \u0430\u043a\u0442\u0438\u0432\u043d\u043e\u0433\u043e \u043e\u0442\u0434\u044b\u0445\u0430, \u043f\u043e\u0445\u043e\u0434\u043e\u0432 \u0438 \u043f\u0443\u0442\u0435\u0448\u0435\u0441\u0442\u0432\u0438\u0439 \u0432 \u043c\u0430\u0433\u0430\u0437\u0438\u043d\u0435 \u0441\u043f\u043e\u0440\u0442\u0438\u0432\u043d\u043e\u0439 \u043e\u0434\u0435\u0436\u0434\u044b \u0438 \u043e\u0431\u0443\u0432\u0438"},{"@type":"BreadcrumbList","@id":"https:\/\/xstyle.md\/product\/shapochka-dlya-plavaniya-cressi-sub-eddie-black-white\/#breadcrumb","itemListElement":[{"@type":"ListItem","position":1,"name":"\u0413\u043b\u0430\u0432\u043d\u0430\u044f \u0441\u0442\u0440\u0430\u043d\u0438\u0446\u0430","item":"https:\/\/xstyle.md\/"},{"@type":"ListItem","position":2,"name":"\u041c\u0430\u0433\u0430\u0437\u0438\u043d","item":"https:\/\/xstyle.md\/shop\/"},{"@type":"ListItem","position":3,"name":"\u0428\u0430\u043f\u043e\u0447\u043a\u0430 \u0434\u043b\u044f \u043f\u043b\u0430\u0432\u0430\u043d\u0438\u044f Cressi-Sub Eddie black\/white"}]},{"@type":"WebSite","@id":"https:\/\/xstyle.md\/#website","url":"https:\/\/xstyle.md\/","name":"Magazinul X-Style","description":"Echipamente pentru turism \u0219i sporturi extreme \u00een Moldova. Pre\u021buri, fotografii, caracteristici \u00een Moldova.","publisher":{"@id":"https:\/\/xstyle.md\/#organization"},"alternateName":"X-Style","potentialAction":[{"@type":"SearchAction","target":{"@type":"EntryPoint","urlTemplate":"https:\/\/xstyle.md\/?s={search_term_string}"},"query-input":{"@type":"PropertyValueSpecification","valueRequired":true,"valueName":"search_term_string"}}],"inLanguage":"ro-RO"},{"@type":"Organization","@id":"https:\/\/xstyle.md\/#organization","name":"Magazinul X-Style","alternateName":"x-style","url":"https:\/\/xstyle.md\/","logo":{"@type":"ImageObject","inLanguage":"ro-RO","@id":"https:\/\/xstyle.md\/#\/schema\/logo\/image\/","url":"https:\/\/xstyle.md\/wp-content\/uploads\/2020\/06\/logoicon.svg","contentUrl":"https:\/\/xstyle.md\/wp-content\/uploads\/2020\/06\/logoicon.svg","caption":"\u041c\u0430\u0433\u0430\u0437\u0438\u043d Xstyle"},"image":{"@id":"https:\/\/xstyle.md\/#\/schema\/logo\/image\/"},"sameAs":["https:\/\/www.facebook.com\/xstylemd","https:\/\/www.instagram.com\/xstyle_md\/","https:\/\/t.me\/xstyle_outdoor"],"hasMerchantReturnPolicy":{"@type":"MerchantReturnPolicy","merchantReturnLink":"https:\/\/xstyle.md\/ro\/conditions\/"}}]},"product_price_amount":"230.00","product_price_currency":"MDL","og_availability":"instock","product_availability":"instock","product_retailer_item_id":"8022983250168","product_condition":"new"},"post_mailing_queue_ids":[],"_links":{"self":[{"href":"https:\/\/xstyle.md\/ro\/wp-json\/wp\/v2\/product\/84856","targetHints":{"allow":["GET"]}}],"collection":[{"href":"https:\/\/xstyle.md\/ro\/wp-json\/wp\/v2\/product"}],"about":[{"href":"https:\/\/xstyle.md\/ro\/wp-json\/wp\/v2\/types\/product"}],"replies":[{"embeddable":true,"href":"https:\/\/xstyle.md\/ro\/wp-json\/wp\/v2\/comments?post=84856"}],"wp:featuredmedia":[{"embeddable":true,"href":"https:\/\/xstyle.md\/ro\/wp-json\/wp\/v2\/media\/85562"}],"wp:attachment":[{"href":"https:\/\/xstyle.md\/ro\/wp-json\/wp\/v2\/media?parent=84856"}],"wp:term":[{"taxonomy":"product_brand","embeddable":true,"href":"https:\/\/xstyle.md\/ro\/wp-json\/wp\/v2\/product_brand?post=84856"},{"taxonomy":"product_cat","embeddable":true,"href":"https:\/\/xstyle.md\/ro\/wp-json\/wp\/v2\/product_cat?post=84856"},{"taxonomy":"product_tag","embeddable":true,"href":"https:\/\/xstyle.md\/ro\/wp-json\/wp\/v2\/product_tag?post=84856"}],"curies":[{"name":"wp","href":"https:\/\/api.w.org\/{rel}","templated":true}]}}