{"id":84703,"date":"2024-06-12T16:38:08","date_gmt":"2024-06-12T13:38:08","guid":{"rendered":"https:\/\/xstyle.md\/?post_type=product&#038;p=84703"},"modified":"2026-03-19T16:19:25","modified_gmt":"2026-03-19T13:19:25","slug":"nozh-mora-basic-511-vert-rouge-carbone","status":"publish","type":"product","link":"https:\/\/xstyle.md\/ro\/produs\/nozh-mora-basic-511-vert-rouge-carbone\/","title":{"rendered":"Cu\u021bit Mora Basic 511 Vert\/Rouge Carbone"},"content":{"rendered":"<\/p>\n<p><strong>Mora Basic 511<\/strong> &#8212; este o versiune actualizat\u0103 a unui cu\u021bit deja popular \u0219i foarte solicitat de la cel mai mare produc\u0103tor din Suedia. Acesta va fi potrivit pentru turism, utilizare \u00een munc\u0103, precum \u0219i pentru multe alte situa\u021bii. Cu\u021bitul este fix, ceea ce \u00eei permite s\u0103 reziste la sarcini grele. Pentru fabricarea lamei, produc\u0103torii au ales o\u021bel cu o propor\u021bie ridicat\u0103 de carbon \u00een compozi\u021bie. Datorit\u0103 acestui fapt, metalul este mai dur \u0219i r\u0103m\u00e2ne ascu\u021bit mai mult timp. Cu toate acestea, o\u021belul carbon este susceptibil la coroziune \u0219i, prin urmare, cu\u021bitele fabricate din acesta ar trebui s\u0103 fie \u0219terse uscat dup\u0103 terminarea lucrului. Ascu\u021birea la acest model este lin\u0103 \u0219i cu\u021bitul taie foarte u\u0219or, precis \u0219i precis. Lungimea lamei acestui model de cu\u021bit este de 91 mm. Grosimea sa de-a lungul liniei de margine este egal\u0103 cu 2 mm. Produc\u0103torii noteaz\u0103 separat c\u0103 marginea acestui cu\u021bit nu este lustruit\u0103 \u0219i, prin urmare, nu este potrivit\u0103 pentru t\u0103ierea sc\u00e2nteilor cu un arunc\u0103tor de fl\u0103c\u0103ri.<\/p>\n<p>M\u00e2nerul cu\u021bitului Mora Basic 511 este fabricat dintr-un polimer robust cu o suprafa\u021b\u0103 cauciucat\u0103 pentru a preveni alunecarea cu\u021bitului din m\u00e2inile ude. Exist\u0103 o proeminen\u021b\u0103 special\u0103 \u00een partea de jos pentru a v\u0103 proteja degetele. Exist\u0103, de asemenea, o proeminen\u021b\u0103 similar\u0103, dar mai mic\u0103, la cap\u0103tul m\u00e2nerului. M\u00e2nerul acestui model are un design foarte atractiv \u0219i este disponibil \u00een culorile negru \u0219i verde lime. Dimensiunea complet\u0103 a cu\u021bitului, inclusiv m\u00e2nerul, este de 206 mm.<\/p>\n<p>Pentru transportul \u00een siguran\u021b\u0103, \u00eempreun\u0103 cu cu\u021bitul, este prev\u0103zut\u0103 \u0219i o teac\u0103, \u00een care lama se a\u0219eaz\u0103 str\u00e2ns. Acest element este fabricat din plastic durabil \u0219i ecologic, \u00een aceea\u0219i culoare verde lime aprins care este prezent\u0103 \u0219i pe m\u00e2nerul cu\u021bitului.<\/p>\n<h3>Caracteristici<\/h3>\n<ul>\n<li>Tip cu\u021bit: nepliabil<\/li>\n<li>Tipul t\u0103i\u0219ului: drept<\/li>\n<li>Lungime total\u0103: 20.6 cm<\/li>\n<li>Lungimea lamei: 9.1 cm<\/li>\n<li>Material m\u00e2ner: plastic<\/li>\n<li>Tip o\u021bel: o\u021bel carbon<\/li>\n<li>Greutate: 110g<\/li>\n<\/ul>\n<p><\/p>","protected":false},"excerpt":{"rendered":"","protected":false},"featured_media":85034,"comment_status":"open","ping_status":"closed","template":"","meta":{"_acf_changed":false,"inline_featured_image":false},"product_brand":[1368],"product_cat":[169],"product_tag":[],"class_list":{"0":"post-84703","1":"product","2":"type-product","3":"status-publish","4":"has-post-thumbnail","6":"product_brand-mora","7":"product_cat-knives","9":"first","10":"instock","11":"shipping-taxable","12":"purchasable","13":"product-type-simple"},"acf":[],"yoast_head":"<!-- This site is optimized with the Yoast SEO plugin v27.4 - https:\/\/yoast.com\/product\/yoast-seo-wordpress\/ -->\n<title>\u041d\u043e\u0436 Mora Basic 511 Vert\/Rouge Carbone - \u041c\u0430\u0433\u0430\u0437\u0438\u043d Xstyle<\/title>\n<meta name=\"description\" content=\"\u041d\u043e\u0436 Mora Basic 511 Vert\/Rouge Carbone - \u0438\u0434\u0435\u0430\u043b\u044c\u043d\u044b\u0439 \u0432\u044b\u0431\u043e\u0440 \u0434\u043b\u044f \u0442\u0443\u0440\u0438\u0437\u043c\u0430 \u0438 \u0440\u0430\u0431\u043e\u0442\u044b. \u041f\u0440\u043e\u0447\u043d\u044b\u0439, \u0441 \u0432\u044b\u0441\u043e\u043a\u043e\u0439 carbon \u0441\u0442\u0430\u043b\u044c\u044e, \u0433\u043e\u0442\u043e\u0432 \u0441\u043f\u0440\u0430\u0432\u0438\u0442\u044c\u0441\u044f \u0441 \u043b\u044e\u0431\u044b\u043c\u0438 \u0437\u0430\u0434\u0430\u0447\u0430\u043c\u0438.\" \/>\n<meta name=\"robots\" content=\"index, follow, max-snippet:-1, max-image-preview:large, max-video-preview:-1\" \/>\n<link rel=\"canonical\" href=\"https:\/\/xstyle.md\/ro\/produs\/nozh-mora-basic-511-vert-rouge-carbone\/\" \/>\n<meta property=\"og:locale\" content=\"ro_RO\" \/>\n<meta property=\"og:type\" content=\"article\" \/>\n<meta property=\"og:title\" content=\"\u041d\u043e\u0436 Mora Basic 511 Vert\/Rouge Carbone - \u041c\u0430\u0433\u0430\u0437\u0438\u043d Xstyle\" \/>\n<meta property=\"og:description\" content=\"\u041d\u043e\u0436 Mora Basic 511 Vert\/Rouge Carbone - \u0438\u0434\u0435\u0430\u043b\u044c\u043d\u044b\u0439 \u0432\u044b\u0431\u043e\u0440 \u0434\u043b\u044f \u0442\u0443\u0440\u0438\u0437\u043c\u0430 \u0438 \u0440\u0430\u0431\u043e\u0442\u044b. \u041f\u0440\u043e\u0447\u043d\u044b\u0439, \u0441 \u0432\u044b\u0441\u043e\u043a\u043e\u0439 carbon \u0441\u0442\u0430\u043b\u044c\u044e, \u0433\u043e\u0442\u043e\u0432 \u0441\u043f\u0440\u0430\u0432\u0438\u0442\u044c\u0441\u044f \u0441 \u043b\u044e\u0431\u044b\u043c\u0438 \u0437\u0430\u0434\u0430\u0447\u0430\u043c\u0438.\" \/>\n<meta property=\"og:url\" content=\"https:\/\/xstyle.md\/ro\/produs\/nozh-mora-basic-511-vert-rouge-carbone\/\" \/>\n<meta property=\"og:site_name\" content=\"\u041c\u0430\u0433\u0430\u0437\u0438\u043d Xstyle\" \/>\n<meta property=\"article:publisher\" content=\"https:\/\/www.facebook.com\/xstylemd\" \/>\n<meta property=\"article:modified_time\" content=\"2026-03-19T13:19:25+00:00\" \/>\n<meta property=\"og:image\" content=\"https:\/\/xstyle.md\/wp-content\/uploads\/2024\/06\/mora-basic-511-vert-rouge-carbone.jpg\" \/>\n\t<meta property=\"og:image:width\" content=\"686\" \/>\n\t<meta property=\"og:image:height\" content=\"614\" \/>\n\t<meta property=\"og:image:type\" content=\"image\/jpeg\" \/>\n<meta name=\"twitter:card\" content=\"summary_large_image\" \/>\n<meta name=\"twitter:label1\" content=\"Pre\u021b\" \/>\n\t<meta name=\"twitter:data1\" content=\"280&nbsp;MDL\" \/>\n\t<meta name=\"twitter:label2\" content=\"Disponibilitate\" \/>\n\t<meta name=\"twitter:data2\" content=\"\u00cen stoc\" \/>\n<script type=\"application\/ld+json\" class=\"yoast-schema-graph\">{\"@context\":\"https:\\\/\\\/schema.org\",\"@graph\":[{\"@type\":\"WebPage\",\"@id\":\"https:\\\/\\\/xstyle.md\\\/product\\\/nozh-mora-basic-511-vert-rouge-carbone\\\/\",\"url\":\"https:\\\/\\\/xstyle.md\\\/product\\\/nozh-mora-basic-511-vert-rouge-carbone\\\/\",\"name\":\"\u041d\u043e\u0436 Mora Basic 511 Vert\\\/Rouge Carbone - \u041c\u0430\u0433\u0430\u0437\u0438\u043d Xstyle\",\"isPartOf\":{\"@id\":\"https:\\\/\\\/xstyle.md\\\/#website\"},\"primaryImageOfPage\":{\"@id\":\"https:\\\/\\\/xstyle.md\\\/product\\\/nozh-mora-basic-511-vert-rouge-carbone\\\/#primaryimage\"},\"image\":{\"@id\":\"https:\\\/\\\/xstyle.md\\\/product\\\/nozh-mora-basic-511-vert-rouge-carbone\\\/#primaryimage\"},\"thumbnailUrl\":\"https:\\\/\\\/xstyle.md\\\/wp-content\\\/uploads\\\/2024\\\/06\\\/mora-basic-511-vert-rouge-carbone.jpg\",\"datePublished\":\"2024-06-12T13:38:08+00:00\",\"dateModified\":\"2026-03-19T13:19:25+00:00\",\"description\":\"\u041d\u043e\u0436 Mora Basic 511 Vert\\\/Rouge Carbone - \u0438\u0434\u0435\u0430\u043b\u044c\u043d\u044b\u0439 \u0432\u044b\u0431\u043e\u0440 \u0434\u043b\u044f \u0442\u0443\u0440\u0438\u0437\u043c\u0430 \u0438 \u0440\u0430\u0431\u043e\u0442\u044b. \u041f\u0440\u043e\u0447\u043d\u044b\u0439, \u0441 \u0432\u044b\u0441\u043e\u043a\u043e\u0439 carbon \u0441\u0442\u0430\u043b\u044c\u044e, \u0433\u043e\u0442\u043e\u0432 \u0441\u043f\u0440\u0430\u0432\u0438\u0442\u044c\u0441\u044f \u0441 \u043b\u044e\u0431\u044b\u043c\u0438 \u0437\u0430\u0434\u0430\u0447\u0430\u043c\u0438.\",\"breadcrumb\":{\"@id\":\"https:\\\/\\\/xstyle.md\\\/product\\\/nozh-mora-basic-511-vert-rouge-carbone\\\/#breadcrumb\"},\"inLanguage\":\"ro-RO\",\"potentialAction\":[{\"@type\":\"ReadAction\",\"target\":[\"https:\\\/\\\/xstyle.md\\\/product\\\/nozh-mora-basic-511-vert-rouge-carbone\\\/\"]}]},{\"@type\":\"ImageObject\",\"inLanguage\":\"ro-RO\",\"@id\":\"https:\\\/\\\/xstyle.md\\\/product\\\/nozh-mora-basic-511-vert-rouge-carbone\\\/#primaryimage\",\"url\":\"https:\\\/\\\/xstyle.md\\\/wp-content\\\/uploads\\\/2024\\\/06\\\/mora-basic-511-vert-rouge-carbone.jpg\",\"contentUrl\":\"https:\\\/\\\/xstyle.md\\\/wp-content\\\/uploads\\\/2024\\\/06\\\/mora-basic-511-vert-rouge-carbone.jpg\",\"width\":686,\"height\":614,\"caption\":\"\u041c\u0438\u043d\u0438\u0430\u0442\u044e\u0440\u0430 \u043d\u043e\u0436\u0430 Mora Basic 511 Vert\\\/Rouge Carbone \u0434\u043b\u044f \u0430\u043a\u0442\u0438\u0432\u043d\u043e\u0433\u043e \u043e\u0442\u0434\u044b\u0445\u0430, \u0442\u0443\u0440\u0438\u0441\u0442\u0438\u0447\u0435\u0441\u043a\u043e\u0439 \u044d\u043a\u0438\u043f\u0438\u0440\u043e\u0432\u043a\u0438 \u0438 \u0430\u043b\u044c\u043f\u0438\u043d\u0438\u0437\u043c\u0430 \u0432 \u0438\u043d\u0442\u0435\u0440\u043d\u0435\u0442-\u043c\u0430\u0433\u0430\u0437\u0438\u043d\u0435 \u0441\u043f\u043e\u0440\u0442\u0438\u0432\u043d\u043e\u0439 \u043e\u0434\u0435\u0436\u0434\u044b \u0438 \u043e\u0431\u0443\u0432\u0438\"},{\"@type\":\"BreadcrumbList\",\"@id\":\"https:\\\/\\\/xstyle.md\\\/product\\\/nozh-mora-basic-511-vert-rouge-carbone\\\/#breadcrumb\",\"itemListElement\":[{\"@type\":\"ListItem\",\"position\":1,\"name\":\"\u0413\u043b\u0430\u0432\u043d\u0430\u044f \u0441\u0442\u0440\u0430\u043d\u0438\u0446\u0430\",\"item\":\"https:\\\/\\\/xstyle.md\\\/\"},{\"@type\":\"ListItem\",\"position\":2,\"name\":\"\u041c\u0430\u0433\u0430\u0437\u0438\u043d\",\"item\":\"https:\\\/\\\/xstyle.md\\\/shop\\\/\"},{\"@type\":\"ListItem\",\"position\":3,\"name\":\"\u041d\u043e\u0436 Mora Basic 511 Vert\\\/Rouge Carbone\"}]},{\"@type\":\"WebSite\",\"@id\":\"https:\\\/\\\/xstyle.md\\\/#website\",\"url\":\"https:\\\/\\\/xstyle.md\\\/\",\"name\":\"\u041c\u0430\u0433\u0430\u0437\u0438\u043d Xstyle\",\"description\":\"C\u043d\u0430\u0440\u044f\u0436\u0435\u043d\u0438\u0435 \u0434\u043b\u044f \u0442\u0443\u0440\u0438\u0437\u043c\u0430 \u0438 \u044d\u043a\u0441\u0442\u0440\u0435\u043c\u0430\u043b\u044c\u043d\u044b\u0445 \u0432\u0438\u0434\u043e\u0432 \u0441\u043f\u043e\u0440\u0442\u0430 \u0432 \u041c\u043e\u043b\u0434\u043e\u0432\u0435.. \u0426\u0435\u043d\u044b, \u0444\u043e\u0442\u043e, \u0445\u0430\u0440\u0430\u043a\u0442\u0435\u0440\u0438\u0441\u0442\u0438\u043a\u0438 \u0432 \u041c\u043e\u043b\u0434\u043e\u0432\u0435.\",\"publisher\":{\"@id\":\"https:\\\/\\\/xstyle.md\\\/#organization\"},\"alternateName\":\"X-Style\",\"potentialAction\":[{\"@type\":\"SearchAction\",\"target\":{\"@type\":\"EntryPoint\",\"urlTemplate\":\"https:\\\/\\\/xstyle.md\\\/?s={search_term_string}\"},\"query-input\":{\"@type\":\"PropertyValueSpecification\",\"valueRequired\":true,\"valueName\":\"search_term_string\"}}],\"inLanguage\":\"ro-RO\"},{\"@type\":\"Organization\",\"@id\":\"https:\\\/\\\/xstyle.md\\\/#organization\",\"name\":\"\u041c\u0430\u0433\u0430\u0437\u0438\u043d Xstyle\",\"alternateName\":\"x-style\",\"url\":\"https:\\\/\\\/xstyle.md\\\/\",\"logo\":{\"@type\":\"ImageObject\",\"inLanguage\":\"ro-RO\",\"@id\":\"https:\\\/\\\/xstyle.md\\\/#\\\/schema\\\/logo\\\/image\\\/\",\"url\":\"https:\\\/\\\/xstyle.md\\\/wp-content\\\/uploads\\\/2020\\\/06\\\/logoicon.svg\",\"contentUrl\":\"https:\\\/\\\/xstyle.md\\\/wp-content\\\/uploads\\\/2020\\\/06\\\/logoicon.svg\",\"caption\":\"\u041c\u0430\u0433\u0430\u0437\u0438\u043d Xstyle\"},\"image\":{\"@id\":\"https:\\\/\\\/xstyle.md\\\/#\\\/schema\\\/logo\\\/image\\\/\"},\"sameAs\":[\"https:\\\/\\\/www.facebook.com\\\/xstylemd\",\"https:\\\/\\\/www.instagram.com\\\/xstyle_md\\\/\",\"https:\\\/\\\/t.me\\\/xstyle_outdoor\"],\"hasMerchantReturnPolicy\":{\"@type\":\"MerchantReturnPolicy\",\"merchantReturnLink\":\"https:\\\/\\\/xstyle.md\\\/ro\\\/conditions\\\/\"}}]}<\/script>\n<meta property=\"product:price:amount\" content=\"280.00\" \/>\n<meta property=\"product:price:currency\" content=\"MDL\" \/>\n<meta property=\"og:availability\" content=\"instock\" \/>\n<meta property=\"product:availability\" content=\"instock\" \/>\n<meta property=\"product:retailer_item_id\" content=\"7391846028956\" \/>\n<meta property=\"product:condition\" content=\"new\" \/>\n<!-- \/ Yoast SEO plugin. -->","yoast_head_json":{"title":"Cu\u021bit Mora Basic 511 Vert\/Rouge Carbone - Magazin Xstyle","description":"Culoarea Noului Mora Basic 511 Vert\/Rouge Carbone - alegerea perfect\u0103 pentru turism \u0219i munc\u0103. Rezistent, din o\u021bel carbon de \u00eenalt\u0103 calitate, gata s\u0103 fac\u0103 fa\u021b\u0103 oric\u0103rei provoc\u0103ri.","robots":{"index":"index","follow":"follow","max-snippet":"max-snippet:-1","max-image-preview":"max-image-preview:large","max-video-preview":"max-video-preview:-1"},"canonical":"https:\/\/xstyle.md\/ro\/produs\/nozh-mora-basic-511-vert-rouge-carbone\/","og_locale":"ro_RO","og_type":"article","og_title":"\u041d\u043e\u0436 Mora Basic 511 Vert\/Rouge Carbone - \u041c\u0430\u0433\u0430\u0437\u0438\u043d Xstyle","og_description":"\u041d\u043e\u0436 Mora Basic 511 Vert\/Rouge Carbone - \u0438\u0434\u0435\u0430\u043b\u044c\u043d\u044b\u0439 \u0432\u044b\u0431\u043e\u0440 \u0434\u043b\u044f \u0442\u0443\u0440\u0438\u0437\u043c\u0430 \u0438 \u0440\u0430\u0431\u043e\u0442\u044b. \u041f\u0440\u043e\u0447\u043d\u044b\u0439, \u0441 \u0432\u044b\u0441\u043e\u043a\u043e\u0439 carbon \u0441\u0442\u0430\u043b\u044c\u044e, \u0433\u043e\u0442\u043e\u0432 \u0441\u043f\u0440\u0430\u0432\u0438\u0442\u044c\u0441\u044f \u0441 \u043b\u044e\u0431\u044b\u043c\u0438 \u0437\u0430\u0434\u0430\u0447\u0430\u043c\u0438.","og_url":"https:\/\/xstyle.md\/ro\/produs\/nozh-mora-basic-511-vert-rouge-carbone\/","og_site_name":"\u041c\u0430\u0433\u0430\u0437\u0438\u043d Xstyle","article_publisher":"https:\/\/www.facebook.com\/xstylemd","article_modified_time":"2026-03-19T13:19:25+00:00","og_image":[{"width":686,"height":614,"url":"https:\/\/xstyle.md\/wp-content\/uploads\/2024\/06\/mora-basic-511-vert-rouge-carbone.jpg","type":"image\/jpeg"}],"twitter_card":"summary_large_image","twitter_misc":{"Pre\u021b":"280&nbsp;MDL","Disponibilitate":"\u00cen stoc"},"schema":{"@context":"https:\/\/schema.org","@graph":[{"@type":"WebPage","@id":"https:\/\/xstyle.md\/product\/nozh-mora-basic-511-vert-rouge-carbone\/","url":"https:\/\/xstyle.md\/product\/nozh-mora-basic-511-vert-rouge-carbone\/","name":"Cu\u021bit Mora Basic 511 Vert\/Rouge Carbone - Magazin Xstyle","isPartOf":{"@id":"https:\/\/xstyle.md\/#website"},"primaryImageOfPage":{"@id":"https:\/\/xstyle.md\/product\/nozh-mora-basic-511-vert-rouge-carbone\/#primaryimage"},"image":{"@id":"https:\/\/xstyle.md\/product\/nozh-mora-basic-511-vert-rouge-carbone\/#primaryimage"},"thumbnailUrl":"https:\/\/xstyle.md\/wp-content\/uploads\/2024\/06\/mora-basic-511-vert-rouge-carbone.jpg","datePublished":"2024-06-12T13:38:08+00:00","dateModified":"2026-03-19T13:19:25+00:00","description":"Culoarea Noului Mora Basic 511 Vert\/Rouge Carbone - alegerea perfect\u0103 pentru turism \u0219i munc\u0103. Rezistent, din o\u021bel carbon de \u00eenalt\u0103 calitate, gata s\u0103 fac\u0103 fa\u021b\u0103 oric\u0103rei provoc\u0103ri.","breadcrumb":{"@id":"https:\/\/xstyle.md\/product\/nozh-mora-basic-511-vert-rouge-carbone\/#breadcrumb"},"inLanguage":"ro-RO","potentialAction":[{"@type":"ReadAction","target":["https:\/\/xstyle.md\/product\/nozh-mora-basic-511-vert-rouge-carbone\/"]}]},{"@type":"ImageObject","inLanguage":"ro-RO","@id":"https:\/\/xstyle.md\/product\/nozh-mora-basic-511-vert-rouge-carbone\/#primaryimage","url":"https:\/\/xstyle.md\/wp-content\/uploads\/2024\/06\/mora-basic-511-vert-rouge-carbone.jpg","contentUrl":"https:\/\/xstyle.md\/wp-content\/uploads\/2024\/06\/mora-basic-511-vert-rouge-carbone.jpg","width":686,"height":614,"caption":"\u041c\u0438\u043d\u0438\u0430\u0442\u044e\u0440\u0430 \u043d\u043e\u0436\u0430 Mora Basic 511 Vert\/Rouge Carbone \u0434\u043b\u044f \u0430\u043a\u0442\u0438\u0432\u043d\u043e\u0433\u043e \u043e\u0442\u0434\u044b\u0445\u0430, \u0442\u0443\u0440\u0438\u0441\u0442\u0438\u0447\u0435\u0441\u043a\u043e\u0439 \u044d\u043a\u0438\u043f\u0438\u0440\u043e\u0432\u043a\u0438 \u0438 \u0430\u043b\u044c\u043f\u0438\u043d\u0438\u0437\u043c\u0430 \u0432 \u0438\u043d\u0442\u0435\u0440\u043d\u0435\u0442-\u043c\u0430\u0433\u0430\u0437\u0438\u043d\u0435 \u0441\u043f\u043e\u0440\u0442\u0438\u0432\u043d\u043e\u0439 \u043e\u0434\u0435\u0436\u0434\u044b \u0438 \u043e\u0431\u0443\u0432\u0438"},{"@type":"BreadcrumbList","@id":"https:\/\/xstyle.md\/product\/nozh-mora-basic-511-vert-rouge-carbone\/#breadcrumb","itemListElement":[{"@type":"ListItem","position":1,"name":"\u0413\u043b\u0430\u0432\u043d\u0430\u044f \u0441\u0442\u0440\u0430\u043d\u0438\u0446\u0430","item":"https:\/\/xstyle.md\/"},{"@type":"ListItem","position":2,"name":"\u041c\u0430\u0433\u0430\u0437\u0438\u043d","item":"https:\/\/xstyle.md\/shop\/"},{"@type":"ListItem","position":3,"name":"\u041d\u043e\u0436 Mora Basic 511 Vert\/Rouge Carbone"}]},{"@type":"WebSite","@id":"https:\/\/xstyle.md\/#website","url":"https:\/\/xstyle.md\/","name":"Magazinul X-Style","description":"Echipamente pentru turism \u0219i sporturi extreme \u00een Moldova. Pre\u021buri, fotografii, caracteristici \u00een Moldova.","publisher":{"@id":"https:\/\/xstyle.md\/#organization"},"alternateName":"X-Style","potentialAction":[{"@type":"SearchAction","target":{"@type":"EntryPoint","urlTemplate":"https:\/\/xstyle.md\/?s={search_term_string}"},"query-input":{"@type":"PropertyValueSpecification","valueRequired":true,"valueName":"search_term_string"}}],"inLanguage":"ro-RO"},{"@type":"Organization","@id":"https:\/\/xstyle.md\/#organization","name":"Magazinul X-Style","alternateName":"x-style","url":"https:\/\/xstyle.md\/","logo":{"@type":"ImageObject","inLanguage":"ro-RO","@id":"https:\/\/xstyle.md\/#\/schema\/logo\/image\/","url":"https:\/\/xstyle.md\/wp-content\/uploads\/2020\/06\/logoicon.svg","contentUrl":"https:\/\/xstyle.md\/wp-content\/uploads\/2020\/06\/logoicon.svg","caption":"\u041c\u0430\u0433\u0430\u0437\u0438\u043d Xstyle"},"image":{"@id":"https:\/\/xstyle.md\/#\/schema\/logo\/image\/"},"sameAs":["https:\/\/www.facebook.com\/xstylemd","https:\/\/www.instagram.com\/xstyle_md\/","https:\/\/t.me\/xstyle_outdoor"],"hasMerchantReturnPolicy":{"@type":"MerchantReturnPolicy","merchantReturnLink":"https:\/\/xstyle.md\/ro\/conditions\/"}}]},"product_price_amount":"280.00","product_price_currency":"MDL","og_availability":"instock","product_availability":"instock","product_retailer_item_id":"7391846028956","product_condition":"new"},"_links":{"self":[{"href":"https:\/\/xstyle.md\/ro\/wp-json\/wp\/v2\/product\/84703","targetHints":{"allow":["GET"]}}],"collection":[{"href":"https:\/\/xstyle.md\/ro\/wp-json\/wp\/v2\/product"}],"about":[{"href":"https:\/\/xstyle.md\/ro\/wp-json\/wp\/v2\/types\/product"}],"replies":[{"embeddable":true,"href":"https:\/\/xstyle.md\/ro\/wp-json\/wp\/v2\/comments?post=84703"}],"wp:featuredmedia":[{"embeddable":true,"href":"https:\/\/xstyle.md\/ro\/wp-json\/wp\/v2\/media\/85034"}],"wp:attachment":[{"href":"https:\/\/xstyle.md\/ro\/wp-json\/wp\/v2\/media?parent=84703"}],"wp:term":[{"taxonomy":"product_brand","embeddable":true,"href":"https:\/\/xstyle.md\/ro\/wp-json\/wp\/v2\/product_brand?post=84703"},{"taxonomy":"product_cat","embeddable":true,"href":"https:\/\/xstyle.md\/ro\/wp-json\/wp\/v2\/product_cat?post=84703"},{"taxonomy":"product_tag","embeddable":true,"href":"https:\/\/xstyle.md\/ro\/wp-json\/wp\/v2\/product_tag?post=84703"}],"curies":[{"name":"wp","href":"https:\/\/api.w.org\/{rel}","templated":true}]}}