{"id":84701,"date":"2024-06-12T16:38:08","date_gmt":"2024-06-12T13:38:08","guid":{"rendered":"https:\/\/xstyle.md\/?post_type=product&#038;p=84701"},"modified":"2026-02-17T18:27:04","modified_gmt":"2026-02-17T15:27:04","slug":"fonar-fenix-tk35ue-v2-0-led","status":"publish","type":"product","link":"https:\/\/xstyle.md\/ro\/produs\/fonar-fenix-tk35ue-v2-0-led\/","title":{"rendered":"Lantern\u0103 Fenix TK35UE V2.0 LED"},"content":{"rendered":"<\/p>\n<p><strong>Fenix TK35UE V2.0 LED<\/strong> &#8212; model tactic dual-mode cu performan\u021be ridicate. Puterea luminoas\u0103 maxim\u0103 atinge 5000 de lumeni cu o distan\u021b\u0103 a fasciculului de 400 de metri. Utilizeaz\u0103 trei LED-uri Luminus SST40 cu o durat\u0103 de via\u021b\u0103 de 50.000 de ore. Alimentarea este asigurat\u0103 de dou\u0103 baterii 18650. \u00cen situa\u021bii de urgen\u021b\u0103, poate fi alimentat\u0103 cu o baterie 18650 sau dou\u0103 baterii CR123A.<\/p>\n<p>Comutatorul mecanic inovator v\u0103 permite s\u0103 comuta\u021bi u\u0219or \u0219i rapid \u00eentre modurile tactic, de a\u0219teptare \u0219i de blocare.<\/p>\n<p>Stroboscopul instant, capacitatea de blocare, corpul plat \u0219i comutatoarele duble de coad\u0103 fac ca aceast\u0103 lantern\u0103 s\u0103 fie capabil\u0103 s\u0103 satisfac\u0103 nevoile for\u021belor militare \u0219i de aplicare a legii. De asemenea, poate aduce beneficii multor entuzia\u0219ti \u00een aer liber. Exist\u0103 o func\u021bie de detectare a nivelului bateriei \u0219i de avertizare a tensiunii sc\u0103zute. Mai jos &#8212; mai multe detalii despre caracteristicile \u0219i capacit\u0103\u021bile lanternei tactice.<\/p>\n<h3>Moduri de operare<\/h3>\n<p><strong>Grup tactic<\/strong><\/p>\n<ul>\n<li>Tactic: luminozitate &#8212; 3500 lumeni\/ timp de func\u021bionare &#8212; 1 or\u0103 \u0219i 50 minute\/ raz\u0103 de ac\u021biune &#8212; 320 metri<\/li>\n<li>Strobe: luminozitate &#8212; 3500 lumeni<\/li>\n<\/ul>\n<p><strong>Grup zilnic<\/strong><\/p>\n<ul>\n<li>Turbo: luminozitate &#8212; 5000 lumeni\/ timp de lucru &#8212; 1 or\u0103 \u0219i 40 de minute\/ raz\u0103 de ac\u021biune &#8212; 400 metri<\/li>\n<li>High: luminozitate &#8212; 2000 lumeni \/ timp de func\u021bionare &#8212; 2 ore \/ raza de ac\u021biune a fasciculului &#8212; 250 metri<\/li>\n<li>Med: luminozitate &#8212; 800 lumeni\/ timp de func\u021bionare &#8212; 4 ore\/ raza de ac\u021biune a fasciculului &#8212; 160 metri<\/li>\n<li>Low: luminozitate &#8212; 350 lumeni\/ timp de func\u021bionare &#8212; 13 ore \u0219i 40 minute\/ raza de ac\u021biune a fasciculului &#8212; 100 metri<\/li>\n<li>Eco: luminozitate &#8212; 30 lumeni\/ timp de func\u021bionare &#8212; 85 ore\/ raz\u0103 de ac\u021biune a fasciculului &#8212; 32 metri<\/li>\n<li>Strobe: luminozitate &#8212; 3500 lumeni<\/li>\n<\/ul>\n<h3>Particularit\u0103\u021bi<\/h3>\n<ul>\n<li>Lantern\u0103 tactic\u0103 pentru turism, diferite tipuri de activit\u0103\u021bi \u00een aer liber<\/li>\n<li>LED-uri: Luminus SST40 cu o durat\u0103 de via\u021b\u0103 de 50.000 de ore<\/li>\n<li>Exist\u0103 o indica\u021bie a gradului de \u00eenc\u0103rcare<\/li>\n<li>Exist\u0103 o func\u021bie de avertizare a tensiunii sc\u0103zute<\/li>\n<li>Corpul este protejat \u00eempotriva supra\u00eenc\u0103lzirii<\/li>\n<li>Tratament &#8212; acoperire anti-abrasiv\u0103 cu anodizare dur\u0103 premium de tip 3<\/li>\n<li>Rezist\u0103 cu u\u0219urin\u021b\u0103 la c\u0103deri de la un metru \u00een\u0103l\u021bime<\/li>\n<\/ul>\n<h3>Caracteristici<\/h3>\n<ul>\n<li>Surs\u0103 de alimentare &#8212; 2 x 18650<\/li>\n<li>Putere luminoas\u0103 &#8212; 5000 lm<\/li>\n<li>Raza de ac\u021biune a fasciculului &#8212; 400 metri<\/li>\n<li>Timp maxim de func\u021bionare &#8212; 50 de ore<\/li>\n<li>Rezistent la ap\u0103 &#8212; IP68<\/li>\n<li>Material &#8212; aluminiu A6061-T6<\/li>\n<li>Dimensiuni &#8212; 143 x 43 mm<\/li>\n<li>Greutate &#8212; 202 g<\/li>\n<\/ul>\n<h3>Marca<\/h3>\n<p>Fenix este cel mai important produc\u0103tor mondial de lanterne moderne: tactice, de c\u0103l\u0103torie, proiectoare, lumini pentru biciclete \u0219i accesorii. Fondat\u0103 acum mai bine de 20 de ani, compania este recunoscut\u0103 de cei care apreciaz\u0103 func\u021bionalitatea \u0219i performan\u021ba. Produsele Fenix sunt utilizate pe scar\u0103 larg\u0103 \u00een cas\u0103, de c\u0103tre sportivi, excursioni\u0219ti \u0219i organiza\u021bii specializate pentru durata de via\u021b\u0103 \u00eendelungat\u0103 a bateriei, designul ergonomic \u0219i puterea uimitoare. Fabricate din aluminiu aeronautic triplu anodizat \u0219i prev\u0103zute cu sticl\u0103 rezistent\u0103 la \u0219ocuri, acestea sunt ideale at\u00e2t pentru utilizarea zilnic\u0103, c\u00e2t \u0219i pentru activit\u0103\u021bile \u00een aer liber. Produsele Fenix sunt acum disponibile \u00een peste 100 de \u021b\u0103ri, ajung\u00e2nd la zeci de milioane de utilizatori din \u00eentreaga lume.<\/p>\n<p><\/p>","protected":false},"excerpt":{"rendered":"","protected":false},"featured_media":85307,"comment_status":"open","ping_status":"closed","template":"","meta":{"_acf_changed":false,"inline_featured_image":false},"product_brand":[1351],"product_cat":[462],"product_tag":[],"class_list":{"0":"post-84701","1":"product","2":"type-product","3":"status-publish","4":"has-post-thumbnail","6":"product_brand-fenix","7":"product_cat-lumini-de-mana","9":"first","10":"instock","11":"shipping-taxable","12":"purchasable","13":"product-type-simple"},"acf":[],"yoast_head":"<!-- This site is optimized with the Yoast SEO plugin v27.2 - https:\/\/yoast.com\/product\/yoast-seo-wordpress\/ -->\n<title>\u0424\u043e\u043d\u0430\u0440\u044c Fenix TK35UE V2.0 LED - \u041c\u0430\u0433\u0430\u0437\u0438\u043d Xstyle<\/title>\n<meta name=\"description\" content=\"\u0424\u043e\u043d\u0430\u0440\u044c Fenix TK35UE V2.0 LED: \u043c\u043e\u0449\u043d\u043e\u0441\u0442\u044c 5000 \u043b\u043c, \u0442\u0430\u043a\u0442\u0438\u0447\u0435\u0441\u043a\u0438\u0435 \u0440\u0435\u0436\u0438\u043c\u044b \u0438 IP68. \u041d\u0430\u0434\u0435\u0436\u043d\u044b\u0439 \u0438 \u044f\u0440\u043a\u0438\u0439, \u0438\u0434\u0435\u0430\u043b\u0435\u043d \u0434\u043b\u044f \u0430\u043a\u0442\u0438\u0432\u043d\u043e\u0433\u043e \u043e\u0442\u0434\u044b\u0445\u0430 \u0438 \u043d\u043e\u0447\u043d\u044b\u0445 \u043f\u0440\u0438\u043a\u043b\u044e\u0447\u0435\u043d\u0438\u0439.\" \/>\n<meta name=\"robots\" content=\"index, follow, max-snippet:-1, max-image-preview:large, max-video-preview:-1\" \/>\n<link rel=\"canonical\" href=\"https:\/\/xstyle.md\/ro\/produs\/fonar-fenix-tk35ue-v2-0-led\/\" \/>\n<meta property=\"og:locale\" content=\"ro_RO\" \/>\n<meta property=\"og:type\" content=\"article\" \/>\n<meta property=\"og:title\" content=\"\u0424\u043e\u043d\u0430\u0440\u044c Fenix TK35UE V2.0 LED - \u041c\u0430\u0433\u0430\u0437\u0438\u043d Xstyle\" \/>\n<meta property=\"og:description\" content=\"\u0424\u043e\u043d\u0430\u0440\u044c Fenix TK35UE V2.0 LED: \u043c\u043e\u0449\u043d\u043e\u0441\u0442\u044c 5000 \u043b\u043c, \u0442\u0430\u043a\u0442\u0438\u0447\u0435\u0441\u043a\u0438\u0435 \u0440\u0435\u0436\u0438\u043c\u044b \u0438 IP68. \u041d\u0430\u0434\u0435\u0436\u043d\u044b\u0439 \u0438 \u044f\u0440\u043a\u0438\u0439, \u0438\u0434\u0435\u0430\u043b\u0435\u043d \u0434\u043b\u044f \u0430\u043a\u0442\u0438\u0432\u043d\u043e\u0433\u043e \u043e\u0442\u0434\u044b\u0445\u0430 \u0438 \u043d\u043e\u0447\u043d\u044b\u0445 \u043f\u0440\u0438\u043a\u043b\u044e\u0447\u0435\u043d\u0438\u0439.\" \/>\n<meta property=\"og:url\" content=\"https:\/\/xstyle.md\/ro\/produs\/fonar-fenix-tk35ue-v2-0-led\/\" \/>\n<meta property=\"og:site_name\" content=\"\u041c\u0430\u0433\u0430\u0437\u0438\u043d Xstyle\" \/>\n<meta property=\"article:publisher\" content=\"https:\/\/www.facebook.com\/xstylemd\" \/>\n<meta property=\"article:modified_time\" content=\"2026-02-17T15:27:04+00:00\" \/>\n<meta property=\"og:image\" content=\"https:\/\/xstyle.md\/wp-content\/uploads\/2024\/06\/fenix-tk35ue-v2.0-led.jpg\" \/>\n\t<meta property=\"og:image:width\" content=\"970\" \/>\n\t<meta property=\"og:image:height\" content=\"970\" \/>\n\t<meta property=\"og:image:type\" content=\"image\/jpeg\" \/>\n<meta name=\"twitter:card\" content=\"summary_large_image\" \/>\n<meta name=\"twitter:label1\" content=\"Pre\u021b\" \/>\n\t<meta name=\"twitter:data1\" content=\"2.970&nbsp;MDL\" \/>\n\t<meta name=\"twitter:label2\" content=\"Disponibilitate\" \/>\n\t<meta name=\"twitter:data2\" content=\"\u00cen stoc\" \/>\n<script type=\"application\/ld+json\" class=\"yoast-schema-graph\">{\"@context\":\"https:\/\/schema.org\",\"@graph\":[{\"@type\":\"WebPage\",\"@id\":\"https:\/\/xstyle.md\/product\/fonar-fenix-tk35ue-v2-0-led\/\",\"url\":\"https:\/\/xstyle.md\/product\/fonar-fenix-tk35ue-v2-0-led\/\",\"name\":\"\u0424\u043e\u043d\u0430\u0440\u044c Fenix TK35UE V2.0 LED - \u041c\u0430\u0433\u0430\u0437\u0438\u043d Xstyle\",\"isPartOf\":{\"@id\":\"https:\/\/xstyle.md\/#website\"},\"primaryImageOfPage\":{\"@id\":\"https:\/\/xstyle.md\/product\/fonar-fenix-tk35ue-v2-0-led\/#primaryimage\"},\"image\":{\"@id\":\"https:\/\/xstyle.md\/product\/fonar-fenix-tk35ue-v2-0-led\/#primaryimage\"},\"thumbnailUrl\":\"https:\/\/xstyle.md\/wp-content\/uploads\/2024\/06\/fenix-tk35ue-v2.0-led.jpg\",\"datePublished\":\"2024-06-12T13:38:08+00:00\",\"dateModified\":\"2026-02-17T15:27:04+00:00\",\"description\":\"\u0424\u043e\u043d\u0430\u0440\u044c Fenix TK35UE V2.0 LED: \u043c\u043e\u0449\u043d\u043e\u0441\u0442\u044c 5000 \u043b\u043c, \u0442\u0430\u043a\u0442\u0438\u0447\u0435\u0441\u043a\u0438\u0435 \u0440\u0435\u0436\u0438\u043c\u044b \u0438 IP68. \u041d\u0430\u0434\u0435\u0436\u043d\u044b\u0439 \u0438 \u044f\u0440\u043a\u0438\u0439, \u0438\u0434\u0435\u0430\u043b\u0435\u043d \u0434\u043b\u044f \u0430\u043a\u0442\u0438\u0432\u043d\u043e\u0433\u043e \u043e\u0442\u0434\u044b\u0445\u0430 \u0438 \u043d\u043e\u0447\u043d\u044b\u0445 \u043f\u0440\u0438\u043a\u043b\u044e\u0447\u0435\u043d\u0438\u0439.\",\"breadcrumb\":{\"@id\":\"https:\/\/xstyle.md\/product\/fonar-fenix-tk35ue-v2-0-led\/#breadcrumb\"},\"inLanguage\":\"ro-RO\",\"potentialAction\":[{\"@type\":\"ReadAction\",\"target\":[\"https:\/\/xstyle.md\/product\/fonar-fenix-tk35ue-v2-0-led\/\"]}]},{\"@type\":\"ImageObject\",\"inLanguage\":\"ro-RO\",\"@id\":\"https:\/\/xstyle.md\/product\/fonar-fenix-tk35ue-v2-0-led\/#primaryimage\",\"url\":\"https:\/\/xstyle.md\/wp-content\/uploads\/2024\/06\/fenix-tk35ue-v2.0-led.jpg\",\"contentUrl\":\"https:\/\/xstyle.md\/wp-content\/uploads\/2024\/06\/fenix-tk35ue-v2.0-led.jpg\",\"width\":970,\"height\":970,\"caption\":\"\u0422\u043e\u043d\u043a\u0438\u0439 \u0444\u043e\u043d\u0430\u0440\u044c Fenix TK35UE V2.0 LED \u0434\u043b\u044f \u0430\u043a\u0442\u0438\u0432\u043d\u043e\u0433\u043e \u043e\u0442\u0434\u044b\u0445\u0430, \u043f\u043e\u0445\u043e\u0434\u043e\u0432, \u0430\u043b\u044c\u043f\u0438\u043d\u0438\u0437\u043c\u0430 \u0438 \u043f\u0443\u0442\u0435\u0448\u0435\u0441\u0442\u0432\u0438\u0439, \u0438\u0434\u0435\u0430\u043b\u044c\u043d\u044b\u0439 \u0434\u043b\u044f \u043e\u043d\u043b\u0430\u0439\u043d \u043c\u0430\u0433\u0430\u0437\u0438\u043d\u0430 \u044d\u043a\u0438\u043f\u0438\u0440\u043e\u0432\u043a\u0438 \u0434\u043b\u044f \u043f\u0440\u0438\u043a\u043b\u044e\u0447\u0435\u043d\u0438\u0439\"},{\"@type\":\"BreadcrumbList\",\"@id\":\"https:\/\/xstyle.md\/product\/fonar-fenix-tk35ue-v2-0-led\/#breadcrumb\",\"itemListElement\":[{\"@type\":\"ListItem\",\"position\":1,\"name\":\"\u0413\u043b\u0430\u0432\u043d\u0430\u044f \u0441\u0442\u0440\u0430\u043d\u0438\u0446\u0430\",\"item\":\"https:\/\/xstyle.md\/\"},{\"@type\":\"ListItem\",\"position\":2,\"name\":\"\u041c\u0430\u0433\u0430\u0437\u0438\u043d\",\"item\":\"https:\/\/xstyle.md\/shop\/\"},{\"@type\":\"ListItem\",\"position\":3,\"name\":\"\u0424\u043e\u043d\u0430\u0440\u044c Fenix TK35UE V2.0 LED\"}]},{\"@type\":\"WebSite\",\"@id\":\"https:\/\/xstyle.md\/#website\",\"url\":\"https:\/\/xstyle.md\/\",\"name\":\"\u041c\u0430\u0433\u0430\u0437\u0438\u043d Xstyle\",\"description\":\"C\u043d\u0430\u0440\u044f\u0436\u0435\u043d\u0438\u0435 \u0434\u043b\u044f \u0442\u0443\u0440\u0438\u0437\u043c\u0430 \u0438 \u044d\u043a\u0441\u0442\u0440\u0435\u043c\u0430\u043b\u044c\u043d\u044b\u0445 \u0432\u0438\u0434\u043e\u0432 \u0441\u043f\u043e\u0440\u0442\u0430 \u0432 \u041c\u043e\u043b\u0434\u043e\u0432\u0435.. \u0426\u0435\u043d\u044b, \u0444\u043e\u0442\u043e, \u0445\u0430\u0440\u0430\u043a\u0442\u0435\u0440\u0438\u0441\u0442\u0438\u043a\u0438 \u0432 \u041c\u043e\u043b\u0434\u043e\u0432\u0435.\",\"publisher\":{\"@id\":\"https:\/\/xstyle.md\/#organization\"},\"alternateName\":\"X-Style\",\"potentialAction\":[{\"@type\":\"SearchAction\",\"target\":{\"@type\":\"EntryPoint\",\"urlTemplate\":\"https:\/\/xstyle.md\/?s={search_term_string}\"},\"query-input\":{\"@type\":\"PropertyValueSpecification\",\"valueRequired\":true,\"valueName\":\"search_term_string\"}}],\"inLanguage\":\"ro-RO\"},{\"@type\":\"Organization\",\"@id\":\"https:\/\/xstyle.md\/#organization\",\"name\":\"\u041c\u0430\u0433\u0430\u0437\u0438\u043d Xstyle\",\"alternateName\":\"x-style\",\"url\":\"https:\/\/xstyle.md\/\",\"logo\":{\"@type\":\"ImageObject\",\"inLanguage\":\"ro-RO\",\"@id\":\"https:\/\/xstyle.md\/#\/schema\/logo\/image\/\",\"url\":\"https:\/\/xstyle.md\/wp-content\/uploads\/2020\/06\/logoicon.svg\",\"contentUrl\":\"https:\/\/xstyle.md\/wp-content\/uploads\/2020\/06\/logoicon.svg\",\"caption\":\"\u041c\u0430\u0433\u0430\u0437\u0438\u043d Xstyle\"},\"image\":{\"@id\":\"https:\/\/xstyle.md\/#\/schema\/logo\/image\/\"},\"sameAs\":[\"https:\/\/www.facebook.com\/xstylemd\",\"https:\/\/www.instagram.com\/xstyle_md\/\",\"https:\/\/t.me\/xstyle_outdoor\"],\"hasMerchantReturnPolicy\":{\"@type\":\"MerchantReturnPolicy\",\"merchantReturnLink\":\"https:\/\/xstyle.md\/ro\/conditions\/\"}}]}<\/script>\n<meta property=\"product:price:amount\" content=\"2970.00\" \/>\n<meta property=\"product:price:currency\" content=\"MDL\" \/>\n<meta property=\"og:availability\" content=\"instock\" \/>\n<meta property=\"product:availability\" content=\"instock\" \/>\n<meta property=\"product:retailer_item_id\" content=\"6942870308432\" \/>\n<meta property=\"product:condition\" content=\"new\" \/>\n<!-- \/ Yoast SEO plugin. -->","yoast_head_json":{"title":"Lantern\u0103 Fenix TK35UE V2.0 LED - Magazin Xstyle","description":"Lanterna Fenix TK35UE V2.0 LED: putere de 5000 \u043b\u043c, moduri tactice \u0219i IP68. Fiabil\u0103 \u0219i str\u0103lucitoare, ideal\u0103 pentru activit\u0103\u021bi \u00een aer liber \u0219i aventuri nocturne.","robots":{"index":"index","follow":"follow","max-snippet":"max-snippet:-1","max-image-preview":"max-image-preview:large","max-video-preview":"max-video-preview:-1"},"canonical":"https:\/\/xstyle.md\/ro\/produs\/fonar-fenix-tk35ue-v2-0-led\/","og_locale":"ro_RO","og_type":"article","og_title":"\u0424\u043e\u043d\u0430\u0440\u044c Fenix TK35UE V2.0 LED - \u041c\u0430\u0433\u0430\u0437\u0438\u043d Xstyle","og_description":"\u0424\u043e\u043d\u0430\u0440\u044c Fenix TK35UE V2.0 LED: \u043c\u043e\u0449\u043d\u043e\u0441\u0442\u044c 5000 \u043b\u043c, \u0442\u0430\u043a\u0442\u0438\u0447\u0435\u0441\u043a\u0438\u0435 \u0440\u0435\u0436\u0438\u043c\u044b \u0438 IP68. \u041d\u0430\u0434\u0435\u0436\u043d\u044b\u0439 \u0438 \u044f\u0440\u043a\u0438\u0439, \u0438\u0434\u0435\u0430\u043b\u0435\u043d \u0434\u043b\u044f \u0430\u043a\u0442\u0438\u0432\u043d\u043e\u0433\u043e \u043e\u0442\u0434\u044b\u0445\u0430 \u0438 \u043d\u043e\u0447\u043d\u044b\u0445 \u043f\u0440\u0438\u043a\u043b\u044e\u0447\u0435\u043d\u0438\u0439.","og_url":"https:\/\/xstyle.md\/ro\/produs\/fonar-fenix-tk35ue-v2-0-led\/","og_site_name":"\u041c\u0430\u0433\u0430\u0437\u0438\u043d Xstyle","article_publisher":"https:\/\/www.facebook.com\/xstylemd","article_modified_time":"2026-02-17T15:27:04+00:00","og_image":[{"width":970,"height":970,"url":"https:\/\/xstyle.md\/wp-content\/uploads\/2024\/06\/fenix-tk35ue-v2.0-led.jpg","type":"image\/jpeg"}],"twitter_card":"summary_large_image","twitter_misc":{"Pre\u021b":"2.970&nbsp;MDL","Disponibilitate":"\u00cen stoc"},"schema":{"@context":"https:\/\/schema.org","@graph":[{"@type":"WebPage","@id":"https:\/\/xstyle.md\/product\/fonar-fenix-tk35ue-v2-0-led\/","url":"https:\/\/xstyle.md\/product\/fonar-fenix-tk35ue-v2-0-led\/","name":"Lantern\u0103 Fenix TK35UE V2.0 LED - Magazin Xstyle","isPartOf":{"@id":"https:\/\/xstyle.md\/#website"},"primaryImageOfPage":{"@id":"https:\/\/xstyle.md\/product\/fonar-fenix-tk35ue-v2-0-led\/#primaryimage"},"image":{"@id":"https:\/\/xstyle.md\/product\/fonar-fenix-tk35ue-v2-0-led\/#primaryimage"},"thumbnailUrl":"https:\/\/xstyle.md\/wp-content\/uploads\/2024\/06\/fenix-tk35ue-v2.0-led.jpg","datePublished":"2024-06-12T13:38:08+00:00","dateModified":"2026-02-17T15:27:04+00:00","description":"Lanterna Fenix TK35UE V2.0 LED: putere de 5000 \u043b\u043c, moduri tactice \u0219i IP68. Fiabil\u0103 \u0219i str\u0103lucitoare, ideal\u0103 pentru activit\u0103\u021bi \u00een aer liber \u0219i aventuri nocturne.","breadcrumb":{"@id":"https:\/\/xstyle.md\/product\/fonar-fenix-tk35ue-v2-0-led\/#breadcrumb"},"inLanguage":"ro-RO","potentialAction":[{"@type":"ReadAction","target":["https:\/\/xstyle.md\/product\/fonar-fenix-tk35ue-v2-0-led\/"]}]},{"@type":"ImageObject","inLanguage":"ro-RO","@id":"https:\/\/xstyle.md\/product\/fonar-fenix-tk35ue-v2-0-led\/#primaryimage","url":"https:\/\/xstyle.md\/wp-content\/uploads\/2024\/06\/fenix-tk35ue-v2.0-led.jpg","contentUrl":"https:\/\/xstyle.md\/wp-content\/uploads\/2024\/06\/fenix-tk35ue-v2.0-led.jpg","width":970,"height":970,"caption":"\u0422\u043e\u043d\u043a\u0438\u0439 \u0444\u043e\u043d\u0430\u0440\u044c Fenix TK35UE V2.0 LED \u0434\u043b\u044f \u0430\u043a\u0442\u0438\u0432\u043d\u043e\u0433\u043e \u043e\u0442\u0434\u044b\u0445\u0430, \u043f\u043e\u0445\u043e\u0434\u043e\u0432, \u0430\u043b\u044c\u043f\u0438\u043d\u0438\u0437\u043c\u0430 \u0438 \u043f\u0443\u0442\u0435\u0448\u0435\u0441\u0442\u0432\u0438\u0439, \u0438\u0434\u0435\u0430\u043b\u044c\u043d\u044b\u0439 \u0434\u043b\u044f \u043e\u043d\u043b\u0430\u0439\u043d \u043c\u0430\u0433\u0430\u0437\u0438\u043d\u0430 \u044d\u043a\u0438\u043f\u0438\u0440\u043e\u0432\u043a\u0438 \u0434\u043b\u044f \u043f\u0440\u0438\u043a\u043b\u044e\u0447\u0435\u043d\u0438\u0439"},{"@type":"BreadcrumbList","@id":"https:\/\/xstyle.md\/product\/fonar-fenix-tk35ue-v2-0-led\/#breadcrumb","itemListElement":[{"@type":"ListItem","position":1,"name":"\u0413\u043b\u0430\u0432\u043d\u0430\u044f \u0441\u0442\u0440\u0430\u043d\u0438\u0446\u0430","item":"https:\/\/xstyle.md\/"},{"@type":"ListItem","position":2,"name":"\u041c\u0430\u0433\u0430\u0437\u0438\u043d","item":"https:\/\/xstyle.md\/shop\/"},{"@type":"ListItem","position":3,"name":"\u0424\u043e\u043d\u0430\u0440\u044c Fenix TK35UE V2.0 LED"}]},{"@type":"WebSite","@id":"https:\/\/xstyle.md\/#website","url":"https:\/\/xstyle.md\/","name":"Magazinul X-Style","description":"Echipamente pentru turism \u0219i sporturi extreme \u00een Moldova. Pre\u021buri, fotografii, caracteristici \u00een Moldova.","publisher":{"@id":"https:\/\/xstyle.md\/#organization"},"alternateName":"X-Style","potentialAction":[{"@type":"SearchAction","target":{"@type":"EntryPoint","urlTemplate":"https:\/\/xstyle.md\/?s={search_term_string}"},"query-input":{"@type":"PropertyValueSpecification","valueRequired":true,"valueName":"search_term_string"}}],"inLanguage":"ro-RO"},{"@type":"Organization","@id":"https:\/\/xstyle.md\/#organization","name":"Magazinul X-Style","alternateName":"x-style","url":"https:\/\/xstyle.md\/","logo":{"@type":"ImageObject","inLanguage":"ro-RO","@id":"https:\/\/xstyle.md\/#\/schema\/logo\/image\/","url":"https:\/\/xstyle.md\/wp-content\/uploads\/2020\/06\/logoicon.svg","contentUrl":"https:\/\/xstyle.md\/wp-content\/uploads\/2020\/06\/logoicon.svg","caption":"\u041c\u0430\u0433\u0430\u0437\u0438\u043d Xstyle"},"image":{"@id":"https:\/\/xstyle.md\/#\/schema\/logo\/image\/"},"sameAs":["https:\/\/www.facebook.com\/xstylemd","https:\/\/www.instagram.com\/xstyle_md\/","https:\/\/t.me\/xstyle_outdoor"],"hasMerchantReturnPolicy":{"@type":"MerchantReturnPolicy","merchantReturnLink":"https:\/\/xstyle.md\/ro\/conditions\/"}}]},"product_price_amount":"2970.00","product_price_currency":"MDL","og_availability":"instock","product_availability":"instock","product_retailer_item_id":"6942870308432","product_condition":"new"},"post_mailing_queue_ids":[],"_links":{"self":[{"href":"https:\/\/xstyle.md\/ro\/wp-json\/wp\/v2\/product\/84701","targetHints":{"allow":["GET"]}}],"collection":[{"href":"https:\/\/xstyle.md\/ro\/wp-json\/wp\/v2\/product"}],"about":[{"href":"https:\/\/xstyle.md\/ro\/wp-json\/wp\/v2\/types\/product"}],"replies":[{"embeddable":true,"href":"https:\/\/xstyle.md\/ro\/wp-json\/wp\/v2\/comments?post=84701"}],"wp:featuredmedia":[{"embeddable":true,"href":"https:\/\/xstyle.md\/ro\/wp-json\/wp\/v2\/media\/85307"}],"wp:attachment":[{"href":"https:\/\/xstyle.md\/ro\/wp-json\/wp\/v2\/media?parent=84701"}],"wp:term":[{"taxonomy":"product_brand","embeddable":true,"href":"https:\/\/xstyle.md\/ro\/wp-json\/wp\/v2\/product_brand?post=84701"},{"taxonomy":"product_cat","embeddable":true,"href":"https:\/\/xstyle.md\/ro\/wp-json\/wp\/v2\/product_cat?post=84701"},{"taxonomy":"product_tag","embeddable":true,"href":"https:\/\/xstyle.md\/ro\/wp-json\/wp\/v2\/product_tag?post=84701"}],"curies":[{"name":"wp","href":"https:\/\/api.w.org\/{rel}","templated":true}]}}