{"id":84700,"date":"2024-06-12T16:38:08","date_gmt":"2024-06-12T13:38:08","guid":{"rendered":"https:\/\/xstyle.md\/?post_type=product&#038;p=84700"},"modified":"2025-11-27T17:49:56","modified_gmt":"2025-11-27T14:49:56","slug":"fonar-fenix-tk22r-led","status":"publish","type":"product","link":"https:\/\/xstyle.md\/ro\/produs\/fonar-fenix-tk22r-led\/","title":{"rendered":"Lantern\u0103 Fenix TK22R LED"},"content":{"rendered":"<\/p>\n<p><strong>Fenix TK22R LED<\/strong> &#8212; lanterna tactic\u0103 cu putere de 3200 lumeni va fi util\u0103 pentru patrulare, autoap\u0103rare sau pentru \u00eendeplinirea sarcinilor oficiale \u0219i tactice. De asemenea, modelele tactice de calitate sunt adesea luate ca un atribut pentru echipamentul turistic.<\/p>\n<p>Dispozitivul este echipat cu un LED Luminus SST70 cu o durat\u0103 de via\u021b\u0103 de p\u00e2n\u0103 la 50.000 de ore. Lanterna include dou\u0103 subgrupuri de iluminare:<\/p>\n<p>Pute\u021bi trece de la un mod la altul cu ajutorul comutatorului patentat FlexiSensa. La cap\u0103tul din spate al lanternei se afl\u0103 o roti\u021b\u0103 pentru trecerea de la modul standby la modul tactic. Func\u021bia de blocare protejeaz\u0103 \u00eempotriva pornirii accidentale. Modelul este alimentat de o baterie marca Fenix ARB-L21-5000 V2.0 cu o capacitate de 5000 mAh. Bateria se \u00eencarc\u0103 prin intermediul unui port USB ascuns sub un inel metalic de pe partea frontal\u0103 a lanternei. Dac\u0103 acumulatorul este introdus incorect \u00een lantern\u0103, se declan\u0219eaz\u0103 protec\u021bia \u00eempotriva polarit\u0103\u021bii inverse.<\/p>\n<p>Lentila este fabricat\u0103 din sticl\u0103 rezistent\u0103 cu strat antireflex. Luneta din o\u021bel tungsten \u00een relief adaug\u0103 o func\u021bie suplimentar\u0103 lunetei din sticl\u0103. Lanterna are o rezisten\u021b\u0103 la impact de 1 metru. Standardul IP68 rezistent la ap\u0103 \u0219i praf indic\u0103 o protec\u021bie fiabil\u0103 a componentelor electronice \u00eempotriva factorilor externi.<\/p>\n<h3>Moduri de operare<\/h3>\n<p><strong>Modul tactic<\/strong><\/p>\n<ul>\n<li><strong>Turbo:<\/strong> luminozitate &#8212; 3 200 lumeni\/ timp de func\u021bionare &#8212; 2 ore 15 minute\/ raz\u0103 de ac\u021biune &#8212; 480 metri<\/li>\n<li><strong>Strob:<\/strong> 3.200 lumeni<\/li>\n<\/ul>\n<p><strong>Modul de func\u021bionare<\/strong><\/p>\n<ul>\n<li><strong>Turbo:<\/strong> luminozitate &#8212; 3200 lumeni\/ timp de func\u021bionare &#8212; 2 ore 15 minute\/ raz\u0103 de ac\u021biune &#8212; 480 metri<\/li>\n<li><strong>High: <\/strong>luminozitate &#8212; 1000 lumeni \/ timp de func\u021bionare &#8212; 2 ore 35 minute \/ raza de ac\u021biune &#8212; 265 metri<\/li>\n<li><strong>Med:<\/strong> luminozitate &#8212; 350 lumeni\/ timp de func\u021bionare &#8212; 7 ore 45 minute\/ raza de ac\u021biune &#8212; 155 metri<\/li>\n<li><strong>Low:<\/strong> luminozitate &#8212; 30 lumeni\/ timp de func\u021bionare &#8212; 50 ore\/ raz\u0103 de ac\u021biune &#8212; 45 metri<\/li>\n<\/ul>\n<h3>Particularit\u0103\u021bi<\/h3>\n<ul>\n<li>6 moduri de func\u021bionare (2 tactice, 4 de a\u0219teptare)<\/li>\n<li>Port Type-C ascuns pentru \u00eenc\u0103rcarea bateriei<\/li>\n<li>Rezistent\u0103 la \u0219ocuri &#8212; 1 metru<\/li>\n<li>Lanterna este echipat\u0103 cu benzi \u00een relief pentru o prindere u\u0219oar\u0103, ram\u0103 din sticl\u0103 \u0219i protec\u021bie \u00eempotriva polarit\u0103\u021bii inverse \u00een cazul instal\u0103rii incorecte a bateriei.<\/li>\n<li>Lanterna este prev\u0103zut\u0103 cu o curea de curea \u0219i un m\u00e2ner metalic deta\u0219abil.<\/li>\n<\/ul>\n<h3>Caracteristici<\/h3>\n<ul>\n<li>Surs\u0103 de alimentare &#8212; ARB-L21-5000 V2.0 cu o capacitate de 5000 mAh<\/li>\n<li>Flux luminos &#8212; 3200 lm<\/li>\n<li>Raza de ac\u021biune a fasciculului &#8212; 480 m<\/li>\n<li>Timp maxim de func\u021bionare &#8212; 50 de ore<\/li>\n<li>Rezistent la ap\u0103 &#8212; IP68<\/li>\n<li>Material &#8212; aluminiu A6061-T6<\/li>\n<li>Dimensiuni &#8212; 158 x 40 x 25,4 mm<\/li>\n<li>Greutate &#8212; 218 g<\/li>\n<\/ul>\n<h3>Marca<\/h3>\n<p>Fenix este cel mai important produc\u0103tor mondial de lanterne moderne: tactice, de c\u0103l\u0103torie, proiectoare, lumini pentru biciclete \u0219i accesorii. Fondat\u0103 acum mai bine de 20 de ani, compania este recunoscut\u0103 de cei care apreciaz\u0103 func\u021bionalitatea \u0219i performan\u021ba. Produsele Fenix sunt utilizate pe scar\u0103 larg\u0103 \u00een cas\u0103, de c\u0103tre sportivi, excursioni\u0219ti \u0219i organiza\u021bii specializate pentru durata de via\u021b\u0103 \u00eendelungat\u0103 a bateriei, designul ergonomic \u0219i puterea uimitoare. Fabricate din aluminiu aeronautic triplu anodizat \u0219i prev\u0103zute cu sticl\u0103 rezistent\u0103 la \u0219ocuri, acestea sunt ideale at\u00e2t pentru utilizarea zilnic\u0103, c\u00e2t \u0219i pentru activit\u0103\u021bile \u00een aer liber. Produsele Fenix sunt acum disponibile \u00een peste 100 de \u021b\u0103ri, ajung\u00e2nd la zeci de milioane de utilizatori din \u00eentreaga lume.<\/p>\n<p><\/p>","protected":false},"excerpt":{"rendered":"","protected":false},"featured_media":85303,"comment_status":"open","ping_status":"closed","template":"","meta":{"_acf_changed":false,"inline_featured_image":false},"product_brand":[1351],"product_cat":[462],"product_tag":[],"class_list":{"0":"post-84700","1":"product","2":"type-product","3":"status-publish","4":"has-post-thumbnail","6":"product_brand-fenix","7":"product_cat-lumini-de-mana","9":"first","10":"instock","11":"shipping-taxable","12":"purchasable","13":"product-type-simple"},"acf":[],"yoast_head":"<!-- This site is optimized with the Yoast SEO plugin v27.2 - https:\/\/yoast.com\/product\/yoast-seo-wordpress\/ -->\n<title>\u0424\u043e\u043d\u0430\u0440\u044c Fenix TK22R LED - \u041c\u0430\u0433\u0430\u0437\u0438\u043d Xstyle<\/title>\n<meta name=\"description\" content=\"\u0424\u043e\u043d\u0430\u0440\u044c Fenix TK22R LED 3200 \u041b\u043c \u2014 \u043c\u043e\u0449\u043d\u044b\u0439 \u0441\u0432\u0435\u0442 \u0434\u043b\u044f \u0430\u0432\u0442\u043e\u0441\u0442\u0440\u0430\u0434, \u0430\u043a\u0442\u0438\u0432\u043d\u043e\u0433\u043e \u043e\u0442\u0434\u044b\u0445\u0430 \u0438 \u0441\u0430\u043c\u043e\u0437\u0430\u0449\u0438\u0442\u044b. IP68, USB, \u043a\u043e\u043c\u043f\u0430\u043a\u0442\u043d\u044b\u0439 \u0438 \u043d\u0430\u0434\u0435\u0436\u043d\u044b\u0439. \u0417\u0430\u043a\u0430\u0436\u0438\u0442\u0435 \u0441\u0435\u0439\u0447\u0430\u0441!\" \/>\n<meta name=\"robots\" content=\"index, follow, max-snippet:-1, max-image-preview:large, max-video-preview:-1\" \/>\n<link rel=\"canonical\" href=\"https:\/\/xstyle.md\/ro\/produs\/fonar-fenix-tk22r-led\/\" \/>\n<meta property=\"og:locale\" content=\"ro_RO\" \/>\n<meta property=\"og:type\" content=\"article\" \/>\n<meta property=\"og:title\" content=\"\u0424\u043e\u043d\u0430\u0440\u044c Fenix TK22R LED - \u041c\u0430\u0433\u0430\u0437\u0438\u043d Xstyle\" \/>\n<meta property=\"og:description\" content=\"\u0424\u043e\u043d\u0430\u0440\u044c Fenix TK22R LED 3200 \u041b\u043c \u2014 \u043c\u043e\u0449\u043d\u044b\u0439 \u0441\u0432\u0435\u0442 \u0434\u043b\u044f \u0430\u0432\u0442\u043e\u0441\u0442\u0440\u0430\u0434, \u0430\u043a\u0442\u0438\u0432\u043d\u043e\u0433\u043e \u043e\u0442\u0434\u044b\u0445\u0430 \u0438 \u0441\u0430\u043c\u043e\u0437\u0430\u0449\u0438\u0442\u044b. IP68, USB, \u043a\u043e\u043c\u043f\u0430\u043a\u0442\u043d\u044b\u0439 \u0438 \u043d\u0430\u0434\u0435\u0436\u043d\u044b\u0439. \u0417\u0430\u043a\u0430\u0436\u0438\u0442\u0435 \u0441\u0435\u0439\u0447\u0430\u0441!\" \/>\n<meta property=\"og:url\" content=\"https:\/\/xstyle.md\/ro\/produs\/fonar-fenix-tk22r-led\/\" \/>\n<meta property=\"og:site_name\" content=\"\u041c\u0430\u0433\u0430\u0437\u0438\u043d Xstyle\" \/>\n<meta property=\"article:publisher\" content=\"https:\/\/www.facebook.com\/xstylemd\" \/>\n<meta property=\"article:modified_time\" content=\"2025-11-27T14:49:56+00:00\" \/>\n<meta property=\"og:image\" content=\"https:\/\/xstyle.md\/wp-content\/uploads\/2024\/06\/fenix-tk22r-led.jpg\" \/>\n\t<meta property=\"og:image:width\" content=\"800\" \/>\n\t<meta property=\"og:image:height\" content=\"800\" \/>\n\t<meta property=\"og:image:type\" content=\"image\/jpeg\" \/>\n<meta name=\"twitter:card\" content=\"summary_large_image\" \/>\n<meta name=\"twitter:label1\" content=\"Pre\u021b\" \/>\n\t<meta name=\"twitter:data1\" content=\"3.190&nbsp;MDL\" \/>\n\t<meta name=\"twitter:label2\" content=\"Disponibilitate\" \/>\n\t<meta name=\"twitter:data2\" content=\"\u00cen stoc\" \/>\n<script type=\"application\/ld+json\" class=\"yoast-schema-graph\">{\"@context\":\"https:\/\/schema.org\",\"@graph\":[{\"@type\":\"WebPage\",\"@id\":\"https:\/\/xstyle.md\/product\/fonar-fenix-tk22r-led\/\",\"url\":\"https:\/\/xstyle.md\/product\/fonar-fenix-tk22r-led\/\",\"name\":\"\u0424\u043e\u043d\u0430\u0440\u044c Fenix TK22R LED - \u041c\u0430\u0433\u0430\u0437\u0438\u043d Xstyle\",\"isPartOf\":{\"@id\":\"https:\/\/xstyle.md\/#website\"},\"primaryImageOfPage\":{\"@id\":\"https:\/\/xstyle.md\/product\/fonar-fenix-tk22r-led\/#primaryimage\"},\"image\":{\"@id\":\"https:\/\/xstyle.md\/product\/fonar-fenix-tk22r-led\/#primaryimage\"},\"thumbnailUrl\":\"https:\/\/xstyle.md\/wp-content\/uploads\/2024\/06\/fenix-tk22r-led.jpg\",\"datePublished\":\"2024-06-12T13:38:08+00:00\",\"dateModified\":\"2025-11-27T14:49:56+00:00\",\"description\":\"\u0424\u043e\u043d\u0430\u0440\u044c Fenix TK22R LED 3200 \u041b\u043c \u2014 \u043c\u043e\u0449\u043d\u044b\u0439 \u0441\u0432\u0435\u0442 \u0434\u043b\u044f \u0430\u0432\u0442\u043e\u0441\u0442\u0440\u0430\u0434, \u0430\u043a\u0442\u0438\u0432\u043d\u043e\u0433\u043e \u043e\u0442\u0434\u044b\u0445\u0430 \u0438 \u0441\u0430\u043c\u043e\u0437\u0430\u0449\u0438\u0442\u044b. IP68, USB, \u043a\u043e\u043c\u043f\u0430\u043a\u0442\u043d\u044b\u0439 \u0438 \u043d\u0430\u0434\u0435\u0436\u043d\u044b\u0439. \u0417\u0430\u043a\u0430\u0436\u0438\u0442\u0435 \u0441\u0435\u0439\u0447\u0430\u0441!\",\"breadcrumb\":{\"@id\":\"https:\/\/xstyle.md\/product\/fonar-fenix-tk22r-led\/#breadcrumb\"},\"inLanguage\":\"ro-RO\",\"potentialAction\":[{\"@type\":\"ReadAction\",\"target\":[\"https:\/\/xstyle.md\/product\/fonar-fenix-tk22r-led\/\"]}]},{\"@type\":\"ImageObject\",\"inLanguage\":\"ro-RO\",\"@id\":\"https:\/\/xstyle.md\/product\/fonar-fenix-tk22r-led\/#primaryimage\",\"url\":\"https:\/\/xstyle.md\/wp-content\/uploads\/2024\/06\/fenix-tk22r-led.jpg\",\"contentUrl\":\"https:\/\/xstyle.md\/wp-content\/uploads\/2024\/06\/fenix-tk22r-led.jpg\",\"width\":800,\"height\":800,\"caption\":\"\u0424\u043e\u043d\u0430\u0440\u044c Fenix TK22R LED \u0434\u043b\u044f \u0430\u043a\u0442\u0438\u0432\u043d\u043e\u0433\u043e \u043e\u0442\u0434\u044b\u0445\u0430 \u043f\u043e\u0445\u043e\u0434\u043e\u0432 \u0433\u043e\u0440\u043d\u044b\u0445 \u0432\u043e\u0441\u0445\u043e\u0436\u0434\u0435\u043d\u0438\u0439 \u043f\u0443\u0442\u0435\u0448\u0435\u0441\u0442\u0432\u0438\u0439 \u0441\u043f\u043e\u0440\u0442\u0438\u0432\u043d\u043e\u0439 \u044d\u043a\u0438\u043f\u0438\u0440\u043e\u0432\u043a\u0438 \u0438 \u043e\u0431\u0443\u0432\u0438 \u0434\u043b\u044f \u0442\u0443\u0440\u0438\u0437\u043c\u0430 \u0438 \u0430\u043b\u044c\u043f\u0438\u043d\u0438\u0437\u043c\u0430\"},{\"@type\":\"BreadcrumbList\",\"@id\":\"https:\/\/xstyle.md\/product\/fonar-fenix-tk22r-led\/#breadcrumb\",\"itemListElement\":[{\"@type\":\"ListItem\",\"position\":1,\"name\":\"\u0413\u043b\u0430\u0432\u043d\u0430\u044f \u0441\u0442\u0440\u0430\u043d\u0438\u0446\u0430\",\"item\":\"https:\/\/xstyle.md\/\"},{\"@type\":\"ListItem\",\"position\":2,\"name\":\"\u041c\u0430\u0433\u0430\u0437\u0438\u043d\",\"item\":\"https:\/\/xstyle.md\/shop\/\"},{\"@type\":\"ListItem\",\"position\":3,\"name\":\"\u0424\u043e\u043d\u0430\u0440\u044c Fenix TK22R LED\"}]},{\"@type\":\"WebSite\",\"@id\":\"https:\/\/xstyle.md\/#website\",\"url\":\"https:\/\/xstyle.md\/\",\"name\":\"\u041c\u0430\u0433\u0430\u0437\u0438\u043d Xstyle\",\"description\":\"C\u043d\u0430\u0440\u044f\u0436\u0435\u043d\u0438\u0435 \u0434\u043b\u044f \u0442\u0443\u0440\u0438\u0437\u043c\u0430 \u0438 \u044d\u043a\u0441\u0442\u0440\u0435\u043c\u0430\u043b\u044c\u043d\u044b\u0445 \u0432\u0438\u0434\u043e\u0432 \u0441\u043f\u043e\u0440\u0442\u0430 \u0432 \u041c\u043e\u043b\u0434\u043e\u0432\u0435.. \u0426\u0435\u043d\u044b, \u0444\u043e\u0442\u043e, \u0445\u0430\u0440\u0430\u043a\u0442\u0435\u0440\u0438\u0441\u0442\u0438\u043a\u0438 \u0432 \u041c\u043e\u043b\u0434\u043e\u0432\u0435.\",\"publisher\":{\"@id\":\"https:\/\/xstyle.md\/#organization\"},\"alternateName\":\"X-Style\",\"potentialAction\":[{\"@type\":\"SearchAction\",\"target\":{\"@type\":\"EntryPoint\",\"urlTemplate\":\"https:\/\/xstyle.md\/?s={search_term_string}\"},\"query-input\":{\"@type\":\"PropertyValueSpecification\",\"valueRequired\":true,\"valueName\":\"search_term_string\"}}],\"inLanguage\":\"ro-RO\"},{\"@type\":\"Organization\",\"@id\":\"https:\/\/xstyle.md\/#organization\",\"name\":\"\u041c\u0430\u0433\u0430\u0437\u0438\u043d Xstyle\",\"alternateName\":\"x-style\",\"url\":\"https:\/\/xstyle.md\/\",\"logo\":{\"@type\":\"ImageObject\",\"inLanguage\":\"ro-RO\",\"@id\":\"https:\/\/xstyle.md\/#\/schema\/logo\/image\/\",\"url\":\"https:\/\/xstyle.md\/wp-content\/uploads\/2020\/06\/logoicon.svg\",\"contentUrl\":\"https:\/\/xstyle.md\/wp-content\/uploads\/2020\/06\/logoicon.svg\",\"caption\":\"\u041c\u0430\u0433\u0430\u0437\u0438\u043d Xstyle\"},\"image\":{\"@id\":\"https:\/\/xstyle.md\/#\/schema\/logo\/image\/\"},\"sameAs\":[\"https:\/\/www.facebook.com\/xstylemd\",\"https:\/\/www.instagram.com\/xstyle_md\/\",\"https:\/\/t.me\/xstyle_outdoor\"],\"hasMerchantReturnPolicy\":{\"@type\":\"MerchantReturnPolicy\",\"merchantReturnLink\":\"https:\/\/xstyle.md\/ro\/conditions\/\"}}]}<\/script>\n<meta property=\"product:price:amount\" content=\"3190.00\" \/>\n<meta property=\"product:price:currency\" content=\"MDL\" \/>\n<meta property=\"og:availability\" content=\"instock\" \/>\n<meta property=\"product:availability\" content=\"instock\" \/>\n<meta property=\"product:retailer_item_id\" content=\"6942870310572\" \/>\n<meta property=\"product:condition\" content=\"new\" \/>\n<!-- \/ Yoast SEO plugin. -->","yoast_head_json":{"title":"Lantern\u0103 Fenix TK22R LED - Magazin Xstyle","description":"Lanterna Fenix TK22R LED 3200 Lm \u2014 lumin\u0103 puternic\u0103 pentru autostr\u0103zi, activit\u0103\u021bi \u00een aer liber \u0219i autoap\u0103rare. IP68, USB, compact\u0103 \u0219i fiabil\u0103. Comand\u0103 acum!","robots":{"index":"index","follow":"follow","max-snippet":"max-snippet:-1","max-image-preview":"max-image-preview:large","max-video-preview":"max-video-preview:-1"},"canonical":"https:\/\/xstyle.md\/ro\/produs\/fonar-fenix-tk22r-led\/","og_locale":"ro_RO","og_type":"article","og_title":"\u0424\u043e\u043d\u0430\u0440\u044c Fenix TK22R LED - \u041c\u0430\u0433\u0430\u0437\u0438\u043d Xstyle","og_description":"\u0424\u043e\u043d\u0430\u0440\u044c Fenix TK22R LED 3200 \u041b\u043c \u2014 \u043c\u043e\u0449\u043d\u044b\u0439 \u0441\u0432\u0435\u0442 \u0434\u043b\u044f \u0430\u0432\u0442\u043e\u0441\u0442\u0440\u0430\u0434, \u0430\u043a\u0442\u0438\u0432\u043d\u043e\u0433\u043e \u043e\u0442\u0434\u044b\u0445\u0430 \u0438 \u0441\u0430\u043c\u043e\u0437\u0430\u0449\u0438\u0442\u044b. IP68, USB, \u043a\u043e\u043c\u043f\u0430\u043a\u0442\u043d\u044b\u0439 \u0438 \u043d\u0430\u0434\u0435\u0436\u043d\u044b\u0439. \u0417\u0430\u043a\u0430\u0436\u0438\u0442\u0435 \u0441\u0435\u0439\u0447\u0430\u0441!","og_url":"https:\/\/xstyle.md\/ro\/produs\/fonar-fenix-tk22r-led\/","og_site_name":"\u041c\u0430\u0433\u0430\u0437\u0438\u043d Xstyle","article_publisher":"https:\/\/www.facebook.com\/xstylemd","article_modified_time":"2025-11-27T14:49:56+00:00","og_image":[{"width":800,"height":800,"url":"https:\/\/xstyle.md\/wp-content\/uploads\/2024\/06\/fenix-tk22r-led.jpg","type":"image\/jpeg"}],"twitter_card":"summary_large_image","twitter_misc":{"Pre\u021b":"3.190&nbsp;MDL","Disponibilitate":"\u00cen stoc"},"schema":{"@context":"https:\/\/schema.org","@graph":[{"@type":"WebPage","@id":"https:\/\/xstyle.md\/product\/fonar-fenix-tk22r-led\/","url":"https:\/\/xstyle.md\/product\/fonar-fenix-tk22r-led\/","name":"Lantern\u0103 Fenix TK22R LED - Magazin Xstyle","isPartOf":{"@id":"https:\/\/xstyle.md\/#website"},"primaryImageOfPage":{"@id":"https:\/\/xstyle.md\/product\/fonar-fenix-tk22r-led\/#primaryimage"},"image":{"@id":"https:\/\/xstyle.md\/product\/fonar-fenix-tk22r-led\/#primaryimage"},"thumbnailUrl":"https:\/\/xstyle.md\/wp-content\/uploads\/2024\/06\/fenix-tk22r-led.jpg","datePublished":"2024-06-12T13:38:08+00:00","dateModified":"2025-11-27T14:49:56+00:00","description":"Lanterna Fenix TK22R LED 3200 Lm \u2014 lumin\u0103 puternic\u0103 pentru autostr\u0103zi, activit\u0103\u021bi \u00een aer liber \u0219i autoap\u0103rare. IP68, USB, compact\u0103 \u0219i fiabil\u0103. Comand\u0103 acum!","breadcrumb":{"@id":"https:\/\/xstyle.md\/product\/fonar-fenix-tk22r-led\/#breadcrumb"},"inLanguage":"ro-RO","potentialAction":[{"@type":"ReadAction","target":["https:\/\/xstyle.md\/product\/fonar-fenix-tk22r-led\/"]}]},{"@type":"ImageObject","inLanguage":"ro-RO","@id":"https:\/\/xstyle.md\/product\/fonar-fenix-tk22r-led\/#primaryimage","url":"https:\/\/xstyle.md\/wp-content\/uploads\/2024\/06\/fenix-tk22r-led.jpg","contentUrl":"https:\/\/xstyle.md\/wp-content\/uploads\/2024\/06\/fenix-tk22r-led.jpg","width":800,"height":800,"caption":"\u0424\u043e\u043d\u0430\u0440\u044c Fenix TK22R LED \u0434\u043b\u044f \u0430\u043a\u0442\u0438\u0432\u043d\u043e\u0433\u043e \u043e\u0442\u0434\u044b\u0445\u0430 \u043f\u043e\u0445\u043e\u0434\u043e\u0432 \u0433\u043e\u0440\u043d\u044b\u0445 \u0432\u043e\u0441\u0445\u043e\u0436\u0434\u0435\u043d\u0438\u0439 \u043f\u0443\u0442\u0435\u0448\u0435\u0441\u0442\u0432\u0438\u0439 \u0441\u043f\u043e\u0440\u0442\u0438\u0432\u043d\u043e\u0439 \u044d\u043a\u0438\u043f\u0438\u0440\u043e\u0432\u043a\u0438 \u0438 \u043e\u0431\u0443\u0432\u0438 \u0434\u043b\u044f \u0442\u0443\u0440\u0438\u0437\u043c\u0430 \u0438 \u0430\u043b\u044c\u043f\u0438\u043d\u0438\u0437\u043c\u0430"},{"@type":"BreadcrumbList","@id":"https:\/\/xstyle.md\/product\/fonar-fenix-tk22r-led\/#breadcrumb","itemListElement":[{"@type":"ListItem","position":1,"name":"\u0413\u043b\u0430\u0432\u043d\u0430\u044f \u0441\u0442\u0440\u0430\u043d\u0438\u0446\u0430","item":"https:\/\/xstyle.md\/"},{"@type":"ListItem","position":2,"name":"\u041c\u0430\u0433\u0430\u0437\u0438\u043d","item":"https:\/\/xstyle.md\/shop\/"},{"@type":"ListItem","position":3,"name":"\u0424\u043e\u043d\u0430\u0440\u044c Fenix TK22R LED"}]},{"@type":"WebSite","@id":"https:\/\/xstyle.md\/#website","url":"https:\/\/xstyle.md\/","name":"Magazinul X-Style","description":"Echipamente pentru turism \u0219i sporturi extreme \u00een Moldova. Pre\u021buri, fotografii, caracteristici \u00een Moldova.","publisher":{"@id":"https:\/\/xstyle.md\/#organization"},"alternateName":"X-Style","potentialAction":[{"@type":"SearchAction","target":{"@type":"EntryPoint","urlTemplate":"https:\/\/xstyle.md\/?s={search_term_string}"},"query-input":{"@type":"PropertyValueSpecification","valueRequired":true,"valueName":"search_term_string"}}],"inLanguage":"ro-RO"},{"@type":"Organization","@id":"https:\/\/xstyle.md\/#organization","name":"Magazinul X-Style","alternateName":"x-style","url":"https:\/\/xstyle.md\/","logo":{"@type":"ImageObject","inLanguage":"ro-RO","@id":"https:\/\/xstyle.md\/#\/schema\/logo\/image\/","url":"https:\/\/xstyle.md\/wp-content\/uploads\/2020\/06\/logoicon.svg","contentUrl":"https:\/\/xstyle.md\/wp-content\/uploads\/2020\/06\/logoicon.svg","caption":"\u041c\u0430\u0433\u0430\u0437\u0438\u043d Xstyle"},"image":{"@id":"https:\/\/xstyle.md\/#\/schema\/logo\/image\/"},"sameAs":["https:\/\/www.facebook.com\/xstylemd","https:\/\/www.instagram.com\/xstyle_md\/","https:\/\/t.me\/xstyle_outdoor"],"hasMerchantReturnPolicy":{"@type":"MerchantReturnPolicy","merchantReturnLink":"https:\/\/xstyle.md\/ro\/conditions\/"}}]},"product_price_amount":"3190.00","product_price_currency":"MDL","og_availability":"instock","product_availability":"instock","product_retailer_item_id":"6942870310572","product_condition":"new"},"post_mailing_queue_ids":[],"_links":{"self":[{"href":"https:\/\/xstyle.md\/ro\/wp-json\/wp\/v2\/product\/84700","targetHints":{"allow":["GET"]}}],"collection":[{"href":"https:\/\/xstyle.md\/ro\/wp-json\/wp\/v2\/product"}],"about":[{"href":"https:\/\/xstyle.md\/ro\/wp-json\/wp\/v2\/types\/product"}],"replies":[{"embeddable":true,"href":"https:\/\/xstyle.md\/ro\/wp-json\/wp\/v2\/comments?post=84700"}],"wp:featuredmedia":[{"embeddable":true,"href":"https:\/\/xstyle.md\/ro\/wp-json\/wp\/v2\/media\/85303"}],"wp:attachment":[{"href":"https:\/\/xstyle.md\/ro\/wp-json\/wp\/v2\/media?parent=84700"}],"wp:term":[{"taxonomy":"product_brand","embeddable":true,"href":"https:\/\/xstyle.md\/ro\/wp-json\/wp\/v2\/product_brand?post=84700"},{"taxonomy":"product_cat","embeddable":true,"href":"https:\/\/xstyle.md\/ro\/wp-json\/wp\/v2\/product_cat?post=84700"},{"taxonomy":"product_tag","embeddable":true,"href":"https:\/\/xstyle.md\/ro\/wp-json\/wp\/v2\/product_tag?post=84700"}],"curies":[{"name":"wp","href":"https:\/\/api.w.org\/{rel}","templated":true}]}}