{"id":84695,"date":"2024-06-12T16:38:07","date_gmt":"2024-06-12T13:38:07","guid":{"rendered":"https:\/\/xstyle.md\/?post_type=product&#038;p=84695"},"modified":"2025-11-27T17:49:52","modified_gmt":"2025-11-27T14:49:52","slug":"fonar-fenix-e28r-v2-0-led","status":"publish","type":"product","link":"https:\/\/xstyle.md\/ro\/produs\/fonar-fenix-e28r-v2-0-led\/","title":{"rendered":"Lantern\u0103 Fenix E28R V2.0 LED"},"content":{"rendered":"<\/p>\n<p><strong>Fenix E28R V2.0 LED<\/strong> &#8212; Mmult-a\u0219teptata lantern\u0103 pentru fiecare zi, cu baterie \u0219i \u00eenc\u0103rcare \u00een carcas\u0103. Func\u021bioneaz\u0103 cu o baterie de 3400 mAh, care vine cu lanterna \u0219i \u201estoarce\u201d o luminozitate maxim\u0103 de 1700 lumeni cu o distan\u021b\u0103 a fasciculului de p\u00e2n\u0103 la 273 de metri. Portul USB Type-C v\u0103 permite s\u0103 \u00eenc\u0103rca\u021bi tor\u021ba rapid \u0219i convenabil. Purta\u021bi f\u0103r\u0103 efort aceast\u0103 lantern\u0103 compact\u0103 \u00een fiecare zi \u00een buzunar sau \u021bine\u021bi-o \u00een m\u00e2n\u0103. Control simplu al tuturor func\u021biilor cu un singur buton lateral. Semnalul luminos unic \u00eei poate alerta pe ceilal\u021bi de loca\u021bia dvs. \u00een caz de alarm\u0103 \u0219i v\u0103 poate spori siguran\u021ba. De asemenea, are o coad\u0103 magnetic\u0103, un clip cu dou\u0103 pozi\u021bii \u0219i protec\u021bie IP68 la ap\u0103 \u0219i praf. Compact\u0103 \u0219i durabil\u0103, E28R V2.0 este lanterna perfect\u0103 pentru utilizarea zilnic\u0103, camping \u0219i c\u0103l\u0103torii!<\/p>\n<h3>Modul de operare<\/h3>\n<ul>\n<li><strong>Turbo:<\/strong> luminozitate &#8212; 1700 lumeni\/ timp de func\u021bionare &#8212; 2 ore \u0219i 10 minute\/ raz\u0103 de ac\u021biune &#8212; 273 metri<\/li>\n<li><strong>High:<\/strong> luminozitate &#8212; 600 lumeni\/ timp de func\u021bionare &#8212; 2 ore \u0219i 50 de minute\/ raz\u0103 de ac\u021biune &#8212; 164 metri<\/li>\n<li><strong>Med:<\/strong> luminozitate &#8212; 1500 lumeni\/ timp de func\u021bionare &#8212; 17 ore 15 minute\/ raz\u0103 de ac\u021biune &#8212; 80 metri<\/li>\n<li><strong>Low:<\/strong> luminozitate &#8212; 50 lumeni\/ timp de func\u021bionare &#8212; 36 ore 50 minute\/ raz\u0103 de ac\u021biune &#8212; 45 metri<\/li>\n<li><strong>Eco:<\/strong> luminozitate &#8212; 5 lumeni\/ timp de func\u021bionare &#8212; 260 ore\/ raz\u0103 de ac\u021biune &#8212; 15 metri<\/li>\n<li><strong>Strob:<\/strong> luminozitate &#8212; 1700 lumeni<\/li>\n<li><strong>SOS:<\/strong> 1 lumen<\/li>\n<\/ul>\n<h3>Particularit\u0103\u021bi<\/h3>\n<ul>\n<li>LUMINUS SST40 LED alb rece, 50.000 de ore de via\u021b\u0103 a LED-urilor<\/li>\n<li>\u00cenc\u0103rcare rapid\u0103 prin portul USB Type-C cu protec\u021bie impermeabil\u0103 intern\u0103<\/li>\n<li>Selectare u\u0219oar\u0103 a modului cu ajutorul butonului lateral<\/li>\n<li>Baterii: 1 x ARB-L18-3400 18650 Li-ion baterie inclus\u0103<\/li>\n<li>Strob instantaneu<\/li>\n<li>Coada magnetic\u0103 elibereaz\u0103 m\u00e2inile<\/li>\n<li>Clema cu dou\u0103 pozi\u021bii v\u0103 permite s\u0103 ata\u0219a\u021bi lanterna la diverse accesorii<\/li>\n<li>Semnalul luminos unic \u00eei poate alerta pe ceilal\u021bi de loca\u021bia dvs. \u00een caz de alarm\u0103 \u0219i v\u0103 poate spori siguran\u021ba<\/li>\n<li>Corp complet metalic cu prelucrare de \u00eenalt\u0103 precizie, material: aluminiu A6061-T6<\/li>\n<li>Acoperirea corpului: anodizare de \u00eenalt\u0103 rezisten\u021b\u0103 cu duritate HAIII premium, rezistent\u0103 la abraziune.<\/li>\n<\/ul>\n<h3>Caracteristici<\/h3>\n<ul>\n<li>LED-uri &#8212; LUMINUS SST-40<\/li>\n<li>Flux luminos &#8212; 1700 lm<\/li>\n<li>Raza de ac\u021biune a fasciculului &#8212; 273 m<\/li>\n<li>Timp maxim de func\u021bionare &#8212; 260 h<\/li>\n<li>Rezistent la ap\u0103 &#8212; IP68<\/li>\n<li>Dimensiuni &#8212; 121 x 26,5 x 22,5 mm<\/li>\n<li>Greutate &#8212; 128 g<\/li>\n<\/ul>\n<h3>Setul include<\/h3>\n<ul>\n<li>Lantern\u0103 cu LED Fenix E28R V2.0<\/li>\n<li>Baterie 18650 ARB-L18-3400<\/li>\n<li>Cablu de \u00eenc\u0103rcare rapid\u0103 USB Type-C<\/li>\n<li>Curea<\/li>\n<li>O-ring de rezerv\u0103<\/li>\n<li>Manual de instruc\u021biuni<\/li>\n<li>Card de garan\u021bie<\/li>\n<\/ul>\n<h3>Marca<\/h3>\n<p>Fenix este cel mai important produc\u0103tor mondial de lanterne moderne: tactice, de c\u0103l\u0103torie, proiectoare, lumini pentru biciclete \u0219i accesorii. Fondat\u0103 acum mai bine de 20 de ani, compania este recunoscut\u0103 de cei care apreciaz\u0103 func\u021bionalitatea \u0219i performan\u021ba. Produsele Fenix sunt utilizate pe scar\u0103 larg\u0103 \u00een cas\u0103, de c\u0103tre sportivi, excursioni\u0219ti \u0219i organiza\u021bii specializate pentru durata de via\u021b\u0103 \u00eendelungat\u0103 a bateriei, designul ergonomic \u0219i puterea uimitoare. Fabricate din aluminiu aeronautic triplu anodizat \u0219i prev\u0103zute cu sticl\u0103 rezistent\u0103 la \u0219ocuri, acestea sunt ideale at\u00e2t pentru utilizarea zilnic\u0103, c\u00e2t \u0219i pentru activit\u0103\u021bile \u00een aer liber. Produsele Fenix sunt acum disponibile \u00een peste 100 de \u021b\u0103ri, ajung\u00e2nd la zeci de milioane de utilizatori din \u00eentreaga lume.<\/p>\n<p><\/p>","protected":false},"excerpt":{"rendered":"","protected":false},"featured_media":85133,"comment_status":"open","ping_status":"closed","template":"","meta":{"_acf_changed":false,"inline_featured_image":false},"product_brand":[1351],"product_cat":[462],"product_tag":[],"class_list":{"0":"post-84695","1":"product","2":"type-product","3":"status-publish","4":"has-post-thumbnail","6":"product_brand-fenix","7":"product_cat-lumini-de-mana","9":"first","10":"instock","11":"shipping-taxable","12":"purchasable","13":"product-type-simple"},"acf":[],"yoast_head":"<!-- This site is optimized with the Yoast SEO plugin v27.2 - https:\/\/yoast.com\/product\/yoast-seo-wordpress\/ -->\n<title>\u0424\u043e\u043d\u0430\u0440\u044c Fenix E28R V2.0 LED - \u041c\u0430\u0433\u0430\u0437\u0438\u043d Xstyle<\/title>\n<meta name=\"description\" content=\"\u0424\u043e\u043d\u0430\u0440\u044c Fenix E28R V2.0 \u0441 \u044f\u0440\u043a\u043e\u0441\u0442\u044c\u044e \u0434\u043e 1700 \u041b\u043c \u0438 IP68, USB Type-C. \u041d\u0430\u0434\u0435\u0436\u043d\u044b\u0439 \u0432\u044b\u0431\u043e\u0440 \u0434\u043b\u044f \u0430\u043a\u0442\u0438\u0432\u043d\u043e\u0433\u043e \u043e\u0442\u0434\u044b\u0445\u0430 \u0438 \u044d\u043a\u0441\u0442\u0440\u0435\u043c\u0430\u043b\u044c\u043d\u044b\u0445 \u0443\u0441\u043b\u043e\u0432\u0438\u0439.\" \/>\n<meta name=\"robots\" content=\"index, follow, max-snippet:-1, max-image-preview:large, max-video-preview:-1\" \/>\n<link rel=\"canonical\" href=\"https:\/\/xstyle.md\/ro\/produs\/fonar-fenix-e28r-v2-0-led\/\" \/>\n<meta property=\"og:locale\" content=\"ro_RO\" \/>\n<meta property=\"og:type\" content=\"article\" \/>\n<meta property=\"og:title\" content=\"\u0424\u043e\u043d\u0430\u0440\u044c Fenix E28R V2.0 LED - \u041c\u0430\u0433\u0430\u0437\u0438\u043d Xstyle\" \/>\n<meta property=\"og:description\" content=\"\u0424\u043e\u043d\u0430\u0440\u044c Fenix E28R V2.0 \u0441 \u044f\u0440\u043a\u043e\u0441\u0442\u044c\u044e \u0434\u043e 1700 \u041b\u043c \u0438 IP68, USB Type-C. \u041d\u0430\u0434\u0435\u0436\u043d\u044b\u0439 \u0432\u044b\u0431\u043e\u0440 \u0434\u043b\u044f \u0430\u043a\u0442\u0438\u0432\u043d\u043e\u0433\u043e \u043e\u0442\u0434\u044b\u0445\u0430 \u0438 \u044d\u043a\u0441\u0442\u0440\u0435\u043c\u0430\u043b\u044c\u043d\u044b\u0445 \u0443\u0441\u043b\u043e\u0432\u0438\u0439.\" \/>\n<meta property=\"og:url\" content=\"https:\/\/xstyle.md\/ro\/produs\/fonar-fenix-e28r-v2-0-led\/\" \/>\n<meta property=\"og:site_name\" content=\"\u041c\u0430\u0433\u0430\u0437\u0438\u043d Xstyle\" \/>\n<meta property=\"article:publisher\" content=\"https:\/\/www.facebook.com\/xstylemd\" \/>\n<meta property=\"article:modified_time\" content=\"2025-11-27T14:49:52+00:00\" \/>\n<meta property=\"og:image\" content=\"https:\/\/xstyle.md\/wp-content\/uploads\/2024\/06\/fenix-e28r-v2.0-led-1.jpg\" \/>\n\t<meta property=\"og:image:width\" content=\"970\" \/>\n\t<meta property=\"og:image:height\" content=\"970\" \/>\n\t<meta property=\"og:image:type\" content=\"image\/jpeg\" \/>\n<meta name=\"twitter:card\" content=\"summary_large_image\" \/>\n<meta name=\"twitter:label1\" content=\"Pre\u021b\" \/>\n\t<meta name=\"twitter:data1\" content=\"1.290&nbsp;MDL\" \/>\n\t<meta name=\"twitter:label2\" content=\"Disponibilitate\" \/>\n\t<meta name=\"twitter:data2\" content=\"\u00cen stoc\" \/>\n<script type=\"application\/ld+json\" class=\"yoast-schema-graph\">{\"@context\":\"https:\/\/schema.org\",\"@graph\":[{\"@type\":\"WebPage\",\"@id\":\"https:\/\/xstyle.md\/product\/fonar-fenix-e28r-v2-0-led\/\",\"url\":\"https:\/\/xstyle.md\/product\/fonar-fenix-e28r-v2-0-led\/\",\"name\":\"\u0424\u043e\u043d\u0430\u0440\u044c Fenix E28R V2.0 LED - \u041c\u0430\u0433\u0430\u0437\u0438\u043d Xstyle\",\"isPartOf\":{\"@id\":\"https:\/\/xstyle.md\/#website\"},\"primaryImageOfPage\":{\"@id\":\"https:\/\/xstyle.md\/product\/fonar-fenix-e28r-v2-0-led\/#primaryimage\"},\"image\":{\"@id\":\"https:\/\/xstyle.md\/product\/fonar-fenix-e28r-v2-0-led\/#primaryimage\"},\"thumbnailUrl\":\"https:\/\/xstyle.md\/wp-content\/uploads\/2024\/06\/fenix-e28r-v2.0-led-1.jpg\",\"datePublished\":\"2024-06-12T13:38:07+00:00\",\"dateModified\":\"2025-11-27T14:49:52+00:00\",\"description\":\"\u0424\u043e\u043d\u0430\u0440\u044c Fenix E28R V2.0 \u0441 \u044f\u0440\u043a\u043e\u0441\u0442\u044c\u044e \u0434\u043e 1700 \u041b\u043c \u0438 IP68, USB Type-C. \u041d\u0430\u0434\u0435\u0436\u043d\u044b\u0439 \u0432\u044b\u0431\u043e\u0440 \u0434\u043b\u044f \u0430\u043a\u0442\u0438\u0432\u043d\u043e\u0433\u043e \u043e\u0442\u0434\u044b\u0445\u0430 \u0438 \u044d\u043a\u0441\u0442\u0440\u0435\u043c\u0430\u043b\u044c\u043d\u044b\u0445 \u0443\u0441\u043b\u043e\u0432\u0438\u0439.\",\"breadcrumb\":{\"@id\":\"https:\/\/xstyle.md\/product\/fonar-fenix-e28r-v2-0-led\/#breadcrumb\"},\"inLanguage\":\"ro-RO\",\"potentialAction\":[{\"@type\":\"ReadAction\",\"target\":[\"https:\/\/xstyle.md\/product\/fonar-fenix-e28r-v2-0-led\/\"]}]},{\"@type\":\"ImageObject\",\"inLanguage\":\"ro-RO\",\"@id\":\"https:\/\/xstyle.md\/product\/fonar-fenix-e28r-v2-0-led\/#primaryimage\",\"url\":\"https:\/\/xstyle.md\/wp-content\/uploads\/2024\/06\/fenix-e28r-v2.0-led-1.jpg\",\"contentUrl\":\"https:\/\/xstyle.md\/wp-content\/uploads\/2024\/06\/fenix-e28r-v2.0-led-1.jpg\",\"width\":970,\"height\":970,\"caption\":\"\u041a\u0430\u0440\u0442\u0430 \u0434\u043b\u044f \u0430\u043a\u0442\u0438\u0432\u043d\u043e\u0433\u043e \u043e\u0442\u0434\u044b\u0445\u0430 \u0441 \u0444\u043e\u043d\u0430\u0440\u0435\u043c Fenix E28R V2.0 LED \u2014 \u044d\u043a\u0438\u043f\u0438\u0440\u043e\u0432\u043a\u0430 \u0434\u043b\u044f \u0442\u0443\u0440\u0438\u0437\u043c\u0430 \u0430\u043b\u044c\u043f\u0438\u043d\u0438\u0437\u043c\u0430 \u0438 \u043f\u043e\u0445\u043e\u0434\u043e\u0432 \u0432 \u043e\u043d\u043b\u0430\u0439\u043d \u043c\u0430\u0433\u0430\u0437\u0438\u043d\u0435 \u0441\u043f\u043e\u0440\u0442\u0438\u0432\u043d\u044b\u0445 \u0442\u043e\u0432\u0430\u0440\u043e\u0432 \u0438 \u043e\u0434\u0435\u0436\u0434\u044b\"},{\"@type\":\"BreadcrumbList\",\"@id\":\"https:\/\/xstyle.md\/product\/fonar-fenix-e28r-v2-0-led\/#breadcrumb\",\"itemListElement\":[{\"@type\":\"ListItem\",\"position\":1,\"name\":\"\u0413\u043b\u0430\u0432\u043d\u0430\u044f \u0441\u0442\u0440\u0430\u043d\u0438\u0446\u0430\",\"item\":\"https:\/\/xstyle.md\/\"},{\"@type\":\"ListItem\",\"position\":2,\"name\":\"\u041c\u0430\u0433\u0430\u0437\u0438\u043d\",\"item\":\"https:\/\/xstyle.md\/shop\/\"},{\"@type\":\"ListItem\",\"position\":3,\"name\":\"\u0424\u043e\u043d\u0430\u0440\u044c Fenix E28R V2.0 LED\"}]},{\"@type\":\"WebSite\",\"@id\":\"https:\/\/xstyle.md\/#website\",\"url\":\"https:\/\/xstyle.md\/\",\"name\":\"\u041c\u0430\u0433\u0430\u0437\u0438\u043d Xstyle\",\"description\":\"C\u043d\u0430\u0440\u044f\u0436\u0435\u043d\u0438\u0435 \u0434\u043b\u044f \u0442\u0443\u0440\u0438\u0437\u043c\u0430 \u0438 \u044d\u043a\u0441\u0442\u0440\u0435\u043c\u0430\u043b\u044c\u043d\u044b\u0445 \u0432\u0438\u0434\u043e\u0432 \u0441\u043f\u043e\u0440\u0442\u0430 \u0432 \u041c\u043e\u043b\u0434\u043e\u0432\u0435.. \u0426\u0435\u043d\u044b, \u0444\u043e\u0442\u043e, \u0445\u0430\u0440\u0430\u043a\u0442\u0435\u0440\u0438\u0441\u0442\u0438\u043a\u0438 \u0432 \u041c\u043e\u043b\u0434\u043e\u0432\u0435.\",\"publisher\":{\"@id\":\"https:\/\/xstyle.md\/#organization\"},\"alternateName\":\"X-Style\",\"potentialAction\":[{\"@type\":\"SearchAction\",\"target\":{\"@type\":\"EntryPoint\",\"urlTemplate\":\"https:\/\/xstyle.md\/?s={search_term_string}\"},\"query-input\":{\"@type\":\"PropertyValueSpecification\",\"valueRequired\":true,\"valueName\":\"search_term_string\"}}],\"inLanguage\":\"ro-RO\"},{\"@type\":\"Organization\",\"@id\":\"https:\/\/xstyle.md\/#organization\",\"name\":\"\u041c\u0430\u0433\u0430\u0437\u0438\u043d Xstyle\",\"alternateName\":\"x-style\",\"url\":\"https:\/\/xstyle.md\/\",\"logo\":{\"@type\":\"ImageObject\",\"inLanguage\":\"ro-RO\",\"@id\":\"https:\/\/xstyle.md\/#\/schema\/logo\/image\/\",\"url\":\"https:\/\/xstyle.md\/wp-content\/uploads\/2020\/06\/logoicon.svg\",\"contentUrl\":\"https:\/\/xstyle.md\/wp-content\/uploads\/2020\/06\/logoicon.svg\",\"caption\":\"\u041c\u0430\u0433\u0430\u0437\u0438\u043d Xstyle\"},\"image\":{\"@id\":\"https:\/\/xstyle.md\/#\/schema\/logo\/image\/\"},\"sameAs\":[\"https:\/\/www.facebook.com\/xstylemd\",\"https:\/\/www.instagram.com\/xstyle_md\/\",\"https:\/\/t.me\/xstyle_outdoor\"],\"hasMerchantReturnPolicy\":{\"@type\":\"MerchantReturnPolicy\",\"merchantReturnLink\":\"https:\/\/xstyle.md\/ro\/conditions\/\"}}]}<\/script>\n<meta property=\"product:price:amount\" content=\"1290.00\" \/>\n<meta property=\"product:price:currency\" content=\"MDL\" \/>\n<meta property=\"og:availability\" content=\"instock\" \/>\n<meta property=\"product:availability\" content=\"instock\" \/>\n<meta property=\"product:retailer_item_id\" content=\"6942870310534\" \/>\n<meta property=\"product:condition\" content=\"new\" \/>\n<!-- \/ Yoast SEO plugin. -->","yoast_head_json":{"title":"Lantern\u0103 Fenix E28R V2.0 LED - Magazin Xstyle","description":"Lanterna Fenix E28R V2.0 cu o luminozitate de p\u00e2n\u0103 la 1700 Lm \u0219i IP68, USB Type-C. O alegere fiabil\u0103 pentru activit\u0103\u021bi \u00een aer liber \u0219i condi\u021bii extreme.","robots":{"index":"index","follow":"follow","max-snippet":"max-snippet:-1","max-image-preview":"max-image-preview:large","max-video-preview":"max-video-preview:-1"},"canonical":"https:\/\/xstyle.md\/ro\/produs\/fonar-fenix-e28r-v2-0-led\/","og_locale":"ro_RO","og_type":"article","og_title":"\u0424\u043e\u043d\u0430\u0440\u044c Fenix E28R V2.0 LED - \u041c\u0430\u0433\u0430\u0437\u0438\u043d Xstyle","og_description":"\u0424\u043e\u043d\u0430\u0440\u044c Fenix E28R V2.0 \u0441 \u044f\u0440\u043a\u043e\u0441\u0442\u044c\u044e \u0434\u043e 1700 \u041b\u043c \u0438 IP68, USB Type-C. \u041d\u0430\u0434\u0435\u0436\u043d\u044b\u0439 \u0432\u044b\u0431\u043e\u0440 \u0434\u043b\u044f \u0430\u043a\u0442\u0438\u0432\u043d\u043e\u0433\u043e \u043e\u0442\u0434\u044b\u0445\u0430 \u0438 \u044d\u043a\u0441\u0442\u0440\u0435\u043c\u0430\u043b\u044c\u043d\u044b\u0445 \u0443\u0441\u043b\u043e\u0432\u0438\u0439.","og_url":"https:\/\/xstyle.md\/ro\/produs\/fonar-fenix-e28r-v2-0-led\/","og_site_name":"\u041c\u0430\u0433\u0430\u0437\u0438\u043d Xstyle","article_publisher":"https:\/\/www.facebook.com\/xstylemd","article_modified_time":"2025-11-27T14:49:52+00:00","og_image":[{"width":970,"height":970,"url":"https:\/\/xstyle.md\/wp-content\/uploads\/2024\/06\/fenix-e28r-v2.0-led-1.jpg","type":"image\/jpeg"}],"twitter_card":"summary_large_image","twitter_misc":{"Pre\u021b":"1.290&nbsp;MDL","Disponibilitate":"\u00cen stoc"},"schema":{"@context":"https:\/\/schema.org","@graph":[{"@type":"WebPage","@id":"https:\/\/xstyle.md\/product\/fonar-fenix-e28r-v2-0-led\/","url":"https:\/\/xstyle.md\/product\/fonar-fenix-e28r-v2-0-led\/","name":"Lantern\u0103 Fenix E28R V2.0 LED - Magazin Xstyle","isPartOf":{"@id":"https:\/\/xstyle.md\/#website"},"primaryImageOfPage":{"@id":"https:\/\/xstyle.md\/product\/fonar-fenix-e28r-v2-0-led\/#primaryimage"},"image":{"@id":"https:\/\/xstyle.md\/product\/fonar-fenix-e28r-v2-0-led\/#primaryimage"},"thumbnailUrl":"https:\/\/xstyle.md\/wp-content\/uploads\/2024\/06\/fenix-e28r-v2.0-led-1.jpg","datePublished":"2024-06-12T13:38:07+00:00","dateModified":"2025-11-27T14:49:52+00:00","description":"Lanterna Fenix E28R V2.0 cu o luminozitate de p\u00e2n\u0103 la 1700 Lm \u0219i IP68, USB Type-C. O alegere fiabil\u0103 pentru activit\u0103\u021bi \u00een aer liber \u0219i condi\u021bii extreme.","breadcrumb":{"@id":"https:\/\/xstyle.md\/product\/fonar-fenix-e28r-v2-0-led\/#breadcrumb"},"inLanguage":"ro-RO","potentialAction":[{"@type":"ReadAction","target":["https:\/\/xstyle.md\/product\/fonar-fenix-e28r-v2-0-led\/"]}]},{"@type":"ImageObject","inLanguage":"ro-RO","@id":"https:\/\/xstyle.md\/product\/fonar-fenix-e28r-v2-0-led\/#primaryimage","url":"https:\/\/xstyle.md\/wp-content\/uploads\/2024\/06\/fenix-e28r-v2.0-led-1.jpg","contentUrl":"https:\/\/xstyle.md\/wp-content\/uploads\/2024\/06\/fenix-e28r-v2.0-led-1.jpg","width":970,"height":970,"caption":"\u041a\u0430\u0440\u0442\u0430 \u0434\u043b\u044f \u0430\u043a\u0442\u0438\u0432\u043d\u043e\u0433\u043e \u043e\u0442\u0434\u044b\u0445\u0430 \u0441 \u0444\u043e\u043d\u0430\u0440\u0435\u043c Fenix E28R V2.0 LED \u2014 \u044d\u043a\u0438\u043f\u0438\u0440\u043e\u0432\u043a\u0430 \u0434\u043b\u044f \u0442\u0443\u0440\u0438\u0437\u043c\u0430 \u0430\u043b\u044c\u043f\u0438\u043d\u0438\u0437\u043c\u0430 \u0438 \u043f\u043e\u0445\u043e\u0434\u043e\u0432 \u0432 \u043e\u043d\u043b\u0430\u0439\u043d \u043c\u0430\u0433\u0430\u0437\u0438\u043d\u0435 \u0441\u043f\u043e\u0440\u0442\u0438\u0432\u043d\u044b\u0445 \u0442\u043e\u0432\u0430\u0440\u043e\u0432 \u0438 \u043e\u0434\u0435\u0436\u0434\u044b"},{"@type":"BreadcrumbList","@id":"https:\/\/xstyle.md\/product\/fonar-fenix-e28r-v2-0-led\/#breadcrumb","itemListElement":[{"@type":"ListItem","position":1,"name":"\u0413\u043b\u0430\u0432\u043d\u0430\u044f \u0441\u0442\u0440\u0430\u043d\u0438\u0446\u0430","item":"https:\/\/xstyle.md\/"},{"@type":"ListItem","position":2,"name":"\u041c\u0430\u0433\u0430\u0437\u0438\u043d","item":"https:\/\/xstyle.md\/shop\/"},{"@type":"ListItem","position":3,"name":"\u0424\u043e\u043d\u0430\u0440\u044c Fenix E28R V2.0 LED"}]},{"@type":"WebSite","@id":"https:\/\/xstyle.md\/#website","url":"https:\/\/xstyle.md\/","name":"Magazinul X-Style","description":"Echipamente pentru turism \u0219i sporturi extreme \u00een Moldova. Pre\u021buri, fotografii, caracteristici \u00een Moldova.","publisher":{"@id":"https:\/\/xstyle.md\/#organization"},"alternateName":"X-Style","potentialAction":[{"@type":"SearchAction","target":{"@type":"EntryPoint","urlTemplate":"https:\/\/xstyle.md\/?s={search_term_string}"},"query-input":{"@type":"PropertyValueSpecification","valueRequired":true,"valueName":"search_term_string"}}],"inLanguage":"ro-RO"},{"@type":"Organization","@id":"https:\/\/xstyle.md\/#organization","name":"Magazinul X-Style","alternateName":"x-style","url":"https:\/\/xstyle.md\/","logo":{"@type":"ImageObject","inLanguage":"ro-RO","@id":"https:\/\/xstyle.md\/#\/schema\/logo\/image\/","url":"https:\/\/xstyle.md\/wp-content\/uploads\/2020\/06\/logoicon.svg","contentUrl":"https:\/\/xstyle.md\/wp-content\/uploads\/2020\/06\/logoicon.svg","caption":"\u041c\u0430\u0433\u0430\u0437\u0438\u043d Xstyle"},"image":{"@id":"https:\/\/xstyle.md\/#\/schema\/logo\/image\/"},"sameAs":["https:\/\/www.facebook.com\/xstylemd","https:\/\/www.instagram.com\/xstyle_md\/","https:\/\/t.me\/xstyle_outdoor"],"hasMerchantReturnPolicy":{"@type":"MerchantReturnPolicy","merchantReturnLink":"https:\/\/xstyle.md\/ro\/conditions\/"}}]},"product_price_amount":"1290.00","product_price_currency":"MDL","og_availability":"instock","product_availability":"instock","product_retailer_item_id":"6942870310534","product_condition":"new"},"post_mailing_queue_ids":[],"_links":{"self":[{"href":"https:\/\/xstyle.md\/ro\/wp-json\/wp\/v2\/product\/84695","targetHints":{"allow":["GET"]}}],"collection":[{"href":"https:\/\/xstyle.md\/ro\/wp-json\/wp\/v2\/product"}],"about":[{"href":"https:\/\/xstyle.md\/ro\/wp-json\/wp\/v2\/types\/product"}],"replies":[{"embeddable":true,"href":"https:\/\/xstyle.md\/ro\/wp-json\/wp\/v2\/comments?post=84695"}],"wp:featuredmedia":[{"embeddable":true,"href":"https:\/\/xstyle.md\/ro\/wp-json\/wp\/v2\/media\/85133"}],"wp:attachment":[{"href":"https:\/\/xstyle.md\/ro\/wp-json\/wp\/v2\/media?parent=84695"}],"wp:term":[{"taxonomy":"product_brand","embeddable":true,"href":"https:\/\/xstyle.md\/ro\/wp-json\/wp\/v2\/product_brand?post=84695"},{"taxonomy":"product_cat","embeddable":true,"href":"https:\/\/xstyle.md\/ro\/wp-json\/wp\/v2\/product_cat?post=84695"},{"taxonomy":"product_tag","embeddable":true,"href":"https:\/\/xstyle.md\/ro\/wp-json\/wp\/v2\/product_tag?post=84695"}],"curies":[{"name":"wp","href":"https:\/\/api.w.org\/{rel}","templated":true}]}}