{"id":84693,"date":"2024-06-12T16:38:07","date_gmt":"2024-06-12T13:38:07","guid":{"rendered":"https:\/\/xstyle.md\/?post_type=product&#038;p=84693"},"modified":"2026-03-19T17:21:33","modified_gmt":"2026-03-19T14:21:33","slug":"fonar-fenix-bc30-v2-0-led","status":"publish","type":"product","link":"https:\/\/xstyle.md\/ro\/produs\/fonar-fenix-bc30-v2-0-led\/","title":{"rendered":"Lantern\u0103 Fenix BC30 V2.0 LED"},"content":{"rendered":"<p><\/p>\n<p><strong>Fenix BC30 V2.0 LED<\/strong> &#8212; este un far profesional pentru biciclete montane (MTB), cu o luminozitate de 2200 lumeni, ce ofer\u0103 o vizibilitate clar\u0103 \u0219i detaliat\u0103. Este dotat cu un \u00eentrerup\u0103tor wireless pentru selectarea facil\u0103 a modurilor \u0219i dispune de caracteristici \u00eembun\u0103t\u0103\u021bite fa\u021b\u0103 de versiunea anterioar\u0103: autonomia a crescut p\u00e2n\u0103 la 50 de ore, gradul de protec\u021bie la ap\u0103 a fost ridicat la IP67, iar greutatea a fost redus\u0103 la 154 grame.<\/p>\n<p>Farul are un corp complet metalic, un sistem de fixare robust \u0219i permite \u00eenlocuirea bateriilor. Este echipat cu un sistem de flux luminos dublu (Dual Distance Beam) pentru o iluminare excelent\u0103 la diferite distan\u021be \u0219i un unghi larg de vizualizare de 85 de grade. De asemenea, poate fi montat pe casc\u0103 folosind suportul op\u021bional Fenix ALD-08.<\/p>\n<p>BC30 V2.0 ofer\u0103 \u0219ase moduri de iluminare \u0219i func\u021bioneaz\u0103 cu dou\u0103 LED-uri LUMINUS SST-40-N5 cu o durat\u0103 de via\u021b\u0103 de 50.000 de ore. Alimentarea se face cu doi acumulatori Li-ion 18650 sau patru baterii CR123A.<\/p>\n<h3>Moduri de func\u021bionare<\/h3>\n<ul>\n<li><strong>Burst:<\/strong> 2200 lumeni \/ distan\u021b\u0103 \u2013 187 m<\/li>\n<li><strong>Turbo:<\/strong> 1500 lumeni \/ autonomie \u2013 2 h 30 min \/ distan\u021b\u0103 \u2013 155 m<\/li>\n<li><strong>High:<\/strong> 600 lumeni \/ autonomie \u2013 6 h \/ distan\u021b\u0103 \u2013 96 m<\/li>\n<li><strong>Med:<\/strong> 200 lumeni \/ autonomie \u2013 16 h \/ distan\u021b\u0103 \u2013 56 m<\/li>\n<li><strong>Low:<\/strong> 50 lumeni \/ autonomie \u2013 50 h \/ distan\u021b\u0103 \u2013 28 m<\/li>\n<li><strong>Strob:<\/strong> 50 lumeni<\/li>\n<\/ul>\n<h3>Particularit\u0103\u021bi<\/h3>\n<ul>\n<li>\u0218ase moduri de func\u021bionare<\/li>\n<li>Posibilitate de montare pe casc\u0103<\/li>\n<li>\u00centrerup\u0103tor inteligent cu control wireless<\/li>\n<li>Include suport de biciclet\u0103 cu eliberare rapid\u0103, u\u0219or de montat \u0219i demontat<\/li>\n<\/ul>\n<h3>Caracteristici<\/h3>\n<ul>\n<li>LED-uri &#8212; LUMINUS SST-40-N5<\/li>\n<li>Flux luminos &#8212; 2200 lm<\/li>\n<li>Distan\u021ba fasciculului &#8212; 187 m<\/li>\n<li>Autonomie maxim\u0103 &#8212; 50 h<\/li>\n<li>Rezisten\u021b\u0103 la ap\u0103 &#8212; IP67<\/li>\n<li>Dimensiuni &#8212; 120 x 50 x 31,8 mm<\/li>\n<li>Greutate &#8212; 154 g<\/li>\n<\/ul>\n<h3>Setul con\u021bine<\/h3>\n<ul>\n<li>Far de biciclet\u0103 Fenix BC30 V2.0 LED<\/li>\n<li>Suport de fixare pe ghidon<\/li>\n<li>Garnituri (1 groas\u0103 \u0219i 1 sub\u021bire)<\/li>\n<li>Baterie CR1632 (pentru telecomand\u0103)<\/li>\n<li>\u00centrerup\u0103tor extern (telecomand\u0103 wireless)<\/li>\n<li>Inel de etan\u0219are (O-ring) de rezerv\u0103<\/li>\n<li>Instruc\u021biuni de utilizare<\/li>\n<li>Certificat de garan\u021bie<\/li>\n<\/ul>\n<p><\/p>\n<h3>Marca<\/h3>\n<p>Fenix - este unul dintre cei mai importan\u021bi produc\u0103tori mondiali de lanterne moderne: tactice, de camping, proiectoare, faruri pentru biciclet\u0103 \u0219i accesorii pentru acestea. Fondat\u0103 \u00een urm\u0103 cu peste 20 de ani, compania a c\u00e2\u0219tigat recunoa\u0219terea celor care pun pre\u021b pe func\u021bionalitatea \u0219i fiabilitatea dispozitivelor. Produsele Fenix \u0219i-au g\u0103sit o utilizare larg\u0103 \u00een via\u021ba de zi cu zi \u0219i au devenit preferatele sportivilor, entuzia\u0219tilor de outdoor \u0219i angaja\u021bilor din organiza\u021bii speciale, datorit\u0103 autonomiei extinse a bateriilor, designului ergonomic \u0219i puterii uimitoare. Fabricate din aluminiu aviatic cu anodizare tripl\u0103 \u0219i echipate cu sticl\u0103 rezistent\u0103 la impact, acestea sunt ideale at\u00e2t pentru utilizarea cotidian\u0103, c\u00e2t \u0219i pentru activit\u0103\u021bi recreative intense.<\/p>\n<p>\u00cen prezent, produsele Fenix sunt disponibile \u00een peste 100 de \u021b\u0103ri, deservind zeci de milioane de utilizatori din \u00eentreaga lume.<\/p>","protected":false},"excerpt":{"rendered":"<p>\u0411\u0440\u0435\u043d\u0434 Fenix \u2013 \u0432\u0435\u0434\u0443\u0449\u0438\u0439 \u0432 \u043c\u0438\u0440\u0435 \u043f\u0440\u043e\u0438\u0437\u0432\u043e\u0434\u0438\u0442\u0435\u043b\u044c \u0441\u043e\u0432\u0440\u0435\u043c\u0435\u043d\u043d\u044b\u0445 \u0444\u043e\u043d\u0430\u0440\u0435\u0439: \u0442\u0430\u043a\u0442\u0438\u0447\u0435\u0441\u043a\u0438\u0445, \u0442\u0443\u0440\u0438\u0441\u0442\u0438\u0447\u0435\u0441\u043a\u0438\u0445, \u0444\u043e\u043d\u0430\u0440\u0435\u0439-\u043f\u0440\u043e\u0436\u0435\u043a\u0442\u043e\u0440\u043e\u0432, \u0432\u0435\u043b\u043e\u0444\u0430\u0440 \u0438 \u0430\u043a\u0441\u0435\u0441\u0441\u0443\u0430\u0440\u043e\u0432 \u043a \u043d\u0438\u043c. \u041e\u0441\u043d\u043e\u0432\u0430\u043d\u043d\u0430\u044f \u0431\u043e\u043b\u0435\u0435 20 \u043b\u0435\u0442 \u043d\u0430\u0437\u0430\u0434, \u043a\u043e\u043c\u043f\u0430\u043d\u0438\u044f \u043f\u043e\u043b\u0443\u0447\u0438\u043b\u0430 \u043f\u0440\u0438\u0437\u043d\u0430\u043d\u0438\u0435 \u0442\u0435\u0445, \u043a\u0442\u043e \u0446\u0435\u043d\u0438\u0442 \u0444\u0443\u043d\u043a\u0446\u0438\u043e\u043d\u0430\u043b\u044c\u043d\u043e\u0441\u0442\u044c \u0438 \u0440\u0430\u0431\u043e\u0442\u043e\u0441\u043f\u043e\u0441\u043e\u0431\u043d\u043e\u0441\u0442\u044c \u043f\u0440\u0438\u0431\u043e\u0440\u043e\u0432. \u041f\u0440\u043e\u0434\u0443\u043a\u0446\u0438\u044f Fenix \u043d\u0430\u0448\u043b\u0430 \u0448\u0438\u0440\u043e\u043a\u043e\u0435 \u043f\u0440\u0438\u043c\u0435\u043d\u0435\u043d\u0438\u0435 \u0432 \u0434\u043e\u043c\u0430\u0448\u043d\u0435\u043c \u043e\u0431\u0438\u0445\u043e\u0434\u0435, \u043f\u043e\u043b\u044e\u0431\u0438\u043b\u0430\u0441\u044c \u0441\u043f\u043e\u0440\u0442\u0441\u043c\u0435\u043d\u0430\u043c, \u043b\u044e\u0431\u0438\u0442\u0435\u043b\u044f\u043c \u0442\u0443\u0440\u0438\u0441\u0442\u0438\u0447\u0435\u0441\u043a\u043e\u0433\u043e \u043e\u0442\u0434\u044b\u0445\u0430 \u0438 \u0441\u043b\u0443\u0436\u0430\u0449\u0438\u043c \u0441\u043f\u0435\u0446\u0438\u0430\u043b\u044c\u043d\u044b\u0445 \u043e\u0440\u0433\u0430\u043d\u0438\u0437\u0430\u0446\u0438\u0439, \u0431\u043b\u0430\u0433\u043e\u0434\u0430\u0440\u044f \u0434\u043e\u043b\u0433\u043e\u0432\u0440\u0435\u043c\u0435\u043d\u043d\u043e\u0439 \u0440\u0430\u0431\u043e\u0442\u0435 \u0431\u0430\u0442\u0430\u0440\u0435\u0439, \u044d\u0440\u0433\u043e\u043d\u043e\u043c\u0438\u0447\u043d\u043e\u043c\u0443 \u0434\u0438\u0437\u0430\u0439\u043d\u0443 [&hellip;]<\/p>\n","protected":false},"featured_media":85125,"comment_status":"open","ping_status":"closed","template":"","meta":{"_acf_changed":false,"inline_featured_image":false},"product_brand":[1351],"product_cat":[502],"product_tag":[],"class_list":{"0":"post-84693","1":"product","2":"type-product","3":"status-publish","4":"has-post-thumbnail","6":"product_brand-fenix","7":"product_cat-bicycle-lights","9":"first","10":"instock","11":"shipping-taxable","12":"purchasable","13":"product-type-simple"},"acf":[],"yoast_head":"<!-- This site is optimized with the Yoast SEO plugin v27.2 - https:\/\/yoast.com\/product\/yoast-seo-wordpress\/ -->\n<title>\u0424\u043e\u043d\u0430\u0440\u044c Fenix BC30 V2.0 LED - \u041c\u0430\u0433\u0430\u0437\u0438\u043d Xstyle<\/title>\n<meta name=\"description\" content=\"\u0424\u043e\u043d\u0430\u0440\u044c Fenix BC30 V2.0 LED: \u043c\u043e\u0449\u043d\u043e\u0441\u0442\u044c 2200 \u043b\u043c, IP67, 5 \u0440\u0435\u0436\u0438\u043c\u043e\u0432, \u0434\u043e\u043b\u0433\u043e\u0432\u0435\u0447\u043d\u044b\u0439 \u0438 \u043d\u0430\u0434\u0435\u0436\u043d\u044b\u0439. \u0418\u0434\u0435\u0430\u043b\u044c\u043d\u043e \u043f\u043e\u0434\u0445\u043e\u0434\u0438\u0442 \u0434\u043b\u044f \u0430\u043a\u0442\u0438\u0432\u043d\u043e\u0433\u043e \u043e\u0442\u0434\u044b\u0445\u0430 \u0438 \u0438\u0441\u043f\u043e\u043b\u044c\u0437\u043e\u0432\u0430\u043d\u0438\u044f \u043d\u0430 \u0443\u043b\u0438\u0446\u0435.\" \/>\n<meta name=\"robots\" content=\"index, follow, max-snippet:-1, max-image-preview:large, max-video-preview:-1\" \/>\n<link rel=\"canonical\" href=\"https:\/\/xstyle.md\/ro\/produs\/fonar-fenix-bc30-v2-0-led\/\" \/>\n<meta property=\"og:locale\" content=\"ro_RO\" \/>\n<meta property=\"og:type\" content=\"article\" \/>\n<meta property=\"og:title\" content=\"\u0424\u043e\u043d\u0430\u0440\u044c Fenix BC30 V2.0 LED - \u041c\u0430\u0433\u0430\u0437\u0438\u043d Xstyle\" \/>\n<meta property=\"og:description\" content=\"\u0424\u043e\u043d\u0430\u0440\u044c Fenix BC30 V2.0 LED: \u043c\u043e\u0449\u043d\u043e\u0441\u0442\u044c 2200 \u043b\u043c, IP67, 5 \u0440\u0435\u0436\u0438\u043c\u043e\u0432, \u0434\u043e\u043b\u0433\u043e\u0432\u0435\u0447\u043d\u044b\u0439 \u0438 \u043d\u0430\u0434\u0435\u0436\u043d\u044b\u0439. \u0418\u0434\u0435\u0430\u043b\u044c\u043d\u043e \u043f\u043e\u0434\u0445\u043e\u0434\u0438\u0442 \u0434\u043b\u044f \u0430\u043a\u0442\u0438\u0432\u043d\u043e\u0433\u043e \u043e\u0442\u0434\u044b\u0445\u0430 \u0438 \u0438\u0441\u043f\u043e\u043b\u044c\u0437\u043e\u0432\u0430\u043d\u0438\u044f \u043d\u0430 \u0443\u043b\u0438\u0446\u0435.\" \/>\n<meta property=\"og:url\" content=\"https:\/\/xstyle.md\/ro\/produs\/fonar-fenix-bc30-v2-0-led\/\" \/>\n<meta property=\"og:site_name\" content=\"\u041c\u0430\u0433\u0430\u0437\u0438\u043d Xstyle\" \/>\n<meta property=\"article:publisher\" content=\"https:\/\/www.facebook.com\/xstylemd\" \/>\n<meta property=\"article:modified_time\" content=\"2026-03-19T14:21:33+00:00\" \/>\n<meta property=\"og:image\" content=\"https:\/\/xstyle.md\/wp-content\/uploads\/2024\/06\/fenix-bc30-v2.0-led.jpg\" \/>\n\t<meta property=\"og:image:width\" content=\"970\" \/>\n\t<meta property=\"og:image:height\" content=\"970\" \/>\n\t<meta property=\"og:image:type\" content=\"image\/jpeg\" \/>\n<meta name=\"twitter:card\" content=\"summary_large_image\" \/>\n<meta name=\"twitter:label1\" content=\"Pre\u021b\" \/>\n\t<meta name=\"twitter:data1\" content=\"1.790&nbsp;MDL\" \/>\n\t<meta name=\"twitter:label2\" content=\"Disponibilitate\" \/>\n\t<meta name=\"twitter:data2\" content=\"\u00cen stoc\" \/>\n<script type=\"application\/ld+json\" class=\"yoast-schema-graph\">{\"@context\":\"https:\/\/schema.org\",\"@graph\":[{\"@type\":\"WebPage\",\"@id\":\"https:\/\/xstyle.md\/product\/fonar-fenix-bc30-v2-0-led\/\",\"url\":\"https:\/\/xstyle.md\/product\/fonar-fenix-bc30-v2-0-led\/\",\"name\":\"\u0424\u043e\u043d\u0430\u0440\u044c Fenix BC30 V2.0 LED - \u041c\u0430\u0433\u0430\u0437\u0438\u043d Xstyle\",\"isPartOf\":{\"@id\":\"https:\/\/xstyle.md\/#website\"},\"primaryImageOfPage\":{\"@id\":\"https:\/\/xstyle.md\/product\/fonar-fenix-bc30-v2-0-led\/#primaryimage\"},\"image\":{\"@id\":\"https:\/\/xstyle.md\/product\/fonar-fenix-bc30-v2-0-led\/#primaryimage\"},\"thumbnailUrl\":\"https:\/\/xstyle.md\/wp-content\/uploads\/2024\/06\/fenix-bc30-v2.0-led.jpg\",\"datePublished\":\"2024-06-12T13:38:07+00:00\",\"dateModified\":\"2026-03-19T14:21:33+00:00\",\"description\":\"\u0424\u043e\u043d\u0430\u0440\u044c Fenix BC30 V2.0 LED: \u043c\u043e\u0449\u043d\u043e\u0441\u0442\u044c 2200 \u043b\u043c, IP67, 5 \u0440\u0435\u0436\u0438\u043c\u043e\u0432, \u0434\u043e\u043b\u0433\u043e\u0432\u0435\u0447\u043d\u044b\u0439 \u0438 \u043d\u0430\u0434\u0435\u0436\u043d\u044b\u0439. \u0418\u0434\u0435\u0430\u043b\u044c\u043d\u043e \u043f\u043e\u0434\u0445\u043e\u0434\u0438\u0442 \u0434\u043b\u044f \u0430\u043a\u0442\u0438\u0432\u043d\u043e\u0433\u043e \u043e\u0442\u0434\u044b\u0445\u0430 \u0438 \u0438\u0441\u043f\u043e\u043b\u044c\u0437\u043e\u0432\u0430\u043d\u0438\u044f \u043d\u0430 \u0443\u043b\u0438\u0446\u0435.\",\"breadcrumb\":{\"@id\":\"https:\/\/xstyle.md\/product\/fonar-fenix-bc30-v2-0-led\/#breadcrumb\"},\"inLanguage\":\"ro-RO\",\"potentialAction\":[{\"@type\":\"ReadAction\",\"target\":[\"https:\/\/xstyle.md\/product\/fonar-fenix-bc30-v2-0-led\/\"]}]},{\"@type\":\"ImageObject\",\"inLanguage\":\"ro-RO\",\"@id\":\"https:\/\/xstyle.md\/product\/fonar-fenix-bc30-v2-0-led\/#primaryimage\",\"url\":\"https:\/\/xstyle.md\/wp-content\/uploads\/2024\/06\/fenix-bc30-v2.0-led.jpg\",\"contentUrl\":\"https:\/\/xstyle.md\/wp-content\/uploads\/2024\/06\/fenix-bc30-v2.0-led.jpg\",\"width\":970,\"height\":970,\"caption\":\"\u0422\u0443\u0440\u0438\u0441\u0442\u0438\u0447\u0435\u0441\u043a\u0438\u0439 \u0444\u043e\u043d\u0430\u0440\u044c Fenix BC30 V2.0 LED \u0434\u043b\u044f \u0430\u043a\u0442\u0438\u0432\u043d\u043e\u0433\u043e \u043e\u0442\u0434\u044b\u0445\u0430, \u043f\u043e\u0445\u043e\u0434\u043e\u0432 \u0438 \u043f\u0443\u0442\u0435\u0448\u0435\u0441\u0442\u0432\u0438\u0439, \u044d\u043a\u0438\u043f\u0438\u0440\u043e\u0432\u043a\u0430 \u0434\u043b\u044f \u0430\u043b\u044c\u043f\u0438\u043d\u0438\u0437\u043c\u0430, \u0431\u043b\u0443\u0437\u043a\u0438 \u0438 \u043e\u0431\u0443\u0432\u044c \u0434\u043b\u044f \u0430\u043a\u0442\u0438\u0432\u043d\u043e\u0439 \u0436\u0438\u0437\u043d\u0438\"},{\"@type\":\"BreadcrumbList\",\"@id\":\"https:\/\/xstyle.md\/product\/fonar-fenix-bc30-v2-0-led\/#breadcrumb\",\"itemListElement\":[{\"@type\":\"ListItem\",\"position\":1,\"name\":\"\u0413\u043b\u0430\u0432\u043d\u0430\u044f \u0441\u0442\u0440\u0430\u043d\u0438\u0446\u0430\",\"item\":\"https:\/\/xstyle.md\/\"},{\"@type\":\"ListItem\",\"position\":2,\"name\":\"\u041c\u0430\u0433\u0430\u0437\u0438\u043d\",\"item\":\"https:\/\/xstyle.md\/shop\/\"},{\"@type\":\"ListItem\",\"position\":3,\"name\":\"\u0424\u043e\u043d\u0430\u0440\u044c Fenix BC30 V2.0 LED\"}]},{\"@type\":\"WebSite\",\"@id\":\"https:\/\/xstyle.md\/#website\",\"url\":\"https:\/\/xstyle.md\/\",\"name\":\"\u041c\u0430\u0433\u0430\u0437\u0438\u043d Xstyle\",\"description\":\"C\u043d\u0430\u0440\u044f\u0436\u0435\u043d\u0438\u0435 \u0434\u043b\u044f \u0442\u0443\u0440\u0438\u0437\u043c\u0430 \u0438 \u044d\u043a\u0441\u0442\u0440\u0435\u043c\u0430\u043b\u044c\u043d\u044b\u0445 \u0432\u0438\u0434\u043e\u0432 \u0441\u043f\u043e\u0440\u0442\u0430 \u0432 \u041c\u043e\u043b\u0434\u043e\u0432\u0435.. \u0426\u0435\u043d\u044b, \u0444\u043e\u0442\u043e, \u0445\u0430\u0440\u0430\u043a\u0442\u0435\u0440\u0438\u0441\u0442\u0438\u043a\u0438 \u0432 \u041c\u043e\u043b\u0434\u043e\u0432\u0435.\",\"publisher\":{\"@id\":\"https:\/\/xstyle.md\/#organization\"},\"alternateName\":\"X-Style\",\"potentialAction\":[{\"@type\":\"SearchAction\",\"target\":{\"@type\":\"EntryPoint\",\"urlTemplate\":\"https:\/\/xstyle.md\/?s={search_term_string}\"},\"query-input\":{\"@type\":\"PropertyValueSpecification\",\"valueRequired\":true,\"valueName\":\"search_term_string\"}}],\"inLanguage\":\"ro-RO\"},{\"@type\":\"Organization\",\"@id\":\"https:\/\/xstyle.md\/#organization\",\"name\":\"\u041c\u0430\u0433\u0430\u0437\u0438\u043d Xstyle\",\"alternateName\":\"x-style\",\"url\":\"https:\/\/xstyle.md\/\",\"logo\":{\"@type\":\"ImageObject\",\"inLanguage\":\"ro-RO\",\"@id\":\"https:\/\/xstyle.md\/#\/schema\/logo\/image\/\",\"url\":\"https:\/\/xstyle.md\/wp-content\/uploads\/2020\/06\/logoicon.svg\",\"contentUrl\":\"https:\/\/xstyle.md\/wp-content\/uploads\/2020\/06\/logoicon.svg\",\"caption\":\"\u041c\u0430\u0433\u0430\u0437\u0438\u043d Xstyle\"},\"image\":{\"@id\":\"https:\/\/xstyle.md\/#\/schema\/logo\/image\/\"},\"sameAs\":[\"https:\/\/www.facebook.com\/xstylemd\",\"https:\/\/www.instagram.com\/xstyle_md\/\",\"https:\/\/t.me\/xstyle_outdoor\"],\"hasMerchantReturnPolicy\":{\"@type\":\"MerchantReturnPolicy\",\"merchantReturnLink\":\"https:\/\/xstyle.md\/ro\/conditions\/\"}}]}<\/script>\n<meta property=\"product:price:amount\" content=\"1790.00\" \/>\n<meta property=\"product:price:currency\" content=\"MDL\" \/>\n<meta property=\"og:availability\" content=\"instock\" \/>\n<meta property=\"product:availability\" content=\"instock\" \/>\n<meta property=\"product:retailer_item_id\" content=\"6942870306995\" \/>\n<meta property=\"product:condition\" content=\"new\" \/>\n<!-- \/ Yoast SEO plugin. -->","yoast_head_json":{"title":"Lanterna Fenix BC30 V2.0 LED - Magazin Xstyle","description":"Lanterna Fenix BC30 V2.0 LED: putere 2200 lm, IP67, 5 moduri, durabil\u0103 \u0219i fiabil\u0103. Ideal\u0103 pentru activit\u0103\u021bi \u00een aer liber \u0219i utilizare \u00een exterior.","robots":{"index":"index","follow":"follow","max-snippet":"max-snippet:-1","max-image-preview":"max-image-preview:large","max-video-preview":"max-video-preview:-1"},"canonical":"https:\/\/xstyle.md\/ro\/produs\/fonar-fenix-bc30-v2-0-led\/","og_locale":"ro_RO","og_type":"article","og_title":"\u0424\u043e\u043d\u0430\u0440\u044c Fenix BC30 V2.0 LED - \u041c\u0430\u0433\u0430\u0437\u0438\u043d Xstyle","og_description":"\u0424\u043e\u043d\u0430\u0440\u044c Fenix BC30 V2.0 LED: \u043c\u043e\u0449\u043d\u043e\u0441\u0442\u044c 2200 \u043b\u043c, IP67, 5 \u0440\u0435\u0436\u0438\u043c\u043e\u0432, \u0434\u043e\u043b\u0433\u043e\u0432\u0435\u0447\u043d\u044b\u0439 \u0438 \u043d\u0430\u0434\u0435\u0436\u043d\u044b\u0439. \u0418\u0434\u0435\u0430\u043b\u044c\u043d\u043e \u043f\u043e\u0434\u0445\u043e\u0434\u0438\u0442 \u0434\u043b\u044f \u0430\u043a\u0442\u0438\u0432\u043d\u043e\u0433\u043e \u043e\u0442\u0434\u044b\u0445\u0430 \u0438 \u0438\u0441\u043f\u043e\u043b\u044c\u0437\u043e\u0432\u0430\u043d\u0438\u044f \u043d\u0430 \u0443\u043b\u0438\u0446\u0435.","og_url":"https:\/\/xstyle.md\/ro\/produs\/fonar-fenix-bc30-v2-0-led\/","og_site_name":"\u041c\u0430\u0433\u0430\u0437\u0438\u043d Xstyle","article_publisher":"https:\/\/www.facebook.com\/xstylemd","article_modified_time":"2026-03-19T14:21:33+00:00","og_image":[{"width":970,"height":970,"url":"https:\/\/xstyle.md\/wp-content\/uploads\/2024\/06\/fenix-bc30-v2.0-led.jpg","type":"image\/jpeg"}],"twitter_card":"summary_large_image","twitter_misc":{"Pre\u021b":"1.790&nbsp;MDL","Disponibilitate":"\u00cen stoc"},"schema":{"@context":"https:\/\/schema.org","@graph":[{"@type":"WebPage","@id":"https:\/\/xstyle.md\/product\/fonar-fenix-bc30-v2-0-led\/","url":"https:\/\/xstyle.md\/product\/fonar-fenix-bc30-v2-0-led\/","name":"Lanterna Fenix BC30 V2.0 LED - Magazin Xstyle","isPartOf":{"@id":"https:\/\/xstyle.md\/#website"},"primaryImageOfPage":{"@id":"https:\/\/xstyle.md\/product\/fonar-fenix-bc30-v2-0-led\/#primaryimage"},"image":{"@id":"https:\/\/xstyle.md\/product\/fonar-fenix-bc30-v2-0-led\/#primaryimage"},"thumbnailUrl":"https:\/\/xstyle.md\/wp-content\/uploads\/2024\/06\/fenix-bc30-v2.0-led.jpg","datePublished":"2024-06-12T13:38:07+00:00","dateModified":"2026-03-19T14:21:33+00:00","description":"Lanterna Fenix BC30 V2.0 LED: putere 2200 lm, IP67, 5 moduri, durabil\u0103 \u0219i fiabil\u0103. Ideal\u0103 pentru activit\u0103\u021bi \u00een aer liber \u0219i utilizare \u00een exterior.","breadcrumb":{"@id":"https:\/\/xstyle.md\/product\/fonar-fenix-bc30-v2-0-led\/#breadcrumb"},"inLanguage":"ro-RO","potentialAction":[{"@type":"ReadAction","target":["https:\/\/xstyle.md\/product\/fonar-fenix-bc30-v2-0-led\/"]}]},{"@type":"ImageObject","inLanguage":"ro-RO","@id":"https:\/\/xstyle.md\/product\/fonar-fenix-bc30-v2-0-led\/#primaryimage","url":"https:\/\/xstyle.md\/wp-content\/uploads\/2024\/06\/fenix-bc30-v2.0-led.jpg","contentUrl":"https:\/\/xstyle.md\/wp-content\/uploads\/2024\/06\/fenix-bc30-v2.0-led.jpg","width":970,"height":970,"caption":"\u0422\u0443\u0440\u0438\u0441\u0442\u0438\u0447\u0435\u0441\u043a\u0438\u0439 \u0444\u043e\u043d\u0430\u0440\u044c Fenix BC30 V2.0 LED \u0434\u043b\u044f \u0430\u043a\u0442\u0438\u0432\u043d\u043e\u0433\u043e \u043e\u0442\u0434\u044b\u0445\u0430, \u043f\u043e\u0445\u043e\u0434\u043e\u0432 \u0438 \u043f\u0443\u0442\u0435\u0448\u0435\u0441\u0442\u0432\u0438\u0439, \u044d\u043a\u0438\u043f\u0438\u0440\u043e\u0432\u043a\u0430 \u0434\u043b\u044f \u0430\u043b\u044c\u043f\u0438\u043d\u0438\u0437\u043c\u0430, \u0431\u043b\u0443\u0437\u043a\u0438 \u0438 \u043e\u0431\u0443\u0432\u044c \u0434\u043b\u044f \u0430\u043a\u0442\u0438\u0432\u043d\u043e\u0439 \u0436\u0438\u0437\u043d\u0438"},{"@type":"BreadcrumbList","@id":"https:\/\/xstyle.md\/product\/fonar-fenix-bc30-v2-0-led\/#breadcrumb","itemListElement":[{"@type":"ListItem","position":1,"name":"\u0413\u043b\u0430\u0432\u043d\u0430\u044f \u0441\u0442\u0440\u0430\u043d\u0438\u0446\u0430","item":"https:\/\/xstyle.md\/"},{"@type":"ListItem","position":2,"name":"\u041c\u0430\u0433\u0430\u0437\u0438\u043d","item":"https:\/\/xstyle.md\/shop\/"},{"@type":"ListItem","position":3,"name":"\u0424\u043e\u043d\u0430\u0440\u044c Fenix BC30 V2.0 LED"}]},{"@type":"WebSite","@id":"https:\/\/xstyle.md\/#website","url":"https:\/\/xstyle.md\/","name":"Magazinul X-Style","description":"Echipamente pentru turism \u0219i sporturi extreme \u00een Moldova. Pre\u021buri, fotografii, caracteristici \u00een Moldova.","publisher":{"@id":"https:\/\/xstyle.md\/#organization"},"alternateName":"X-Style","potentialAction":[{"@type":"SearchAction","target":{"@type":"EntryPoint","urlTemplate":"https:\/\/xstyle.md\/?s={search_term_string}"},"query-input":{"@type":"PropertyValueSpecification","valueRequired":true,"valueName":"search_term_string"}}],"inLanguage":"ro-RO"},{"@type":"Organization","@id":"https:\/\/xstyle.md\/#organization","name":"Magazinul X-Style","alternateName":"x-style","url":"https:\/\/xstyle.md\/","logo":{"@type":"ImageObject","inLanguage":"ro-RO","@id":"https:\/\/xstyle.md\/#\/schema\/logo\/image\/","url":"https:\/\/xstyle.md\/wp-content\/uploads\/2020\/06\/logoicon.svg","contentUrl":"https:\/\/xstyle.md\/wp-content\/uploads\/2020\/06\/logoicon.svg","caption":"\u041c\u0430\u0433\u0430\u0437\u0438\u043d Xstyle"},"image":{"@id":"https:\/\/xstyle.md\/#\/schema\/logo\/image\/"},"sameAs":["https:\/\/www.facebook.com\/xstylemd","https:\/\/www.instagram.com\/xstyle_md\/","https:\/\/t.me\/xstyle_outdoor"],"hasMerchantReturnPolicy":{"@type":"MerchantReturnPolicy","merchantReturnLink":"https:\/\/xstyle.md\/ro\/conditions\/"}}]},"product_price_amount":"1790.00","product_price_currency":"MDL","og_availability":"instock","product_availability":"instock","product_retailer_item_id":"6942870306995","product_condition":"new"},"post_mailing_queue_ids":[],"_links":{"self":[{"href":"https:\/\/xstyle.md\/ro\/wp-json\/wp\/v2\/product\/84693","targetHints":{"allow":["GET"]}}],"collection":[{"href":"https:\/\/xstyle.md\/ro\/wp-json\/wp\/v2\/product"}],"about":[{"href":"https:\/\/xstyle.md\/ro\/wp-json\/wp\/v2\/types\/product"}],"replies":[{"embeddable":true,"href":"https:\/\/xstyle.md\/ro\/wp-json\/wp\/v2\/comments?post=84693"}],"wp:featuredmedia":[{"embeddable":true,"href":"https:\/\/xstyle.md\/ro\/wp-json\/wp\/v2\/media\/85125"}],"wp:attachment":[{"href":"https:\/\/xstyle.md\/ro\/wp-json\/wp\/v2\/media?parent=84693"}],"wp:term":[{"taxonomy":"product_brand","embeddable":true,"href":"https:\/\/xstyle.md\/ro\/wp-json\/wp\/v2\/product_brand?post=84693"},{"taxonomy":"product_cat","embeddable":true,"href":"https:\/\/xstyle.md\/ro\/wp-json\/wp\/v2\/product_cat?post=84693"},{"taxonomy":"product_tag","embeddable":true,"href":"https:\/\/xstyle.md\/ro\/wp-json\/wp\/v2\/product_tag?post=84693"}],"curies":[{"name":"wp","href":"https:\/\/api.w.org\/{rel}","templated":true}]}}