{"id":84687,"date":"2024-06-12T16:38:05","date_gmt":"2024-06-12T13:38:05","guid":{"rendered":"https:\/\/xstyle.md\/?post_type=product&#038;p=84687"},"modified":"2026-03-19T17:21:31","modified_gmt":"2026-03-19T14:21:31","slug":"podramnaya-sumka-deuter-cabezon-fb-6-desert-black","status":"publish","type":"product","link":"https:\/\/xstyle.md\/ro\/produs\/podramnaya-sumka-deuter-cabezon-fb-6-desert-black\/","title":{"rendered":"Geant\u0103 Deuter Cabezon FB 6 desert-black"},"content":{"rendered":"<\/p>\n<p><strong>Deuter Cabezon FB 6 desert-black<\/strong>\u00a0&#8212; geant\u0103 u\u0219oar\u0103 \u0219i rezistent\u0103 la ap\u0103 pentru bicicli\u0219tii care c\u0103l\u0103toresc \u00een \u00eentreaga lume. Este confec\u021bionat\u0103 din materiale durabile, are elemente reflectorizante, bucle pentru echipament \u0219i acces cu fermoar mare la compartimentul principal \u00eenc\u0103p\u0103tor. Cele patru curele duble de fixare cu c\u00e2rlige \u0219i bucle pot fi folosite pe cadre de diferite dimensiuni \u0219i diametre ale tuburilor, inclusiv pe bicicletele din carbon.<\/p>\n<h3>Particularit\u0103\u021bi<\/h3>\n<ul>\n<li>Rezistent la ap\u0103<\/li>\n<li>Detalii reflectorizante<\/li>\n<li>Elemente de fixare Velcro se ajusteaz\u0103 pentru a se potrivi m\u0103rimii cadrului \u0219i diametrului tubului<\/li>\n<li>Acces cu fermoar impermeabil la compartimentul principal<\/li>\n<li>Echipament zim\u021bat<\/li>\n<li>Patru \u00eenchiz\u0103tori duble cu velcro pentru fixare<\/li>\n<li>F\u0103r\u0103 PFC.<\/li>\n<\/ul>\n<h3>Caracteristici<\/h3>\n<ul>\n<li>Material &#8212; 220D PA PLAIN TPU<\/li>\n<li>Volum &#8212; 6 litri<\/li>\n<li>Dimensiuni &#8212; 17 x 8 x 46 cm<\/li>\n<li>Greutate &#8212; 170 g.<\/li>\n<\/ul>\n<h3>Marca<\/h3>\n<p>Deuter este o marc\u0103 german\u0103 de gen\u021bi de sport \u0219i gen\u021bi pentru drume\u021bii, trekking, sporturi de iarn\u0103 \u0219i alte scopuri. Istoria companiei dateaz\u0103 de mai bine de 100 de ani: fondat\u0103 de Hans Deuter \u00een 1898, la \u00eenceputul secolului XX Deuter furniza deja saci po\u0219tali pentru Po\u0219ta Regal\u0103 Bavarez\u0103, iar \u00een anii 1910 &#8212; rucsaci, gen\u021bi, curele \u0219i corturi pentru armat\u0103.<\/p>\n<p>Fiind unul dintre cei mai importan\u021bi produc\u0103tori de rucsacuri, Deuter a cooperat \u00eentotdeauna cu alpini\u0219ti experimenta\u021bi, care \u00eemp\u0103rt\u0103\u0219esc din experien\u021ba \u0219i cuno\u0219tin\u021bele lor bogate. Deuter nu se opre\u0219te la rezultatele ob\u021binute, lucr\u00e2nd \u00een mod constant la calitate \u0219i la \u00eembun\u0103t\u0103\u021birea produselor sale. Speciali\u0219tii companiei sunt mereu \u00een c\u0103utarea de noi solu\u021bii tehnice care s\u0103 v\u0103 asigure confortul \u0219i siguran\u021ba.<\/p>\n<p><\/p>","protected":false},"excerpt":{"rendered":"","protected":false},"featured_media":85095,"comment_status":"open","ping_status":"closed","template":"","meta":{"_acf_changed":false,"inline_featured_image":false},"product_brand":[1261],"product_cat":[845],"product_tag":[],"class_list":{"0":"post-84687","1":"product","2":"type-product","3":"status-publish","4":"has-post-thumbnail","6":"product_brand-deuter","7":"product_cat-backpacks-velo","9":"first","10":"instock","11":"shipping-taxable","12":"purchasable","13":"product-type-simple"},"acf":[],"yoast_head":"<!-- This site is optimized with the Yoast SEO plugin v27.2 - https:\/\/yoast.com\/product\/yoast-seo-wordpress\/ -->\n<title>\u041f\u043e\u0434\u0440\u0430\u043c\u043d\u0430\u044f \u0441\u0443\u043c\u043a\u0430 Deuter Cabezon FB 6 desert-black - \u041c\u0430\u0433\u0430\u0437\u0438\u043d Xstyle<\/title>\n<meta name=\"description\" content=\"\u041f\u043e\u0434\u0440\u0430\u043c\u043d\u0430\u044f \u0441\u0443\u043c\u043a\u0430 Deuter Cabezon FB 6 desert-black \u2013 \u043b\u0435\u0433\u043a\u0430\u044f, \u0432\u043e\u0434\u043e\u0441\u0442\u043e\u0439\u043a\u0430\u044f \u0438 \u0432\u043c\u0435\u0441\u0442\u0438\u0442\u0435\u043b\u044c\u043d\u0430\u044f, \u0438\u0434\u0435\u0430\u043b\u044c\u043d\u0430 \u0434\u043b\u044f \u0432\u0435\u043b\u043e\u0441\u0438\u043f\u0435\u0434\u0438\u0441\u0442\u043e\u0432. \u0423\u0434\u043e\u0431\u043d\u044b\u0435 \u043a\u0430\u0440\u043c\u0430\u043d\u044b \u0438 \u043e\u0442\u0440\u0430\u0436\u0430\u044e\u0449\u0438\u0435 \u044d\u043b\u0435\u043c\u0435\u043d\u0442\u044b.\" \/>\n<meta name=\"robots\" content=\"index, follow, max-snippet:-1, max-image-preview:large, max-video-preview:-1\" \/>\n<link rel=\"canonical\" href=\"https:\/\/xstyle.md\/ro\/produs\/podramnaya-sumka-deuter-cabezon-fb-6-desert-black\/\" \/>\n<meta property=\"og:locale\" content=\"ro_RO\" \/>\n<meta property=\"og:type\" content=\"article\" \/>\n<meta property=\"og:title\" content=\"\u041f\u043e\u0434\u0440\u0430\u043c\u043d\u0430\u044f \u0441\u0443\u043c\u043a\u0430 Deuter Cabezon FB 6 desert-black - \u041c\u0430\u0433\u0430\u0437\u0438\u043d Xstyle\" \/>\n<meta property=\"og:description\" content=\"\u041f\u043e\u0434\u0440\u0430\u043c\u043d\u0430\u044f \u0441\u0443\u043c\u043a\u0430 Deuter Cabezon FB 6 desert-black \u2013 \u043b\u0435\u0433\u043a\u0430\u044f, \u0432\u043e\u0434\u043e\u0441\u0442\u043e\u0439\u043a\u0430\u044f \u0438 \u0432\u043c\u0435\u0441\u0442\u0438\u0442\u0435\u043b\u044c\u043d\u0430\u044f, \u0438\u0434\u0435\u0430\u043b\u044c\u043d\u0430 \u0434\u043b\u044f \u0432\u0435\u043b\u043e\u0441\u0438\u043f\u0435\u0434\u0438\u0441\u0442\u043e\u0432. \u0423\u0434\u043e\u0431\u043d\u044b\u0435 \u043a\u0430\u0440\u043c\u0430\u043d\u044b \u0438 \u043e\u0442\u0440\u0430\u0436\u0430\u044e\u0449\u0438\u0435 \u044d\u043b\u0435\u043c\u0435\u043d\u0442\u044b.\" \/>\n<meta property=\"og:url\" content=\"https:\/\/xstyle.md\/ro\/produs\/podramnaya-sumka-deuter-cabezon-fb-6-desert-black\/\" \/>\n<meta property=\"og:site_name\" content=\"\u041c\u0430\u0433\u0430\u0437\u0438\u043d Xstyle\" \/>\n<meta property=\"article:publisher\" content=\"https:\/\/www.facebook.com\/xstylemd\" \/>\n<meta property=\"article:modified_time\" content=\"2026-03-19T14:21:31+00:00\" \/>\n<meta property=\"og:image\" content=\"https:\/\/xstyle.md\/wp-content\/uploads\/2024\/06\/deuter-cabezon-fb-6-desert-black.jpg\" \/>\n\t<meta property=\"og:image:width\" content=\"2442\" \/>\n\t<meta property=\"og:image:height\" content=\"2298\" \/>\n\t<meta property=\"og:image:type\" content=\"image\/jpeg\" \/>\n<meta name=\"twitter:card\" content=\"summary_large_image\" \/>\n<meta name=\"twitter:label1\" content=\"Pre\u021b\" \/>\n\t<meta name=\"twitter:data1\" content=\"1.790&nbsp;MDL\" \/>\n\t<meta name=\"twitter:label2\" content=\"Disponibilitate\" \/>\n\t<meta name=\"twitter:data2\" content=\"\u00cen stoc\" \/>\n<script type=\"application\/ld+json\" class=\"yoast-schema-graph\">{\"@context\":\"https:\/\/schema.org\",\"@graph\":[{\"@type\":\"WebPage\",\"@id\":\"https:\/\/xstyle.md\/product\/podramnaya-sumka-deuter-cabezon-fb-6-desert-black\/\",\"url\":\"https:\/\/xstyle.md\/product\/podramnaya-sumka-deuter-cabezon-fb-6-desert-black\/\",\"name\":\"\u041f\u043e\u0434\u0440\u0430\u043c\u043d\u0430\u044f \u0441\u0443\u043c\u043a\u0430 Deuter Cabezon FB 6 desert-black - \u041c\u0430\u0433\u0430\u0437\u0438\u043d Xstyle\",\"isPartOf\":{\"@id\":\"https:\/\/xstyle.md\/#website\"},\"primaryImageOfPage\":{\"@id\":\"https:\/\/xstyle.md\/product\/podramnaya-sumka-deuter-cabezon-fb-6-desert-black\/#primaryimage\"},\"image\":{\"@id\":\"https:\/\/xstyle.md\/product\/podramnaya-sumka-deuter-cabezon-fb-6-desert-black\/#primaryimage\"},\"thumbnailUrl\":\"https:\/\/xstyle.md\/wp-content\/uploads\/2024\/06\/deuter-cabezon-fb-6-desert-black.jpg\",\"datePublished\":\"2024-06-12T13:38:05+00:00\",\"dateModified\":\"2026-03-19T14:21:31+00:00\",\"description\":\"\u041f\u043e\u0434\u0440\u0430\u043c\u043d\u0430\u044f \u0441\u0443\u043c\u043a\u0430 Deuter Cabezon FB 6 desert-black \u2013 \u043b\u0435\u0433\u043a\u0430\u044f, \u0432\u043e\u0434\u043e\u0441\u0442\u043e\u0439\u043a\u0430\u044f \u0438 \u0432\u043c\u0435\u0441\u0442\u0438\u0442\u0435\u043b\u044c\u043d\u0430\u044f, \u0438\u0434\u0435\u0430\u043b\u044c\u043d\u0430 \u0434\u043b\u044f \u0432\u0435\u043b\u043e\u0441\u0438\u043f\u0435\u0434\u0438\u0441\u0442\u043e\u0432. \u0423\u0434\u043e\u0431\u043d\u044b\u0435 \u043a\u0430\u0440\u043c\u0430\u043d\u044b \u0438 \u043e\u0442\u0440\u0430\u0436\u0430\u044e\u0449\u0438\u0435 \u044d\u043b\u0435\u043c\u0435\u043d\u0442\u044b.\",\"breadcrumb\":{\"@id\":\"https:\/\/xstyle.md\/product\/podramnaya-sumka-deuter-cabezon-fb-6-desert-black\/#breadcrumb\"},\"inLanguage\":\"ro-RO\",\"potentialAction\":[{\"@type\":\"ReadAction\",\"target\":[\"https:\/\/xstyle.md\/product\/podramnaya-sumka-deuter-cabezon-fb-6-desert-black\/\"]}]},{\"@type\":\"ImageObject\",\"inLanguage\":\"ro-RO\",\"@id\":\"https:\/\/xstyle.md\/product\/podramnaya-sumka-deuter-cabezon-fb-6-desert-black\/#primaryimage\",\"url\":\"https:\/\/xstyle.md\/wp-content\/uploads\/2024\/06\/deuter-cabezon-fb-6-desert-black.jpg\",\"contentUrl\":\"https:\/\/xstyle.md\/wp-content\/uploads\/2024\/06\/deuter-cabezon-fb-6-desert-black.jpg\",\"width\":1920,\"height\":1807,\"caption\":\"\u0410\u043a\u0442\u0438\u0432\u043d\u0430\u044f \u0436\u0438\u0437\u043d\u044c, \u043e\u0434\u0435\u0436\u0434\u0430 \u0438 \u043e\u0431\u0443\u0432\u044c \u0434\u043b\u044f \u043f\u043e\u0445\u043e\u0434\u043e\u0432 \u043f\u0443\u0442\u0435\u0448\u0435\u0441\u0442\u0432\u0438\u0439 \u041f\u043e\u0434\u0440\u0430\u043c\u043d\u0430\u044f \u0441\u0443\u043c\u043a\u0430 Deuter Cabezon FB 6 desert-black \u0434\u043b\u044f \u0430\u043a\u0442\u0438\u0432\u043d\u043e\u0433\u043e \u043e\u0442\u0434\u044b\u0445\u0430 \u0438 \u0430\u043b\u044c\u043f\u0438\u043d\u0438\u0437\u043c\u0430\"},{\"@type\":\"BreadcrumbList\",\"@id\":\"https:\/\/xstyle.md\/product\/podramnaya-sumka-deuter-cabezon-fb-6-desert-black\/#breadcrumb\",\"itemListElement\":[{\"@type\":\"ListItem\",\"position\":1,\"name\":\"\u0413\u043b\u0430\u0432\u043d\u0430\u044f \u0441\u0442\u0440\u0430\u043d\u0438\u0446\u0430\",\"item\":\"https:\/\/xstyle.md\/\"},{\"@type\":\"ListItem\",\"position\":2,\"name\":\"\u041c\u0430\u0433\u0430\u0437\u0438\u043d\",\"item\":\"https:\/\/xstyle.md\/shop\/\"},{\"@type\":\"ListItem\",\"position\":3,\"name\":\"\u041f\u043e\u0434\u0440\u0430\u043c\u043d\u0430\u044f \u0441\u0443\u043c\u043a\u0430 Deuter Cabezon FB 6 desert-black\"}]},{\"@type\":\"WebSite\",\"@id\":\"https:\/\/xstyle.md\/#website\",\"url\":\"https:\/\/xstyle.md\/\",\"name\":\"\u041c\u0430\u0433\u0430\u0437\u0438\u043d Xstyle\",\"description\":\"C\u043d\u0430\u0440\u044f\u0436\u0435\u043d\u0438\u0435 \u0434\u043b\u044f \u0442\u0443\u0440\u0438\u0437\u043c\u0430 \u0438 \u044d\u043a\u0441\u0442\u0440\u0435\u043c\u0430\u043b\u044c\u043d\u044b\u0445 \u0432\u0438\u0434\u043e\u0432 \u0441\u043f\u043e\u0440\u0442\u0430 \u0432 \u041c\u043e\u043b\u0434\u043e\u0432\u0435.. \u0426\u0435\u043d\u044b, \u0444\u043e\u0442\u043e, \u0445\u0430\u0440\u0430\u043a\u0442\u0435\u0440\u0438\u0441\u0442\u0438\u043a\u0438 \u0432 \u041c\u043e\u043b\u0434\u043e\u0432\u0435.\",\"publisher\":{\"@id\":\"https:\/\/xstyle.md\/#organization\"},\"alternateName\":\"X-Style\",\"potentialAction\":[{\"@type\":\"SearchAction\",\"target\":{\"@type\":\"EntryPoint\",\"urlTemplate\":\"https:\/\/xstyle.md\/?s={search_term_string}\"},\"query-input\":{\"@type\":\"PropertyValueSpecification\",\"valueRequired\":true,\"valueName\":\"search_term_string\"}}],\"inLanguage\":\"ro-RO\"},{\"@type\":\"Organization\",\"@id\":\"https:\/\/xstyle.md\/#organization\",\"name\":\"\u041c\u0430\u0433\u0430\u0437\u0438\u043d Xstyle\",\"alternateName\":\"x-style\",\"url\":\"https:\/\/xstyle.md\/\",\"logo\":{\"@type\":\"ImageObject\",\"inLanguage\":\"ro-RO\",\"@id\":\"https:\/\/xstyle.md\/#\/schema\/logo\/image\/\",\"url\":\"https:\/\/xstyle.md\/wp-content\/uploads\/2020\/06\/logoicon.svg\",\"contentUrl\":\"https:\/\/xstyle.md\/wp-content\/uploads\/2020\/06\/logoicon.svg\",\"caption\":\"\u041c\u0430\u0433\u0430\u0437\u0438\u043d Xstyle\"},\"image\":{\"@id\":\"https:\/\/xstyle.md\/#\/schema\/logo\/image\/\"},\"sameAs\":[\"https:\/\/www.facebook.com\/xstylemd\",\"https:\/\/www.instagram.com\/xstyle_md\/\",\"https:\/\/t.me\/xstyle_outdoor\"],\"hasMerchantReturnPolicy\":{\"@type\":\"MerchantReturnPolicy\",\"merchantReturnLink\":\"https:\/\/xstyle.md\/ro\/conditions\/\"}}]}<\/script>\n<meta property=\"product:price:amount\" content=\"1790.00\" \/>\n<meta property=\"product:price:currency\" content=\"MDL\" \/>\n<meta property=\"og:availability\" content=\"instock\" \/>\n<meta property=\"product:availability\" content=\"instock\" \/>\n<meta property=\"product:retailer_item_id\" content=\"4046051149110\" \/>\n<meta property=\"product:condition\" content=\"new\" \/>\n<!-- \/ Yoast SEO plugin. -->","yoast_head_json":{"title":"Geant\u0103 sub cadru Deuter Cabezon FB 6 desert-black - Magazin Xstyle","description":"Sac de cadru Deuter Cabezon FB 6 desert-black \u2013 u\u0219or, rezistent la ap\u0103 \u0219i spa\u021bios, ideal pentru bicicli\u0219ti. Buzunarele confortabile \u0219i elementele reflectorizante.","robots":{"index":"index","follow":"follow","max-snippet":"max-snippet:-1","max-image-preview":"max-image-preview:large","max-video-preview":"max-video-preview:-1"},"canonical":"https:\/\/xstyle.md\/ro\/produs\/podramnaya-sumka-deuter-cabezon-fb-6-desert-black\/","og_locale":"ro_RO","og_type":"article","og_title":"\u041f\u043e\u0434\u0440\u0430\u043c\u043d\u0430\u044f \u0441\u0443\u043c\u043a\u0430 Deuter Cabezon FB 6 desert-black - \u041c\u0430\u0433\u0430\u0437\u0438\u043d Xstyle","og_description":"\u041f\u043e\u0434\u0440\u0430\u043c\u043d\u0430\u044f \u0441\u0443\u043c\u043a\u0430 Deuter Cabezon FB 6 desert-black \u2013 \u043b\u0435\u0433\u043a\u0430\u044f, \u0432\u043e\u0434\u043e\u0441\u0442\u043e\u0439\u043a\u0430\u044f \u0438 \u0432\u043c\u0435\u0441\u0442\u0438\u0442\u0435\u043b\u044c\u043d\u0430\u044f, \u0438\u0434\u0435\u0430\u043b\u044c\u043d\u0430 \u0434\u043b\u044f \u0432\u0435\u043b\u043e\u0441\u0438\u043f\u0435\u0434\u0438\u0441\u0442\u043e\u0432. \u0423\u0434\u043e\u0431\u043d\u044b\u0435 \u043a\u0430\u0440\u043c\u0430\u043d\u044b \u0438 \u043e\u0442\u0440\u0430\u0436\u0430\u044e\u0449\u0438\u0435 \u044d\u043b\u0435\u043c\u0435\u043d\u0442\u044b.","og_url":"https:\/\/xstyle.md\/ro\/produs\/podramnaya-sumka-deuter-cabezon-fb-6-desert-black\/","og_site_name":"\u041c\u0430\u0433\u0430\u0437\u0438\u043d Xstyle","article_publisher":"https:\/\/www.facebook.com\/xstylemd","article_modified_time":"2026-03-19T14:21:31+00:00","og_image":[{"width":2442,"height":2298,"url":"https:\/\/xstyle.md\/wp-content\/uploads\/2024\/06\/deuter-cabezon-fb-6-desert-black.jpg","type":"image\/jpeg"}],"twitter_card":"summary_large_image","twitter_misc":{"Pre\u021b":"1.790&nbsp;MDL","Disponibilitate":"\u00cen stoc"},"schema":{"@context":"https:\/\/schema.org","@graph":[{"@type":"WebPage","@id":"https:\/\/xstyle.md\/product\/podramnaya-sumka-deuter-cabezon-fb-6-desert-black\/","url":"https:\/\/xstyle.md\/product\/podramnaya-sumka-deuter-cabezon-fb-6-desert-black\/","name":"Geant\u0103 sub cadru Deuter Cabezon FB 6 desert-black - Magazin Xstyle","isPartOf":{"@id":"https:\/\/xstyle.md\/#website"},"primaryImageOfPage":{"@id":"https:\/\/xstyle.md\/product\/podramnaya-sumka-deuter-cabezon-fb-6-desert-black\/#primaryimage"},"image":{"@id":"https:\/\/xstyle.md\/product\/podramnaya-sumka-deuter-cabezon-fb-6-desert-black\/#primaryimage"},"thumbnailUrl":"https:\/\/xstyle.md\/wp-content\/uploads\/2024\/06\/deuter-cabezon-fb-6-desert-black.jpg","datePublished":"2024-06-12T13:38:05+00:00","dateModified":"2026-03-19T14:21:31+00:00","description":"Sac de cadru Deuter Cabezon FB 6 desert-black \u2013 u\u0219or, rezistent la ap\u0103 \u0219i spa\u021bios, ideal pentru bicicli\u0219ti. Buzunarele confortabile \u0219i elementele reflectorizante.","breadcrumb":{"@id":"https:\/\/xstyle.md\/product\/podramnaya-sumka-deuter-cabezon-fb-6-desert-black\/#breadcrumb"},"inLanguage":"ro-RO","potentialAction":[{"@type":"ReadAction","target":["https:\/\/xstyle.md\/product\/podramnaya-sumka-deuter-cabezon-fb-6-desert-black\/"]}]},{"@type":"ImageObject","inLanguage":"ro-RO","@id":"https:\/\/xstyle.md\/product\/podramnaya-sumka-deuter-cabezon-fb-6-desert-black\/#primaryimage","url":"https:\/\/xstyle.md\/wp-content\/uploads\/2024\/06\/deuter-cabezon-fb-6-desert-black.jpg","contentUrl":"https:\/\/xstyle.md\/wp-content\/uploads\/2024\/06\/deuter-cabezon-fb-6-desert-black.jpg","width":1920,"height":1807,"caption":"\u0410\u043a\u0442\u0438\u0432\u043d\u0430\u044f \u0436\u0438\u0437\u043d\u044c, \u043e\u0434\u0435\u0436\u0434\u0430 \u0438 \u043e\u0431\u0443\u0432\u044c \u0434\u043b\u044f \u043f\u043e\u0445\u043e\u0434\u043e\u0432 \u043f\u0443\u0442\u0435\u0448\u0435\u0441\u0442\u0432\u0438\u0439 \u041f\u043e\u0434\u0440\u0430\u043c\u043d\u0430\u044f \u0441\u0443\u043c\u043a\u0430 Deuter Cabezon FB 6 desert-black \u0434\u043b\u044f \u0430\u043a\u0442\u0438\u0432\u043d\u043e\u0433\u043e \u043e\u0442\u0434\u044b\u0445\u0430 \u0438 \u0430\u043b\u044c\u043f\u0438\u043d\u0438\u0437\u043c\u0430"},{"@type":"BreadcrumbList","@id":"https:\/\/xstyle.md\/product\/podramnaya-sumka-deuter-cabezon-fb-6-desert-black\/#breadcrumb","itemListElement":[{"@type":"ListItem","position":1,"name":"\u0413\u043b\u0430\u0432\u043d\u0430\u044f \u0441\u0442\u0440\u0430\u043d\u0438\u0446\u0430","item":"https:\/\/xstyle.md\/"},{"@type":"ListItem","position":2,"name":"\u041c\u0430\u0433\u0430\u0437\u0438\u043d","item":"https:\/\/xstyle.md\/shop\/"},{"@type":"ListItem","position":3,"name":"\u041f\u043e\u0434\u0440\u0430\u043c\u043d\u0430\u044f \u0441\u0443\u043c\u043a\u0430 Deuter Cabezon FB 6 desert-black"}]},{"@type":"WebSite","@id":"https:\/\/xstyle.md\/#website","url":"https:\/\/xstyle.md\/","name":"Magazinul X-Style","description":"Echipamente pentru turism \u0219i sporturi extreme \u00een Moldova. Pre\u021buri, fotografii, caracteristici \u00een Moldova.","publisher":{"@id":"https:\/\/xstyle.md\/#organization"},"alternateName":"X-Style","potentialAction":[{"@type":"SearchAction","target":{"@type":"EntryPoint","urlTemplate":"https:\/\/xstyle.md\/?s={search_term_string}"},"query-input":{"@type":"PropertyValueSpecification","valueRequired":true,"valueName":"search_term_string"}}],"inLanguage":"ro-RO"},{"@type":"Organization","@id":"https:\/\/xstyle.md\/#organization","name":"Magazinul X-Style","alternateName":"x-style","url":"https:\/\/xstyle.md\/","logo":{"@type":"ImageObject","inLanguage":"ro-RO","@id":"https:\/\/xstyle.md\/#\/schema\/logo\/image\/","url":"https:\/\/xstyle.md\/wp-content\/uploads\/2020\/06\/logoicon.svg","contentUrl":"https:\/\/xstyle.md\/wp-content\/uploads\/2020\/06\/logoicon.svg","caption":"\u041c\u0430\u0433\u0430\u0437\u0438\u043d Xstyle"},"image":{"@id":"https:\/\/xstyle.md\/#\/schema\/logo\/image\/"},"sameAs":["https:\/\/www.facebook.com\/xstylemd","https:\/\/www.instagram.com\/xstyle_md\/","https:\/\/t.me\/xstyle_outdoor"],"hasMerchantReturnPolicy":{"@type":"MerchantReturnPolicy","merchantReturnLink":"https:\/\/xstyle.md\/ro\/conditions\/"}}]},"product_price_amount":"1790.00","product_price_currency":"MDL","og_availability":"instock","product_availability":"instock","product_retailer_item_id":"4046051149110","product_condition":"new"},"post_mailing_queue_ids":[],"_links":{"self":[{"href":"https:\/\/xstyle.md\/ro\/wp-json\/wp\/v2\/product\/84687","targetHints":{"allow":["GET"]}}],"collection":[{"href":"https:\/\/xstyle.md\/ro\/wp-json\/wp\/v2\/product"}],"about":[{"href":"https:\/\/xstyle.md\/ro\/wp-json\/wp\/v2\/types\/product"}],"replies":[{"embeddable":true,"href":"https:\/\/xstyle.md\/ro\/wp-json\/wp\/v2\/comments?post=84687"}],"wp:featuredmedia":[{"embeddable":true,"href":"https:\/\/xstyle.md\/ro\/wp-json\/wp\/v2\/media\/85095"}],"wp:attachment":[{"href":"https:\/\/xstyle.md\/ro\/wp-json\/wp\/v2\/media?parent=84687"}],"wp:term":[{"taxonomy":"product_brand","embeddable":true,"href":"https:\/\/xstyle.md\/ro\/wp-json\/wp\/v2\/product_brand?post=84687"},{"taxonomy":"product_cat","embeddable":true,"href":"https:\/\/xstyle.md\/ro\/wp-json\/wp\/v2\/product_cat?post=84687"},{"taxonomy":"product_tag","embeddable":true,"href":"https:\/\/xstyle.md\/ro\/wp-json\/wp\/v2\/product_tag?post=84687"}],"curies":[{"name":"wp","href":"https:\/\/api.w.org\/{rel}","templated":true}]}}