{"id":84434,"date":"2024-06-05T17:56:05","date_gmt":"2024-06-05T14:56:05","guid":{"rendered":"https:\/\/xstyle.md\/?post_type=product&#038;p=84434"},"modified":"2024-10-03T01:53:47","modified_gmt":"2024-10-02T22:53:47","slug":"nozh-kershaw-align","status":"publish","type":"product","link":"https:\/\/xstyle.md\/ro\/produs\/nozh-kershaw-align\/","title":{"rendered":"Cu\u021bit Kershaw Align"},"content":{"rendered":"<\/p>\n<p><strong>Kershaw Align<\/strong> &#8212; un companion de \u00eencredere pentru fiecare zi. Acest cu\u021bit EDC combin\u0103 perfect accesibilitatea \u0219i func\u021bionalitatea, arat\u0103 strict \u0219i laconic. La prima vedere este clar: v\u0103 afla\u021bi \u00een fa\u021ba unui instrument f\u0103r\u0103 detalii inutile, creat pentru utilizare practic\u0103. Materialele din care este fabricat cu\u021bitul sunt simple, dar nu mai pu\u021bin calitative. Datorit\u0103 dimensiunii sale medii \u0219i greut\u0103\u021bii reduse, Kershaw Align va deveni un companion discret \u00een buzunar.<\/p>\n<p>Una dintre caracteristicile cheie ale acestui cu\u021bit este tehnologia SpeedSafe. Acesta este un sistem patentat de deschidere a cu\u021bitului care v\u0103 permite s\u0103 deschide\u021bi rapid \u0219i \u00een siguran\u021b\u0103 lama cu o singur\u0103 m\u00e2n\u0103. Pe scurt: dac\u0103 sunte\u021bi \u00een c\u0103utarea unui cu\u021bit pliabil fiabil, accesibil \u0219i func\u021bional pentru utilizarea zilnic\u0103, Kershaw Align este o alegere excelent\u0103 pentru dvs<\/p>\n<p>Lama clip-point cu finisaj satinat este fabricat\u0103 din o\u021bel 8Cr13MoV rezistent la coroziune bugetar\u0103 \u0219i are o bun\u0103 capacitate de t\u0103iere \u0219i penetrare. Are o muchie canelat\u0103 pentru o oprire \u00een timpul lucrului de precizie sau \u00een for\u021b\u0103. Cu\u021bitul este pus \u00een pozi\u021bie de lucru cu ajutorul unei flipper. Tehnologia SpeedSafe\u00ae permite retragerea u\u0219oar\u0103 \u0219i aproape instantanee a lamei. Secretul const\u0103 \u00een bara de torsiune, care este situat\u0103 \u00een interiorul m\u00e2nerului. Cu acest sistem, deschiderea cu\u021bitului cu o singur\u0103 m\u00e2n\u0103 este u\u0219oar\u0103 \u0219i convenabil\u0103. Cu\u021bitul este fixat \u00een pozi\u021bia deschis de un sistem de blocare a cadrului.<\/p>\n<p>M\u00e2nerul cu\u021bitului este fabricat din o\u021bel simplu, are o form\u0103 simpl\u0103 \u0219i u\u0219or de utilizat, flipperul \u00een pozi\u021bia deschis\u0103 formeaz\u0103 o oprire. Exist\u0103 o gaur\u0103 de \u00eentunecare. Pentru transportul cu\u021bitului \u00eentr-un buzunar exist\u0103 o clem\u0103 din o\u021bel cu dou\u0103 pozi\u021bii.<\/p>\n<p>Lama este fabricat\u0103 din o\u021bel 8Cr13MoV. 8Cr13MoV este un o\u021bel chinezesc rezistent la coroziune bugetar\u0103, similar \u00een compozi\u021bie cu AUS-8. Are destul de mult carbon \u0219i un con\u021binut mediu de crom, ceea ce face ca propriet\u0103\u021bile acestui o\u021bel s\u0103 fie destul de echilibrate. Rezist\u0103 bine la coroziune \u0219i are valori de rezisten\u021b\u0103 foarte ridicate. Datorit\u0103 combina\u021biei favorabile de componente de aliere, o\u021belul rezist\u0103 la diverse componente caustice, cum ar fi substan\u021bele chimice de uz casnic sau produsele alimentare. Atunci c\u00e2nd este \u00eent\u0103rit\u0103 corespunz\u0103tor, o lam\u0103 fabricat\u0103 din acest o\u021bel are o duritate optim\u0103 de 56-58 hrc \u0219i un t\u0103i\u0219 suficient de rezistent, ceea ce \u00eei va permite s\u0103 efectueze lucr\u0103ri destul de grele \u0219i f\u0103r\u0103 un consum inutil de for\u021b\u0103 de munc\u0103 pentru a men\u021bine ascu\u021bimea lamei. Datorit\u0103 costului sc\u0103zut de produc\u021bie al acestui o\u021bel, cu\u021bitele fabricate din acesta au o calitate stabil\u0103. Este demn de remarcat faptul c\u0103, \u00een ciuda rezisten\u021bei destul de ridicate la uzur\u0103 a 8Cr13MoV, acesta nu este destinat lucrului pe materiale dure, cum ar fi cutii de conserve sau lemn dur.<\/p>\n<h3>Caracteristici<\/h3>\n<ul>\n<li>Tip cu\u021bit: pliabil<\/li>\n<li>Tip muchie de t\u0103iere: Regular<\/li>\n<li>Tip de blocare: Frame Lock<\/li>\n<li>Lungime total\u0103: 18.4 cm<\/li>\n<li>Lungimea lamei: 8 cm<\/li>\n<li>Material m\u00e2ner: o\u021bel<\/li>\n<li>Duritatea o\u021belului: 56-58 HRC<\/li>\n<li>Grad de o\u021bel: 8Cr13MoV<\/li>\n<li>Greutate: 102 g<\/li>\n<\/ul>\n<p><\/p>","protected":false},"excerpt":{"rendered":"","protected":false},"featured_media":84994,"comment_status":"open","ping_status":"closed","template":"","meta":{"_acf_changed":false,"inline_featured_image":false},"product_brand":[1392],"product_cat":[169],"product_tag":[],"class_list":{"0":"post-84434","1":"product","2":"type-product","3":"status-publish","4":"has-post-thumbnail","6":"product_brand-boker","7":"product_cat-knives","9":"first","10":"outofstock","11":"shipping-taxable","12":"product-type-simple"},"acf":[],"yoast_head":"<!-- This site is optimized with the Yoast SEO plugin v27.4 - https:\/\/yoast.com\/product\/yoast-seo-wordpress\/ -->\n<title>\u041d\u043e\u0436 Kershaw Align - \u041c\u0430\u0433\u0430\u0437\u0438\u043d Xstyle<\/title>\n<meta name=\"description\" content=\"\u041a\u0443\u043f\u0438\u0442\u0435 \u043d\u043e\u0436 Kershaw Align - \u043d\u0430\u0434\u0435\u0436\u043d\u044b\u0439 EDC-\u043d\u043e\u0436 \u0441 \u0442\u0435\u0445\u043d\u043e\u043b\u043e\u0433\u0438\u0435\u0439 SpeedSafe, \u043b\u0435\u0437\u0432\u0438\u0435\u043c \u0438\u0437 8Cr13MoV \u0438 \u043f\u0440\u043e\u0447\u043d\u043e\u0439 \u0444\u0440\u0435\u0439\u043c\u043b\u043e\u043a-\u0441\u0438\u0441\u0442\u0435\u043c\u043e\u0439. \u0418\u0434\u0435\u0430\u043b\u0435\u043d \u0434\u043b\u044f \u043f\u043e\u0432\u0441\u0435\u0434\u043d\u0435\u0432\u043d\u043e\u0433\u043e \u0438\u0441\u043f\u043e\u043b\u044c\u0437\u043e\u0432\u0430\u043d\u0438\u044f!\" \/>\n<meta name=\"robots\" content=\"index, follow, max-snippet:-1, max-image-preview:large, max-video-preview:-1\" \/>\n<link rel=\"canonical\" href=\"https:\/\/xstyle.md\/ro\/produs\/nozh-kershaw-align\/\" \/>\n<meta property=\"og:locale\" content=\"ro_RO\" \/>\n<meta property=\"og:type\" content=\"article\" \/>\n<meta property=\"og:title\" content=\"\u041d\u043e\u0436 Kershaw Align - \u041c\u0430\u0433\u0430\u0437\u0438\u043d Xstyle\" \/>\n<meta property=\"og:description\" content=\"\u041a\u0443\u043f\u0438\u0442\u0435 \u043d\u043e\u0436 Kershaw Align - \u043d\u0430\u0434\u0435\u0436\u043d\u044b\u0439 EDC-\u043d\u043e\u0436 \u0441 \u0442\u0435\u0445\u043d\u043e\u043b\u043e\u0433\u0438\u0435\u0439 SpeedSafe, \u043b\u0435\u0437\u0432\u0438\u0435\u043c \u0438\u0437 8Cr13MoV \u0438 \u043f\u0440\u043e\u0447\u043d\u043e\u0439 \u0444\u0440\u0435\u0439\u043c\u043b\u043e\u043a-\u0441\u0438\u0441\u0442\u0435\u043c\u043e\u0439. \u0418\u0434\u0435\u0430\u043b\u0435\u043d \u0434\u043b\u044f \u043f\u043e\u0432\u0441\u0435\u0434\u043d\u0435\u0432\u043d\u043e\u0433\u043e \u0438\u0441\u043f\u043e\u043b\u044c\u0437\u043e\u0432\u0430\u043d\u0438\u044f!\" \/>\n<meta property=\"og:url\" content=\"https:\/\/xstyle.md\/ro\/produs\/nozh-kershaw-align\/\" \/>\n<meta property=\"og:site_name\" content=\"\u041c\u0430\u0433\u0430\u0437\u0438\u043d Xstyle\" \/>\n<meta property=\"article:publisher\" content=\"https:\/\/www.facebook.com\/xstylemd\" \/>\n<meta property=\"article:modified_time\" content=\"2024-10-02T22:53:47+00:00\" \/>\n<meta property=\"og:image\" content=\"https:\/\/xstyle.md\/wp-content\/uploads\/2024\/06\/kershaw-align-rotated.jpg\" \/>\n\t<meta property=\"og:image:width\" content=\"2048\" \/>\n\t<meta property=\"og:image:height\" content=\"2048\" \/>\n\t<meta property=\"og:image:type\" content=\"image\/jpeg\" \/>\n<meta name=\"twitter:card\" content=\"summary_large_image\" \/>\n<meta name=\"twitter:label1\" content=\"Pre\u021b\" \/>\n\t<meta name=\"twitter:data1\" content=\"1.170&nbsp;MDL\" \/>\n\t<meta name=\"twitter:label2\" content=\"Disponibilitate\" \/>\n\t<meta name=\"twitter:data2\" content=\"Stoc epuizat\" \/>\n<script type=\"application\/ld+json\" class=\"yoast-schema-graph\">{\"@context\":\"https:\\\/\\\/schema.org\",\"@graph\":[{\"@type\":\"WebPage\",\"@id\":\"https:\\\/\\\/xstyle.md\\\/product\\\/nozh-kershaw-align\\\/\",\"url\":\"https:\\\/\\\/xstyle.md\\\/product\\\/nozh-kershaw-align\\\/\",\"name\":\"\u041d\u043e\u0436 Kershaw Align - \u041c\u0430\u0433\u0430\u0437\u0438\u043d Xstyle\",\"isPartOf\":{\"@id\":\"https:\\\/\\\/xstyle.md\\\/#website\"},\"primaryImageOfPage\":{\"@id\":\"https:\\\/\\\/xstyle.md\\\/product\\\/nozh-kershaw-align\\\/#primaryimage\"},\"image\":{\"@id\":\"https:\\\/\\\/xstyle.md\\\/product\\\/nozh-kershaw-align\\\/#primaryimage\"},\"thumbnailUrl\":\"https:\\\/\\\/xstyle.md\\\/wp-content\\\/uploads\\\/2024\\\/06\\\/kershaw-align-rotated.jpg\",\"datePublished\":\"2024-06-05T14:56:05+00:00\",\"dateModified\":\"2024-10-02T22:53:47+00:00\",\"description\":\"\u041a\u0443\u043f\u0438\u0442\u0435 \u043d\u043e\u0436 Kershaw Align - \u043d\u0430\u0434\u0435\u0436\u043d\u044b\u0439 EDC-\u043d\u043e\u0436 \u0441 \u0442\u0435\u0445\u043d\u043e\u043b\u043e\u0433\u0438\u0435\u0439 SpeedSafe, \u043b\u0435\u0437\u0432\u0438\u0435\u043c \u0438\u0437 8Cr13MoV \u0438 \u043f\u0440\u043e\u0447\u043d\u043e\u0439 \u0444\u0440\u0435\u0439\u043c\u043b\u043e\u043a-\u0441\u0438\u0441\u0442\u0435\u043c\u043e\u0439. \u0418\u0434\u0435\u0430\u043b\u0435\u043d \u0434\u043b\u044f \u043f\u043e\u0432\u0441\u0435\u0434\u043d\u0435\u0432\u043d\u043e\u0433\u043e \u0438\u0441\u043f\u043e\u043b\u044c\u0437\u043e\u0432\u0430\u043d\u0438\u044f!\",\"breadcrumb\":{\"@id\":\"https:\\\/\\\/xstyle.md\\\/product\\\/nozh-kershaw-align\\\/#breadcrumb\"},\"inLanguage\":\"ro-RO\",\"potentialAction\":[{\"@type\":\"ReadAction\",\"target\":[\"https:\\\/\\\/xstyle.md\\\/product\\\/nozh-kershaw-align\\\/\"]}]},{\"@type\":\"ImageObject\",\"inLanguage\":\"ro-RO\",\"@id\":\"https:\\\/\\\/xstyle.md\\\/product\\\/nozh-kershaw-align\\\/#primaryimage\",\"url\":\"https:\\\/\\\/xstyle.md\\\/wp-content\\\/uploads\\\/2024\\\/06\\\/kershaw-align-rotated.jpg\",\"contentUrl\":\"https:\\\/\\\/xstyle.md\\\/wp-content\\\/uploads\\\/2024\\\/06\\\/kershaw-align-rotated.jpg\",\"width\":1920,\"height\":1920,\"caption\":\"\u041c\u0438\u043d\u0438\u0430\u0442\u044e\u0440\u0430 \u043d\u043e\u0436\u0430 Kershaw Align \u0434\u043b\u044f \u0430\u043a\u0442\u0438\u0432\u043d\u043e\u0433\u043e \u043e\u0442\u0434\u044b\u0445\u0430, \u0442\u0443\u0440\u0438\u0437\u043c\u0430, \u043f\u043e\u0445\u043e\u0434\u043e\u0432 \u0438 \u043f\u0443\u0442\u0435\u0448\u0435\u0441\u0442\u0432\u0438\u0439 | \u0442\u043e\u0432\u0430\u0440\u044b \u0434\u043b\u044f \u0430\u043a\u0442\u0438\u0432\u043d\u043e\u0433\u043e \u043e\u0431\u0440\u0430\u0437\u0430 \u0436\u0438\u0437\u043d\u0438, \u043e\u0434\u0435\u0436\u0434\u0430 \u0438 \u043e\u0431\u0443\u0432\u044c \u0434\u043b\u044f \u0441\u043a\u0430\u043b\u043e\u043b\u0430\u0437\u0430\u043d\u0438\u044f, \u0445\u0430\u0439\u043a\u0438\u043d\u0433\u0430, \u043c\u043e\u043d\u0442\u0456\u043d\u0456\u0440\u0456\u043d\u0433\u0430 \u0438 \u043f\u0443\u0442\u0435\u0448\u0435\u0441\u0442\u0432\u0438\u0439\"},{\"@type\":\"BreadcrumbList\",\"@id\":\"https:\\\/\\\/xstyle.md\\\/product\\\/nozh-kershaw-align\\\/#breadcrumb\",\"itemListElement\":[{\"@type\":\"ListItem\",\"position\":1,\"name\":\"\u0413\u043b\u0430\u0432\u043d\u0430\u044f \u0441\u0442\u0440\u0430\u043d\u0438\u0446\u0430\",\"item\":\"https:\\\/\\\/xstyle.md\\\/\"},{\"@type\":\"ListItem\",\"position\":2,\"name\":\"\u041c\u0430\u0433\u0430\u0437\u0438\u043d\",\"item\":\"https:\\\/\\\/xstyle.md\\\/shop\\\/\"},{\"@type\":\"ListItem\",\"position\":3,\"name\":\"\u041d\u043e\u0436 Kershaw Align\"}]},{\"@type\":\"WebSite\",\"@id\":\"https:\\\/\\\/xstyle.md\\\/#website\",\"url\":\"https:\\\/\\\/xstyle.md\\\/\",\"name\":\"\u041c\u0430\u0433\u0430\u0437\u0438\u043d Xstyle\",\"description\":\"C\u043d\u0430\u0440\u044f\u0436\u0435\u043d\u0438\u0435 \u0434\u043b\u044f \u0442\u0443\u0440\u0438\u0437\u043c\u0430 \u0438 \u044d\u043a\u0441\u0442\u0440\u0435\u043c\u0430\u043b\u044c\u043d\u044b\u0445 \u0432\u0438\u0434\u043e\u0432 \u0441\u043f\u043e\u0440\u0442\u0430 \u0432 \u041c\u043e\u043b\u0434\u043e\u0432\u0435.. \u0426\u0435\u043d\u044b, \u0444\u043e\u0442\u043e, \u0445\u0430\u0440\u0430\u043a\u0442\u0435\u0440\u0438\u0441\u0442\u0438\u043a\u0438 \u0432 \u041c\u043e\u043b\u0434\u043e\u0432\u0435.\",\"publisher\":{\"@id\":\"https:\\\/\\\/xstyle.md\\\/#organization\"},\"alternateName\":\"X-Style\",\"potentialAction\":[{\"@type\":\"SearchAction\",\"target\":{\"@type\":\"EntryPoint\",\"urlTemplate\":\"https:\\\/\\\/xstyle.md\\\/?s={search_term_string}\"},\"query-input\":{\"@type\":\"PropertyValueSpecification\",\"valueRequired\":true,\"valueName\":\"search_term_string\"}}],\"inLanguage\":\"ro-RO\"},{\"@type\":\"Organization\",\"@id\":\"https:\\\/\\\/xstyle.md\\\/#organization\",\"name\":\"\u041c\u0430\u0433\u0430\u0437\u0438\u043d Xstyle\",\"alternateName\":\"x-style\",\"url\":\"https:\\\/\\\/xstyle.md\\\/\",\"logo\":{\"@type\":\"ImageObject\",\"inLanguage\":\"ro-RO\",\"@id\":\"https:\\\/\\\/xstyle.md\\\/#\\\/schema\\\/logo\\\/image\\\/\",\"url\":\"https:\\\/\\\/xstyle.md\\\/wp-content\\\/uploads\\\/2020\\\/06\\\/logoicon.svg\",\"contentUrl\":\"https:\\\/\\\/xstyle.md\\\/wp-content\\\/uploads\\\/2020\\\/06\\\/logoicon.svg\",\"caption\":\"\u041c\u0430\u0433\u0430\u0437\u0438\u043d Xstyle\"},\"image\":{\"@id\":\"https:\\\/\\\/xstyle.md\\\/#\\\/schema\\\/logo\\\/image\\\/\"},\"sameAs\":[\"https:\\\/\\\/www.facebook.com\\\/xstylemd\",\"https:\\\/\\\/www.instagram.com\\\/xstyle_md\\\/\",\"https:\\\/\\\/t.me\\\/xstyle_outdoor\"],\"hasMerchantReturnPolicy\":{\"@type\":\"MerchantReturnPolicy\",\"merchantReturnLink\":\"https:\\\/\\\/xstyle.md\\\/ro\\\/conditions\\\/\"}}]}<\/script>\n<meta property=\"product:price:amount\" content=\"1170.00\" \/>\n<meta property=\"product:price:currency\" content=\"MDL\" \/>\n<meta property=\"og:availability\" content=\"out of stock\" \/>\n<meta property=\"product:availability\" content=\"out of stock\" \/>\n<meta property=\"product:retailer_item_id\" content=\"4045011277184\" \/>\n<meta property=\"product:condition\" content=\"new\" \/>\n<!-- \/ Yoast SEO plugin. -->","yoast_head_json":{"title":"Cu\u021bit Kershaw Align - Magazin Xstyle","description":"Cump\u0103ra\u021bi cu\u021bitul Kershaw Align - un cu\u021bit EDC de \u00eencredere cu tehnologia SpeedSafe, lam\u0103 din 8Cr13MoV \u0219i un sistem solid de tip frame lock. Ideal pentru utilizarea zilnic\u0103!","robots":{"index":"index","follow":"follow","max-snippet":"max-snippet:-1","max-image-preview":"max-image-preview:large","max-video-preview":"max-video-preview:-1"},"canonical":"https:\/\/xstyle.md\/ro\/produs\/nozh-kershaw-align\/","og_locale":"ro_RO","og_type":"article","og_title":"\u041d\u043e\u0436 Kershaw Align - \u041c\u0430\u0433\u0430\u0437\u0438\u043d Xstyle","og_description":"\u041a\u0443\u043f\u0438\u0442\u0435 \u043d\u043e\u0436 Kershaw Align - \u043d\u0430\u0434\u0435\u0436\u043d\u044b\u0439 EDC-\u043d\u043e\u0436 \u0441 \u0442\u0435\u0445\u043d\u043e\u043b\u043e\u0433\u0438\u0435\u0439 SpeedSafe, \u043b\u0435\u0437\u0432\u0438\u0435\u043c \u0438\u0437 8Cr13MoV \u0438 \u043f\u0440\u043e\u0447\u043d\u043e\u0439 \u0444\u0440\u0435\u0439\u043c\u043b\u043e\u043a-\u0441\u0438\u0441\u0442\u0435\u043c\u043e\u0439. \u0418\u0434\u0435\u0430\u043b\u0435\u043d \u0434\u043b\u044f \u043f\u043e\u0432\u0441\u0435\u0434\u043d\u0435\u0432\u043d\u043e\u0433\u043e \u0438\u0441\u043f\u043e\u043b\u044c\u0437\u043e\u0432\u0430\u043d\u0438\u044f!","og_url":"https:\/\/xstyle.md\/ro\/produs\/nozh-kershaw-align\/","og_site_name":"\u041c\u0430\u0433\u0430\u0437\u0438\u043d Xstyle","article_publisher":"https:\/\/www.facebook.com\/xstylemd","article_modified_time":"2024-10-02T22:53:47+00:00","og_image":[{"width":2048,"height":2048,"url":"https:\/\/xstyle.md\/wp-content\/uploads\/2024\/06\/kershaw-align-rotated.jpg","type":"image\/jpeg"}],"twitter_card":"summary_large_image","twitter_misc":{"Pre\u021b":"1.170&nbsp;MDL","Disponibilitate":"Stoc epuizat"},"schema":{"@context":"https:\/\/schema.org","@graph":[{"@type":"WebPage","@id":"https:\/\/xstyle.md\/product\/nozh-kershaw-align\/","url":"https:\/\/xstyle.md\/product\/nozh-kershaw-align\/","name":"Cu\u021bit Kershaw Align - Magazin Xstyle","isPartOf":{"@id":"https:\/\/xstyle.md\/#website"},"primaryImageOfPage":{"@id":"https:\/\/xstyle.md\/product\/nozh-kershaw-align\/#primaryimage"},"image":{"@id":"https:\/\/xstyle.md\/product\/nozh-kershaw-align\/#primaryimage"},"thumbnailUrl":"https:\/\/xstyle.md\/wp-content\/uploads\/2024\/06\/kershaw-align-rotated.jpg","datePublished":"2024-06-05T14:56:05+00:00","dateModified":"2024-10-02T22:53:47+00:00","description":"Cump\u0103ra\u021bi cu\u021bitul Kershaw Align - un cu\u021bit EDC de \u00eencredere cu tehnologia SpeedSafe, lam\u0103 din 8Cr13MoV \u0219i un sistem solid de tip frame lock. Ideal pentru utilizarea zilnic\u0103!","breadcrumb":{"@id":"https:\/\/xstyle.md\/product\/nozh-kershaw-align\/#breadcrumb"},"inLanguage":"ro-RO","potentialAction":[{"@type":"ReadAction","target":["https:\/\/xstyle.md\/product\/nozh-kershaw-align\/"]}]},{"@type":"ImageObject","inLanguage":"ro-RO","@id":"https:\/\/xstyle.md\/product\/nozh-kershaw-align\/#primaryimage","url":"https:\/\/xstyle.md\/wp-content\/uploads\/2024\/06\/kershaw-align-rotated.jpg","contentUrl":"https:\/\/xstyle.md\/wp-content\/uploads\/2024\/06\/kershaw-align-rotated.jpg","width":1920,"height":1920,"caption":"\u041c\u0438\u043d\u0438\u0430\u0442\u044e\u0440\u0430 \u043d\u043e\u0436\u0430 Kershaw Align \u0434\u043b\u044f \u0430\u043a\u0442\u0438\u0432\u043d\u043e\u0433\u043e \u043e\u0442\u0434\u044b\u0445\u0430, \u0442\u0443\u0440\u0438\u0437\u043c\u0430, \u043f\u043e\u0445\u043e\u0434\u043e\u0432 \u0438 \u043f\u0443\u0442\u0435\u0448\u0435\u0441\u0442\u0432\u0438\u0439 | \u0442\u043e\u0432\u0430\u0440\u044b \u0434\u043b\u044f \u0430\u043a\u0442\u0438\u0432\u043d\u043e\u0433\u043e \u043e\u0431\u0440\u0430\u0437\u0430 \u0436\u0438\u0437\u043d\u0438, \u043e\u0434\u0435\u0436\u0434\u0430 \u0438 \u043e\u0431\u0443\u0432\u044c \u0434\u043b\u044f \u0441\u043a\u0430\u043b\u043e\u043b\u0430\u0437\u0430\u043d\u0438\u044f, \u0445\u0430\u0439\u043a\u0438\u043d\u0433\u0430, \u043c\u043e\u043d\u0442\u0456\u043d\u0456\u0440\u0456\u043d\u0433\u0430 \u0438 \u043f\u0443\u0442\u0435\u0448\u0435\u0441\u0442\u0432\u0438\u0439"},{"@type":"BreadcrumbList","@id":"https:\/\/xstyle.md\/product\/nozh-kershaw-align\/#breadcrumb","itemListElement":[{"@type":"ListItem","position":1,"name":"\u0413\u043b\u0430\u0432\u043d\u0430\u044f \u0441\u0442\u0440\u0430\u043d\u0438\u0446\u0430","item":"https:\/\/xstyle.md\/"},{"@type":"ListItem","position":2,"name":"\u041c\u0430\u0433\u0430\u0437\u0438\u043d","item":"https:\/\/xstyle.md\/shop\/"},{"@type":"ListItem","position":3,"name":"\u041d\u043e\u0436 Kershaw Align"}]},{"@type":"WebSite","@id":"https:\/\/xstyle.md\/#website","url":"https:\/\/xstyle.md\/","name":"Magazinul X-Style","description":"Echipamente pentru turism \u0219i sporturi extreme \u00een Moldova. Pre\u021buri, fotografii, caracteristici \u00een Moldova.","publisher":{"@id":"https:\/\/xstyle.md\/#organization"},"alternateName":"X-Style","potentialAction":[{"@type":"SearchAction","target":{"@type":"EntryPoint","urlTemplate":"https:\/\/xstyle.md\/?s={search_term_string}"},"query-input":{"@type":"PropertyValueSpecification","valueRequired":true,"valueName":"search_term_string"}}],"inLanguage":"ro-RO"},{"@type":"Organization","@id":"https:\/\/xstyle.md\/#organization","name":"Magazinul X-Style","alternateName":"x-style","url":"https:\/\/xstyle.md\/","logo":{"@type":"ImageObject","inLanguage":"ro-RO","@id":"https:\/\/xstyle.md\/#\/schema\/logo\/image\/","url":"https:\/\/xstyle.md\/wp-content\/uploads\/2020\/06\/logoicon.svg","contentUrl":"https:\/\/xstyle.md\/wp-content\/uploads\/2020\/06\/logoicon.svg","caption":"\u041c\u0430\u0433\u0430\u0437\u0438\u043d Xstyle"},"image":{"@id":"https:\/\/xstyle.md\/#\/schema\/logo\/image\/"},"sameAs":["https:\/\/www.facebook.com\/xstylemd","https:\/\/www.instagram.com\/xstyle_md\/","https:\/\/t.me\/xstyle_outdoor"],"hasMerchantReturnPolicy":{"@type":"MerchantReturnPolicy","merchantReturnLink":"https:\/\/xstyle.md\/ro\/conditions\/"}}]},"product_price_amount":"1170.00","product_price_currency":"MDL","og_availability":"out of stock","product_availability":"out of stock","product_retailer_item_id":"4045011277184","product_condition":"new"},"_links":{"self":[{"href":"https:\/\/xstyle.md\/ro\/wp-json\/wp\/v2\/product\/84434","targetHints":{"allow":["GET"]}}],"collection":[{"href":"https:\/\/xstyle.md\/ro\/wp-json\/wp\/v2\/product"}],"about":[{"href":"https:\/\/xstyle.md\/ro\/wp-json\/wp\/v2\/types\/product"}],"replies":[{"embeddable":true,"href":"https:\/\/xstyle.md\/ro\/wp-json\/wp\/v2\/comments?post=84434"}],"wp:featuredmedia":[{"embeddable":true,"href":"https:\/\/xstyle.md\/ro\/wp-json\/wp\/v2\/media\/84994"}],"wp:attachment":[{"href":"https:\/\/xstyle.md\/ro\/wp-json\/wp\/v2\/media?parent=84434"}],"wp:term":[{"taxonomy":"product_brand","embeddable":true,"href":"https:\/\/xstyle.md\/ro\/wp-json\/wp\/v2\/product_brand?post=84434"},{"taxonomy":"product_cat","embeddable":true,"href":"https:\/\/xstyle.md\/ro\/wp-json\/wp\/v2\/product_cat?post=84434"},{"taxonomy":"product_tag","embeddable":true,"href":"https:\/\/xstyle.md\/ro\/wp-json\/wp\/v2\/product_tag?post=84434"}],"curies":[{"name":"wp","href":"https:\/\/api.w.org\/{rel}","templated":true}]}}