{"id":84420,"date":"2024-06-05T17:56:02","date_gmt":"2024-06-05T14:56:02","guid":{"rendered":"https:\/\/xstyle.md\/?post_type=product&#038;p=84420"},"modified":"2025-10-24T12:23:44","modified_gmt":"2025-10-24T09:23:44","slug":"nozh-boker-plus-epicenter-backlock","status":"publish","type":"product","link":"https:\/\/xstyle.md\/ro\/produs\/nozh-boker-plus-epicenter-backlock\/","title":{"rendered":"Cu\u021bit Boker Plus Epicenter Backlock"},"content":{"rendered":"<\/p>\n<p><strong>Boker Plus Epicenter Backlock<\/strong> &#8212; renumitul cu\u021bitar american Todd Rexford a creat cu\u021bitul Epicenter \u00een colaborare cu Boker Plus, care este frapant prin propor\u021biile \u0219i caracteristicile sale. Pentru crearea lamei cu profil Drop Point a fost folosit o\u021bel carbon D2 cu un finisaj u\u0219or satinat. Deschiderea lin\u0103 este garantat\u0103 de un sistem de rulmen\u021bi cu bile ceramice \u0219i o gaur\u0103 de fund voluminoas\u0103. Blocat \u0219i \u00eenchis cu un Back Lock sigur. Tampoanele m\u00e2nerului sunt realizate din G10 durabil \u00een negru pe partea superioar\u0103 \u0219i galben bogat pe interior. Bijuteria este decorat\u0103 cu un inel de alam\u0103 \u0219i un inel de alam\u0103 pentru m\u00e2ner \u0219i o plac\u0103 cu \u0219urub axial. Modelul este echipat cu un clip de buzunar ad\u00e2nc adaptat pentru o purtare confortabil\u0103. Este livrat cu o teac\u0103 de nylon de \u00eenalt\u0103 calitate.<\/p>\n<h3>Caracteristici<\/h3>\n<ul>\n<li>Tip cu\u021bit: pliabil<\/li>\n<li>Tip muchie de t\u0103iere: Regular<\/li>\n<li>Tip de blocare: Back Lock<\/li>\n<li>Lungime total\u0103: 21 cm<\/li>\n<li>Lungimea lamei: 8,8 cm<\/li>\n<li>Material m\u00e2ner: G10<\/li>\n<li>Duritatea o\u021belului: 60 HRC<\/li>\n<li>Grad de o\u021bel: D2<\/li>\n<li>Greutate: 130 g<\/li>\n<\/ul>\n<h3>Marca<\/h3>\n<p>B\u00f6ker este una dintre cele mai vechi companii germane, cu o istorie care dateaz\u0103 din Evul Mediu t\u00e2rziu. Produc\u021bia familial\u0103 de s\u0103bii s-a dezvoltat \u00eentr-o gam\u0103 larg\u0103 de cu\u021bite, de la cu\u021bite de buc\u0103t\u0103rie la cu\u021bite de colec\u021bie. Iar emblema companiei, care este folosit\u0103 de peste 150 de ani, este puternicul castan care a crescut l\u00e2ng\u0103 fabric\u0103.<\/p>\n<p>La fabricarea cu\u021bitelor se utilizeaz\u0103 o\u021bel german de \u00eenalt\u0103 calitate din Solingen, precum \u0219i o\u021bel Damasc &#8212; materiale care s-au dovedit a fi durabile \u0219i ascu\u021bite pentru o lung\u0103 perioad\u0103 de timp. M\u00e2nerele sunt \u00eencrustate cu lemne valoroase, ceramic\u0103, plastic. Produsele sunt reprezentate de o gam\u0103 larg\u0103 de forme de lame, toate modelele sunt surprinz\u0103tor de ergonomice, perfect echilibrate.<\/p>\n<p>Respectul pentru tradi\u021bie merge m\u00e2n\u0103 \u00een m\u00e2n\u0103 cu modele inovatoare. Toate acestea inspir\u0103 milioane de entuzia\u0219ti \u0219i utilizatori de cu\u021bite care au apreciat deja fiabilitatea, originalitatea, func\u021bionalitatea \u0219i calitatea \u00eenalt\u0103 de neegalat a produselor B\u00f6ker.<\/p>\n<p><\/p>","protected":false},"excerpt":{"rendered":"","protected":false},"featured_media":84932,"comment_status":"open","ping_status":"closed","template":"","meta":{"_acf_changed":false,"inline_featured_image":false},"product_brand":[1392],"product_cat":[169],"product_tag":[],"class_list":{"0":"post-84420","1":"product","2":"type-product","3":"status-publish","4":"has-post-thumbnail","6":"product_brand-boker","7":"product_cat-knives","9":"first","10":"instock","11":"shipping-taxable","12":"purchasable","13":"product-type-simple"},"acf":[],"yoast_head":"<!-- This site is optimized with the Yoast SEO plugin v27.4 - https:\/\/yoast.com\/product\/yoast-seo-wordpress\/ -->\n<title>\u041d\u043e\u0436 Boker Plus Epicenter Backlock - \u041c\u0430\u0433\u0430\u0437\u0438\u043d Xstyle<\/title>\n<meta name=\"description\" content=\"\u041d\u043e\u0436 Boker Plus Epicenter Backlock - \u0438\u0434\u0435\u0430\u043b\u044c\u043d\u044b\u0439 \u0432\u044b\u0431\u043e\u0440 \u0434\u043b\u044f \u0446\u0435\u043d\u0438\u0442\u0435\u043b\u0435\u0439. \u041b\u0435\u0437\u0432\u0438\u0435 Drop Point \u0438\u0437 \u0441\u0442\u0430\u043b\u0438 D2, \u0441\u0442\u0438\u043b\u044c\u043d\u044b\u0439 G10. \u041e\u0442\u043a\u0440\u043e\u0439\u0442\u0435 \u0434\u043b\u044f \u0441\u0435\u0431\u044f \u043a\u0430\u0447\u0435\u0441\u0442\u0432\u043e \u0438 \u0434\u0438\u0437\u0430\u0439\u043d!\" \/>\n<meta name=\"robots\" content=\"index, follow, max-snippet:-1, max-image-preview:large, max-video-preview:-1\" \/>\n<link rel=\"canonical\" href=\"https:\/\/xstyle.md\/ro\/produs\/nozh-boker-plus-epicenter-backlock\/\" \/>\n<meta property=\"og:locale\" content=\"ro_RO\" \/>\n<meta property=\"og:type\" content=\"article\" \/>\n<meta property=\"og:title\" content=\"\u041d\u043e\u0436 Boker Plus Epicenter Backlock - \u041c\u0430\u0433\u0430\u0437\u0438\u043d Xstyle\" \/>\n<meta property=\"og:description\" content=\"\u041d\u043e\u0436 Boker Plus Epicenter Backlock - \u0438\u0434\u0435\u0430\u043b\u044c\u043d\u044b\u0439 \u0432\u044b\u0431\u043e\u0440 \u0434\u043b\u044f \u0446\u0435\u043d\u0438\u0442\u0435\u043b\u0435\u0439. \u041b\u0435\u0437\u0432\u0438\u0435 Drop Point \u0438\u0437 \u0441\u0442\u0430\u043b\u0438 D2, \u0441\u0442\u0438\u043b\u044c\u043d\u044b\u0439 G10. \u041e\u0442\u043a\u0440\u043e\u0439\u0442\u0435 \u0434\u043b\u044f \u0441\u0435\u0431\u044f \u043a\u0430\u0447\u0435\u0441\u0442\u0432\u043e \u0438 \u0434\u0438\u0437\u0430\u0439\u043d!\" \/>\n<meta property=\"og:url\" content=\"https:\/\/xstyle.md\/ro\/produs\/nozh-boker-plus-epicenter-backlock\/\" \/>\n<meta property=\"og:site_name\" content=\"\u041c\u0430\u0433\u0430\u0437\u0438\u043d Xstyle\" \/>\n<meta property=\"article:publisher\" content=\"https:\/\/www.facebook.com\/xstylemd\" \/>\n<meta property=\"article:modified_time\" content=\"2025-10-24T09:23:44+00:00\" \/>\n<meta property=\"og:image\" content=\"https:\/\/xstyle.md\/wp-content\/uploads\/2024\/06\/boker-plus-epicenter-backlock.jpg\" \/>\n\t<meta property=\"og:image:width\" content=\"1109\" \/>\n\t<meta property=\"og:image:height\" content=\"1115\" \/>\n\t<meta property=\"og:image:type\" content=\"image\/jpeg\" \/>\n<meta name=\"twitter:card\" content=\"summary_large_image\" \/>\n<meta name=\"twitter:label1\" content=\"Pre\u021b\" \/>\n\t<meta name=\"twitter:data1\" content=\"2.650&nbsp;MDL\" \/>\n\t<meta name=\"twitter:label2\" content=\"Disponibilitate\" \/>\n\t<meta name=\"twitter:data2\" content=\"\u00cen stoc\" \/>\n<script type=\"application\/ld+json\" class=\"yoast-schema-graph\">{\"@context\":\"https:\\\/\\\/schema.org\",\"@graph\":[{\"@type\":\"WebPage\",\"@id\":\"https:\\\/\\\/xstyle.md\\\/product\\\/nozh-boker-plus-epicenter-backlock\\\/\",\"url\":\"https:\\\/\\\/xstyle.md\\\/product\\\/nozh-boker-plus-epicenter-backlock\\\/\",\"name\":\"\u041d\u043e\u0436 Boker Plus Epicenter Backlock - \u041c\u0430\u0433\u0430\u0437\u0438\u043d Xstyle\",\"isPartOf\":{\"@id\":\"https:\\\/\\\/xstyle.md\\\/#website\"},\"primaryImageOfPage\":{\"@id\":\"https:\\\/\\\/xstyle.md\\\/product\\\/nozh-boker-plus-epicenter-backlock\\\/#primaryimage\"},\"image\":{\"@id\":\"https:\\\/\\\/xstyle.md\\\/product\\\/nozh-boker-plus-epicenter-backlock\\\/#primaryimage\"},\"thumbnailUrl\":\"https:\\\/\\\/xstyle.md\\\/wp-content\\\/uploads\\\/2024\\\/06\\\/boker-plus-epicenter-backlock.jpg\",\"datePublished\":\"2024-06-05T14:56:02+00:00\",\"dateModified\":\"2025-10-24T09:23:44+00:00\",\"description\":\"\u041d\u043e\u0436 Boker Plus Epicenter Backlock - \u0438\u0434\u0435\u0430\u043b\u044c\u043d\u044b\u0439 \u0432\u044b\u0431\u043e\u0440 \u0434\u043b\u044f \u0446\u0435\u043d\u0438\u0442\u0435\u043b\u0435\u0439. \u041b\u0435\u0437\u0432\u0438\u0435 Drop Point \u0438\u0437 \u0441\u0442\u0430\u043b\u0438 D2, \u0441\u0442\u0438\u043b\u044c\u043d\u044b\u0439 G10. \u041e\u0442\u043a\u0440\u043e\u0439\u0442\u0435 \u0434\u043b\u044f \u0441\u0435\u0431\u044f \u043a\u0430\u0447\u0435\u0441\u0442\u0432\u043e \u0438 \u0434\u0438\u0437\u0430\u0439\u043d!\",\"breadcrumb\":{\"@id\":\"https:\\\/\\\/xstyle.md\\\/product\\\/nozh-boker-plus-epicenter-backlock\\\/#breadcrumb\"},\"inLanguage\":\"ro-RO\",\"potentialAction\":[{\"@type\":\"ReadAction\",\"target\":[\"https:\\\/\\\/xstyle.md\\\/product\\\/nozh-boker-plus-epicenter-backlock\\\/\"]}]},{\"@type\":\"ImageObject\",\"inLanguage\":\"ro-RO\",\"@id\":\"https:\\\/\\\/xstyle.md\\\/product\\\/nozh-boker-plus-epicenter-backlock\\\/#primaryimage\",\"url\":\"https:\\\/\\\/xstyle.md\\\/wp-content\\\/uploads\\\/2024\\\/06\\\/boker-plus-epicenter-backlock.jpg\",\"contentUrl\":\"https:\\\/\\\/xstyle.md\\\/wp-content\\\/uploads\\\/2024\\\/06\\\/boker-plus-epicenter-backlock.jpg\",\"width\":1109,\"height\":1115,\"caption\":\"\u0422\u043e\u0432\u0430\u0440 \u043d\u043e\u0436 Boker Plus Epicenter Backlock \u0434\u043b\u044f \u0430\u043a\u0442\u0438\u0432\u043d\u043e\u0433\u043e \u043e\u0442\u0434\u044b\u0445\u0430 \u0438 \u0442\u0443\u0440\u0438\u0437\u043c\u0430 \u2014 \u043f\u043e\u0445\u043e\u0434\u044b, \u0445\u0430\u0439\u043a\u0438\u043d\u0433, \u0430\u043b\u044c\u043f\u0438\u043d\u0438\u0437\u043c, \u0441\u043f\u043e\u0440\u0442\u0438\u0432\u043d\u0430\u044f \u043e\u0434\u0435\u0436\u0434\u0430 \u0438 \u043e\u0431\u0443\u0432\u044c \u0434\u043b\u044f \u043f\u0443\u0442\u0435\u0448\u0435\u0441\u0442\u0432\u0438\u0439\"},{\"@type\":\"BreadcrumbList\",\"@id\":\"https:\\\/\\\/xstyle.md\\\/product\\\/nozh-boker-plus-epicenter-backlock\\\/#breadcrumb\",\"itemListElement\":[{\"@type\":\"ListItem\",\"position\":1,\"name\":\"\u0413\u043b\u0430\u0432\u043d\u0430\u044f \u0441\u0442\u0440\u0430\u043d\u0438\u0446\u0430\",\"item\":\"https:\\\/\\\/xstyle.md\\\/\"},{\"@type\":\"ListItem\",\"position\":2,\"name\":\"\u041c\u0430\u0433\u0430\u0437\u0438\u043d\",\"item\":\"https:\\\/\\\/xstyle.md\\\/shop\\\/\"},{\"@type\":\"ListItem\",\"position\":3,\"name\":\"\u041d\u043e\u0436 Boker Plus Epicenter Backlock\"}]},{\"@type\":\"WebSite\",\"@id\":\"https:\\\/\\\/xstyle.md\\\/#website\",\"url\":\"https:\\\/\\\/xstyle.md\\\/\",\"name\":\"\u041c\u0430\u0433\u0430\u0437\u0438\u043d Xstyle\",\"description\":\"C\u043d\u0430\u0440\u044f\u0436\u0435\u043d\u0438\u0435 \u0434\u043b\u044f \u0442\u0443\u0440\u0438\u0437\u043c\u0430 \u0438 \u044d\u043a\u0441\u0442\u0440\u0435\u043c\u0430\u043b\u044c\u043d\u044b\u0445 \u0432\u0438\u0434\u043e\u0432 \u0441\u043f\u043e\u0440\u0442\u0430 \u0432 \u041c\u043e\u043b\u0434\u043e\u0432\u0435.. \u0426\u0435\u043d\u044b, \u0444\u043e\u0442\u043e, \u0445\u0430\u0440\u0430\u043a\u0442\u0435\u0440\u0438\u0441\u0442\u0438\u043a\u0438 \u0432 \u041c\u043e\u043b\u0434\u043e\u0432\u0435.\",\"publisher\":{\"@id\":\"https:\\\/\\\/xstyle.md\\\/#organization\"},\"alternateName\":\"X-Style\",\"potentialAction\":[{\"@type\":\"SearchAction\",\"target\":{\"@type\":\"EntryPoint\",\"urlTemplate\":\"https:\\\/\\\/xstyle.md\\\/?s={search_term_string}\"},\"query-input\":{\"@type\":\"PropertyValueSpecification\",\"valueRequired\":true,\"valueName\":\"search_term_string\"}}],\"inLanguage\":\"ro-RO\"},{\"@type\":\"Organization\",\"@id\":\"https:\\\/\\\/xstyle.md\\\/#organization\",\"name\":\"\u041c\u0430\u0433\u0430\u0437\u0438\u043d Xstyle\",\"alternateName\":\"x-style\",\"url\":\"https:\\\/\\\/xstyle.md\\\/\",\"logo\":{\"@type\":\"ImageObject\",\"inLanguage\":\"ro-RO\",\"@id\":\"https:\\\/\\\/xstyle.md\\\/#\\\/schema\\\/logo\\\/image\\\/\",\"url\":\"https:\\\/\\\/xstyle.md\\\/wp-content\\\/uploads\\\/2020\\\/06\\\/logoicon.svg\",\"contentUrl\":\"https:\\\/\\\/xstyle.md\\\/wp-content\\\/uploads\\\/2020\\\/06\\\/logoicon.svg\",\"caption\":\"\u041c\u0430\u0433\u0430\u0437\u0438\u043d Xstyle\"},\"image\":{\"@id\":\"https:\\\/\\\/xstyle.md\\\/#\\\/schema\\\/logo\\\/image\\\/\"},\"sameAs\":[\"https:\\\/\\\/www.facebook.com\\\/xstylemd\",\"https:\\\/\\\/www.instagram.com\\\/xstyle_md\\\/\",\"https:\\\/\\\/t.me\\\/xstyle_outdoor\"],\"hasMerchantReturnPolicy\":{\"@type\":\"MerchantReturnPolicy\",\"merchantReturnLink\":\"https:\\\/\\\/xstyle.md\\\/ro\\\/conditions\\\/\"}}]}<\/script>\n<meta property=\"product:price:amount\" content=\"2650.00\" \/>\n<meta property=\"product:price:currency\" content=\"MDL\" \/>\n<meta property=\"og:availability\" content=\"instock\" \/>\n<meta property=\"product:availability\" content=\"instock\" \/>\n<meta property=\"product:retailer_item_id\" content=\"4045011253997\" \/>\n<meta property=\"product:condition\" content=\"new\" \/>\n<!-- \/ Yoast SEO plugin. -->","yoast_head_json":{"title":"Cu\u021bit Boker Plus Epicenter Backlock - Magazin Xstyle","description":"Cura\u021bi\u021ba Boker Plus Epicenter Backlock - alegerea ideal\u0103 pentru cunosc\u0103tori. Lama Drop Point din o\u021bel D2, G10 elegant. Descoperi\u021bi calitatea \u0219i designul!","robots":{"index":"index","follow":"follow","max-snippet":"max-snippet:-1","max-image-preview":"max-image-preview:large","max-video-preview":"max-video-preview:-1"},"canonical":"https:\/\/xstyle.md\/ro\/produs\/nozh-boker-plus-epicenter-backlock\/","og_locale":"ro_RO","og_type":"article","og_title":"\u041d\u043e\u0436 Boker Plus Epicenter Backlock - \u041c\u0430\u0433\u0430\u0437\u0438\u043d Xstyle","og_description":"\u041d\u043e\u0436 Boker Plus Epicenter Backlock - \u0438\u0434\u0435\u0430\u043b\u044c\u043d\u044b\u0439 \u0432\u044b\u0431\u043e\u0440 \u0434\u043b\u044f \u0446\u0435\u043d\u0438\u0442\u0435\u043b\u0435\u0439. \u041b\u0435\u0437\u0432\u0438\u0435 Drop Point \u0438\u0437 \u0441\u0442\u0430\u043b\u0438 D2, \u0441\u0442\u0438\u043b\u044c\u043d\u044b\u0439 G10. \u041e\u0442\u043a\u0440\u043e\u0439\u0442\u0435 \u0434\u043b\u044f \u0441\u0435\u0431\u044f \u043a\u0430\u0447\u0435\u0441\u0442\u0432\u043e \u0438 \u0434\u0438\u0437\u0430\u0439\u043d!","og_url":"https:\/\/xstyle.md\/ro\/produs\/nozh-boker-plus-epicenter-backlock\/","og_site_name":"\u041c\u0430\u0433\u0430\u0437\u0438\u043d Xstyle","article_publisher":"https:\/\/www.facebook.com\/xstylemd","article_modified_time":"2025-10-24T09:23:44+00:00","og_image":[{"width":1109,"height":1115,"url":"https:\/\/xstyle.md\/wp-content\/uploads\/2024\/06\/boker-plus-epicenter-backlock.jpg","type":"image\/jpeg"}],"twitter_card":"summary_large_image","twitter_misc":{"Pre\u021b":"2.650&nbsp;MDL","Disponibilitate":"\u00cen stoc"},"schema":{"@context":"https:\/\/schema.org","@graph":[{"@type":"WebPage","@id":"https:\/\/xstyle.md\/product\/nozh-boker-plus-epicenter-backlock\/","url":"https:\/\/xstyle.md\/product\/nozh-boker-plus-epicenter-backlock\/","name":"Cu\u021bit Boker Plus Epicenter Backlock - Magazin Xstyle","isPartOf":{"@id":"https:\/\/xstyle.md\/#website"},"primaryImageOfPage":{"@id":"https:\/\/xstyle.md\/product\/nozh-boker-plus-epicenter-backlock\/#primaryimage"},"image":{"@id":"https:\/\/xstyle.md\/product\/nozh-boker-plus-epicenter-backlock\/#primaryimage"},"thumbnailUrl":"https:\/\/xstyle.md\/wp-content\/uploads\/2024\/06\/boker-plus-epicenter-backlock.jpg","datePublished":"2024-06-05T14:56:02+00:00","dateModified":"2025-10-24T09:23:44+00:00","description":"Cura\u021bi\u021ba Boker Plus Epicenter Backlock - alegerea ideal\u0103 pentru cunosc\u0103tori. Lama Drop Point din o\u021bel D2, G10 elegant. Descoperi\u021bi calitatea \u0219i designul!","breadcrumb":{"@id":"https:\/\/xstyle.md\/product\/nozh-boker-plus-epicenter-backlock\/#breadcrumb"},"inLanguage":"ro-RO","potentialAction":[{"@type":"ReadAction","target":["https:\/\/xstyle.md\/product\/nozh-boker-plus-epicenter-backlock\/"]}]},{"@type":"ImageObject","inLanguage":"ro-RO","@id":"https:\/\/xstyle.md\/product\/nozh-boker-plus-epicenter-backlock\/#primaryimage","url":"https:\/\/xstyle.md\/wp-content\/uploads\/2024\/06\/boker-plus-epicenter-backlock.jpg","contentUrl":"https:\/\/xstyle.md\/wp-content\/uploads\/2024\/06\/boker-plus-epicenter-backlock.jpg","width":1109,"height":1115,"caption":"\u0422\u043e\u0432\u0430\u0440 \u043d\u043e\u0436 Boker Plus Epicenter Backlock \u0434\u043b\u044f \u0430\u043a\u0442\u0438\u0432\u043d\u043e\u0433\u043e \u043e\u0442\u0434\u044b\u0445\u0430 \u0438 \u0442\u0443\u0440\u0438\u0437\u043c\u0430 \u2014 \u043f\u043e\u0445\u043e\u0434\u044b, \u0445\u0430\u0439\u043a\u0438\u043d\u0433, \u0430\u043b\u044c\u043f\u0438\u043d\u0438\u0437\u043c, \u0441\u043f\u043e\u0440\u0442\u0438\u0432\u043d\u0430\u044f \u043e\u0434\u0435\u0436\u0434\u0430 \u0438 \u043e\u0431\u0443\u0432\u044c \u0434\u043b\u044f \u043f\u0443\u0442\u0435\u0448\u0435\u0441\u0442\u0432\u0438\u0439"},{"@type":"BreadcrumbList","@id":"https:\/\/xstyle.md\/product\/nozh-boker-plus-epicenter-backlock\/#breadcrumb","itemListElement":[{"@type":"ListItem","position":1,"name":"\u0413\u043b\u0430\u0432\u043d\u0430\u044f \u0441\u0442\u0440\u0430\u043d\u0438\u0446\u0430","item":"https:\/\/xstyle.md\/"},{"@type":"ListItem","position":2,"name":"\u041c\u0430\u0433\u0430\u0437\u0438\u043d","item":"https:\/\/xstyle.md\/shop\/"},{"@type":"ListItem","position":3,"name":"\u041d\u043e\u0436 Boker Plus Epicenter Backlock"}]},{"@type":"WebSite","@id":"https:\/\/xstyle.md\/#website","url":"https:\/\/xstyle.md\/","name":"Magazinul X-Style","description":"Echipamente pentru turism \u0219i sporturi extreme \u00een Moldova. Pre\u021buri, fotografii, caracteristici \u00een Moldova.","publisher":{"@id":"https:\/\/xstyle.md\/#organization"},"alternateName":"X-Style","potentialAction":[{"@type":"SearchAction","target":{"@type":"EntryPoint","urlTemplate":"https:\/\/xstyle.md\/?s={search_term_string}"},"query-input":{"@type":"PropertyValueSpecification","valueRequired":true,"valueName":"search_term_string"}}],"inLanguage":"ro-RO"},{"@type":"Organization","@id":"https:\/\/xstyle.md\/#organization","name":"Magazinul X-Style","alternateName":"x-style","url":"https:\/\/xstyle.md\/","logo":{"@type":"ImageObject","inLanguage":"ro-RO","@id":"https:\/\/xstyle.md\/#\/schema\/logo\/image\/","url":"https:\/\/xstyle.md\/wp-content\/uploads\/2020\/06\/logoicon.svg","contentUrl":"https:\/\/xstyle.md\/wp-content\/uploads\/2020\/06\/logoicon.svg","caption":"\u041c\u0430\u0433\u0430\u0437\u0438\u043d Xstyle"},"image":{"@id":"https:\/\/xstyle.md\/#\/schema\/logo\/image\/"},"sameAs":["https:\/\/www.facebook.com\/xstylemd","https:\/\/www.instagram.com\/xstyle_md\/","https:\/\/t.me\/xstyle_outdoor"],"hasMerchantReturnPolicy":{"@type":"MerchantReturnPolicy","merchantReturnLink":"https:\/\/xstyle.md\/ro\/conditions\/"}}]},"product_price_amount":"2650.00","product_price_currency":"MDL","og_availability":"instock","product_availability":"instock","product_retailer_item_id":"4045011253997","product_condition":"new"},"post_mailing_queue_ids":[],"_links":{"self":[{"href":"https:\/\/xstyle.md\/ro\/wp-json\/wp\/v2\/product\/84420","targetHints":{"allow":["GET"]}}],"collection":[{"href":"https:\/\/xstyle.md\/ro\/wp-json\/wp\/v2\/product"}],"about":[{"href":"https:\/\/xstyle.md\/ro\/wp-json\/wp\/v2\/types\/product"}],"replies":[{"embeddable":true,"href":"https:\/\/xstyle.md\/ro\/wp-json\/wp\/v2\/comments?post=84420"}],"wp:featuredmedia":[{"embeddable":true,"href":"https:\/\/xstyle.md\/ro\/wp-json\/wp\/v2\/media\/84932"}],"wp:attachment":[{"href":"https:\/\/xstyle.md\/ro\/wp-json\/wp\/v2\/media?parent=84420"}],"wp:term":[{"taxonomy":"product_brand","embeddable":true,"href":"https:\/\/xstyle.md\/ro\/wp-json\/wp\/v2\/product_brand?post=84420"},{"taxonomy":"product_cat","embeddable":true,"href":"https:\/\/xstyle.md\/ro\/wp-json\/wp\/v2\/product_cat?post=84420"},{"taxonomy":"product_tag","embeddable":true,"href":"https:\/\/xstyle.md\/ro\/wp-json\/wp\/v2\/product_tag?post=84420"}],"curies":[{"name":"wp","href":"https:\/\/api.w.org\/{rel}","templated":true}]}}