{"id":8387,"date":"2020-07-16T23:38:32","date_gmt":"2020-07-16T20:38:32","guid":{"rendered":"https:\/\/xstyle.md\/product\/botinki-detskie-asolo-enforce-gv-jr"},"modified":"2024-10-19T23:48:09","modified_gmt":"2024-10-19T20:48:09","slug":"botinki-detskie-asolo-enforce-gv-jr","status":"publish","type":"product","link":"https:\/\/xstyle.md\/ro\/produs\/botinki-detskie-asolo-enforce-gv-jr\/","title":{"rendered":"Bocanci Asolo Enforce GV redbud\/blood"},"content":{"rendered":"<\/p>\n<p>Bocanci <strong>Asolo Enforce GV redbud\/blood <\/strong>&#8212; bocanci pentru trekking din pielea intoarsa impermeabil\u0103 \u0219i membran\u0103 Gore-Tex\u00ae respirabil\u0103. Talpa exterioar\u0103 Vibram\u00ae absoarbe perfect loviturile \u0219i asigur\u0103 o aderen\u021b\u0103 sigur\u0103 pe orice suprafa\u021b\u0103. Materialul de c\u0103ptu\u0219eal\u0103 face ca cizmele s\u0103 fie potrivite pentru camping \u00een orice perioad\u0103 a anului \u0219i pentru drume\u021bii pe vreme nefavorabil\u0103. Model pentru adolescen\u021bi.<\/p>\n<h3>Particularit\u0103\u021bi<\/h3>\n<ul>\n<li>Virful \u00eent\u0103rit<\/li>\n<li>Sistem clasic de legare<\/li>\n<li>Forma bocancului este conceput\u0103 pentru a se potrivi picioarelor copiilor<\/li>\n<li>Talpa are caneluri de autocur\u0103\u021bare, care permite s\u0103 ob\u021bine\u021bi o trac\u021biune bun\u0103 pe diferite tipuri de terenuri.<\/li>\n<\/ul>\n<h3>Caracteristici<\/h3>\n<ul>\n<li>Material superior &#8212; pielea intoarsa hidrofug\u0103<\/li>\n<li>Membrane - GORE-TEX\u00ae Extended Comfort<\/li>\n<li>Cadru &#8212; Asoflex Junior<\/li>\n<li>Talp\u0103 exterioar\u0103 &#8212; Vibram\u00ae Softy<\/li>\n<li>Scop &#8212; drume\u021bii, trekking<\/li>\n<li>Sezonul - demi-sezon<\/li>\n<li>Greutate &#8212; 290 g.<\/li>\n<\/ul>\n<h3>Tehnologie<\/h3>\n<ul>\n<li data-reader-unique-id=\"22\"><strong>Vibram\u00ae -\u00a0<\/strong>Cel mai important produc\u0103tor mondial de benzi pentru alpinism \u0219i trekking. Talpa este proiectat\u0103 cu un cauciuc foarte rezistent, care este o aderen\u021b\u0103 excelent\u0103 la suprafa\u021b\u0103. Ofer\u0103 suport\u0103 maxim \u0219i durabilitate.<\/li>\n<li data-reader-unique-id=\"22\"><strong data-reader-unique-id=\"23\">GORE-TEX\u00ae Confort extins<\/strong>\u00a0este o membran\u0103 GORE-TEX\u00ae care ofer\u0103 protec\u021bie impermeabil\u0103 \u0219 i respirabilitate excelent\u0103 la temperaturi extreme moderate, cum ar fi frigul sau activitatea nes\u0103n\u0103toas\u0103. Excelent\u0103 \u00eentr-un mediu de cazuri \u00een care este necesar s\u0103 se reduc\u0103 la minimum re\u021binerea cazanului \u00een interiorul camerei.<\/li>\n<li data-reader-unique-id=\"22\"><strong>Asoflex - <\/strong>form\u0103 multistrat, proiectate pentru un confort sporit. Primul element realizat din material rigid, \u00een principal pentru a preveni prona\u021bia \u0219i antisupina\u021bia. Elementul de-al doilea, realizat \u00eentr-un material cu un grad ridicat de rezisten\u021b\u0103, poate fi utilizat pentru amortizare la momentul mersului. \u00cen fabrica\u021bie, se utilizeaz\u0103 materiale diferen\u021biate pentru femei \u0219i b\u0103rba\u021bi, \u021bin\u00e2nd cont de caracteristicile anatomice ale diferen\u021biatorului de sex.<\/li>\n<\/ul>\n<h3>Marca<\/h3>\n<p>ASOLO este unul dintre principalii produc\u0103tori de incaltaminate pentru trekking, altitudine, urban \u0219i multisport. Compania italian\u0103 ASOLO exist\u0103 din 1975 \u0219i, la momentul lans\u0103rii sale, nu a fost \u00een m\u0103sur\u0103 s\u0103 dezvolte lumea industriei sportive cu un num\u0103r mare de v\u00e2nz\u0103ri inovatoare.<\/p>\n<p>ASOLO realizeaz\u0103 o gam\u0103 larg\u0103 de tehnologii \u0219i materiale de ultim\u0103 genera\u021bie, care pot fi utilizate \u00eentr-o gam\u0103 larg\u0103 de aplica\u021bii. \u00cen ASOLO cald\u0103, u\u0219oar\u0103, confortabil\u0103 \u0219i fiabil\u0103 se folose\u0219te t\u0103lpile VIBRAM. Poate fi utilizat ca dispozitiv de stabilizare pentru a preveni utilizarea unui num\u0103r mare de cobor\u00e2ri abrupte.<\/p>\n<p>Croirea excelenta si performan\u021ba sunt punctele forte ale marcii ASOLO.<\/p>\n<p>","protected":false},"excerpt":{"rendered":"<p>Bocanci Asolo Enforce GV redbud\/blood<\/p>","protected":false},"featured_media":8386,"comment_status":"open","ping_status":"closed","template":"","meta":{"_acf_changed":false,"inline_featured_image":false},"product_brand":[1277],"product_cat":[852],"product_tag":[],"class_list":{"0":"post-8387","1":"product","2":"type-product","3":"status-publish","4":"has-post-thumbnail","6":"product_brand-asolo","7":"product_cat-kids-trekking","9":"first","10":"instock","11":"sale","12":"shipping-taxable","13":"purchasable","14":"product-type-simple"},"acf":[],"yoast_head":"<!-- This site is optimized with the Yoast SEO plugin v27.2 - https:\/\/yoast.com\/product\/yoast-seo-wordpress\/ -->\n<title>\u0411\u043e\u0442\u0438\u043d\u043a\u0438 Asolo Enforce GV redbud\/blood - \u041c\u0430\u0433\u0430\u0437\u0438\u043d Xstyle<\/title>\n<meta name=\"description\" content=\"\u0411\u043e\u0442\u0438\u043d\u043a\u0438 Asolo Enforce GV redbud\/blood \u2014 \u0438\u0434\u0435\u0430\u043b\u044c\u043d\u044b\u0439 \u0432\u044b\u0431\u043e\u0440 \u0434\u043b\u044f \u0442\u0440\u0435\u043a\u043a\u0438\u043d\u0433\u0430! \u0412\u043e\u0434\u043e\u043d\u0435\u043f\u0440\u043e\u043d\u0438\u0446\u0430\u0435\u043c\u0430\u044f \u043a\u043e\u0436\u0430, \u0434\u044b\u0448\u0430\u0449\u0438\u0439 GoreTex, Vibram \u0434\u043b\u044f \u043e\u0442\u043b\u0438\u0447\u043d\u043e\u0433\u043e \u0441\u0446\u0435\u043f\u043b\u0435\u043d\u0438\u044f.\" \/>\n<meta name=\"robots\" content=\"index, follow, max-snippet:-1, max-image-preview:large, max-video-preview:-1\" \/>\n<link rel=\"canonical\" href=\"https:\/\/xstyle.md\/ro\/produs\/botinki-detskie-asolo-enforce-gv-jr\/\" \/>\n<meta property=\"og:locale\" content=\"ro_RO\" \/>\n<meta property=\"og:type\" content=\"article\" \/>\n<meta property=\"og:title\" content=\"\u0411\u043e\u0442\u0438\u043d\u043a\u0438 Asolo Enforce GV redbud\/blood - \u041c\u0430\u0433\u0430\u0437\u0438\u043d Xstyle\" \/>\n<meta property=\"og:description\" content=\"\u0411\u043e\u0442\u0438\u043d\u043a\u0438 Asolo Enforce GV redbud\/blood \u2014 \u0438\u0434\u0435\u0430\u043b\u044c\u043d\u044b\u0439 \u0432\u044b\u0431\u043e\u0440 \u0434\u043b\u044f \u0442\u0440\u0435\u043a\u043a\u0438\u043d\u0433\u0430! \u0412\u043e\u0434\u043e\u043d\u0435\u043f\u0440\u043e\u043d\u0438\u0446\u0430\u0435\u043c\u0430\u044f \u043a\u043e\u0436\u0430, \u0434\u044b\u0448\u0430\u0449\u0438\u0439 GoreTex, Vibram \u0434\u043b\u044f \u043e\u0442\u043b\u0438\u0447\u043d\u043e\u0433\u043e \u0441\u0446\u0435\u043f\u043b\u0435\u043d\u0438\u044f.\" \/>\n<meta property=\"og:url\" content=\"https:\/\/xstyle.md\/ro\/produs\/botinki-detskie-asolo-enforce-gv-jr\/\" \/>\n<meta property=\"og:site_name\" content=\"\u041c\u0430\u0433\u0430\u0437\u0438\u043d Xstyle\" \/>\n<meta property=\"article:publisher\" content=\"https:\/\/www.facebook.com\/xstylemd\" \/>\n<meta property=\"article:modified_time\" content=\"2024-10-19T20:48:09+00:00\" \/>\n<meta property=\"og:image\" content=\"https:\/\/xstyle.md\/wp-content\/uploads\/2020\/07\/enforce_1.jpg\" \/>\n\t<meta property=\"og:image:width\" content=\"900\" \/>\n\t<meta property=\"og:image:height\" content=\"675\" \/>\n\t<meta property=\"og:image:type\" content=\"image\/jpeg\" \/>\n<meta name=\"twitter:card\" content=\"summary_large_image\" \/>\n<meta name=\"twitter:label1\" content=\"Pre\u021b\" \/>\n\t<meta name=\"twitter:data1\" content=\"1.494&nbsp;MDL\" \/>\n\t<meta name=\"twitter:label2\" content=\"Disponibilitate\" \/>\n\t<meta name=\"twitter:data2\" content=\"\u00cen stoc\" \/>\n<script type=\"application\/ld+json\" class=\"yoast-schema-graph\">{\"@context\":\"https:\/\/schema.org\",\"@graph\":[{\"@type\":\"WebPage\",\"@id\":\"https:\/\/xstyle.md\/product\/botinki-detskie-asolo-enforce-gv-jr\/\",\"url\":\"https:\/\/xstyle.md\/product\/botinki-detskie-asolo-enforce-gv-jr\/\",\"name\":\"\u0411\u043e\u0442\u0438\u043d\u043a\u0438 Asolo Enforce GV redbud\/blood - \u041c\u0430\u0433\u0430\u0437\u0438\u043d Xstyle\",\"isPartOf\":{\"@id\":\"https:\/\/xstyle.md\/#website\"},\"primaryImageOfPage\":{\"@id\":\"https:\/\/xstyle.md\/product\/botinki-detskie-asolo-enforce-gv-jr\/#primaryimage\"},\"image\":{\"@id\":\"https:\/\/xstyle.md\/product\/botinki-detskie-asolo-enforce-gv-jr\/#primaryimage\"},\"thumbnailUrl\":\"https:\/\/xstyle.md\/wp-content\/uploads\/2020\/07\/enforce_1.jpg\",\"datePublished\":\"2020-07-16T20:38:32+00:00\",\"dateModified\":\"2024-10-19T20:48:09+00:00\",\"description\":\"\u0411\u043e\u0442\u0438\u043d\u043a\u0438 Asolo Enforce GV redbud\/blood \u2014 \u0438\u0434\u0435\u0430\u043b\u044c\u043d\u044b\u0439 \u0432\u044b\u0431\u043e\u0440 \u0434\u043b\u044f \u0442\u0440\u0435\u043a\u043a\u0438\u043d\u0433\u0430! \u0412\u043e\u0434\u043e\u043d\u0435\u043f\u0440\u043e\u043d\u0438\u0446\u0430\u0435\u043c\u0430\u044f \u043a\u043e\u0436\u0430, \u0434\u044b\u0448\u0430\u0449\u0438\u0439 GoreTex, Vibram \u0434\u043b\u044f \u043e\u0442\u043b\u0438\u0447\u043d\u043e\u0433\u043e \u0441\u0446\u0435\u043f\u043b\u0435\u043d\u0438\u044f.\",\"breadcrumb\":{\"@id\":\"https:\/\/xstyle.md\/product\/botinki-detskie-asolo-enforce-gv-jr\/#breadcrumb\"},\"inLanguage\":\"ro-RO\",\"potentialAction\":[{\"@type\":\"ReadAction\",\"target\":[\"https:\/\/xstyle.md\/product\/botinki-detskie-asolo-enforce-gv-jr\/\"]}]},{\"@type\":\"ImageObject\",\"inLanguage\":\"ro-RO\",\"@id\":\"https:\/\/xstyle.md\/product\/botinki-detskie-asolo-enforce-gv-jr\/#primaryimage\",\"url\":\"https:\/\/xstyle.md\/wp-content\/uploads\/2020\/07\/enforce_1.jpg\",\"contentUrl\":\"https:\/\/xstyle.md\/wp-content\/uploads\/2020\/07\/enforce_1.jpg\",\"width\":900,\"height\":675},{\"@type\":\"BreadcrumbList\",\"@id\":\"https:\/\/xstyle.md\/product\/botinki-detskie-asolo-enforce-gv-jr\/#breadcrumb\",\"itemListElement\":[{\"@type\":\"ListItem\",\"position\":1,\"name\":\"\u0413\u043b\u0430\u0432\u043d\u0430\u044f \u0441\u0442\u0440\u0430\u043d\u0438\u0446\u0430\",\"item\":\"https:\/\/xstyle.md\/\"},{\"@type\":\"ListItem\",\"position\":2,\"name\":\"\u041c\u0430\u0433\u0430\u0437\u0438\u043d\",\"item\":\"https:\/\/xstyle.md\/shop\/\"},{\"@type\":\"ListItem\",\"position\":3,\"name\":\"\u0411\u043e\u0442\u0438\u043d\u043a\u0438 Asolo Enforce GV redbud\/blood\"}]},{\"@type\":\"WebSite\",\"@id\":\"https:\/\/xstyle.md\/#website\",\"url\":\"https:\/\/xstyle.md\/\",\"name\":\"\u041c\u0430\u0433\u0430\u0437\u0438\u043d Xstyle\",\"description\":\"C\u043d\u0430\u0440\u044f\u0436\u0435\u043d\u0438\u0435 \u0434\u043b\u044f \u0442\u0443\u0440\u0438\u0437\u043c\u0430 \u0438 \u044d\u043a\u0441\u0442\u0440\u0435\u043c\u0430\u043b\u044c\u043d\u044b\u0445 \u0432\u0438\u0434\u043e\u0432 \u0441\u043f\u043e\u0440\u0442\u0430 \u0432 \u041c\u043e\u043b\u0434\u043e\u0432\u0435.. \u0426\u0435\u043d\u044b, \u0444\u043e\u0442\u043e, \u0445\u0430\u0440\u0430\u043a\u0442\u0435\u0440\u0438\u0441\u0442\u0438\u043a\u0438 \u0432 \u041c\u043e\u043b\u0434\u043e\u0432\u0435.\",\"publisher\":{\"@id\":\"https:\/\/xstyle.md\/#organization\"},\"alternateName\":\"X-Style\",\"potentialAction\":[{\"@type\":\"SearchAction\",\"target\":{\"@type\":\"EntryPoint\",\"urlTemplate\":\"https:\/\/xstyle.md\/?s={search_term_string}\"},\"query-input\":{\"@type\":\"PropertyValueSpecification\",\"valueRequired\":true,\"valueName\":\"search_term_string\"}}],\"inLanguage\":\"ro-RO\"},{\"@type\":\"Organization\",\"@id\":\"https:\/\/xstyle.md\/#organization\",\"name\":\"\u041c\u0430\u0433\u0430\u0437\u0438\u043d Xstyle\",\"alternateName\":\"x-style\",\"url\":\"https:\/\/xstyle.md\/\",\"logo\":{\"@type\":\"ImageObject\",\"inLanguage\":\"ro-RO\",\"@id\":\"https:\/\/xstyle.md\/#\/schema\/logo\/image\/\",\"url\":\"https:\/\/xstyle.md\/wp-content\/uploads\/2020\/06\/logoicon.svg\",\"contentUrl\":\"https:\/\/xstyle.md\/wp-content\/uploads\/2020\/06\/logoicon.svg\",\"caption\":\"\u041c\u0430\u0433\u0430\u0437\u0438\u043d Xstyle\"},\"image\":{\"@id\":\"https:\/\/xstyle.md\/#\/schema\/logo\/image\/\"},\"sameAs\":[\"https:\/\/www.facebook.com\/xstylemd\",\"https:\/\/www.instagram.com\/xstyle_md\/\",\"https:\/\/t.me\/xstyle_outdoor\"],\"hasMerchantReturnPolicy\":{\"@type\":\"MerchantReturnPolicy\",\"merchantReturnLink\":\"https:\/\/xstyle.md\/ro\/conditions\/\"}}]}<\/script>\n<meta property=\"product:price:amount\" content=\"1494.00\" \/>\n<meta property=\"product:price:currency\" content=\"MDL\" \/>\n<meta property=\"og:availability\" content=\"instock\" \/>\n<meta property=\"product:availability\" content=\"instock\" \/>\n<meta property=\"product:retailer_item_id\" content=\"8026948874420\" \/>\n<meta property=\"product:condition\" content=\"new\" \/>\n<!-- \/ Yoast SEO plugin. -->","yoast_head_json":{"title":"Bocanci Asolo Enforce GV redbud\/blood - Magazin Xstyle","description":"Bocanci Asolo Enforce GV redbud\/blood \u2014 alegerea perfect\u0103 pentru trekking! Piele impermeabil\u0103, GoreTex respirabil, Vibram pentru o aderen\u021b\u0103 excelent\u0103.","robots":{"index":"index","follow":"follow","max-snippet":"max-snippet:-1","max-image-preview":"max-image-preview:large","max-video-preview":"max-video-preview:-1"},"canonical":"https:\/\/xstyle.md\/ro\/produs\/botinki-detskie-asolo-enforce-gv-jr\/","og_locale":"ro_RO","og_type":"article","og_title":"\u0411\u043e\u0442\u0438\u043d\u043a\u0438 Asolo Enforce GV redbud\/blood - \u041c\u0430\u0433\u0430\u0437\u0438\u043d Xstyle","og_description":"\u0411\u043e\u0442\u0438\u043d\u043a\u0438 Asolo Enforce GV redbud\/blood \u2014 \u0438\u0434\u0435\u0430\u043b\u044c\u043d\u044b\u0439 \u0432\u044b\u0431\u043e\u0440 \u0434\u043b\u044f \u0442\u0440\u0435\u043a\u043a\u0438\u043d\u0433\u0430! \u0412\u043e\u0434\u043e\u043d\u0435\u043f\u0440\u043e\u043d\u0438\u0446\u0430\u0435\u043c\u0430\u044f \u043a\u043e\u0436\u0430, \u0434\u044b\u0448\u0430\u0449\u0438\u0439 GoreTex, Vibram \u0434\u043b\u044f \u043e\u0442\u043b\u0438\u0447\u043d\u043e\u0433\u043e \u0441\u0446\u0435\u043f\u043b\u0435\u043d\u0438\u044f.","og_url":"https:\/\/xstyle.md\/ro\/produs\/botinki-detskie-asolo-enforce-gv-jr\/","og_site_name":"\u041c\u0430\u0433\u0430\u0437\u0438\u043d Xstyle","article_publisher":"https:\/\/www.facebook.com\/xstylemd","article_modified_time":"2024-10-19T20:48:09+00:00","og_image":[{"width":900,"height":675,"url":"https:\/\/xstyle.md\/wp-content\/uploads\/2020\/07\/enforce_1.jpg","type":"image\/jpeg"}],"twitter_card":"summary_large_image","twitter_misc":{"Pre\u021b":"1.494&nbsp;MDL","Disponibilitate":"\u00cen stoc"},"schema":{"@context":"https:\/\/schema.org","@graph":[{"@type":"WebPage","@id":"https:\/\/xstyle.md\/product\/botinki-detskie-asolo-enforce-gv-jr\/","url":"https:\/\/xstyle.md\/product\/botinki-detskie-asolo-enforce-gv-jr\/","name":"Bocanci Asolo Enforce GV redbud\/blood - Magazin Xstyle","isPartOf":{"@id":"https:\/\/xstyle.md\/#website"},"primaryImageOfPage":{"@id":"https:\/\/xstyle.md\/product\/botinki-detskie-asolo-enforce-gv-jr\/#primaryimage"},"image":{"@id":"https:\/\/xstyle.md\/product\/botinki-detskie-asolo-enforce-gv-jr\/#primaryimage"},"thumbnailUrl":"https:\/\/xstyle.md\/wp-content\/uploads\/2020\/07\/enforce_1.jpg","datePublished":"2020-07-16T20:38:32+00:00","dateModified":"2024-10-19T20:48:09+00:00","description":"Bocanci Asolo Enforce GV redbud\/blood \u2014 alegerea perfect\u0103 pentru trekking! Piele impermeabil\u0103, GoreTex respirabil, Vibram pentru o aderen\u021b\u0103 excelent\u0103.","breadcrumb":{"@id":"https:\/\/xstyle.md\/product\/botinki-detskie-asolo-enforce-gv-jr\/#breadcrumb"},"inLanguage":"ro-RO","potentialAction":[{"@type":"ReadAction","target":["https:\/\/xstyle.md\/product\/botinki-detskie-asolo-enforce-gv-jr\/"]}]},{"@type":"ImageObject","inLanguage":"ro-RO","@id":"https:\/\/xstyle.md\/product\/botinki-detskie-asolo-enforce-gv-jr\/#primaryimage","url":"https:\/\/xstyle.md\/wp-content\/uploads\/2020\/07\/enforce_1.jpg","contentUrl":"https:\/\/xstyle.md\/wp-content\/uploads\/2020\/07\/enforce_1.jpg","width":900,"height":675},{"@type":"BreadcrumbList","@id":"https:\/\/xstyle.md\/product\/botinki-detskie-asolo-enforce-gv-jr\/#breadcrumb","itemListElement":[{"@type":"ListItem","position":1,"name":"\u0413\u043b\u0430\u0432\u043d\u0430\u044f \u0441\u0442\u0440\u0430\u043d\u0438\u0446\u0430","item":"https:\/\/xstyle.md\/"},{"@type":"ListItem","position":2,"name":"\u041c\u0430\u0433\u0430\u0437\u0438\u043d","item":"https:\/\/xstyle.md\/shop\/"},{"@type":"ListItem","position":3,"name":"\u0411\u043e\u0442\u0438\u043d\u043a\u0438 Asolo Enforce GV redbud\/blood"}]},{"@type":"WebSite","@id":"https:\/\/xstyle.md\/#website","url":"https:\/\/xstyle.md\/","name":"Magazinul X-Style","description":"Echipamente pentru turism \u0219i sporturi extreme \u00een Moldova. Pre\u021buri, fotografii, caracteristici \u00een Moldova.","publisher":{"@id":"https:\/\/xstyle.md\/#organization"},"alternateName":"X-Style","potentialAction":[{"@type":"SearchAction","target":{"@type":"EntryPoint","urlTemplate":"https:\/\/xstyle.md\/?s={search_term_string}"},"query-input":{"@type":"PropertyValueSpecification","valueRequired":true,"valueName":"search_term_string"}}],"inLanguage":"ro-RO"},{"@type":"Organization","@id":"https:\/\/xstyle.md\/#organization","name":"Magazinul X-Style","alternateName":"x-style","url":"https:\/\/xstyle.md\/","logo":{"@type":"ImageObject","inLanguage":"ro-RO","@id":"https:\/\/xstyle.md\/#\/schema\/logo\/image\/","url":"https:\/\/xstyle.md\/wp-content\/uploads\/2020\/06\/logoicon.svg","contentUrl":"https:\/\/xstyle.md\/wp-content\/uploads\/2020\/06\/logoicon.svg","caption":"\u041c\u0430\u0433\u0430\u0437\u0438\u043d Xstyle"},"image":{"@id":"https:\/\/xstyle.md\/#\/schema\/logo\/image\/"},"sameAs":["https:\/\/www.facebook.com\/xstylemd","https:\/\/www.instagram.com\/xstyle_md\/","https:\/\/t.me\/xstyle_outdoor"],"hasMerchantReturnPolicy":{"@type":"MerchantReturnPolicy","merchantReturnLink":"https:\/\/xstyle.md\/ro\/conditions\/"}}]},"product_price_amount":"1494.00","product_price_currency":"MDL","og_availability":"instock","product_availability":"instock","product_retailer_item_id":"8026948874420","product_condition":"new"},"post_mailing_queue_ids":[],"_links":{"self":[{"href":"https:\/\/xstyle.md\/ro\/wp-json\/wp\/v2\/product\/8387","targetHints":{"allow":["GET"]}}],"collection":[{"href":"https:\/\/xstyle.md\/ro\/wp-json\/wp\/v2\/product"}],"about":[{"href":"https:\/\/xstyle.md\/ro\/wp-json\/wp\/v2\/types\/product"}],"replies":[{"embeddable":true,"href":"https:\/\/xstyle.md\/ro\/wp-json\/wp\/v2\/comments?post=8387"}],"wp:featuredmedia":[{"embeddable":true,"href":"https:\/\/xstyle.md\/ro\/wp-json\/wp\/v2\/media\/8386"}],"wp:attachment":[{"href":"https:\/\/xstyle.md\/ro\/wp-json\/wp\/v2\/media?parent=8387"}],"wp:term":[{"taxonomy":"product_brand","embeddable":true,"href":"https:\/\/xstyle.md\/ro\/wp-json\/wp\/v2\/product_brand?post=8387"},{"taxonomy":"product_cat","embeddable":true,"href":"https:\/\/xstyle.md\/ro\/wp-json\/wp\/v2\/product_cat?post=8387"},{"taxonomy":"product_tag","embeddable":true,"href":"https:\/\/xstyle.md\/ro\/wp-json\/wp\/v2\/product_tag?post=8387"}],"curies":[{"name":"wp","href":"https:\/\/api.w.org\/{rel}","templated":true}]}}