{"id":83766,"date":"2024-05-24T11:00:00","date_gmt":"2024-05-24T08:00:00","guid":{"rendered":"https:\/\/xstyle.md\/?post_type=product&#038;p=83766"},"modified":"2026-03-19T17:21:28","modified_gmt":"2026-03-19T14:21:28","slug":"kreslo-thule-yepp-nexxt-maxi-2-rack-mount-gray","status":"publish","type":"product","link":"https:\/\/xstyle.md\/ro\/produs\/kreslo-thule-yepp-nexxt-maxi-2-rack-mount-gray\/","title":{"rendered":"Scaun Thule Yepp Nexxt Maxi 2 rack mount Gray"},"content":{"rendered":"<\/p>\n<p><strong>Thule Yepp Nexxt Maxi 2<\/strong> &#8212; scaun de biciclet\u0103 reglabil pentru copii, cu o cataram\u0103 magnetic\u0103 convenabil\u0103 pentru a maximiza confortul copilului dumneavoastr\u0103.<\/p>\n<p>U\u0219or \u0219i sigur, scaunul de biciclet\u0103 pentru copii Thule Yepp Nexxt Maxi orientat cu spatele la direc\u021bia de mers are un design modern \u0219i \u00eei ofer\u0103 micu\u021bului dvs. un confort premium. Sistemul modern de montare faciliteaz\u0103 instalarea \u0219i permite scaunului s\u0103 se potriveasc\u0103 la majoritatea bicicletelor f\u0103r\u0103 suport de depozitare a bicicletelor. Catarama de siguran\u021b\u0103 cu magnet \u00eel fixeaz\u0103 pe cel mic pe scaun rapid \u0219i u\u0219or.<\/p>\n<h3>Particularit\u0103\u021bi<\/h3>\n<ul>\n<li>Scaun pentru copii u\u0219or, dar durabil \u0219i incredibil de confortabil, cu o baz\u0103 rigid\u0103 \u0219i o c\u0103ptu\u0219eal\u0103 moale<\/li>\n<li>Catarama magnetic\u0103 de siguran\u021b\u0103 pentru copii face ca fixarea copilului dvs. s\u0103 fie rapid\u0103 \u0219i u\u0219oar\u0103.<\/li>\n<li>Disponibil \u00een versiunile cu cadru, cu suport \u0219i frontal.<\/li>\n<li>Scaunul de biciclet\u0103 pentru copii se monteaz\u0103 rapid \u0219i u\u0219or pe cadrul bicicletei datorit\u0103 sistemului de montare universal.<\/li>\n<li>Se adapteaz\u0103 la copil pe m\u0103sur\u0103 ce cre\u0219te \u0219i asigur\u0103 o potrivire perfect\u0103 datorit\u0103 suporturilor pentru picioare \u0219i curelelor de fixare reglabile.<\/li>\n<li>Scaunul moale, care absoarbe \u0219ocurile \u0219i vibra\u021biile, permite copilului s\u0103 c\u0103l\u0103toreasc\u0103 \u00een confort.<\/li>\n<li>Centur\u0103 de siguran\u021b\u0103 reglabil\u0103 \u00een 5 puncte, capitonat\u0103, pentru un confort \u0219i o siguran\u021b\u0103 maxim\u0103 pentru copilul dvs.<\/li>\n<li>Vizibilitate \u00eembun\u0103t\u0103\u021bit\u0103 datorit\u0103 reflectorului \u00eencorporat<\/li>\n<li>Datorit\u0103 materialelor hidrofuge, scaunul r\u0103m\u00e2ne mereu uscat \u0219i este u\u0219or de cur\u0103\u021bat<\/li>\n<li>Proiectat \u0219i testat pentru copii cu v\u00e2rsta cuprins\u0103 \u00eentre 9 luni* \u0219i 6 ani, cu o greutate de p\u00e2n\u0103 la 22 kg. (*Consulta\u021bi medicul pediatru dac\u0103 copilul dvs. are mai pu\u021bin de 1 an).<\/li>\n<\/ul>\n<h3>Caracteristici<\/h3>\n<ul>\n<li>Greutate &#8212; 2,8 kg<\/li>\n<li>Greutatea maxim\u0103 a copilului &#8212; 22 kg<\/li>\n<li>Centur\u0103 de siguran\u021b\u0103 &#8212; ham \u00een 5 puncte<\/li>\n<\/ul>\n<h3>Marca<\/h3>\n<p>THULE este o companie interna\u021bional\u0103 de top, recunoscut\u0103 la nivel mondial ca produc\u0103tor de top de sisteme de bagaje \u0219i cutii auto. THULE fabric\u0103 produse premium, renumite pentru calitatea lor de neegalat, siguran\u021b\u0103, u\u0219urin\u021b\u0103 \u00een utilizare \u0219i design elegant. Produsele THULE sunt potrivite pentru persoanele care prefer\u0103 activit\u0103\u021bile \u00een aer liber, sunt pasionate de sport, c\u0103l\u0103toresc mult \u0219i apreciaz\u0103 solu\u021biile bine g\u00e2ndite.<\/p>\n<p><\/p>","protected":false},"excerpt":{"rendered":"","protected":false},"featured_media":83774,"comment_status":"open","ping_status":"closed","template":"","meta":{"_acf_changed":false,"inline_featured_image":false},"product_brand":[1269],"product_cat":[1157],"product_tag":[],"class_list":{"0":"post-83766","1":"product","2":"type-product","3":"status-publish","4":"has-post-thumbnail","6":"product_brand-thule","7":"product_cat-bicycle-baby-seats","9":"first","10":"instock","11":"shipping-taxable","12":"purchasable","13":"product-type-simple"},"acf":[],"yoast_head":"<!-- This site is optimized with the Yoast SEO plugin v27.2 - https:\/\/yoast.com\/product\/yoast-seo-wordpress\/ -->\n<title>\u041a\u0440\u0435\u0441\u043b\u043e Thule Yepp Nexxt Maxi 2 rack mount Gray - \u041c\u0430\u0433\u0430\u0437\u0438\u043d Xstyle<\/title>\n<meta name=\"description\" content=\"\u041a\u0440\u0435\u0441\u043b\u043e Thule Yepp Nexxt Maxi 2 - \u0441\u0442\u0438\u043b\u044c\u043d\u043e\u0435 \u0438 \u0431\u0435\u0437\u043e\u043f\u0430\u0441\u043d\u043e\u0435 \u0440\u0435\u0448\u0435\u043d\u0438\u0435 \u0434\u043b\u044f \u0434\u0435\u0442\u0435\u0439. \u0423\u0434\u043e\u0431\u043d\u0430\u044f \u043c\u0430\u0433\u043d\u0438\u0442\u043d\u0430\u044f \u043f\u0440\u044f\u0436\u043a\u0430 \u0438 \u0440\u0435\u0433\u0443\u043b\u0438\u0440\u0443\u0435\u043c\u044b\u0439 \u0434\u0438\u0437\u0430\u0439\u043d \u043e\u0431\u0435\u0441\u043f\u0435\u0447\u0438\u0432\u0430\u044e\u0442 \u043c\u0430\u043a\u0441\u0438\u043c\u0430\u043b\u044c\u043d\u044b\u0439 \u043a\u043e\u043c\u0444\u043e\u0440\u0442.\" \/>\n<meta name=\"robots\" content=\"index, follow, max-snippet:-1, max-image-preview:large, max-video-preview:-1\" \/>\n<link rel=\"canonical\" href=\"https:\/\/xstyle.md\/ro\/produs\/kreslo-thule-yepp-nexxt-maxi-2-rack-mount-gray\/\" \/>\n<meta property=\"og:locale\" content=\"ro_RO\" \/>\n<meta property=\"og:type\" content=\"article\" \/>\n<meta property=\"og:title\" content=\"\u041a\u0440\u0435\u0441\u043b\u043e Thule Yepp Nexxt Maxi 2 rack mount Gray - \u041c\u0430\u0433\u0430\u0437\u0438\u043d Xstyle\" \/>\n<meta property=\"og:description\" content=\"\u041a\u0440\u0435\u0441\u043b\u043e Thule Yepp Nexxt Maxi 2 - \u0441\u0442\u0438\u043b\u044c\u043d\u043e\u0435 \u0438 \u0431\u0435\u0437\u043e\u043f\u0430\u0441\u043d\u043e\u0435 \u0440\u0435\u0448\u0435\u043d\u0438\u0435 \u0434\u043b\u044f \u0434\u0435\u0442\u0435\u0439. \u0423\u0434\u043e\u0431\u043d\u0430\u044f \u043c\u0430\u0433\u043d\u0438\u0442\u043d\u0430\u044f \u043f\u0440\u044f\u0436\u043a\u0430 \u0438 \u0440\u0435\u0433\u0443\u043b\u0438\u0440\u0443\u0435\u043c\u044b\u0439 \u0434\u0438\u0437\u0430\u0439\u043d \u043e\u0431\u0435\u0441\u043f\u0435\u0447\u0438\u0432\u0430\u044e\u0442 \u043c\u0430\u043a\u0441\u0438\u043c\u0430\u043b\u044c\u043d\u044b\u0439 \u043a\u043e\u043c\u0444\u043e\u0440\u0442.\" \/>\n<meta property=\"og:url\" content=\"https:\/\/xstyle.md\/ro\/produs\/kreslo-thule-yepp-nexxt-maxi-2-rack-mount-gray\/\" \/>\n<meta property=\"og:site_name\" content=\"\u041c\u0430\u0433\u0430\u0437\u0438\u043d Xstyle\" \/>\n<meta property=\"article:publisher\" content=\"https:\/\/www.facebook.com\/xstylemd\" \/>\n<meta property=\"article:modified_time\" content=\"2026-03-19T14:21:28+00:00\" \/>\n<meta property=\"og:image\" content=\"https:\/\/xstyle.md\/wp-content\/uploads\/2024\/05\/thule-yepp-nexxt-maxi-2-rack-mount-gray.jpg\" \/>\n\t<meta property=\"og:image:width\" content=\"500\" \/>\n\t<meta property=\"og:image:height\" content=\"500\" \/>\n\t<meta property=\"og:image:type\" content=\"image\/jpeg\" \/>\n<meta name=\"twitter:card\" content=\"summary_large_image\" \/>\n<meta name=\"twitter:label1\" content=\"Pre\u021b\" \/>\n\t<meta name=\"twitter:data1\" content=\"3.390&nbsp;MDL\" \/>\n\t<meta name=\"twitter:label2\" content=\"Disponibilitate\" \/>\n\t<meta name=\"twitter:data2\" content=\"\u00cen stoc\" \/>\n<script type=\"application\/ld+json\" class=\"yoast-schema-graph\">{\"@context\":\"https:\/\/schema.org\",\"@graph\":[{\"@type\":\"WebPage\",\"@id\":\"https:\/\/xstyle.md\/product\/kreslo-thule-yepp-nexxt-maxi-2-rack-mount-gray\/\",\"url\":\"https:\/\/xstyle.md\/product\/kreslo-thule-yepp-nexxt-maxi-2-rack-mount-gray\/\",\"name\":\"\u041a\u0440\u0435\u0441\u043b\u043e Thule Yepp Nexxt Maxi 2 rack mount Gray - \u041c\u0430\u0433\u0430\u0437\u0438\u043d Xstyle\",\"isPartOf\":{\"@id\":\"https:\/\/xstyle.md\/#website\"},\"primaryImageOfPage\":{\"@id\":\"https:\/\/xstyle.md\/product\/kreslo-thule-yepp-nexxt-maxi-2-rack-mount-gray\/#primaryimage\"},\"image\":{\"@id\":\"https:\/\/xstyle.md\/product\/kreslo-thule-yepp-nexxt-maxi-2-rack-mount-gray\/#primaryimage\"},\"thumbnailUrl\":\"https:\/\/xstyle.md\/wp-content\/uploads\/2024\/05\/thule-yepp-nexxt-maxi-2-rack-mount-gray.jpg\",\"datePublished\":\"2024-05-24T08:00:00+00:00\",\"dateModified\":\"2026-03-19T14:21:28+00:00\",\"description\":\"\u041a\u0440\u0435\u0441\u043b\u043e Thule Yepp Nexxt Maxi 2 - \u0441\u0442\u0438\u043b\u044c\u043d\u043e\u0435 \u0438 \u0431\u0435\u0437\u043e\u043f\u0430\u0441\u043d\u043e\u0435 \u0440\u0435\u0448\u0435\u043d\u0438\u0435 \u0434\u043b\u044f \u0434\u0435\u0442\u0435\u0439. \u0423\u0434\u043e\u0431\u043d\u0430\u044f \u043c\u0430\u0433\u043d\u0438\u0442\u043d\u0430\u044f \u043f\u0440\u044f\u0436\u043a\u0430 \u0438 \u0440\u0435\u0433\u0443\u043b\u0438\u0440\u0443\u0435\u043c\u044b\u0439 \u0434\u0438\u0437\u0430\u0439\u043d \u043e\u0431\u0435\u0441\u043f\u0435\u0447\u0438\u0432\u0430\u044e\u0442 \u043c\u0430\u043a\u0441\u0438\u043c\u0430\u043b\u044c\u043d\u044b\u0439 \u043a\u043e\u043c\u0444\u043e\u0440\u0442.\",\"breadcrumb\":{\"@id\":\"https:\/\/xstyle.md\/product\/kreslo-thule-yepp-nexxt-maxi-2-rack-mount-gray\/#breadcrumb\"},\"inLanguage\":\"ro-RO\",\"potentialAction\":[{\"@type\":\"ReadAction\",\"target\":[\"https:\/\/xstyle.md\/product\/kreslo-thule-yepp-nexxt-maxi-2-rack-mount-gray\/\"]}]},{\"@type\":\"ImageObject\",\"inLanguage\":\"ro-RO\",\"@id\":\"https:\/\/xstyle.md\/product\/kreslo-thule-yepp-nexxt-maxi-2-rack-mount-gray\/#primaryimage\",\"url\":\"https:\/\/xstyle.md\/wp-content\/uploads\/2024\/05\/thule-yepp-nexxt-maxi-2-rack-mount-gray.jpg\",\"contentUrl\":\"https:\/\/xstyle.md\/wp-content\/uploads\/2024\/05\/thule-yepp-nexxt-maxi-2-rack-mount-gray.jpg\",\"width\":500,\"height\":500,\"caption\":\"\u0410\u043b\u044c\u0442\u0435\u0440\u043d\u0430\u0442\u043e\u0440 \u0434\u043b\u044f \u0430\u043a\u0442\u0438\u0432\u043d\u043e\u0439 \u0436\u0438\u0437\u043d\u0438 \u0441 \u043a\u0440\u0435\u0441\u043b\u043e\u043c Thule Yepp Nexxt Maxi 2 \u0434\u043b\u044f \u0432\u0435\u043b\u043e\u0442\u0443\u0440\u0438\u0437\u043c\u0430 \u0438 \u043f\u0443\u0442\u0435\u0448\u0435\u0441\u0442\u0432\u0438\u0439, \u0430\u043a\u0441\u0435\u0441\u0441\u0443\u0430\u0440\u044b \u0434\u043b\u044f \u0432\u0435\u043b\u043e\u0441\u0438\u043f\u0435\u0434\u043e\u0432, \u044d\u043a\u0438\u043f\u0438\u0440\u043e\u0432\u043a\u0430 \u0434\u043b\u044f \u043f\u043e\u0445\u043e\u0434\u043e\u0432 \u0438 \u0433\u043e\u0440\u043d\u044b\u0445 \u043f\u0440\u0438\u043a\u043b\u044e\u0447\u0435\u043d\u0438\u0439, \u0442\u043e\u0432\u0430\u0440\u044b \u0434\u043b\u044f \u0430\u043a\u0442\u0438\u0432\u043d\u043e\u0433\u043e \u043e\u0442\u0434\u044b\u0445\u0430 \u0438 \u0441\u043f\u043e\u0440\u0442\u0438\u0432\u043d\u043e\u0439 \u043e\u0434\u0435\u0436\u0434\u044b \u0432 \u043e\u043d\u043b\u0430\u0439\u043d-\u043c\u0430\u0433\u0430\u0437\u0438\u043d\u0435\"},{\"@type\":\"BreadcrumbList\",\"@id\":\"https:\/\/xstyle.md\/product\/kreslo-thule-yepp-nexxt-maxi-2-rack-mount-gray\/#breadcrumb\",\"itemListElement\":[{\"@type\":\"ListItem\",\"position\":1,\"name\":\"\u0413\u043b\u0430\u0432\u043d\u0430\u044f \u0441\u0442\u0440\u0430\u043d\u0438\u0446\u0430\",\"item\":\"https:\/\/xstyle.md\/\"},{\"@type\":\"ListItem\",\"position\":2,\"name\":\"\u041c\u0430\u0433\u0430\u0437\u0438\u043d\",\"item\":\"https:\/\/xstyle.md\/shop\/\"},{\"@type\":\"ListItem\",\"position\":3,\"name\":\"\u041a\u0440\u0435\u0441\u043b\u043e Thule Yepp Nexxt Maxi 2 rack mount Gray\"}]},{\"@type\":\"WebSite\",\"@id\":\"https:\/\/xstyle.md\/#website\",\"url\":\"https:\/\/xstyle.md\/\",\"name\":\"\u041c\u0430\u0433\u0430\u0437\u0438\u043d Xstyle\",\"description\":\"C\u043d\u0430\u0440\u044f\u0436\u0435\u043d\u0438\u0435 \u0434\u043b\u044f \u0442\u0443\u0440\u0438\u0437\u043c\u0430 \u0438 \u044d\u043a\u0441\u0442\u0440\u0435\u043c\u0430\u043b\u044c\u043d\u044b\u0445 \u0432\u0438\u0434\u043e\u0432 \u0441\u043f\u043e\u0440\u0442\u0430 \u0432 \u041c\u043e\u043b\u0434\u043e\u0432\u0435.. \u0426\u0435\u043d\u044b, \u0444\u043e\u0442\u043e, \u0445\u0430\u0440\u0430\u043a\u0442\u0435\u0440\u0438\u0441\u0442\u0438\u043a\u0438 \u0432 \u041c\u043e\u043b\u0434\u043e\u0432\u0435.\",\"publisher\":{\"@id\":\"https:\/\/xstyle.md\/#organization\"},\"alternateName\":\"X-Style\",\"potentialAction\":[{\"@type\":\"SearchAction\",\"target\":{\"@type\":\"EntryPoint\",\"urlTemplate\":\"https:\/\/xstyle.md\/?s={search_term_string}\"},\"query-input\":{\"@type\":\"PropertyValueSpecification\",\"valueRequired\":true,\"valueName\":\"search_term_string\"}}],\"inLanguage\":\"ro-RO\"},{\"@type\":\"Organization\",\"@id\":\"https:\/\/xstyle.md\/#organization\",\"name\":\"\u041c\u0430\u0433\u0430\u0437\u0438\u043d Xstyle\",\"alternateName\":\"x-style\",\"url\":\"https:\/\/xstyle.md\/\",\"logo\":{\"@type\":\"ImageObject\",\"inLanguage\":\"ro-RO\",\"@id\":\"https:\/\/xstyle.md\/#\/schema\/logo\/image\/\",\"url\":\"https:\/\/xstyle.md\/wp-content\/uploads\/2020\/06\/logoicon.svg\",\"contentUrl\":\"https:\/\/xstyle.md\/wp-content\/uploads\/2020\/06\/logoicon.svg\",\"caption\":\"\u041c\u0430\u0433\u0430\u0437\u0438\u043d Xstyle\"},\"image\":{\"@id\":\"https:\/\/xstyle.md\/#\/schema\/logo\/image\/\"},\"sameAs\":[\"https:\/\/www.facebook.com\/xstylemd\",\"https:\/\/www.instagram.com\/xstyle_md\/\",\"https:\/\/t.me\/xstyle_outdoor\"],\"hasMerchantReturnPolicy\":{\"@type\":\"MerchantReturnPolicy\",\"merchantReturnLink\":\"https:\/\/xstyle.md\/ro\/conditions\/\"}}]}<\/script>\n<meta property=\"product:price:amount\" content=\"3390.00\" \/>\n<meta property=\"product:price:currency\" content=\"MDL\" \/>\n<meta property=\"og:availability\" content=\"instock\" \/>\n<meta property=\"product:availability\" content=\"instock\" \/>\n<meta property=\"product:retailer_item_id\" content=\"872299049806\" \/>\n<meta property=\"product:condition\" content=\"new\" \/>\n<!-- \/ Yoast SEO plugin. -->","yoast_head_json":{"title":"Scaun pentru copii Thule Yepp Nexxt Maxi 2 rack mount Gray - Magazin Xstyle","description":"Scaunul Thule Yepp Nexxt Maxi 2 - o solu\u021bie stilat\u0103 \u0219i sigur\u0103 pentru copii. Cureaua magnetic\u0103 confortabil\u0103 \u0219i designul reglabil asigur\u0103 un confort maxim.","robots":{"index":"index","follow":"follow","max-snippet":"max-snippet:-1","max-image-preview":"max-image-preview:large","max-video-preview":"max-video-preview:-1"},"canonical":"https:\/\/xstyle.md\/ro\/produs\/kreslo-thule-yepp-nexxt-maxi-2-rack-mount-gray\/","og_locale":"ro_RO","og_type":"article","og_title":"\u041a\u0440\u0435\u0441\u043b\u043e Thule Yepp Nexxt Maxi 2 rack mount Gray - \u041c\u0430\u0433\u0430\u0437\u0438\u043d Xstyle","og_description":"\u041a\u0440\u0435\u0441\u043b\u043e Thule Yepp Nexxt Maxi 2 - \u0441\u0442\u0438\u043b\u044c\u043d\u043e\u0435 \u0438 \u0431\u0435\u0437\u043e\u043f\u0430\u0441\u043d\u043e\u0435 \u0440\u0435\u0448\u0435\u043d\u0438\u0435 \u0434\u043b\u044f \u0434\u0435\u0442\u0435\u0439. \u0423\u0434\u043e\u0431\u043d\u0430\u044f \u043c\u0430\u0433\u043d\u0438\u0442\u043d\u0430\u044f \u043f\u0440\u044f\u0436\u043a\u0430 \u0438 \u0440\u0435\u0433\u0443\u043b\u0438\u0440\u0443\u0435\u043c\u044b\u0439 \u0434\u0438\u0437\u0430\u0439\u043d \u043e\u0431\u0435\u0441\u043f\u0435\u0447\u0438\u0432\u0430\u044e\u0442 \u043c\u0430\u043a\u0441\u0438\u043c\u0430\u043b\u044c\u043d\u044b\u0439 \u043a\u043e\u043c\u0444\u043e\u0440\u0442.","og_url":"https:\/\/xstyle.md\/ro\/produs\/kreslo-thule-yepp-nexxt-maxi-2-rack-mount-gray\/","og_site_name":"\u041c\u0430\u0433\u0430\u0437\u0438\u043d Xstyle","article_publisher":"https:\/\/www.facebook.com\/xstylemd","article_modified_time":"2026-03-19T14:21:28+00:00","og_image":[{"width":500,"height":500,"url":"https:\/\/xstyle.md\/wp-content\/uploads\/2024\/05\/thule-yepp-nexxt-maxi-2-rack-mount-gray.jpg","type":"image\/jpeg"}],"twitter_card":"summary_large_image","twitter_misc":{"Pre\u021b":"3.390&nbsp;MDL","Disponibilitate":"\u00cen stoc"},"schema":{"@context":"https:\/\/schema.org","@graph":[{"@type":"WebPage","@id":"https:\/\/xstyle.md\/product\/kreslo-thule-yepp-nexxt-maxi-2-rack-mount-gray\/","url":"https:\/\/xstyle.md\/product\/kreslo-thule-yepp-nexxt-maxi-2-rack-mount-gray\/","name":"Scaun pentru copii Thule Yepp Nexxt Maxi 2 rack mount Gray - Magazin Xstyle","isPartOf":{"@id":"https:\/\/xstyle.md\/#website"},"primaryImageOfPage":{"@id":"https:\/\/xstyle.md\/product\/kreslo-thule-yepp-nexxt-maxi-2-rack-mount-gray\/#primaryimage"},"image":{"@id":"https:\/\/xstyle.md\/product\/kreslo-thule-yepp-nexxt-maxi-2-rack-mount-gray\/#primaryimage"},"thumbnailUrl":"https:\/\/xstyle.md\/wp-content\/uploads\/2024\/05\/thule-yepp-nexxt-maxi-2-rack-mount-gray.jpg","datePublished":"2024-05-24T08:00:00+00:00","dateModified":"2026-03-19T14:21:28+00:00","description":"Scaunul Thule Yepp Nexxt Maxi 2 - o solu\u021bie stilat\u0103 \u0219i sigur\u0103 pentru copii. Cureaua magnetic\u0103 confortabil\u0103 \u0219i designul reglabil asigur\u0103 un confort maxim.","breadcrumb":{"@id":"https:\/\/xstyle.md\/product\/kreslo-thule-yepp-nexxt-maxi-2-rack-mount-gray\/#breadcrumb"},"inLanguage":"ro-RO","potentialAction":[{"@type":"ReadAction","target":["https:\/\/xstyle.md\/product\/kreslo-thule-yepp-nexxt-maxi-2-rack-mount-gray\/"]}]},{"@type":"ImageObject","inLanguage":"ro-RO","@id":"https:\/\/xstyle.md\/product\/kreslo-thule-yepp-nexxt-maxi-2-rack-mount-gray\/#primaryimage","url":"https:\/\/xstyle.md\/wp-content\/uploads\/2024\/05\/thule-yepp-nexxt-maxi-2-rack-mount-gray.jpg","contentUrl":"https:\/\/xstyle.md\/wp-content\/uploads\/2024\/05\/thule-yepp-nexxt-maxi-2-rack-mount-gray.jpg","width":500,"height":500,"caption":"\u0410\u043b\u044c\u0442\u0435\u0440\u043d\u0430\u0442\u043e\u0440 \u0434\u043b\u044f \u0430\u043a\u0442\u0438\u0432\u043d\u043e\u0439 \u0436\u0438\u0437\u043d\u0438 \u0441 \u043a\u0440\u0435\u0441\u043b\u043e\u043c Thule Yepp Nexxt Maxi 2 \u0434\u043b\u044f \u0432\u0435\u043b\u043e\u0442\u0443\u0440\u0438\u0437\u043c\u0430 \u0438 \u043f\u0443\u0442\u0435\u0448\u0435\u0441\u0442\u0432\u0438\u0439, \u0430\u043a\u0441\u0435\u0441\u0441\u0443\u0430\u0440\u044b \u0434\u043b\u044f \u0432\u0435\u043b\u043e\u0441\u0438\u043f\u0435\u0434\u043e\u0432, \u044d\u043a\u0438\u043f\u0438\u0440\u043e\u0432\u043a\u0430 \u0434\u043b\u044f \u043f\u043e\u0445\u043e\u0434\u043e\u0432 \u0438 \u0433\u043e\u0440\u043d\u044b\u0445 \u043f\u0440\u0438\u043a\u043b\u044e\u0447\u0435\u043d\u0438\u0439, \u0442\u043e\u0432\u0430\u0440\u044b \u0434\u043b\u044f \u0430\u043a\u0442\u0438\u0432\u043d\u043e\u0433\u043e \u043e\u0442\u0434\u044b\u0445\u0430 \u0438 \u0441\u043f\u043e\u0440\u0442\u0438\u0432\u043d\u043e\u0439 \u043e\u0434\u0435\u0436\u0434\u044b \u0432 \u043e\u043d\u043b\u0430\u0439\u043d-\u043c\u0430\u0433\u0430\u0437\u0438\u043d\u0435"},{"@type":"BreadcrumbList","@id":"https:\/\/xstyle.md\/product\/kreslo-thule-yepp-nexxt-maxi-2-rack-mount-gray\/#breadcrumb","itemListElement":[{"@type":"ListItem","position":1,"name":"\u0413\u043b\u0430\u0432\u043d\u0430\u044f \u0441\u0442\u0440\u0430\u043d\u0438\u0446\u0430","item":"https:\/\/xstyle.md\/"},{"@type":"ListItem","position":2,"name":"\u041c\u0430\u0433\u0430\u0437\u0438\u043d","item":"https:\/\/xstyle.md\/shop\/"},{"@type":"ListItem","position":3,"name":"\u041a\u0440\u0435\u0441\u043b\u043e Thule Yepp Nexxt Maxi 2 rack mount Gray"}]},{"@type":"WebSite","@id":"https:\/\/xstyle.md\/#website","url":"https:\/\/xstyle.md\/","name":"Magazinul X-Style","description":"Echipamente pentru turism \u0219i sporturi extreme \u00een Moldova. Pre\u021buri, fotografii, caracteristici \u00een Moldova.","publisher":{"@id":"https:\/\/xstyle.md\/#organization"},"alternateName":"X-Style","potentialAction":[{"@type":"SearchAction","target":{"@type":"EntryPoint","urlTemplate":"https:\/\/xstyle.md\/?s={search_term_string}"},"query-input":{"@type":"PropertyValueSpecification","valueRequired":true,"valueName":"search_term_string"}}],"inLanguage":"ro-RO"},{"@type":"Organization","@id":"https:\/\/xstyle.md\/#organization","name":"Magazinul X-Style","alternateName":"x-style","url":"https:\/\/xstyle.md\/","logo":{"@type":"ImageObject","inLanguage":"ro-RO","@id":"https:\/\/xstyle.md\/#\/schema\/logo\/image\/","url":"https:\/\/xstyle.md\/wp-content\/uploads\/2020\/06\/logoicon.svg","contentUrl":"https:\/\/xstyle.md\/wp-content\/uploads\/2020\/06\/logoicon.svg","caption":"\u041c\u0430\u0433\u0430\u0437\u0438\u043d Xstyle"},"image":{"@id":"https:\/\/xstyle.md\/#\/schema\/logo\/image\/"},"sameAs":["https:\/\/www.facebook.com\/xstylemd","https:\/\/www.instagram.com\/xstyle_md\/","https:\/\/t.me\/xstyle_outdoor"],"hasMerchantReturnPolicy":{"@type":"MerchantReturnPolicy","merchantReturnLink":"https:\/\/xstyle.md\/ro\/conditions\/"}}]},"product_price_amount":"3390.00","product_price_currency":"MDL","og_availability":"instock","product_availability":"instock","product_retailer_item_id":"872299049806","product_condition":"new"},"post_mailing_queue_ids":[],"_links":{"self":[{"href":"https:\/\/xstyle.md\/ro\/wp-json\/wp\/v2\/product\/83766","targetHints":{"allow":["GET"]}}],"collection":[{"href":"https:\/\/xstyle.md\/ro\/wp-json\/wp\/v2\/product"}],"about":[{"href":"https:\/\/xstyle.md\/ro\/wp-json\/wp\/v2\/types\/product"}],"replies":[{"embeddable":true,"href":"https:\/\/xstyle.md\/ro\/wp-json\/wp\/v2\/comments?post=83766"}],"wp:featuredmedia":[{"embeddable":true,"href":"https:\/\/xstyle.md\/ro\/wp-json\/wp\/v2\/media\/83774"}],"wp:attachment":[{"href":"https:\/\/xstyle.md\/ro\/wp-json\/wp\/v2\/media?parent=83766"}],"wp:term":[{"taxonomy":"product_brand","embeddable":true,"href":"https:\/\/xstyle.md\/ro\/wp-json\/wp\/v2\/product_brand?post=83766"},{"taxonomy":"product_cat","embeddable":true,"href":"https:\/\/xstyle.md\/ro\/wp-json\/wp\/v2\/product_cat?post=83766"},{"taxonomy":"product_tag","embeddable":true,"href":"https:\/\/xstyle.md\/ro\/wp-json\/wp\/v2\/product_tag?post=83766"}],"curies":[{"name":"wp","href":"https:\/\/api.w.org\/{rel}","templated":true}]}}