{"id":83764,"date":"2024-05-24T11:00:00","date_gmt":"2024-05-24T08:00:00","guid":{"rendered":"https:\/\/xstyle.md\/?post_type=product&#038;p=83764"},"modified":"2026-03-19T17:21:26","modified_gmt":"2026-03-19T14:21:26","slug":"kreslo-thule-ridealong-lite-2-zen-lime","status":"publish","type":"product","link":"https:\/\/xstyle.md\/ro\/produs\/kreslo-thule-ridealong-lite-2-zen-lime\/","title":{"rendered":"Scaun pentru copii Thule RideAlong Lite 2 Zen Lime"},"content":{"rendered":"<\/p>\n<p><strong>Thule RideAlong Lite 2<\/strong> &#8212; modelul clasic al scaunului de biciclet\u0103 pentru copii, sigur \u0219i u\u0219or de utilizat, v\u0103 va oferi o nou\u0103 experien\u021b\u0103 \u00een plimb\u0103rile zilnice \u0219i \u00een plimb\u0103rile cu bicicleta \u00een familie. Cu scaunul de biciclet\u0103 pentru copii Thule RideAlong Lite, este u\u0219or s\u0103 ie\u0219i\u021bi la o plimbare cu bicicleta cu copiii. Suportul de scaun cu eliberare rapid\u0103 este rapid \u0219i u\u0219or de instalat &#8212; se fixeaz\u0103 cu \u0219uruburi \u00een partea din fa\u021b\u0103, unde exist\u0103 loc pentru unelte. Odat\u0103 ce suportul este la locul lui, scaunul se fixeaz\u0103 \u00een c\u00e2teva secunde \u0219i sunte\u021bi gata s\u0103 porni\u021bi la drum.<\/p>\n<h3>Particularit\u0103\u021bi<\/h3>\n<ul>\n<li>Mersul pe biciclet\u0103 va fi mult mai sigur pentru copilul dumneavoastr\u0103 datorit\u0103 hamului reglabil cu trei puncte de fixare.<\/li>\n<li>Sistemul de ham DualBeam atenueaz\u0103 trepida\u021biile \u0219i vibra\u021biile cauzate de drumurile denivelate, asigur\u00e2nd confortul copilului dvs. \u00een timpul plimb\u0103rii<\/li>\n<li>Catarama de siguran\u021b\u0103 pentru copii cu un buton mare face ca fixarea copilului dvs. s\u0103 fie rapid\u0103 \u0219i u\u0219oar\u0103<\/li>\n<li>Panglicile de siguran\u021b\u0103 \u00eencorporate ajut\u0103 la protejarea m\u00e2inilor copilului dvs. atunci c\u00e2nd bicicleta este sprijinit\u0103 de un perete.<\/li>\n<li>Se adapteaz\u0103 la m\u0103rimea copilului pe m\u0103sur\u0103 ce cre\u0219te \u0219i asigur\u0103 o potrivire perfect\u0103 datorit\u0103 curelelor de blocare reglabile cu o singur\u0103 m\u00e2n\u0103 \u0219i a suporturilor pentru picioare.<\/li>\n<li>Scaunul poate fi montat \u0219i \u00eendep\u0103rtat de pe biciclet\u0103 \u00een doar c\u00e2teva secunde datorit\u0103 suportului universal cu eliberare rapid\u0103, compatibil cu majoritatea cadrelor de biciclet\u0103 (cadre rotunde de la 28 la 40 mm \u0219i cadre ovale de p\u00e2n\u0103 la 40 x 55 mm).<\/li>\n<li>Vizibilitate suplimentar\u0103 la distan\u021b\u0103 datorit\u0103 reflectorului integrat \u0219i punctului de montare a indicatorului luminos<\/li>\n<li>C\u0103ptu\u0219eala moale hidrofug\u0103 este u\u0219or de cur\u0103\u021bat<\/li>\n<\/ul>\n<h3>Caracteristici<\/h3>\n<ul>\n<li>Greutate &#8212; 4,4 kg<\/li>\n<li>Greutatea maxim\u0103 a copilului &#8212; 22 kg<\/li>\n<li>Centur\u0103 de siguran\u021b\u0103 &#8212; ham \u00een 3 puncte<\/li>\n<li>\u00cendepline\u0219te standardele de siguran\u021b\u0103 &#8212; da<\/li>\n<\/ul>\n<h3>Marca<\/h3>\n<p>THULE este o companie interna\u021bional\u0103 de top, recunoscut\u0103 la nivel mondial ca produc\u0103tor de top de sisteme de bagaje \u0219i cutii auto. THULE fabric\u0103 produse premium, renumite pentru calitatea lor de neegalat, siguran\u021b\u0103, u\u0219urin\u021b\u0103 \u00een utilizare \u0219i design elegant. Produsele THULE sunt potrivite pentru persoanele care prefer\u0103 activit\u0103\u021bile \u00een aer liber, sunt pasionate de sport, c\u0103l\u0103toresc mult \u0219i apreciaz\u0103 solu\u021biile bine g\u00e2ndite.<\/p>\n<p><\/p>","protected":false},"excerpt":{"rendered":"","protected":false},"featured_media":83780,"comment_status":"open","ping_status":"closed","template":"","meta":{"_acf_changed":false,"inline_featured_image":false},"product_brand":[1269],"product_cat":[1157],"product_tag":[],"class_list":{"0":"post-83764","1":"product","2":"type-product","3":"status-publish","4":"has-post-thumbnail","6":"product_brand-thule","7":"product_cat-bicycle-baby-seats","9":"first","10":"instock","11":"shipping-taxable","12":"purchasable","13":"product-type-simple"},"acf":[],"yoast_head":"<!-- This site is optimized with the Yoast SEO plugin v27.2 - https:\/\/yoast.com\/product\/yoast-seo-wordpress\/ -->\n<title>\u041a\u0440\u0435\u0441\u043b\u043e Thule RideAlong Lite 2 Zen Lime - \u041c\u0430\u0433\u0430\u0437\u0438\u043d Xstyle<\/title>\n<meta name=\"description\" content=\"\u041a\u0440\u0435\u0441\u043b\u043e Thule RideAlong Lite 2 Zen Lime - \u0431\u0435\u0437\u043e\u043f\u0430\u0441\u043d\u044b\u0439 \u0438 \u0443\u0434\u043e\u0431\u043d\u044b\u0439 \u0432\u0430\u0440\u0438\u0430\u043d\u0442 \u0434\u043b\u044f \u0434\u0435\u0442\u0435\u0439. \u0418\u0434\u0435\u0430\u043b\u044c\u043d\u043e \u043f\u043e\u0434\u0445\u043e\u0434\u0438\u0442 \u0434\u043b\u044f \u0441\u0435\u043c\u0435\u0439\u043d\u044b\u0445 \u0432\u0435\u043b\u043e\u043f\u0440\u043e\u0433\u0443\u043b\u043e\u043a. \u0417\u0430\u043a\u0430\u0437\u044b\u0432\u0430\u0439\u0442\u0435 \u0441\u0435\u0439\u0447\u0430\u0441!\" \/>\n<meta name=\"robots\" content=\"index, follow, max-snippet:-1, max-image-preview:large, max-video-preview:-1\" \/>\n<link rel=\"canonical\" href=\"https:\/\/xstyle.md\/ro\/produs\/kreslo-thule-ridealong-lite-2-zen-lime\/\" \/>\n<meta property=\"og:locale\" content=\"ro_RO\" \/>\n<meta property=\"og:type\" content=\"article\" \/>\n<meta property=\"og:title\" content=\"\u041a\u0440\u0435\u0441\u043b\u043e Thule RideAlong Lite 2 Zen Lime - \u041c\u0430\u0433\u0430\u0437\u0438\u043d Xstyle\" \/>\n<meta property=\"og:description\" content=\"\u041a\u0440\u0435\u0441\u043b\u043e Thule RideAlong Lite 2 Zen Lime - \u0431\u0435\u0437\u043e\u043f\u0430\u0441\u043d\u044b\u0439 \u0438 \u0443\u0434\u043e\u0431\u043d\u044b\u0439 \u0432\u0430\u0440\u0438\u0430\u043d\u0442 \u0434\u043b\u044f \u0434\u0435\u0442\u0435\u0439. \u0418\u0434\u0435\u0430\u043b\u044c\u043d\u043e \u043f\u043e\u0434\u0445\u043e\u0434\u0438\u0442 \u0434\u043b\u044f \u0441\u0435\u043c\u0435\u0439\u043d\u044b\u0445 \u0432\u0435\u043b\u043e\u043f\u0440\u043e\u0433\u0443\u043b\u043e\u043a. \u0417\u0430\u043a\u0430\u0437\u044b\u0432\u0430\u0439\u0442\u0435 \u0441\u0435\u0439\u0447\u0430\u0441!\" \/>\n<meta property=\"og:url\" content=\"https:\/\/xstyle.md\/ro\/produs\/kreslo-thule-ridealong-lite-2-zen-lime\/\" \/>\n<meta property=\"og:site_name\" content=\"\u041c\u0430\u0433\u0430\u0437\u0438\u043d Xstyle\" \/>\n<meta property=\"article:publisher\" content=\"https:\/\/www.facebook.com\/xstylemd\" \/>\n<meta property=\"article:modified_time\" content=\"2026-03-19T14:21:26+00:00\" \/>\n<meta property=\"og:image\" content=\"https:\/\/xstyle.md\/wp-content\/uploads\/2024\/05\/thule-ridealong-lite-2-zen-lime.jpg\" \/>\n\t<meta property=\"og:image:width\" content=\"500\" \/>\n\t<meta property=\"og:image:height\" content=\"500\" \/>\n\t<meta property=\"og:image:type\" content=\"image\/jpeg\" \/>\n<meta name=\"twitter:card\" content=\"summary_large_image\" \/>\n<meta name=\"twitter:label1\" content=\"Pre\u021b\" \/>\n\t<meta name=\"twitter:data1\" content=\"2.890&nbsp;MDL\" \/>\n\t<meta name=\"twitter:label2\" content=\"Disponibilitate\" \/>\n\t<meta name=\"twitter:data2\" content=\"\u00cen stoc\" \/>\n<script type=\"application\/ld+json\" class=\"yoast-schema-graph\">{\"@context\":\"https:\/\/schema.org\",\"@graph\":[{\"@type\":\"WebPage\",\"@id\":\"https:\/\/xstyle.md\/product\/kreslo-thule-ridealong-lite-2-zen-lime\/\",\"url\":\"https:\/\/xstyle.md\/product\/kreslo-thule-ridealong-lite-2-zen-lime\/\",\"name\":\"\u041a\u0440\u0435\u0441\u043b\u043e Thule RideAlong Lite 2 Zen Lime - \u041c\u0430\u0433\u0430\u0437\u0438\u043d Xstyle\",\"isPartOf\":{\"@id\":\"https:\/\/xstyle.md\/#website\"},\"primaryImageOfPage\":{\"@id\":\"https:\/\/xstyle.md\/product\/kreslo-thule-ridealong-lite-2-zen-lime\/#primaryimage\"},\"image\":{\"@id\":\"https:\/\/xstyle.md\/product\/kreslo-thule-ridealong-lite-2-zen-lime\/#primaryimage\"},\"thumbnailUrl\":\"https:\/\/xstyle.md\/wp-content\/uploads\/2024\/05\/thule-ridealong-lite-2-zen-lime.jpg\",\"datePublished\":\"2024-05-24T08:00:00+00:00\",\"dateModified\":\"2026-03-19T14:21:26+00:00\",\"description\":\"\u041a\u0440\u0435\u0441\u043b\u043e Thule RideAlong Lite 2 Zen Lime - \u0431\u0435\u0437\u043e\u043f\u0430\u0441\u043d\u044b\u0439 \u0438 \u0443\u0434\u043e\u0431\u043d\u044b\u0439 \u0432\u0430\u0440\u0438\u0430\u043d\u0442 \u0434\u043b\u044f \u0434\u0435\u0442\u0435\u0439. \u0418\u0434\u0435\u0430\u043b\u044c\u043d\u043e \u043f\u043e\u0434\u0445\u043e\u0434\u0438\u0442 \u0434\u043b\u044f \u0441\u0435\u043c\u0435\u0439\u043d\u044b\u0445 \u0432\u0435\u043b\u043e\u043f\u0440\u043e\u0433\u0443\u043b\u043e\u043a. \u0417\u0430\u043a\u0430\u0437\u044b\u0432\u0430\u0439\u0442\u0435 \u0441\u0435\u0439\u0447\u0430\u0441!\",\"breadcrumb\":{\"@id\":\"https:\/\/xstyle.md\/product\/kreslo-thule-ridealong-lite-2-zen-lime\/#breadcrumb\"},\"inLanguage\":\"ro-RO\",\"potentialAction\":[{\"@type\":\"ReadAction\",\"target\":[\"https:\/\/xstyle.md\/product\/kreslo-thule-ridealong-lite-2-zen-lime\/\"]}]},{\"@type\":\"ImageObject\",\"inLanguage\":\"ro-RO\",\"@id\":\"https:\/\/xstyle.md\/product\/kreslo-thule-ridealong-lite-2-zen-lime\/#primaryimage\",\"url\":\"https:\/\/xstyle.md\/wp-content\/uploads\/2024\/05\/thule-ridealong-lite-2-zen-lime.jpg\",\"contentUrl\":\"https:\/\/xstyle.md\/wp-content\/uploads\/2024\/05\/thule-ridealong-lite-2-zen-lime.jpg\",\"width\":500,\"height\":500,\"caption\":\"\u0414\u0435\u0442\u0441\u043a\u043e\u0435 \u043a\u0440\u0435\u0441\u043b\u043e Thule RideAlong Lite 2 Zen Lime \u0434\u043b\u044f \u0430\u043a\u0442\u0438\u0432\u043d\u043e\u0433\u043e \u043e\u0442\u0434\u044b\u0445\u0430 \u0438 \u043f\u0443\u0442\u0435\u0448\u0435\u0441\u0442\u0432\u0438\u0439, \u044d\u043a\u0438\u043f\u0438\u0440\u043e\u0432\u043a\u0430 \u0434\u043b\u044f \u043f\u043e\u0445\u043e\u0434\u043e\u0432 \u0438 \u0433\u043e\u0440\u043d\u044b\u0445 \u043f\u043e\u0445\u043e\u0434\u043e\u0432, \u043e\u0431\u0443\u0432\u044c \u0438 \u043e\u0434\u0435\u0436\u0434\u0430 \u0434\u043b\u044f \u0430\u043a\u0442\u0438\u0432\u043d\u043e\u0439 \u0436\u0438\u0437\u043d\u0438 \u0432 \u043e\u043d\u043b\u0430\u0439\u043d \u043c\u0430\u0433\u0430\u0437\u0438\u043d\u0435\"},{\"@type\":\"BreadcrumbList\",\"@id\":\"https:\/\/xstyle.md\/product\/kreslo-thule-ridealong-lite-2-zen-lime\/#breadcrumb\",\"itemListElement\":[{\"@type\":\"ListItem\",\"position\":1,\"name\":\"\u0413\u043b\u0430\u0432\u043d\u0430\u044f \u0441\u0442\u0440\u0430\u043d\u0438\u0446\u0430\",\"item\":\"https:\/\/xstyle.md\/\"},{\"@type\":\"ListItem\",\"position\":2,\"name\":\"\u041c\u0430\u0433\u0430\u0437\u0438\u043d\",\"item\":\"https:\/\/xstyle.md\/shop\/\"},{\"@type\":\"ListItem\",\"position\":3,\"name\":\"\u041a\u0440\u0435\u0441\u043b\u043e Thule RideAlong Lite 2 Zen Lime\"}]},{\"@type\":\"WebSite\",\"@id\":\"https:\/\/xstyle.md\/#website\",\"url\":\"https:\/\/xstyle.md\/\",\"name\":\"\u041c\u0430\u0433\u0430\u0437\u0438\u043d Xstyle\",\"description\":\"C\u043d\u0430\u0440\u044f\u0436\u0435\u043d\u0438\u0435 \u0434\u043b\u044f \u0442\u0443\u0440\u0438\u0437\u043c\u0430 \u0438 \u044d\u043a\u0441\u0442\u0440\u0435\u043c\u0430\u043b\u044c\u043d\u044b\u0445 \u0432\u0438\u0434\u043e\u0432 \u0441\u043f\u043e\u0440\u0442\u0430 \u0432 \u041c\u043e\u043b\u0434\u043e\u0432\u0435.. \u0426\u0435\u043d\u044b, \u0444\u043e\u0442\u043e, \u0445\u0430\u0440\u0430\u043a\u0442\u0435\u0440\u0438\u0441\u0442\u0438\u043a\u0438 \u0432 \u041c\u043e\u043b\u0434\u043e\u0432\u0435.\",\"publisher\":{\"@id\":\"https:\/\/xstyle.md\/#organization\"},\"alternateName\":\"X-Style\",\"potentialAction\":[{\"@type\":\"SearchAction\",\"target\":{\"@type\":\"EntryPoint\",\"urlTemplate\":\"https:\/\/xstyle.md\/?s={search_term_string}\"},\"query-input\":{\"@type\":\"PropertyValueSpecification\",\"valueRequired\":true,\"valueName\":\"search_term_string\"}}],\"inLanguage\":\"ro-RO\"},{\"@type\":\"Organization\",\"@id\":\"https:\/\/xstyle.md\/#organization\",\"name\":\"\u041c\u0430\u0433\u0430\u0437\u0438\u043d Xstyle\",\"alternateName\":\"x-style\",\"url\":\"https:\/\/xstyle.md\/\",\"logo\":{\"@type\":\"ImageObject\",\"inLanguage\":\"ro-RO\",\"@id\":\"https:\/\/xstyle.md\/#\/schema\/logo\/image\/\",\"url\":\"https:\/\/xstyle.md\/wp-content\/uploads\/2020\/06\/logoicon.svg\",\"contentUrl\":\"https:\/\/xstyle.md\/wp-content\/uploads\/2020\/06\/logoicon.svg\",\"caption\":\"\u041c\u0430\u0433\u0430\u0437\u0438\u043d Xstyle\"},\"image\":{\"@id\":\"https:\/\/xstyle.md\/#\/schema\/logo\/image\/\"},\"sameAs\":[\"https:\/\/www.facebook.com\/xstylemd\",\"https:\/\/www.instagram.com\/xstyle_md\/\",\"https:\/\/t.me\/xstyle_outdoor\"],\"hasMerchantReturnPolicy\":{\"@type\":\"MerchantReturnPolicy\",\"merchantReturnLink\":\"https:\/\/xstyle.md\/ro\/conditions\/\"}}]}<\/script>\n<meta property=\"product:price:amount\" content=\"2890.00\" \/>\n<meta property=\"product:price:currency\" content=\"MDL\" \/>\n<meta property=\"og:availability\" content=\"instock\" \/>\n<meta property=\"product:availability\" content=\"instock\" \/>\n<meta property=\"product:retailer_item_id\" content=\"91021260399\" \/>\n<meta property=\"product:condition\" content=\"new\" \/>\n<!-- \/ Yoast SEO plugin. -->","yoast_head_json":{"title":"Scaun pentru copii Thule RideAlong Lite 2 Zen Lime - Magazin Xstyle","description":"Scaunul Thule RideAlong Lite 2 Zen Lime - o op\u021biune sigur\u0103 \u0219i confortabil\u0103 pentru copii. Perfect pentru plimb\u0103rile familiale cu bicicleta. Comanda\u021bi acum!","robots":{"index":"index","follow":"follow","max-snippet":"max-snippet:-1","max-image-preview":"max-image-preview:large","max-video-preview":"max-video-preview:-1"},"canonical":"https:\/\/xstyle.md\/ro\/produs\/kreslo-thule-ridealong-lite-2-zen-lime\/","og_locale":"ro_RO","og_type":"article","og_title":"\u041a\u0440\u0435\u0441\u043b\u043e Thule RideAlong Lite 2 Zen Lime - \u041c\u0430\u0433\u0430\u0437\u0438\u043d Xstyle","og_description":"\u041a\u0440\u0435\u0441\u043b\u043e Thule RideAlong Lite 2 Zen Lime - \u0431\u0435\u0437\u043e\u043f\u0430\u0441\u043d\u044b\u0439 \u0438 \u0443\u0434\u043e\u0431\u043d\u044b\u0439 \u0432\u0430\u0440\u0438\u0430\u043d\u0442 \u0434\u043b\u044f \u0434\u0435\u0442\u0435\u0439. \u0418\u0434\u0435\u0430\u043b\u044c\u043d\u043e \u043f\u043e\u0434\u0445\u043e\u0434\u0438\u0442 \u0434\u043b\u044f \u0441\u0435\u043c\u0435\u0439\u043d\u044b\u0445 \u0432\u0435\u043b\u043e\u043f\u0440\u043e\u0433\u0443\u043b\u043e\u043a. \u0417\u0430\u043a\u0430\u0437\u044b\u0432\u0430\u0439\u0442\u0435 \u0441\u0435\u0439\u0447\u0430\u0441!","og_url":"https:\/\/xstyle.md\/ro\/produs\/kreslo-thule-ridealong-lite-2-zen-lime\/","og_site_name":"\u041c\u0430\u0433\u0430\u0437\u0438\u043d Xstyle","article_publisher":"https:\/\/www.facebook.com\/xstylemd","article_modified_time":"2026-03-19T14:21:26+00:00","og_image":[{"width":500,"height":500,"url":"https:\/\/xstyle.md\/wp-content\/uploads\/2024\/05\/thule-ridealong-lite-2-zen-lime.jpg","type":"image\/jpeg"}],"twitter_card":"summary_large_image","twitter_misc":{"Pre\u021b":"2.890&nbsp;MDL","Disponibilitate":"\u00cen stoc"},"schema":{"@context":"https:\/\/schema.org","@graph":[{"@type":"WebPage","@id":"https:\/\/xstyle.md\/product\/kreslo-thule-ridealong-lite-2-zen-lime\/","url":"https:\/\/xstyle.md\/product\/kreslo-thule-ridealong-lite-2-zen-lime\/","name":"Scaun pentru copii Thule RideAlong Lite 2 Zen Lime - Magazin Xstyle","isPartOf":{"@id":"https:\/\/xstyle.md\/#website"},"primaryImageOfPage":{"@id":"https:\/\/xstyle.md\/product\/kreslo-thule-ridealong-lite-2-zen-lime\/#primaryimage"},"image":{"@id":"https:\/\/xstyle.md\/product\/kreslo-thule-ridealong-lite-2-zen-lime\/#primaryimage"},"thumbnailUrl":"https:\/\/xstyle.md\/wp-content\/uploads\/2024\/05\/thule-ridealong-lite-2-zen-lime.jpg","datePublished":"2024-05-24T08:00:00+00:00","dateModified":"2026-03-19T14:21:26+00:00","description":"Scaunul Thule RideAlong Lite 2 Zen Lime - o op\u021biune sigur\u0103 \u0219i confortabil\u0103 pentru copii. Perfect pentru plimb\u0103rile familiale cu bicicleta. Comanda\u021bi acum!","breadcrumb":{"@id":"https:\/\/xstyle.md\/product\/kreslo-thule-ridealong-lite-2-zen-lime\/#breadcrumb"},"inLanguage":"ro-RO","potentialAction":[{"@type":"ReadAction","target":["https:\/\/xstyle.md\/product\/kreslo-thule-ridealong-lite-2-zen-lime\/"]}]},{"@type":"ImageObject","inLanguage":"ro-RO","@id":"https:\/\/xstyle.md\/product\/kreslo-thule-ridealong-lite-2-zen-lime\/#primaryimage","url":"https:\/\/xstyle.md\/wp-content\/uploads\/2024\/05\/thule-ridealong-lite-2-zen-lime.jpg","contentUrl":"https:\/\/xstyle.md\/wp-content\/uploads\/2024\/05\/thule-ridealong-lite-2-zen-lime.jpg","width":500,"height":500,"caption":"\u0414\u0435\u0442\u0441\u043a\u043e\u0435 \u043a\u0440\u0435\u0441\u043b\u043e Thule RideAlong Lite 2 Zen Lime \u0434\u043b\u044f \u0430\u043a\u0442\u0438\u0432\u043d\u043e\u0433\u043e \u043e\u0442\u0434\u044b\u0445\u0430 \u0438 \u043f\u0443\u0442\u0435\u0448\u0435\u0441\u0442\u0432\u0438\u0439, \u044d\u043a\u0438\u043f\u0438\u0440\u043e\u0432\u043a\u0430 \u0434\u043b\u044f \u043f\u043e\u0445\u043e\u0434\u043e\u0432 \u0438 \u0433\u043e\u0440\u043d\u044b\u0445 \u043f\u043e\u0445\u043e\u0434\u043e\u0432, \u043e\u0431\u0443\u0432\u044c \u0438 \u043e\u0434\u0435\u0436\u0434\u0430 \u0434\u043b\u044f \u0430\u043a\u0442\u0438\u0432\u043d\u043e\u0439 \u0436\u0438\u0437\u043d\u0438 \u0432 \u043e\u043d\u043b\u0430\u0439\u043d \u043c\u0430\u0433\u0430\u0437\u0438\u043d\u0435"},{"@type":"BreadcrumbList","@id":"https:\/\/xstyle.md\/product\/kreslo-thule-ridealong-lite-2-zen-lime\/#breadcrumb","itemListElement":[{"@type":"ListItem","position":1,"name":"\u0413\u043b\u0430\u0432\u043d\u0430\u044f \u0441\u0442\u0440\u0430\u043d\u0438\u0446\u0430","item":"https:\/\/xstyle.md\/"},{"@type":"ListItem","position":2,"name":"\u041c\u0430\u0433\u0430\u0437\u0438\u043d","item":"https:\/\/xstyle.md\/shop\/"},{"@type":"ListItem","position":3,"name":"\u041a\u0440\u0435\u0441\u043b\u043e Thule RideAlong Lite 2 Zen Lime"}]},{"@type":"WebSite","@id":"https:\/\/xstyle.md\/#website","url":"https:\/\/xstyle.md\/","name":"Magazinul X-Style","description":"Echipamente pentru turism \u0219i sporturi extreme \u00een Moldova. Pre\u021buri, fotografii, caracteristici \u00een Moldova.","publisher":{"@id":"https:\/\/xstyle.md\/#organization"},"alternateName":"X-Style","potentialAction":[{"@type":"SearchAction","target":{"@type":"EntryPoint","urlTemplate":"https:\/\/xstyle.md\/?s={search_term_string}"},"query-input":{"@type":"PropertyValueSpecification","valueRequired":true,"valueName":"search_term_string"}}],"inLanguage":"ro-RO"},{"@type":"Organization","@id":"https:\/\/xstyle.md\/#organization","name":"Magazinul X-Style","alternateName":"x-style","url":"https:\/\/xstyle.md\/","logo":{"@type":"ImageObject","inLanguage":"ro-RO","@id":"https:\/\/xstyle.md\/#\/schema\/logo\/image\/","url":"https:\/\/xstyle.md\/wp-content\/uploads\/2020\/06\/logoicon.svg","contentUrl":"https:\/\/xstyle.md\/wp-content\/uploads\/2020\/06\/logoicon.svg","caption":"\u041c\u0430\u0433\u0430\u0437\u0438\u043d Xstyle"},"image":{"@id":"https:\/\/xstyle.md\/#\/schema\/logo\/image\/"},"sameAs":["https:\/\/www.facebook.com\/xstylemd","https:\/\/www.instagram.com\/xstyle_md\/","https:\/\/t.me\/xstyle_outdoor"],"hasMerchantReturnPolicy":{"@type":"MerchantReturnPolicy","merchantReturnLink":"https:\/\/xstyle.md\/ro\/conditions\/"}}]},"product_price_amount":"2890.00","product_price_currency":"MDL","og_availability":"instock","product_availability":"instock","product_retailer_item_id":"91021260399","product_condition":"new"},"post_mailing_queue_ids":[],"_links":{"self":[{"href":"https:\/\/xstyle.md\/ro\/wp-json\/wp\/v2\/product\/83764","targetHints":{"allow":["GET"]}}],"collection":[{"href":"https:\/\/xstyle.md\/ro\/wp-json\/wp\/v2\/product"}],"about":[{"href":"https:\/\/xstyle.md\/ro\/wp-json\/wp\/v2\/types\/product"}],"replies":[{"embeddable":true,"href":"https:\/\/xstyle.md\/ro\/wp-json\/wp\/v2\/comments?post=83764"}],"wp:featuredmedia":[{"embeddable":true,"href":"https:\/\/xstyle.md\/ro\/wp-json\/wp\/v2\/media\/83780"}],"wp:attachment":[{"href":"https:\/\/xstyle.md\/ro\/wp-json\/wp\/v2\/media?parent=83764"}],"wp:term":[{"taxonomy":"product_brand","embeddable":true,"href":"https:\/\/xstyle.md\/ro\/wp-json\/wp\/v2\/product_brand?post=83764"},{"taxonomy":"product_cat","embeddable":true,"href":"https:\/\/xstyle.md\/ro\/wp-json\/wp\/v2\/product_cat?post=83764"},{"taxonomy":"product_tag","embeddable":true,"href":"https:\/\/xstyle.md\/ro\/wp-json\/wp\/v2\/product_tag?post=83764"}],"curies":[{"name":"wp","href":"https:\/\/api.w.org\/{rel}","templated":true}]}}