{"id":83756,"date":"2024-05-24T10:59:59","date_gmt":"2024-05-24T07:59:59","guid":{"rendered":"https:\/\/xstyle.md\/?post_type=product&#038;p=83756"},"modified":"2025-07-03T18:24:04","modified_gmt":"2025-07-03T15:24:04","slug":"chemodan-thule-subterra-2-checked-spinner-dark-slate","status":"publish","type":"product","link":"https:\/\/xstyle.md\/ro\/produs\/chemodan-thule-subterra-2-checked-spinner-dark-slate\/","title":{"rendered":"Geant\u0103 Thule Subterra 2 checked spinner Dark Slate"},"content":{"rendered":"<\/p>\n<p><strong>Thule Subterra 2 checked spinner Dark Slate<\/strong> &#8212; o valiz\u0103 cu ro\u021bi versatil\u0103 pentru bagajul de cal\u0103, \u00een care pute\u021bi stivui ordonat un num\u0103r mare de articole diferite.<\/p>\n<p>Nu trebuie s\u0103 folosi\u021bi o geant\u0103 mare pentru a transporta o mul\u021bime de lucruri cu dvs. &#8212; o geant\u0103 compact\u0103 cu un design inteligent este adesea suficient\u0103. Aceast\u0103 valiz\u0103 cu ro\u021bi rotative pentru bagaje \u00eenregistrate are un panou de compresie deta\u0219abil care comprim\u0103 \u0219i fixeaz\u0103 hainele \u0219i alte articole, eliber\u00e2nd spa\u021biu \u00een interior. Acesta poate fi, de asemenea, \u00eendep\u0103rtat \u0219i utilizat \u00een alte valize, dac\u0103 este necesar. Un separator pliabil \u00een panoul frontal v\u0103 permite s\u0103 separa\u021bi con\u021binutul (de exemplu, separa\u021bi pantofii de haine) sau pur \u0219i simplu s\u0103 plia\u021bi lucrurile ordonat.<\/p>\n<p>Cu materiale emblematice \u0219i un design minimalist elegant, Thule Subterra este perfect\u0103 pentru c\u0103l\u0103torul modern. Geanta este, de asemenea, certificat\u0103 Bluesign\u00ae, ceea ce confirm\u0103 faptul c\u0103 ne asigur\u0103m c\u0103 ne protej\u0103m angaja\u021bii, consumatorii \u0219i mediul.<\/p>\n<h3>Particularit\u0103\u021bi<\/h3>\n<ul>\n<li>Compartimentul principal cu compartimente ajut\u0103 la separarea hainelor curate de cele murdare, a celor ude de cele uscate \u0219i a pantofilor de cele textile<\/li>\n<li>Ro\u021bile de rotire silen\u021bioase \u0219i m\u00e2nerul telescopic cu tehnologie V-tubing faciliteaz\u0103 rularea bagajelor \u00een direc\u021bia corect\u0103.<\/li>\n<li>Panoul complet de compresie pentru comprimarea hainelor astfel \u00eenc\u00e2t acestea s\u0103 ocupe mai pu\u021bin spa\u021biu poate fi \u00eendep\u0103rtat \u0219i utilizat separat.<\/li>\n<li>Buzunarul mare cu \u00eenc\u0103rcare superioar\u0103 se deschide at\u00e2t din interiorul, c\u00e2t \u0219i din exteriorul gen\u021bii, astfel \u00eenc\u00e2t lucrurile dvs. s\u0103 fie \u00eentotdeauna la \u00eendem\u00e2n\u0103<\/li>\n<li>Curelele de prindere tradi\u021bionale pot fi utilizate cu panoul de compresie complet sau separat<\/li>\n<li>Panoul din spate din policarbonat turnat durabil ofer\u0103 protec\u021bie fiabil\u0103 \u00een timpul c\u0103l\u0103toriilor<\/li>\n<li>Buzunar pentru carte de identitate pentru recuperarea u\u0219oar\u0103 a bagajelor<\/li>\n<li>Bluesign\u00ae &#8212; o certificare recunoscut\u0103 la nivel global pentru a ne asigura c\u0103 ne protej\u0103m angaja\u021bii, consumatorii \u0219i mediul<\/li>\n<li>Fermoare YKK durabile \u0219i nailon 800D cu un strat rezistent la ap\u0103 f\u0103r\u0103 fluorocarburi &#8212; substan\u021be chimice care pot d\u0103una mediului<\/li>\n<\/ul>\n<h3>Caracteristici<\/h3>\n<ul>\n<li>Greutate &#8212; 4,25 kg<\/li>\n<li>Volum &#8212; 65 litri<\/li>\n<li>Dimensiuni &#8212; 42 x 35 x 68 cm<\/li>\n<li>Material &#8212; nailon, poliester<\/li>\n<li>Nu este potrivit pentru bagajul de m\u00e2n\u0103<\/li>\n<li>Scop &#8212; c\u0103l\u0103torie<\/li>\n<li>Model &#8212; unisex<\/li>\n<\/ul>\n<h3>Marca<\/h3>\n<p>THULE este o companie interna\u021bional\u0103 de top, recunoscut\u0103 la nivel mondial ca produc\u0103tor de top de sisteme de bagaje \u0219i cutii auto. THULE produce produse premium care sunt renumite pentru calitatea lor de neegalat, siguran\u021b\u0103, u\u0219urin\u021b\u0103 \u00een utilizare \u0219i design elegant. Produsele THULE sunt potrivite pentru persoanele care prefer\u0103 activit\u0103\u021bile \u00een aer liber, sunt pasionate de sport, c\u0103l\u0103toresc mult \u0219i apreciaz\u0103 solu\u021biile bine g\u00e2ndite.<\/p>\n<p><\/p>","protected":false},"excerpt":{"rendered":"","protected":false},"featured_media":83817,"comment_status":"open","ping_status":"closed","template":"","meta":{"_acf_changed":false,"inline_featured_image":false},"product_brand":[1269],"product_cat":[126],"product_tag":[],"class_list":{"0":"post-83756","1":"product","2":"type-product","3":"status-publish","4":"has-post-thumbnail","6":"product_brand-thule","7":"product_cat-travel-bags","9":"first","10":"instock","11":"shipping-taxable","12":"purchasable","13":"product-type-simple"},"acf":[],"yoast_head":"<!-- This site is optimized with the Yoast SEO plugin v27.2 - https:\/\/yoast.com\/product\/yoast-seo-wordpress\/ -->\n<title>\u0427\u0435\u043c\u043e\u0434\u0430\u043d Thule Subterra 2 checked spinner Dark Slate - \u041c\u0430\u0433\u0430\u0437\u0438\u043d Xstyle<\/title>\n<meta name=\"description\" content=\"\u0427\u0435\u043c\u043e\u0434\u0430\u043d Thule Subterra 2 Dark Slate \u2013 \u0441\u0442\u0438\u043b\u044c\u043d\u044b\u0439 \u0438 \u0432\u043c\u0435\u0441\u0442\u0438\u0442\u0435\u043b\u044c\u043d\u044b\u0439. \u0418\u0434\u0435\u0430\u043b\u0435\u043d \u0434\u043b\u044f \u043e\u0440\u0433\u0430\u043d\u0438\u0437\u0430\u0446\u0438\u0438 \u0431\u0430\u0433\u0430\u0436\u0430. \u041f\u0440\u043e\u0447\u043d\u044b\u0435 \u043c\u0430\u0442\u0435\u0440\u0438\u0430\u043b\u044b \u0438 \u0441\u0442\u0438\u043b\u044c\u043d\u044b\u0439 \u0434\u0438\u0437\u0430\u0439\u043d. \u0417\u0430\u043a\u0430\u0436\u0438\u0442\u0435 \u0441\u0435\u0439\u0447\u0430\u0441!\" \/>\n<meta name=\"robots\" content=\"index, follow, max-snippet:-1, max-image-preview:large, max-video-preview:-1\" \/>\n<link rel=\"canonical\" href=\"https:\/\/xstyle.md\/ro\/produs\/chemodan-thule-subterra-2-checked-spinner-dark-slate\/\" \/>\n<meta property=\"og:locale\" content=\"ro_RO\" \/>\n<meta property=\"og:type\" content=\"article\" \/>\n<meta property=\"og:title\" content=\"\u0427\u0435\u043c\u043e\u0434\u0430\u043d Thule Subterra 2 checked spinner Dark Slate - \u041c\u0430\u0433\u0430\u0437\u0438\u043d Xstyle\" \/>\n<meta property=\"og:description\" content=\"\u0427\u0435\u043c\u043e\u0434\u0430\u043d Thule Subterra 2 Dark Slate \u2013 \u0441\u0442\u0438\u043b\u044c\u043d\u044b\u0439 \u0438 \u0432\u043c\u0435\u0441\u0442\u0438\u0442\u0435\u043b\u044c\u043d\u044b\u0439. \u0418\u0434\u0435\u0430\u043b\u0435\u043d \u0434\u043b\u044f \u043e\u0440\u0433\u0430\u043d\u0438\u0437\u0430\u0446\u0438\u0438 \u0431\u0430\u0433\u0430\u0436\u0430. \u041f\u0440\u043e\u0447\u043d\u044b\u0435 \u043c\u0430\u0442\u0435\u0440\u0438\u0430\u043b\u044b \u0438 \u0441\u0442\u0438\u043b\u044c\u043d\u044b\u0439 \u0434\u0438\u0437\u0430\u0439\u043d. \u0417\u0430\u043a\u0430\u0436\u0438\u0442\u0435 \u0441\u0435\u0439\u0447\u0430\u0441!\" \/>\n<meta property=\"og:url\" content=\"https:\/\/xstyle.md\/ro\/produs\/chemodan-thule-subterra-2-checked-spinner-dark-slate\/\" \/>\n<meta property=\"og:site_name\" content=\"\u041c\u0430\u0433\u0430\u0437\u0438\u043d Xstyle\" \/>\n<meta property=\"article:publisher\" content=\"https:\/\/www.facebook.com\/xstylemd\" \/>\n<meta property=\"article:modified_time\" content=\"2025-07-03T15:24:04+00:00\" \/>\n<meta property=\"og:image\" content=\"https:\/\/xstyle.md\/wp-content\/uploads\/2024\/05\/thule-subterra-2-checked-spinner-dark-slate.jpg\" \/>\n\t<meta property=\"og:image:width\" content=\"500\" \/>\n\t<meta property=\"og:image:height\" content=\"500\" \/>\n\t<meta property=\"og:image:type\" content=\"image\/jpeg\" \/>\n<meta name=\"twitter:card\" content=\"summary_large_image\" \/>\n<meta name=\"twitter:label1\" content=\"Pre\u021b\" \/>\n\t<meta name=\"twitter:data1\" content=\"7.290&nbsp;MDL\" \/>\n\t<meta name=\"twitter:label2\" content=\"Disponibilitate\" \/>\n\t<meta name=\"twitter:data2\" content=\"\u00cen stoc\" \/>\n<script type=\"application\/ld+json\" class=\"yoast-schema-graph\">{\"@context\":\"https:\/\/schema.org\",\"@graph\":[{\"@type\":\"WebPage\",\"@id\":\"https:\/\/xstyle.md\/product\/chemodan-thule-subterra-2-checked-spinner-dark-slate\/\",\"url\":\"https:\/\/xstyle.md\/product\/chemodan-thule-subterra-2-checked-spinner-dark-slate\/\",\"name\":\"\u0427\u0435\u043c\u043e\u0434\u0430\u043d Thule Subterra 2 checked spinner Dark Slate - \u041c\u0430\u0433\u0430\u0437\u0438\u043d Xstyle\",\"isPartOf\":{\"@id\":\"https:\/\/xstyle.md\/#website\"},\"primaryImageOfPage\":{\"@id\":\"https:\/\/xstyle.md\/product\/chemodan-thule-subterra-2-checked-spinner-dark-slate\/#primaryimage\"},\"image\":{\"@id\":\"https:\/\/xstyle.md\/product\/chemodan-thule-subterra-2-checked-spinner-dark-slate\/#primaryimage\"},\"thumbnailUrl\":\"https:\/\/xstyle.md\/wp-content\/uploads\/2024\/05\/thule-subterra-2-checked-spinner-dark-slate.jpg\",\"datePublished\":\"2024-05-24T07:59:59+00:00\",\"dateModified\":\"2025-07-03T15:24:04+00:00\",\"description\":\"\u0427\u0435\u043c\u043e\u0434\u0430\u043d Thule Subterra 2 Dark Slate \u2013 \u0441\u0442\u0438\u043b\u044c\u043d\u044b\u0439 \u0438 \u0432\u043c\u0435\u0441\u0442\u0438\u0442\u0435\u043b\u044c\u043d\u044b\u0439. \u0418\u0434\u0435\u0430\u043b\u0435\u043d \u0434\u043b\u044f \u043e\u0440\u0433\u0430\u043d\u0438\u0437\u0430\u0446\u0438\u0438 \u0431\u0430\u0433\u0430\u0436\u0430. \u041f\u0440\u043e\u0447\u043d\u044b\u0435 \u043c\u0430\u0442\u0435\u0440\u0438\u0430\u043b\u044b \u0438 \u0441\u0442\u0438\u043b\u044c\u043d\u044b\u0439 \u0434\u0438\u0437\u0430\u0439\u043d. \u0417\u0430\u043a\u0430\u0436\u0438\u0442\u0435 \u0441\u0435\u0439\u0447\u0430\u0441!\",\"breadcrumb\":{\"@id\":\"https:\/\/xstyle.md\/product\/chemodan-thule-subterra-2-checked-spinner-dark-slate\/#breadcrumb\"},\"inLanguage\":\"ro-RO\",\"potentialAction\":[{\"@type\":\"ReadAction\",\"target\":[\"https:\/\/xstyle.md\/product\/chemodan-thule-subterra-2-checked-spinner-dark-slate\/\"]}]},{\"@type\":\"ImageObject\",\"inLanguage\":\"ro-RO\",\"@id\":\"https:\/\/xstyle.md\/product\/chemodan-thule-subterra-2-checked-spinner-dark-slate\/#primaryimage\",\"url\":\"https:\/\/xstyle.md\/wp-content\/uploads\/2024\/05\/thule-subterra-2-checked-spinner-dark-slate.jpg\",\"contentUrl\":\"https:\/\/xstyle.md\/wp-content\/uploads\/2024\/05\/thule-subterra-2-checked-spinner-dark-slate.jpg\",\"width\":500,\"height\":500,\"caption\":\"\u0422\u0451\u043c\u043d\u044b\u0439 \u0447\u0435\u043c\u043e\u0434\u0430\u043d Thule Subterra 2 checked spinner \u0434\u043b\u044f \u043f\u0443\u0442\u0435\u0448\u0435\u0441\u0442\u0432\u0438\u0439, \u0430\u043a\u0442\u0438\u0432\u043d\u043e\u0433\u043e \u043e\u0442\u0434\u044b\u0445\u0430, \u043f\u043e\u0445\u043e\u0434\u043e\u0432 \u0438 \u0442\u0443\u0440\u0438\u0437\u043c\u0430, \u0443\u0434\u043e\u0431\u043d\u0430\u044f \u0434\u043e\u0440\u043e\u0436\u043d\u0430\u044f \u044d\u043a\u0438\u043f\u0438\u0440\u043e\u0432\u043a\u0430 \u0434\u043b\u044f \u0430\u043a\u0442\u0438\u0432\u043d\u043e\u0439 \u0436\u0438\u0437\u043d\u0438 \u0432 \u0438\u043d\u0442\u0435\u0440\u043d\u0435\u0442-\u043c\u0430\u0433\u0430\u0437\u0438\u043d\u0435\"},{\"@type\":\"BreadcrumbList\",\"@id\":\"https:\/\/xstyle.md\/product\/chemodan-thule-subterra-2-checked-spinner-dark-slate\/#breadcrumb\",\"itemListElement\":[{\"@type\":\"ListItem\",\"position\":1,\"name\":\"\u0413\u043b\u0430\u0432\u043d\u0430\u044f \u0441\u0442\u0440\u0430\u043d\u0438\u0446\u0430\",\"item\":\"https:\/\/xstyle.md\/\"},{\"@type\":\"ListItem\",\"position\":2,\"name\":\"\u041c\u0430\u0433\u0430\u0437\u0438\u043d\",\"item\":\"https:\/\/xstyle.md\/shop\/\"},{\"@type\":\"ListItem\",\"position\":3,\"name\":\"\u0427\u0435\u043c\u043e\u0434\u0430\u043d Thule Subterra 2 checked spinner Dark Slate\"}]},{\"@type\":\"WebSite\",\"@id\":\"https:\/\/xstyle.md\/#website\",\"url\":\"https:\/\/xstyle.md\/\",\"name\":\"\u041c\u0430\u0433\u0430\u0437\u0438\u043d Xstyle\",\"description\":\"C\u043d\u0430\u0440\u044f\u0436\u0435\u043d\u0438\u0435 \u0434\u043b\u044f \u0442\u0443\u0440\u0438\u0437\u043c\u0430 \u0438 \u044d\u043a\u0441\u0442\u0440\u0435\u043c\u0430\u043b\u044c\u043d\u044b\u0445 \u0432\u0438\u0434\u043e\u0432 \u0441\u043f\u043e\u0440\u0442\u0430 \u0432 \u041c\u043e\u043b\u0434\u043e\u0432\u0435.. \u0426\u0435\u043d\u044b, \u0444\u043e\u0442\u043e, \u0445\u0430\u0440\u0430\u043a\u0442\u0435\u0440\u0438\u0441\u0442\u0438\u043a\u0438 \u0432 \u041c\u043e\u043b\u0434\u043e\u0432\u0435.\",\"publisher\":{\"@id\":\"https:\/\/xstyle.md\/#organization\"},\"alternateName\":\"X-Style\",\"potentialAction\":[{\"@type\":\"SearchAction\",\"target\":{\"@type\":\"EntryPoint\",\"urlTemplate\":\"https:\/\/xstyle.md\/?s={search_term_string}\"},\"query-input\":{\"@type\":\"PropertyValueSpecification\",\"valueRequired\":true,\"valueName\":\"search_term_string\"}}],\"inLanguage\":\"ro-RO\"},{\"@type\":\"Organization\",\"@id\":\"https:\/\/xstyle.md\/#organization\",\"name\":\"\u041c\u0430\u0433\u0430\u0437\u0438\u043d Xstyle\",\"alternateName\":\"x-style\",\"url\":\"https:\/\/xstyle.md\/\",\"logo\":{\"@type\":\"ImageObject\",\"inLanguage\":\"ro-RO\",\"@id\":\"https:\/\/xstyle.md\/#\/schema\/logo\/image\/\",\"url\":\"https:\/\/xstyle.md\/wp-content\/uploads\/2020\/06\/logoicon.svg\",\"contentUrl\":\"https:\/\/xstyle.md\/wp-content\/uploads\/2020\/06\/logoicon.svg\",\"caption\":\"\u041c\u0430\u0433\u0430\u0437\u0438\u043d Xstyle\"},\"image\":{\"@id\":\"https:\/\/xstyle.md\/#\/schema\/logo\/image\/\"},\"sameAs\":[\"https:\/\/www.facebook.com\/xstylemd\",\"https:\/\/www.instagram.com\/xstyle_md\/\",\"https:\/\/t.me\/xstyle_outdoor\"],\"hasMerchantReturnPolicy\":{\"@type\":\"MerchantReturnPolicy\",\"merchantReturnLink\":\"https:\/\/xstyle.md\/ro\/conditions\/\"}}]}<\/script>\n<meta property=\"product:price:amount\" content=\"7290.00\" \/>\n<meta property=\"product:price:currency\" content=\"MDL\" \/>\n<meta property=\"og:availability\" content=\"instock\" \/>\n<meta property=\"product:availability\" content=\"instock\" \/>\n<meta property=\"product:retailer_item_id\" content=\"85854255806\" \/>\n<meta property=\"product:condition\" content=\"new\" \/>\n<!-- \/ Yoast SEO plugin. -->","yoast_head_json":{"title":"Geant\u0103 Thule Subterra 2 checked spinner Dark Slate - Magazin Xstyle","description":"Geanta Thule Subterra 2 Dark Slate \u2013 elegant\u0103 \u0219i spa\u021bioas\u0103. Ideal\u0103 pentru organizarea bagajului. Materiale rezistente \u0219i un design stilat. Comand\u0103 acum!","robots":{"index":"index","follow":"follow","max-snippet":"max-snippet:-1","max-image-preview":"max-image-preview:large","max-video-preview":"max-video-preview:-1"},"canonical":"https:\/\/xstyle.md\/ro\/produs\/chemodan-thule-subterra-2-checked-spinner-dark-slate\/","og_locale":"ro_RO","og_type":"article","og_title":"\u0427\u0435\u043c\u043e\u0434\u0430\u043d Thule Subterra 2 checked spinner Dark Slate - \u041c\u0430\u0433\u0430\u0437\u0438\u043d Xstyle","og_description":"\u0427\u0435\u043c\u043e\u0434\u0430\u043d Thule Subterra 2 Dark Slate \u2013 \u0441\u0442\u0438\u043b\u044c\u043d\u044b\u0439 \u0438 \u0432\u043c\u0435\u0441\u0442\u0438\u0442\u0435\u043b\u044c\u043d\u044b\u0439. \u0418\u0434\u0435\u0430\u043b\u0435\u043d \u0434\u043b\u044f \u043e\u0440\u0433\u0430\u043d\u0438\u0437\u0430\u0446\u0438\u0438 \u0431\u0430\u0433\u0430\u0436\u0430. \u041f\u0440\u043e\u0447\u043d\u044b\u0435 \u043c\u0430\u0442\u0435\u0440\u0438\u0430\u043b\u044b \u0438 \u0441\u0442\u0438\u043b\u044c\u043d\u044b\u0439 \u0434\u0438\u0437\u0430\u0439\u043d. \u0417\u0430\u043a\u0430\u0436\u0438\u0442\u0435 \u0441\u0435\u0439\u0447\u0430\u0441!","og_url":"https:\/\/xstyle.md\/ro\/produs\/chemodan-thule-subterra-2-checked-spinner-dark-slate\/","og_site_name":"\u041c\u0430\u0433\u0430\u0437\u0438\u043d Xstyle","article_publisher":"https:\/\/www.facebook.com\/xstylemd","article_modified_time":"2025-07-03T15:24:04+00:00","og_image":[{"width":500,"height":500,"url":"https:\/\/xstyle.md\/wp-content\/uploads\/2024\/05\/thule-subterra-2-checked-spinner-dark-slate.jpg","type":"image\/jpeg"}],"twitter_card":"summary_large_image","twitter_misc":{"Pre\u021b":"7.290&nbsp;MDL","Disponibilitate":"\u00cen stoc"},"schema":{"@context":"https:\/\/schema.org","@graph":[{"@type":"WebPage","@id":"https:\/\/xstyle.md\/product\/chemodan-thule-subterra-2-checked-spinner-dark-slate\/","url":"https:\/\/xstyle.md\/product\/chemodan-thule-subterra-2-checked-spinner-dark-slate\/","name":"Geant\u0103 Thule Subterra 2 checked spinner Dark Slate - Magazin Xstyle","isPartOf":{"@id":"https:\/\/xstyle.md\/#website"},"primaryImageOfPage":{"@id":"https:\/\/xstyle.md\/product\/chemodan-thule-subterra-2-checked-spinner-dark-slate\/#primaryimage"},"image":{"@id":"https:\/\/xstyle.md\/product\/chemodan-thule-subterra-2-checked-spinner-dark-slate\/#primaryimage"},"thumbnailUrl":"https:\/\/xstyle.md\/wp-content\/uploads\/2024\/05\/thule-subterra-2-checked-spinner-dark-slate.jpg","datePublished":"2024-05-24T07:59:59+00:00","dateModified":"2025-07-03T15:24:04+00:00","description":"Geanta Thule Subterra 2 Dark Slate \u2013 elegant\u0103 \u0219i spa\u021bioas\u0103. Ideal\u0103 pentru organizarea bagajului. Materiale rezistente \u0219i un design stilat. Comand\u0103 acum!","breadcrumb":{"@id":"https:\/\/xstyle.md\/product\/chemodan-thule-subterra-2-checked-spinner-dark-slate\/#breadcrumb"},"inLanguage":"ro-RO","potentialAction":[{"@type":"ReadAction","target":["https:\/\/xstyle.md\/product\/chemodan-thule-subterra-2-checked-spinner-dark-slate\/"]}]},{"@type":"ImageObject","inLanguage":"ro-RO","@id":"https:\/\/xstyle.md\/product\/chemodan-thule-subterra-2-checked-spinner-dark-slate\/#primaryimage","url":"https:\/\/xstyle.md\/wp-content\/uploads\/2024\/05\/thule-subterra-2-checked-spinner-dark-slate.jpg","contentUrl":"https:\/\/xstyle.md\/wp-content\/uploads\/2024\/05\/thule-subterra-2-checked-spinner-dark-slate.jpg","width":500,"height":500,"caption":"\u0422\u0451\u043c\u043d\u044b\u0439 \u0447\u0435\u043c\u043e\u0434\u0430\u043d Thule Subterra 2 checked spinner \u0434\u043b\u044f \u043f\u0443\u0442\u0435\u0448\u0435\u0441\u0442\u0432\u0438\u0439, \u0430\u043a\u0442\u0438\u0432\u043d\u043e\u0433\u043e \u043e\u0442\u0434\u044b\u0445\u0430, \u043f\u043e\u0445\u043e\u0434\u043e\u0432 \u0438 \u0442\u0443\u0440\u0438\u0437\u043c\u0430, \u0443\u0434\u043e\u0431\u043d\u0430\u044f \u0434\u043e\u0440\u043e\u0436\u043d\u0430\u044f \u044d\u043a\u0438\u043f\u0438\u0440\u043e\u0432\u043a\u0430 \u0434\u043b\u044f \u0430\u043a\u0442\u0438\u0432\u043d\u043e\u0439 \u0436\u0438\u0437\u043d\u0438 \u0432 \u0438\u043d\u0442\u0435\u0440\u043d\u0435\u0442-\u043c\u0430\u0433\u0430\u0437\u0438\u043d\u0435"},{"@type":"BreadcrumbList","@id":"https:\/\/xstyle.md\/product\/chemodan-thule-subterra-2-checked-spinner-dark-slate\/#breadcrumb","itemListElement":[{"@type":"ListItem","position":1,"name":"\u0413\u043b\u0430\u0432\u043d\u0430\u044f \u0441\u0442\u0440\u0430\u043d\u0438\u0446\u0430","item":"https:\/\/xstyle.md\/"},{"@type":"ListItem","position":2,"name":"\u041c\u0430\u0433\u0430\u0437\u0438\u043d","item":"https:\/\/xstyle.md\/shop\/"},{"@type":"ListItem","position":3,"name":"\u0427\u0435\u043c\u043e\u0434\u0430\u043d Thule Subterra 2 checked spinner Dark Slate"}]},{"@type":"WebSite","@id":"https:\/\/xstyle.md\/#website","url":"https:\/\/xstyle.md\/","name":"Magazinul X-Style","description":"Echipamente pentru turism \u0219i sporturi extreme \u00een Moldova. Pre\u021buri, fotografii, caracteristici \u00een Moldova.","publisher":{"@id":"https:\/\/xstyle.md\/#organization"},"alternateName":"X-Style","potentialAction":[{"@type":"SearchAction","target":{"@type":"EntryPoint","urlTemplate":"https:\/\/xstyle.md\/?s={search_term_string}"},"query-input":{"@type":"PropertyValueSpecification","valueRequired":true,"valueName":"search_term_string"}}],"inLanguage":"ro-RO"},{"@type":"Organization","@id":"https:\/\/xstyle.md\/#organization","name":"Magazinul X-Style","alternateName":"x-style","url":"https:\/\/xstyle.md\/","logo":{"@type":"ImageObject","inLanguage":"ro-RO","@id":"https:\/\/xstyle.md\/#\/schema\/logo\/image\/","url":"https:\/\/xstyle.md\/wp-content\/uploads\/2020\/06\/logoicon.svg","contentUrl":"https:\/\/xstyle.md\/wp-content\/uploads\/2020\/06\/logoicon.svg","caption":"\u041c\u0430\u0433\u0430\u0437\u0438\u043d Xstyle"},"image":{"@id":"https:\/\/xstyle.md\/#\/schema\/logo\/image\/"},"sameAs":["https:\/\/www.facebook.com\/xstylemd","https:\/\/www.instagram.com\/xstyle_md\/","https:\/\/t.me\/xstyle_outdoor"],"hasMerchantReturnPolicy":{"@type":"MerchantReturnPolicy","merchantReturnLink":"https:\/\/xstyle.md\/ro\/conditions\/"}}]},"product_price_amount":"7290.00","product_price_currency":"MDL","og_availability":"instock","product_availability":"instock","product_retailer_item_id":"85854255806","product_condition":"new"},"post_mailing_queue_ids":[],"_links":{"self":[{"href":"https:\/\/xstyle.md\/ro\/wp-json\/wp\/v2\/product\/83756","targetHints":{"allow":["GET"]}}],"collection":[{"href":"https:\/\/xstyle.md\/ro\/wp-json\/wp\/v2\/product"}],"about":[{"href":"https:\/\/xstyle.md\/ro\/wp-json\/wp\/v2\/types\/product"}],"replies":[{"embeddable":true,"href":"https:\/\/xstyle.md\/ro\/wp-json\/wp\/v2\/comments?post=83756"}],"wp:featuredmedia":[{"embeddable":true,"href":"https:\/\/xstyle.md\/ro\/wp-json\/wp\/v2\/media\/83817"}],"wp:attachment":[{"href":"https:\/\/xstyle.md\/ro\/wp-json\/wp\/v2\/media?parent=83756"}],"wp:term":[{"taxonomy":"product_brand","embeddable":true,"href":"https:\/\/xstyle.md\/ro\/wp-json\/wp\/v2\/product_brand?post=83756"},{"taxonomy":"product_cat","embeddable":true,"href":"https:\/\/xstyle.md\/ro\/wp-json\/wp\/v2\/product_cat?post=83756"},{"taxonomy":"product_tag","embeddable":true,"href":"https:\/\/xstyle.md\/ro\/wp-json\/wp\/v2\/product_tag?post=83756"}],"curies":[{"name":"wp","href":"https:\/\/api.w.org\/{rel}","templated":true}]}}