{"id":83751,"date":"2024-05-24T10:59:58","date_gmt":"2024-05-24T07:59:58","guid":{"rendered":"https:\/\/xstyle.md\/?post_type=product&#038;p=83751"},"modified":"2026-03-04T12:13:38","modified_gmt":"2026-03-04T09:13:38","slug":"boks-thule-motion-3-l-titan-glossy","status":"publish","type":"product","link":"https:\/\/xstyle.md\/ro\/produs\/boks-thule-motion-3-l-titan-glossy\/","title":{"rendered":"Box Thule Motion 3 L titan glossy"},"content":{"rendered":"<\/p>\n<p><strong>Thule Motion 3 L titan glossy<\/strong> &#8212; o cutie de marf\u0103 elegant\u0103 \u0219i \u00eenc\u0103p\u0103toare pentru c\u0103l\u0103torul modern combin\u0103 o siluet\u0103 elegant\u0103 \u0219i aerodinamic\u0103 cu o func\u021bionalitate fiabil\u0103.<br \/>\nFie c\u0103 este vorba de o vacan\u021b\u0103 \u00een familie, o excursie cu c\u00e2inele sau o aventur\u0103 la schi, Thule Motion 3 este combina\u021bia perfect\u0103 de capacitate, eficien\u021b\u0103 \u0219i stil. Cu o aerodinamic\u0103 \u00eembun\u0103t\u0103\u021bit\u0103 \u0219i o gam\u0103 extins\u0103 de dimensiuni care include noi op\u021biuni cu profil redus, Thule Motion 3 este mai eficient din punct de vedere al consumului de combustibil f\u0103r\u0103 a compromite capacitatea de depozitare. Descoperirea de noi orizonturi tocmai a devenit mai u\u0219oar\u0103 cu solu\u021biile noastre u\u0219or de instalat \u0219i de utilizat \u0219i cu accesoriile inovatoare.<\/p>\n<p><em>Design plus func\u021bionalitate<\/em><\/p>\n<p>Designul modern \u0219i func\u021bionalitatea se \u00eent\u00e2lnesc \u00een acest Thule Motion 3. Cea mai recent\u0103 cutie de marf\u0103 cu un design \u00eembun\u0103t\u0103\u021bit v\u0103 face c\u0103l\u0103toria \u0219i mai confortabil\u0103. Cu designul s\u0103u modern \u0219i elegant, nu numai c\u0103 v\u0103 men\u021bine echipamentul \u00een siguran\u021b\u0103, dar \u0219i \u00eembun\u0103t\u0103\u021be\u0219te aspectul vehiculului dvs. Func\u021bionalitatea avansat\u0103, inclusiv un mecanism de blocare intuitiv \u0219i un sistem de deschidere bidirec\u021bional cu o singur\u0103 m\u00e2n\u0103, o face u\u0219or de utilizat f\u0103r\u0103 a sacrifica siguran\u021ba sau stilul.<\/p>\n<p><em>Solu\u021bii aerodinamice de v\u00e2rf<\/em><\/p>\n<p>Thule Motion 3 este la fel de mult despre aspectul grozav ca \u0219i despre ingineria inteligent\u0103. Ne concentr\u0103m pe aerodinamic\u0103, astfel \u00eenc\u00e2t designul cutiei de marf\u0103 contribuie la reducerea rezisten\u021bei aerului, ajut\u00e2ndu-v\u0103 s\u0103 economisi\u021bi combustibil \u00een timpul c\u0103l\u0103toriilor.<\/p>\n<p><em>Accesorii pentru c\u0103l\u0103torii de neuitat<\/em><\/p>\n<p>Ob\u021bine\u021bi mai mult\u0103 aventur\u0103 cu accesoriile premium pentru Thule Motion 3, cum ar fi gen\u021bi, c\u0103ptu\u0219eli \u0219i solu\u021bii de iluminare.<\/p>\n<h3>Particularit\u0103\u021bi<\/h3>\n<ul>\n<li>Profilul \u00een form\u0103 de arip\u0103 cu nasul aerodinamic, \u00eenclinat \u00een fa\u021b\u0103 al cutiei reduce rezisten\u021ba aerului \u0219i consumul de combustibil<\/li>\n<li>Designul robust al capacului \u0219i m\u00e2nerul lat faciliteaz\u0103 deschiderea \u0219i \u00eenchiderea cutiei cu o singur\u0103 m\u00e2n\u0103<\/li>\n<li>Accesoriile disponibile includ o lumin\u0103 pentru cutie, o balama pentru acces u\u0219or la capac \u0219i o c\u0103ptu\u0219eal\u0103 de protec\u021bie pentru cutie<\/li>\n<li>Instalare u\u0219oar\u0103 cu sistemul de instalare rapid\u0103 PowerClick. Indicatorul de cuplu integrat face clic atunci c\u00e2nd sunt atinse valorile corecte, asigur\u00e2nd o fixare rapid\u0103 \u0219i ferm\u0103.<\/li>\n<li>Sistemul SlideLock cu func\u021bii separate de blocare \u0219i \u00eencuiere blocheaz\u0103 automat capacul \u00een pozi\u021bie, iar un indicator luminos \u00eencorporat indic\u0103 faptul c\u0103 cutia este bine \u00eenchis\u0103<\/li>\n<li>Acces neobstruc\u021bionat la portbagaj cu risc minim de contact cu cutia datorit\u0103 pozi\u021bion\u0103rii frontale pe acoperi\u0219ul vehiculului<\/li>\n<\/ul>\n<h3>Caracteristici<\/h3>\n<ul>\n<li>Volum - 450 litri<\/li>\n<li>Dimensiuni externe &#8212; 194 x 89 x 43 cm<\/li>\n<li>Dimensiuni interioare &#8212; 182 x 72 x 38 cm<\/li>\n<li>\u00cen\u0103l\u021bime deasupra arcului transversal &#8212; 38 cm<\/li>\n<li>Capacitate de \u00eenc\u0103rcare &#8212; 75 kg<\/li>\n<li>Sistem de montare &#8212; PowerClic<\/li>\n<li>Greutate &#8212; 20kg<\/li>\n<li>Sistem de \u00eenchidere &#8212; SlideLock<\/li>\n<li>\u00cencuietoare incluse &#8212; da<\/li>\n<li>Compatibil cu sistemul One Key &#8212; da<\/li>\n<li>Capacitate de \u00eenc\u0103rcare (perechi de schiuri) &#8212; 5-7<\/li>\n<li>Capacitate de \u00eenc\u0103rcare (pl\u0103ci de snowboard) &#8212; 3-5<\/li>\n<li>Lungimea maxim\u0103 a schiurilor &#8212; 180 cm<\/li>\n<li>Suport pentru schiuri &#8212; Adaptor necesar: Thule Box Ski Carrier Adapter 694-8<\/li>\n<li>Potrivit pentru Thule WingBar Evo &#8212; da<\/li>\n<li>Se potrive\u0219te pentru Thule WingBar Edge &#8212; da<\/li>\n<li>Se potrive\u0219te pentru Thule WingBar &#8212; da<\/li>\n<li>Se potrive\u0219te cu Thule SquareBar Evo &#8212; da<\/li>\n<li>Se potrive\u0219te pentru Thule SlideBar &#8212; Adaptor necesar: Thule T-track Adapter 697-6<\/li>\n<li>Se potrive\u0219te Thule ProBar Evo &#8212; Necesit\u0103 adaptor Thule T-track 697-6<\/li>\n<\/ul>\n<h3>Marca<\/h3>\n<p>THULE este o companie interna\u021bional\u0103 de top, recunoscut\u0103 la nivel mondial ca produc\u0103tor de top de sisteme de bagaje \u0219i cutii auto. THULE produce produse premium care sunt renumite pentru calitatea lor de neegalat, siguran\u021b\u0103, u\u0219urin\u021b\u0103 \u00een utilizare \u0219i design elegant. Produsele THULE sunt potrivite pentru persoanele care prefer\u0103 activit\u0103\u021bile \u00een aer liber, sunt pasionate de sport, c\u0103l\u0103toresc mult \u0219i apreciaz\u0103 solu\u021biile bine g\u00e2ndite.<\/p>\n<p><\/p>","protected":false},"excerpt":{"rendered":"","protected":false},"featured_media":83852,"comment_status":"open","ping_status":"closed","template":"","meta":{"_acf_changed":false,"inline_featured_image":false},"product_brand":[1269],"product_cat":[614],"product_tag":[],"class_list":{"0":"post-83751","1":"product","2":"type-product","3":"status-publish","4":"has-post-thumbnail","6":"product_brand-thule","7":"product_cat-motion","9":"first","10":"instock","11":"shipping-taxable","12":"purchasable","13":"product-type-simple"},"acf":[],"yoast_head":"<!-- This site is optimized with the Yoast SEO plugin v27.4 - https:\/\/yoast.com\/product\/yoast-seo-wordpress\/ -->\n<title>\u0411\u0430\u0433\u0430\u0436\u043d\u0438\u043a \u043d\u0430 \u043a\u0440\u044b\u0448\u0443 Thule Motion 3 L titan glossy - \u041c\u0430\u0433\u0430\u0437\u0438\u043d Xstyle<\/title>\n<meta name=\"description\" content=\"\u0411\u043e\u043a\u0441 Thule Motion 3 L titan glossy: \u0441\u0442\u0438\u043b\u044c\u043d\u044b\u0439, \u0432\u043c\u0435\u0441\u0442\u0438\u0442\u0435\u043b\u044c\u043d\u044b\u0439 \u0438 \u043b\u0435\u0433\u043a\u043e \u0443\u0441\u0442\u0430\u043d\u0430\u0432\u043b\u0438\u0432\u0430\u0435\u043c\u044b\u0439. \u0418\u0434\u0435\u0430\u043b\u0435\u043d \u0434\u043b\u044f \u043f\u0443\u0442\u0435\u0448\u0435\u0441\u0442\u0432\u0438\u0439. \u0417\u0430\u0449\u0438\u0442\u0438\u0442\u0435 \u0432\u0430\u0448 \u0433\u0440\u0443\u0437 \u0441 Thule!\" \/>\n<meta name=\"robots\" content=\"index, follow, max-snippet:-1, max-image-preview:large, max-video-preview:-1\" \/>\n<link rel=\"canonical\" href=\"https:\/\/xstyle.md\/ro\/produs\/boks-thule-motion-3-l-titan-glossy\/\" \/>\n<meta property=\"og:locale\" content=\"ro_RO\" \/>\n<meta property=\"og:type\" content=\"article\" \/>\n<meta property=\"og:title\" content=\"\u0411\u0430\u0433\u0430\u0436\u043d\u0438\u043a \u043d\u0430 \u043a\u0440\u044b\u0448\u0443 Thule Motion 3 L titan glossy - \u041c\u0430\u0433\u0430\u0437\u0438\u043d Xstyle\" \/>\n<meta property=\"og:description\" content=\"\u0411\u043e\u043a\u0441 Thule Motion 3 L titan glossy: \u0441\u0442\u0438\u043b\u044c\u043d\u044b\u0439, \u0432\u043c\u0435\u0441\u0442\u0438\u0442\u0435\u043b\u044c\u043d\u044b\u0439 \u0438 \u043b\u0435\u0433\u043a\u043e \u0443\u0441\u0442\u0430\u043d\u0430\u0432\u043b\u0438\u0432\u0430\u0435\u043c\u044b\u0439. \u0418\u0434\u0435\u0430\u043b\u0435\u043d \u0434\u043b\u044f \u043f\u0443\u0442\u0435\u0448\u0435\u0441\u0442\u0432\u0438\u0439. \u0417\u0430\u0449\u0438\u0442\u0438\u0442\u0435 \u0432\u0430\u0448 \u0433\u0440\u0443\u0437 \u0441 Thule!\" \/>\n<meta property=\"og:url\" content=\"https:\/\/xstyle.md\/ro\/produs\/boks-thule-motion-3-l-titan-glossy\/\" \/>\n<meta property=\"og:site_name\" content=\"\u041c\u0430\u0433\u0430\u0437\u0438\u043d Xstyle\" \/>\n<meta property=\"article:publisher\" content=\"https:\/\/www.facebook.com\/xstylemd\" \/>\n<meta property=\"article:modified_time\" content=\"2026-03-04T09:13:38+00:00\" \/>\n<meta property=\"og:image\" content=\"https:\/\/xstyle.md\/wp-content\/uploads\/2024\/05\/thule-motion-3-l-titan-glossy.jpg\" \/>\n\t<meta property=\"og:image:width\" content=\"500\" \/>\n\t<meta property=\"og:image:height\" content=\"500\" \/>\n\t<meta property=\"og:image:type\" content=\"image\/jpeg\" \/>\n<meta name=\"twitter:card\" content=\"summary_large_image\" \/>\n<meta name=\"twitter:label1\" content=\"Pre\u021b\" \/>\n\t<meta name=\"twitter:data1\" content=\"16.590&nbsp;MDL\" \/>\n\t<meta name=\"twitter:label2\" content=\"Disponibilitate\" \/>\n\t<meta name=\"twitter:data2\" content=\"\u00cen stoc\" \/>\n<script type=\"application\/ld+json\" class=\"yoast-schema-graph\">{\"@context\":\"https:\\\/\\\/schema.org\",\"@graph\":[{\"@type\":\"WebPage\",\"@id\":\"https:\\\/\\\/xstyle.md\\\/product\\\/boks-thule-motion-3-l-titan-glossy\\\/\",\"url\":\"https:\\\/\\\/xstyle.md\\\/product\\\/boks-thule-motion-3-l-titan-glossy\\\/\",\"name\":\"\u0411\u0430\u0433\u0430\u0436\u043d\u0438\u043a \u043d\u0430 \u043a\u0440\u044b\u0448\u0443 Thule Motion 3 L titan glossy - \u041c\u0430\u0433\u0430\u0437\u0438\u043d Xstyle\",\"isPartOf\":{\"@id\":\"https:\\\/\\\/xstyle.md\\\/#website\"},\"primaryImageOfPage\":{\"@id\":\"https:\\\/\\\/xstyle.md\\\/product\\\/boks-thule-motion-3-l-titan-glossy\\\/#primaryimage\"},\"image\":{\"@id\":\"https:\\\/\\\/xstyle.md\\\/product\\\/boks-thule-motion-3-l-titan-glossy\\\/#primaryimage\"},\"thumbnailUrl\":\"https:\\\/\\\/xstyle.md\\\/wp-content\\\/uploads\\\/2024\\\/05\\\/thule-motion-3-l-titan-glossy.jpg\",\"datePublished\":\"2024-05-24T07:59:58+00:00\",\"dateModified\":\"2026-03-04T09:13:38+00:00\",\"description\":\"\u0411\u043e\u043a\u0441 Thule Motion 3 L titan glossy: \u0441\u0442\u0438\u043b\u044c\u043d\u044b\u0439, \u0432\u043c\u0435\u0441\u0442\u0438\u0442\u0435\u043b\u044c\u043d\u044b\u0439 \u0438 \u043b\u0435\u0433\u043a\u043e \u0443\u0441\u0442\u0430\u043d\u0430\u0432\u043b\u0438\u0432\u0430\u0435\u043c\u044b\u0439. \u0418\u0434\u0435\u0430\u043b\u0435\u043d \u0434\u043b\u044f \u043f\u0443\u0442\u0435\u0448\u0435\u0441\u0442\u0432\u0438\u0439. \u0417\u0430\u0449\u0438\u0442\u0438\u0442\u0435 \u0432\u0430\u0448 \u0433\u0440\u0443\u0437 \u0441 Thule!\",\"breadcrumb\":{\"@id\":\"https:\\\/\\\/xstyle.md\\\/product\\\/boks-thule-motion-3-l-titan-glossy\\\/#breadcrumb\"},\"inLanguage\":\"ro-RO\",\"potentialAction\":[{\"@type\":\"ReadAction\",\"target\":[\"https:\\\/\\\/xstyle.md\\\/product\\\/boks-thule-motion-3-l-titan-glossy\\\/\"]}]},{\"@type\":\"ImageObject\",\"inLanguage\":\"ro-RO\",\"@id\":\"https:\\\/\\\/xstyle.md\\\/product\\\/boks-thule-motion-3-l-titan-glossy\\\/#primaryimage\",\"url\":\"https:\\\/\\\/xstyle.md\\\/wp-content\\\/uploads\\\/2024\\\/05\\\/thule-motion-3-l-titan-glossy.jpg\",\"contentUrl\":\"https:\\\/\\\/xstyle.md\\\/wp-content\\\/uploads\\\/2024\\\/05\\\/thule-motion-3-l-titan-glossy.jpg\",\"width\":500,\"height\":500,\"caption\":\"\u0411\u0430\u0433\u0430\u0436\u043d\u0438\u043a \u043d\u0430 \u043a\u0440\u044b\u0448\u0443 Thule Motion 3 L titan glossy \u0434\u043b\u044f \u0430\u043a\u0442\u0438\u0432\u043d\u043e\u0439 \u0436\u0438\u0437\u043d\u0438, \u043f\u043e\u0445\u043e\u0434\u043e\u0432 \u0438 \u043f\u0443\u0442\u0435\u0448\u0435\u0441\u0442\u0432\u0438\u0439, \u044d\u043a\u0438\u043f\u0438\u0440\u043e\u0432\u043a\u0430 \u0434\u043b\u044f \u044d\u043a\u0441\u0442\u0440\u0435\u043c\u0430\u043b\u044c\u043d\u044b\u0445 \u0432\u0438\u0434\u043e\u0432 \u0441\u043f\u043e\u0440\u0442\u0430, \u043e\u0431\u0443\u0432\u044c \u0438 \u043e\u0434\u0435\u0436\u0434\u0430 \u0434\u043b\u044f \u0430\u043a\u0442\u0438\u0432\u043d\u043e\u0433\u043e \u043e\u0442\u0434\u044b\u0445\u0430\"},{\"@type\":\"BreadcrumbList\",\"@id\":\"https:\\\/\\\/xstyle.md\\\/product\\\/boks-thule-motion-3-l-titan-glossy\\\/#breadcrumb\",\"itemListElement\":[{\"@type\":\"ListItem\",\"position\":1,\"name\":\"\u0413\u043b\u0430\u0432\u043d\u0430\u044f \u0441\u0442\u0440\u0430\u043d\u0438\u0446\u0430\",\"item\":\"https:\\\/\\\/xstyle.md\\\/\"},{\"@type\":\"ListItem\",\"position\":2,\"name\":\"\u041c\u0430\u0433\u0430\u0437\u0438\u043d\",\"item\":\"https:\\\/\\\/xstyle.md\\\/shop\\\/\"},{\"@type\":\"ListItem\",\"position\":3,\"name\":\"\u0411\u0430\u0433\u0430\u0436\u043d\u0438\u043a \u043d\u0430 \u043a\u0440\u044b\u0448\u0443 Thule Motion 3 L titan glossy\"}]},{\"@type\":\"WebSite\",\"@id\":\"https:\\\/\\\/xstyle.md\\\/#website\",\"url\":\"https:\\\/\\\/xstyle.md\\\/\",\"name\":\"\u041c\u0430\u0433\u0430\u0437\u0438\u043d Xstyle\",\"description\":\"C\u043d\u0430\u0440\u044f\u0436\u0435\u043d\u0438\u0435 \u0434\u043b\u044f \u0442\u0443\u0440\u0438\u0437\u043c\u0430 \u0438 \u044d\u043a\u0441\u0442\u0440\u0435\u043c\u0430\u043b\u044c\u043d\u044b\u0445 \u0432\u0438\u0434\u043e\u0432 \u0441\u043f\u043e\u0440\u0442\u0430 \u0432 \u041c\u043e\u043b\u0434\u043e\u0432\u0435.. \u0426\u0435\u043d\u044b, \u0444\u043e\u0442\u043e, \u0445\u0430\u0440\u0430\u043a\u0442\u0435\u0440\u0438\u0441\u0442\u0438\u043a\u0438 \u0432 \u041c\u043e\u043b\u0434\u043e\u0432\u0435.\",\"publisher\":{\"@id\":\"https:\\\/\\\/xstyle.md\\\/#organization\"},\"alternateName\":\"X-Style\",\"potentialAction\":[{\"@type\":\"SearchAction\",\"target\":{\"@type\":\"EntryPoint\",\"urlTemplate\":\"https:\\\/\\\/xstyle.md\\\/?s={search_term_string}\"},\"query-input\":{\"@type\":\"PropertyValueSpecification\",\"valueRequired\":true,\"valueName\":\"search_term_string\"}}],\"inLanguage\":\"ro-RO\"},{\"@type\":\"Organization\",\"@id\":\"https:\\\/\\\/xstyle.md\\\/#organization\",\"name\":\"\u041c\u0430\u0433\u0430\u0437\u0438\u043d Xstyle\",\"alternateName\":\"x-style\",\"url\":\"https:\\\/\\\/xstyle.md\\\/\",\"logo\":{\"@type\":\"ImageObject\",\"inLanguage\":\"ro-RO\",\"@id\":\"https:\\\/\\\/xstyle.md\\\/#\\\/schema\\\/logo\\\/image\\\/\",\"url\":\"https:\\\/\\\/xstyle.md\\\/wp-content\\\/uploads\\\/2020\\\/06\\\/logoicon.svg\",\"contentUrl\":\"https:\\\/\\\/xstyle.md\\\/wp-content\\\/uploads\\\/2020\\\/06\\\/logoicon.svg\",\"caption\":\"\u041c\u0430\u0433\u0430\u0437\u0438\u043d Xstyle\"},\"image\":{\"@id\":\"https:\\\/\\\/xstyle.md\\\/#\\\/schema\\\/logo\\\/image\\\/\"},\"sameAs\":[\"https:\\\/\\\/www.facebook.com\\\/xstylemd\",\"https:\\\/\\\/www.instagram.com\\\/xstyle_md\\\/\",\"https:\\\/\\\/t.me\\\/xstyle_outdoor\"],\"hasMerchantReturnPolicy\":{\"@type\":\"MerchantReturnPolicy\",\"merchantReturnLink\":\"https:\\\/\\\/xstyle.md\\\/ro\\\/conditions\\\/\"}}]}<\/script>\n<meta property=\"product:price:amount\" content=\"16590.00\" \/>\n<meta property=\"product:price:currency\" content=\"MDL\" \/>\n<meta property=\"og:availability\" content=\"instock\" \/>\n<meta property=\"product:availability\" content=\"instock\" \/>\n<meta property=\"product:retailer_item_id\" content=\"197074565921\" \/>\n<meta property=\"product:condition\" content=\"new\" \/>\n<!-- \/ Yoast SEO plugin. -->","yoast_head_json":{"title":"\u0411\u0430\u0433\u0430\u0436\u043d\u0438\u043a \u043d\u0430 \u043a\u0440\u044b\u0448\u0443 Thule Motion 3 L titan glossy - \u041c\u0430\u0433\u0430\u0437\u0438\u043d Xstyle","description":"Cutie Thule Motion 3 L titan glossy: elegant\u0103, spa\u021bioas\u0103 \u0219i u\u0219or de instalat. Ideal\u0103 pentru c\u0103l\u0103torii. Proteja\u021bi-v\u0103 \u00eenc\u0103rc\u0103tura cu Thule!","robots":{"index":"index","follow":"follow","max-snippet":"max-snippet:-1","max-image-preview":"max-image-preview:large","max-video-preview":"max-video-preview:-1"},"canonical":"https:\/\/xstyle.md\/ro\/produs\/boks-thule-motion-3-l-titan-glossy\/","og_locale":"ro_RO","og_type":"article","og_title":"\u0411\u0430\u0433\u0430\u0436\u043d\u0438\u043a \u043d\u0430 \u043a\u0440\u044b\u0448\u0443 Thule Motion 3 L titan glossy - \u041c\u0430\u0433\u0430\u0437\u0438\u043d Xstyle","og_description":"\u0411\u043e\u043a\u0441 Thule Motion 3 L titan glossy: \u0441\u0442\u0438\u043b\u044c\u043d\u044b\u0439, \u0432\u043c\u0435\u0441\u0442\u0438\u0442\u0435\u043b\u044c\u043d\u044b\u0439 \u0438 \u043b\u0435\u0433\u043a\u043e \u0443\u0441\u0442\u0430\u043d\u0430\u0432\u043b\u0438\u0432\u0430\u0435\u043c\u044b\u0439. \u0418\u0434\u0435\u0430\u043b\u0435\u043d \u0434\u043b\u044f \u043f\u0443\u0442\u0435\u0448\u0435\u0441\u0442\u0432\u0438\u0439. \u0417\u0430\u0449\u0438\u0442\u0438\u0442\u0435 \u0432\u0430\u0448 \u0433\u0440\u0443\u0437 \u0441 Thule!","og_url":"https:\/\/xstyle.md\/ro\/produs\/boks-thule-motion-3-l-titan-glossy\/","og_site_name":"\u041c\u0430\u0433\u0430\u0437\u0438\u043d Xstyle","article_publisher":"https:\/\/www.facebook.com\/xstylemd","article_modified_time":"2026-03-04T09:13:38+00:00","og_image":[{"width":500,"height":500,"url":"https:\/\/xstyle.md\/wp-content\/uploads\/2024\/05\/thule-motion-3-l-titan-glossy.jpg","type":"image\/jpeg"}],"twitter_card":"summary_large_image","twitter_misc":{"Pre\u021b":"16.590&nbsp;MDL","Disponibilitate":"\u00cen stoc"},"schema":{"@context":"https:\/\/schema.org","@graph":[{"@type":"WebPage","@id":"https:\/\/xstyle.md\/product\/boks-thule-motion-3-l-titan-glossy\/","url":"https:\/\/xstyle.md\/product\/boks-thule-motion-3-l-titan-glossy\/","name":"\u0411\u0430\u0433\u0430\u0436\u043d\u0438\u043a \u043d\u0430 \u043a\u0440\u044b\u0448\u0443 Thule Motion 3 L titan glossy - \u041c\u0430\u0433\u0430\u0437\u0438\u043d Xstyle","isPartOf":{"@id":"https:\/\/xstyle.md\/#website"},"primaryImageOfPage":{"@id":"https:\/\/xstyle.md\/product\/boks-thule-motion-3-l-titan-glossy\/#primaryimage"},"image":{"@id":"https:\/\/xstyle.md\/product\/boks-thule-motion-3-l-titan-glossy\/#primaryimage"},"thumbnailUrl":"https:\/\/xstyle.md\/wp-content\/uploads\/2024\/05\/thule-motion-3-l-titan-glossy.jpg","datePublished":"2024-05-24T07:59:58+00:00","dateModified":"2026-03-04T09:13:38+00:00","description":"Cutie Thule Motion 3 L titan glossy: elegant\u0103, spa\u021bioas\u0103 \u0219i u\u0219or de instalat. Ideal\u0103 pentru c\u0103l\u0103torii. Proteja\u021bi-v\u0103 \u00eenc\u0103rc\u0103tura cu Thule!","breadcrumb":{"@id":"https:\/\/xstyle.md\/product\/boks-thule-motion-3-l-titan-glossy\/#breadcrumb"},"inLanguage":"ro-RO","potentialAction":[{"@type":"ReadAction","target":["https:\/\/xstyle.md\/product\/boks-thule-motion-3-l-titan-glossy\/"]}]},{"@type":"ImageObject","inLanguage":"ro-RO","@id":"https:\/\/xstyle.md\/product\/boks-thule-motion-3-l-titan-glossy\/#primaryimage","url":"https:\/\/xstyle.md\/wp-content\/uploads\/2024\/05\/thule-motion-3-l-titan-glossy.jpg","contentUrl":"https:\/\/xstyle.md\/wp-content\/uploads\/2024\/05\/thule-motion-3-l-titan-glossy.jpg","width":500,"height":500,"caption":"\u0411\u0430\u0433\u0430\u0436\u043d\u0438\u043a \u043d\u0430 \u043a\u0440\u044b\u0448\u0443 Thule Motion 3 L titan glossy \u0434\u043b\u044f \u0430\u043a\u0442\u0438\u0432\u043d\u043e\u0439 \u0436\u0438\u0437\u043d\u0438, \u043f\u043e\u0445\u043e\u0434\u043e\u0432 \u0438 \u043f\u0443\u0442\u0435\u0448\u0435\u0441\u0442\u0432\u0438\u0439, \u044d\u043a\u0438\u043f\u0438\u0440\u043e\u0432\u043a\u0430 \u0434\u043b\u044f \u044d\u043a\u0441\u0442\u0440\u0435\u043c\u0430\u043b\u044c\u043d\u044b\u0445 \u0432\u0438\u0434\u043e\u0432 \u0441\u043f\u043e\u0440\u0442\u0430, \u043e\u0431\u0443\u0432\u044c \u0438 \u043e\u0434\u0435\u0436\u0434\u0430 \u0434\u043b\u044f \u0430\u043a\u0442\u0438\u0432\u043d\u043e\u0433\u043e \u043e\u0442\u0434\u044b\u0445\u0430"},{"@type":"BreadcrumbList","@id":"https:\/\/xstyle.md\/product\/boks-thule-motion-3-l-titan-glossy\/#breadcrumb","itemListElement":[{"@type":"ListItem","position":1,"name":"\u0413\u043b\u0430\u0432\u043d\u0430\u044f \u0441\u0442\u0440\u0430\u043d\u0438\u0446\u0430","item":"https:\/\/xstyle.md\/"},{"@type":"ListItem","position":2,"name":"\u041c\u0430\u0433\u0430\u0437\u0438\u043d","item":"https:\/\/xstyle.md\/shop\/"},{"@type":"ListItem","position":3,"name":"\u0411\u0430\u0433\u0430\u0436\u043d\u0438\u043a \u043d\u0430 \u043a\u0440\u044b\u0448\u0443 Thule Motion 3 L titan glossy"}]},{"@type":"WebSite","@id":"https:\/\/xstyle.md\/#website","url":"https:\/\/xstyle.md\/","name":"Magazinul X-Style","description":"Echipamente pentru turism \u0219i sporturi extreme \u00een Moldova. Pre\u021buri, fotografii, caracteristici \u00een Moldova.","publisher":{"@id":"https:\/\/xstyle.md\/#organization"},"alternateName":"X-Style","potentialAction":[{"@type":"SearchAction","target":{"@type":"EntryPoint","urlTemplate":"https:\/\/xstyle.md\/?s={search_term_string}"},"query-input":{"@type":"PropertyValueSpecification","valueRequired":true,"valueName":"search_term_string"}}],"inLanguage":"ro-RO"},{"@type":"Organization","@id":"https:\/\/xstyle.md\/#organization","name":"Magazinul X-Style","alternateName":"x-style","url":"https:\/\/xstyle.md\/","logo":{"@type":"ImageObject","inLanguage":"ro-RO","@id":"https:\/\/xstyle.md\/#\/schema\/logo\/image\/","url":"https:\/\/xstyle.md\/wp-content\/uploads\/2020\/06\/logoicon.svg","contentUrl":"https:\/\/xstyle.md\/wp-content\/uploads\/2020\/06\/logoicon.svg","caption":"\u041c\u0430\u0433\u0430\u0437\u0438\u043d Xstyle"},"image":{"@id":"https:\/\/xstyle.md\/#\/schema\/logo\/image\/"},"sameAs":["https:\/\/www.facebook.com\/xstylemd","https:\/\/www.instagram.com\/xstyle_md\/","https:\/\/t.me\/xstyle_outdoor"],"hasMerchantReturnPolicy":{"@type":"MerchantReturnPolicy","merchantReturnLink":"https:\/\/xstyle.md\/ro\/conditions\/"}}]},"product_price_amount":"16590.00","product_price_currency":"MDL","og_availability":"instock","product_availability":"instock","product_retailer_item_id":"197074565921","product_condition":"new"},"_links":{"self":[{"href":"https:\/\/xstyle.md\/ro\/wp-json\/wp\/v2\/product\/83751","targetHints":{"allow":["GET"]}}],"collection":[{"href":"https:\/\/xstyle.md\/ro\/wp-json\/wp\/v2\/product"}],"about":[{"href":"https:\/\/xstyle.md\/ro\/wp-json\/wp\/v2\/types\/product"}],"replies":[{"embeddable":true,"href":"https:\/\/xstyle.md\/ro\/wp-json\/wp\/v2\/comments?post=83751"}],"wp:featuredmedia":[{"embeddable":true,"href":"https:\/\/xstyle.md\/ro\/wp-json\/wp\/v2\/media\/83852"}],"wp:attachment":[{"href":"https:\/\/xstyle.md\/ro\/wp-json\/wp\/v2\/media?parent=83751"}],"wp:term":[{"taxonomy":"product_brand","embeddable":true,"href":"https:\/\/xstyle.md\/ro\/wp-json\/wp\/v2\/product_brand?post=83751"},{"taxonomy":"product_cat","embeddable":true,"href":"https:\/\/xstyle.md\/ro\/wp-json\/wp\/v2\/product_cat?post=83751"},{"taxonomy":"product_tag","embeddable":true,"href":"https:\/\/xstyle.md\/ro\/wp-json\/wp\/v2\/product_tag?post=83751"}],"curies":[{"name":"wp","href":"https:\/\/api.w.org\/{rel}","templated":true}]}}