{"id":83732,"date":"2024-05-24T10:59:53","date_gmt":"2024-05-24T07:59:53","guid":{"rendered":"https:\/\/xstyle.md\/?post_type=product&#038;p=83732"},"modified":"2026-03-19T17:21:17","modified_gmt":"2026-03-19T14:21:17","slug":"legginsy-ternua-konna-tgt-wmn-wnales-grey-tanager-turquoise","status":"publish","type":"product","link":"https:\/\/xstyle.md\/ro\/produs\/legginsy-ternua-konna-tgt-wmn-wnales-grey-tanager-turquoise\/","title":{"rendered":"Pantaloni Ternua Konna TGT Wmn wnales grey\/tanager turquoise"},"content":{"rendered":"<p><strong>Ternua Konna TGT<\/strong> &#8212; \u0436\u0435\u043d\u0441\u043a\u0438\u0435 \u0442\u0435\u0445\u043d\u043e\u043b\u043e\u0433\u0438\u0447\u043d\u044b\u0435 \u043b\u0435\u0433\u0433\u0438\u043d\u0441\u044b, \u0432 \u043a\u043e\u0442\u043e\u0440\u044b\u0445 \u0432\u044b \u043f\u043e\u0447\u0443\u0432\u0441\u0442\u0432\u0443\u0435\u0442\u0435 \u0441\u0435\u0431\u044f \u043a\u043e\u043c\u0444\u043e\u0440\u0442\u043d\u043e \u0432\u043e \u0432\u0441\u0435\u0445 \u0441\u0432\u043e\u0438\u0445 \u0430\u043a\u0442\u0438\u0432\u043d\u043e\u0441\u0442\u044f\u0445 \u043d\u0430 \u043f\u0440\u0438\u0440\u043e\u0434\u0435. \u042d\u0440\u0433\u043e\u043d\u043e\u043c\u0438\u0447\u043d\u0430\u044f \u043f\u043e\u0441\u0430\u0434\u043a\u0430, \u0438\u0437\u043d\u043e\u0441\u043e\u0441\u0442\u043e\u0439\u043a\u0430\u044f, \u0434\u044b\u0448\u0430\u0449\u0430\u044f \u0438 \u043e\u0447\u0435\u043d\u044c \u043f\u0440\u0438\u044f\u0442\u043d\u0430\u044f \u043d\u0430 \u043e\u0449\u0443\u043f\u044c \u0442\u043a\u0430\u043d\u044c Shellstretch \u043f\u043e\u043c\u043e\u0433\u0443\u0442 \u0432 \u044d\u0442\u043e\u043c. \u0412 \u0441\u043e\u043e\u0442\u0432\u0435\u0442\u0441\u0442\u0432\u0438\u0438 \u0441 \u0446\u0435\u043d\u043d\u043e\u0441\u0442\u044f\u043c\u0438 \u043a\u043e\u043c\u043f\u0430\u043d\u0438\u0438 Ternua \u0432\u0441\u044f \u043e\u0434\u0435\u0436\u0434\u0430 \u043f\u0435\u0440\u0435\u0440\u0430\u0431\u0430\u0442\u044b\u0432\u0430\u0435\u0442\u0441\u044f, \u043f\u043e\u0441\u043a\u043e\u043b\u044c\u043a\u0443 \u043f\u0440\u043e\u0438\u0437\u0432\u043e\u0434\u0438\u0442\u0441\u044f \u0438\u0437 \u043f\u043b\u0430\u0441\u0442\u0438\u043a\u0430 \u0431\u044b\u0432\u0448\u0435\u0433\u043e \u0432 \u0443\u043f\u043e\u0442\u0440\u0435\u0431\u043b\u0435\u043d\u0438\u0438 \u0440\u0430\u043d\u0435\u0435.<\/p>\n<h3>Particularit\u0103\u021bi<\/h3>\n<ul>\n<li>\u0422\u0435\u0445\u043d\u043e\u043b\u043e\u0433\u0438\u044f \u0442\u043a\u0430\u043d\u0438 Shellstretch \u0443\u0432\u0435\u043b\u0438\u0447\u0438\u0432\u0430\u0435\u0442 \u043f\u0440\u043e\u0447\u043d\u043e\u0441\u0442\u044c \u0438 \u043e\u0442\u0432\u043e\u0434\u0438\u0442 \u0432\u043b\u0430\u0433\u0443.<\/li>\n<li>\u0412\u043e\u0434\u043e\u043e\u0442\u0442\u0430\u043b\u043a\u0438\u0432\u0430\u044e\u0449\u0430\u044f DWR \u043e\u0431\u0440\u0430\u0431\u043e\u0442\u043a\u0430 \u0431\u0435\u0437 \u041f\u0424\u0423.<\/li>\n<li>\u0420\u0435\u0433\u0443\u043b\u0438\u0440\u0443\u0435\u043c\u044b\u0439 \u044d\u0440\u0433\u043e\u043d\u043e\u043c\u0438\u0447\u043d\u044b\u0439 \u043f\u043e\u044f\u0441.<\/li>\n<li>\u041f\u043b\u043e\u0441\u043a\u0438\u0435 \u0448\u0432\u044b, \u043f\u0440\u0435\u0434\u043e\u0442\u0432\u0440\u0430\u0449\u0430\u044e\u0449\u0438\u0435 \u043d\u0430\u0442\u0438\u0440\u0430\u043d\u0438\u0435.<\/li>\n<li>\u0421\u0435\u0440\u0442\u0438\u0444\u0438\u043a\u0430\u0446\u0438\u044f BLUESIGN\u00ae \u043f\u043e\u0434\u0442\u0432\u0435\u0440\u0436\u0434\u0430\u0435\u0442 \u044d\u043a\u043e\u043b\u043e\u0433\u0438\u0447\u0435\u0441\u043a\u0438 \u0447\u0438\u0441\u0442\u043e\u0435 \u043f\u0440\u043e\u0438\u0437\u0432\u043e\u0434\u0441\u0442\u0432\u043e.<\/li>\n<\/ul>\n<h3>Caracteristici<\/h3>\n<ul>\n<li>\u041c\u0430\u0442\u0435\u0440\u0438\u0430\u043b \u2013 80% \u043f\u043e\u043b\u0438\u0430\u043c\u0438\u0434, 20% \u044d\u043b\u0430\u0441\u0442\u0430\u043d<\/li>\n<li>Aplicare - sport activ\/utilizare zilnic\u0103;<\/li>\n<li>\u0421\u0435\u0437\u043e\u043d \u2013 \u0432\u0435\u0441\u043d\u0430\/\u043e\u0441\u0435\u043d\u044c\/\u043b\u0435\u0442\u043e<\/li>\n<li>Model - pentru femei.<\/li>\n<\/ul>\n<h3>Marca<\/h3>\n<p>Ternua \u2014 un brand spaniol specializat \u00een produc\u021bia de \u00eembr\u0103c\u0103minte tehnice, func\u021bionale \u0219i inovatoare capabile s\u0103 se adapteze la cele mai nefavorabile condi\u021bii meteorologice. Spiritul antreprenorial \u0219i aventuros al v\u00e2n\u0103torilor de balene basci din secolul al XV-lea a inspirat crearea m\u0103rcii outdoor Ternua \u00een 1995. \u00cen limba basc\u0103, \u201eTernua\u201d \u00eenseamn\u0103 balen\u0103, motiv pentru care compania poart\u0103 un astfel de nume, iar logo-ul acesteia \u00eempodobe\u0219te coada balenei. Principiile esen\u021biale ale Ternua sunt pasiunea pentru munte, respectul pentru mediul \u00eenconjur\u0103tor \u0219i respectul pentru r\u0103d\u0103cinile \u0219i originile cuiva. Produc\u0103torul acord\u0103 o aten\u021bie deosebit\u0103 alegerii materialelor, prefer\u0103 culorile bogate, hainele sunt versatile \u0219i se potrivesc bine. \u0218i, de asemenea, brandul trateaz\u0103 natura cu o grij\u0103 deosebit\u0103, sus\u021bin\u00e2nd sustenabilitatea \u0219i produc\u00e2nd haine din materiale reciclate.<\/p>","protected":false},"excerpt":{"rendered":"<p>Ternua Konna TGT &#8212; \u0436\u0435\u043d\u0441\u043a\u0438\u0435 \u0442\u0435\u0445\u043d\u043e\u043b\u043e\u0433\u0438\u0447\u043d\u044b\u0435 \u043b\u0435\u0433\u0433\u0438\u043d\u0441\u044b, \u0432 \u043a\u043e\u0442\u043e\u0440\u044b\u0445 \u0432\u044b \u043f\u043e\u0447\u0443\u0432\u0441\u0442\u0432\u0443\u0435\u0442\u0435 \u0441\u0435\u0431\u044f \u043a\u043e\u043c\u0444\u043e\u0440\u0442\u043d\u043e \u0432\u043e \u0432\u0441\u0435\u0445 \u0441\u0432\u043e\u0438\u0445 \u0430\u043a\u0442\u0438\u0432\u043d\u043e\u0441\u0442\u044f\u0445 \u043d\u0430 \u043f\u0440\u0438\u0440\u043e\u0434\u0435. \u042d\u0440\u0433\u043e\u043d\u043e\u043c\u0438\u0447\u043d\u0430\u044f \u043f\u043e\u0441\u0430\u0434\u043a\u0430, \u0438\u0437\u043d\u043e\u0441\u043e\u0441\u0442\u043e\u0439\u043a\u0430\u044f, \u0434\u044b\u0448\u0430\u0449\u0430\u044f \u0438 \u043e\u0447\u0435\u043d\u044c \u043f\u0440\u0438\u044f\u0442\u043d\u0430\u044f \u043d\u0430 \u043e\u0449\u0443\u043f\u044c \u0442\u043a\u0430\u043d\u044c Shellstretch \u043f\u043e\u043c\u043e\u0433\u0443\u0442 \u0432 \u044d\u0442\u043e\u043c. \u0412 \u0441\u043e\u043e\u0442\u0432\u0435\u0442\u0441\u0442\u0432\u0438\u0438 \u0441 \u0446\u0435\u043d\u043d\u043e\u0441\u0442\u044f\u043c\u0438 \u043a\u043e\u043c\u043f\u0430\u043d\u0438\u0438 Ternua \u0432\u0441\u044f \u043e\u0434\u0435\u0436\u0434\u0430 \u043f\u0435\u0440\u0435\u0440\u0430\u0431\u0430\u0442\u044b\u0432\u0430\u0435\u0442\u0441\u044f, \u043f\u043e\u0441\u043a\u043e\u043b\u044c\u043a\u0443 \u043f\u0440\u043e\u0438\u0437\u0432\u043e\u0434\u0438\u0442\u0441\u044f \u0438\u0437 \u043f\u043b\u0430\u0441\u0442\u0438\u043a\u0430 \u0431\u044b\u0432\u0448\u0435\u0433\u043e \u0432 \u0443\u043f\u043e\u0442\u0440\u0435\u0431\u043b\u0435\u043d\u0438\u0438 \u0440\u0430\u043d\u0435\u0435. \u041e\u0441\u043e\u0431\u0435\u043d\u043d\u043e\u0441\u0442\u0438 \u0422\u0435\u0445\u043d\u043e\u043b\u043e\u0433\u0438\u044f \u0442\u043a\u0430\u043d\u0438 Shellstretch \u0443\u0432\u0435\u043b\u0438\u0447\u0438\u0432\u0430\u0435\u0442 [&hellip;]<\/p>\n","protected":false},"featured_media":84458,"comment_status":"open","ping_status":"closed","template":"","meta":{"_acf_changed":false,"inline_featured_image":false},"product_brand":[1426],"product_cat":[442],"product_tag":[],"class_list":{"0":"post-83732","1":"product","2":"type-product","3":"status-publish","4":"has-post-thumbnail","6":"product_brand-ternua","7":"product_cat-pantaloni-de-trekking-femei","9":"first","10":"instock","11":"shipping-taxable","12":"purchasable","13":"product-type-simple"},"acf":[],"yoast_head":"<!-- This site is optimized with the Yoast SEO plugin v27.4 - https:\/\/yoast.com\/product\/yoast-seo-wordpress\/ -->\n<title>\u041b\u0435\u0433\u0433\u0438\u043d\u0441\u044b Ternua Konna TGT Wmn wnales grey\/tanager turquoise - \u041c\u0430\u0433\u0430\u0437\u0438\u043d Xstyle<\/title>\n<meta name=\"description\" content=\"\u041b\u0435\u0433\u0433\u0438\u043d\u0441\u044b Ternua Konna TGT \u0438\u0434\u0435\u0430\u043b\u044c\u043d\u043e \u043f\u043e\u0434\u0445\u043e\u0434\u044f\u0442 \u0434\u043b\u044f \u0430\u043a\u0442\u0438\u0432\u043d\u043e\u0433\u043e \u043e\u0442\u0434\u044b\u0445\u0430. \u0418\u0437\u0433\u043e\u0442\u043e\u0432\u043b\u0435\u043d\u044b \u0438\u0437 \u043c\u0430\u0442\u0435\u0440\u0438\u0430\u043b\u0430 Shellstretch \u0441 \u0437\u0430\u0449\u0438\u0442\u043e\u0439 DWR. \u0421\u0442\u0438\u043b\u044c \u0438 \u043a\u043e\u043c\u0444\u043e\u0440\u0442 \u0432 \u043a\u0430\u0436\u0434\u043e\u043c \u0448\u0430\u0433\u0435!\" \/>\n<meta name=\"robots\" content=\"index, follow, max-snippet:-1, max-image-preview:large, max-video-preview:-1\" \/>\n<link rel=\"canonical\" href=\"https:\/\/xstyle.md\/ro\/produs\/legginsy-ternua-konna-tgt-wmn-wnales-grey-tanager-turquoise\/\" \/>\n<meta property=\"og:locale\" content=\"ro_RO\" \/>\n<meta property=\"og:type\" content=\"article\" \/>\n<meta property=\"og:title\" content=\"\u041b\u0435\u0433\u0433\u0438\u043d\u0441\u044b Ternua Konna TGT Wmn wnales grey\/tanager turquoise - \u041c\u0430\u0433\u0430\u0437\u0438\u043d Xstyle\" \/>\n<meta property=\"og:description\" content=\"\u041b\u0435\u0433\u0433\u0438\u043d\u0441\u044b Ternua Konna TGT \u0438\u0434\u0435\u0430\u043b\u044c\u043d\u043e \u043f\u043e\u0434\u0445\u043e\u0434\u044f\u0442 \u0434\u043b\u044f \u0430\u043a\u0442\u0438\u0432\u043d\u043e\u0433\u043e \u043e\u0442\u0434\u044b\u0445\u0430. \u0418\u0437\u0433\u043e\u0442\u043e\u0432\u043b\u0435\u043d\u044b \u0438\u0437 \u043c\u0430\u0442\u0435\u0440\u0438\u0430\u043b\u0430 Shellstretch \u0441 \u0437\u0430\u0449\u0438\u0442\u043e\u0439 DWR. \u0421\u0442\u0438\u043b\u044c \u0438 \u043a\u043e\u043c\u0444\u043e\u0440\u0442 \u0432 \u043a\u0430\u0436\u0434\u043e\u043c \u0448\u0430\u0433\u0435!\" \/>\n<meta property=\"og:url\" content=\"https:\/\/xstyle.md\/ro\/produs\/legginsy-ternua-konna-tgt-wmn-wnales-grey-tanager-turquoise\/\" \/>\n<meta property=\"og:site_name\" content=\"\u041c\u0430\u0433\u0430\u0437\u0438\u043d Xstyle\" \/>\n<meta property=\"article:publisher\" content=\"https:\/\/www.facebook.com\/xstylemd\" \/>\n<meta property=\"article:modified_time\" content=\"2026-03-19T14:21:17+00:00\" \/>\n<meta property=\"og:image\" content=\"https:\/\/xstyle.md\/wp-content\/uploads\/2024\/05\/ternua-konna-tgt-wmn-wnales-grey-tanager-turquoise.jpg\" \/>\n\t<meta property=\"og:image:width\" content=\"1313\" \/>\n\t<meta property=\"og:image:height\" content=\"1500\" \/>\n\t<meta property=\"og:image:type\" content=\"image\/jpeg\" \/>\n<meta name=\"twitter:card\" content=\"summary_large_image\" \/>\n<meta name=\"twitter:label1\" content=\"Pre\u021b\" \/>\n\t<meta name=\"twitter:data1\" content=\"1.380&nbsp;MDL\" \/>\n\t<meta name=\"twitter:label2\" content=\"Disponibilitate\" \/>\n\t<meta name=\"twitter:data2\" content=\"\u00cen stoc\" \/>\n<script type=\"application\/ld+json\" class=\"yoast-schema-graph\">{\"@context\":\"https:\\\/\\\/schema.org\",\"@graph\":[{\"@type\":\"WebPage\",\"@id\":\"https:\\\/\\\/xstyle.md\\\/product\\\/legginsy-ternua-konna-tgt-wmn-wnales-grey-tanager-turquoise\\\/\",\"url\":\"https:\\\/\\\/xstyle.md\\\/product\\\/legginsy-ternua-konna-tgt-wmn-wnales-grey-tanager-turquoise\\\/\",\"name\":\"\u041b\u0435\u0433\u0433\u0438\u043d\u0441\u044b Ternua Konna TGT Wmn wnales grey\\\/tanager turquoise - \u041c\u0430\u0433\u0430\u0437\u0438\u043d Xstyle\",\"isPartOf\":{\"@id\":\"https:\\\/\\\/xstyle.md\\\/#website\"},\"primaryImageOfPage\":{\"@id\":\"https:\\\/\\\/xstyle.md\\\/product\\\/legginsy-ternua-konna-tgt-wmn-wnales-grey-tanager-turquoise\\\/#primaryimage\"},\"image\":{\"@id\":\"https:\\\/\\\/xstyle.md\\\/product\\\/legginsy-ternua-konna-tgt-wmn-wnales-grey-tanager-turquoise\\\/#primaryimage\"},\"thumbnailUrl\":\"https:\\\/\\\/xstyle.md\\\/wp-content\\\/uploads\\\/2024\\\/05\\\/ternua-konna-tgt-wmn-wnales-grey-tanager-turquoise.jpg\",\"datePublished\":\"2024-05-24T07:59:53+00:00\",\"dateModified\":\"2026-03-19T14:21:17+00:00\",\"description\":\"\u041b\u0435\u0433\u0433\u0438\u043d\u0441\u044b Ternua Konna TGT \u0438\u0434\u0435\u0430\u043b\u044c\u043d\u043e \u043f\u043e\u0434\u0445\u043e\u0434\u044f\u0442 \u0434\u043b\u044f \u0430\u043a\u0442\u0438\u0432\u043d\u043e\u0433\u043e \u043e\u0442\u0434\u044b\u0445\u0430. \u0418\u0437\u0433\u043e\u0442\u043e\u0432\u043b\u0435\u043d\u044b \u0438\u0437 \u043c\u0430\u0442\u0435\u0440\u0438\u0430\u043b\u0430 Shellstretch \u0441 \u0437\u0430\u0449\u0438\u0442\u043e\u0439 DWR. \u0421\u0442\u0438\u043b\u044c \u0438 \u043a\u043e\u043c\u0444\u043e\u0440\u0442 \u0432 \u043a\u0430\u0436\u0434\u043e\u043c \u0448\u0430\u0433\u0435!\",\"breadcrumb\":{\"@id\":\"https:\\\/\\\/xstyle.md\\\/product\\\/legginsy-ternua-konna-tgt-wmn-wnales-grey-tanager-turquoise\\\/#breadcrumb\"},\"inLanguage\":\"ro-RO\",\"potentialAction\":[{\"@type\":\"ReadAction\",\"target\":[\"https:\\\/\\\/xstyle.md\\\/product\\\/legginsy-ternua-konna-tgt-wmn-wnales-grey-tanager-turquoise\\\/\"]}]},{\"@type\":\"ImageObject\",\"inLanguage\":\"ro-RO\",\"@id\":\"https:\\\/\\\/xstyle.md\\\/product\\\/legginsy-ternua-konna-tgt-wmn-wnales-grey-tanager-turquoise\\\/#primaryimage\",\"url\":\"https:\\\/\\\/xstyle.md\\\/wp-content\\\/uploads\\\/2024\\\/05\\\/ternua-konna-tgt-wmn-wnales-grey-tanager-turquoise.jpg\",\"contentUrl\":\"https:\\\/\\\/xstyle.md\\\/wp-content\\\/uploads\\\/2024\\\/05\\\/ternua-konna-tgt-wmn-wnales-grey-tanager-turquoise.jpg\",\"width\":1313,\"height\":1500,\"caption\":\"\u041b\u0435\u0433\u0433\u0438\u043d\u0441\u044b Ternua Konna TGT \u0434\u043b\u044f \u0430\u043a\u0442\u0438\u0432\u043d\u043e\u0433\u043e \u043e\u0442\u0434\u044b\u0445\u0430, \u0441\u043f\u043e\u0440\u0442\u0448\u0438\u043a, \u043f\u043e\u0445\u043e\u0434\u043e\u0432, \u043f\u0443\u0442\u0435\u0448\u0435\u0441\u0442\u0432\u0438\u0439, \u0441\u043f\u043e\u0440\u0442\u0438\u0432\u043d\u043e\u0439 \u043e\u0434\u0435\u0436\u0434\u044b \u0434\u043b\u044f \u0430\u043a\u0442\u0438\u0432\u043d\u044b\u0445 \u0436\u0435\u043d\u0449\u0438\u043d \u0432 \u0441\u0435\u0440\u043e\u043c \u0438 \u0431\u0438\u0440\u044e\u0437\u043e\u0432\u043e\u043c \u0446\u0432\u0435\u0442\u0435 \u043d\u0430 \u0441\u0430\u0439\u0442\u0435 \u0438\u043d\u0442\u0435\u0440\u043d\u0435\u0442-\u043c\u0430\u0433\u0430\u0437\u0438\u043d\u0430 \u0430\u043a\u0442\u0438\u0432\u043d\u043e\u0439 \u0436\u0438\u0437\u043d\u0438\"},{\"@type\":\"BreadcrumbList\",\"@id\":\"https:\\\/\\\/xstyle.md\\\/product\\\/legginsy-ternua-konna-tgt-wmn-wnales-grey-tanager-turquoise\\\/#breadcrumb\",\"itemListElement\":[{\"@type\":\"ListItem\",\"position\":1,\"name\":\"\u0413\u043b\u0430\u0432\u043d\u0430\u044f \u0441\u0442\u0440\u0430\u043d\u0438\u0446\u0430\",\"item\":\"https:\\\/\\\/xstyle.md\\\/\"},{\"@type\":\"ListItem\",\"position\":2,\"name\":\"\u041c\u0430\u0433\u0430\u0437\u0438\u043d\",\"item\":\"https:\\\/\\\/xstyle.md\\\/shop\\\/\"},{\"@type\":\"ListItem\",\"position\":3,\"name\":\"\u041b\u0435\u0433\u0433\u0438\u043d\u0441\u044b Ternua Konna TGT Wmn wnales grey\\\/tanager turquoise\"}]},{\"@type\":\"WebSite\",\"@id\":\"https:\\\/\\\/xstyle.md\\\/#website\",\"url\":\"https:\\\/\\\/xstyle.md\\\/\",\"name\":\"\u041c\u0430\u0433\u0430\u0437\u0438\u043d Xstyle\",\"description\":\"C\u043d\u0430\u0440\u044f\u0436\u0435\u043d\u0438\u0435 \u0434\u043b\u044f \u0442\u0443\u0440\u0438\u0437\u043c\u0430 \u0438 \u044d\u043a\u0441\u0442\u0440\u0435\u043c\u0430\u043b\u044c\u043d\u044b\u0445 \u0432\u0438\u0434\u043e\u0432 \u0441\u043f\u043e\u0440\u0442\u0430 \u0432 \u041c\u043e\u043b\u0434\u043e\u0432\u0435.. \u0426\u0435\u043d\u044b, \u0444\u043e\u0442\u043e, \u0445\u0430\u0440\u0430\u043a\u0442\u0435\u0440\u0438\u0441\u0442\u0438\u043a\u0438 \u0432 \u041c\u043e\u043b\u0434\u043e\u0432\u0435.\",\"publisher\":{\"@id\":\"https:\\\/\\\/xstyle.md\\\/#organization\"},\"alternateName\":\"X-Style\",\"potentialAction\":[{\"@type\":\"SearchAction\",\"target\":{\"@type\":\"EntryPoint\",\"urlTemplate\":\"https:\\\/\\\/xstyle.md\\\/?s={search_term_string}\"},\"query-input\":{\"@type\":\"PropertyValueSpecification\",\"valueRequired\":true,\"valueName\":\"search_term_string\"}}],\"inLanguage\":\"ro-RO\"},{\"@type\":\"Organization\",\"@id\":\"https:\\\/\\\/xstyle.md\\\/#organization\",\"name\":\"\u041c\u0430\u0433\u0430\u0437\u0438\u043d Xstyle\",\"alternateName\":\"x-style\",\"url\":\"https:\\\/\\\/xstyle.md\\\/\",\"logo\":{\"@type\":\"ImageObject\",\"inLanguage\":\"ro-RO\",\"@id\":\"https:\\\/\\\/xstyle.md\\\/#\\\/schema\\\/logo\\\/image\\\/\",\"url\":\"https:\\\/\\\/xstyle.md\\\/wp-content\\\/uploads\\\/2020\\\/06\\\/logoicon.svg\",\"contentUrl\":\"https:\\\/\\\/xstyle.md\\\/wp-content\\\/uploads\\\/2020\\\/06\\\/logoicon.svg\",\"caption\":\"\u041c\u0430\u0433\u0430\u0437\u0438\u043d Xstyle\"},\"image\":{\"@id\":\"https:\\\/\\\/xstyle.md\\\/#\\\/schema\\\/logo\\\/image\\\/\"},\"sameAs\":[\"https:\\\/\\\/www.facebook.com\\\/xstylemd\",\"https:\\\/\\\/www.instagram.com\\\/xstyle_md\\\/\",\"https:\\\/\\\/t.me\\\/xstyle_outdoor\"],\"hasMerchantReturnPolicy\":{\"@type\":\"MerchantReturnPolicy\",\"merchantReturnLink\":\"https:\\\/\\\/xstyle.md\\\/ro\\\/conditions\\\/\"}}]}<\/script>\n<meta property=\"product:price:amount\" content=\"1380.00\" \/>\n<meta property=\"product:price:currency\" content=\"MDL\" \/>\n<meta property=\"og:availability\" content=\"instock\" \/>\n<meta property=\"product:availability\" content=\"instock\" \/>\n<meta property=\"product:retailer_item_id\" content=\"8445042220085\" \/>\n<meta property=\"product:condition\" content=\"new\" \/>\n<!-- \/ Yoast SEO plugin. -->","yoast_head_json":{"title":"Legginsuri Ternua Konna TGT Wmn wnales grey\/tanager turquoise - Magazin Xstyle","description":"Leggings-urile Ternua Konna TGT sunt perfecte pentru activit\u0103\u021bile \u00een aer liber. Sunt fabricate din material Shellstretch cu protec\u021bie DWR. Stil \u0219i confort la fiecare pas!","robots":{"index":"index","follow":"follow","max-snippet":"max-snippet:-1","max-image-preview":"max-image-preview:large","max-video-preview":"max-video-preview:-1"},"canonical":"https:\/\/xstyle.md\/ro\/produs\/legginsy-ternua-konna-tgt-wmn-wnales-grey-tanager-turquoise\/","og_locale":"ro_RO","og_type":"article","og_title":"\u041b\u0435\u0433\u0433\u0438\u043d\u0441\u044b Ternua Konna TGT Wmn wnales grey\/tanager turquoise - \u041c\u0430\u0433\u0430\u0437\u0438\u043d Xstyle","og_description":"\u041b\u0435\u0433\u0433\u0438\u043d\u0441\u044b Ternua Konna TGT \u0438\u0434\u0435\u0430\u043b\u044c\u043d\u043e \u043f\u043e\u0434\u0445\u043e\u0434\u044f\u0442 \u0434\u043b\u044f \u0430\u043a\u0442\u0438\u0432\u043d\u043e\u0433\u043e \u043e\u0442\u0434\u044b\u0445\u0430. \u0418\u0437\u0433\u043e\u0442\u043e\u0432\u043b\u0435\u043d\u044b \u0438\u0437 \u043c\u0430\u0442\u0435\u0440\u0438\u0430\u043b\u0430 Shellstretch \u0441 \u0437\u0430\u0449\u0438\u0442\u043e\u0439 DWR. \u0421\u0442\u0438\u043b\u044c \u0438 \u043a\u043e\u043c\u0444\u043e\u0440\u0442 \u0432 \u043a\u0430\u0436\u0434\u043e\u043c \u0448\u0430\u0433\u0435!","og_url":"https:\/\/xstyle.md\/ro\/produs\/legginsy-ternua-konna-tgt-wmn-wnales-grey-tanager-turquoise\/","og_site_name":"\u041c\u0430\u0433\u0430\u0437\u0438\u043d Xstyle","article_publisher":"https:\/\/www.facebook.com\/xstylemd","article_modified_time":"2026-03-19T14:21:17+00:00","og_image":[{"width":1313,"height":1500,"url":"https:\/\/xstyle.md\/wp-content\/uploads\/2024\/05\/ternua-konna-tgt-wmn-wnales-grey-tanager-turquoise.jpg","type":"image\/jpeg"}],"twitter_card":"summary_large_image","twitter_misc":{"Pre\u021b":"1.380&nbsp;MDL","Disponibilitate":"\u00cen stoc"},"schema":{"@context":"https:\/\/schema.org","@graph":[{"@type":"WebPage","@id":"https:\/\/xstyle.md\/product\/legginsy-ternua-konna-tgt-wmn-wnales-grey-tanager-turquoise\/","url":"https:\/\/xstyle.md\/product\/legginsy-ternua-konna-tgt-wmn-wnales-grey-tanager-turquoise\/","name":"Legginsuri Ternua Konna TGT Wmn wnales grey\/tanager turquoise - Magazin Xstyle","isPartOf":{"@id":"https:\/\/xstyle.md\/#website"},"primaryImageOfPage":{"@id":"https:\/\/xstyle.md\/product\/legginsy-ternua-konna-tgt-wmn-wnales-grey-tanager-turquoise\/#primaryimage"},"image":{"@id":"https:\/\/xstyle.md\/product\/legginsy-ternua-konna-tgt-wmn-wnales-grey-tanager-turquoise\/#primaryimage"},"thumbnailUrl":"https:\/\/xstyle.md\/wp-content\/uploads\/2024\/05\/ternua-konna-tgt-wmn-wnales-grey-tanager-turquoise.jpg","datePublished":"2024-05-24T07:59:53+00:00","dateModified":"2026-03-19T14:21:17+00:00","description":"Leggings-urile Ternua Konna TGT sunt perfecte pentru activit\u0103\u021bile \u00een aer liber. Sunt fabricate din material Shellstretch cu protec\u021bie DWR. Stil \u0219i confort la fiecare pas!","breadcrumb":{"@id":"https:\/\/xstyle.md\/product\/legginsy-ternua-konna-tgt-wmn-wnales-grey-tanager-turquoise\/#breadcrumb"},"inLanguage":"ro-RO","potentialAction":[{"@type":"ReadAction","target":["https:\/\/xstyle.md\/product\/legginsy-ternua-konna-tgt-wmn-wnales-grey-tanager-turquoise\/"]}]},{"@type":"ImageObject","inLanguage":"ro-RO","@id":"https:\/\/xstyle.md\/product\/legginsy-ternua-konna-tgt-wmn-wnales-grey-tanager-turquoise\/#primaryimage","url":"https:\/\/xstyle.md\/wp-content\/uploads\/2024\/05\/ternua-konna-tgt-wmn-wnales-grey-tanager-turquoise.jpg","contentUrl":"https:\/\/xstyle.md\/wp-content\/uploads\/2024\/05\/ternua-konna-tgt-wmn-wnales-grey-tanager-turquoise.jpg","width":1313,"height":1500,"caption":"\u041b\u0435\u0433\u0433\u0438\u043d\u0441\u044b Ternua Konna TGT \u0434\u043b\u044f \u0430\u043a\u0442\u0438\u0432\u043d\u043e\u0433\u043e \u043e\u0442\u0434\u044b\u0445\u0430, \u0441\u043f\u043e\u0440\u0442\u0448\u0438\u043a, \u043f\u043e\u0445\u043e\u0434\u043e\u0432, \u043f\u0443\u0442\u0435\u0448\u0435\u0441\u0442\u0432\u0438\u0439, \u0441\u043f\u043e\u0440\u0442\u0438\u0432\u043d\u043e\u0439 \u043e\u0434\u0435\u0436\u0434\u044b \u0434\u043b\u044f \u0430\u043a\u0442\u0438\u0432\u043d\u044b\u0445 \u0436\u0435\u043d\u0449\u0438\u043d \u0432 \u0441\u0435\u0440\u043e\u043c \u0438 \u0431\u0438\u0440\u044e\u0437\u043e\u0432\u043e\u043c \u0446\u0432\u0435\u0442\u0435 \u043d\u0430 \u0441\u0430\u0439\u0442\u0435 \u0438\u043d\u0442\u0435\u0440\u043d\u0435\u0442-\u043c\u0430\u0433\u0430\u0437\u0438\u043d\u0430 \u0430\u043a\u0442\u0438\u0432\u043d\u043e\u0439 \u0436\u0438\u0437\u043d\u0438"},{"@type":"BreadcrumbList","@id":"https:\/\/xstyle.md\/product\/legginsy-ternua-konna-tgt-wmn-wnales-grey-tanager-turquoise\/#breadcrumb","itemListElement":[{"@type":"ListItem","position":1,"name":"\u0413\u043b\u0430\u0432\u043d\u0430\u044f \u0441\u0442\u0440\u0430\u043d\u0438\u0446\u0430","item":"https:\/\/xstyle.md\/"},{"@type":"ListItem","position":2,"name":"\u041c\u0430\u0433\u0430\u0437\u0438\u043d","item":"https:\/\/xstyle.md\/shop\/"},{"@type":"ListItem","position":3,"name":"\u041b\u0435\u0433\u0433\u0438\u043d\u0441\u044b Ternua Konna TGT Wmn wnales grey\/tanager turquoise"}]},{"@type":"WebSite","@id":"https:\/\/xstyle.md\/#website","url":"https:\/\/xstyle.md\/","name":"Magazinul X-Style","description":"Echipamente pentru turism \u0219i sporturi extreme \u00een Moldova. Pre\u021buri, fotografii, caracteristici \u00een Moldova.","publisher":{"@id":"https:\/\/xstyle.md\/#organization"},"alternateName":"X-Style","potentialAction":[{"@type":"SearchAction","target":{"@type":"EntryPoint","urlTemplate":"https:\/\/xstyle.md\/?s={search_term_string}"},"query-input":{"@type":"PropertyValueSpecification","valueRequired":true,"valueName":"search_term_string"}}],"inLanguage":"ro-RO"},{"@type":"Organization","@id":"https:\/\/xstyle.md\/#organization","name":"Magazinul X-Style","alternateName":"x-style","url":"https:\/\/xstyle.md\/","logo":{"@type":"ImageObject","inLanguage":"ro-RO","@id":"https:\/\/xstyle.md\/#\/schema\/logo\/image\/","url":"https:\/\/xstyle.md\/wp-content\/uploads\/2020\/06\/logoicon.svg","contentUrl":"https:\/\/xstyle.md\/wp-content\/uploads\/2020\/06\/logoicon.svg","caption":"\u041c\u0430\u0433\u0430\u0437\u0438\u043d Xstyle"},"image":{"@id":"https:\/\/xstyle.md\/#\/schema\/logo\/image\/"},"sameAs":["https:\/\/www.facebook.com\/xstylemd","https:\/\/www.instagram.com\/xstyle_md\/","https:\/\/t.me\/xstyle_outdoor"],"hasMerchantReturnPolicy":{"@type":"MerchantReturnPolicy","merchantReturnLink":"https:\/\/xstyle.md\/ro\/conditions\/"}}]},"product_price_amount":"1380.00","product_price_currency":"MDL","og_availability":"instock","product_availability":"instock","product_retailer_item_id":"8445042220085","product_condition":"new"},"_links":{"self":[{"href":"https:\/\/xstyle.md\/ro\/wp-json\/wp\/v2\/product\/83732","targetHints":{"allow":["GET"]}}],"collection":[{"href":"https:\/\/xstyle.md\/ro\/wp-json\/wp\/v2\/product"}],"about":[{"href":"https:\/\/xstyle.md\/ro\/wp-json\/wp\/v2\/types\/product"}],"replies":[{"embeddable":true,"href":"https:\/\/xstyle.md\/ro\/wp-json\/wp\/v2\/comments?post=83732"}],"wp:featuredmedia":[{"embeddable":true,"href":"https:\/\/xstyle.md\/ro\/wp-json\/wp\/v2\/media\/84458"}],"wp:attachment":[{"href":"https:\/\/xstyle.md\/ro\/wp-json\/wp\/v2\/media?parent=83732"}],"wp:term":[{"taxonomy":"product_brand","embeddable":true,"href":"https:\/\/xstyle.md\/ro\/wp-json\/wp\/v2\/product_brand?post=83732"},{"taxonomy":"product_cat","embeddable":true,"href":"https:\/\/xstyle.md\/ro\/wp-json\/wp\/v2\/product_cat?post=83732"},{"taxonomy":"product_tag","embeddable":true,"href":"https:\/\/xstyle.md\/ro\/wp-json\/wp\/v2\/product_tag?post=83732"}],"curies":[{"name":"wp","href":"https:\/\/api.w.org\/{rel}","templated":true}]}}