{"id":83701,"date":"2024-05-24T10:59:46","date_gmt":"2024-05-24T07:59:46","guid":{"rendered":"https:\/\/xstyle.md\/?post_type=product&#038;p=83701"},"modified":"2026-01-28T16:10:09","modified_gmt":"2026-01-28T13:10:09","slug":"krossovki-keen-versacore-wp-alloy-evening-primrose","status":"publish","type":"product","link":"https:\/\/xstyle.md\/ro\/produs\/krossovki-keen-versacore-wp-alloy-evening-primrose\/","title":{"rendered":"Adida\u0219i Keen Versacore WP alloy\/evening primrose"},"content":{"rendered":"<\/p>\n<p><strong>Keen Versacore WP<\/strong> &#8212; adida\u0219i versatili, rezisten\u021bi la ap\u0103, care pot fi purtate at\u00e2t la antrenament, c\u00e2t \u0219i pentru plimbare.<\/p>\n<h3>Particularit\u0103\u021bi<\/h3>\n<ul>\n<li>Amortizarea din spum\u0103 cu recuperare ridicat\u0103 \u00eembun\u0103t\u0103\u021be\u0219te confortul \u0219i mobilitatea<\/li>\n<li>Talp\u0103 interioar\u0103 deta\u0219abil\u0103 din spum\u0103 elastic\u0103 pentru amortizare de lung\u0103 durat\u0103<\/li>\n<li>Talp\u0103 din cauciuc KEEN.ALL-TERRAIN pentru o aderen\u021b\u0103 mai bun\u0103 pe teren<\/li>\n<li>Modelul multidirec\u021bional de pe talpa exterioar\u0103 ofer\u0103 o trac\u021biune excelent\u0103 pe teren<\/li>\n<li>Membrana impermeabil\u0103 \u0219i respirabil\u0103 KEEN.DRY \u021bine umezeala afar\u0103 din interior<\/li>\n<li>Partea superioar\u0103 este \u00eent\u0103rit\u0103 \u00een zonele cheie pentru o durabilitate sporit\u0103<\/li>\n<li>Materialul hidrofug durabil f\u0103r\u0103 PFAS respinge apa, precum \u0219i substan\u021bele chimice ve\u0219nice, f\u0103r\u0103 a d\u0103una planetei<\/li>\n<li>Eco Anti-Odour pentru controlul natural al mirosului f\u0103r\u0103 pesticide<\/li>\n<\/ul>\n<h3>Caracteristici<\/h3>\n<ul>\n<li>Material &#8212; Plas\u0103<\/li>\n<li>Membran\u0103 - KEEN.DRY\u2122<\/li>\n<li>Talp\u0103 &#8212; KEEN.ALL-TERRAIN<\/li>\n<li>Scop &#8212; ora\u0219, antrenament<\/li>\n<li>Greutate &#8212; 320 g<\/li>\n<\/ul>\n<h3>Marca<\/h3>\n<p>KEEN este compania de outdoor cu cea mai rapid\u0103 cre\u0219tere din lume. Keen s-a n\u0103scut relativ recent, \u00een martie 2003. Fondatorii s\u0103i, Martin Keen \u0219i Rory Fuest, \u0219i-au propus s\u0103 creeze sandale care s\u0103 protejeze degetele de la picioare.<br \/>\nPrimele modele de pantofi KEEN au fostopute pentru sporturiles nautice. O caracteristic\u0103 distinctiv\u0103 a modellelor este aspectul v\u00e2rtos, care protejeaz\u0103 modelele de pantofi de deteriorare \u0219i deteriorare.<\/p>\n<p>\u00cen prezent, KEEN ofer\u0103 at\u00e2t pantofi concepu\u021bi pentru recreere activ\u0103 \u0219i sport, c\u00e2t \u0219i pantofi la mod\u0103 pentru ora\u0219. Compania cre\u0219te \u0219i se dezvolt\u0103 rapid \u0219i, odat\u0103 cu cre\u0219terea, se schimb\u0103 constant: extinde gama de modele, adaug\u0103 noi stiluri \u0219i culori.<\/p>\n<p><\/p>","protected":false},"excerpt":{"rendered":"","protected":false},"featured_media":83984,"comment_status":"open","ping_status":"closed","template":"","meta":{"_acf_changed":false,"inline_featured_image":false},"product_brand":[1335],"product_cat":[142],"product_tag":[],"class_list":{"0":"post-83701","1":"product","2":"type-product","3":"status-publish","4":"has-post-thumbnail","6":"product_brand-keen","7":"product_cat-sport-shoes","8":"pa_razmer-shoes-38-1-2","9":"pa_razmer-shoes-39-1-2","11":"first","12":"outofstock","13":"shipping-taxable","14":"product-type-variable"},"acf":[],"yoast_head":"<!-- This site is optimized with the Yoast SEO plugin v27.4 - https:\/\/yoast.com\/product\/yoast-seo-wordpress\/ -->\n<title>\u041a\u0440\u043e\u0441\u0441\u043e\u0432\u043a\u0438 Keen Versacore WP alloy\/evening primrose - \u041c\u0430\u0433\u0430\u0437\u0438\u043d Xstyle<\/title>\n<meta name=\"description\" content=\"\u041a\u0440\u043e\u0441\u0441\u043e\u0432\u043a\u0438 Keen Versacore WP \u0438\u0434\u0435\u0430\u043b\u044c\u043d\u044b \u0434\u043b\u044f \u0442\u0440\u0435\u043d\u0438\u0440\u043e\u0432\u043e\u043a \u0438 \u043f\u0440\u043e\u0433\u0443\u043b\u043e\u043a. \u0412\u043e\u0434\u043e\u043d\u0435\u043f\u0440\u043e\u043d\u0438\u0446\u0430\u0435\u043c\u044b\u0435, \u0443\u0434\u043e\u0431\u043d\u044b\u0435 \u0438 \u043b\u0435\u0433\u043a\u0438\u0435, \u043e\u0431\u0435\u0441\u043f\u0435\u0447\u0438\u0432\u0430\u044e\u0442 \u043e\u0442\u043b\u0438\u0447\u043d\u0443\u044e \u0430\u043c\u043e\u0440\u0442\u0438\u0437\u0430\u0446\u0438\u044e \u0438 \u043f\u043e\u0434\u0434\u0435\u0440\u0436\u043a\u0443.\" \/>\n<meta name=\"robots\" content=\"index, follow, max-snippet:-1, max-image-preview:large, max-video-preview:-1\" \/>\n<link rel=\"canonical\" href=\"https:\/\/xstyle.md\/ro\/produs\/krossovki-keen-versacore-wp-alloy-evening-primrose\/\" \/>\n<meta property=\"og:locale\" content=\"ro_RO\" \/>\n<meta property=\"og:type\" content=\"article\" \/>\n<meta property=\"og:title\" content=\"\u041a\u0440\u043e\u0441\u0441\u043e\u0432\u043a\u0438 Keen Versacore WP alloy\/evening primrose - \u041c\u0430\u0433\u0430\u0437\u0438\u043d Xstyle\" \/>\n<meta property=\"og:description\" content=\"\u041a\u0440\u043e\u0441\u0441\u043e\u0432\u043a\u0438 Keen Versacore WP \u0438\u0434\u0435\u0430\u043b\u044c\u043d\u044b \u0434\u043b\u044f \u0442\u0440\u0435\u043d\u0438\u0440\u043e\u0432\u043e\u043a \u0438 \u043f\u0440\u043e\u0433\u0443\u043b\u043e\u043a. \u0412\u043e\u0434\u043e\u043d\u0435\u043f\u0440\u043e\u043d\u0438\u0446\u0430\u0435\u043c\u044b\u0435, \u0443\u0434\u043e\u0431\u043d\u044b\u0435 \u0438 \u043b\u0435\u0433\u043a\u0438\u0435, \u043e\u0431\u0435\u0441\u043f\u0435\u0447\u0438\u0432\u0430\u044e\u0442 \u043e\u0442\u043b\u0438\u0447\u043d\u0443\u044e \u0430\u043c\u043e\u0440\u0442\u0438\u0437\u0430\u0446\u0438\u044e \u0438 \u043f\u043e\u0434\u0434\u0435\u0440\u0436\u043a\u0443.\" \/>\n<meta property=\"og:url\" content=\"https:\/\/xstyle.md\/ro\/produs\/krossovki-keen-versacore-wp-alloy-evening-primrose\/\" \/>\n<meta property=\"og:site_name\" content=\"\u041c\u0430\u0433\u0430\u0437\u0438\u043d Xstyle\" \/>\n<meta property=\"article:publisher\" content=\"https:\/\/www.facebook.com\/xstylemd\" \/>\n<meta property=\"article:modified_time\" content=\"2026-01-28T13:10:09+00:00\" \/>\n<meta property=\"og:image\" content=\"https:\/\/xstyle.md\/wp-content\/uploads\/2024\/05\/keen-versacore-wp-alloy-evening-primrose.jpg\" \/>\n\t<meta property=\"og:image:width\" content=\"884\" \/>\n\t<meta property=\"og:image:height\" content=\"884\" \/>\n\t<meta property=\"og:image:type\" content=\"image\/jpeg\" \/>\n<meta name=\"twitter:card\" content=\"summary_large_image\" \/>\n<meta name=\"twitter:label1\" content=\"Disponibilitate\" \/>\n\t<meta name=\"twitter:data1\" content=\"Stoc epuizat\" \/>\n<script type=\"application\/ld+json\" class=\"yoast-schema-graph\">{\"@context\":\"https:\\\/\\\/schema.org\",\"@graph\":[{\"@type\":\"WebPage\",\"@id\":\"https:\\\/\\\/xstyle.md\\\/product\\\/krossovki-keen-versacore-wp-alloy-evening-primrose\\\/\",\"url\":\"https:\\\/\\\/xstyle.md\\\/product\\\/krossovki-keen-versacore-wp-alloy-evening-primrose\\\/\",\"name\":\"\u041a\u0440\u043e\u0441\u0441\u043e\u0432\u043a\u0438 Keen Versacore WP alloy\\\/evening primrose - \u041c\u0430\u0433\u0430\u0437\u0438\u043d Xstyle\",\"isPartOf\":{\"@id\":\"https:\\\/\\\/xstyle.md\\\/#website\"},\"primaryImageOfPage\":{\"@id\":\"https:\\\/\\\/xstyle.md\\\/product\\\/krossovki-keen-versacore-wp-alloy-evening-primrose\\\/#primaryimage\"},\"image\":{\"@id\":\"https:\\\/\\\/xstyle.md\\\/product\\\/krossovki-keen-versacore-wp-alloy-evening-primrose\\\/#primaryimage\"},\"thumbnailUrl\":\"https:\\\/\\\/xstyle.md\\\/wp-content\\\/uploads\\\/2024\\\/05\\\/keen-versacore-wp-alloy-evening-primrose.jpg\",\"datePublished\":\"2024-05-24T07:59:46+00:00\",\"dateModified\":\"2026-01-28T13:10:09+00:00\",\"description\":\"\u041a\u0440\u043e\u0441\u0441\u043e\u0432\u043a\u0438 Keen Versacore WP \u0438\u0434\u0435\u0430\u043b\u044c\u043d\u044b \u0434\u043b\u044f \u0442\u0440\u0435\u043d\u0438\u0440\u043e\u0432\u043e\u043a \u0438 \u043f\u0440\u043e\u0433\u0443\u043b\u043e\u043a. \u0412\u043e\u0434\u043e\u043d\u0435\u043f\u0440\u043e\u043d\u0438\u0446\u0430\u0435\u043c\u044b\u0435, \u0443\u0434\u043e\u0431\u043d\u044b\u0435 \u0438 \u043b\u0435\u0433\u043a\u0438\u0435, \u043e\u0431\u0435\u0441\u043f\u0435\u0447\u0438\u0432\u0430\u044e\u0442 \u043e\u0442\u043b\u0438\u0447\u043d\u0443\u044e \u0430\u043c\u043e\u0440\u0442\u0438\u0437\u0430\u0446\u0438\u044e \u0438 \u043f\u043e\u0434\u0434\u0435\u0440\u0436\u043a\u0443.\",\"breadcrumb\":{\"@id\":\"https:\\\/\\\/xstyle.md\\\/product\\\/krossovki-keen-versacore-wp-alloy-evening-primrose\\\/#breadcrumb\"},\"inLanguage\":\"ro-RO\",\"potentialAction\":[{\"@type\":\"ReadAction\",\"target\":[\"https:\\\/\\\/xstyle.md\\\/product\\\/krossovki-keen-versacore-wp-alloy-evening-primrose\\\/\"]}]},{\"@type\":\"ImageObject\",\"inLanguage\":\"ro-RO\",\"@id\":\"https:\\\/\\\/xstyle.md\\\/product\\\/krossovki-keen-versacore-wp-alloy-evening-primrose\\\/#primaryimage\",\"url\":\"https:\\\/\\\/xstyle.md\\\/wp-content\\\/uploads\\\/2024\\\/05\\\/keen-versacore-wp-alloy-evening-primrose.jpg\",\"contentUrl\":\"https:\\\/\\\/xstyle.md\\\/wp-content\\\/uploads\\\/2024\\\/05\\\/keen-versacore-wp-alloy-evening-primrose.jpg\",\"width\":884,\"height\":884,\"caption\":\"\u041a\u0440\u043e\u0441\u0441\u043e\u0432\u043a\u0438 Keen Versacore WP \u0434\u043b\u044f \u0430\u043a\u0442\u0438\u0432\u043d\u043e\u0433\u043e \u043e\u0442\u0434\u044b\u0445\u0430 \u0438 \u0442\u0443\u0440\u0438\u0437\u043c\u0430, \u043e\u0431\u0443\u0432\u044c \u0434\u043b\u044f \u0445\u0430\u0439\u043a\u0438\u043d\u0433\u0430, \u0430\u043b\u044c\u043f\u0438\u043d\u0438\u0437\u043c\u0430 \u0438 \u043f\u0443\u0442\u0435\u0448\u0435\u0441\u0442\u0432\u0438\u0439, \u043f\u0440\u043e\u0434\u0430\u0436\u0430 \u043e\u043d\u043b\u0430\u0439\u043d\"},{\"@type\":\"BreadcrumbList\",\"@id\":\"https:\\\/\\\/xstyle.md\\\/product\\\/krossovki-keen-versacore-wp-alloy-evening-primrose\\\/#breadcrumb\",\"itemListElement\":[{\"@type\":\"ListItem\",\"position\":1,\"name\":\"\u0413\u043b\u0430\u0432\u043d\u0430\u044f \u0441\u0442\u0440\u0430\u043d\u0438\u0446\u0430\",\"item\":\"https:\\\/\\\/xstyle.md\\\/\"},{\"@type\":\"ListItem\",\"position\":2,\"name\":\"\u041c\u0430\u0433\u0430\u0437\u0438\u043d\",\"item\":\"https:\\\/\\\/xstyle.md\\\/shop\\\/\"},{\"@type\":\"ListItem\",\"position\":3,\"name\":\"\u041a\u0440\u043e\u0441\u0441\u043e\u0432\u043a\u0438 Keen Versacore WP alloy\\\/evening primrose\"}]},{\"@type\":\"WebSite\",\"@id\":\"https:\\\/\\\/xstyle.md\\\/#website\",\"url\":\"https:\\\/\\\/xstyle.md\\\/\",\"name\":\"\u041c\u0430\u0433\u0430\u0437\u0438\u043d Xstyle\",\"description\":\"C\u043d\u0430\u0440\u044f\u0436\u0435\u043d\u0438\u0435 \u0434\u043b\u044f \u0442\u0443\u0440\u0438\u0437\u043c\u0430 \u0438 \u044d\u043a\u0441\u0442\u0440\u0435\u043c\u0430\u043b\u044c\u043d\u044b\u0445 \u0432\u0438\u0434\u043e\u0432 \u0441\u043f\u043e\u0440\u0442\u0430 \u0432 \u041c\u043e\u043b\u0434\u043e\u0432\u0435.. \u0426\u0435\u043d\u044b, \u0444\u043e\u0442\u043e, \u0445\u0430\u0440\u0430\u043a\u0442\u0435\u0440\u0438\u0441\u0442\u0438\u043a\u0438 \u0432 \u041c\u043e\u043b\u0434\u043e\u0432\u0435.\",\"publisher\":{\"@id\":\"https:\\\/\\\/xstyle.md\\\/#organization\"},\"alternateName\":\"X-Style\",\"potentialAction\":[{\"@type\":\"SearchAction\",\"target\":{\"@type\":\"EntryPoint\",\"urlTemplate\":\"https:\\\/\\\/xstyle.md\\\/?s={search_term_string}\"},\"query-input\":{\"@type\":\"PropertyValueSpecification\",\"valueRequired\":true,\"valueName\":\"search_term_string\"}}],\"inLanguage\":\"ro-RO\"},{\"@type\":\"Organization\",\"@id\":\"https:\\\/\\\/xstyle.md\\\/#organization\",\"name\":\"\u041c\u0430\u0433\u0430\u0437\u0438\u043d Xstyle\",\"alternateName\":\"x-style\",\"url\":\"https:\\\/\\\/xstyle.md\\\/\",\"logo\":{\"@type\":\"ImageObject\",\"inLanguage\":\"ro-RO\",\"@id\":\"https:\\\/\\\/xstyle.md\\\/#\\\/schema\\\/logo\\\/image\\\/\",\"url\":\"https:\\\/\\\/xstyle.md\\\/wp-content\\\/uploads\\\/2020\\\/06\\\/logoicon.svg\",\"contentUrl\":\"https:\\\/\\\/xstyle.md\\\/wp-content\\\/uploads\\\/2020\\\/06\\\/logoicon.svg\",\"caption\":\"\u041c\u0430\u0433\u0430\u0437\u0438\u043d Xstyle\"},\"image\":{\"@id\":\"https:\\\/\\\/xstyle.md\\\/#\\\/schema\\\/logo\\\/image\\\/\"},\"sameAs\":[\"https:\\\/\\\/www.facebook.com\\\/xstylemd\",\"https:\\\/\\\/www.instagram.com\\\/xstyle_md\\\/\",\"https:\\\/\\\/t.me\\\/xstyle_outdoor\"],\"hasMerchantReturnPolicy\":{\"@type\":\"MerchantReturnPolicy\",\"merchantReturnLink\":\"https:\\\/\\\/xstyle.md\\\/ro\\\/conditions\\\/\"}}]}<\/script>\n<meta property=\"og:availability\" content=\"out of stock\" \/>\n<meta property=\"product:availability\" content=\"out of stock\" \/>\n<meta property=\"product:retailer_item_id\" content=\"X195208430114\" \/>\n<meta property=\"product:condition\" content=\"new\" \/>\n<!-- \/ Yoast SEO plugin. -->","yoast_head_json":{"title":"Adida\u0219i Keen Versacore WP alloy\/evening primrose - Magazin Xstyle","description":"Pantofii sport Keen Versacore WP sunt ideali pentru antrenamente \u0219i plimb\u0103ri. Impermeabili, confortabili \u0219i u\u0219ori, ofer\u0103 o amortizare excelent\u0103 \u0219i suport.","robots":{"index":"index","follow":"follow","max-snippet":"max-snippet:-1","max-image-preview":"max-image-preview:large","max-video-preview":"max-video-preview:-1"},"canonical":"https:\/\/xstyle.md\/ro\/produs\/krossovki-keen-versacore-wp-alloy-evening-primrose\/","og_locale":"ro_RO","og_type":"article","og_title":"\u041a\u0440\u043e\u0441\u0441\u043e\u0432\u043a\u0438 Keen Versacore WP alloy\/evening primrose - \u041c\u0430\u0433\u0430\u0437\u0438\u043d Xstyle","og_description":"\u041a\u0440\u043e\u0441\u0441\u043e\u0432\u043a\u0438 Keen Versacore WP \u0438\u0434\u0435\u0430\u043b\u044c\u043d\u044b \u0434\u043b\u044f \u0442\u0440\u0435\u043d\u0438\u0440\u043e\u0432\u043e\u043a \u0438 \u043f\u0440\u043e\u0433\u0443\u043b\u043e\u043a. \u0412\u043e\u0434\u043e\u043d\u0435\u043f\u0440\u043e\u043d\u0438\u0446\u0430\u0435\u043c\u044b\u0435, \u0443\u0434\u043e\u0431\u043d\u044b\u0435 \u0438 \u043b\u0435\u0433\u043a\u0438\u0435, \u043e\u0431\u0435\u0441\u043f\u0435\u0447\u0438\u0432\u0430\u044e\u0442 \u043e\u0442\u043b\u0438\u0447\u043d\u0443\u044e \u0430\u043c\u043e\u0440\u0442\u0438\u0437\u0430\u0446\u0438\u044e \u0438 \u043f\u043e\u0434\u0434\u0435\u0440\u0436\u043a\u0443.","og_url":"https:\/\/xstyle.md\/ro\/produs\/krossovki-keen-versacore-wp-alloy-evening-primrose\/","og_site_name":"\u041c\u0430\u0433\u0430\u0437\u0438\u043d Xstyle","article_publisher":"https:\/\/www.facebook.com\/xstylemd","article_modified_time":"2026-01-28T13:10:09+00:00","og_image":[{"width":884,"height":884,"url":"https:\/\/xstyle.md\/wp-content\/uploads\/2024\/05\/keen-versacore-wp-alloy-evening-primrose.jpg","type":"image\/jpeg"}],"twitter_card":"summary_large_image","twitter_misc":{"Disponibilitate":"Stoc epuizat"},"schema":{"@context":"https:\/\/schema.org","@graph":[{"@type":"WebPage","@id":"https:\/\/xstyle.md\/product\/krossovki-keen-versacore-wp-alloy-evening-primrose\/","url":"https:\/\/xstyle.md\/product\/krossovki-keen-versacore-wp-alloy-evening-primrose\/","name":"Adida\u0219i Keen Versacore WP alloy\/evening primrose - Magazin Xstyle","isPartOf":{"@id":"https:\/\/xstyle.md\/#website"},"primaryImageOfPage":{"@id":"https:\/\/xstyle.md\/product\/krossovki-keen-versacore-wp-alloy-evening-primrose\/#primaryimage"},"image":{"@id":"https:\/\/xstyle.md\/product\/krossovki-keen-versacore-wp-alloy-evening-primrose\/#primaryimage"},"thumbnailUrl":"https:\/\/xstyle.md\/wp-content\/uploads\/2024\/05\/keen-versacore-wp-alloy-evening-primrose.jpg","datePublished":"2024-05-24T07:59:46+00:00","dateModified":"2026-01-28T13:10:09+00:00","description":"Pantofii sport Keen Versacore WP sunt ideali pentru antrenamente \u0219i plimb\u0103ri. Impermeabili, confortabili \u0219i u\u0219ori, ofer\u0103 o amortizare excelent\u0103 \u0219i suport.","breadcrumb":{"@id":"https:\/\/xstyle.md\/product\/krossovki-keen-versacore-wp-alloy-evening-primrose\/#breadcrumb"},"inLanguage":"ro-RO","potentialAction":[{"@type":"ReadAction","target":["https:\/\/xstyle.md\/product\/krossovki-keen-versacore-wp-alloy-evening-primrose\/"]}]},{"@type":"ImageObject","inLanguage":"ro-RO","@id":"https:\/\/xstyle.md\/product\/krossovki-keen-versacore-wp-alloy-evening-primrose\/#primaryimage","url":"https:\/\/xstyle.md\/wp-content\/uploads\/2024\/05\/keen-versacore-wp-alloy-evening-primrose.jpg","contentUrl":"https:\/\/xstyle.md\/wp-content\/uploads\/2024\/05\/keen-versacore-wp-alloy-evening-primrose.jpg","width":884,"height":884,"caption":"\u041a\u0440\u043e\u0441\u0441\u043e\u0432\u043a\u0438 Keen Versacore WP \u0434\u043b\u044f \u0430\u043a\u0442\u0438\u0432\u043d\u043e\u0433\u043e \u043e\u0442\u0434\u044b\u0445\u0430 \u0438 \u0442\u0443\u0440\u0438\u0437\u043c\u0430, \u043e\u0431\u0443\u0432\u044c \u0434\u043b\u044f \u0445\u0430\u0439\u043a\u0438\u043d\u0433\u0430, \u0430\u043b\u044c\u043f\u0438\u043d\u0438\u0437\u043c\u0430 \u0438 \u043f\u0443\u0442\u0435\u0448\u0435\u0441\u0442\u0432\u0438\u0439, \u043f\u0440\u043e\u0434\u0430\u0436\u0430 \u043e\u043d\u043b\u0430\u0439\u043d"},{"@type":"BreadcrumbList","@id":"https:\/\/xstyle.md\/product\/krossovki-keen-versacore-wp-alloy-evening-primrose\/#breadcrumb","itemListElement":[{"@type":"ListItem","position":1,"name":"\u0413\u043b\u0430\u0432\u043d\u0430\u044f \u0441\u0442\u0440\u0430\u043d\u0438\u0446\u0430","item":"https:\/\/xstyle.md\/"},{"@type":"ListItem","position":2,"name":"\u041c\u0430\u0433\u0430\u0437\u0438\u043d","item":"https:\/\/xstyle.md\/shop\/"},{"@type":"ListItem","position":3,"name":"\u041a\u0440\u043e\u0441\u0441\u043e\u0432\u043a\u0438 Keen Versacore WP alloy\/evening primrose"}]},{"@type":"WebSite","@id":"https:\/\/xstyle.md\/#website","url":"https:\/\/xstyle.md\/","name":"Magazinul X-Style","description":"Echipamente pentru turism \u0219i sporturi extreme \u00een Moldova. Pre\u021buri, fotografii, caracteristici \u00een Moldova.","publisher":{"@id":"https:\/\/xstyle.md\/#organization"},"alternateName":"X-Style","potentialAction":[{"@type":"SearchAction","target":{"@type":"EntryPoint","urlTemplate":"https:\/\/xstyle.md\/?s={search_term_string}"},"query-input":{"@type":"PropertyValueSpecification","valueRequired":true,"valueName":"search_term_string"}}],"inLanguage":"ro-RO"},{"@type":"Organization","@id":"https:\/\/xstyle.md\/#organization","name":"Magazinul X-Style","alternateName":"x-style","url":"https:\/\/xstyle.md\/","logo":{"@type":"ImageObject","inLanguage":"ro-RO","@id":"https:\/\/xstyle.md\/#\/schema\/logo\/image\/","url":"https:\/\/xstyle.md\/wp-content\/uploads\/2020\/06\/logoicon.svg","contentUrl":"https:\/\/xstyle.md\/wp-content\/uploads\/2020\/06\/logoicon.svg","caption":"\u041c\u0430\u0433\u0430\u0437\u0438\u043d Xstyle"},"image":{"@id":"https:\/\/xstyle.md\/#\/schema\/logo\/image\/"},"sameAs":["https:\/\/www.facebook.com\/xstylemd","https:\/\/www.instagram.com\/xstyle_md\/","https:\/\/t.me\/xstyle_outdoor"],"hasMerchantReturnPolicy":{"@type":"MerchantReturnPolicy","merchantReturnLink":"https:\/\/xstyle.md\/ro\/conditions\/"}}]},"og_availability":"out of stock","product_availability":"out of stock","product_retailer_item_id":"X195208430114","product_condition":"new"},"_links":{"self":[{"href":"https:\/\/xstyle.md\/ro\/wp-json\/wp\/v2\/product\/83701","targetHints":{"allow":["GET"]}}],"collection":[{"href":"https:\/\/xstyle.md\/ro\/wp-json\/wp\/v2\/product"}],"about":[{"href":"https:\/\/xstyle.md\/ro\/wp-json\/wp\/v2\/types\/product"}],"replies":[{"embeddable":true,"href":"https:\/\/xstyle.md\/ro\/wp-json\/wp\/v2\/comments?post=83701"}],"wp:featuredmedia":[{"embeddable":true,"href":"https:\/\/xstyle.md\/ro\/wp-json\/wp\/v2\/media\/83984"}],"wp:attachment":[{"href":"https:\/\/xstyle.md\/ro\/wp-json\/wp\/v2\/media?parent=83701"}],"wp:term":[{"taxonomy":"product_brand","embeddable":true,"href":"https:\/\/xstyle.md\/ro\/wp-json\/wp\/v2\/product_brand?post=83701"},{"taxonomy":"product_cat","embeddable":true,"href":"https:\/\/xstyle.md\/ro\/wp-json\/wp\/v2\/product_cat?post=83701"},{"taxonomy":"product_tag","embeddable":true,"href":"https:\/\/xstyle.md\/ro\/wp-json\/wp\/v2\/product_tag?post=83701"}],"curies":[{"name":"wp","href":"https:\/\/api.w.org\/{rel}","templated":true}]}}