{"id":83699,"date":"2024-05-24T10:59:45","date_gmt":"2024-05-24T07:59:45","guid":{"rendered":"https:\/\/xstyle.md\/?post_type=product&#038;p=83699"},"modified":"2026-03-19T17:21:06","modified_gmt":"2026-03-19T14:21:06","slug":"botinki-keen-zionic-mid-wp-dark-olive-scarlet-ibis","status":"publish","type":"product","link":"https:\/\/xstyle.md\/ro\/produs\/botinki-keen-zionic-mid-wp-dark-olive-scarlet-ibis\/","title":{"rendered":"Bocanci Keen Zionic Mid WP dark olive\/scarlet ibis"},"content":{"rendered":"<\/p>\n<p><strong>Keen Zionic Mid WP<\/strong> - bocanci de drume\u021bie pentru b\u0103rba\u021bi cu membran\u0103 impermeabil\u0103 \u0219i respirabil\u0103 KEEN.DRY\u2122.<\/p>\n<h3>Particularit\u0103\u021bi<\/h3>\n<ul>\n<li>Ripstop plastic superioar\u0103 parta cu TPU superprapuneri pentru suport durabil \u0219i u\u0219or<\/li>\n<li>Talp\u0103 TPU cu trac\u021biune sporit\u0103 pentru durabilitate u\u0219oar\u0103<\/li>\n<li>Bucl\u0103 pentru c\u0103lc\u00e2i pentru a o \u00eenc\u0103l\u021ba \u0219i scoate u\u0219or<\/li>\n<li>Tija stabil\u0103 ofer\u0103 sus\u021binere u\u0219oar\u0103<\/li>\n<li>Suprapuneri TPU pentru durabilitate<\/li>\n<li>Eco Anti-Odour pentru controlul natural al mirosului<\/li>\n<li>C\u00e2rlige pentru ajustarea u\u0219oar\u0103 a \u0219ireturilor<\/li>\n<li>Acces rapid la computer pentru utilizarea rapid\u0103 a activatorului<\/li>\n<li>Talp\u0103 interioar\u0103 deta\u0219abil\u0103 din poliuretan cu suport pentru arcad\u0103 pentru confort de lung\u0103 durat\u0103<\/li>\n<\/ul>\n<h3>Caracteristici<\/h3>\n<ul>\n<li>Material - plasm\u0103<\/li>\n<li>Membran\u0103 - KEEN.DRY\u2122<\/li>\n<li>Destina\u021bie - drume\u021bie, urban<\/li>\n<li>Greutate - 480 g<\/li>\n<\/ul>\n<h3>Marca<\/h3>\n<p>KEEN este compania de outdoor cu cea mai rapid\u0103 cre\u0219tere din lume. Keen s-a n\u0103scut relativ recent, \u00een martie 2003. Fondatorii s\u0103i, Martin Keen \u0219i Rory Fuest, \u0219i-au propus s\u0103 creeze sandale care s\u0103 protejeze degetele de la picioare.<\/p>\n<p>Primele modele de pantofi KEEN au fostopute pentru sporturiles nautice. O caracteristic\u0103 distinctiv\u0103 a modellelor este aspectul v\u00e2rtos, care protejeaz\u0103 modelele de pantofi de deteriorare \u0219i deteriorare.<\/p>\n<p>\u00cen prezent, KEEN ofer\u0103 at\u00e2t pantofi concepu\u021bi pentru recreere activ\u0103 \u0219i sport, c\u00e2t \u0219i pantofi la mod\u0103 pentru ora\u0219. Compania cre\u0219te \u0219i se dezvolt\u0103 rapid \u0219i, odat\u0103 cu cre\u0219terea, se schimb\u0103 constant: extinde gama de modele, adaug\u0103 noi stiluri \u0219i culori.<\/p>\n<p><\/p>","protected":false},"excerpt":{"rendered":"","protected":false},"featured_media":83970,"comment_status":"open","ping_status":"closed","template":"","meta":{"_acf_changed":false,"inline_featured_image":false},"product_brand":[1335],"product_cat":[143],"product_tag":[],"class_list":{"0":"post-83699","1":"product","2":"type-product","3":"status-publish","4":"has-post-thumbnail","6":"product_brand-keen","7":"product_cat-trekking","9":"first","10":"instock","11":"shipping-taxable","12":"purchasable","13":"product-type-simple"},"acf":[],"yoast_head":"<!-- This site is optimized with the Yoast SEO plugin v27.2 - https:\/\/yoast.com\/product\/yoast-seo-wordpress\/ -->\n<title>\u0411\u043e\u0442\u0438\u043d\u043a\u0438 Keen Zionic Mid WP dark olive\/scarlet ibis - \u041c\u0430\u0433\u0430\u0437\u0438\u043d Xstyle<\/title>\n<meta name=\"description\" content=\"\u0411\u043e\u0442\u0438\u043d\u043a\u0438 Keen Zionic Mid WP \u0432 \u0442\u0435\u043c\u043d\u043e-\u043e\u043b\u0438\u0432\u043a\u043e\u0432\u043e\u043c\/\u043a\u0440\u0430\u0441\u043d\u043e\u043c \u0446\u0432\u0435\u0442\u0435 \u0441 \u043c\u0435\u043c\u0431\u0440\u0430\u043d\u043e\u0439 KEENDRY \u043e\u0431\u0435\u0441\u043f\u0435\u0447\u0438\u0432\u0430\u044e\u0442 \u0432\u043e\u0434\u043e\u043e\u0442\u0442\u0430\u043b\u043a\u0438\u0432\u0430\u044e\u0449\u0438\u0435 \u0438 \u0434\u044b\u0448\u0430\u0449\u0438\u0435 \u0441\u0432\u043e\u0439\u0441\u0442\u0432\u0430. \u0418\u0434\u0435\u0430\u043b\u044c\u043d\u044b \u0434\u043b\u044f \u0430\u043a\u0442\u0438\u0432\u043d\u043e\u0433\u043e \u043e\u0442\u0434\u044b\u0445\u0430!\" \/>\n<meta name=\"robots\" content=\"index, follow, max-snippet:-1, max-image-preview:large, max-video-preview:-1\" \/>\n<link rel=\"canonical\" href=\"https:\/\/xstyle.md\/ro\/produs\/botinki-keen-zionic-mid-wp-dark-olive-scarlet-ibis\/\" \/>\n<meta property=\"og:locale\" content=\"ro_RO\" \/>\n<meta property=\"og:type\" content=\"article\" \/>\n<meta property=\"og:title\" content=\"\u0411\u043e\u0442\u0438\u043d\u043a\u0438 Keen Zionic Mid WP dark olive\/scarlet ibis - \u041c\u0430\u0433\u0430\u0437\u0438\u043d Xstyle\" \/>\n<meta property=\"og:description\" content=\"\u0411\u043e\u0442\u0438\u043d\u043a\u0438 Keen Zionic Mid WP \u0432 \u0442\u0435\u043c\u043d\u043e-\u043e\u043b\u0438\u0432\u043a\u043e\u0432\u043e\u043c\/\u043a\u0440\u0430\u0441\u043d\u043e\u043c \u0446\u0432\u0435\u0442\u0435 \u0441 \u043c\u0435\u043c\u0431\u0440\u0430\u043d\u043e\u0439 KEENDRY \u043e\u0431\u0435\u0441\u043f\u0435\u0447\u0438\u0432\u0430\u044e\u0442 \u0432\u043e\u0434\u043e\u043e\u0442\u0442\u0430\u043b\u043a\u0438\u0432\u0430\u044e\u0449\u0438\u0435 \u0438 \u0434\u044b\u0448\u0430\u0449\u0438\u0435 \u0441\u0432\u043e\u0439\u0441\u0442\u0432\u0430. \u0418\u0434\u0435\u0430\u043b\u044c\u043d\u044b \u0434\u043b\u044f \u0430\u043a\u0442\u0438\u0432\u043d\u043e\u0433\u043e \u043e\u0442\u0434\u044b\u0445\u0430!\" \/>\n<meta property=\"og:url\" content=\"https:\/\/xstyle.md\/ro\/produs\/botinki-keen-zionic-mid-wp-dark-olive-scarlet-ibis\/\" \/>\n<meta property=\"og:site_name\" content=\"\u041c\u0430\u0433\u0430\u0437\u0438\u043d Xstyle\" \/>\n<meta property=\"article:publisher\" content=\"https:\/\/www.facebook.com\/xstylemd\" \/>\n<meta property=\"article:modified_time\" content=\"2026-03-19T14:21:06+00:00\" \/>\n<meta property=\"og:image\" content=\"https:\/\/xstyle.md\/wp-content\/uploads\/2024\/05\/keen-zionic-mid-wp-dark-olive-scarlet-ibis.jpg\" \/>\n\t<meta property=\"og:image:width\" content=\"884\" \/>\n\t<meta property=\"og:image:height\" content=\"884\" \/>\n\t<meta property=\"og:image:type\" content=\"image\/jpeg\" \/>\n<meta name=\"twitter:card\" content=\"summary_large_image\" \/>\n<meta name=\"twitter:label1\" content=\"Pre\u021b\" \/>\n\t<meta name=\"twitter:data1\" content=\"3.690&nbsp;MDL\" \/>\n\t<meta name=\"twitter:label2\" content=\"Disponibilitate\" \/>\n\t<meta name=\"twitter:data2\" content=\"\u00cen stoc\" \/>\n<script type=\"application\/ld+json\" class=\"yoast-schema-graph\">{\"@context\":\"https:\/\/schema.org\",\"@graph\":[{\"@type\":\"WebPage\",\"@id\":\"https:\/\/xstyle.md\/product\/botinki-keen-zionic-mid-wp-dark-olive-scarlet-ibis\/\",\"url\":\"https:\/\/xstyle.md\/product\/botinki-keen-zionic-mid-wp-dark-olive-scarlet-ibis\/\",\"name\":\"\u0411\u043e\u0442\u0438\u043d\u043a\u0438 Keen Zionic Mid WP dark olive\/scarlet ibis - \u041c\u0430\u0433\u0430\u0437\u0438\u043d Xstyle\",\"isPartOf\":{\"@id\":\"https:\/\/xstyle.md\/#website\"},\"primaryImageOfPage\":{\"@id\":\"https:\/\/xstyle.md\/product\/botinki-keen-zionic-mid-wp-dark-olive-scarlet-ibis\/#primaryimage\"},\"image\":{\"@id\":\"https:\/\/xstyle.md\/product\/botinki-keen-zionic-mid-wp-dark-olive-scarlet-ibis\/#primaryimage\"},\"thumbnailUrl\":\"https:\/\/xstyle.md\/wp-content\/uploads\/2024\/05\/keen-zionic-mid-wp-dark-olive-scarlet-ibis.jpg\",\"datePublished\":\"2024-05-24T07:59:45+00:00\",\"dateModified\":\"2026-03-19T14:21:06+00:00\",\"description\":\"\u0411\u043e\u0442\u0438\u043d\u043a\u0438 Keen Zionic Mid WP \u0432 \u0442\u0435\u043c\u043d\u043e-\u043e\u043b\u0438\u0432\u043a\u043e\u0432\u043e\u043c\/\u043a\u0440\u0430\u0441\u043d\u043e\u043c \u0446\u0432\u0435\u0442\u0435 \u0441 \u043c\u0435\u043c\u0431\u0440\u0430\u043d\u043e\u0439 KEENDRY \u043e\u0431\u0435\u0441\u043f\u0435\u0447\u0438\u0432\u0430\u044e\u0442 \u0432\u043e\u0434\u043e\u043e\u0442\u0442\u0430\u043b\u043a\u0438\u0432\u0430\u044e\u0449\u0438\u0435 \u0438 \u0434\u044b\u0448\u0430\u0449\u0438\u0435 \u0441\u0432\u043e\u0439\u0441\u0442\u0432\u0430. \u0418\u0434\u0435\u0430\u043b\u044c\u043d\u044b \u0434\u043b\u044f \u0430\u043a\u0442\u0438\u0432\u043d\u043e\u0433\u043e \u043e\u0442\u0434\u044b\u0445\u0430!\",\"breadcrumb\":{\"@id\":\"https:\/\/xstyle.md\/product\/botinki-keen-zionic-mid-wp-dark-olive-scarlet-ibis\/#breadcrumb\"},\"inLanguage\":\"ro-RO\",\"potentialAction\":[{\"@type\":\"ReadAction\",\"target\":[\"https:\/\/xstyle.md\/product\/botinki-keen-zionic-mid-wp-dark-olive-scarlet-ibis\/\"]}]},{\"@type\":\"ImageObject\",\"inLanguage\":\"ro-RO\",\"@id\":\"https:\/\/xstyle.md\/product\/botinki-keen-zionic-mid-wp-dark-olive-scarlet-ibis\/#primaryimage\",\"url\":\"https:\/\/xstyle.md\/wp-content\/uploads\/2024\/05\/keen-zionic-mid-wp-dark-olive-scarlet-ibis.jpg\",\"contentUrl\":\"https:\/\/xstyle.md\/wp-content\/uploads\/2024\/05\/keen-zionic-mid-wp-dark-olive-scarlet-ibis.jpg\",\"width\":884,\"height\":884,\"caption\":\"\u0411\u043e\u0442\u0438\u043d\u043a\u0438 Keen Zionic Mid WP \u0442\u0435\u043c\u043d\u043e-\u043e\u043b\u0438\u0432\u043a\u043e\u0432\u044b\u0435 \u0438 \u0430\u043b\u044b\u0439 \u0434\u043b\u044f \u0430\u043a\u0442\u0438\u0432\u043d\u043e\u0433\u043e \u043e\u0431\u0440\u0430\u0437\u0430 \u0436\u0438\u0437\u043d\u0438 \u0441\u043f\u043e\u0440\u0442 \u043f\u043e\u0445\u043e\u0434\u044b \u0438 \u043f\u0443\u0442\u0435\u0448\u0435\u0441\u0442\u0432\u0438\u044f \u0432 \u0438\u043d\u0442\u0435\u0440\u043d\u0435\u0442 \u043c\u0430\u0433\u0430\u0437\u0438\u043d\u0435 \u044d\u043a\u0438\u043f\u0438\u0440\u043e\u0432\u043a\u0438 \u0434\u043b\u044f \u0430\u043a\u0442\u0438\u0432\u043d\u044b\u0445 \u043f\u0443\u0442\u0435\u0448\u0435\u0441\u0442\u0432\u0435\u043d\u043d\u0438\u043a\u043e\u0432\"},{\"@type\":\"BreadcrumbList\",\"@id\":\"https:\/\/xstyle.md\/product\/botinki-keen-zionic-mid-wp-dark-olive-scarlet-ibis\/#breadcrumb\",\"itemListElement\":[{\"@type\":\"ListItem\",\"position\":1,\"name\":\"\u0413\u043b\u0430\u0432\u043d\u0430\u044f \u0441\u0442\u0440\u0430\u043d\u0438\u0446\u0430\",\"item\":\"https:\/\/xstyle.md\/\"},{\"@type\":\"ListItem\",\"position\":2,\"name\":\"\u041c\u0430\u0433\u0430\u0437\u0438\u043d\",\"item\":\"https:\/\/xstyle.md\/shop\/\"},{\"@type\":\"ListItem\",\"position\":3,\"name\":\"\u0411\u043e\u0442\u0438\u043d\u043a\u0438 Keen Zionic Mid WP dark olive\/scarlet ibis\"}]},{\"@type\":\"WebSite\",\"@id\":\"https:\/\/xstyle.md\/#website\",\"url\":\"https:\/\/xstyle.md\/\",\"name\":\"\u041c\u0430\u0433\u0430\u0437\u0438\u043d Xstyle\",\"description\":\"C\u043d\u0430\u0440\u044f\u0436\u0435\u043d\u0438\u0435 \u0434\u043b\u044f \u0442\u0443\u0440\u0438\u0437\u043c\u0430 \u0438 \u044d\u043a\u0441\u0442\u0440\u0435\u043c\u0430\u043b\u044c\u043d\u044b\u0445 \u0432\u0438\u0434\u043e\u0432 \u0441\u043f\u043e\u0440\u0442\u0430 \u0432 \u041c\u043e\u043b\u0434\u043e\u0432\u0435.. \u0426\u0435\u043d\u044b, \u0444\u043e\u0442\u043e, \u0445\u0430\u0440\u0430\u043a\u0442\u0435\u0440\u0438\u0441\u0442\u0438\u043a\u0438 \u0432 \u041c\u043e\u043b\u0434\u043e\u0432\u0435.\",\"publisher\":{\"@id\":\"https:\/\/xstyle.md\/#organization\"},\"alternateName\":\"X-Style\",\"potentialAction\":[{\"@type\":\"SearchAction\",\"target\":{\"@type\":\"EntryPoint\",\"urlTemplate\":\"https:\/\/xstyle.md\/?s={search_term_string}\"},\"query-input\":{\"@type\":\"PropertyValueSpecification\",\"valueRequired\":true,\"valueName\":\"search_term_string\"}}],\"inLanguage\":\"ro-RO\"},{\"@type\":\"Organization\",\"@id\":\"https:\/\/xstyle.md\/#organization\",\"name\":\"\u041c\u0430\u0433\u0430\u0437\u0438\u043d Xstyle\",\"alternateName\":\"x-style\",\"url\":\"https:\/\/xstyle.md\/\",\"logo\":{\"@type\":\"ImageObject\",\"inLanguage\":\"ro-RO\",\"@id\":\"https:\/\/xstyle.md\/#\/schema\/logo\/image\/\",\"url\":\"https:\/\/xstyle.md\/wp-content\/uploads\/2020\/06\/logoicon.svg\",\"contentUrl\":\"https:\/\/xstyle.md\/wp-content\/uploads\/2020\/06\/logoicon.svg\",\"caption\":\"\u041c\u0430\u0433\u0430\u0437\u0438\u043d Xstyle\"},\"image\":{\"@id\":\"https:\/\/xstyle.md\/#\/schema\/logo\/image\/\"},\"sameAs\":[\"https:\/\/www.facebook.com\/xstylemd\",\"https:\/\/www.instagram.com\/xstyle_md\/\",\"https:\/\/t.me\/xstyle_outdoor\"],\"hasMerchantReturnPolicy\":{\"@type\":\"MerchantReturnPolicy\",\"merchantReturnLink\":\"https:\/\/xstyle.md\/ro\/conditions\/\"}}]}<\/script>\n<meta property=\"product:price:amount\" content=\"3690.00\" \/>\n<meta property=\"product:price:currency\" content=\"MDL\" \/>\n<meta property=\"og:availability\" content=\"instock\" \/>\n<meta property=\"product:availability\" content=\"instock\" \/>\n<meta property=\"product:retailer_item_id\" content=\"195208256028\" \/>\n<meta property=\"product:condition\" content=\"new\" \/>\n<!-- \/ Yoast SEO plugin. -->","yoast_head_json":{"title":"Bocanci Keen Zionic Mid WP dark olive\/scarlet ibis - Magazin Xstyle","description":"Bocanci Keen Zionic Mid WP \u00een culoarea verde m\u0103sliniu\/ro\u0219u cu membran\u0103 KEENDRY ofer\u0103 propriet\u0103\u021bi impermeabile \u0219i respirabile. Ideali pentru activit\u0103\u021bi \u00een aer liber!","robots":{"index":"index","follow":"follow","max-snippet":"max-snippet:-1","max-image-preview":"max-image-preview:large","max-video-preview":"max-video-preview:-1"},"canonical":"https:\/\/xstyle.md\/ro\/produs\/botinki-keen-zionic-mid-wp-dark-olive-scarlet-ibis\/","og_locale":"ro_RO","og_type":"article","og_title":"\u0411\u043e\u0442\u0438\u043d\u043a\u0438 Keen Zionic Mid WP dark olive\/scarlet ibis - \u041c\u0430\u0433\u0430\u0437\u0438\u043d Xstyle","og_description":"\u0411\u043e\u0442\u0438\u043d\u043a\u0438 Keen Zionic Mid WP \u0432 \u0442\u0435\u043c\u043d\u043e-\u043e\u043b\u0438\u0432\u043a\u043e\u0432\u043e\u043c\/\u043a\u0440\u0430\u0441\u043d\u043e\u043c \u0446\u0432\u0435\u0442\u0435 \u0441 \u043c\u0435\u043c\u0431\u0440\u0430\u043d\u043e\u0439 KEENDRY \u043e\u0431\u0435\u0441\u043f\u0435\u0447\u0438\u0432\u0430\u044e\u0442 \u0432\u043e\u0434\u043e\u043e\u0442\u0442\u0430\u043b\u043a\u0438\u0432\u0430\u044e\u0449\u0438\u0435 \u0438 \u0434\u044b\u0448\u0430\u0449\u0438\u0435 \u0441\u0432\u043e\u0439\u0441\u0442\u0432\u0430. \u0418\u0434\u0435\u0430\u043b\u044c\u043d\u044b \u0434\u043b\u044f \u0430\u043a\u0442\u0438\u0432\u043d\u043e\u0433\u043e \u043e\u0442\u0434\u044b\u0445\u0430!","og_url":"https:\/\/xstyle.md\/ro\/produs\/botinki-keen-zionic-mid-wp-dark-olive-scarlet-ibis\/","og_site_name":"\u041c\u0430\u0433\u0430\u0437\u0438\u043d Xstyle","article_publisher":"https:\/\/www.facebook.com\/xstylemd","article_modified_time":"2026-03-19T14:21:06+00:00","og_image":[{"width":884,"height":884,"url":"https:\/\/xstyle.md\/wp-content\/uploads\/2024\/05\/keen-zionic-mid-wp-dark-olive-scarlet-ibis.jpg","type":"image\/jpeg"}],"twitter_card":"summary_large_image","twitter_misc":{"Pre\u021b":"3.690&nbsp;MDL","Disponibilitate":"\u00cen stoc"},"schema":{"@context":"https:\/\/schema.org","@graph":[{"@type":"WebPage","@id":"https:\/\/xstyle.md\/product\/botinki-keen-zionic-mid-wp-dark-olive-scarlet-ibis\/","url":"https:\/\/xstyle.md\/product\/botinki-keen-zionic-mid-wp-dark-olive-scarlet-ibis\/","name":"Bocanci Keen Zionic Mid WP dark olive\/scarlet ibis - Magazin Xstyle","isPartOf":{"@id":"https:\/\/xstyle.md\/#website"},"primaryImageOfPage":{"@id":"https:\/\/xstyle.md\/product\/botinki-keen-zionic-mid-wp-dark-olive-scarlet-ibis\/#primaryimage"},"image":{"@id":"https:\/\/xstyle.md\/product\/botinki-keen-zionic-mid-wp-dark-olive-scarlet-ibis\/#primaryimage"},"thumbnailUrl":"https:\/\/xstyle.md\/wp-content\/uploads\/2024\/05\/keen-zionic-mid-wp-dark-olive-scarlet-ibis.jpg","datePublished":"2024-05-24T07:59:45+00:00","dateModified":"2026-03-19T14:21:06+00:00","description":"Bocanci Keen Zionic Mid WP \u00een culoarea verde m\u0103sliniu\/ro\u0219u cu membran\u0103 KEENDRY ofer\u0103 propriet\u0103\u021bi impermeabile \u0219i respirabile. Ideali pentru activit\u0103\u021bi \u00een aer liber!","breadcrumb":{"@id":"https:\/\/xstyle.md\/product\/botinki-keen-zionic-mid-wp-dark-olive-scarlet-ibis\/#breadcrumb"},"inLanguage":"ro-RO","potentialAction":[{"@type":"ReadAction","target":["https:\/\/xstyle.md\/product\/botinki-keen-zionic-mid-wp-dark-olive-scarlet-ibis\/"]}]},{"@type":"ImageObject","inLanguage":"ro-RO","@id":"https:\/\/xstyle.md\/product\/botinki-keen-zionic-mid-wp-dark-olive-scarlet-ibis\/#primaryimage","url":"https:\/\/xstyle.md\/wp-content\/uploads\/2024\/05\/keen-zionic-mid-wp-dark-olive-scarlet-ibis.jpg","contentUrl":"https:\/\/xstyle.md\/wp-content\/uploads\/2024\/05\/keen-zionic-mid-wp-dark-olive-scarlet-ibis.jpg","width":884,"height":884,"caption":"\u0411\u043e\u0442\u0438\u043d\u043a\u0438 Keen Zionic Mid WP \u0442\u0435\u043c\u043d\u043e-\u043e\u043b\u0438\u0432\u043a\u043e\u0432\u044b\u0435 \u0438 \u0430\u043b\u044b\u0439 \u0434\u043b\u044f \u0430\u043a\u0442\u0438\u0432\u043d\u043e\u0433\u043e \u043e\u0431\u0440\u0430\u0437\u0430 \u0436\u0438\u0437\u043d\u0438 \u0441\u043f\u043e\u0440\u0442 \u043f\u043e\u0445\u043e\u0434\u044b \u0438 \u043f\u0443\u0442\u0435\u0448\u0435\u0441\u0442\u0432\u0438\u044f \u0432 \u0438\u043d\u0442\u0435\u0440\u043d\u0435\u0442 \u043c\u0430\u0433\u0430\u0437\u0438\u043d\u0435 \u044d\u043a\u0438\u043f\u0438\u0440\u043e\u0432\u043a\u0438 \u0434\u043b\u044f \u0430\u043a\u0442\u0438\u0432\u043d\u044b\u0445 \u043f\u0443\u0442\u0435\u0448\u0435\u0441\u0442\u0432\u0435\u043d\u043d\u0438\u043a\u043e\u0432"},{"@type":"BreadcrumbList","@id":"https:\/\/xstyle.md\/product\/botinki-keen-zionic-mid-wp-dark-olive-scarlet-ibis\/#breadcrumb","itemListElement":[{"@type":"ListItem","position":1,"name":"\u0413\u043b\u0430\u0432\u043d\u0430\u044f \u0441\u0442\u0440\u0430\u043d\u0438\u0446\u0430","item":"https:\/\/xstyle.md\/"},{"@type":"ListItem","position":2,"name":"\u041c\u0430\u0433\u0430\u0437\u0438\u043d","item":"https:\/\/xstyle.md\/shop\/"},{"@type":"ListItem","position":3,"name":"\u0411\u043e\u0442\u0438\u043d\u043a\u0438 Keen Zionic Mid WP dark olive\/scarlet ibis"}]},{"@type":"WebSite","@id":"https:\/\/xstyle.md\/#website","url":"https:\/\/xstyle.md\/","name":"Magazinul X-Style","description":"Echipamente pentru turism \u0219i sporturi extreme \u00een Moldova. Pre\u021buri, fotografii, caracteristici \u00een Moldova.","publisher":{"@id":"https:\/\/xstyle.md\/#organization"},"alternateName":"X-Style","potentialAction":[{"@type":"SearchAction","target":{"@type":"EntryPoint","urlTemplate":"https:\/\/xstyle.md\/?s={search_term_string}"},"query-input":{"@type":"PropertyValueSpecification","valueRequired":true,"valueName":"search_term_string"}}],"inLanguage":"ro-RO"},{"@type":"Organization","@id":"https:\/\/xstyle.md\/#organization","name":"Magazinul X-Style","alternateName":"x-style","url":"https:\/\/xstyle.md\/","logo":{"@type":"ImageObject","inLanguage":"ro-RO","@id":"https:\/\/xstyle.md\/#\/schema\/logo\/image\/","url":"https:\/\/xstyle.md\/wp-content\/uploads\/2020\/06\/logoicon.svg","contentUrl":"https:\/\/xstyle.md\/wp-content\/uploads\/2020\/06\/logoicon.svg","caption":"\u041c\u0430\u0433\u0430\u0437\u0438\u043d Xstyle"},"image":{"@id":"https:\/\/xstyle.md\/#\/schema\/logo\/image\/"},"sameAs":["https:\/\/www.facebook.com\/xstylemd","https:\/\/www.instagram.com\/xstyle_md\/","https:\/\/t.me\/xstyle_outdoor"],"hasMerchantReturnPolicy":{"@type":"MerchantReturnPolicy","merchantReturnLink":"https:\/\/xstyle.md\/ro\/conditions\/"}}]},"product_price_amount":"3690.00","product_price_currency":"MDL","og_availability":"instock","product_availability":"instock","product_retailer_item_id":"195208256028","product_condition":"new"},"post_mailing_queue_ids":[],"_links":{"self":[{"href":"https:\/\/xstyle.md\/ro\/wp-json\/wp\/v2\/product\/83699","targetHints":{"allow":["GET"]}}],"collection":[{"href":"https:\/\/xstyle.md\/ro\/wp-json\/wp\/v2\/product"}],"about":[{"href":"https:\/\/xstyle.md\/ro\/wp-json\/wp\/v2\/types\/product"}],"replies":[{"embeddable":true,"href":"https:\/\/xstyle.md\/ro\/wp-json\/wp\/v2\/comments?post=83699"}],"wp:featuredmedia":[{"embeddable":true,"href":"https:\/\/xstyle.md\/ro\/wp-json\/wp\/v2\/media\/83970"}],"wp:attachment":[{"href":"https:\/\/xstyle.md\/ro\/wp-json\/wp\/v2\/media?parent=83699"}],"wp:term":[{"taxonomy":"product_brand","embeddable":true,"href":"https:\/\/xstyle.md\/ro\/wp-json\/wp\/v2\/product_brand?post=83699"},{"taxonomy":"product_cat","embeddable":true,"href":"https:\/\/xstyle.md\/ro\/wp-json\/wp\/v2\/product_cat?post=83699"},{"taxonomy":"product_tag","embeddable":true,"href":"https:\/\/xstyle.md\/ro\/wp-json\/wp\/v2\/product_tag?post=83699"}],"curies":[{"name":"wp","href":"https:\/\/api.w.org\/{rel}","templated":true}]}}