{"id":83687,"date":"2024-05-24T10:59:43","date_gmt":"2024-05-24T07:59:43","guid":{"rendered":"https:\/\/xstyle.md\/?post_type=product&#038;p=83687"},"modified":"2026-03-19T17:21:00","modified_gmt":"2026-03-19T14:21:00","slug":"trp_language-languageru_rushorty-hannah-nylah-wmn-military-olive-trp_languagetrp_language-languagero_ropantaloni-scurti-hannah-nylah-wmn-military-olive-trp_language","status":"publish","type":"product","link":"https:\/\/xstyle.md\/ro\/produs\/trp_language-languageru_rushorty-hannah-nylah-wmn-military-olive-trp_languagetrp_language-languagero_ropantaloni-scurti-hannah-nylah-wmn-military-olive-trp_language\/","title":{"rendered":"Pantaloni scur\u021bi Hannah Nylah Wmn military olive"},"content":{"rendered":"<\/p>\n<p><strong>Hannah Nylah <\/strong>&#8212; pantaloni scur\u021bi de agrement pentru femei. U\u0219or, elastic \u0219i respirabil AFT Materialul elastic AFT ofer\u0103 confort. Pantalonii scur\u021bi sunt concepu\u021bi pentru drume\u021bii de o zi, vacan\u021be de var\u0103 \u0219i c\u0103l\u0103torii. Sunt foarte confortabili datorit\u0103 croielii alpine care subliniaz\u0103 demnitatea \u0219i a taliei cu band\u0103 elastic\u0103 contrastant\u0103. Pantalonii scur\u021bi au dou\u0103 buzunare principale \u00een fa\u021b\u0103 \u0219i un buzunar cu fermoar \u0219i un buzunar f\u0103r\u0103 fermoar pe spate.<\/p>\n<h3>Particularit\u0103\u021bi<\/h3>\n<ul>\n<li>Material u\u0219or \u0219i respirabil<\/li>\n<li>Confec\u021bionat din material AFT Stretch, care este un amestec de material sintetic \u0219i fibre elastice \u0219i care garanteaz\u0103 confort \u0219i libertate de mi\u0219care \u00een toate activit\u0103\u021bile dvs.<\/li>\n<li>Datorit\u0103 croielii alpine, a formei anatomice a genunchilor \u0219i a cauciucului la talie, ace\u0219ti pantaloni vi se vor potrivi perfect<\/li>\n<li>Dou\u0103 buzunare frontale<\/li>\n<li>Dou\u0103 buzunare la spate, unul cu \u00eenchidere cu fermoar.<\/li>\n<\/ul>\n<h3>Caracteristici<\/h3>\n<ul>\n<li>Material &#8212; 88% poliamid\u0103, 12% elastan<\/li>\n<li>Sezonul &#8212; prim\u0103var\u0103 \/ var\u0103<\/li>\n<li>Aplicare &#8212; sport \/ casual \/ alpinism<\/li>\n<li>Model - pentru femei.<\/li>\n<\/ul>\n<h3>Tehnologie<\/h3>\n<ul>\n<li><strong>AFT Stretch<\/strong> \u2013 material sintetic func\u021bional cu adaos de fibre elastice, care ofer\u0103 o senza\u021bie de confort \u00een situa\u021biile \u00een care este nevoie de spa\u021biu maxim \u0219i libertate de mi\u0219care.<\/li>\n<\/ul>\n<h3>Marca<\/h3>\n<p>Hannah este un brand interna\u021bional specializat \u00een articole de c\u0103l\u0103torie \u0219i \u00eembr\u0103c\u0103minte sport pentru fiecare sezon. Marca Hannah a fost fondat\u0103 \u00een Republica Ceh\u0103 \u00een 1991. Compania a ob\u021binut un succes bun pe pia\u021ba intern\u0103 datorit\u0103 politicii sale de \u00eenalt\u0103 calitate \u0219i a pre\u021burilor accesibile pentru fiecare produs.<\/p>\n<p>\u00cenc\u0103 de la \u00eenceput, compania a \u00eenceput s\u0103 produc\u0103 produse \u00een conformitate cu standardele interna\u021bionale, deoarece a realizat pe deplin importan\u021ba unei reputa\u021bii curate. \u00cen acest sens, s-a petrecut mult timp pentru selectarea materialelor de calitate, produsele put\u00e2nd fi caracterizate de rezisten\u021b\u0103 la uzur\u0103 \u0219i durabilitate, iar unele produse sunt, de asemenea, impermeabile. Ast\u0103zi, marca nu st\u0103 pe loc, catalogul lor este actualizat \u0219i extins \u00een mod constant, iar produsele pot fi g\u0103site \u00een \u00eentreaga lume.<\/p>\n<p><\/p>","protected":false},"excerpt":{"rendered":"","protected":false},"featured_media":84130,"comment_status":"open","ping_status":"closed","template":"","meta":{"_acf_changed":false,"inline_featured_image":false},"product_brand":[1271],"product_cat":[253],"product_tag":[],"class_list":{"0":"post-83687","1":"product","2":"type-product","3":"status-publish","4":"has-post-thumbnail","6":"product_brand-hannah","7":"product_cat-pantaloni-scurti-femei","9":"first","10":"instock","11":"shipping-taxable","12":"purchasable","13":"product-type-simple"},"acf":[],"yoast_head":"<!-- This site is optimized with the Yoast SEO plugin v27.2 - https:\/\/yoast.com\/product\/yoast-seo-wordpress\/ -->\n<title>\u0428\u043e\u0440\u0442\u044b Hannah Nylah Wmn military olive - \u041c\u0430\u0433\u0430\u0437\u0438\u043d Xstyle<\/title>\n<meta name=\"description\" content=\"\u0428\u043e\u0440\u0442\u044b Hannah Nylah Wmn \u0432 \u0432\u043e\u0435\u043d\u043d\u043e\u043c \u043e\u043b\u0438\u0432\u043a\u043e\u0432\u043e\u043c \u0446\u0432\u0435\u0442\u0435 \u0438\u0434\u0435\u0430\u043b\u044c\u043d\u043e \u043f\u043e\u0434\u0445\u043e\u0434\u044f\u0442 \u0434\u043b\u044f \u0430\u043a\u0442\u0438\u0432\u043d\u043e\u0433\u043e \u043e\u0442\u0434\u044b\u0445\u0430. \u0423\u0434\u043e\u0431\u043d\u044b\u0439 \u044d\u043b\u0430\u0441\u0442\u0438\u0447\u043d\u044b\u0439 \u043c\u0430\u0442\u0435\u0440\u0438\u0430\u043b AFT \u043e\u0431\u0435\u0441\u043f\u0435\u0447\u0438\u0432\u0430\u0435\u0442 \u043a\u043e\u043c\u0444\u043e\u0440\u0442 \u0432 \u043b\u044e\u0431\u044b\u0445 \u0443\u0441\u043b\u043e\u0432\u0438\u044f\u0445.\" \/>\n<meta name=\"robots\" content=\"index, follow, max-snippet:-1, max-image-preview:large, max-video-preview:-1\" \/>\n<link rel=\"canonical\" href=\"https:\/\/xstyle.md\/ro\/produs\/trp_language-languageru_rushorty-hannah-nylah-wmn-military-olive-trp_languagetrp_language-languagero_ropantaloni-scurti-hannah-nylah-wmn-military-olive-trp_language\/\" \/>\n<meta property=\"og:locale\" content=\"ro_RO\" \/>\n<meta property=\"og:type\" content=\"article\" \/>\n<meta property=\"og:title\" content=\"\u0428\u043e\u0440\u0442\u044b Hannah Nylah Wmn military olive - \u041c\u0430\u0433\u0430\u0437\u0438\u043d Xstyle\" \/>\n<meta property=\"og:description\" content=\"\u0428\u043e\u0440\u0442\u044b Hannah Nylah Wmn \u0432 \u0432\u043e\u0435\u043d\u043d\u043e\u043c \u043e\u043b\u0438\u0432\u043a\u043e\u0432\u043e\u043c \u0446\u0432\u0435\u0442\u0435 \u0438\u0434\u0435\u0430\u043b\u044c\u043d\u043e \u043f\u043e\u0434\u0445\u043e\u0434\u044f\u0442 \u0434\u043b\u044f \u0430\u043a\u0442\u0438\u0432\u043d\u043e\u0433\u043e \u043e\u0442\u0434\u044b\u0445\u0430. \u0423\u0434\u043e\u0431\u043d\u044b\u0439 \u044d\u043b\u0430\u0441\u0442\u0438\u0447\u043d\u044b\u0439 \u043c\u0430\u0442\u0435\u0440\u0438\u0430\u043b AFT \u043e\u0431\u0435\u0441\u043f\u0435\u0447\u0438\u0432\u0430\u0435\u0442 \u043a\u043e\u043c\u0444\u043e\u0440\u0442 \u0432 \u043b\u044e\u0431\u044b\u0445 \u0443\u0441\u043b\u043e\u0432\u0438\u044f\u0445.\" \/>\n<meta property=\"og:url\" content=\"https:\/\/xstyle.md\/ro\/produs\/trp_language-languageru_rushorty-hannah-nylah-wmn-military-olive-trp_languagetrp_language-languagero_ropantaloni-scurti-hannah-nylah-wmn-military-olive-trp_language\/\" \/>\n<meta property=\"og:site_name\" content=\"\u041c\u0430\u0433\u0430\u0437\u0438\u043d Xstyle\" \/>\n<meta property=\"article:publisher\" content=\"https:\/\/www.facebook.com\/xstylemd\" \/>\n<meta property=\"article:modified_time\" content=\"2026-03-19T14:21:00+00:00\" \/>\n<meta property=\"og:image\" content=\"https:\/\/xstyle.md\/wp-content\/uploads\/2024\/05\/hannah-nylah-wmn-military-olive.jpg\" \/>\n\t<meta property=\"og:image:width\" content=\"1354\" \/>\n\t<meta property=\"og:image:height\" content=\"1350\" \/>\n\t<meta property=\"og:image:type\" content=\"image\/jpeg\" \/>\n<meta name=\"twitter:card\" content=\"summary_large_image\" \/>\n<meta name=\"twitter:label1\" content=\"Pre\u021b\" \/>\n\t<meta name=\"twitter:data1\" content=\"1.060&nbsp;MDL\" \/>\n\t<meta name=\"twitter:label2\" content=\"Disponibilitate\" \/>\n\t<meta name=\"twitter:data2\" content=\"\u00cen stoc\" \/>\n<script type=\"application\/ld+json\" class=\"yoast-schema-graph\">{\"@context\":\"https:\/\/schema.org\",\"@graph\":[{\"@type\":\"WebPage\",\"@id\":\"https:\/\/xstyle.md\/product\/trp_language-languageru_rushorty-hannah-nylah-wmn-military-olive-trp_languagetrp_language-languagero_ropantaloni-scurti-hannah-nylah-wmn-military-olive-trp_language\/\",\"url\":\"https:\/\/xstyle.md\/product\/trp_language-languageru_rushorty-hannah-nylah-wmn-military-olive-trp_languagetrp_language-languagero_ropantaloni-scurti-hannah-nylah-wmn-military-olive-trp_language\/\",\"name\":\"\u0428\u043e\u0440\u0442\u044b Hannah Nylah Wmn military olive - \u041c\u0430\u0433\u0430\u0437\u0438\u043d Xstyle\",\"isPartOf\":{\"@id\":\"https:\/\/xstyle.md\/#website\"},\"primaryImageOfPage\":{\"@id\":\"https:\/\/xstyle.md\/product\/trp_language-languageru_rushorty-hannah-nylah-wmn-military-olive-trp_languagetrp_language-languagero_ropantaloni-scurti-hannah-nylah-wmn-military-olive-trp_language\/#primaryimage\"},\"image\":{\"@id\":\"https:\/\/xstyle.md\/product\/trp_language-languageru_rushorty-hannah-nylah-wmn-military-olive-trp_languagetrp_language-languagero_ropantaloni-scurti-hannah-nylah-wmn-military-olive-trp_language\/#primaryimage\"},\"thumbnailUrl\":\"https:\/\/xstyle.md\/wp-content\/uploads\/2024\/05\/hannah-nylah-wmn-military-olive.jpg\",\"datePublished\":\"2024-05-24T07:59:43+00:00\",\"dateModified\":\"2026-03-19T14:21:00+00:00\",\"description\":\"\u0428\u043e\u0440\u0442\u044b Hannah Nylah Wmn \u0432 \u0432\u043e\u0435\u043d\u043d\u043e\u043c \u043e\u043b\u0438\u0432\u043a\u043e\u0432\u043e\u043c \u0446\u0432\u0435\u0442\u0435 \u0438\u0434\u0435\u0430\u043b\u044c\u043d\u043e \u043f\u043e\u0434\u0445\u043e\u0434\u044f\u0442 \u0434\u043b\u044f \u0430\u043a\u0442\u0438\u0432\u043d\u043e\u0433\u043e \u043e\u0442\u0434\u044b\u0445\u0430. \u0423\u0434\u043e\u0431\u043d\u044b\u0439 \u044d\u043b\u0430\u0441\u0442\u0438\u0447\u043d\u044b\u0439 \u043c\u0430\u0442\u0435\u0440\u0438\u0430\u043b AFT \u043e\u0431\u0435\u0441\u043f\u0435\u0447\u0438\u0432\u0430\u0435\u0442 \u043a\u043e\u043c\u0444\u043e\u0440\u0442 \u0432 \u043b\u044e\u0431\u044b\u0445 \u0443\u0441\u043b\u043e\u0432\u0438\u044f\u0445.\",\"breadcrumb\":{\"@id\":\"https:\/\/xstyle.md\/product\/trp_language-languageru_rushorty-hannah-nylah-wmn-military-olive-trp_languagetrp_language-languagero_ropantaloni-scurti-hannah-nylah-wmn-military-olive-trp_language\/#breadcrumb\"},\"inLanguage\":\"ro-RO\",\"potentialAction\":[{\"@type\":\"ReadAction\",\"target\":[\"https:\/\/xstyle.md\/product\/trp_language-languageru_rushorty-hannah-nylah-wmn-military-olive-trp_languagetrp_language-languagero_ropantaloni-scurti-hannah-nylah-wmn-military-olive-trp_language\/\"]}]},{\"@type\":\"ImageObject\",\"inLanguage\":\"ro-RO\",\"@id\":\"https:\/\/xstyle.md\/product\/trp_language-languageru_rushorty-hannah-nylah-wmn-military-olive-trp_languagetrp_language-languagero_ropantaloni-scurti-hannah-nylah-wmn-military-olive-trp_language\/#primaryimage\",\"url\":\"https:\/\/xstyle.md\/wp-content\/uploads\/2024\/05\/hannah-nylah-wmn-military-olive.jpg\",\"contentUrl\":\"https:\/\/xstyle.md\/wp-content\/uploads\/2024\/05\/hannah-nylah-wmn-military-olive.jpg\",\"width\":1354,\"height\":1350,\"caption\":\"\u0428\u043e\u0440\u0442\u044b Hannah Nylah Wmn \u0432\u043e\u0435\u043d\u043d\u043e\u0433\u043e \u043e\u043b\u0438\u0432\u043a\u043e\u0432\u043e\u0433\u043e \u0446\u0432\u0435\u0442\u0430 \u0434\u043b\u044f \u0430\u043a\u0442\u0438\u0432\u043d\u043e\u0433\u043e \u043e\u0442\u0434\u044b\u0445\u0430 \u0438 \u043f\u0443\u0442\u0435\u0448\u0435\u0441\u0442\u0432\u0438\u0439 \u0434\u043b\u044f \u0436\u0435\u043d\u0449\u0438\u043d, \u043f\u043e\u0445\u043e\u0434\u044b \u0438 \u0430\u043b\u044c\u043f\u0438\u043d\u0438\u0437\u043c, \u0441\u043f\u043e\u0440\u0442\u0438\u0432\u043d\u0430\u044f \u043e\u0434\u0435\u0436\u0434\u0430 \u0438 \u043e\u0431\u0443\u0432\u044c \u0434\u043b\u044f outdoor \u0430\u043a\u0442\u0438\u0432\u043d\u044b\u0445 \u0432\u0438\u0434\u043e\u0432 \u0441\u043f\u043e\u0440\u0442\u0430\"},{\"@type\":\"BreadcrumbList\",\"@id\":\"https:\/\/xstyle.md\/product\/trp_language-languageru_rushorty-hannah-nylah-wmn-military-olive-trp_languagetrp_language-languagero_ropantaloni-scurti-hannah-nylah-wmn-military-olive-trp_language\/#breadcrumb\",\"itemListElement\":[{\"@type\":\"ListItem\",\"position\":1,\"name\":\"\u0413\u043b\u0430\u0432\u043d\u0430\u044f \u0441\u0442\u0440\u0430\u043d\u0438\u0446\u0430\",\"item\":\"https:\/\/xstyle.md\/\"},{\"@type\":\"ListItem\",\"position\":2,\"name\":\"\u041c\u0430\u0433\u0430\u0437\u0438\u043d\",\"item\":\"https:\/\/xstyle.md\/shop\/\"},{\"@type\":\"ListItem\",\"position\":3,\"name\":\"\u0428\u043e\u0440\u0442\u044b Hannah Nylah Wmn military olive\"}]},{\"@type\":\"WebSite\",\"@id\":\"https:\/\/xstyle.md\/#website\",\"url\":\"https:\/\/xstyle.md\/\",\"name\":\"\u041c\u0430\u0433\u0430\u0437\u0438\u043d Xstyle\",\"description\":\"C\u043d\u0430\u0440\u044f\u0436\u0435\u043d\u0438\u0435 \u0434\u043b\u044f \u0442\u0443\u0440\u0438\u0437\u043c\u0430 \u0438 \u044d\u043a\u0441\u0442\u0440\u0435\u043c\u0430\u043b\u044c\u043d\u044b\u0445 \u0432\u0438\u0434\u043e\u0432 \u0441\u043f\u043e\u0440\u0442\u0430 \u0432 \u041c\u043e\u043b\u0434\u043e\u0432\u0435.. \u0426\u0435\u043d\u044b, \u0444\u043e\u0442\u043e, \u0445\u0430\u0440\u0430\u043a\u0442\u0435\u0440\u0438\u0441\u0442\u0438\u043a\u0438 \u0432 \u041c\u043e\u043b\u0434\u043e\u0432\u0435.\",\"publisher\":{\"@id\":\"https:\/\/xstyle.md\/#organization\"},\"alternateName\":\"X-Style\",\"potentialAction\":[{\"@type\":\"SearchAction\",\"target\":{\"@type\":\"EntryPoint\",\"urlTemplate\":\"https:\/\/xstyle.md\/?s={search_term_string}\"},\"query-input\":{\"@type\":\"PropertyValueSpecification\",\"valueRequired\":true,\"valueName\":\"search_term_string\"}}],\"inLanguage\":\"ro-RO\"},{\"@type\":\"Organization\",\"@id\":\"https:\/\/xstyle.md\/#organization\",\"name\":\"\u041c\u0430\u0433\u0430\u0437\u0438\u043d Xstyle\",\"alternateName\":\"x-style\",\"url\":\"https:\/\/xstyle.md\/\",\"logo\":{\"@type\":\"ImageObject\",\"inLanguage\":\"ro-RO\",\"@id\":\"https:\/\/xstyle.md\/#\/schema\/logo\/image\/\",\"url\":\"https:\/\/xstyle.md\/wp-content\/uploads\/2020\/06\/logoicon.svg\",\"contentUrl\":\"https:\/\/xstyle.md\/wp-content\/uploads\/2020\/06\/logoicon.svg\",\"caption\":\"\u041c\u0430\u0433\u0430\u0437\u0438\u043d Xstyle\"},\"image\":{\"@id\":\"https:\/\/xstyle.md\/#\/schema\/logo\/image\/\"},\"sameAs\":[\"https:\/\/www.facebook.com\/xstylemd\",\"https:\/\/www.instagram.com\/xstyle_md\/\",\"https:\/\/t.me\/xstyle_outdoor\"],\"hasMerchantReturnPolicy\":{\"@type\":\"MerchantReturnPolicy\",\"merchantReturnLink\":\"https:\/\/xstyle.md\/ro\/conditions\/\"}}]}<\/script>\n<meta property=\"product:price:amount\" content=\"1060.00\" \/>\n<meta property=\"product:price:currency\" content=\"MDL\" \/>\n<meta property=\"og:availability\" content=\"instock\" \/>\n<meta property=\"product:availability\" content=\"instock\" \/>\n<meta property=\"product:retailer_item_id\" content=\"8591203528627\" \/>\n<meta property=\"product:condition\" content=\"new\" \/>\n<!-- \/ Yoast SEO plugin. -->","yoast_head_json":{"title":"Pantaloni scur\u021bi Hannah Nylah Wmn military olive - Magazin Xstyle","description":"\u0218orturile Hannah Nylah Wmn \u00een culoarea verde militar sunt perfecte pentru activit\u0103\u021bi \u00een aer liber. Materialul elastic AFT ofer\u0103 confort \u00een orice condi\u021bii.","robots":{"index":"index","follow":"follow","max-snippet":"max-snippet:-1","max-image-preview":"max-image-preview:large","max-video-preview":"max-video-preview:-1"},"canonical":"https:\/\/xstyle.md\/ro\/produs\/trp_language-languageru_rushorty-hannah-nylah-wmn-military-olive-trp_languagetrp_language-languagero_ropantaloni-scurti-hannah-nylah-wmn-military-olive-trp_language\/","og_locale":"ro_RO","og_type":"article","og_title":"\u0428\u043e\u0440\u0442\u044b Hannah Nylah Wmn military olive - \u041c\u0430\u0433\u0430\u0437\u0438\u043d Xstyle","og_description":"\u0428\u043e\u0440\u0442\u044b Hannah Nylah Wmn \u0432 \u0432\u043e\u0435\u043d\u043d\u043e\u043c \u043e\u043b\u0438\u0432\u043a\u043e\u0432\u043e\u043c \u0446\u0432\u0435\u0442\u0435 \u0438\u0434\u0435\u0430\u043b\u044c\u043d\u043e \u043f\u043e\u0434\u0445\u043e\u0434\u044f\u0442 \u0434\u043b\u044f \u0430\u043a\u0442\u0438\u0432\u043d\u043e\u0433\u043e \u043e\u0442\u0434\u044b\u0445\u0430. \u0423\u0434\u043e\u0431\u043d\u044b\u0439 \u044d\u043b\u0430\u0441\u0442\u0438\u0447\u043d\u044b\u0439 \u043c\u0430\u0442\u0435\u0440\u0438\u0430\u043b AFT \u043e\u0431\u0435\u0441\u043f\u0435\u0447\u0438\u0432\u0430\u0435\u0442 \u043a\u043e\u043c\u0444\u043e\u0440\u0442 \u0432 \u043b\u044e\u0431\u044b\u0445 \u0443\u0441\u043b\u043e\u0432\u0438\u044f\u0445.","og_url":"https:\/\/xstyle.md\/ro\/produs\/trp_language-languageru_rushorty-hannah-nylah-wmn-military-olive-trp_languagetrp_language-languagero_ropantaloni-scurti-hannah-nylah-wmn-military-olive-trp_language\/","og_site_name":"\u041c\u0430\u0433\u0430\u0437\u0438\u043d Xstyle","article_publisher":"https:\/\/www.facebook.com\/xstylemd","article_modified_time":"2026-03-19T14:21:00+00:00","og_image":[{"width":1354,"height":1350,"url":"https:\/\/xstyle.md\/wp-content\/uploads\/2024\/05\/hannah-nylah-wmn-military-olive.jpg","type":"image\/jpeg"}],"twitter_card":"summary_large_image","twitter_misc":{"Pre\u021b":"1.060&nbsp;MDL","Disponibilitate":"\u00cen stoc"},"schema":{"@context":"https:\/\/schema.org","@graph":[{"@type":"WebPage","@id":"https:\/\/xstyle.md\/product\/trp_language-languageru_rushorty-hannah-nylah-wmn-military-olive-trp_languagetrp_language-languagero_ropantaloni-scurti-hannah-nylah-wmn-military-olive-trp_language\/","url":"https:\/\/xstyle.md\/product\/trp_language-languageru_rushorty-hannah-nylah-wmn-military-olive-trp_languagetrp_language-languagero_ropantaloni-scurti-hannah-nylah-wmn-military-olive-trp_language\/","name":"Pantaloni scur\u021bi Hannah Nylah Wmn military olive - Magazin Xstyle","isPartOf":{"@id":"https:\/\/xstyle.md\/#website"},"primaryImageOfPage":{"@id":"https:\/\/xstyle.md\/product\/trp_language-languageru_rushorty-hannah-nylah-wmn-military-olive-trp_languagetrp_language-languagero_ropantaloni-scurti-hannah-nylah-wmn-military-olive-trp_language\/#primaryimage"},"image":{"@id":"https:\/\/xstyle.md\/product\/trp_language-languageru_rushorty-hannah-nylah-wmn-military-olive-trp_languagetrp_language-languagero_ropantaloni-scurti-hannah-nylah-wmn-military-olive-trp_language\/#primaryimage"},"thumbnailUrl":"https:\/\/xstyle.md\/wp-content\/uploads\/2024\/05\/hannah-nylah-wmn-military-olive.jpg","datePublished":"2024-05-24T07:59:43+00:00","dateModified":"2026-03-19T14:21:00+00:00","description":"\u0218orturile Hannah Nylah Wmn \u00een culoarea verde militar sunt perfecte pentru activit\u0103\u021bi \u00een aer liber. Materialul elastic AFT ofer\u0103 confort \u00een orice condi\u021bii.","breadcrumb":{"@id":"https:\/\/xstyle.md\/product\/trp_language-languageru_rushorty-hannah-nylah-wmn-military-olive-trp_languagetrp_language-languagero_ropantaloni-scurti-hannah-nylah-wmn-military-olive-trp_language\/#breadcrumb"},"inLanguage":"ro-RO","potentialAction":[{"@type":"ReadAction","target":["https:\/\/xstyle.md\/product\/trp_language-languageru_rushorty-hannah-nylah-wmn-military-olive-trp_languagetrp_language-languagero_ropantaloni-scurti-hannah-nylah-wmn-military-olive-trp_language\/"]}]},{"@type":"ImageObject","inLanguage":"ro-RO","@id":"https:\/\/xstyle.md\/product\/trp_language-languageru_rushorty-hannah-nylah-wmn-military-olive-trp_languagetrp_language-languagero_ropantaloni-scurti-hannah-nylah-wmn-military-olive-trp_language\/#primaryimage","url":"https:\/\/xstyle.md\/wp-content\/uploads\/2024\/05\/hannah-nylah-wmn-military-olive.jpg","contentUrl":"https:\/\/xstyle.md\/wp-content\/uploads\/2024\/05\/hannah-nylah-wmn-military-olive.jpg","width":1354,"height":1350,"caption":"\u0428\u043e\u0440\u0442\u044b Hannah Nylah Wmn \u0432\u043e\u0435\u043d\u043d\u043e\u0433\u043e \u043e\u043b\u0438\u0432\u043a\u043e\u0432\u043e\u0433\u043e \u0446\u0432\u0435\u0442\u0430 \u0434\u043b\u044f \u0430\u043a\u0442\u0438\u0432\u043d\u043e\u0433\u043e \u043e\u0442\u0434\u044b\u0445\u0430 \u0438 \u043f\u0443\u0442\u0435\u0448\u0435\u0441\u0442\u0432\u0438\u0439 \u0434\u043b\u044f \u0436\u0435\u043d\u0449\u0438\u043d, \u043f\u043e\u0445\u043e\u0434\u044b \u0438 \u0430\u043b\u044c\u043f\u0438\u043d\u0438\u0437\u043c, \u0441\u043f\u043e\u0440\u0442\u0438\u0432\u043d\u0430\u044f \u043e\u0434\u0435\u0436\u0434\u0430 \u0438 \u043e\u0431\u0443\u0432\u044c \u0434\u043b\u044f outdoor \u0430\u043a\u0442\u0438\u0432\u043d\u044b\u0445 \u0432\u0438\u0434\u043e\u0432 \u0441\u043f\u043e\u0440\u0442\u0430"},{"@type":"BreadcrumbList","@id":"https:\/\/xstyle.md\/product\/trp_language-languageru_rushorty-hannah-nylah-wmn-military-olive-trp_languagetrp_language-languagero_ropantaloni-scurti-hannah-nylah-wmn-military-olive-trp_language\/#breadcrumb","itemListElement":[{"@type":"ListItem","position":1,"name":"\u0413\u043b\u0430\u0432\u043d\u0430\u044f \u0441\u0442\u0440\u0430\u043d\u0438\u0446\u0430","item":"https:\/\/xstyle.md\/"},{"@type":"ListItem","position":2,"name":"\u041c\u0430\u0433\u0430\u0437\u0438\u043d","item":"https:\/\/xstyle.md\/shop\/"},{"@type":"ListItem","position":3,"name":"\u0428\u043e\u0440\u0442\u044b Hannah Nylah Wmn military olive"}]},{"@type":"WebSite","@id":"https:\/\/xstyle.md\/#website","url":"https:\/\/xstyle.md\/","name":"Magazinul X-Style","description":"Echipamente pentru turism \u0219i sporturi extreme \u00een Moldova. Pre\u021buri, fotografii, caracteristici \u00een Moldova.","publisher":{"@id":"https:\/\/xstyle.md\/#organization"},"alternateName":"X-Style","potentialAction":[{"@type":"SearchAction","target":{"@type":"EntryPoint","urlTemplate":"https:\/\/xstyle.md\/?s={search_term_string}"},"query-input":{"@type":"PropertyValueSpecification","valueRequired":true,"valueName":"search_term_string"}}],"inLanguage":"ro-RO"},{"@type":"Organization","@id":"https:\/\/xstyle.md\/#organization","name":"Magazinul X-Style","alternateName":"x-style","url":"https:\/\/xstyle.md\/","logo":{"@type":"ImageObject","inLanguage":"ro-RO","@id":"https:\/\/xstyle.md\/#\/schema\/logo\/image\/","url":"https:\/\/xstyle.md\/wp-content\/uploads\/2020\/06\/logoicon.svg","contentUrl":"https:\/\/xstyle.md\/wp-content\/uploads\/2020\/06\/logoicon.svg","caption":"\u041c\u0430\u0433\u0430\u0437\u0438\u043d Xstyle"},"image":{"@id":"https:\/\/xstyle.md\/#\/schema\/logo\/image\/"},"sameAs":["https:\/\/www.facebook.com\/xstylemd","https:\/\/www.instagram.com\/xstyle_md\/","https:\/\/t.me\/xstyle_outdoor"],"hasMerchantReturnPolicy":{"@type":"MerchantReturnPolicy","merchantReturnLink":"https:\/\/xstyle.md\/ro\/conditions\/"}}]},"product_price_amount":"1060.00","product_price_currency":"MDL","og_availability":"instock","product_availability":"instock","product_retailer_item_id":"8591203528627","product_condition":"new"},"post_mailing_queue_ids":[],"_links":{"self":[{"href":"https:\/\/xstyle.md\/ro\/wp-json\/wp\/v2\/product\/83687","targetHints":{"allow":["GET"]}}],"collection":[{"href":"https:\/\/xstyle.md\/ro\/wp-json\/wp\/v2\/product"}],"about":[{"href":"https:\/\/xstyle.md\/ro\/wp-json\/wp\/v2\/types\/product"}],"replies":[{"embeddable":true,"href":"https:\/\/xstyle.md\/ro\/wp-json\/wp\/v2\/comments?post=83687"}],"wp:featuredmedia":[{"embeddable":true,"href":"https:\/\/xstyle.md\/ro\/wp-json\/wp\/v2\/media\/84130"}],"wp:attachment":[{"href":"https:\/\/xstyle.md\/ro\/wp-json\/wp\/v2\/media?parent=83687"}],"wp:term":[{"taxonomy":"product_brand","embeddable":true,"href":"https:\/\/xstyle.md\/ro\/wp-json\/wp\/v2\/product_brand?post=83687"},{"taxonomy":"product_cat","embeddable":true,"href":"https:\/\/xstyle.md\/ro\/wp-json\/wp\/v2\/product_cat?post=83687"},{"taxonomy":"product_tag","embeddable":true,"href":"https:\/\/xstyle.md\/ro\/wp-json\/wp\/v2\/product_tag?post=83687"}],"curies":[{"name":"wp","href":"https:\/\/api.w.org\/{rel}","templated":true}]}}