{"id":83600,"date":"2024-05-24T10:59:22","date_gmt":"2024-05-24T07:59:22","guid":{"rendered":"https:\/\/xstyle.md\/?post_type=product&#038;p=83600"},"modified":"2025-05-29T11:42:42","modified_gmt":"2025-05-29T08:42:42","slug":"buff-coolnet-elwat-multi","status":"publish","type":"product","link":"https:\/\/xstyle.md\/ro\/produs\/buff-coolnet-elwat-multi\/","title":{"rendered":"Buff CoolNet Elwat Multi"},"content":{"rendered":"<\/p>\n<p><strong>Buff CoolNet Elwat Multi<\/strong>\u00a0&#8212; este o bandan\u0103 multifunc\u021bional\u0103 care se remarc\u0103 prin stil \u0219i confort. Aceast\u0103 bandan\u0103 este o solu\u021bie complet\u0103 pentru activit\u0103\u021bile \u00een aer liber \u00een zilele \u00eensorite &#8212; un companion ideal pentru drume\u021bii, drume\u021bii, drume\u021bii, drume\u021bii, alpinism, c\u0103\u021b\u0103rare, alergare, c\u0103l\u0103torii, ciclism \u0219i excursii cu motocicleta. De asemenea, este perfect\u0103 ca accesoriu luminos \u0219i versatil \u00een mediul urban.<\/p>\n<h3>Particularit\u0103\u021bi<\/h3>\n<ul>\n<li>\u00centindere excelent\u0103, poate fi purtat \u00eentr-o varietate de moduri<\/li>\n<li>\u021aes\u0103tura \u00eendep\u0103rteaz\u0103 umezeala de pe corp, f\u0103c\u00e2nd-o s\u0103 se evapore \u00eenainte de a se forma un miros de transpira\u021bie<\/li>\n<li>Nivel ridicat de protec\u021bie UV, cu UPF+50<\/li>\n<li>Respirabilitate mare \u0219i transport eficient al umidit\u0103\u021bii + efect de r\u0103cire<\/li>\n<li>\u021aes\u0103tur\u0103 de e\u0219arf\u0103 tratat\u0103 cu tehnologia special\u0103 Polygiene\u00ae cu s\u0103ruri de argint, care inhib\u0103 dezvoltarea bacteriilor \u0219i ciupercilor pe \u021bes\u0103tura sintetic\u0103<\/li>\n<li>Extrem de u\u0219oar\u0103 &#8212; confec\u021bionat\u0103 din material ultrau\u0219or, de \u00eenalt\u0103 tehnologie, c\u00e2nt\u0103re\u0219te cu 20% mai pu\u021bin dec\u00e2t bandanele originale<\/li>\n<li>Ultra Stretch &#8212; o \u021bes\u0103tur\u0103 foarte elastic\u0103, realizat\u0103 dintr-o combina\u021bie de poliester \u0219i elastan, se \u00eentinde \u00een patru direc\u021bii, cre\u00e2nd o potrivire confortabil\u0103, str\u00e2ns\u0103 \u0219i precis\u0103<\/li>\n<li>100% f\u0103r\u0103 cus\u0103turi &#8212; creat\u0103 dintr-o singur\u0103 bucat\u0103 de \u021bes\u0103tur\u0103 \u0219i f\u0103r\u0103 cus\u0103turi, ofer\u0103 un confort maxim \u0219i previne iritarea pielii\u021aes\u0103tura a fost produs\u0103 \u00eempreun\u0103 cu Repreve\u00ae, un brand care produce fibre reciclate din materiale reciclate, inclusiv sticle de plastic folosite<\/li>\n<\/ul>\n<h3>Caracteristici<\/h3>\n<ul>\n<li>Material &#8212; 95% poliester, 5% elastan\/Coolnet UV+<\/li>\n<li>Lungime &#8212; 53 cm<\/li>\n<li>L\u0103\u021bime &#8212; 22,7 cm.<\/li>\n<\/ul>\n<h3>Tehnologie<\/h3>\n<ul>\n<li><strong>Coolnet UV+<\/strong> \u2013 un material pe baz\u0103 de fibre de poliester reciclate. Modul de \u021besere \u0219i forma fibrelor \u00een sine confer\u0103 \u021bes\u0103turii propriet\u0103\u021bi capilare sporite, ceea ce \u00eei permite s\u0103 absoarb\u0103 excesul de umiditate (\u00een contact cu pielea umed\u0103), s\u0103 o transfere \u00een stratul exterior al \u021bes\u0103turii \u0219i s\u0103 se evapore rapid. \u021aes\u0103tura Coolnet UV+ este, de asemenea, extrem de u\u0219oar\u0103 (cu 20% mai u\u0219oar\u0103 dec\u00e2t Buff Original clasic), elastic\u0103 \u0219i are propriet\u0103\u021bi excelente de protec\u021bie solar\u0103 UPF 50+.<\/li>\n<li><strong>HeiQ Smart Temp<\/strong> &#8212; este o tehnologie inteligent\u0103 de termoreglare a \u021bes\u0103turilor care este declan\u0219at\u0103 de c\u0103ldura corporal\u0103 pentru a men\u021bine temperatura optim\u0103 a corpului.<\/li>\n<li><b>Polygiene<\/b> (Natural Silver Salt Technology) \u2013 care previne mirosurile nepl\u0103cute. Datorit\u0103 firelor de argint incluse \u00een compozi\u021bie, care sunt derivate din natur\u0103 \u0219i au propriet\u0103\u021bi antibacteriene &#8212; aceasta este o tehnologie activ\u0103 de control al mirosurilor. F\u0103r\u0103 r\u0103sp\u00e2ndire bacterian\u0103, nu trebuie s\u0103 v\u0103 face\u021bi griji cu privire la mirosul nepl\u0103cut. Aceast\u0103 proprietate a materialului se p\u0103streaz\u0103 \u0219i dup\u0103 sp\u0103l\u0103ri repetate.<\/li>\n<li><strong>Ultrastretch<\/strong> &#8212; este o \u021bes\u0103tur\u0103 elastic\u0103 care se \u00eentinde uniform \u00een toate direc\u021biile datorit\u0103 adaosului de elastan. Principalele avantaje ale acestui material sunt higroscopicitatea, respirabilitatea, hipoalergenicitatea \u0219i conductivitatea termic\u0103.<\/li>\n<li><strong>Protec\u021bie UV ridicat\u0103<\/strong> &#8212; este un articol de \u00eembr\u0103c\u0103minte special conceput pentru protec\u021bia \u00eempotriva razelor UV, reduc\u00e2nd efectele negative ale acestora asupra corpului.<\/li>\n<\/ul>\n<h3>Marca<\/h3>\n<p>BUFF\u00ae \u2013 brand spaniol, a c\u0103rui istorie a \u00eenceput \u00een 1992, c\u00e2nd proprietarul unei fabrici de textile catalane, Joan Rojas (Joan Rojas), pasionat de motociclism, a ajuns la concluzia c\u0103, pentru o c\u0103l\u0103torie mai confortabil\u0103 pe motociclet\u0103, este necesar un accesoriu simplu care s\u0103 protejeze g\u00e2tul \u0219i capul de v\u00e2ntul care se apropie, de frig \u0219i de soarele arz\u0103tor.<\/p>\n<p>Lui Rojas i-a pl\u0103cut ideea unei e\u0219arfe militare multifunc\u021bionale, care se poate transforma \u00eentr-o masc\u0103, o coafur\u0103 sau o e\u0219arf\u0103. Experimentele efectuate \u00een fabrica de textile a familiei sale cu diferite materiale \u0219i forme t\u0103iate au culminat cu g\u0103sirea de c\u0103tre Rojas a unei modalit\u0103\u021bi de a produce o e\u0219arf\u0103 cilindric\u0103 f\u0103r\u0103 cus\u0103turi din microfibr\u0103. Dup\u0103 ce prototipurile au fost testate de familia, prietenii \u0219i colegii atle\u021bi ai lui Rojas, \u00een 1992 a fost lansat\u0103 prima colec\u021bie de bandane f\u0103r\u0103 cus\u0103turi sub sigla BUFF\u00ae.<\/p>\n<p>\u00cen 2017, BUFF\u00ae \u0219i-a extins sim\u021bitor linia de modele, a \u00eenceput s\u0103 produc\u0103 nu numai bandane, ci \u0219i alte articole de acoperit capul, at\u00e2t pentru sport, c\u00e2t \u0219i pentru via\u021ba de zi cu zi.<\/p>\n<p><\/p>","protected":false},"excerpt":{"rendered":"","protected":false},"featured_media":84753,"comment_status":"open","ping_status":"closed","template":"","meta":{"_acf_changed":false,"inline_featured_image":false},"product_brand":[1302],"product_cat":[489],"product_tag":[],"class_list":{"0":"post-83600","1":"product","2":"type-product","3":"status-publish","4":"has-post-thumbnail","6":"product_brand-buff","7":"product_cat-original-buff","9":"first","10":"outofstock","11":"shipping-taxable","12":"product-type-simple"},"acf":[],"yoast_head":"<!-- This site is optimized with the Yoast SEO plugin v27.2 - https:\/\/yoast.com\/product\/yoast-seo-wordpress\/ -->\n<title>Buff CoolNet Elwat Multi - \u041c\u0430\u0433\u0430\u0437\u0438\u043d Xstyle<\/title>\n<meta name=\"description\" content=\"\u041a\u0443\u043f\u0438\u0442\u0435 Buff CoolNet Elwat Multi: \u0443\u043d\u0438\u0432\u0435\u0440\u0441\u0430\u043b\u044c\u043d\u0430\u044f \u0431\u0430\u043d\u0434\u0430\u043d\u0430 \u0441 UPF 50, \u0431\u0435\u0441\u0448\u043e\u0432\u043d\u044b\u043c \u0434\u0438\u0437\u0430\u0439\u043d\u043e\u043c \u0438 \u0442\u0435\u0445\u043d\u043e\u043b\u043e\u0433\u0438\u0435\u0439 Polygiene \u0434\u043b\u044f \u043c\u0430\u043a\u0441\u0438\u043c\u0430\u043b\u044c\u043d\u043e\u0433\u043e \u043a\u043e\u043c\u0444\u043e\u0440\u0442\u0430 \u043d\u0430 \u0443\u043b\u0438\u0446\u0435.\" \/>\n<meta name=\"robots\" content=\"index, follow, max-snippet:-1, max-image-preview:large, max-video-preview:-1\" \/>\n<link rel=\"canonical\" href=\"https:\/\/xstyle.md\/ro\/produs\/buff-coolnet-elwat-multi\/\" \/>\n<meta property=\"og:locale\" content=\"ro_RO\" \/>\n<meta property=\"og:type\" content=\"article\" \/>\n<meta property=\"og:title\" content=\"Buff CoolNet Elwat Multi - \u041c\u0430\u0433\u0430\u0437\u0438\u043d Xstyle\" \/>\n<meta property=\"og:description\" content=\"\u041a\u0443\u043f\u0438\u0442\u0435 Buff CoolNet Elwat Multi: \u0443\u043d\u0438\u0432\u0435\u0440\u0441\u0430\u043b\u044c\u043d\u0430\u044f \u0431\u0430\u043d\u0434\u0430\u043d\u0430 \u0441 UPF 50, \u0431\u0435\u0441\u0448\u043e\u0432\u043d\u044b\u043c \u0434\u0438\u0437\u0430\u0439\u043d\u043e\u043c \u0438 \u0442\u0435\u0445\u043d\u043e\u043b\u043e\u0433\u0438\u0435\u0439 Polygiene \u0434\u043b\u044f \u043c\u0430\u043a\u0441\u0438\u043c\u0430\u043b\u044c\u043d\u043e\u0433\u043e \u043a\u043e\u043c\u0444\u043e\u0440\u0442\u0430 \u043d\u0430 \u0443\u043b\u0438\u0446\u0435.\" \/>\n<meta property=\"og:url\" content=\"https:\/\/xstyle.md\/ro\/produs\/buff-coolnet-elwat-multi\/\" \/>\n<meta property=\"og:site_name\" content=\"\u041c\u0430\u0433\u0430\u0437\u0438\u043d Xstyle\" \/>\n<meta property=\"article:publisher\" content=\"https:\/\/www.facebook.com\/xstylemd\" \/>\n<meta property=\"article:modified_time\" content=\"2025-05-29T08:42:42+00:00\" \/>\n<meta property=\"og:image\" content=\"https:\/\/xstyle.md\/wp-content\/uploads\/2024\/05\/buff-coolnet-elwat-multi.jpg\" \/>\n\t<meta property=\"og:image:width\" content=\"500\" \/>\n\t<meta property=\"og:image:height\" content=\"500\" \/>\n\t<meta property=\"og:image:type\" content=\"image\/jpeg\" \/>\n<meta name=\"twitter:card\" content=\"summary_large_image\" \/>\n<meta name=\"twitter:label1\" content=\"Pre\u021b\" \/>\n\t<meta name=\"twitter:data1\" content=\"320&nbsp;MDL\" \/>\n\t<meta name=\"twitter:label2\" content=\"Disponibilitate\" \/>\n\t<meta name=\"twitter:data2\" content=\"Stoc epuizat\" \/>\n<script type=\"application\/ld+json\" class=\"yoast-schema-graph\">{\"@context\":\"https:\/\/schema.org\",\"@graph\":[{\"@type\":\"WebPage\",\"@id\":\"https:\/\/xstyle.md\/product\/buff-coolnet-elwat-multi\/\",\"url\":\"https:\/\/xstyle.md\/product\/buff-coolnet-elwat-multi\/\",\"name\":\"Buff CoolNet Elwat Multi - \u041c\u0430\u0433\u0430\u0437\u0438\u043d Xstyle\",\"isPartOf\":{\"@id\":\"https:\/\/xstyle.md\/#website\"},\"primaryImageOfPage\":{\"@id\":\"https:\/\/xstyle.md\/product\/buff-coolnet-elwat-multi\/#primaryimage\"},\"image\":{\"@id\":\"https:\/\/xstyle.md\/product\/buff-coolnet-elwat-multi\/#primaryimage\"},\"thumbnailUrl\":\"https:\/\/xstyle.md\/wp-content\/uploads\/2024\/05\/buff-coolnet-elwat-multi.jpg\",\"datePublished\":\"2024-05-24T07:59:22+00:00\",\"dateModified\":\"2025-05-29T08:42:42+00:00\",\"description\":\"\u041a\u0443\u043f\u0438\u0442\u0435 Buff CoolNet Elwat Multi: \u0443\u043d\u0438\u0432\u0435\u0440\u0441\u0430\u043b\u044c\u043d\u0430\u044f \u0431\u0430\u043d\u0434\u0430\u043d\u0430 \u0441 UPF 50, \u0431\u0435\u0441\u0448\u043e\u0432\u043d\u044b\u043c \u0434\u0438\u0437\u0430\u0439\u043d\u043e\u043c \u0438 \u0442\u0435\u0445\u043d\u043e\u043b\u043e\u0433\u0438\u0435\u0439 Polygiene \u0434\u043b\u044f \u043c\u0430\u043a\u0441\u0438\u043c\u0430\u043b\u044c\u043d\u043e\u0433\u043e \u043a\u043e\u043c\u0444\u043e\u0440\u0442\u0430 \u043d\u0430 \u0443\u043b\u0438\u0446\u0435.\",\"breadcrumb\":{\"@id\":\"https:\/\/xstyle.md\/product\/buff-coolnet-elwat-multi\/#breadcrumb\"},\"inLanguage\":\"ro-RO\",\"potentialAction\":[{\"@type\":\"ReadAction\",\"target\":[\"https:\/\/xstyle.md\/product\/buff-coolnet-elwat-multi\/\"]}]},{\"@type\":\"ImageObject\",\"inLanguage\":\"ro-RO\",\"@id\":\"https:\/\/xstyle.md\/product\/buff-coolnet-elwat-multi\/#primaryimage\",\"url\":\"https:\/\/xstyle.md\/wp-content\/uploads\/2024\/05\/buff-coolnet-elwat-multi.jpg\",\"contentUrl\":\"https:\/\/xstyle.md\/wp-content\/uploads\/2024\/05\/buff-coolnet-elwat-multi.jpg\",\"width\":500,\"height\":500,\"caption\":\"\u041c\u043d\u043e\u0433\u043e\u0444\u0443\u043d\u043a\u0446\u0438\u043e\u043d\u0430\u043b\u044c\u043d\u044b\u0439 \u0431\u0430\u043d\u0434\u0430\u043d\u0430 Buff CoolNet Elwat \u0434\u043b\u044f \u0430\u043a\u0442\u0438\u0432\u043d\u043e\u0433\u043e \u043e\u0442\u0434\u044b\u0445\u0430, \u043f\u0443\u0442\u0435\u0448\u0435\u0441\u0442\u0432\u0438\u0439, \u043f\u043e\u0445\u043e\u0434\u043e\u0432, \u0433\u043e\u0440\u043d\u044b\u0445 \u0432\u043e\u0441\u0445\u043e\u0436\u0434\u0435\u043d\u0438\u0439 \u0438 \u0437\u0430\u043d\u044f\u0442\u0438\u0439 \u0441\u043f\u043e\u0440\u0442\u043e\u043c \u0432 \u043e\u043d\u043b\u0430\u0439\u043d-\u043c\u0430\u0433\u0430\u0437\u0438\u043d\u0435 \u0441 \u043e\u0434\u0435\u0436\u0434\u043e\u0439 \u0438 \u043e\u0431\u0443\u0432\u044c\u044e \u0434\u043b\u044f \u0430\u043a\u0442\u0438\u0432\u043d\u043e\u0439 \u0436\u0438\u0437\u043d\u0438\"},{\"@type\":\"BreadcrumbList\",\"@id\":\"https:\/\/xstyle.md\/product\/buff-coolnet-elwat-multi\/#breadcrumb\",\"itemListElement\":[{\"@type\":\"ListItem\",\"position\":1,\"name\":\"\u0413\u043b\u0430\u0432\u043d\u0430\u044f \u0441\u0442\u0440\u0430\u043d\u0438\u0446\u0430\",\"item\":\"https:\/\/xstyle.md\/\"},{\"@type\":\"ListItem\",\"position\":2,\"name\":\"\u041c\u0430\u0433\u0430\u0437\u0438\u043d\",\"item\":\"https:\/\/xstyle.md\/shop\/\"},{\"@type\":\"ListItem\",\"position\":3,\"name\":\"Buff CoolNet Elwat Multi\"}]},{\"@type\":\"WebSite\",\"@id\":\"https:\/\/xstyle.md\/#website\",\"url\":\"https:\/\/xstyle.md\/\",\"name\":\"\u041c\u0430\u0433\u0430\u0437\u0438\u043d Xstyle\",\"description\":\"C\u043d\u0430\u0440\u044f\u0436\u0435\u043d\u0438\u0435 \u0434\u043b\u044f \u0442\u0443\u0440\u0438\u0437\u043c\u0430 \u0438 \u044d\u043a\u0441\u0442\u0440\u0435\u043c\u0430\u043b\u044c\u043d\u044b\u0445 \u0432\u0438\u0434\u043e\u0432 \u0441\u043f\u043e\u0440\u0442\u0430 \u0432 \u041c\u043e\u043b\u0434\u043e\u0432\u0435.. \u0426\u0435\u043d\u044b, \u0444\u043e\u0442\u043e, \u0445\u0430\u0440\u0430\u043a\u0442\u0435\u0440\u0438\u0441\u0442\u0438\u043a\u0438 \u0432 \u041c\u043e\u043b\u0434\u043e\u0432\u0435.\",\"publisher\":{\"@id\":\"https:\/\/xstyle.md\/#organization\"},\"alternateName\":\"X-Style\",\"potentialAction\":[{\"@type\":\"SearchAction\",\"target\":{\"@type\":\"EntryPoint\",\"urlTemplate\":\"https:\/\/xstyle.md\/?s={search_term_string}\"},\"query-input\":{\"@type\":\"PropertyValueSpecification\",\"valueRequired\":true,\"valueName\":\"search_term_string\"}}],\"inLanguage\":\"ro-RO\"},{\"@type\":\"Organization\",\"@id\":\"https:\/\/xstyle.md\/#organization\",\"name\":\"\u041c\u0430\u0433\u0430\u0437\u0438\u043d Xstyle\",\"alternateName\":\"x-style\",\"url\":\"https:\/\/xstyle.md\/\",\"logo\":{\"@type\":\"ImageObject\",\"inLanguage\":\"ro-RO\",\"@id\":\"https:\/\/xstyle.md\/#\/schema\/logo\/image\/\",\"url\":\"https:\/\/xstyle.md\/wp-content\/uploads\/2020\/06\/logoicon.svg\",\"contentUrl\":\"https:\/\/xstyle.md\/wp-content\/uploads\/2020\/06\/logoicon.svg\",\"caption\":\"\u041c\u0430\u0433\u0430\u0437\u0438\u043d Xstyle\"},\"image\":{\"@id\":\"https:\/\/xstyle.md\/#\/schema\/logo\/image\/\"},\"sameAs\":[\"https:\/\/www.facebook.com\/xstylemd\",\"https:\/\/www.instagram.com\/xstyle_md\/\",\"https:\/\/t.me\/xstyle_outdoor\"],\"hasMerchantReturnPolicy\":{\"@type\":\"MerchantReturnPolicy\",\"merchantReturnLink\":\"https:\/\/xstyle.md\/ro\/conditions\/\"}}]}<\/script>\n<meta property=\"product:price:amount\" content=\"320.00\" \/>\n<meta property=\"product:price:currency\" content=\"MDL\" \/>\n<meta property=\"og:availability\" content=\"out of stock\" \/>\n<meta property=\"product:availability\" content=\"out of stock\" \/>\n<meta property=\"product:retailer_item_id\" content=\"8428927552259\" \/>\n<meta property=\"product:condition\" content=\"new\" \/>\n<!-- \/ Yoast SEO plugin. -->","yoast_head_json":{"title":"Buff CoolNet Elwat Multi - Magazin Xstyle","description":"Cump\u0103ra\u021bi Buff CoolNet Elwat Multi: un bandan\u0103 universal\u0103 cu UPF 50, design f\u0103r\u0103 cus\u0103turi \u0219i tehnologie Polygiene pentru maximul de confort \u00een aer liber.","robots":{"index":"index","follow":"follow","max-snippet":"max-snippet:-1","max-image-preview":"max-image-preview:large","max-video-preview":"max-video-preview:-1"},"canonical":"https:\/\/xstyle.md\/ro\/produs\/buff-coolnet-elwat-multi\/","og_locale":"ro_RO","og_type":"article","og_title":"Buff CoolNet Elwat Multi - \u041c\u0430\u0433\u0430\u0437\u0438\u043d Xstyle","og_description":"\u041a\u0443\u043f\u0438\u0442\u0435 Buff CoolNet Elwat Multi: \u0443\u043d\u0438\u0432\u0435\u0440\u0441\u0430\u043b\u044c\u043d\u0430\u044f \u0431\u0430\u043d\u0434\u0430\u043d\u0430 \u0441 UPF 50, \u0431\u0435\u0441\u0448\u043e\u0432\u043d\u044b\u043c \u0434\u0438\u0437\u0430\u0439\u043d\u043e\u043c \u0438 \u0442\u0435\u0445\u043d\u043e\u043b\u043e\u0433\u0438\u0435\u0439 Polygiene \u0434\u043b\u044f \u043c\u0430\u043a\u0441\u0438\u043c\u0430\u043b\u044c\u043d\u043e\u0433\u043e \u043a\u043e\u043c\u0444\u043e\u0440\u0442\u0430 \u043d\u0430 \u0443\u043b\u0438\u0446\u0435.","og_url":"https:\/\/xstyle.md\/ro\/produs\/buff-coolnet-elwat-multi\/","og_site_name":"\u041c\u0430\u0433\u0430\u0437\u0438\u043d Xstyle","article_publisher":"https:\/\/www.facebook.com\/xstylemd","article_modified_time":"2025-05-29T08:42:42+00:00","og_image":[{"width":500,"height":500,"url":"https:\/\/xstyle.md\/wp-content\/uploads\/2024\/05\/buff-coolnet-elwat-multi.jpg","type":"image\/jpeg"}],"twitter_card":"summary_large_image","twitter_misc":{"Pre\u021b":"320&nbsp;MDL","Disponibilitate":"Stoc epuizat"},"schema":{"@context":"https:\/\/schema.org","@graph":[{"@type":"WebPage","@id":"https:\/\/xstyle.md\/product\/buff-coolnet-elwat-multi\/","url":"https:\/\/xstyle.md\/product\/buff-coolnet-elwat-multi\/","name":"Buff CoolNet Elwat Multi - Magazin Xstyle","isPartOf":{"@id":"https:\/\/xstyle.md\/#website"},"primaryImageOfPage":{"@id":"https:\/\/xstyle.md\/product\/buff-coolnet-elwat-multi\/#primaryimage"},"image":{"@id":"https:\/\/xstyle.md\/product\/buff-coolnet-elwat-multi\/#primaryimage"},"thumbnailUrl":"https:\/\/xstyle.md\/wp-content\/uploads\/2024\/05\/buff-coolnet-elwat-multi.jpg","datePublished":"2024-05-24T07:59:22+00:00","dateModified":"2025-05-29T08:42:42+00:00","description":"Cump\u0103ra\u021bi Buff CoolNet Elwat Multi: un bandan\u0103 universal\u0103 cu UPF 50, design f\u0103r\u0103 cus\u0103turi \u0219i tehnologie Polygiene pentru maximul de confort \u00een aer liber.","breadcrumb":{"@id":"https:\/\/xstyle.md\/product\/buff-coolnet-elwat-multi\/#breadcrumb"},"inLanguage":"ro-RO","potentialAction":[{"@type":"ReadAction","target":["https:\/\/xstyle.md\/product\/buff-coolnet-elwat-multi\/"]}]},{"@type":"ImageObject","inLanguage":"ro-RO","@id":"https:\/\/xstyle.md\/product\/buff-coolnet-elwat-multi\/#primaryimage","url":"https:\/\/xstyle.md\/wp-content\/uploads\/2024\/05\/buff-coolnet-elwat-multi.jpg","contentUrl":"https:\/\/xstyle.md\/wp-content\/uploads\/2024\/05\/buff-coolnet-elwat-multi.jpg","width":500,"height":500,"caption":"\u041c\u043d\u043e\u0433\u043e\u0444\u0443\u043d\u043a\u0446\u0438\u043e\u043d\u0430\u043b\u044c\u043d\u044b\u0439 \u0431\u0430\u043d\u0434\u0430\u043d\u0430 Buff CoolNet Elwat \u0434\u043b\u044f \u0430\u043a\u0442\u0438\u0432\u043d\u043e\u0433\u043e \u043e\u0442\u0434\u044b\u0445\u0430, \u043f\u0443\u0442\u0435\u0448\u0435\u0441\u0442\u0432\u0438\u0439, \u043f\u043e\u0445\u043e\u0434\u043e\u0432, \u0433\u043e\u0440\u043d\u044b\u0445 \u0432\u043e\u0441\u0445\u043e\u0436\u0434\u0435\u043d\u0438\u0439 \u0438 \u0437\u0430\u043d\u044f\u0442\u0438\u0439 \u0441\u043f\u043e\u0440\u0442\u043e\u043c \u0432 \u043e\u043d\u043b\u0430\u0439\u043d-\u043c\u0430\u0433\u0430\u0437\u0438\u043d\u0435 \u0441 \u043e\u0434\u0435\u0436\u0434\u043e\u0439 \u0438 \u043e\u0431\u0443\u0432\u044c\u044e \u0434\u043b\u044f \u0430\u043a\u0442\u0438\u0432\u043d\u043e\u0439 \u0436\u0438\u0437\u043d\u0438"},{"@type":"BreadcrumbList","@id":"https:\/\/xstyle.md\/product\/buff-coolnet-elwat-multi\/#breadcrumb","itemListElement":[{"@type":"ListItem","position":1,"name":"\u0413\u043b\u0430\u0432\u043d\u0430\u044f \u0441\u0442\u0440\u0430\u043d\u0438\u0446\u0430","item":"https:\/\/xstyle.md\/"},{"@type":"ListItem","position":2,"name":"\u041c\u0430\u0433\u0430\u0437\u0438\u043d","item":"https:\/\/xstyle.md\/shop\/"},{"@type":"ListItem","position":3,"name":"Buff CoolNet Elwat Multi"}]},{"@type":"WebSite","@id":"https:\/\/xstyle.md\/#website","url":"https:\/\/xstyle.md\/","name":"Magazinul X-Style","description":"Echipamente pentru turism \u0219i sporturi extreme \u00een Moldova. Pre\u021buri, fotografii, caracteristici \u00een Moldova.","publisher":{"@id":"https:\/\/xstyle.md\/#organization"},"alternateName":"X-Style","potentialAction":[{"@type":"SearchAction","target":{"@type":"EntryPoint","urlTemplate":"https:\/\/xstyle.md\/?s={search_term_string}"},"query-input":{"@type":"PropertyValueSpecification","valueRequired":true,"valueName":"search_term_string"}}],"inLanguage":"ro-RO"},{"@type":"Organization","@id":"https:\/\/xstyle.md\/#organization","name":"Magazinul X-Style","alternateName":"x-style","url":"https:\/\/xstyle.md\/","logo":{"@type":"ImageObject","inLanguage":"ro-RO","@id":"https:\/\/xstyle.md\/#\/schema\/logo\/image\/","url":"https:\/\/xstyle.md\/wp-content\/uploads\/2020\/06\/logoicon.svg","contentUrl":"https:\/\/xstyle.md\/wp-content\/uploads\/2020\/06\/logoicon.svg","caption":"\u041c\u0430\u0433\u0430\u0437\u0438\u043d Xstyle"},"image":{"@id":"https:\/\/xstyle.md\/#\/schema\/logo\/image\/"},"sameAs":["https:\/\/www.facebook.com\/xstylemd","https:\/\/www.instagram.com\/xstyle_md\/","https:\/\/t.me\/xstyle_outdoor"],"hasMerchantReturnPolicy":{"@type":"MerchantReturnPolicy","merchantReturnLink":"https:\/\/xstyle.md\/ro\/conditions\/"}}]},"product_price_amount":"320.00","product_price_currency":"MDL","og_availability":"out of stock","product_availability":"out of stock","product_retailer_item_id":"8428927552259","product_condition":"new"},"post_mailing_queue_ids":[],"_links":{"self":[{"href":"https:\/\/xstyle.md\/ro\/wp-json\/wp\/v2\/product\/83600","targetHints":{"allow":["GET"]}}],"collection":[{"href":"https:\/\/xstyle.md\/ro\/wp-json\/wp\/v2\/product"}],"about":[{"href":"https:\/\/xstyle.md\/ro\/wp-json\/wp\/v2\/types\/product"}],"replies":[{"embeddable":true,"href":"https:\/\/xstyle.md\/ro\/wp-json\/wp\/v2\/comments?post=83600"}],"wp:featuredmedia":[{"embeddable":true,"href":"https:\/\/xstyle.md\/ro\/wp-json\/wp\/v2\/media\/84753"}],"wp:attachment":[{"href":"https:\/\/xstyle.md\/ro\/wp-json\/wp\/v2\/media?parent=83600"}],"wp:term":[{"taxonomy":"product_brand","embeddable":true,"href":"https:\/\/xstyle.md\/ro\/wp-json\/wp\/v2\/product_brand?post=83600"},{"taxonomy":"product_cat","embeddable":true,"href":"https:\/\/xstyle.md\/ro\/wp-json\/wp\/v2\/product_cat?post=83600"},{"taxonomy":"product_tag","embeddable":true,"href":"https:\/\/xstyle.md\/ro\/wp-json\/wp\/v2\/product_tag?post=83600"}],"curies":[{"name":"wp","href":"https:\/\/api.w.org\/{rel}","templated":true}]}}