{"id":83093,"date":"2024-05-10T13:36:09","date_gmt":"2024-05-10T10:36:09","guid":{"rendered":"https:\/\/xstyle.md\/?post_type=product&#038;p=83093"},"modified":"2024-10-21T09:36:52","modified_gmt":"2024-10-21T06:36:52","slug":"muzhskoj-gidrokostyum-omer-black-sea-bfo-jkt-hw-pants-5-mm","status":"publish","type":"product","link":"https:\/\/xstyle.md\/ro\/produs\/muzhskoj-gidrokostyum-omer-black-sea-bfo-jkt-hw-pants-5-mm\/","title":{"rendered":"Costum de neopren pentru b\u0103rba\u021bi Omer Black Sea BFO JKT+HW pants 5 mm"},"content":{"rendered":"<\/p>\n<p><strong>Omer Black Sea BFO JKT+HW pants 5 mm<\/strong> &#8212; un costum de neopren cu c\u0103ptu\u0219eal\u0103 dubl\u0103 conceput pentru pescuitul subacvatic. Mai durabil dec\u00e2t \u00eembr\u0103c\u0103mintea divizat\u0103 \u0219i mai u\u0219or de \u00eembr\u0103cat deoarece nu necesit\u0103 lubrifiere. Stern \u0219i genunchi ranforsa\u021bi.<\/p>\n<h3>Particularit\u0103\u021bi<\/h3>\n<ul>\n<li>Pantaloni scur\u021bi, f\u0103r\u0103 curele<\/li>\n<li>\u00cent\u0103riri pe piept (pentru \u00eenc\u0103rcarea arbaletei) \u0219i genunchi<\/li>\n<li>Potrivire anatomic\u0103<\/li>\n<\/ul>\n<h3>Caracteristici<\/h3>\n<ul>\n<li>Material &#8212; neopren<\/li>\n<li>Grosime &#8212; 5 mm<\/li>\n<li>Model - b\u0103rba\u021bi<\/li>\n<\/ul>\n<h3>Marca<\/h3>\n<p>Omer este unul dintre cei mai mari produc\u0103tori mondiali de echipamente pentru pescuit subacvatic \u0219i freediving. Compania a fost \u00eenfiin\u021bat\u0103 \u00een anii 1970 \u00een Sovino (Italia, regiunea Lombardia). De-a lungul anilor de munc\u0103 fructuoas\u0103 a reu\u0219it s\u0103 ating\u0103 pozi\u021biile de lider \u00een Europa \u0219i s\u0103 c\u00e2\u0219tige reputa\u021bia unui produc\u0103tor de \u00eencredere \u00een \u00eentreaga lume. Gama Omer include sute de produse de calitate, inclusiv costume de neopren, pistoale subacvatice, harpoane \u0219i alte echipamente.<\/p>\n<p><\/p>","protected":false},"excerpt":{"rendered":"","protected":false},"featured_media":83407,"comment_status":"open","ping_status":"closed","template":"","meta":{"_acf_changed":false,"inline_featured_image":false},"product_brand":[1316],"product_cat":[180],"product_tag":[],"class_list":{"0":"post-83093","1":"product","2":"type-product","3":"status-publish","4":"has-post-thumbnail","6":"product_brand-omer","7":"product_cat-neoprene-suits-and-accessories","9":"first","10":"instock","11":"shipping-taxable","12":"purchasable","13":"product-type-simple"},"acf":[],"yoast_head":"<!-- This site is optimized with the Yoast SEO plugin v27.4 - https:\/\/yoast.com\/product\/yoast-seo-wordpress\/ -->\n<title>\u041c\u0443\u0436\u0441\u043a\u043e\u0439 \u0433\u0438\u0434\u0440\u043e\u043a\u043e\u0441\u0442\u044e\u043c Omer Black Sea BFO JKT+HW pants 5 mm - \u041c\u0430\u0433\u0430\u0437\u0438\u043d Xstyle<\/title>\n<meta name=\"description\" content=\"\u041c\u0443\u0436\u0441\u043a\u043e\u0439 \u0433\u0438\u0434\u0440\u043e\u043a\u043e\u0441\u0442\u044e\u043c Omer Black Sea BFO JKT+HW 5 \u043c\u043c \u0434\u043b\u044f \u043f\u043e\u0434\u0432\u043e\u0434\u043d\u043e\u0439 \u043e\u0445\u043e\u0442\u044b: \u043f\u0440\u043e\u0447\u043d\u044b\u0439, \u0430\u043d\u0430\u0442\u043e\u043c\u0438\u0447\u0435\u0441\u043a\u0430\u044f \u043f\u043e\u0441\u0430\u0434\u043a\u0430, \u0443\u0441\u0438\u043b\u0435\u043d\u0438\u044f \u043d\u0430 \u0433\u0440\u0443\u0434\u0438 \u0438 \u043a\u043e\u043b\u0435\u043d\u044f\u0445. \u041f\u043e\u0433\u0440\u0443\u0436\u0430\u0439\u0442\u0435\u0441\u044c \u0441 \u043a\u043e\u043c\u0444\u043e\u0440\u0442\u043e\u043c!\" \/>\n<meta name=\"robots\" content=\"index, follow, max-snippet:-1, max-image-preview:large, max-video-preview:-1\" \/>\n<link rel=\"canonical\" href=\"https:\/\/xstyle.md\/ro\/produs\/muzhskoj-gidrokostyum-omer-black-sea-bfo-jkt-hw-pants-5-mm\/\" \/>\n<meta property=\"og:locale\" content=\"ro_RO\" \/>\n<meta property=\"og:type\" content=\"article\" \/>\n<meta property=\"og:title\" content=\"\u041c\u0443\u0436\u0441\u043a\u043e\u0439 \u0433\u0438\u0434\u0440\u043e\u043a\u043e\u0441\u0442\u044e\u043c Omer Black Sea BFO JKT+HW pants 5 mm - \u041c\u0430\u0433\u0430\u0437\u0438\u043d Xstyle\" \/>\n<meta property=\"og:description\" content=\"\u041c\u0443\u0436\u0441\u043a\u043e\u0439 \u0433\u0438\u0434\u0440\u043e\u043a\u043e\u0441\u0442\u044e\u043c Omer Black Sea BFO JKT+HW 5 \u043c\u043c \u0434\u043b\u044f \u043f\u043e\u0434\u0432\u043e\u0434\u043d\u043e\u0439 \u043e\u0445\u043e\u0442\u044b: \u043f\u0440\u043e\u0447\u043d\u044b\u0439, \u0430\u043d\u0430\u0442\u043e\u043c\u0438\u0447\u0435\u0441\u043a\u0430\u044f \u043f\u043e\u0441\u0430\u0434\u043a\u0430, \u0443\u0441\u0438\u043b\u0435\u043d\u0438\u044f \u043d\u0430 \u0433\u0440\u0443\u0434\u0438 \u0438 \u043a\u043e\u043b\u0435\u043d\u044f\u0445. \u041f\u043e\u0433\u0440\u0443\u0436\u0430\u0439\u0442\u0435\u0441\u044c \u0441 \u043a\u043e\u043c\u0444\u043e\u0440\u0442\u043e\u043c!\" \/>\n<meta property=\"og:url\" content=\"https:\/\/xstyle.md\/ro\/produs\/muzhskoj-gidrokostyum-omer-black-sea-bfo-jkt-hw-pants-5-mm\/\" \/>\n<meta property=\"og:site_name\" content=\"\u041c\u0430\u0433\u0430\u0437\u0438\u043d Xstyle\" \/>\n<meta property=\"article:publisher\" content=\"https:\/\/www.facebook.com\/xstylemd\" \/>\n<meta property=\"article:modified_time\" content=\"2024-10-21T06:36:52+00:00\" \/>\n<meta property=\"og:image\" content=\"https:\/\/xstyle.md\/wp-content\/uploads\/2024\/05\/omer-black-sea-bfo-jkthw-pants-5-mm.jpg\" \/>\n\t<meta property=\"og:image:width\" content=\"900\" \/>\n\t<meta property=\"og:image:height\" content=\"900\" \/>\n\t<meta property=\"og:image:type\" content=\"image\/jpeg\" \/>\n<meta name=\"twitter:card\" content=\"summary_large_image\" \/>\n<meta name=\"twitter:label1\" content=\"Pre\u021b\" \/>\n\t<meta name=\"twitter:data1\" content=\"5.790&nbsp;MDL\" \/>\n\t<meta name=\"twitter:label2\" content=\"Disponibilitate\" \/>\n\t<meta name=\"twitter:data2\" content=\"\u00cen stoc\" \/>\n<script type=\"application\/ld+json\" class=\"yoast-schema-graph\">{\"@context\":\"https:\\\/\\\/schema.org\",\"@graph\":[{\"@type\":\"WebPage\",\"@id\":\"https:\\\/\\\/xstyle.md\\\/product\\\/muzhskoj-gidrokostyum-omer-black-sea-bfo-jkt-hw-pants-5-mm\\\/\",\"url\":\"https:\\\/\\\/xstyle.md\\\/product\\\/muzhskoj-gidrokostyum-omer-black-sea-bfo-jkt-hw-pants-5-mm\\\/\",\"name\":\"\u041c\u0443\u0436\u0441\u043a\u043e\u0439 \u0433\u0438\u0434\u0440\u043e\u043a\u043e\u0441\u0442\u044e\u043c Omer Black Sea BFO JKT+HW pants 5 mm - \u041c\u0430\u0433\u0430\u0437\u0438\u043d Xstyle\",\"isPartOf\":{\"@id\":\"https:\\\/\\\/xstyle.md\\\/#website\"},\"primaryImageOfPage\":{\"@id\":\"https:\\\/\\\/xstyle.md\\\/product\\\/muzhskoj-gidrokostyum-omer-black-sea-bfo-jkt-hw-pants-5-mm\\\/#primaryimage\"},\"image\":{\"@id\":\"https:\\\/\\\/xstyle.md\\\/product\\\/muzhskoj-gidrokostyum-omer-black-sea-bfo-jkt-hw-pants-5-mm\\\/#primaryimage\"},\"thumbnailUrl\":\"https:\\\/\\\/xstyle.md\\\/wp-content\\\/uploads\\\/2024\\\/05\\\/omer-black-sea-bfo-jkthw-pants-5-mm.jpg\",\"datePublished\":\"2024-05-10T10:36:09+00:00\",\"dateModified\":\"2024-10-21T06:36:52+00:00\",\"description\":\"\u041c\u0443\u0436\u0441\u043a\u043e\u0439 \u0433\u0438\u0434\u0440\u043e\u043a\u043e\u0441\u0442\u044e\u043c Omer Black Sea BFO JKT+HW 5 \u043c\u043c \u0434\u043b\u044f \u043f\u043e\u0434\u0432\u043e\u0434\u043d\u043e\u0439 \u043e\u0445\u043e\u0442\u044b: \u043f\u0440\u043e\u0447\u043d\u044b\u0439, \u0430\u043d\u0430\u0442\u043e\u043c\u0438\u0447\u0435\u0441\u043a\u0430\u044f \u043f\u043e\u0441\u0430\u0434\u043a\u0430, \u0443\u0441\u0438\u043b\u0435\u043d\u0438\u044f \u043d\u0430 \u0433\u0440\u0443\u0434\u0438 \u0438 \u043a\u043e\u043b\u0435\u043d\u044f\u0445. \u041f\u043e\u0433\u0440\u0443\u0436\u0430\u0439\u0442\u0435\u0441\u044c \u0441 \u043a\u043e\u043c\u0444\u043e\u0440\u0442\u043e\u043c!\",\"breadcrumb\":{\"@id\":\"https:\\\/\\\/xstyle.md\\\/product\\\/muzhskoj-gidrokostyum-omer-black-sea-bfo-jkt-hw-pants-5-mm\\\/#breadcrumb\"},\"inLanguage\":\"ro-RO\",\"potentialAction\":[{\"@type\":\"ReadAction\",\"target\":[\"https:\\\/\\\/xstyle.md\\\/product\\\/muzhskoj-gidrokostyum-omer-black-sea-bfo-jkt-hw-pants-5-mm\\\/\"]}]},{\"@type\":\"ImageObject\",\"inLanguage\":\"ro-RO\",\"@id\":\"https:\\\/\\\/xstyle.md\\\/product\\\/muzhskoj-gidrokostyum-omer-black-sea-bfo-jkt-hw-pants-5-mm\\\/#primaryimage\",\"url\":\"https:\\\/\\\/xstyle.md\\\/wp-content\\\/uploads\\\/2024\\\/05\\\/omer-black-sea-bfo-jkthw-pants-5-mm.jpg\",\"contentUrl\":\"https:\\\/\\\/xstyle.md\\\/wp-content\\\/uploads\\\/2024\\\/05\\\/omer-black-sea-bfo-jkthw-pants-5-mm.jpg\",\"width\":900,\"height\":900,\"caption\":\"\u041c\u0443\u0436\u0441\u043a\u043e\u0439 \u0433\u0438\u0434\u0440\u043e\u043a\u043e\u0441\u0442\u044e\u043c \u0434\u043b\u044f \u0430\u043a\u0442\u0438\u0432\u043d\u043e\u0433\u043e \u043e\u0442\u0434\u044b\u0445\u0430, \u043e\u0434\u0435\u0436\u0434\u0430 \u0438 \u043e\u0431\u0443\u0432\u044c \u0434\u043b\u044f \u043f\u043b\u0430\u0432\u0430\u043d\u0438\u044f, \u0445\u0430\u0439\u043a\u0438\u043d\u0433\u0430, \u0430\u043b\u044c\u043f\u0438\u043d\u0438\u0437\u043c\u0430 \u0438 \u043f\u0443\u0442\u0435\u0448\u0435\u0441\u0442\u0432\u0438\u0439, \u0432\u043e\u0434\u043d\u044b\u0435 \u0432\u0438\u0434\u044b \u0441\u043f\u043e\u0440\u0442\u0430 \u0434\u043b\u044f \u043e\u043d\u043b\u0430\u0439\u043d \u043c\u0430\u0433\u0430\u0437\u0438\u043d\u0430\"},{\"@type\":\"BreadcrumbList\",\"@id\":\"https:\\\/\\\/xstyle.md\\\/product\\\/muzhskoj-gidrokostyum-omer-black-sea-bfo-jkt-hw-pants-5-mm\\\/#breadcrumb\",\"itemListElement\":[{\"@type\":\"ListItem\",\"position\":1,\"name\":\"\u0413\u043b\u0430\u0432\u043d\u0430\u044f \u0441\u0442\u0440\u0430\u043d\u0438\u0446\u0430\",\"item\":\"https:\\\/\\\/xstyle.md\\\/\"},{\"@type\":\"ListItem\",\"position\":2,\"name\":\"\u041c\u0430\u0433\u0430\u0437\u0438\u043d\",\"item\":\"https:\\\/\\\/xstyle.md\\\/shop\\\/\"},{\"@type\":\"ListItem\",\"position\":3,\"name\":\"\u041c\u0443\u0436\u0441\u043a\u043e\u0439 \u0433\u0438\u0434\u0440\u043e\u043a\u043e\u0441\u0442\u044e\u043c Omer Black Sea BFO JKT+HW pants 5 mm\"}]},{\"@type\":\"WebSite\",\"@id\":\"https:\\\/\\\/xstyle.md\\\/#website\",\"url\":\"https:\\\/\\\/xstyle.md\\\/\",\"name\":\"\u041c\u0430\u0433\u0430\u0437\u0438\u043d Xstyle\",\"description\":\"C\u043d\u0430\u0440\u044f\u0436\u0435\u043d\u0438\u0435 \u0434\u043b\u044f \u0442\u0443\u0440\u0438\u0437\u043c\u0430 \u0438 \u044d\u043a\u0441\u0442\u0440\u0435\u043c\u0430\u043b\u044c\u043d\u044b\u0445 \u0432\u0438\u0434\u043e\u0432 \u0441\u043f\u043e\u0440\u0442\u0430 \u0432 \u041c\u043e\u043b\u0434\u043e\u0432\u0435.. \u0426\u0435\u043d\u044b, \u0444\u043e\u0442\u043e, \u0445\u0430\u0440\u0430\u043a\u0442\u0435\u0440\u0438\u0441\u0442\u0438\u043a\u0438 \u0432 \u041c\u043e\u043b\u0434\u043e\u0432\u0435.\",\"publisher\":{\"@id\":\"https:\\\/\\\/xstyle.md\\\/#organization\"},\"alternateName\":\"X-Style\",\"potentialAction\":[{\"@type\":\"SearchAction\",\"target\":{\"@type\":\"EntryPoint\",\"urlTemplate\":\"https:\\\/\\\/xstyle.md\\\/?s={search_term_string}\"},\"query-input\":{\"@type\":\"PropertyValueSpecification\",\"valueRequired\":true,\"valueName\":\"search_term_string\"}}],\"inLanguage\":\"ro-RO\"},{\"@type\":\"Organization\",\"@id\":\"https:\\\/\\\/xstyle.md\\\/#organization\",\"name\":\"\u041c\u0430\u0433\u0430\u0437\u0438\u043d Xstyle\",\"alternateName\":\"x-style\",\"url\":\"https:\\\/\\\/xstyle.md\\\/\",\"logo\":{\"@type\":\"ImageObject\",\"inLanguage\":\"ro-RO\",\"@id\":\"https:\\\/\\\/xstyle.md\\\/#\\\/schema\\\/logo\\\/image\\\/\",\"url\":\"https:\\\/\\\/xstyle.md\\\/wp-content\\\/uploads\\\/2020\\\/06\\\/logoicon.svg\",\"contentUrl\":\"https:\\\/\\\/xstyle.md\\\/wp-content\\\/uploads\\\/2020\\\/06\\\/logoicon.svg\",\"caption\":\"\u041c\u0430\u0433\u0430\u0437\u0438\u043d Xstyle\"},\"image\":{\"@id\":\"https:\\\/\\\/xstyle.md\\\/#\\\/schema\\\/logo\\\/image\\\/\"},\"sameAs\":[\"https:\\\/\\\/www.facebook.com\\\/xstylemd\",\"https:\\\/\\\/www.instagram.com\\\/xstyle_md\\\/\",\"https:\\\/\\\/t.me\\\/xstyle_outdoor\"],\"hasMerchantReturnPolicy\":{\"@type\":\"MerchantReturnPolicy\",\"merchantReturnLink\":\"https:\\\/\\\/xstyle.md\\\/ro\\\/conditions\\\/\"}}]}<\/script>\n<meta property=\"product:price:amount\" content=\"5790.00\" \/>\n<meta property=\"product:price:currency\" content=\"MDL\" \/>\n<meta property=\"og:availability\" content=\"instock\" \/>\n<meta property=\"product:availability\" content=\"instock\" \/>\n<meta property=\"product:retailer_item_id\" content=\"8017736152790\" \/>\n<meta property=\"product:condition\" content=\"new\" \/>\n<!-- \/ Yoast SEO plugin. -->","yoast_head_json":{"title":"Costum de neopren pentru b\u0103rba\u021bi Omer Black Sea BFO JKT+HW pants 5 mm - Magazin Xstyle","description":"Costumul umed masculin Omer Black Sea BFO JKT+HW de 5 mm pentru v\u00e2n\u0103toare subacvatic\u0103: rezistent, ajustare anatomical\u0103, \u00eent\u0103riri la piept \u0219i genunchi. Scufunda\u021bi-v\u0103 cu confort!","robots":{"index":"index","follow":"follow","max-snippet":"max-snippet:-1","max-image-preview":"max-image-preview:large","max-video-preview":"max-video-preview:-1"},"canonical":"https:\/\/xstyle.md\/ro\/produs\/muzhskoj-gidrokostyum-omer-black-sea-bfo-jkt-hw-pants-5-mm\/","og_locale":"ro_RO","og_type":"article","og_title":"\u041c\u0443\u0436\u0441\u043a\u043e\u0439 \u0433\u0438\u0434\u0440\u043e\u043a\u043e\u0441\u0442\u044e\u043c Omer Black Sea BFO JKT+HW pants 5 mm - \u041c\u0430\u0433\u0430\u0437\u0438\u043d Xstyle","og_description":"\u041c\u0443\u0436\u0441\u043a\u043e\u0439 \u0433\u0438\u0434\u0440\u043e\u043a\u043e\u0441\u0442\u044e\u043c Omer Black Sea BFO JKT+HW 5 \u043c\u043c \u0434\u043b\u044f \u043f\u043e\u0434\u0432\u043e\u0434\u043d\u043e\u0439 \u043e\u0445\u043e\u0442\u044b: \u043f\u0440\u043e\u0447\u043d\u044b\u0439, \u0430\u043d\u0430\u0442\u043e\u043c\u0438\u0447\u0435\u0441\u043a\u0430\u044f \u043f\u043e\u0441\u0430\u0434\u043a\u0430, \u0443\u0441\u0438\u043b\u0435\u043d\u0438\u044f \u043d\u0430 \u0433\u0440\u0443\u0434\u0438 \u0438 \u043a\u043e\u043b\u0435\u043d\u044f\u0445. \u041f\u043e\u0433\u0440\u0443\u0436\u0430\u0439\u0442\u0435\u0441\u044c \u0441 \u043a\u043e\u043c\u0444\u043e\u0440\u0442\u043e\u043c!","og_url":"https:\/\/xstyle.md\/ro\/produs\/muzhskoj-gidrokostyum-omer-black-sea-bfo-jkt-hw-pants-5-mm\/","og_site_name":"\u041c\u0430\u0433\u0430\u0437\u0438\u043d Xstyle","article_publisher":"https:\/\/www.facebook.com\/xstylemd","article_modified_time":"2024-10-21T06:36:52+00:00","og_image":[{"width":900,"height":900,"url":"https:\/\/xstyle.md\/wp-content\/uploads\/2024\/05\/omer-black-sea-bfo-jkthw-pants-5-mm.jpg","type":"image\/jpeg"}],"twitter_card":"summary_large_image","twitter_misc":{"Pre\u021b":"5.790&nbsp;MDL","Disponibilitate":"\u00cen stoc"},"schema":{"@context":"https:\/\/schema.org","@graph":[{"@type":"WebPage","@id":"https:\/\/xstyle.md\/product\/muzhskoj-gidrokostyum-omer-black-sea-bfo-jkt-hw-pants-5-mm\/","url":"https:\/\/xstyle.md\/product\/muzhskoj-gidrokostyum-omer-black-sea-bfo-jkt-hw-pants-5-mm\/","name":"Costum de neopren pentru b\u0103rba\u021bi Omer Black Sea BFO JKT+HW pants 5 mm - Magazin Xstyle","isPartOf":{"@id":"https:\/\/xstyle.md\/#website"},"primaryImageOfPage":{"@id":"https:\/\/xstyle.md\/product\/muzhskoj-gidrokostyum-omer-black-sea-bfo-jkt-hw-pants-5-mm\/#primaryimage"},"image":{"@id":"https:\/\/xstyle.md\/product\/muzhskoj-gidrokostyum-omer-black-sea-bfo-jkt-hw-pants-5-mm\/#primaryimage"},"thumbnailUrl":"https:\/\/xstyle.md\/wp-content\/uploads\/2024\/05\/omer-black-sea-bfo-jkthw-pants-5-mm.jpg","datePublished":"2024-05-10T10:36:09+00:00","dateModified":"2024-10-21T06:36:52+00:00","description":"Costumul umed masculin Omer Black Sea BFO JKT+HW de 5 mm pentru v\u00e2n\u0103toare subacvatic\u0103: rezistent, ajustare anatomical\u0103, \u00eent\u0103riri la piept \u0219i genunchi. Scufunda\u021bi-v\u0103 cu confort!","breadcrumb":{"@id":"https:\/\/xstyle.md\/product\/muzhskoj-gidrokostyum-omer-black-sea-bfo-jkt-hw-pants-5-mm\/#breadcrumb"},"inLanguage":"ro-RO","potentialAction":[{"@type":"ReadAction","target":["https:\/\/xstyle.md\/product\/muzhskoj-gidrokostyum-omer-black-sea-bfo-jkt-hw-pants-5-mm\/"]}]},{"@type":"ImageObject","inLanguage":"ro-RO","@id":"https:\/\/xstyle.md\/product\/muzhskoj-gidrokostyum-omer-black-sea-bfo-jkt-hw-pants-5-mm\/#primaryimage","url":"https:\/\/xstyle.md\/wp-content\/uploads\/2024\/05\/omer-black-sea-bfo-jkthw-pants-5-mm.jpg","contentUrl":"https:\/\/xstyle.md\/wp-content\/uploads\/2024\/05\/omer-black-sea-bfo-jkthw-pants-5-mm.jpg","width":900,"height":900,"caption":"\u041c\u0443\u0436\u0441\u043a\u043e\u0439 \u0433\u0438\u0434\u0440\u043e\u043a\u043e\u0441\u0442\u044e\u043c \u0434\u043b\u044f \u0430\u043a\u0442\u0438\u0432\u043d\u043e\u0433\u043e \u043e\u0442\u0434\u044b\u0445\u0430, \u043e\u0434\u0435\u0436\u0434\u0430 \u0438 \u043e\u0431\u0443\u0432\u044c \u0434\u043b\u044f \u043f\u043b\u0430\u0432\u0430\u043d\u0438\u044f, \u0445\u0430\u0439\u043a\u0438\u043d\u0433\u0430, \u0430\u043b\u044c\u043f\u0438\u043d\u0438\u0437\u043c\u0430 \u0438 \u043f\u0443\u0442\u0435\u0448\u0435\u0441\u0442\u0432\u0438\u0439, \u0432\u043e\u0434\u043d\u044b\u0435 \u0432\u0438\u0434\u044b \u0441\u043f\u043e\u0440\u0442\u0430 \u0434\u043b\u044f \u043e\u043d\u043b\u0430\u0439\u043d \u043c\u0430\u0433\u0430\u0437\u0438\u043d\u0430"},{"@type":"BreadcrumbList","@id":"https:\/\/xstyle.md\/product\/muzhskoj-gidrokostyum-omer-black-sea-bfo-jkt-hw-pants-5-mm\/#breadcrumb","itemListElement":[{"@type":"ListItem","position":1,"name":"\u0413\u043b\u0430\u0432\u043d\u0430\u044f \u0441\u0442\u0440\u0430\u043d\u0438\u0446\u0430","item":"https:\/\/xstyle.md\/"},{"@type":"ListItem","position":2,"name":"\u041c\u0430\u0433\u0430\u0437\u0438\u043d","item":"https:\/\/xstyle.md\/shop\/"},{"@type":"ListItem","position":3,"name":"\u041c\u0443\u0436\u0441\u043a\u043e\u0439 \u0433\u0438\u0434\u0440\u043e\u043a\u043e\u0441\u0442\u044e\u043c Omer Black Sea BFO JKT+HW pants 5 mm"}]},{"@type":"WebSite","@id":"https:\/\/xstyle.md\/#website","url":"https:\/\/xstyle.md\/","name":"Magazinul X-Style","description":"Echipamente pentru turism \u0219i sporturi extreme \u00een Moldova. Pre\u021buri, fotografii, caracteristici \u00een Moldova.","publisher":{"@id":"https:\/\/xstyle.md\/#organization"},"alternateName":"X-Style","potentialAction":[{"@type":"SearchAction","target":{"@type":"EntryPoint","urlTemplate":"https:\/\/xstyle.md\/?s={search_term_string}"},"query-input":{"@type":"PropertyValueSpecification","valueRequired":true,"valueName":"search_term_string"}}],"inLanguage":"ro-RO"},{"@type":"Organization","@id":"https:\/\/xstyle.md\/#organization","name":"Magazinul X-Style","alternateName":"x-style","url":"https:\/\/xstyle.md\/","logo":{"@type":"ImageObject","inLanguage":"ro-RO","@id":"https:\/\/xstyle.md\/#\/schema\/logo\/image\/","url":"https:\/\/xstyle.md\/wp-content\/uploads\/2020\/06\/logoicon.svg","contentUrl":"https:\/\/xstyle.md\/wp-content\/uploads\/2020\/06\/logoicon.svg","caption":"\u041c\u0430\u0433\u0430\u0437\u0438\u043d Xstyle"},"image":{"@id":"https:\/\/xstyle.md\/#\/schema\/logo\/image\/"},"sameAs":["https:\/\/www.facebook.com\/xstylemd","https:\/\/www.instagram.com\/xstyle_md\/","https:\/\/t.me\/xstyle_outdoor"],"hasMerchantReturnPolicy":{"@type":"MerchantReturnPolicy","merchantReturnLink":"https:\/\/xstyle.md\/ro\/conditions\/"}}]},"product_price_amount":"5790.00","product_price_currency":"MDL","og_availability":"instock","product_availability":"instock","product_retailer_item_id":"8017736152790","product_condition":"new"},"_links":{"self":[{"href":"https:\/\/xstyle.md\/ro\/wp-json\/wp\/v2\/product\/83093","targetHints":{"allow":["GET"]}}],"collection":[{"href":"https:\/\/xstyle.md\/ro\/wp-json\/wp\/v2\/product"}],"about":[{"href":"https:\/\/xstyle.md\/ro\/wp-json\/wp\/v2\/types\/product"}],"replies":[{"embeddable":true,"href":"https:\/\/xstyle.md\/ro\/wp-json\/wp\/v2\/comments?post=83093"}],"wp:featuredmedia":[{"embeddable":true,"href":"https:\/\/xstyle.md\/ro\/wp-json\/wp\/v2\/media\/83407"}],"wp:attachment":[{"href":"https:\/\/xstyle.md\/ro\/wp-json\/wp\/v2\/media?parent=83093"}],"wp:term":[{"taxonomy":"product_brand","embeddable":true,"href":"https:\/\/xstyle.md\/ro\/wp-json\/wp\/v2\/product_brand?post=83093"},{"taxonomy":"product_cat","embeddable":true,"href":"https:\/\/xstyle.md\/ro\/wp-json\/wp\/v2\/product_cat?post=83093"},{"taxonomy":"product_tag","embeddable":true,"href":"https:\/\/xstyle.md\/ro\/wp-json\/wp\/v2\/product_tag?post=83093"}],"curies":[{"name":"wp","href":"https:\/\/api.w.org\/{rel}","templated":true}]}}