{"id":83076,"date":"2024-05-10T13:36:06","date_gmt":"2024-05-10T10:36:06","guid":{"rendered":"https:\/\/xstyle.md\/?post_type=product&#038;p=83076"},"modified":"2026-03-19T17:20:16","modified_gmt":"2026-03-19T14:20:16","slug":"trp_language-languageru_rubotinki-asolo-finder-gv-mm-graphite-green-lime-trp_languagetrp_language-languagero_robocanci-asolo-finder-gv-mm-graphite-green-lime-trp_language","status":"publish","type":"product","link":"https:\/\/xstyle.md\/ro\/produs\/trp_language-languageru_rubotinki-asolo-finder-gv-mm-graphite-green-lime-trp_languagetrp_language-languagero_robocanci-asolo-finder-gv-mm-graphite-green-lime-trp_language\/","title":{"rendered":"Bocanci Asolo Finder GV MM graphite\/green lime"},"content":{"rendered":"<\/p>\n<p><strong>Asolo Finder GV MM <\/strong>&#8212; bocanci confortabile pentru b\u0103rba\u021bi, sunt concepute pentru drume\u021bii &#8212; u\u0219oare, la nivel, f\u0103r\u0103 trasee st\u00e2ncoase. Membrana GORE-TEX\u00ae integrat\u0103 ofer\u0103 o respirabilitate excelent\u0103, astfel \u00eenc\u00e2t aceste bocanci sunt op\u021biunea perfect\u0103 pentru drume\u021bii pe vremea moderata sau cald\u0103. Sistemul multistrat al t\u0103lpii exterioare ofer\u0103 confort pentru picior \u0219i amortizare fiabil\u0103, \u00een timp ce Vibram\u00ae Megagrip ofer\u0103 o trac\u021biune bun\u0103 chiar \u0219i pe suprafe\u021be umede. V\u00e2rful cauciucat asigur\u0103 o protec\u021bie suplimentar\u0103 \u00eempotriva deterior\u0103rilor mecanice. V\u0103 vor proteja picioarele \u00een orice situa\u021bie. Rezistente la ap\u0103, pentru pasiona\u021bii de activit\u0103\u021bi \u00een aer liber. Ace\u0219ti bocanci de calitate sunt performan\u021bi \u00een orice condi\u021bii. Combin\u0103 rezisten\u021ba \u0219i durabilitatea.<\/p>\n<h3>Particularit\u0103\u021bi<\/h3>\n<ul>\n<li>Talpa Megagrip dens\u0103 ofer\u0103 o trac\u021biune superioar\u0103<\/li>\n<li>Membrana Gore-Tex asigur\u0103 respirabilitate \u0219i rezisten\u021b\u0103 la ap\u0103<\/li>\n<li>Aderen\u021b\u0103 bun\u0103 la picior, bine ventilat\u0103<\/li>\n<li>Amortizare bun\u0103<\/li>\n<li>\u00cenchiderea cu \u0219ireturi, care \u00eencepe aproape de v\u00e2rful bocancului, ofer\u0103 cea mai bun\u0103 stabilitate posibil\u0103 a piciorului \u0219i gleznei<\/li>\n<li>V\u00e2rful cauciucat asigur\u0103 o protec\u021bie suplimentar\u0103 \u00eempotriva deteriorarii.<\/li>\n<li>Ideal\u0103 pentru drume\u021bii pe vreme cald\u0103.<\/li>\n<\/ul>\n<h3>Caracteristici<\/h3>\n<ul>\n<li>Material superior &#8212; pielea intoarsa cu strat impermeabil + Cordura<\/li>\n<li>Membrane - GORE-TEX\u00ae Extended Comfort<\/li>\n<li>Talp\u0103 exterioar\u0103 &#8212; Vibram\u00ae Megagrip, Duo Radiant<\/li>\n<li>Talp\u0103 anatomic\u0103 &#8212; Lite 2<\/li>\n<li>Scop &#8212; drume\u021bii, trekking<\/li>\n<li>Sezonul - demi-sezon<\/li>\n<li>Greutate &#8212; 546 g.<\/li>\n<\/ul>\n<h3>Tehnologie<\/h3>\n<ul>\n<li><strong>Gore-Tex\u00ae Extended Comfort<\/strong> este o membran\u0103 care ofer\u0103 protec\u021bie impermeabil\u0103 \u0219i are o respirabilitate excelent\u0103 \u00een condi\u021bii de vreme moderat\u0103 p\u00e2n\u0103 la cald\u0103 \u0219i niveluri ridicate de activitate. Excelent\u0103 atunci cand reten\u021bia de c\u0103ldur\u0103 \u00een interiorul incaltamintei trebuie s\u0103 fie redus\u0103 la minimum.<\/li>\n<li><strong>Vibram\u00ae -\u00a0<\/strong>Cel mai important produc\u0103tor mondial de benzi pentru alpinism \u0219i trekking. Talpa este proiectat\u0103 cu un cauciuc foarte rezistent, care este o aderen\u021b\u0103 excelent\u0103 la suprafa\u021b\u0103. Ofer\u0103 suport\u0103 maxim \u0219i durabilitate.<\/li>\n<li><strong>Megagrip <\/strong>&#8212; tehnologie \u00een care construc\u021bia urmeaz\u0103 forma anatomic\u0103 a c\u0103lc\u00e2iului. Datorit\u0103 structurii \u00een form\u0103 de T, asigur\u0103 o sus\u021binere \u0219i o fixare excelent\u0103 a c\u0103lc\u00e2iului. Fabricat cu inser\u021bii din poliuretan pentru a preveni abraziunea.<\/li>\n<\/ul>\n<p>\n\n<\/p>\n<h3>Marca<\/h3>\n<p>ASOLO este unul dintre principalii produc\u0103tori de incaltaminate pentru trekking, altitudine, urban \u0219i multisport. Compania italian\u0103 ASOLO exist\u0103 din 1975 \u0219i, la momentul lans\u0103rii sale, nu a fost \u00een m\u0103sur\u0103 s\u0103 dezvolte lumea industriei sportive cu un num\u0103r mare de v\u00e2nz\u0103ri inovatoare.<\/p>\n<p>ASOLO realizeaz\u0103 o gam\u0103 larg\u0103 de tehnologii \u0219i materiale de ultim\u0103 genera\u021bie, care pot fi utilizate \u00eentr-o gam\u0103 larg\u0103 de aplica\u021bii. \u00cen ASOLO cald\u0103, u\u0219oar\u0103, confortabil\u0103 \u0219i fiabil\u0103 se folose\u0219te t\u0103lpile VIBRAM. Poate fi utilizat ca dispozitiv de stabilizare pentru a preveni utilizarea unui num\u0103r mare de cobor\u00e2ri abrupte.<\/p>\n<p>Croirea excelenta si performan\u021ba sunt punctele forte ale marcii ASOLO.<\/p>\n<p>","protected":false},"excerpt":{"rendered":"","protected":false},"featured_media":83234,"comment_status":"open","ping_status":"closed","template":"","meta":{"_acf_changed":false,"inline_featured_image":false},"product_brand":[1277],"product_cat":[143],"product_tag":[],"class_list":{"0":"post-83076","1":"product","2":"type-product","3":"status-publish","4":"has-post-thumbnail","6":"product_brand-asolo","7":"product_cat-trekking","9":"first","10":"instock","11":"shipping-taxable","12":"purchasable","13":"product-type-simple"},"acf":[],"yoast_head":"<!-- This site is optimized with the Yoast SEO plugin v27.4 - https:\/\/yoast.com\/product\/yoast-seo-wordpress\/ -->\n<title>\u0411\u043e\u0442\u0438\u043d\u043a\u0438 Asolo Finder GV MM graphite\/green lime - \u041c\u0430\u0433\u0430\u0437\u0438\u043d Xstyle<\/title>\n<meta name=\"description\" content=\"\u0411\u043e\u0442\u0438\u043d\u043a\u0438 Asolo Finder GV MM \u0441 GORETEX \u0438 Vibram Megagrip \u043e\u0431\u0435\u0441\u043f\u0435\u0447\u0438\u0432\u0430\u044e\u0442 \u043a\u043e\u043c\u0444\u043e\u0440\u0442 \u0438 \u0437\u0430\u0449\u0438\u0442\u0443 \u043d\u0430 \u043b\u0435\u0433\u043a\u0438\u0445 \u0445\u0430\u0439\u043a\u0438\u043d\u0433\u0430\u0445. \u0418\u0434\u0435\u0430\u043b\u044c\u043d\u044b \u0434\u043b\u044f \u0430\u043a\u0442\u0438\u0432\u043d\u043e\u0433\u043e \u043e\u0442\u0434\u044b\u0445\u0430!\" \/>\n<meta name=\"robots\" content=\"index, follow, max-snippet:-1, max-image-preview:large, max-video-preview:-1\" \/>\n<link rel=\"canonical\" href=\"https:\/\/xstyle.md\/ro\/produs\/trp_language-languageru_rubotinki-asolo-finder-gv-mm-graphite-green-lime-trp_languagetrp_language-languagero_robocanci-asolo-finder-gv-mm-graphite-green-lime-trp_language\/\" \/>\n<meta property=\"og:locale\" content=\"ro_RO\" \/>\n<meta property=\"og:type\" content=\"article\" \/>\n<meta property=\"og:title\" content=\"\u0411\u043e\u0442\u0438\u043d\u043a\u0438 Asolo Finder GV MM graphite\/green lime - \u041c\u0430\u0433\u0430\u0437\u0438\u043d Xstyle\" \/>\n<meta property=\"og:description\" content=\"\u0411\u043e\u0442\u0438\u043d\u043a\u0438 Asolo Finder GV MM \u0441 GORETEX \u0438 Vibram Megagrip \u043e\u0431\u0435\u0441\u043f\u0435\u0447\u0438\u0432\u0430\u044e\u0442 \u043a\u043e\u043c\u0444\u043e\u0440\u0442 \u0438 \u0437\u0430\u0449\u0438\u0442\u0443 \u043d\u0430 \u043b\u0435\u0433\u043a\u0438\u0445 \u0445\u0430\u0439\u043a\u0438\u043d\u0433\u0430\u0445. \u0418\u0434\u0435\u0430\u043b\u044c\u043d\u044b \u0434\u043b\u044f \u0430\u043a\u0442\u0438\u0432\u043d\u043e\u0433\u043e \u043e\u0442\u0434\u044b\u0445\u0430!\" \/>\n<meta property=\"og:url\" content=\"https:\/\/xstyle.md\/ro\/produs\/trp_language-languageru_rubotinki-asolo-finder-gv-mm-graphite-green-lime-trp_languagetrp_language-languagero_robocanci-asolo-finder-gv-mm-graphite-green-lime-trp_language\/\" \/>\n<meta property=\"og:site_name\" content=\"\u041c\u0430\u0433\u0430\u0437\u0438\u043d Xstyle\" \/>\n<meta property=\"article:publisher\" content=\"https:\/\/www.facebook.com\/xstylemd\" \/>\n<meta property=\"article:modified_time\" content=\"2026-03-19T14:20:16+00:00\" \/>\n<meta property=\"og:image\" content=\"https:\/\/xstyle.md\/wp-content\/uploads\/2024\/05\/asolo-finder-gv-mm-graphite-green-lime.jpg\" \/>\n\t<meta property=\"og:image:width\" content=\"1572\" \/>\n\t<meta property=\"og:image:height\" content=\"1437\" \/>\n\t<meta property=\"og:image:type\" content=\"image\/jpeg\" \/>\n<meta name=\"twitter:card\" content=\"summary_large_image\" \/>\n<meta name=\"twitter:label1\" content=\"Pre\u021b\" \/>\n\t<meta name=\"twitter:data1\" content=\"4.350&nbsp;MDL\" \/>\n\t<meta name=\"twitter:label2\" content=\"Disponibilitate\" \/>\n\t<meta name=\"twitter:data2\" content=\"\u00cen stoc\" \/>\n<script type=\"application\/ld+json\" class=\"yoast-schema-graph\">{\"@context\":\"https:\\\/\\\/schema.org\",\"@graph\":[{\"@type\":\"WebPage\",\"@id\":\"https:\\\/\\\/xstyle.md\\\/product\\\/trp_language-languageru_rubotinki-asolo-finder-gv-mm-graphite-green-lime-trp_languagetrp_language-languagero_robocanci-asolo-finder-gv-mm-graphite-green-lime-trp_language\\\/\",\"url\":\"https:\\\/\\\/xstyle.md\\\/product\\\/trp_language-languageru_rubotinki-asolo-finder-gv-mm-graphite-green-lime-trp_languagetrp_language-languagero_robocanci-asolo-finder-gv-mm-graphite-green-lime-trp_language\\\/\",\"name\":\"\u0411\u043e\u0442\u0438\u043d\u043a\u0438 Asolo Finder GV MM graphite\\\/green lime - \u041c\u0430\u0433\u0430\u0437\u0438\u043d Xstyle\",\"isPartOf\":{\"@id\":\"https:\\\/\\\/xstyle.md\\\/#website\"},\"primaryImageOfPage\":{\"@id\":\"https:\\\/\\\/xstyle.md\\\/product\\\/trp_language-languageru_rubotinki-asolo-finder-gv-mm-graphite-green-lime-trp_languagetrp_language-languagero_robocanci-asolo-finder-gv-mm-graphite-green-lime-trp_language\\\/#primaryimage\"},\"image\":{\"@id\":\"https:\\\/\\\/xstyle.md\\\/product\\\/trp_language-languageru_rubotinki-asolo-finder-gv-mm-graphite-green-lime-trp_languagetrp_language-languagero_robocanci-asolo-finder-gv-mm-graphite-green-lime-trp_language\\\/#primaryimage\"},\"thumbnailUrl\":\"https:\\\/\\\/xstyle.md\\\/wp-content\\\/uploads\\\/2024\\\/05\\\/asolo-finder-gv-mm-graphite-green-lime.jpg\",\"datePublished\":\"2024-05-10T10:36:06+00:00\",\"dateModified\":\"2026-03-19T14:20:16+00:00\",\"description\":\"\u0411\u043e\u0442\u0438\u043d\u043a\u0438 Asolo Finder GV MM \u0441 GORETEX \u0438 Vibram Megagrip \u043e\u0431\u0435\u0441\u043f\u0435\u0447\u0438\u0432\u0430\u044e\u0442 \u043a\u043e\u043c\u0444\u043e\u0440\u0442 \u0438 \u0437\u0430\u0449\u0438\u0442\u0443 \u043d\u0430 \u043b\u0435\u0433\u043a\u0438\u0445 \u0445\u0430\u0439\u043a\u0438\u043d\u0433\u0430\u0445. \u0418\u0434\u0435\u0430\u043b\u044c\u043d\u044b \u0434\u043b\u044f \u0430\u043a\u0442\u0438\u0432\u043d\u043e\u0433\u043e \u043e\u0442\u0434\u044b\u0445\u0430!\",\"breadcrumb\":{\"@id\":\"https:\\\/\\\/xstyle.md\\\/product\\\/trp_language-languageru_rubotinki-asolo-finder-gv-mm-graphite-green-lime-trp_languagetrp_language-languagero_robocanci-asolo-finder-gv-mm-graphite-green-lime-trp_language\\\/#breadcrumb\"},\"inLanguage\":\"ro-RO\",\"potentialAction\":[{\"@type\":\"ReadAction\",\"target\":[\"https:\\\/\\\/xstyle.md\\\/product\\\/trp_language-languageru_rubotinki-asolo-finder-gv-mm-graphite-green-lime-trp_languagetrp_language-languagero_robocanci-asolo-finder-gv-mm-graphite-green-lime-trp_language\\\/\"]}]},{\"@type\":\"ImageObject\",\"inLanguage\":\"ro-RO\",\"@id\":\"https:\\\/\\\/xstyle.md\\\/product\\\/trp_language-languageru_rubotinki-asolo-finder-gv-mm-graphite-green-lime-trp_languagetrp_language-languagero_robocanci-asolo-finder-gv-mm-graphite-green-lime-trp_language\\\/#primaryimage\",\"url\":\"https:\\\/\\\/xstyle.md\\\/wp-content\\\/uploads\\\/2024\\\/05\\\/asolo-finder-gv-mm-graphite-green-lime.jpg\",\"contentUrl\":\"https:\\\/\\\/xstyle.md\\\/wp-content\\\/uploads\\\/2024\\\/05\\\/asolo-finder-gv-mm-graphite-green-lime.jpg\",\"width\":1572,\"height\":1437,\"caption\":\"\u0422\u0430\u043c \u0434\u043e\u0441\u0442\u0430\u0442\u043e\u0447\u043d\u043e \u0438\u043d\u0444\u043e\u0440\u043c\u0430\u0446\u0438\u0438 \u0447\u0442\u043e\u0431\u044b \u0443\u043a\u0430\u0437\u0430\u0442\u044c, \u0447\u0442\u043e \u0438\u0437\u043e\u0431\u0440\u0430\u0436\u0435\u043d\u0438\u0435 \u044d\u0442\u043e \u043e\u0431\u0443\u0432\u044c, \u043f\u0440\u0435\u0434\u043d\u0430\u0437\u043d\u0430\u0447\u0435\u043d\u043d\u0430\u044f \u0434\u043b\u044f \u0430\u043a\u0442\u0438\u0432\u043d\u043e\u0433\u043e \u043e\u0442\u0434\u044b\u0445\u0430, \u0442\u0443\u0440\u0438\u0437\u043c\u0430 \u0438 \u043f\u0443\u0442\u0435\u0448\u0435\u0441\u0442\u0432\u0438\u0439, \u043f\u043e\u0434\u0445\u043e\u0434\u044f\u0449\u0430\u044f \u0434\u043b\u044f \u0430\u043b\u044c\u043f\u0438\u043d\u0438\u0437\u043c\u0430 \u0438 \u043f\u043e\u0445\u043e\u0434\u043e\u0432 \u0432 \u0433\u043e\u0440\u044b, \u0441 \u0430\u043a\u0446\u0435\u043d\u0442\u043e\u043c \u043d\u0430 \u0438\u0441\u043f\u043e\u043b\u044c\u0437\u043e\u0432\u0430\u043d\u0438\u0435 \u0432 \u043e\u043d\u043b\u0430\u0439\u043d-\u043c\u0430\u0433\u0430\u0437\u0438\u043d\u0435 \u0442\u043e\u0432\u0430\u0440\u043e\u0432 \u0434\u043b\u044f \u0430\u043a\u0442\u0438\u0432\u043d\u043e\u0433\u043e \u043e\u0431\u0440\u0430\u0437\u0430 \u0436\u0438\u0437\u043d\u0438, \u043e\u0434\u0435\u0436\u0434\u044b \u0438 \u043e\u0431\u0443\u0432\u0438.\"},{\"@type\":\"BreadcrumbList\",\"@id\":\"https:\\\/\\\/xstyle.md\\\/product\\\/trp_language-languageru_rubotinki-asolo-finder-gv-mm-graphite-green-lime-trp_languagetrp_language-languagero_robocanci-asolo-finder-gv-mm-graphite-green-lime-trp_language\\\/#breadcrumb\",\"itemListElement\":[{\"@type\":\"ListItem\",\"position\":1,\"name\":\"\u0413\u043b\u0430\u0432\u043d\u0430\u044f \u0441\u0442\u0440\u0430\u043d\u0438\u0446\u0430\",\"item\":\"https:\\\/\\\/xstyle.md\\\/\"},{\"@type\":\"ListItem\",\"position\":2,\"name\":\"\u041c\u0430\u0433\u0430\u0437\u0438\u043d\",\"item\":\"https:\\\/\\\/xstyle.md\\\/shop\\\/\"},{\"@type\":\"ListItem\",\"position\":3,\"name\":\"\u0411\u043e\u0442\u0438\u043d\u043a\u0438 Asolo Finder GV MM graphite\\\/green lime\"}]},{\"@type\":\"WebSite\",\"@id\":\"https:\\\/\\\/xstyle.md\\\/#website\",\"url\":\"https:\\\/\\\/xstyle.md\\\/\",\"name\":\"\u041c\u0430\u0433\u0430\u0437\u0438\u043d Xstyle\",\"description\":\"C\u043d\u0430\u0440\u044f\u0436\u0435\u043d\u0438\u0435 \u0434\u043b\u044f \u0442\u0443\u0440\u0438\u0437\u043c\u0430 \u0438 \u044d\u043a\u0441\u0442\u0440\u0435\u043c\u0430\u043b\u044c\u043d\u044b\u0445 \u0432\u0438\u0434\u043e\u0432 \u0441\u043f\u043e\u0440\u0442\u0430 \u0432 \u041c\u043e\u043b\u0434\u043e\u0432\u0435.. \u0426\u0435\u043d\u044b, \u0444\u043e\u0442\u043e, \u0445\u0430\u0440\u0430\u043a\u0442\u0435\u0440\u0438\u0441\u0442\u0438\u043a\u0438 \u0432 \u041c\u043e\u043b\u0434\u043e\u0432\u0435.\",\"publisher\":{\"@id\":\"https:\\\/\\\/xstyle.md\\\/#organization\"},\"alternateName\":\"X-Style\",\"potentialAction\":[{\"@type\":\"SearchAction\",\"target\":{\"@type\":\"EntryPoint\",\"urlTemplate\":\"https:\\\/\\\/xstyle.md\\\/?s={search_term_string}\"},\"query-input\":{\"@type\":\"PropertyValueSpecification\",\"valueRequired\":true,\"valueName\":\"search_term_string\"}}],\"inLanguage\":\"ro-RO\"},{\"@type\":\"Organization\",\"@id\":\"https:\\\/\\\/xstyle.md\\\/#organization\",\"name\":\"\u041c\u0430\u0433\u0430\u0437\u0438\u043d Xstyle\",\"alternateName\":\"x-style\",\"url\":\"https:\\\/\\\/xstyle.md\\\/\",\"logo\":{\"@type\":\"ImageObject\",\"inLanguage\":\"ro-RO\",\"@id\":\"https:\\\/\\\/xstyle.md\\\/#\\\/schema\\\/logo\\\/image\\\/\",\"url\":\"https:\\\/\\\/xstyle.md\\\/wp-content\\\/uploads\\\/2020\\\/06\\\/logoicon.svg\",\"contentUrl\":\"https:\\\/\\\/xstyle.md\\\/wp-content\\\/uploads\\\/2020\\\/06\\\/logoicon.svg\",\"caption\":\"\u041c\u0430\u0433\u0430\u0437\u0438\u043d Xstyle\"},\"image\":{\"@id\":\"https:\\\/\\\/xstyle.md\\\/#\\\/schema\\\/logo\\\/image\\\/\"},\"sameAs\":[\"https:\\\/\\\/www.facebook.com\\\/xstylemd\",\"https:\\\/\\\/www.instagram.com\\\/xstyle_md\\\/\",\"https:\\\/\\\/t.me\\\/xstyle_outdoor\"],\"hasMerchantReturnPolicy\":{\"@type\":\"MerchantReturnPolicy\",\"merchantReturnLink\":\"https:\\\/\\\/xstyle.md\\\/ro\\\/conditions\\\/\"}}]}<\/script>\n<meta property=\"product:price:amount\" content=\"4350.00\" \/>\n<meta property=\"product:price:currency\" content=\"MDL\" \/>\n<meta property=\"og:availability\" content=\"instock\" \/>\n<meta property=\"product:availability\" content=\"instock\" \/>\n<meta property=\"product:retailer_item_id\" content=\"8055139001024\" \/>\n<meta property=\"product:condition\" content=\"new\" \/>\n<!-- \/ Yoast SEO plugin. -->","yoast_head_json":{"title":"Bocanci Asolo Finder GV MM graphite\/green lime - Magazin Xstyle","description":"Bocanci Asolo Finder GV MM cu GORETEX \u0219i Vibram Megagrip ofer\u0103 confort \u0219i protec\u021bie pe trasee u\u0219oare de drume\u021bie. Ideali pentru timpul liber activ!","robots":{"index":"index","follow":"follow","max-snippet":"max-snippet:-1","max-image-preview":"max-image-preview:large","max-video-preview":"max-video-preview:-1"},"canonical":"https:\/\/xstyle.md\/ro\/produs\/trp_language-languageru_rubotinki-asolo-finder-gv-mm-graphite-green-lime-trp_languagetrp_language-languagero_robocanci-asolo-finder-gv-mm-graphite-green-lime-trp_language\/","og_locale":"ro_RO","og_type":"article","og_title":"\u0411\u043e\u0442\u0438\u043d\u043a\u0438 Asolo Finder GV MM graphite\/green lime - \u041c\u0430\u0433\u0430\u0437\u0438\u043d Xstyle","og_description":"\u0411\u043e\u0442\u0438\u043d\u043a\u0438 Asolo Finder GV MM \u0441 GORETEX \u0438 Vibram Megagrip \u043e\u0431\u0435\u0441\u043f\u0435\u0447\u0438\u0432\u0430\u044e\u0442 \u043a\u043e\u043c\u0444\u043e\u0440\u0442 \u0438 \u0437\u0430\u0449\u0438\u0442\u0443 \u043d\u0430 \u043b\u0435\u0433\u043a\u0438\u0445 \u0445\u0430\u0439\u043a\u0438\u043d\u0433\u0430\u0445. \u0418\u0434\u0435\u0430\u043b\u044c\u043d\u044b \u0434\u043b\u044f \u0430\u043a\u0442\u0438\u0432\u043d\u043e\u0433\u043e \u043e\u0442\u0434\u044b\u0445\u0430!","og_url":"https:\/\/xstyle.md\/ro\/produs\/trp_language-languageru_rubotinki-asolo-finder-gv-mm-graphite-green-lime-trp_languagetrp_language-languagero_robocanci-asolo-finder-gv-mm-graphite-green-lime-trp_language\/","og_site_name":"\u041c\u0430\u0433\u0430\u0437\u0438\u043d Xstyle","article_publisher":"https:\/\/www.facebook.com\/xstylemd","article_modified_time":"2026-03-19T14:20:16+00:00","og_image":[{"width":1572,"height":1437,"url":"https:\/\/xstyle.md\/wp-content\/uploads\/2024\/05\/asolo-finder-gv-mm-graphite-green-lime.jpg","type":"image\/jpeg"}],"twitter_card":"summary_large_image","twitter_misc":{"Pre\u021b":"4.350&nbsp;MDL","Disponibilitate":"\u00cen stoc"},"schema":{"@context":"https:\/\/schema.org","@graph":[{"@type":"WebPage","@id":"https:\/\/xstyle.md\/product\/trp_language-languageru_rubotinki-asolo-finder-gv-mm-graphite-green-lime-trp_languagetrp_language-languagero_robocanci-asolo-finder-gv-mm-graphite-green-lime-trp_language\/","url":"https:\/\/xstyle.md\/product\/trp_language-languageru_rubotinki-asolo-finder-gv-mm-graphite-green-lime-trp_languagetrp_language-languagero_robocanci-asolo-finder-gv-mm-graphite-green-lime-trp_language\/","name":"Bocanci Asolo Finder GV MM graphite\/green lime - Magazin Xstyle","isPartOf":{"@id":"https:\/\/xstyle.md\/#website"},"primaryImageOfPage":{"@id":"https:\/\/xstyle.md\/product\/trp_language-languageru_rubotinki-asolo-finder-gv-mm-graphite-green-lime-trp_languagetrp_language-languagero_robocanci-asolo-finder-gv-mm-graphite-green-lime-trp_language\/#primaryimage"},"image":{"@id":"https:\/\/xstyle.md\/product\/trp_language-languageru_rubotinki-asolo-finder-gv-mm-graphite-green-lime-trp_languagetrp_language-languagero_robocanci-asolo-finder-gv-mm-graphite-green-lime-trp_language\/#primaryimage"},"thumbnailUrl":"https:\/\/xstyle.md\/wp-content\/uploads\/2024\/05\/asolo-finder-gv-mm-graphite-green-lime.jpg","datePublished":"2024-05-10T10:36:06+00:00","dateModified":"2026-03-19T14:20:16+00:00","description":"Bocanci Asolo Finder GV MM cu GORETEX \u0219i Vibram Megagrip ofer\u0103 confort \u0219i protec\u021bie pe trasee u\u0219oare de drume\u021bie. Ideali pentru timpul liber activ!","breadcrumb":{"@id":"https:\/\/xstyle.md\/product\/trp_language-languageru_rubotinki-asolo-finder-gv-mm-graphite-green-lime-trp_languagetrp_language-languagero_robocanci-asolo-finder-gv-mm-graphite-green-lime-trp_language\/#breadcrumb"},"inLanguage":"ro-RO","potentialAction":[{"@type":"ReadAction","target":["https:\/\/xstyle.md\/product\/trp_language-languageru_rubotinki-asolo-finder-gv-mm-graphite-green-lime-trp_languagetrp_language-languagero_robocanci-asolo-finder-gv-mm-graphite-green-lime-trp_language\/"]}]},{"@type":"ImageObject","inLanguage":"ro-RO","@id":"https:\/\/xstyle.md\/product\/trp_language-languageru_rubotinki-asolo-finder-gv-mm-graphite-green-lime-trp_languagetrp_language-languagero_robocanci-asolo-finder-gv-mm-graphite-green-lime-trp_language\/#primaryimage","url":"https:\/\/xstyle.md\/wp-content\/uploads\/2024\/05\/asolo-finder-gv-mm-graphite-green-lime.jpg","contentUrl":"https:\/\/xstyle.md\/wp-content\/uploads\/2024\/05\/asolo-finder-gv-mm-graphite-green-lime.jpg","width":1572,"height":1437,"caption":"\u0422\u0430\u043c \u0434\u043e\u0441\u0442\u0430\u0442\u043e\u0447\u043d\u043e \u0438\u043d\u0444\u043e\u0440\u043c\u0430\u0446\u0438\u0438 \u0447\u0442\u043e\u0431\u044b \u0443\u043a\u0430\u0437\u0430\u0442\u044c, \u0447\u0442\u043e \u0438\u0437\u043e\u0431\u0440\u0430\u0436\u0435\u043d\u0438\u0435 \u044d\u0442\u043e \u043e\u0431\u0443\u0432\u044c, \u043f\u0440\u0435\u0434\u043d\u0430\u0437\u043d\u0430\u0447\u0435\u043d\u043d\u0430\u044f \u0434\u043b\u044f \u0430\u043a\u0442\u0438\u0432\u043d\u043e\u0433\u043e \u043e\u0442\u0434\u044b\u0445\u0430, \u0442\u0443\u0440\u0438\u0437\u043c\u0430 \u0438 \u043f\u0443\u0442\u0435\u0448\u0435\u0441\u0442\u0432\u0438\u0439, \u043f\u043e\u0434\u0445\u043e\u0434\u044f\u0449\u0430\u044f \u0434\u043b\u044f \u0430\u043b\u044c\u043f\u0438\u043d\u0438\u0437\u043c\u0430 \u0438 \u043f\u043e\u0445\u043e\u0434\u043e\u0432 \u0432 \u0433\u043e\u0440\u044b, \u0441 \u0430\u043a\u0446\u0435\u043d\u0442\u043e\u043c \u043d\u0430 \u0438\u0441\u043f\u043e\u043b\u044c\u0437\u043e\u0432\u0430\u043d\u0438\u0435 \u0432 \u043e\u043d\u043b\u0430\u0439\u043d-\u043c\u0430\u0433\u0430\u0437\u0438\u043d\u0435 \u0442\u043e\u0432\u0430\u0440\u043e\u0432 \u0434\u043b\u044f \u0430\u043a\u0442\u0438\u0432\u043d\u043e\u0433\u043e \u043e\u0431\u0440\u0430\u0437\u0430 \u0436\u0438\u0437\u043d\u0438, \u043e\u0434\u0435\u0436\u0434\u044b \u0438 \u043e\u0431\u0443\u0432\u0438."},{"@type":"BreadcrumbList","@id":"https:\/\/xstyle.md\/product\/trp_language-languageru_rubotinki-asolo-finder-gv-mm-graphite-green-lime-trp_languagetrp_language-languagero_robocanci-asolo-finder-gv-mm-graphite-green-lime-trp_language\/#breadcrumb","itemListElement":[{"@type":"ListItem","position":1,"name":"\u0413\u043b\u0430\u0432\u043d\u0430\u044f \u0441\u0442\u0440\u0430\u043d\u0438\u0446\u0430","item":"https:\/\/xstyle.md\/"},{"@type":"ListItem","position":2,"name":"\u041c\u0430\u0433\u0430\u0437\u0438\u043d","item":"https:\/\/xstyle.md\/shop\/"},{"@type":"ListItem","position":3,"name":"\u0411\u043e\u0442\u0438\u043d\u043a\u0438 Asolo Finder GV MM graphite\/green lime"}]},{"@type":"WebSite","@id":"https:\/\/xstyle.md\/#website","url":"https:\/\/xstyle.md\/","name":"Magazinul X-Style","description":"Echipamente pentru turism \u0219i sporturi extreme \u00een Moldova. Pre\u021buri, fotografii, caracteristici \u00een Moldova.","publisher":{"@id":"https:\/\/xstyle.md\/#organization"},"alternateName":"X-Style","potentialAction":[{"@type":"SearchAction","target":{"@type":"EntryPoint","urlTemplate":"https:\/\/xstyle.md\/?s={search_term_string}"},"query-input":{"@type":"PropertyValueSpecification","valueRequired":true,"valueName":"search_term_string"}}],"inLanguage":"ro-RO"},{"@type":"Organization","@id":"https:\/\/xstyle.md\/#organization","name":"Magazinul X-Style","alternateName":"x-style","url":"https:\/\/xstyle.md\/","logo":{"@type":"ImageObject","inLanguage":"ro-RO","@id":"https:\/\/xstyle.md\/#\/schema\/logo\/image\/","url":"https:\/\/xstyle.md\/wp-content\/uploads\/2020\/06\/logoicon.svg","contentUrl":"https:\/\/xstyle.md\/wp-content\/uploads\/2020\/06\/logoicon.svg","caption":"\u041c\u0430\u0433\u0430\u0437\u0438\u043d Xstyle"},"image":{"@id":"https:\/\/xstyle.md\/#\/schema\/logo\/image\/"},"sameAs":["https:\/\/www.facebook.com\/xstylemd","https:\/\/www.instagram.com\/xstyle_md\/","https:\/\/t.me\/xstyle_outdoor"],"hasMerchantReturnPolicy":{"@type":"MerchantReturnPolicy","merchantReturnLink":"https:\/\/xstyle.md\/ro\/conditions\/"}}]},"product_price_amount":"4350.00","product_price_currency":"MDL","og_availability":"instock","product_availability":"instock","product_retailer_item_id":"8055139001024","product_condition":"new"},"_links":{"self":[{"href":"https:\/\/xstyle.md\/ro\/wp-json\/wp\/v2\/product\/83076","targetHints":{"allow":["GET"]}}],"collection":[{"href":"https:\/\/xstyle.md\/ro\/wp-json\/wp\/v2\/product"}],"about":[{"href":"https:\/\/xstyle.md\/ro\/wp-json\/wp\/v2\/types\/product"}],"replies":[{"embeddable":true,"href":"https:\/\/xstyle.md\/ro\/wp-json\/wp\/v2\/comments?post=83076"}],"wp:featuredmedia":[{"embeddable":true,"href":"https:\/\/xstyle.md\/ro\/wp-json\/wp\/v2\/media\/83234"}],"wp:attachment":[{"href":"https:\/\/xstyle.md\/ro\/wp-json\/wp\/v2\/media?parent=83076"}],"wp:term":[{"taxonomy":"product_brand","embeddable":true,"href":"https:\/\/xstyle.md\/ro\/wp-json\/wp\/v2\/product_brand?post=83076"},{"taxonomy":"product_cat","embeddable":true,"href":"https:\/\/xstyle.md\/ro\/wp-json\/wp\/v2\/product_cat?post=83076"},{"taxonomy":"product_tag","embeddable":true,"href":"https:\/\/xstyle.md\/ro\/wp-json\/wp\/v2\/product_tag?post=83076"}],"curies":[{"name":"wp","href":"https:\/\/api.w.org\/{rel}","templated":true}]}}