{"id":83074,"date":"2024-05-10T13:36:05","date_gmt":"2024-05-10T10:36:05","guid":{"rendered":"https:\/\/xstyle.md\/?post_type=product&#038;p=83074"},"modified":"2026-03-14T21:51:50","modified_gmt":"2026-03-14T18:51:50","slug":"krossovki-asolo-space-gv-tortora","status":"publish","type":"product","link":"https:\/\/xstyle.md\/ro\/produs\/krossovki-asolo-space-gv-tortora\/","title":{"rendered":"Adida\u0219i Asolo Space GV tortora"},"content":{"rendered":"<p><\/p>\n<p><strong>Asolo Space GV<\/strong> &#8212; sunt pantofi concepu\u021bi pentru drume\u021bii pe teren mixt, multisport \u0219i c\u0103l\u0103torii. Partea superioar\u0103 este fabricat\u0103 din piele \u00eentoars\u0103 (velur) hidrofob\u0103. Membrana Gore-Tex Extended Comfort garanteaz\u0103 impermeabilitatea \u0219i respirabilitatea. Dispun de o talp\u0103 intermediar\u0103 din spum\u0103 EVA pentru o amortizare optim\u0103 \u0219i o talp\u0103 Asolo\/Vibram A-Sport cu compus MegaGrip pentru o aderen\u021b\u0103 excelent\u0103 pe cele mai diverse suprafe\u021be.<\/p>\n<h3>Particularit\u0103\u021bi<\/h3>\n<ul>\n<li>Proiecta\u021bi special pentru a se adapta formei anatomice a piciorului feminin<\/li>\n<li>Partea superioar\u0103 realizat\u0103 din piele \u00eentoars\u0103 rezistent\u0103 la ap\u0103 cu o grosime de 1.4-1.6 mm<\/li>\n<li>Membrana Gore-Tex Extended Comfort Footwear ofer\u0103 combina\u021bia ideal\u0103 de respirabilitate \u0219i impermeabilitate, asigur\u00e2nd usc\u0103ciune, confort sporit \u0219i r\u0103coare \u00een condi\u021bii de vreme temperat\u0103 sau cald\u0103. Picioarele r\u0103m\u00e2n uscate \u0219i nu transpir\u0103 chiar \u0219i \u00een timpul antrenamentelor lungi, \u00een interior sau la exterior, pe parcursul \u00eentregii zile<\/li>\n<li>Talpa Asolo\/Vibram A-Sport cu profil redus este ideal\u0103 pentru drume\u021bii de o zi<\/li>\n<li>Compusul MegaGrip cu profil de autocur\u0103\u021bare creeaz\u0103 o aderen\u021b\u0103 excelent\u0103 at\u00e2t pe suprafe\u021be uscate, c\u00e2t \u0219i pe cele umede<\/li>\n<li>Talpa intermediar\u0103 din spum\u0103 EVA ofer\u0103 stabilitate superioar\u0103, amortizare \u0219i confort maxim<\/li>\n<li>Protec\u021bie din cauciuc la nivelul v\u00e2rfului pentru siguran\u021b\u0103 suplimentar\u0103<\/li>\n<li>Bran\u021buri anatomice A-Sport<\/li>\n<\/ul>\n<h3>Caracteristici<\/h3>\n<ul>\n<li>Material exterior &#8212; piele \u00eentoars\u0103 (velur) rezistent\u0103 la umiditate<\/li>\n<li>Membrane - GORE-TEX\u00ae Extended Comfort<\/li>\n<li>Talp\u0103 &#8212; Vibram\u00ae A-Sport<\/li>\n<li>Bran\u021b anatomic &#8212; Approach-Sport<\/li>\n<li>Destina\u021bie &#8212; Hiking<\/li>\n<li>Sezon &#8212; Prim\u0103var\u0103-Toamn\u0103 (Demi-sezon)<\/li>\n<li>Greutate &#8212; 340 g<\/li>\n<\/ul>\n<h3>Tehnologii<\/h3>\n<p><strong>Gore-Tex<\/strong>\u00ae <strong>Extended Comfort<\/strong> &#8212; Membran\u0103 care ofer\u0103 protec\u021bie impermeabil\u0103 \u0219i propriet\u0103\u021bi excelente de respirabilitate pe vreme temperat\u0103 \u0219i cald\u0103, precum \u0219i \u00een timpul activit\u0103\u021bilor intense. Este ideal\u0103 atunci c\u00e2nd este necesar\u0103 minimizarea reten\u021biei de c\u0103ldur\u0103 \u00een interiorul pantofului.<\/p>\n<p><strong>Vibram<\/strong>\u00ae &#8212; Talp\u0103 cu o construc\u021bie nou\u0103. Stratul din EVA turnat ofer\u0103 suport optim \u0219i confort, \u00een timp ce inser\u021bia din poliuretan \u00een zona c\u0103lc\u00e2iului \u00eembun\u0103t\u0103\u021be\u0219te amortizarea.<\/p>\n<p><\/p>\n<h3>Marca<\/h3>\n<p>ASOLO - este una dintre cele mai mari companii produc\u0103toare de \u00eenc\u0103l\u021b\u0103minte pentru trekking, alpinism utilitar (altitudine), ora\u0219 \u0219i multisport. Compania italian\u0103 ASOLO exist\u0103 din anul 1975 \u0219i, \u00eenc\u0103 de la \u00eenfiin\u021bare, nu \u00eenceteaz\u0103 s\u0103 surprind\u0103 industria sportiv\u0103 cu dezvolt\u0103rile sale inovatoare.<\/p>\n<p>ASOLO integreaz\u0103 \u00een \u00eenc\u0103l\u021b\u0103mintea sa cele mai recente realiz\u0103ri ale tehnologiei moderne \u0219i cele mai avansate materiale, devenind tot mai performant\u0103 cu fiecare an. \u00cenc\u0103l\u021b\u0103mintea ASOLO \u2014 c\u0103lduroas\u0103, u\u0219oar\u0103, confortabil\u0103 \u0219i fiabil\u0103 \u2014 utilizeaz\u0103 t\u0103lpi VIBRAM. Acestea ofer\u0103 o stabilitate incredibil\u0103 pe orice tip de teren \u0219i previn alunecarea chiar \u0219i pe cele mai abrupte pante.<\/p>\n<p>Calitatea superioar\u0103 a croielii \u0219i caracteristicile tehnice de excep\u021bie reprezint\u0103 punctele forte ale brandului ASOLO.<\/p>","protected":false},"excerpt":{"rendered":"<p>\u0411\u0440\u0435\u043d\u0434 ASOLO \u2013 \u043e\u0434\u043d\u0430 \u0438\u0437 \u043a\u0440\u0443\u043f\u043d\u0435\u0439\u0448\u0438\u0445 \u043a\u043e\u043c\u043f\u0430\u043d\u0438\u0439, \u043f\u0440\u043e\u0438\u0437\u0432\u043e\u0434\u044f\u0449\u0438\u0445 \u0442\u0440\u0435\u043a\u043a\u0438\u043d\u0433\u043e\u0432\u0443\u044e \u043e\u0431\u0443\u0432\u044c, \u0432\u044b\u0441\u043e\u0442\u043d\u0443\u044e \u043e\u0431\u0443\u0432\u044c, \u043e\u0431\u0443\u0432\u044c \u0434\u043b\u044f \u0433\u043e\u0440\u043e\u0434\u0430 \u0438 \u043c\u0443\u043b\u044c\u0442\u0438\u0441\u043f\u043e\u0440\u0442\u0430. \u0418\u0442\u0430\u043b\u044c\u044f\u043d\u0441\u043a\u0430\u044f \u043a\u043e\u043c\u043f\u0430\u043d\u0438\u044f ASOLO \u0441\u0443\u0449\u0435\u0441\u0442\u0432\u0443\u0435\u0442 \u0441 1975 \u0433\u043e\u0434\u0430 \u0438 \u0441 \u0441\u0430\u043c\u043e\u0433\u043e \u0441\u0432\u043e\u0435\u0433\u043e \u0440\u043e\u0436\u0434\u0435\u043d\u0438\u044f \u043d\u0435 \u043f\u0435\u0440\u0435\u0441\u0442\u0430\u0435\u0442 \u0443\u0434\u0438\u0432\u043b\u044f\u0442\u044c \u043c\u0438\u0440 \u0441\u043f\u043e\u0440\u0442\u0438\u0432\u043d\u043e\u0439 \u0438\u043d\u0434\u0443\u0441\u0442\u0440\u0438\u0438 \u0441\u0432\u043e\u0438\u043c\u0438 \u0438\u043d\u043d\u043e\u0432\u0430\u0446\u0438\u043e\u043d\u043d\u044b\u043c\u0438 \u0440\u0430\u0437\u0440\u0430\u0431\u043e\u0442\u043a\u0430\u043c\u0438. ASOLO \u0432\u043e\u043f\u043b\u043e\u0449\u0430\u0435\u0442 \u0432 \u043e\u0431\u0443\u0432\u0438 \u0441\u0430\u043c\u044b\u0435 \u043f\u043e\u0441\u043b\u0435\u0434\u043d\u0438\u0435 \u0434\u043e\u0441\u0442\u0438\u0436\u0435\u043d\u0438\u044f \u0441\u043e\u0432\u0440\u0435\u043c\u0435\u043d\u043d\u043e\u0439 \u0442\u0435\u0445\u043d\u043e\u043b\u043e\u0433\u0438\u0438 \u0438 \u0441\u0430\u043c\u044b\u0435 \u0441\u043e\u0432\u0440\u0435\u043c\u0435\u043d\u043d\u044b\u0435 \u043c\u0430\u0442\u0435\u0440\u0438\u0430\u043b\u044b, \u0441 \u043a\u0430\u0436\u0434\u044b\u043c \u0433\u043e\u0434\u043e\u043c \u0434\u0435\u043b\u0430\u044f [&hellip;]<\/p>\n","protected":false},"featured_media":83226,"comment_status":"open","ping_status":"closed","template":"","meta":{"_acf_changed":false,"inline_featured_image":false},"product_brand":[1277],"product_cat":[142],"product_tag":[],"class_list":{"0":"post-83074","1":"product","2":"type-product","3":"status-publish","4":"has-post-thumbnail","6":"product_brand-asolo","7":"product_cat-sport-shoes","8":"pa_razmer-shoes-664","9":"pa_razmer-shoes-38-2-3","10":"pa_razmer-shoes-39-1-3","11":"pa_razmer-shoes-984","12":"pa_razmer-shoes-40-2-3","14":"first","15":"instock","16":"shipping-taxable","17":"purchasable","18":"product-type-variable"},"acf":[],"yoast_head":"<!-- This site is optimized with the Yoast SEO plugin v27.2 - https:\/\/yoast.com\/product\/yoast-seo-wordpress\/ -->\n<title>\u041a\u0440\u043e\u0441\u0441\u043e\u0432\u043a\u0438 Asolo Space GV tortora - \u041c\u0430\u0433\u0430\u0437\u0438\u043d Xstyle<\/title>\n<meta name=\"description\" content=\"\u041a\u0440\u043e\u0441\u0441\u043e\u0432\u043a\u0438 Asolo Space GV tortora \u0441 \u0442\u0435\u0445\u043d\u043e\u043b\u043e\u0433\u0438\u0435\u0439 GoreTex \u0438 Vibram ASport \u043e\u0431\u0435\u0441\u043f\u0435\u0447\u0438\u0432\u0430\u044e\u0442 \u043a\u043e\u043c\u0444\u043e\u0440\u0442 \u0438 \u0437\u0430\u0449\u0438\u0442\u0443. \u0418\u0434\u0435\u0430\u043b\u044c\u043d\u044b \u0434\u043b\u044f \u0430\u043a\u0442\u0438\u0432\u043d\u043e\u0433\u043e \u043e\u0442\u0434\u044b\u0445\u0430 \u043d\u0430 \u043f\u0440\u0438\u0440\u043e\u0434\u0435.\" \/>\n<meta name=\"robots\" content=\"index, follow, max-snippet:-1, max-image-preview:large, max-video-preview:-1\" \/>\n<link rel=\"canonical\" href=\"https:\/\/xstyle.md\/ro\/produs\/krossovki-asolo-space-gv-tortora\/\" \/>\n<meta property=\"og:locale\" content=\"ro_RO\" \/>\n<meta property=\"og:type\" content=\"article\" \/>\n<meta property=\"og:title\" content=\"\u041a\u0440\u043e\u0441\u0441\u043e\u0432\u043a\u0438 Asolo Space GV tortora - \u041c\u0430\u0433\u0430\u0437\u0438\u043d Xstyle\" \/>\n<meta property=\"og:description\" content=\"\u041a\u0440\u043e\u0441\u0441\u043e\u0432\u043a\u0438 Asolo Space GV tortora \u0441 \u0442\u0435\u0445\u043d\u043e\u043b\u043e\u0433\u0438\u0435\u0439 GoreTex \u0438 Vibram ASport \u043e\u0431\u0435\u0441\u043f\u0435\u0447\u0438\u0432\u0430\u044e\u0442 \u043a\u043e\u043c\u0444\u043e\u0440\u0442 \u0438 \u0437\u0430\u0449\u0438\u0442\u0443. \u0418\u0434\u0435\u0430\u043b\u044c\u043d\u044b \u0434\u043b\u044f \u0430\u043a\u0442\u0438\u0432\u043d\u043e\u0433\u043e \u043e\u0442\u0434\u044b\u0445\u0430 \u043d\u0430 \u043f\u0440\u0438\u0440\u043e\u0434\u0435.\" \/>\n<meta property=\"og:url\" content=\"https:\/\/xstyle.md\/ro\/produs\/krossovki-asolo-space-gv-tortora\/\" \/>\n<meta property=\"og:site_name\" content=\"\u041c\u0430\u0433\u0430\u0437\u0438\u043d Xstyle\" \/>\n<meta property=\"article:publisher\" content=\"https:\/\/www.facebook.com\/xstylemd\" \/>\n<meta property=\"article:modified_time\" content=\"2026-03-14T18:51:50+00:00\" \/>\n<meta property=\"og:image\" content=\"https:\/\/xstyle.md\/wp-content\/uploads\/2024\/05\/asolo-space-gv-tortora.jpg\" \/>\n\t<meta property=\"og:image:width\" content=\"1500\" \/>\n\t<meta property=\"og:image:height\" content=\"1500\" \/>\n\t<meta property=\"og:image:type\" content=\"image\/jpeg\" \/>\n<meta name=\"twitter:card\" content=\"summary_large_image\" \/>\n<meta name=\"twitter:label1\" content=\"Disponibilitate\" \/>\n\t<meta name=\"twitter:data1\" content=\"\u00cen stoc\" \/>\n<script type=\"application\/ld+json\" class=\"yoast-schema-graph\">{\"@context\":\"https:\/\/schema.org\",\"@graph\":[{\"@type\":\"WebPage\",\"@id\":\"https:\/\/xstyle.md\/product\/krossovki-asolo-space-gv-tortora\/\",\"url\":\"https:\/\/xstyle.md\/product\/krossovki-asolo-space-gv-tortora\/\",\"name\":\"\u041a\u0440\u043e\u0441\u0441\u043e\u0432\u043a\u0438 Asolo Space GV tortora - \u041c\u0430\u0433\u0430\u0437\u0438\u043d Xstyle\",\"isPartOf\":{\"@id\":\"https:\/\/xstyle.md\/#website\"},\"primaryImageOfPage\":{\"@id\":\"https:\/\/xstyle.md\/product\/krossovki-asolo-space-gv-tortora\/#primaryimage\"},\"image\":{\"@id\":\"https:\/\/xstyle.md\/product\/krossovki-asolo-space-gv-tortora\/#primaryimage\"},\"thumbnailUrl\":\"https:\/\/xstyle.md\/wp-content\/uploads\/2024\/05\/asolo-space-gv-tortora.jpg\",\"datePublished\":\"2024-05-10T10:36:05+00:00\",\"dateModified\":\"2026-03-14T18:51:50+00:00\",\"description\":\"\u041a\u0440\u043e\u0441\u0441\u043e\u0432\u043a\u0438 Asolo Space GV tortora \u0441 \u0442\u0435\u0445\u043d\u043e\u043b\u043e\u0433\u0438\u0435\u0439 GoreTex \u0438 Vibram ASport \u043e\u0431\u0435\u0441\u043f\u0435\u0447\u0438\u0432\u0430\u044e\u0442 \u043a\u043e\u043c\u0444\u043e\u0440\u0442 \u0438 \u0437\u0430\u0449\u0438\u0442\u0443. \u0418\u0434\u0435\u0430\u043b\u044c\u043d\u044b \u0434\u043b\u044f \u0430\u043a\u0442\u0438\u0432\u043d\u043e\u0433\u043e \u043e\u0442\u0434\u044b\u0445\u0430 \u043d\u0430 \u043f\u0440\u0438\u0440\u043e\u0434\u0435.\",\"breadcrumb\":{\"@id\":\"https:\/\/xstyle.md\/product\/krossovki-asolo-space-gv-tortora\/#breadcrumb\"},\"inLanguage\":\"ro-RO\",\"potentialAction\":[{\"@type\":\"ReadAction\",\"target\":[\"https:\/\/xstyle.md\/product\/krossovki-asolo-space-gv-tortora\/\"]}]},{\"@type\":\"ImageObject\",\"inLanguage\":\"ro-RO\",\"@id\":\"https:\/\/xstyle.md\/product\/krossovki-asolo-space-gv-tortora\/#primaryimage\",\"url\":\"https:\/\/xstyle.md\/wp-content\/uploads\/2024\/05\/asolo-space-gv-tortora.jpg\",\"contentUrl\":\"https:\/\/xstyle.md\/wp-content\/uploads\/2024\/05\/asolo-space-gv-tortora.jpg\",\"width\":1500,\"height\":1500,\"caption\":\"\u0422\u043e\u0432\u0430\u0440\u043d\u044b\u0435 \u043a\u0440\u043e\u0441\u0441\u043e\u0432\u043a\u0438 Asolo Space GV tortora \u0434\u043b\u044f \u0430\u043a\u0442\u0438\u0432\u043d\u043e\u0433\u043e \u043e\u0442\u0434\u044b\u0445\u0430, \u043f\u0435\u0448\u0438\u0445 \u043f\u043e\u0445\u043e\u0434\u043e\u0432, \u0442\u0443\u0440\u0438\u0437\u043c\u0430 \u0438 \u043f\u0443\u0442\u0435\u0448\u0435\u0441\u0442\u0432\u0438\u0439 \u0432 \u0438\u043d\u0442\u0435\u0440\u043d\u0435\u0442 \u043c\u0430\u0433\u0430\u0437\u0438\u043d\u0435 \u0442\u043e\u0432\u0430\u0440\u043e\u0432 \u0434\u043b\u044f \u0430\u043a\u0442\u0438\u0432\u043d\u043e\u0439 \u0436\u0438\u0437\u043d\u0438\"},{\"@type\":\"BreadcrumbList\",\"@id\":\"https:\/\/xstyle.md\/product\/krossovki-asolo-space-gv-tortora\/#breadcrumb\",\"itemListElement\":[{\"@type\":\"ListItem\",\"position\":1,\"name\":\"\u0413\u043b\u0430\u0432\u043d\u0430\u044f \u0441\u0442\u0440\u0430\u043d\u0438\u0446\u0430\",\"item\":\"https:\/\/xstyle.md\/\"},{\"@type\":\"ListItem\",\"position\":2,\"name\":\"\u041c\u0430\u0433\u0430\u0437\u0438\u043d\",\"item\":\"https:\/\/xstyle.md\/shop\/\"},{\"@type\":\"ListItem\",\"position\":3,\"name\":\"\u041a\u0440\u043e\u0441\u0441\u043e\u0432\u043a\u0438 Asolo Space GV tortora\"}]},{\"@type\":\"WebSite\",\"@id\":\"https:\/\/xstyle.md\/#website\",\"url\":\"https:\/\/xstyle.md\/\",\"name\":\"\u041c\u0430\u0433\u0430\u0437\u0438\u043d Xstyle\",\"description\":\"C\u043d\u0430\u0440\u044f\u0436\u0435\u043d\u0438\u0435 \u0434\u043b\u044f \u0442\u0443\u0440\u0438\u0437\u043c\u0430 \u0438 \u044d\u043a\u0441\u0442\u0440\u0435\u043c\u0430\u043b\u044c\u043d\u044b\u0445 \u0432\u0438\u0434\u043e\u0432 \u0441\u043f\u043e\u0440\u0442\u0430 \u0432 \u041c\u043e\u043b\u0434\u043e\u0432\u0435.. \u0426\u0435\u043d\u044b, \u0444\u043e\u0442\u043e, \u0445\u0430\u0440\u0430\u043a\u0442\u0435\u0440\u0438\u0441\u0442\u0438\u043a\u0438 \u0432 \u041c\u043e\u043b\u0434\u043e\u0432\u0435.\",\"publisher\":{\"@id\":\"https:\/\/xstyle.md\/#organization\"},\"alternateName\":\"X-Style\",\"potentialAction\":[{\"@type\":\"SearchAction\",\"target\":{\"@type\":\"EntryPoint\",\"urlTemplate\":\"https:\/\/xstyle.md\/?s={search_term_string}\"},\"query-input\":{\"@type\":\"PropertyValueSpecification\",\"valueRequired\":true,\"valueName\":\"search_term_string\"}}],\"inLanguage\":\"ro-RO\"},{\"@type\":\"Organization\",\"@id\":\"https:\/\/xstyle.md\/#organization\",\"name\":\"\u041c\u0430\u0433\u0430\u0437\u0438\u043d Xstyle\",\"alternateName\":\"x-style\",\"url\":\"https:\/\/xstyle.md\/\",\"logo\":{\"@type\":\"ImageObject\",\"inLanguage\":\"ro-RO\",\"@id\":\"https:\/\/xstyle.md\/#\/schema\/logo\/image\/\",\"url\":\"https:\/\/xstyle.md\/wp-content\/uploads\/2020\/06\/logoicon.svg\",\"contentUrl\":\"https:\/\/xstyle.md\/wp-content\/uploads\/2020\/06\/logoicon.svg\",\"caption\":\"\u041c\u0430\u0433\u0430\u0437\u0438\u043d Xstyle\"},\"image\":{\"@id\":\"https:\/\/xstyle.md\/#\/schema\/logo\/image\/\"},\"sameAs\":[\"https:\/\/www.facebook.com\/xstylemd\",\"https:\/\/www.instagram.com\/xstyle_md\/\",\"https:\/\/t.me\/xstyle_outdoor\"],\"hasMerchantReturnPolicy\":{\"@type\":\"MerchantReturnPolicy\",\"merchantReturnLink\":\"https:\/\/xstyle.md\/ro\/conditions\/\"}}]}<\/script>\n<meta property=\"og:availability\" content=\"instock\" \/>\n<meta property=\"product:availability\" content=\"instock\" \/>\n<meta property=\"product:retailer_item_id\" content=\"X8055139005619\" \/>\n<meta property=\"product:condition\" content=\"new\" \/>\n<!-- \/ Yoast SEO plugin. -->","yoast_head_json":{"title":"Cizme Asolo Space GV tortora - Magazin Xstyle","description":"\u00cenc\u0103l\u021b\u0103mintea Asolo Space GV tortora cu tehnologia GoreTex \u0219i Vibram ASport ofer\u0103 confort \u0219i protec\u021bie. Ideale pentru activit\u0103\u021bi recreative \u00een natur\u0103.","robots":{"index":"index","follow":"follow","max-snippet":"max-snippet:-1","max-image-preview":"max-image-preview:large","max-video-preview":"max-video-preview:-1"},"canonical":"https:\/\/xstyle.md\/ro\/produs\/krossovki-asolo-space-gv-tortora\/","og_locale":"ro_RO","og_type":"article","og_title":"\u041a\u0440\u043e\u0441\u0441\u043e\u0432\u043a\u0438 Asolo Space GV tortora - \u041c\u0430\u0433\u0430\u0437\u0438\u043d Xstyle","og_description":"\u041a\u0440\u043e\u0441\u0441\u043e\u0432\u043a\u0438 Asolo Space GV tortora \u0441 \u0442\u0435\u0445\u043d\u043e\u043b\u043e\u0433\u0438\u0435\u0439 GoreTex \u0438 Vibram ASport \u043e\u0431\u0435\u0441\u043f\u0435\u0447\u0438\u0432\u0430\u044e\u0442 \u043a\u043e\u043c\u0444\u043e\u0440\u0442 \u0438 \u0437\u0430\u0449\u0438\u0442\u0443. \u0418\u0434\u0435\u0430\u043b\u044c\u043d\u044b \u0434\u043b\u044f \u0430\u043a\u0442\u0438\u0432\u043d\u043e\u0433\u043e \u043e\u0442\u0434\u044b\u0445\u0430 \u043d\u0430 \u043f\u0440\u0438\u0440\u043e\u0434\u0435.","og_url":"https:\/\/xstyle.md\/ro\/produs\/krossovki-asolo-space-gv-tortora\/","og_site_name":"\u041c\u0430\u0433\u0430\u0437\u0438\u043d Xstyle","article_publisher":"https:\/\/www.facebook.com\/xstylemd","article_modified_time":"2026-03-14T18:51:50+00:00","og_image":[{"width":1500,"height":1500,"url":"https:\/\/xstyle.md\/wp-content\/uploads\/2024\/05\/asolo-space-gv-tortora.jpg","type":"image\/jpeg"}],"twitter_card":"summary_large_image","twitter_misc":{"Disponibilitate":"\u00cen stoc"},"schema":{"@context":"https:\/\/schema.org","@graph":[{"@type":"WebPage","@id":"https:\/\/xstyle.md\/product\/krossovki-asolo-space-gv-tortora\/","url":"https:\/\/xstyle.md\/product\/krossovki-asolo-space-gv-tortora\/","name":"Cizme Asolo Space GV tortora - Magazin Xstyle","isPartOf":{"@id":"https:\/\/xstyle.md\/#website"},"primaryImageOfPage":{"@id":"https:\/\/xstyle.md\/product\/krossovki-asolo-space-gv-tortora\/#primaryimage"},"image":{"@id":"https:\/\/xstyle.md\/product\/krossovki-asolo-space-gv-tortora\/#primaryimage"},"thumbnailUrl":"https:\/\/xstyle.md\/wp-content\/uploads\/2024\/05\/asolo-space-gv-tortora.jpg","datePublished":"2024-05-10T10:36:05+00:00","dateModified":"2026-03-14T18:51:50+00:00","description":"\u00cenc\u0103l\u021b\u0103mintea Asolo Space GV tortora cu tehnologia GoreTex \u0219i Vibram ASport ofer\u0103 confort \u0219i protec\u021bie. Ideale pentru activit\u0103\u021bi recreative \u00een natur\u0103.","breadcrumb":{"@id":"https:\/\/xstyle.md\/product\/krossovki-asolo-space-gv-tortora\/#breadcrumb"},"inLanguage":"ro-RO","potentialAction":[{"@type":"ReadAction","target":["https:\/\/xstyle.md\/product\/krossovki-asolo-space-gv-tortora\/"]}]},{"@type":"ImageObject","inLanguage":"ro-RO","@id":"https:\/\/xstyle.md\/product\/krossovki-asolo-space-gv-tortora\/#primaryimage","url":"https:\/\/xstyle.md\/wp-content\/uploads\/2024\/05\/asolo-space-gv-tortora.jpg","contentUrl":"https:\/\/xstyle.md\/wp-content\/uploads\/2024\/05\/asolo-space-gv-tortora.jpg","width":1500,"height":1500,"caption":"\u0422\u043e\u0432\u0430\u0440\u043d\u044b\u0435 \u043a\u0440\u043e\u0441\u0441\u043e\u0432\u043a\u0438 Asolo Space GV tortora \u0434\u043b\u044f \u0430\u043a\u0442\u0438\u0432\u043d\u043e\u0433\u043e \u043e\u0442\u0434\u044b\u0445\u0430, \u043f\u0435\u0448\u0438\u0445 \u043f\u043e\u0445\u043e\u0434\u043e\u0432, \u0442\u0443\u0440\u0438\u0437\u043c\u0430 \u0438 \u043f\u0443\u0442\u0435\u0448\u0435\u0441\u0442\u0432\u0438\u0439 \u0432 \u0438\u043d\u0442\u0435\u0440\u043d\u0435\u0442 \u043c\u0430\u0433\u0430\u0437\u0438\u043d\u0435 \u0442\u043e\u0432\u0430\u0440\u043e\u0432 \u0434\u043b\u044f \u0430\u043a\u0442\u0438\u0432\u043d\u043e\u0439 \u0436\u0438\u0437\u043d\u0438"},{"@type":"BreadcrumbList","@id":"https:\/\/xstyle.md\/product\/krossovki-asolo-space-gv-tortora\/#breadcrumb","itemListElement":[{"@type":"ListItem","position":1,"name":"\u0413\u043b\u0430\u0432\u043d\u0430\u044f \u0441\u0442\u0440\u0430\u043d\u0438\u0446\u0430","item":"https:\/\/xstyle.md\/"},{"@type":"ListItem","position":2,"name":"\u041c\u0430\u0433\u0430\u0437\u0438\u043d","item":"https:\/\/xstyle.md\/shop\/"},{"@type":"ListItem","position":3,"name":"\u041a\u0440\u043e\u0441\u0441\u043e\u0432\u043a\u0438 Asolo Space GV tortora"}]},{"@type":"WebSite","@id":"https:\/\/xstyle.md\/#website","url":"https:\/\/xstyle.md\/","name":"Magazinul X-Style","description":"Echipamente pentru turism \u0219i sporturi extreme \u00een Moldova. Pre\u021buri, fotografii, caracteristici \u00een Moldova.","publisher":{"@id":"https:\/\/xstyle.md\/#organization"},"alternateName":"X-Style","potentialAction":[{"@type":"SearchAction","target":{"@type":"EntryPoint","urlTemplate":"https:\/\/xstyle.md\/?s={search_term_string}"},"query-input":{"@type":"PropertyValueSpecification","valueRequired":true,"valueName":"search_term_string"}}],"inLanguage":"ro-RO"},{"@type":"Organization","@id":"https:\/\/xstyle.md\/#organization","name":"Magazinul X-Style","alternateName":"x-style","url":"https:\/\/xstyle.md\/","logo":{"@type":"ImageObject","inLanguage":"ro-RO","@id":"https:\/\/xstyle.md\/#\/schema\/logo\/image\/","url":"https:\/\/xstyle.md\/wp-content\/uploads\/2020\/06\/logoicon.svg","contentUrl":"https:\/\/xstyle.md\/wp-content\/uploads\/2020\/06\/logoicon.svg","caption":"\u041c\u0430\u0433\u0430\u0437\u0438\u043d Xstyle"},"image":{"@id":"https:\/\/xstyle.md\/#\/schema\/logo\/image\/"},"sameAs":["https:\/\/www.facebook.com\/xstylemd","https:\/\/www.instagram.com\/xstyle_md\/","https:\/\/t.me\/xstyle_outdoor"],"hasMerchantReturnPolicy":{"@type":"MerchantReturnPolicy","merchantReturnLink":"https:\/\/xstyle.md\/ro\/conditions\/"}}]},"og_availability":"instock","product_availability":"instock","product_retailer_item_id":"X8055139005619","product_condition":"new"},"post_mailing_queue_ids":[],"_links":{"self":[{"href":"https:\/\/xstyle.md\/ro\/wp-json\/wp\/v2\/product\/83074","targetHints":{"allow":["GET"]}}],"collection":[{"href":"https:\/\/xstyle.md\/ro\/wp-json\/wp\/v2\/product"}],"about":[{"href":"https:\/\/xstyle.md\/ro\/wp-json\/wp\/v2\/types\/product"}],"replies":[{"embeddable":true,"href":"https:\/\/xstyle.md\/ro\/wp-json\/wp\/v2\/comments?post=83074"}],"wp:featuredmedia":[{"embeddable":true,"href":"https:\/\/xstyle.md\/ro\/wp-json\/wp\/v2\/media\/83226"}],"wp:attachment":[{"href":"https:\/\/xstyle.md\/ro\/wp-json\/wp\/v2\/media?parent=83074"}],"wp:term":[{"taxonomy":"product_brand","embeddable":true,"href":"https:\/\/xstyle.md\/ro\/wp-json\/wp\/v2\/product_brand?post=83074"},{"taxonomy":"product_cat","embeddable":true,"href":"https:\/\/xstyle.md\/ro\/wp-json\/wp\/v2\/product_cat?post=83074"},{"taxonomy":"product_tag","embeddable":true,"href":"https:\/\/xstyle.md\/ro\/wp-json\/wp\/v2\/product_tag?post=83074"}],"curies":[{"name":"wp","href":"https:\/\/api.w.org\/{rel}","templated":true}]}}