{"id":83069,"date":"2024-05-10T13:36:04","date_gmt":"2024-05-10T10:36:04","guid":{"rendered":"https:\/\/xstyle.md\/?post_type=product&#038;p=83069"},"modified":"2024-10-03T01:48:38","modified_gmt":"2024-10-02T22:48:38","slug":"futbolka-aqualung-rashguard-sf-ls-wmn-black-blue","status":"publish","type":"product","link":"https:\/\/xstyle.md\/ro\/produs\/futbolka-aqualung-rashguard-sf-ls-wmn-black-blue\/","title":{"rendered":"Tricou Aqualung Rashguard SF LS Wmn black\/blue"},"content":{"rendered":"<\/p>\n<p><strong>Aqualung Rashguard SF LS<\/strong> &#8212;\u00a0tricoul cu m\u00e2nec\u0103 lung\u0103 din lycra cu guler de protec\u021bie ofer\u0103 protec\u021bie UV pe tot parcursul zilei pentru \u00eenot sau relaxare pe plaj\u0103, sporturi nautice \u0219i excursii cu barca. Atunci c\u00e2nd sunte\u021bi \u00een apropierea apei, expunerea la razele soarelui este aproape dubl\u0103, iar pielea noastr\u0103 are nevoie de protec\u021bie UV. Lycra previne, de asemenea, contactul direct al corpului cu creaturi marine \u0219i recife de corali, protej\u00e2ndu-ne de abraziuni, zg\u00e2rieturi \u0219i arsuri provocate de tentaculele meduzelor sau de corali \u00een fl\u0103c\u0103ri.<\/p>\n<p>Materialul Lycra folosit pentru realizarea acestui tricou pentru femei este respirabil, elastic, se usuc\u0103 rapid, se spal\u0103 u\u0219or, este u\u0219or \u0219i nu este mai voluminos dec\u00e2t un tricou obi\u0219nuit. Designul de galaxie violet \u0219i croiala str\u00e2ns\u0103 a tricoului Hydro confer\u0103 un aspect elegant \u0219i sportiv. Lycra cu m\u00e2neci lungi sau scurte este nerestrictiv\u0103 \u0219i abia se observ\u0103 pe corp atunci c\u00e2nd \u00eenota\u021bi.<\/p>\n<h3>Particularit\u0103\u021bi<\/h3>\n<ul>\n<li>Rezistent la decolorarea la soare \u0219i la decolorare<\/li>\n<li>Potrivire str\u00e2ns\u0103, sportiv\u0103, potrivit\u0103 pentru \u00eenot \u0219i toate sporturile nautice<\/li>\n<li>M\u00e2neci lungi<\/li>\n<li>Bucla permite ata\u0219area p\u0103r\u021bii de jos a tricoului la pantalonii scur\u021bi de \u00eenot.<\/li>\n<li>Gulerul stand-up ofer\u0103 protec\u021bie solar\u0103 pentru g\u00e2t \u00een timp ce \u00eenota\u021bi la suprafa\u021ba apei.<\/li>\n<li>Recomandat pentru to\u021bi cei care urmeaz\u0103 s\u0103 se scufunde \u00een costume de \u00eenchiriat pentru a men\u021bine igiena.<\/li>\n<\/ul>\n<h3>Caracteristici<\/h3>\n<ul>\n<li>Material &#8212; 80% poliester, 20% spandex<\/li>\n<li>Model &#8212; feminin<\/li>\n<\/ul>\n<h3>Marca<\/h3>\n<p>AquaLung este un brand legendar \u00een domeniul scufund\u0103rii, fondat de Jacques-Yves Cousteau \u0219i Emile Gagnan. Cu mai mult de 80 de ani de existen\u021b\u0103, compania a devenit unul dintre cei mai mari produc\u0103tori de echipamente de e\u0219afodaj din industrie, cu cea mai mare gam\u0103 de modele din industrie. Varietatea de produse moderne disponibile \u00een cadrul companiei ne permite s\u0103 oferim o gam\u0103 larg\u0103 de produse care pot fi utilizate de amatori, dar \u0219i de profesioni\u0219ti. Gama larg\u0103 include: m\u0103\u0219ti, aripioare, snorkeluri, costume \u0219i uscate, regulatoare \u0219i caracati\u021be, o varietate de tehnologii dispozitive, ambr\u0103c\u0103minte \u0219i \u00eenc\u0103l\u021b\u0103minte, gen\u021bi \u0219i multe alte accesorii. Produsele AquaLung sunt disponibile \u00een mai mult de 90 de \u021b\u0103ri din lume.<\/p>\n<p><\/p>","protected":false},"excerpt":{"rendered":"","protected":false},"featured_media":83287,"comment_status":"open","ping_status":"closed","template":"","meta":{"_acf_changed":false,"inline_featured_image":false},"product_brand":[1284],"product_cat":[459],"product_tag":[],"class_list":{"0":"post-83069","1":"product","2":"type-product","3":"status-publish","4":"has-post-thumbnail","6":"product_brand-aqualung","7":"product_cat-lycra","9":"first","10":"outofstock","11":"shipping-taxable","12":"product-type-simple"},"acf":[],"yoast_head":"<!-- This site is optimized with the Yoast SEO plugin v27.2 - https:\/\/yoast.com\/product\/yoast-seo-wordpress\/ -->\n<title>\u0424\u0443\u0442\u0431\u043e\u043b\u043a\u0430 Aqualung Rashguard SF LS Wmn black\/blue - \u041c\u0430\u0433\u0430\u0437\u0438\u043d Xstyle<\/title>\n<meta name=\"description\" content=\"\u0424\u0443\u0442\u0431\u043e\u043b\u043a\u0430 Aqualung Rashguard SF LS Wmn \u0447\u0435\u0440\u043d\u043e\u0433\u043e\/\u0441\u0438\u043d\u0435\u0433\u043e \u0446\u0432\u0435\u0442\u0430 \u043e\u0431\u0435\u0441\u043f\u0435\u0447\u0438\u0432\u0430\u0435\u0442 \u0437\u0430\u0449\u0438\u0442\u0443 \u043e\u0442 UV-\u043b\u0443\u0447\u0435\u0439, \u0438\u0434\u0435\u0430\u043b\u044c\u043d\u0430 \u0434\u043b\u044f \u043f\u043b\u0430\u0432\u0430\u043d\u0438\u044f \u0438 \u0432\u043e\u0434\u043d\u044b\u0445 \u0432\u0438\u0434\u043e\u0432 \u0441\u043f\u043e\u0440\u0442\u0430.\" \/>\n<meta name=\"robots\" content=\"index, follow, max-snippet:-1, max-image-preview:large, max-video-preview:-1\" \/>\n<link rel=\"canonical\" href=\"https:\/\/xstyle.md\/ro\/produs\/futbolka-aqualung-rashguard-sf-ls-wmn-black-blue\/\" \/>\n<meta property=\"og:locale\" content=\"ro_RO\" \/>\n<meta property=\"og:type\" content=\"article\" \/>\n<meta property=\"og:title\" content=\"\u0424\u0443\u0442\u0431\u043e\u043b\u043a\u0430 Aqualung Rashguard SF LS Wmn black\/blue - \u041c\u0430\u0433\u0430\u0437\u0438\u043d Xstyle\" \/>\n<meta property=\"og:description\" content=\"\u0424\u0443\u0442\u0431\u043e\u043b\u043a\u0430 Aqualung Rashguard SF LS Wmn \u0447\u0435\u0440\u043d\u043e\u0433\u043e\/\u0441\u0438\u043d\u0435\u0433\u043e \u0446\u0432\u0435\u0442\u0430 \u043e\u0431\u0435\u0441\u043f\u0435\u0447\u0438\u0432\u0430\u0435\u0442 \u0437\u0430\u0449\u0438\u0442\u0443 \u043e\u0442 UV-\u043b\u0443\u0447\u0435\u0439, \u0438\u0434\u0435\u0430\u043b\u044c\u043d\u0430 \u0434\u043b\u044f \u043f\u043b\u0430\u0432\u0430\u043d\u0438\u044f \u0438 \u0432\u043e\u0434\u043d\u044b\u0445 \u0432\u0438\u0434\u043e\u0432 \u0441\u043f\u043e\u0440\u0442\u0430.\" \/>\n<meta property=\"og:url\" content=\"https:\/\/xstyle.md\/ro\/produs\/futbolka-aqualung-rashguard-sf-ls-wmn-black-blue\/\" \/>\n<meta property=\"og:site_name\" content=\"\u041c\u0430\u0433\u0430\u0437\u0438\u043d Xstyle\" \/>\n<meta property=\"article:publisher\" content=\"https:\/\/www.facebook.com\/xstylemd\" \/>\n<meta property=\"article:modified_time\" content=\"2024-10-02T22:48:38+00:00\" \/>\n<meta property=\"og:image\" content=\"https:\/\/xstyle.md\/wp-content\/uploads\/2024\/05\/aqualung-rashguard-sf-ls-wmn-black-blue.jpg\" \/>\n\t<meta property=\"og:image:width\" content=\"2366\" \/>\n\t<meta property=\"og:image:height\" content=\"2432\" \/>\n\t<meta property=\"og:image:type\" content=\"image\/jpeg\" \/>\n<meta name=\"twitter:card\" content=\"summary_large_image\" \/>\n<meta name=\"twitter:label1\" content=\"Pre\u021b\" \/>\n\t<meta name=\"twitter:data1\" content=\"1.290&nbsp;MDL\" \/>\n\t<meta name=\"twitter:label2\" content=\"Disponibilitate\" \/>\n\t<meta name=\"twitter:data2\" content=\"Stoc epuizat\" \/>\n<script type=\"application\/ld+json\" class=\"yoast-schema-graph\">{\"@context\":\"https:\/\/schema.org\",\"@graph\":[{\"@type\":\"WebPage\",\"@id\":\"https:\/\/xstyle.md\/product\/futbolka-aqualung-rashguard-sf-ls-wmn-black-blue\/\",\"url\":\"https:\/\/xstyle.md\/product\/futbolka-aqualung-rashguard-sf-ls-wmn-black-blue\/\",\"name\":\"\u0424\u0443\u0442\u0431\u043e\u043b\u043a\u0430 Aqualung Rashguard SF LS Wmn black\/blue - \u041c\u0430\u0433\u0430\u0437\u0438\u043d Xstyle\",\"isPartOf\":{\"@id\":\"https:\/\/xstyle.md\/#website\"},\"primaryImageOfPage\":{\"@id\":\"https:\/\/xstyle.md\/product\/futbolka-aqualung-rashguard-sf-ls-wmn-black-blue\/#primaryimage\"},\"image\":{\"@id\":\"https:\/\/xstyle.md\/product\/futbolka-aqualung-rashguard-sf-ls-wmn-black-blue\/#primaryimage\"},\"thumbnailUrl\":\"https:\/\/xstyle.md\/wp-content\/uploads\/2024\/05\/aqualung-rashguard-sf-ls-wmn-black-blue.jpg\",\"datePublished\":\"2024-05-10T10:36:04+00:00\",\"dateModified\":\"2024-10-02T22:48:38+00:00\",\"description\":\"\u0424\u0443\u0442\u0431\u043e\u043b\u043a\u0430 Aqualung Rashguard SF LS Wmn \u0447\u0435\u0440\u043d\u043e\u0433\u043e\/\u0441\u0438\u043d\u0435\u0433\u043e \u0446\u0432\u0435\u0442\u0430 \u043e\u0431\u0435\u0441\u043f\u0435\u0447\u0438\u0432\u0430\u0435\u0442 \u0437\u0430\u0449\u0438\u0442\u0443 \u043e\u0442 UV-\u043b\u0443\u0447\u0435\u0439, \u0438\u0434\u0435\u0430\u043b\u044c\u043d\u0430 \u0434\u043b\u044f \u043f\u043b\u0430\u0432\u0430\u043d\u0438\u044f \u0438 \u0432\u043e\u0434\u043d\u044b\u0445 \u0432\u0438\u0434\u043e\u0432 \u0441\u043f\u043e\u0440\u0442\u0430.\",\"breadcrumb\":{\"@id\":\"https:\/\/xstyle.md\/product\/futbolka-aqualung-rashguard-sf-ls-wmn-black-blue\/#breadcrumb\"},\"inLanguage\":\"ro-RO\",\"potentialAction\":[{\"@type\":\"ReadAction\",\"target\":[\"https:\/\/xstyle.md\/product\/futbolka-aqualung-rashguard-sf-ls-wmn-black-blue\/\"]}]},{\"@type\":\"ImageObject\",\"inLanguage\":\"ro-RO\",\"@id\":\"https:\/\/xstyle.md\/product\/futbolka-aqualung-rashguard-sf-ls-wmn-black-blue\/#primaryimage\",\"url\":\"https:\/\/xstyle.md\/wp-content\/uploads\/2024\/05\/aqualung-rashguard-sf-ls-wmn-black-blue.jpg\",\"contentUrl\":\"https:\/\/xstyle.md\/wp-content\/uploads\/2024\/05\/aqualung-rashguard-sf-ls-wmn-black-blue.jpg\",\"width\":1868,\"height\":1920,\"caption\":\"\u0420\u0430\u0448\u0433\u0430\u0440\u0434 Aqualung SF LS \u0436\u0435\u043d\u0441\u043a\u0438\u0439 \u0447\u0435\u0440\u043d\u043e-\u0441\u0438\u043d\u0438\u0439 \u0434\u043b\u044f \u0430\u043a\u0442\u0438\u0432\u043d\u043e\u0433\u043e \u043e\u0442\u0434\u044b\u0445\u0430, \u043f\u043e\u0445\u043e\u0434\u043e\u0432 \u0438 \u043f\u0443\u0442\u0435\u0448\u0435\u0441\u0442\u0432\u0438\u0439 \u043d\u0430 \u043e\u043d\u043b\u0430\u0439\u043d-\u043c\u0430\u0433\u0430\u0437\u0438\u043d\u0435 \u0441\u043f\u043e\u0440\u0442\u0438\u0432\u043d\u043e\u0439 \u043e\u0434\u0435\u0436\u0434\u044b \u0438 \u043e\u0431\u0443\u0432\u0438\"},{\"@type\":\"BreadcrumbList\",\"@id\":\"https:\/\/xstyle.md\/product\/futbolka-aqualung-rashguard-sf-ls-wmn-black-blue\/#breadcrumb\",\"itemListElement\":[{\"@type\":\"ListItem\",\"position\":1,\"name\":\"\u0413\u043b\u0430\u0432\u043d\u0430\u044f \u0441\u0442\u0440\u0430\u043d\u0438\u0446\u0430\",\"item\":\"https:\/\/xstyle.md\/\"},{\"@type\":\"ListItem\",\"position\":2,\"name\":\"\u041c\u0430\u0433\u0430\u0437\u0438\u043d\",\"item\":\"https:\/\/xstyle.md\/shop\/\"},{\"@type\":\"ListItem\",\"position\":3,\"name\":\"\u0424\u0443\u0442\u0431\u043e\u043b\u043a\u0430 Aqualung Rashguard SF LS Wmn black\/blue\"}]},{\"@type\":\"WebSite\",\"@id\":\"https:\/\/xstyle.md\/#website\",\"url\":\"https:\/\/xstyle.md\/\",\"name\":\"\u041c\u0430\u0433\u0430\u0437\u0438\u043d Xstyle\",\"description\":\"C\u043d\u0430\u0440\u044f\u0436\u0435\u043d\u0438\u0435 \u0434\u043b\u044f \u0442\u0443\u0440\u0438\u0437\u043c\u0430 \u0438 \u044d\u043a\u0441\u0442\u0440\u0435\u043c\u0430\u043b\u044c\u043d\u044b\u0445 \u0432\u0438\u0434\u043e\u0432 \u0441\u043f\u043e\u0440\u0442\u0430 \u0432 \u041c\u043e\u043b\u0434\u043e\u0432\u0435.. \u0426\u0435\u043d\u044b, \u0444\u043e\u0442\u043e, \u0445\u0430\u0440\u0430\u043a\u0442\u0435\u0440\u0438\u0441\u0442\u0438\u043a\u0438 \u0432 \u041c\u043e\u043b\u0434\u043e\u0432\u0435.\",\"publisher\":{\"@id\":\"https:\/\/xstyle.md\/#organization\"},\"alternateName\":\"X-Style\",\"potentialAction\":[{\"@type\":\"SearchAction\",\"target\":{\"@type\":\"EntryPoint\",\"urlTemplate\":\"https:\/\/xstyle.md\/?s={search_term_string}\"},\"query-input\":{\"@type\":\"PropertyValueSpecification\",\"valueRequired\":true,\"valueName\":\"search_term_string\"}}],\"inLanguage\":\"ro-RO\"},{\"@type\":\"Organization\",\"@id\":\"https:\/\/xstyle.md\/#organization\",\"name\":\"\u041c\u0430\u0433\u0430\u0437\u0438\u043d Xstyle\",\"alternateName\":\"x-style\",\"url\":\"https:\/\/xstyle.md\/\",\"logo\":{\"@type\":\"ImageObject\",\"inLanguage\":\"ro-RO\",\"@id\":\"https:\/\/xstyle.md\/#\/schema\/logo\/image\/\",\"url\":\"https:\/\/xstyle.md\/wp-content\/uploads\/2020\/06\/logoicon.svg\",\"contentUrl\":\"https:\/\/xstyle.md\/wp-content\/uploads\/2020\/06\/logoicon.svg\",\"caption\":\"\u041c\u0430\u0433\u0430\u0437\u0438\u043d Xstyle\"},\"image\":{\"@id\":\"https:\/\/xstyle.md\/#\/schema\/logo\/image\/\"},\"sameAs\":[\"https:\/\/www.facebook.com\/xstylemd\",\"https:\/\/www.instagram.com\/xstyle_md\/\",\"https:\/\/t.me\/xstyle_outdoor\"],\"hasMerchantReturnPolicy\":{\"@type\":\"MerchantReturnPolicy\",\"merchantReturnLink\":\"https:\/\/xstyle.md\/ro\/conditions\/\"}}]}<\/script>\n<meta property=\"product:price:amount\" content=\"1290.00\" \/>\n<meta property=\"product:price:currency\" content=\"MDL\" \/>\n<meta property=\"og:availability\" content=\"out of stock\" \/>\n<meta property=\"product:availability\" content=\"out of stock\" \/>\n<meta property=\"product:retailer_item_id\" content=\"3665771074611\" \/>\n<meta property=\"product:condition\" content=\"new\" \/>\n<!-- \/ Yoast SEO plugin. -->","yoast_head_json":{"title":"Tricou Aqualung Rashguard SF LS Wmn black\/blue - Magazin Xstyle","description":"Tricoul Aqualung Rashguard SF LS Wmn de culoare neagr\u0103\/albastr\u0103 ofer\u0103 protec\u021bie \u00eempotriva razelor UV, fiind ideal pentru \u00eenot \u0219i sporturi de ap\u0103.","robots":{"index":"index","follow":"follow","max-snippet":"max-snippet:-1","max-image-preview":"max-image-preview:large","max-video-preview":"max-video-preview:-1"},"canonical":"https:\/\/xstyle.md\/ro\/produs\/futbolka-aqualung-rashguard-sf-ls-wmn-black-blue\/","og_locale":"ro_RO","og_type":"article","og_title":"\u0424\u0443\u0442\u0431\u043e\u043b\u043a\u0430 Aqualung Rashguard SF LS Wmn black\/blue - \u041c\u0430\u0433\u0430\u0437\u0438\u043d Xstyle","og_description":"\u0424\u0443\u0442\u0431\u043e\u043b\u043a\u0430 Aqualung Rashguard SF LS Wmn \u0447\u0435\u0440\u043d\u043e\u0433\u043e\/\u0441\u0438\u043d\u0435\u0433\u043e \u0446\u0432\u0435\u0442\u0430 \u043e\u0431\u0435\u0441\u043f\u0435\u0447\u0438\u0432\u0430\u0435\u0442 \u0437\u0430\u0449\u0438\u0442\u0443 \u043e\u0442 UV-\u043b\u0443\u0447\u0435\u0439, \u0438\u0434\u0435\u0430\u043b\u044c\u043d\u0430 \u0434\u043b\u044f \u043f\u043b\u0430\u0432\u0430\u043d\u0438\u044f \u0438 \u0432\u043e\u0434\u043d\u044b\u0445 \u0432\u0438\u0434\u043e\u0432 \u0441\u043f\u043e\u0440\u0442\u0430.","og_url":"https:\/\/xstyle.md\/ro\/produs\/futbolka-aqualung-rashguard-sf-ls-wmn-black-blue\/","og_site_name":"\u041c\u0430\u0433\u0430\u0437\u0438\u043d Xstyle","article_publisher":"https:\/\/www.facebook.com\/xstylemd","article_modified_time":"2024-10-02T22:48:38+00:00","og_image":[{"width":2366,"height":2432,"url":"https:\/\/xstyle.md\/wp-content\/uploads\/2024\/05\/aqualung-rashguard-sf-ls-wmn-black-blue.jpg","type":"image\/jpeg"}],"twitter_card":"summary_large_image","twitter_misc":{"Pre\u021b":"1.290&nbsp;MDL","Disponibilitate":"Stoc epuizat"},"schema":{"@context":"https:\/\/schema.org","@graph":[{"@type":"WebPage","@id":"https:\/\/xstyle.md\/product\/futbolka-aqualung-rashguard-sf-ls-wmn-black-blue\/","url":"https:\/\/xstyle.md\/product\/futbolka-aqualung-rashguard-sf-ls-wmn-black-blue\/","name":"Tricou Aqualung Rashguard SF LS Wmn black\/blue - Magazin Xstyle","isPartOf":{"@id":"https:\/\/xstyle.md\/#website"},"primaryImageOfPage":{"@id":"https:\/\/xstyle.md\/product\/futbolka-aqualung-rashguard-sf-ls-wmn-black-blue\/#primaryimage"},"image":{"@id":"https:\/\/xstyle.md\/product\/futbolka-aqualung-rashguard-sf-ls-wmn-black-blue\/#primaryimage"},"thumbnailUrl":"https:\/\/xstyle.md\/wp-content\/uploads\/2024\/05\/aqualung-rashguard-sf-ls-wmn-black-blue.jpg","datePublished":"2024-05-10T10:36:04+00:00","dateModified":"2024-10-02T22:48:38+00:00","description":"Tricoul Aqualung Rashguard SF LS Wmn de culoare neagr\u0103\/albastr\u0103 ofer\u0103 protec\u021bie \u00eempotriva razelor UV, fiind ideal pentru \u00eenot \u0219i sporturi de ap\u0103.","breadcrumb":{"@id":"https:\/\/xstyle.md\/product\/futbolka-aqualung-rashguard-sf-ls-wmn-black-blue\/#breadcrumb"},"inLanguage":"ro-RO","potentialAction":[{"@type":"ReadAction","target":["https:\/\/xstyle.md\/product\/futbolka-aqualung-rashguard-sf-ls-wmn-black-blue\/"]}]},{"@type":"ImageObject","inLanguage":"ro-RO","@id":"https:\/\/xstyle.md\/product\/futbolka-aqualung-rashguard-sf-ls-wmn-black-blue\/#primaryimage","url":"https:\/\/xstyle.md\/wp-content\/uploads\/2024\/05\/aqualung-rashguard-sf-ls-wmn-black-blue.jpg","contentUrl":"https:\/\/xstyle.md\/wp-content\/uploads\/2024\/05\/aqualung-rashguard-sf-ls-wmn-black-blue.jpg","width":1868,"height":1920,"caption":"\u0420\u0430\u0448\u0433\u0430\u0440\u0434 Aqualung SF LS \u0436\u0435\u043d\u0441\u043a\u0438\u0439 \u0447\u0435\u0440\u043d\u043e-\u0441\u0438\u043d\u0438\u0439 \u0434\u043b\u044f \u0430\u043a\u0442\u0438\u0432\u043d\u043e\u0433\u043e \u043e\u0442\u0434\u044b\u0445\u0430, \u043f\u043e\u0445\u043e\u0434\u043e\u0432 \u0438 \u043f\u0443\u0442\u0435\u0448\u0435\u0441\u0442\u0432\u0438\u0439 \u043d\u0430 \u043e\u043d\u043b\u0430\u0439\u043d-\u043c\u0430\u0433\u0430\u0437\u0438\u043d\u0435 \u0441\u043f\u043e\u0440\u0442\u0438\u0432\u043d\u043e\u0439 \u043e\u0434\u0435\u0436\u0434\u044b \u0438 \u043e\u0431\u0443\u0432\u0438"},{"@type":"BreadcrumbList","@id":"https:\/\/xstyle.md\/product\/futbolka-aqualung-rashguard-sf-ls-wmn-black-blue\/#breadcrumb","itemListElement":[{"@type":"ListItem","position":1,"name":"\u0413\u043b\u0430\u0432\u043d\u0430\u044f \u0441\u0442\u0440\u0430\u043d\u0438\u0446\u0430","item":"https:\/\/xstyle.md\/"},{"@type":"ListItem","position":2,"name":"\u041c\u0430\u0433\u0430\u0437\u0438\u043d","item":"https:\/\/xstyle.md\/shop\/"},{"@type":"ListItem","position":3,"name":"\u0424\u0443\u0442\u0431\u043e\u043b\u043a\u0430 Aqualung Rashguard SF LS Wmn black\/blue"}]},{"@type":"WebSite","@id":"https:\/\/xstyle.md\/#website","url":"https:\/\/xstyle.md\/","name":"Magazinul X-Style","description":"Echipamente pentru turism \u0219i sporturi extreme \u00een Moldova. Pre\u021buri, fotografii, caracteristici \u00een Moldova.","publisher":{"@id":"https:\/\/xstyle.md\/#organization"},"alternateName":"X-Style","potentialAction":[{"@type":"SearchAction","target":{"@type":"EntryPoint","urlTemplate":"https:\/\/xstyle.md\/?s={search_term_string}"},"query-input":{"@type":"PropertyValueSpecification","valueRequired":true,"valueName":"search_term_string"}}],"inLanguage":"ro-RO"},{"@type":"Organization","@id":"https:\/\/xstyle.md\/#organization","name":"Magazinul X-Style","alternateName":"x-style","url":"https:\/\/xstyle.md\/","logo":{"@type":"ImageObject","inLanguage":"ro-RO","@id":"https:\/\/xstyle.md\/#\/schema\/logo\/image\/","url":"https:\/\/xstyle.md\/wp-content\/uploads\/2020\/06\/logoicon.svg","contentUrl":"https:\/\/xstyle.md\/wp-content\/uploads\/2020\/06\/logoicon.svg","caption":"\u041c\u0430\u0433\u0430\u0437\u0438\u043d Xstyle"},"image":{"@id":"https:\/\/xstyle.md\/#\/schema\/logo\/image\/"},"sameAs":["https:\/\/www.facebook.com\/xstylemd","https:\/\/www.instagram.com\/xstyle_md\/","https:\/\/t.me\/xstyle_outdoor"],"hasMerchantReturnPolicy":{"@type":"MerchantReturnPolicy","merchantReturnLink":"https:\/\/xstyle.md\/ro\/conditions\/"}}]},"product_price_amount":"1290.00","product_price_currency":"MDL","og_availability":"out of stock","product_availability":"out of stock","product_retailer_item_id":"3665771074611","product_condition":"new"},"post_mailing_queue_ids":[],"_links":{"self":[{"href":"https:\/\/xstyle.md\/ro\/wp-json\/wp\/v2\/product\/83069","targetHints":{"allow":["GET"]}}],"collection":[{"href":"https:\/\/xstyle.md\/ro\/wp-json\/wp\/v2\/product"}],"about":[{"href":"https:\/\/xstyle.md\/ro\/wp-json\/wp\/v2\/types\/product"}],"replies":[{"embeddable":true,"href":"https:\/\/xstyle.md\/ro\/wp-json\/wp\/v2\/comments?post=83069"}],"wp:featuredmedia":[{"embeddable":true,"href":"https:\/\/xstyle.md\/ro\/wp-json\/wp\/v2\/media\/83287"}],"wp:attachment":[{"href":"https:\/\/xstyle.md\/ro\/wp-json\/wp\/v2\/media?parent=83069"}],"wp:term":[{"taxonomy":"product_brand","embeddable":true,"href":"https:\/\/xstyle.md\/ro\/wp-json\/wp\/v2\/product_brand?post=83069"},{"taxonomy":"product_cat","embeddable":true,"href":"https:\/\/xstyle.md\/ro\/wp-json\/wp\/v2\/product_cat?post=83069"},{"taxonomy":"product_tag","embeddable":true,"href":"https:\/\/xstyle.md\/ro\/wp-json\/wp\/v2\/product_tag?post=83069"}],"curies":[{"name":"wp","href":"https:\/\/api.w.org\/{rel}","templated":true}]}}