{"id":83058,"date":"2024-05-10T13:36:00","date_gmt":"2024-05-10T10:36:00","guid":{"rendered":"https:\/\/xstyle.md\/?post_type=product&#038;p=83058"},"modified":"2024-10-03T01:48:27","modified_gmt":"2024-10-02T22:48:27","slug":"fonar-aqualung-seaflare-led-dive-light-pack","status":"publish","type":"product","link":"https:\/\/xstyle.md\/ro\/produs\/fonar-aqualung-seaflare-led-dive-light-pack\/","title":{"rendered":"Lantern\u0103 Aqualung Seaflare Led Dive Light Pack"},"content":{"rendered":"<\/p>\n<p><strong>Aqualung Seaflare Led Dive Light Pack<\/strong> &#8212; lumina LED pentru scufund\u0103ri v\u0103 poate ajuta s\u0103 descoperi\u021bi culorile din ad\u00e2ncul m\u0103rii. Chiar \u0219i la ad\u00e2ncimi mici, culorile calde sunt filtrate de ap\u0103, iar peisajele subacvatice arat\u0103 adesea doar albastru sau verde. Chiar \u0219i \u00een timpul unei scufund\u0103ri de o zi, v\u0103 pute\u021bi extinde experien\u021ba subacvatic\u0103 bucur\u00e2ndu-v\u0103 de adev\u0103ratele culori ale vie\u021bii marine; ceea ce credea\u021bi c\u0103 este doar albastru \u0219i verde devine vizibil \u00een ro\u0219u \u0219i galben atunci c\u00e2nd ilumina\u021bi.<\/p>\n<h3>Setul include<\/h3>\n<ul>\n<li>Tor\u021b\u0103<\/li>\n<li>Curea<\/li>\n<li>\u00cenc\u0103rc\u0103tor USB<\/li>\n<li>O-ring-uri de rezerv\u0103<\/li>\n<li>4 deflectoare de fascicul ID (albastru, albastru, roz, galben)<\/li>\n<\/ul>\n<p><\/p>","protected":false},"excerpt":{"rendered":"","protected":false},"featured_media":83343,"comment_status":"open","ping_status":"closed","template":"","meta":{"_acf_changed":false,"inline_featured_image":false},"product_brand":[1284],"product_cat":[187],"product_tag":[],"class_list":{"0":"post-83058","1":"product","2":"type-product","3":"status-publish","4":"has-post-thumbnail","6":"product_brand-aqualung","7":"product_cat-aqua-knives-and-flashlights","9":"first","10":"instock","11":"shipping-taxable","12":"purchasable","13":"product-type-simple"},"acf":[],"yoast_head":"<!-- This site is optimized with the Yoast SEO plugin v27.4 - https:\/\/yoast.com\/product\/yoast-seo-wordpress\/ -->\n<title>\u0424\u043e\u043d\u0430\u0440\u044c Aqualung Seaflare Led Dive Light Pack - \u041c\u0430\u0433\u0430\u0437\u0438\u043d Xstyle<\/title>\n<meta name=\"description\" content=\"\u0424\u043e\u043d\u0430\u0440\u044c Aqualung Seaflare LED Dive Light Pack \u0440\u0430\u0441\u043a\u0440\u044b\u0432\u0430\u0435\u0442 \u0446\u0432\u0435\u0442\u043e\u0432\u043e\u0435 \u0431\u043e\u0433\u0430\u0442\u0441\u0442\u0432\u043e \u043f\u043e\u0434\u0432\u043e\u0434\u043d\u043e\u0433\u043e \u043c\u0438\u0440\u0430. \u0418\u0434\u0435\u0430\u043b\u0435\u043d \u0434\u043b\u044f \u043f\u043e\u0433\u0440\u0443\u0436\u0435\u043d\u0438\u0439, \u0434\u0430\u0436\u0435 \u043d\u0430 \u043c\u0430\u043b\u044b\u0445 \u0433\u043b\u0443\u0431\u0438\u043d\u0430\u0445!\" \/>\n<meta name=\"robots\" content=\"index, follow, max-snippet:-1, max-image-preview:large, max-video-preview:-1\" \/>\n<link rel=\"canonical\" href=\"https:\/\/xstyle.md\/ro\/produs\/fonar-aqualung-seaflare-led-dive-light-pack\/\" \/>\n<meta property=\"og:locale\" content=\"ro_RO\" \/>\n<meta property=\"og:type\" content=\"article\" \/>\n<meta property=\"og:title\" content=\"\u0424\u043e\u043d\u0430\u0440\u044c Aqualung Seaflare Led Dive Light Pack - \u041c\u0430\u0433\u0430\u0437\u0438\u043d Xstyle\" \/>\n<meta property=\"og:description\" content=\"\u0424\u043e\u043d\u0430\u0440\u044c Aqualung Seaflare LED Dive Light Pack \u0440\u0430\u0441\u043a\u0440\u044b\u0432\u0430\u0435\u0442 \u0446\u0432\u0435\u0442\u043e\u0432\u043e\u0435 \u0431\u043e\u0433\u0430\u0442\u0441\u0442\u0432\u043e \u043f\u043e\u0434\u0432\u043e\u0434\u043d\u043e\u0433\u043e \u043c\u0438\u0440\u0430. \u0418\u0434\u0435\u0430\u043b\u0435\u043d \u0434\u043b\u044f \u043f\u043e\u0433\u0440\u0443\u0436\u0435\u043d\u0438\u0439, \u0434\u0430\u0436\u0435 \u043d\u0430 \u043c\u0430\u043b\u044b\u0445 \u0433\u043b\u0443\u0431\u0438\u043d\u0430\u0445!\" \/>\n<meta property=\"og:url\" content=\"https:\/\/xstyle.md\/ro\/produs\/fonar-aqualung-seaflare-led-dive-light-pack\/\" \/>\n<meta property=\"og:site_name\" content=\"\u041c\u0430\u0433\u0430\u0437\u0438\u043d Xstyle\" \/>\n<meta property=\"article:publisher\" content=\"https:\/\/www.facebook.com\/xstylemd\" \/>\n<meta property=\"article:modified_time\" content=\"2024-10-02T22:48:27+00:00\" \/>\n<meta property=\"og:image\" content=\"https:\/\/xstyle.md\/wp-content\/uploads\/2024\/05\/aqualung-seaflare-led-dive-light-pack.jpg\" \/>\n\t<meta property=\"og:image:width\" content=\"500\" \/>\n\t<meta property=\"og:image:height\" content=\"500\" \/>\n\t<meta property=\"og:image:type\" content=\"image\/jpeg\" \/>\n<meta name=\"twitter:card\" content=\"summary_large_image\" \/>\n<meta name=\"twitter:label1\" content=\"Pre\u021b\" \/>\n\t<meta name=\"twitter:data1\" content=\"5.990&nbsp;MDL\" \/>\n\t<meta name=\"twitter:label2\" content=\"Disponibilitate\" \/>\n\t<meta name=\"twitter:data2\" content=\"\u00cen stoc\" \/>\n<script type=\"application\/ld+json\" class=\"yoast-schema-graph\">{\"@context\":\"https:\\\/\\\/schema.org\",\"@graph\":[{\"@type\":\"WebPage\",\"@id\":\"https:\\\/\\\/xstyle.md\\\/product\\\/fonar-aqualung-seaflare-led-dive-light-pack\\\/\",\"url\":\"https:\\\/\\\/xstyle.md\\\/product\\\/fonar-aqualung-seaflare-led-dive-light-pack\\\/\",\"name\":\"\u0424\u043e\u043d\u0430\u0440\u044c Aqualung Seaflare Led Dive Light Pack - \u041c\u0430\u0433\u0430\u0437\u0438\u043d Xstyle\",\"isPartOf\":{\"@id\":\"https:\\\/\\\/xstyle.md\\\/#website\"},\"primaryImageOfPage\":{\"@id\":\"https:\\\/\\\/xstyle.md\\\/product\\\/fonar-aqualung-seaflare-led-dive-light-pack\\\/#primaryimage\"},\"image\":{\"@id\":\"https:\\\/\\\/xstyle.md\\\/product\\\/fonar-aqualung-seaflare-led-dive-light-pack\\\/#primaryimage\"},\"thumbnailUrl\":\"https:\\\/\\\/xstyle.md\\\/wp-content\\\/uploads\\\/2024\\\/05\\\/aqualung-seaflare-led-dive-light-pack.jpg\",\"datePublished\":\"2024-05-10T10:36:00+00:00\",\"dateModified\":\"2024-10-02T22:48:27+00:00\",\"description\":\"\u0424\u043e\u043d\u0430\u0440\u044c Aqualung Seaflare LED Dive Light Pack \u0440\u0430\u0441\u043a\u0440\u044b\u0432\u0430\u0435\u0442 \u0446\u0432\u0435\u0442\u043e\u0432\u043e\u0435 \u0431\u043e\u0433\u0430\u0442\u0441\u0442\u0432\u043e \u043f\u043e\u0434\u0432\u043e\u0434\u043d\u043e\u0433\u043e \u043c\u0438\u0440\u0430. \u0418\u0434\u0435\u0430\u043b\u0435\u043d \u0434\u043b\u044f \u043f\u043e\u0433\u0440\u0443\u0436\u0435\u043d\u0438\u0439, \u0434\u0430\u0436\u0435 \u043d\u0430 \u043c\u0430\u043b\u044b\u0445 \u0433\u043b\u0443\u0431\u0438\u043d\u0430\u0445!\",\"breadcrumb\":{\"@id\":\"https:\\\/\\\/xstyle.md\\\/product\\\/fonar-aqualung-seaflare-led-dive-light-pack\\\/#breadcrumb\"},\"inLanguage\":\"ro-RO\",\"potentialAction\":[{\"@type\":\"ReadAction\",\"target\":[\"https:\\\/\\\/xstyle.md\\\/product\\\/fonar-aqualung-seaflare-led-dive-light-pack\\\/\"]}]},{\"@type\":\"ImageObject\",\"inLanguage\":\"ro-RO\",\"@id\":\"https:\\\/\\\/xstyle.md\\\/product\\\/fonar-aqualung-seaflare-led-dive-light-pack\\\/#primaryimage\",\"url\":\"https:\\\/\\\/xstyle.md\\\/wp-content\\\/uploads\\\/2024\\\/05\\\/aqualung-seaflare-led-dive-light-pack.jpg\",\"contentUrl\":\"https:\\\/\\\/xstyle.md\\\/wp-content\\\/uploads\\\/2024\\\/05\\\/aqualung-seaflare-led-dive-light-pack.jpg\",\"width\":500,\"height\":500,\"caption\":\"\u041c\u0438\u043d\u0438\u0430\u0442\u044e\u0440\u0430 \u0444\u043e\u043d\u0430\u0440\u044f Aqualung Seaflare \u0434\u043b\u044f \u0434\u0430\u0439\u0432\u0438\u043d\u0433\u0430, \u0430\u043a\u0442\u0438\u0432\u043d\u044b\u0439 \u043e\u0442\u0434\u044b\u0445, \u0442\u0443\u0440\u0438\u0441\u0442\u0438\u0447\u0435\u0441\u043a\u0430\u044f \u044d\u043a\u0438\u043f\u0438\u0440\u043e\u0432\u043a\u0430, \u043e\u0431\u0443\u0432\u044c, \u043e\u0434\u0435\u0436\u0434\u0430 \u0434\u043b\u044f \u043f\u043e\u0445\u043e\u0434\u043e\u0432, \u043f\u0443\u0442\u0435\u0448\u0435\u0441\u0442\u0432\u0438\u0439 \u0438 \u0430\u043b\u044c\u043f\u0438\u043d\u0438\u0437\u043c\u0430\"},{\"@type\":\"BreadcrumbList\",\"@id\":\"https:\\\/\\\/xstyle.md\\\/product\\\/fonar-aqualung-seaflare-led-dive-light-pack\\\/#breadcrumb\",\"itemListElement\":[{\"@type\":\"ListItem\",\"position\":1,\"name\":\"\u0413\u043b\u0430\u0432\u043d\u0430\u044f \u0441\u0442\u0440\u0430\u043d\u0438\u0446\u0430\",\"item\":\"https:\\\/\\\/xstyle.md\\\/\"},{\"@type\":\"ListItem\",\"position\":2,\"name\":\"\u041c\u0430\u0433\u0430\u0437\u0438\u043d\",\"item\":\"https:\\\/\\\/xstyle.md\\\/shop\\\/\"},{\"@type\":\"ListItem\",\"position\":3,\"name\":\"\u0424\u043e\u043d\u0430\u0440\u044c Aqualung Seaflare Led Dive Light Pack\"}]},{\"@type\":\"WebSite\",\"@id\":\"https:\\\/\\\/xstyle.md\\\/#website\",\"url\":\"https:\\\/\\\/xstyle.md\\\/\",\"name\":\"\u041c\u0430\u0433\u0430\u0437\u0438\u043d Xstyle\",\"description\":\"C\u043d\u0430\u0440\u044f\u0436\u0435\u043d\u0438\u0435 \u0434\u043b\u044f \u0442\u0443\u0440\u0438\u0437\u043c\u0430 \u0438 \u044d\u043a\u0441\u0442\u0440\u0435\u043c\u0430\u043b\u044c\u043d\u044b\u0445 \u0432\u0438\u0434\u043e\u0432 \u0441\u043f\u043e\u0440\u0442\u0430 \u0432 \u041c\u043e\u043b\u0434\u043e\u0432\u0435.. \u0426\u0435\u043d\u044b, \u0444\u043e\u0442\u043e, \u0445\u0430\u0440\u0430\u043a\u0442\u0435\u0440\u0438\u0441\u0442\u0438\u043a\u0438 \u0432 \u041c\u043e\u043b\u0434\u043e\u0432\u0435.\",\"publisher\":{\"@id\":\"https:\\\/\\\/xstyle.md\\\/#organization\"},\"alternateName\":\"X-Style\",\"potentialAction\":[{\"@type\":\"SearchAction\",\"target\":{\"@type\":\"EntryPoint\",\"urlTemplate\":\"https:\\\/\\\/xstyle.md\\\/?s={search_term_string}\"},\"query-input\":{\"@type\":\"PropertyValueSpecification\",\"valueRequired\":true,\"valueName\":\"search_term_string\"}}],\"inLanguage\":\"ro-RO\"},{\"@type\":\"Organization\",\"@id\":\"https:\\\/\\\/xstyle.md\\\/#organization\",\"name\":\"\u041c\u0430\u0433\u0430\u0437\u0438\u043d Xstyle\",\"alternateName\":\"x-style\",\"url\":\"https:\\\/\\\/xstyle.md\\\/\",\"logo\":{\"@type\":\"ImageObject\",\"inLanguage\":\"ro-RO\",\"@id\":\"https:\\\/\\\/xstyle.md\\\/#\\\/schema\\\/logo\\\/image\\\/\",\"url\":\"https:\\\/\\\/xstyle.md\\\/wp-content\\\/uploads\\\/2020\\\/06\\\/logoicon.svg\",\"contentUrl\":\"https:\\\/\\\/xstyle.md\\\/wp-content\\\/uploads\\\/2020\\\/06\\\/logoicon.svg\",\"caption\":\"\u041c\u0430\u0433\u0430\u0437\u0438\u043d Xstyle\"},\"image\":{\"@id\":\"https:\\\/\\\/xstyle.md\\\/#\\\/schema\\\/logo\\\/image\\\/\"},\"sameAs\":[\"https:\\\/\\\/www.facebook.com\\\/xstylemd\",\"https:\\\/\\\/www.instagram.com\\\/xstyle_md\\\/\",\"https:\\\/\\\/t.me\\\/xstyle_outdoor\"],\"hasMerchantReturnPolicy\":{\"@type\":\"MerchantReturnPolicy\",\"merchantReturnLink\":\"https:\\\/\\\/xstyle.md\\\/ro\\\/conditions\\\/\"}}]}<\/script>\n<meta property=\"product:price:amount\" content=\"5990.00\" \/>\n<meta property=\"product:price:currency\" content=\"MDL\" \/>\n<meta property=\"og:availability\" content=\"instock\" \/>\n<meta property=\"product:availability\" content=\"instock\" \/>\n<meta property=\"product:retailer_item_id\" content=\"3665771041460\" \/>\n<meta property=\"product:condition\" content=\"new\" \/>\n<!-- \/ Yoast SEO plugin. -->","yoast_head_json":{"title":"Lantern\u0103 Aqualung Seaflare Led Dive Light Pack - Magazin Xstyle","description":"Lanterna Aqualung Seaflare LED Dive Light Pack dezv\u0103luie bog\u0103\u021bia de culori a lumii subacvatice. Ideal pentru scufund\u0103ri, chiar \u0219i la ad\u00e2ncimi mici!","robots":{"index":"index","follow":"follow","max-snippet":"max-snippet:-1","max-image-preview":"max-image-preview:large","max-video-preview":"max-video-preview:-1"},"canonical":"https:\/\/xstyle.md\/ro\/produs\/fonar-aqualung-seaflare-led-dive-light-pack\/","og_locale":"ro_RO","og_type":"article","og_title":"\u0424\u043e\u043d\u0430\u0440\u044c Aqualung Seaflare Led Dive Light Pack - \u041c\u0430\u0433\u0430\u0437\u0438\u043d Xstyle","og_description":"\u0424\u043e\u043d\u0430\u0440\u044c Aqualung Seaflare LED Dive Light Pack \u0440\u0430\u0441\u043a\u0440\u044b\u0432\u0430\u0435\u0442 \u0446\u0432\u0435\u0442\u043e\u0432\u043e\u0435 \u0431\u043e\u0433\u0430\u0442\u0441\u0442\u0432\u043e \u043f\u043e\u0434\u0432\u043e\u0434\u043d\u043e\u0433\u043e \u043c\u0438\u0440\u0430. \u0418\u0434\u0435\u0430\u043b\u0435\u043d \u0434\u043b\u044f \u043f\u043e\u0433\u0440\u0443\u0436\u0435\u043d\u0438\u0439, \u0434\u0430\u0436\u0435 \u043d\u0430 \u043c\u0430\u043b\u044b\u0445 \u0433\u043b\u0443\u0431\u0438\u043d\u0430\u0445!","og_url":"https:\/\/xstyle.md\/ro\/produs\/fonar-aqualung-seaflare-led-dive-light-pack\/","og_site_name":"\u041c\u0430\u0433\u0430\u0437\u0438\u043d Xstyle","article_publisher":"https:\/\/www.facebook.com\/xstylemd","article_modified_time":"2024-10-02T22:48:27+00:00","og_image":[{"width":500,"height":500,"url":"https:\/\/xstyle.md\/wp-content\/uploads\/2024\/05\/aqualung-seaflare-led-dive-light-pack.jpg","type":"image\/jpeg"}],"twitter_card":"summary_large_image","twitter_misc":{"Pre\u021b":"5.990&nbsp;MDL","Disponibilitate":"\u00cen stoc"},"schema":{"@context":"https:\/\/schema.org","@graph":[{"@type":"WebPage","@id":"https:\/\/xstyle.md\/product\/fonar-aqualung-seaflare-led-dive-light-pack\/","url":"https:\/\/xstyle.md\/product\/fonar-aqualung-seaflare-led-dive-light-pack\/","name":"Lantern\u0103 Aqualung Seaflare Led Dive Light Pack - Magazin Xstyle","isPartOf":{"@id":"https:\/\/xstyle.md\/#website"},"primaryImageOfPage":{"@id":"https:\/\/xstyle.md\/product\/fonar-aqualung-seaflare-led-dive-light-pack\/#primaryimage"},"image":{"@id":"https:\/\/xstyle.md\/product\/fonar-aqualung-seaflare-led-dive-light-pack\/#primaryimage"},"thumbnailUrl":"https:\/\/xstyle.md\/wp-content\/uploads\/2024\/05\/aqualung-seaflare-led-dive-light-pack.jpg","datePublished":"2024-05-10T10:36:00+00:00","dateModified":"2024-10-02T22:48:27+00:00","description":"Lanterna Aqualung Seaflare LED Dive Light Pack dezv\u0103luie bog\u0103\u021bia de culori a lumii subacvatice. Ideal pentru scufund\u0103ri, chiar \u0219i la ad\u00e2ncimi mici!","breadcrumb":{"@id":"https:\/\/xstyle.md\/product\/fonar-aqualung-seaflare-led-dive-light-pack\/#breadcrumb"},"inLanguage":"ro-RO","potentialAction":[{"@type":"ReadAction","target":["https:\/\/xstyle.md\/product\/fonar-aqualung-seaflare-led-dive-light-pack\/"]}]},{"@type":"ImageObject","inLanguage":"ro-RO","@id":"https:\/\/xstyle.md\/product\/fonar-aqualung-seaflare-led-dive-light-pack\/#primaryimage","url":"https:\/\/xstyle.md\/wp-content\/uploads\/2024\/05\/aqualung-seaflare-led-dive-light-pack.jpg","contentUrl":"https:\/\/xstyle.md\/wp-content\/uploads\/2024\/05\/aqualung-seaflare-led-dive-light-pack.jpg","width":500,"height":500,"caption":"\u041c\u0438\u043d\u0438\u0430\u0442\u044e\u0440\u0430 \u0444\u043e\u043d\u0430\u0440\u044f Aqualung Seaflare \u0434\u043b\u044f \u0434\u0430\u0439\u0432\u0438\u043d\u0433\u0430, \u0430\u043a\u0442\u0438\u0432\u043d\u044b\u0439 \u043e\u0442\u0434\u044b\u0445, \u0442\u0443\u0440\u0438\u0441\u0442\u0438\u0447\u0435\u0441\u043a\u0430\u044f \u044d\u043a\u0438\u043f\u0438\u0440\u043e\u0432\u043a\u0430, \u043e\u0431\u0443\u0432\u044c, \u043e\u0434\u0435\u0436\u0434\u0430 \u0434\u043b\u044f \u043f\u043e\u0445\u043e\u0434\u043e\u0432, \u043f\u0443\u0442\u0435\u0448\u0435\u0441\u0442\u0432\u0438\u0439 \u0438 \u0430\u043b\u044c\u043f\u0438\u043d\u0438\u0437\u043c\u0430"},{"@type":"BreadcrumbList","@id":"https:\/\/xstyle.md\/product\/fonar-aqualung-seaflare-led-dive-light-pack\/#breadcrumb","itemListElement":[{"@type":"ListItem","position":1,"name":"\u0413\u043b\u0430\u0432\u043d\u0430\u044f \u0441\u0442\u0440\u0430\u043d\u0438\u0446\u0430","item":"https:\/\/xstyle.md\/"},{"@type":"ListItem","position":2,"name":"\u041c\u0430\u0433\u0430\u0437\u0438\u043d","item":"https:\/\/xstyle.md\/shop\/"},{"@type":"ListItem","position":3,"name":"\u0424\u043e\u043d\u0430\u0440\u044c Aqualung Seaflare Led Dive Light Pack"}]},{"@type":"WebSite","@id":"https:\/\/xstyle.md\/#website","url":"https:\/\/xstyle.md\/","name":"Magazinul X-Style","description":"Echipamente pentru turism \u0219i sporturi extreme \u00een Moldova. Pre\u021buri, fotografii, caracteristici \u00een Moldova.","publisher":{"@id":"https:\/\/xstyle.md\/#organization"},"alternateName":"X-Style","potentialAction":[{"@type":"SearchAction","target":{"@type":"EntryPoint","urlTemplate":"https:\/\/xstyle.md\/?s={search_term_string}"},"query-input":{"@type":"PropertyValueSpecification","valueRequired":true,"valueName":"search_term_string"}}],"inLanguage":"ro-RO"},{"@type":"Organization","@id":"https:\/\/xstyle.md\/#organization","name":"Magazinul X-Style","alternateName":"x-style","url":"https:\/\/xstyle.md\/","logo":{"@type":"ImageObject","inLanguage":"ro-RO","@id":"https:\/\/xstyle.md\/#\/schema\/logo\/image\/","url":"https:\/\/xstyle.md\/wp-content\/uploads\/2020\/06\/logoicon.svg","contentUrl":"https:\/\/xstyle.md\/wp-content\/uploads\/2020\/06\/logoicon.svg","caption":"\u041c\u0430\u0433\u0430\u0437\u0438\u043d Xstyle"},"image":{"@id":"https:\/\/xstyle.md\/#\/schema\/logo\/image\/"},"sameAs":["https:\/\/www.facebook.com\/xstylemd","https:\/\/www.instagram.com\/xstyle_md\/","https:\/\/t.me\/xstyle_outdoor"],"hasMerchantReturnPolicy":{"@type":"MerchantReturnPolicy","merchantReturnLink":"https:\/\/xstyle.md\/ro\/conditions\/"}}]},"product_price_amount":"5990.00","product_price_currency":"MDL","og_availability":"instock","product_availability":"instock","product_retailer_item_id":"3665771041460","product_condition":"new"},"_links":{"self":[{"href":"https:\/\/xstyle.md\/ro\/wp-json\/wp\/v2\/product\/83058","targetHints":{"allow":["GET"]}}],"collection":[{"href":"https:\/\/xstyle.md\/ro\/wp-json\/wp\/v2\/product"}],"about":[{"href":"https:\/\/xstyle.md\/ro\/wp-json\/wp\/v2\/types\/product"}],"replies":[{"embeddable":true,"href":"https:\/\/xstyle.md\/ro\/wp-json\/wp\/v2\/comments?post=83058"}],"wp:featuredmedia":[{"embeddable":true,"href":"https:\/\/xstyle.md\/ro\/wp-json\/wp\/v2\/media\/83343"}],"wp:attachment":[{"href":"https:\/\/xstyle.md\/ro\/wp-json\/wp\/v2\/media?parent=83058"}],"wp:term":[{"taxonomy":"product_brand","embeddable":true,"href":"https:\/\/xstyle.md\/ro\/wp-json\/wp\/v2\/product_brand?post=83058"},{"taxonomy":"product_cat","embeddable":true,"href":"https:\/\/xstyle.md\/ro\/wp-json\/wp\/v2\/product_cat?post=83058"},{"taxonomy":"product_tag","embeddable":true,"href":"https:\/\/xstyle.md\/ro\/wp-json\/wp\/v2\/product_tag?post=83058"}],"curies":[{"name":"wp","href":"https:\/\/api.w.org\/{rel}","templated":true}]}}