{"id":83055,"date":"2024-05-10T13:36:00","date_gmt":"2024-05-10T10:36:00","guid":{"rendered":"https:\/\/xstyle.md\/?post_type=product&#038;p=83055"},"modified":"2025-10-24T12:20:18","modified_gmt":"2025-10-24T09:20:18","slug":"boty-neoprenovye-aqualung-beachwalker-xp-gray-black","status":"publish","type":"product","link":"https:\/\/xstyle.md\/ro\/produs\/boty-neoprenovye-aqualung-beachwalker-xp-gray-black\/","title":{"rendered":"Papuci coral Aqualung Beachwalker XP Gray\/Black"},"content":{"rendered":"<\/p>\n<p><strong>AquaLung Beachwalker XP<\/strong> &#8212; \u00eenc\u0103l\u021b\u0103minte indispensabila pentru sporturile nautice. Perfect pentru mersul pe plajele nisipoase \u0219i st\u00e2ncoase.<\/p>\n<h3>Particularit\u0103\u021bi<\/h3>\n<ul>\n<li>Papucii sunt confec\u021biona\u021bi din neopren de 2 mm<\/li>\n<li>Confortabili pentru a v\u0103 deplasa \u00een ei, inser\u021bia de plas\u0103 sub\u021bire din fa\u021b\u0103 men\u021bine g\u00e2tul aproape f\u0103r\u0103 presiune.<\/li>\n<li>U\u0219or de scos \u0219i de \u00eembr\u0103cat chiar \u0219i pe picioare ude, datorit\u0103 buclei de nylon pentru deget cusut\u0103 pe spate, deasupra c\u0103lc\u00e2iului.<\/li>\n<li>Talpa este fabricat\u0103 din cauciuc durabil, moale, flexibil \u0219i antiderapant.<\/li>\n<\/ul>\n<h3>Caracteristici<\/h3>\n<ul>\n<li>Material superior &#8212; neopren, nailon<\/li>\n<li>Talp\u0103 interioar\u0103 &#8212; neopren<\/li>\n<li>Talp\u0103 &#8212; cauciuc termic<\/li>\n<li>Grosime &#8212; 2 mm<\/li>\n<\/ul>\n<h3>Marca<\/h3>\n<p>AquaLung este un brand legendar \u00een domeniul scufund\u0103rii, fondat de Jacques-Yves Cousteau \u0219i Emile Gagnan. Cu mai mult de 80 de ani de existen\u021b\u0103, compania a devenit unul dintre cei mai mari produc\u0103tori de echipamente de e\u0219afodaj din industrie, cu cea mai mare gam\u0103 de modele din industrie. Varietatea de produse moderne disponibile \u00een cadrul companiei ne permite s\u0103 oferim o gam\u0103 larg\u0103 de produse care pot fi utilizate de amatori, dar \u0219i de profesioni\u0219ti. Gama larg\u0103 include: m\u0103\u0219ti, aripioare, snorkeluri, costume \u0219i uscate, regulatoare \u0219i caracati\u021be, o varietate de tehnologii dispozitive, ambr\u0103c\u0103minte \u0219i \u00eenc\u0103l\u021b\u0103minte, gen\u021bi \u0219i multe alte accesorii. Produsele AquaLung sunt disponibile \u00een mai mult de 90 de \u021b\u0103ri din lume.<\/p>\n<p><\/p>","protected":false},"excerpt":{"rendered":"","protected":false},"featured_media":83318,"comment_status":"open","ping_status":"closed","template":"","meta":{"_acf_changed":false,"inline_featured_image":false},"product_brand":[1284],"product_cat":[183],"product_tag":[],"class_list":{"0":"post-83055","1":"product","2":"type-product","3":"status-publish","4":"has-post-thumbnail","6":"product_brand-aqualung","7":"product_cat-aquashoes","9":"first","10":"instock","11":"shipping-taxable","12":"purchasable","13":"product-type-simple"},"acf":[],"yoast_head":"<!-- This site is optimized with the Yoast SEO plugin v27.4 - https:\/\/yoast.com\/product\/yoast-seo-wordpress\/ -->\n<title>\u0422\u0430\u043f\u043e\u0447\u043a\u0438 \u043a\u043e\u0440\u0430\u043b\u043b\u043e\u0432\u044b\u0435 Aqualung Beachwalker XP Gray\/Black - \u041c\u0430\u0433\u0430\u0437\u0438\u043d Xstyle<\/title>\n<meta name=\"description\" content=\"\u0422\u0430\u043f\u043e\u0447\u043a\u0438 Coral Aqualung Beachwalker XP Gray\/Black \u2014 \u0438\u0434\u0435\u0430\u043b\u044c\u043d\u044b \u0434\u043b\u044f \u043f\u043b\u044f\u0436\u043d\u044b\u0445 \u043f\u0440\u043e\u0433\u0443\u043b\u043e\u043a. \u041b\u0435\u0433\u043a\u0438\u0435, \u0443\u0434\u043e\u0431\u043d\u044b\u0435, \u0431\u044b\u0441\u0442\u0440\u043e \u0441\u043e\u0445\u043d\u0443\u0442. \u0412\u0430\u0448\u0438 \u043b\u0443\u0447\u0448\u0438\u0435 \u0441\u043f\u0443\u0442\u043d\u0438\u043a\u0438 \u043d\u0430 \u0432\u043e\u0434\u0435!\" \/>\n<meta name=\"robots\" content=\"index, follow, max-snippet:-1, max-image-preview:large, max-video-preview:-1\" \/>\n<link rel=\"canonical\" href=\"https:\/\/xstyle.md\/ro\/produs\/boty-neoprenovye-aqualung-beachwalker-xp-gray-black\/\" \/>\n<meta property=\"og:locale\" content=\"ro_RO\" \/>\n<meta property=\"og:type\" content=\"article\" \/>\n<meta property=\"og:title\" content=\"\u0422\u0430\u043f\u043e\u0447\u043a\u0438 \u043a\u043e\u0440\u0430\u043b\u043b\u043e\u0432\u044b\u0435 Aqualung Beachwalker XP Gray\/Black - \u041c\u0430\u0433\u0430\u0437\u0438\u043d Xstyle\" \/>\n<meta property=\"og:description\" content=\"\u0422\u0430\u043f\u043e\u0447\u043a\u0438 Coral Aqualung Beachwalker XP Gray\/Black \u2014 \u0438\u0434\u0435\u0430\u043b\u044c\u043d\u044b \u0434\u043b\u044f \u043f\u043b\u044f\u0436\u043d\u044b\u0445 \u043f\u0440\u043e\u0433\u0443\u043b\u043e\u043a. \u041b\u0435\u0433\u043a\u0438\u0435, \u0443\u0434\u043e\u0431\u043d\u044b\u0435, \u0431\u044b\u0441\u0442\u0440\u043e \u0441\u043e\u0445\u043d\u0443\u0442. \u0412\u0430\u0448\u0438 \u043b\u0443\u0447\u0448\u0438\u0435 \u0441\u043f\u0443\u0442\u043d\u0438\u043a\u0438 \u043d\u0430 \u0432\u043e\u0434\u0435!\" \/>\n<meta property=\"og:url\" content=\"https:\/\/xstyle.md\/ro\/produs\/boty-neoprenovye-aqualung-beachwalker-xp-gray-black\/\" \/>\n<meta property=\"og:site_name\" content=\"\u041c\u0430\u0433\u0430\u0437\u0438\u043d Xstyle\" \/>\n<meta property=\"article:publisher\" content=\"https:\/\/www.facebook.com\/xstylemd\" \/>\n<meta property=\"article:modified_time\" content=\"2025-10-24T09:20:18+00:00\" \/>\n<meta property=\"og:image\" content=\"https:\/\/xstyle.md\/wp-content\/uploads\/2024\/05\/aqualung-beachwalker-xp-gray-black.jpg\" \/>\n\t<meta property=\"og:image:width\" content=\"1004\" \/>\n\t<meta property=\"og:image:height\" content=\"1004\" \/>\n\t<meta property=\"og:image:type\" content=\"image\/jpeg\" \/>\n<meta name=\"twitter:card\" content=\"summary_large_image\" \/>\n<meta name=\"twitter:label1\" content=\"Pre\u021b\" \/>\n\t<meta name=\"twitter:data1\" content=\"895&nbsp;MDL\" \/>\n\t<meta name=\"twitter:label2\" content=\"Disponibilitate\" \/>\n\t<meta name=\"twitter:data2\" content=\"\u00cen stoc\" \/>\n<script type=\"application\/ld+json\" class=\"yoast-schema-graph\">{\"@context\":\"https:\\\/\\\/schema.org\",\"@graph\":[{\"@type\":\"WebPage\",\"@id\":\"https:\\\/\\\/xstyle.md\\\/product\\\/boty-neoprenovye-aqualung-beachwalker-xp-gray-black\\\/\",\"url\":\"https:\\\/\\\/xstyle.md\\\/product\\\/boty-neoprenovye-aqualung-beachwalker-xp-gray-black\\\/\",\"name\":\"\u0422\u0430\u043f\u043e\u0447\u043a\u0438 \u043a\u043e\u0440\u0430\u043b\u043b\u043e\u0432\u044b\u0435 Aqualung Beachwalker XP Gray\\\/Black - \u041c\u0430\u0433\u0430\u0437\u0438\u043d Xstyle\",\"isPartOf\":{\"@id\":\"https:\\\/\\\/xstyle.md\\\/#website\"},\"primaryImageOfPage\":{\"@id\":\"https:\\\/\\\/xstyle.md\\\/product\\\/boty-neoprenovye-aqualung-beachwalker-xp-gray-black\\\/#primaryimage\"},\"image\":{\"@id\":\"https:\\\/\\\/xstyle.md\\\/product\\\/boty-neoprenovye-aqualung-beachwalker-xp-gray-black\\\/#primaryimage\"},\"thumbnailUrl\":\"https:\\\/\\\/xstyle.md\\\/wp-content\\\/uploads\\\/2024\\\/05\\\/aqualung-beachwalker-xp-gray-black.jpg\",\"datePublished\":\"2024-05-10T10:36:00+00:00\",\"dateModified\":\"2025-10-24T09:20:18+00:00\",\"description\":\"\u0422\u0430\u043f\u043e\u0447\u043a\u0438 Coral Aqualung Beachwalker XP Gray\\\/Black \u2014 \u0438\u0434\u0435\u0430\u043b\u044c\u043d\u044b \u0434\u043b\u044f \u043f\u043b\u044f\u0436\u043d\u044b\u0445 \u043f\u0440\u043e\u0433\u0443\u043b\u043e\u043a. \u041b\u0435\u0433\u043a\u0438\u0435, \u0443\u0434\u043e\u0431\u043d\u044b\u0435, \u0431\u044b\u0441\u0442\u0440\u043e \u0441\u043e\u0445\u043d\u0443\u0442. \u0412\u0430\u0448\u0438 \u043b\u0443\u0447\u0448\u0438\u0435 \u0441\u043f\u0443\u0442\u043d\u0438\u043a\u0438 \u043d\u0430 \u0432\u043e\u0434\u0435!\",\"breadcrumb\":{\"@id\":\"https:\\\/\\\/xstyle.md\\\/product\\\/boty-neoprenovye-aqualung-beachwalker-xp-gray-black\\\/#breadcrumb\"},\"inLanguage\":\"ro-RO\",\"potentialAction\":[{\"@type\":\"ReadAction\",\"target\":[\"https:\\\/\\\/xstyle.md\\\/product\\\/boty-neoprenovye-aqualung-beachwalker-xp-gray-black\\\/\"]}]},{\"@type\":\"ImageObject\",\"inLanguage\":\"ro-RO\",\"@id\":\"https:\\\/\\\/xstyle.md\\\/product\\\/boty-neoprenovye-aqualung-beachwalker-xp-gray-black\\\/#primaryimage\",\"url\":\"https:\\\/\\\/xstyle.md\\\/wp-content\\\/uploads\\\/2024\\\/05\\\/aqualung-beachwalker-xp-gray-black.jpg\",\"contentUrl\":\"https:\\\/\\\/xstyle.md\\\/wp-content\\\/uploads\\\/2024\\\/05\\\/aqualung-beachwalker-xp-gray-black.jpg\",\"width\":1004,\"height\":1004,\"caption\":\"\u041a\u043e\u0440\u0430\u043b\u043b\u043e\u0432\u044b\u0435 \u0442\u0430\u043f\u043e\u0447\u043a\u0438 Aqualung Beachwalker XP \u0434\u043b\u044f \u0430\u043a\u0442\u0438\u0432\u043d\u043e\u0433\u043e \u043e\u0442\u0434\u044b\u0445\u0430, \u043f\u043e\u0445\u043e\u0434\u043e\u0432, \u043f\u0443\u0442\u0435\u0448\u0435\u0441\u0442\u0432\u0438\u0439, \u0441\u043f\u043e\u0440\u0442\u0438\u0432\u043d\u043e\u0439 \u043e\u0431\u0443\u0432\u0438 \u0434\u043b\u044f \u0433\u043e\u0440\u043e\u0434\u0441\u043a\u043e\u0439 \u0438 outdoor \u043c\u0430\u0440\u0448\u0440\u0443\u0442\u043e\u0432\"},{\"@type\":\"BreadcrumbList\",\"@id\":\"https:\\\/\\\/xstyle.md\\\/product\\\/boty-neoprenovye-aqualung-beachwalker-xp-gray-black\\\/#breadcrumb\",\"itemListElement\":[{\"@type\":\"ListItem\",\"position\":1,\"name\":\"\u0413\u043b\u0430\u0432\u043d\u0430\u044f \u0441\u0442\u0440\u0430\u043d\u0438\u0446\u0430\",\"item\":\"https:\\\/\\\/xstyle.md\\\/\"},{\"@type\":\"ListItem\",\"position\":2,\"name\":\"\u041c\u0430\u0433\u0430\u0437\u0438\u043d\",\"item\":\"https:\\\/\\\/xstyle.md\\\/shop\\\/\"},{\"@type\":\"ListItem\",\"position\":3,\"name\":\"\u0422\u0430\u043f\u043e\u0447\u043a\u0438 \u043a\u043e\u0440\u0430\u043b\u043b\u043e\u0432\u044b\u0435 Aqualung Beachwalker XP Gray\\\/Black\"}]},{\"@type\":\"WebSite\",\"@id\":\"https:\\\/\\\/xstyle.md\\\/#website\",\"url\":\"https:\\\/\\\/xstyle.md\\\/\",\"name\":\"\u041c\u0430\u0433\u0430\u0437\u0438\u043d Xstyle\",\"description\":\"C\u043d\u0430\u0440\u044f\u0436\u0435\u043d\u0438\u0435 \u0434\u043b\u044f \u0442\u0443\u0440\u0438\u0437\u043c\u0430 \u0438 \u044d\u043a\u0441\u0442\u0440\u0435\u043c\u0430\u043b\u044c\u043d\u044b\u0445 \u0432\u0438\u0434\u043e\u0432 \u0441\u043f\u043e\u0440\u0442\u0430 \u0432 \u041c\u043e\u043b\u0434\u043e\u0432\u0435.. \u0426\u0435\u043d\u044b, \u0444\u043e\u0442\u043e, \u0445\u0430\u0440\u0430\u043a\u0442\u0435\u0440\u0438\u0441\u0442\u0438\u043a\u0438 \u0432 \u041c\u043e\u043b\u0434\u043e\u0432\u0435.\",\"publisher\":{\"@id\":\"https:\\\/\\\/xstyle.md\\\/#organization\"},\"alternateName\":\"X-Style\",\"potentialAction\":[{\"@type\":\"SearchAction\",\"target\":{\"@type\":\"EntryPoint\",\"urlTemplate\":\"https:\\\/\\\/xstyle.md\\\/?s={search_term_string}\"},\"query-input\":{\"@type\":\"PropertyValueSpecification\",\"valueRequired\":true,\"valueName\":\"search_term_string\"}}],\"inLanguage\":\"ro-RO\"},{\"@type\":\"Organization\",\"@id\":\"https:\\\/\\\/xstyle.md\\\/#organization\",\"name\":\"\u041c\u0430\u0433\u0430\u0437\u0438\u043d Xstyle\",\"alternateName\":\"x-style\",\"url\":\"https:\\\/\\\/xstyle.md\\\/\",\"logo\":{\"@type\":\"ImageObject\",\"inLanguage\":\"ro-RO\",\"@id\":\"https:\\\/\\\/xstyle.md\\\/#\\\/schema\\\/logo\\\/image\\\/\",\"url\":\"https:\\\/\\\/xstyle.md\\\/wp-content\\\/uploads\\\/2020\\\/06\\\/logoicon.svg\",\"contentUrl\":\"https:\\\/\\\/xstyle.md\\\/wp-content\\\/uploads\\\/2020\\\/06\\\/logoicon.svg\",\"caption\":\"\u041c\u0430\u0433\u0430\u0437\u0438\u043d Xstyle\"},\"image\":{\"@id\":\"https:\\\/\\\/xstyle.md\\\/#\\\/schema\\\/logo\\\/image\\\/\"},\"sameAs\":[\"https:\\\/\\\/www.facebook.com\\\/xstylemd\",\"https:\\\/\\\/www.instagram.com\\\/xstyle_md\\\/\",\"https:\\\/\\\/t.me\\\/xstyle_outdoor\"],\"hasMerchantReturnPolicy\":{\"@type\":\"MerchantReturnPolicy\",\"merchantReturnLink\":\"https:\\\/\\\/xstyle.md\\\/ro\\\/conditions\\\/\"}}]}<\/script>\n<meta property=\"product:price:amount\" content=\"895.00\" \/>\n<meta property=\"product:price:currency\" content=\"MDL\" \/>\n<meta property=\"og:availability\" content=\"instock\" \/>\n<meta property=\"product:availability\" content=\"instock\" \/>\n<meta property=\"product:retailer_item_id\" content=\"3665771117905\" \/>\n<meta property=\"product:condition\" content=\"new\" \/>\n<!-- \/ Yoast SEO plugin. -->","yoast_head_json":{"title":"Papuci coral Aqualung Beachwalker XP Gray\/Black - Magazin Xstyle","description":"T\u0103lpici Coral Aqualung Beachwalker XP Gray\/Black \u2014 ideali pentru plimb\u0103rile pe plaj\u0103. U\u0219ori, confortabili, se usuc\u0103 repede. Cei mai buni tovar\u0103\u0219i ai t\u0103i pe ap\u0103!","robots":{"index":"index","follow":"follow","max-snippet":"max-snippet:-1","max-image-preview":"max-image-preview:large","max-video-preview":"max-video-preview:-1"},"canonical":"https:\/\/xstyle.md\/ro\/produs\/boty-neoprenovye-aqualung-beachwalker-xp-gray-black\/","og_locale":"ro_RO","og_type":"article","og_title":"\u0422\u0430\u043f\u043e\u0447\u043a\u0438 \u043a\u043e\u0440\u0430\u043b\u043b\u043e\u0432\u044b\u0435 Aqualung Beachwalker XP Gray\/Black - \u041c\u0430\u0433\u0430\u0437\u0438\u043d Xstyle","og_description":"\u0422\u0430\u043f\u043e\u0447\u043a\u0438 Coral Aqualung Beachwalker XP Gray\/Black \u2014 \u0438\u0434\u0435\u0430\u043b\u044c\u043d\u044b \u0434\u043b\u044f \u043f\u043b\u044f\u0436\u043d\u044b\u0445 \u043f\u0440\u043e\u0433\u0443\u043b\u043e\u043a. \u041b\u0435\u0433\u043a\u0438\u0435, \u0443\u0434\u043e\u0431\u043d\u044b\u0435, \u0431\u044b\u0441\u0442\u0440\u043e \u0441\u043e\u0445\u043d\u0443\u0442. \u0412\u0430\u0448\u0438 \u043b\u0443\u0447\u0448\u0438\u0435 \u0441\u043f\u0443\u0442\u043d\u0438\u043a\u0438 \u043d\u0430 \u0432\u043e\u0434\u0435!","og_url":"https:\/\/xstyle.md\/ro\/produs\/boty-neoprenovye-aqualung-beachwalker-xp-gray-black\/","og_site_name":"\u041c\u0430\u0433\u0430\u0437\u0438\u043d Xstyle","article_publisher":"https:\/\/www.facebook.com\/xstylemd","article_modified_time":"2025-10-24T09:20:18+00:00","og_image":[{"width":1004,"height":1004,"url":"https:\/\/xstyle.md\/wp-content\/uploads\/2024\/05\/aqualung-beachwalker-xp-gray-black.jpg","type":"image\/jpeg"}],"twitter_card":"summary_large_image","twitter_misc":{"Pre\u021b":"895&nbsp;MDL","Disponibilitate":"\u00cen stoc"},"schema":{"@context":"https:\/\/schema.org","@graph":[{"@type":"WebPage","@id":"https:\/\/xstyle.md\/product\/boty-neoprenovye-aqualung-beachwalker-xp-gray-black\/","url":"https:\/\/xstyle.md\/product\/boty-neoprenovye-aqualung-beachwalker-xp-gray-black\/","name":"Papuci coral Aqualung Beachwalker XP Gray\/Black - Magazin Xstyle","isPartOf":{"@id":"https:\/\/xstyle.md\/#website"},"primaryImageOfPage":{"@id":"https:\/\/xstyle.md\/product\/boty-neoprenovye-aqualung-beachwalker-xp-gray-black\/#primaryimage"},"image":{"@id":"https:\/\/xstyle.md\/product\/boty-neoprenovye-aqualung-beachwalker-xp-gray-black\/#primaryimage"},"thumbnailUrl":"https:\/\/xstyle.md\/wp-content\/uploads\/2024\/05\/aqualung-beachwalker-xp-gray-black.jpg","datePublished":"2024-05-10T10:36:00+00:00","dateModified":"2025-10-24T09:20:18+00:00","description":"T\u0103lpici Coral Aqualung Beachwalker XP Gray\/Black \u2014 ideali pentru plimb\u0103rile pe plaj\u0103. U\u0219ori, confortabili, se usuc\u0103 repede. Cei mai buni tovar\u0103\u0219i ai t\u0103i pe ap\u0103!","breadcrumb":{"@id":"https:\/\/xstyle.md\/product\/boty-neoprenovye-aqualung-beachwalker-xp-gray-black\/#breadcrumb"},"inLanguage":"ro-RO","potentialAction":[{"@type":"ReadAction","target":["https:\/\/xstyle.md\/product\/boty-neoprenovye-aqualung-beachwalker-xp-gray-black\/"]}]},{"@type":"ImageObject","inLanguage":"ro-RO","@id":"https:\/\/xstyle.md\/product\/boty-neoprenovye-aqualung-beachwalker-xp-gray-black\/#primaryimage","url":"https:\/\/xstyle.md\/wp-content\/uploads\/2024\/05\/aqualung-beachwalker-xp-gray-black.jpg","contentUrl":"https:\/\/xstyle.md\/wp-content\/uploads\/2024\/05\/aqualung-beachwalker-xp-gray-black.jpg","width":1004,"height":1004,"caption":"\u041a\u043e\u0440\u0430\u043b\u043b\u043e\u0432\u044b\u0435 \u0442\u0430\u043f\u043e\u0447\u043a\u0438 Aqualung Beachwalker XP \u0434\u043b\u044f \u0430\u043a\u0442\u0438\u0432\u043d\u043e\u0433\u043e \u043e\u0442\u0434\u044b\u0445\u0430, \u043f\u043e\u0445\u043e\u0434\u043e\u0432, \u043f\u0443\u0442\u0435\u0448\u0435\u0441\u0442\u0432\u0438\u0439, \u0441\u043f\u043e\u0440\u0442\u0438\u0432\u043d\u043e\u0439 \u043e\u0431\u0443\u0432\u0438 \u0434\u043b\u044f \u0433\u043e\u0440\u043e\u0434\u0441\u043a\u043e\u0439 \u0438 outdoor \u043c\u0430\u0440\u0448\u0440\u0443\u0442\u043e\u0432"},{"@type":"BreadcrumbList","@id":"https:\/\/xstyle.md\/product\/boty-neoprenovye-aqualung-beachwalker-xp-gray-black\/#breadcrumb","itemListElement":[{"@type":"ListItem","position":1,"name":"\u0413\u043b\u0430\u0432\u043d\u0430\u044f \u0441\u0442\u0440\u0430\u043d\u0438\u0446\u0430","item":"https:\/\/xstyle.md\/"},{"@type":"ListItem","position":2,"name":"\u041c\u0430\u0433\u0430\u0437\u0438\u043d","item":"https:\/\/xstyle.md\/shop\/"},{"@type":"ListItem","position":3,"name":"\u0422\u0430\u043f\u043e\u0447\u043a\u0438 \u043a\u043e\u0440\u0430\u043b\u043b\u043e\u0432\u044b\u0435 Aqualung Beachwalker XP Gray\/Black"}]},{"@type":"WebSite","@id":"https:\/\/xstyle.md\/#website","url":"https:\/\/xstyle.md\/","name":"Magazinul X-Style","description":"Echipamente pentru turism \u0219i sporturi extreme \u00een Moldova. Pre\u021buri, fotografii, caracteristici \u00een Moldova.","publisher":{"@id":"https:\/\/xstyle.md\/#organization"},"alternateName":"X-Style","potentialAction":[{"@type":"SearchAction","target":{"@type":"EntryPoint","urlTemplate":"https:\/\/xstyle.md\/?s={search_term_string}"},"query-input":{"@type":"PropertyValueSpecification","valueRequired":true,"valueName":"search_term_string"}}],"inLanguage":"ro-RO"},{"@type":"Organization","@id":"https:\/\/xstyle.md\/#organization","name":"Magazinul X-Style","alternateName":"x-style","url":"https:\/\/xstyle.md\/","logo":{"@type":"ImageObject","inLanguage":"ro-RO","@id":"https:\/\/xstyle.md\/#\/schema\/logo\/image\/","url":"https:\/\/xstyle.md\/wp-content\/uploads\/2020\/06\/logoicon.svg","contentUrl":"https:\/\/xstyle.md\/wp-content\/uploads\/2020\/06\/logoicon.svg","caption":"\u041c\u0430\u0433\u0430\u0437\u0438\u043d Xstyle"},"image":{"@id":"https:\/\/xstyle.md\/#\/schema\/logo\/image\/"},"sameAs":["https:\/\/www.facebook.com\/xstylemd","https:\/\/www.instagram.com\/xstyle_md\/","https:\/\/t.me\/xstyle_outdoor"],"hasMerchantReturnPolicy":{"@type":"MerchantReturnPolicy","merchantReturnLink":"https:\/\/xstyle.md\/ro\/conditions\/"}}]},"product_price_amount":"895.00","product_price_currency":"MDL","og_availability":"instock","product_availability":"instock","product_retailer_item_id":"3665771117905","product_condition":"new"},"_links":{"self":[{"href":"https:\/\/xstyle.md\/ro\/wp-json\/wp\/v2\/product\/83055","targetHints":{"allow":["GET"]}}],"collection":[{"href":"https:\/\/xstyle.md\/ro\/wp-json\/wp\/v2\/product"}],"about":[{"href":"https:\/\/xstyle.md\/ro\/wp-json\/wp\/v2\/types\/product"}],"replies":[{"embeddable":true,"href":"https:\/\/xstyle.md\/ro\/wp-json\/wp\/v2\/comments?post=83055"}],"wp:featuredmedia":[{"embeddable":true,"href":"https:\/\/xstyle.md\/ro\/wp-json\/wp\/v2\/media\/83318"}],"wp:attachment":[{"href":"https:\/\/xstyle.md\/ro\/wp-json\/wp\/v2\/media?parent=83055"}],"wp:term":[{"taxonomy":"product_brand","embeddable":true,"href":"https:\/\/xstyle.md\/ro\/wp-json\/wp\/v2\/product_brand?post=83055"},{"taxonomy":"product_cat","embeddable":true,"href":"https:\/\/xstyle.md\/ro\/wp-json\/wp\/v2\/product_cat?post=83055"},{"taxonomy":"product_tag","embeddable":true,"href":"https:\/\/xstyle.md\/ro\/wp-json\/wp\/v2\/product_tag?post=83055"}],"curies":[{"name":"wp","href":"https:\/\/api.w.org\/{rel}","templated":true}]}}