{"id":83052,"date":"2024-05-10T13:35:59","date_gmt":"2024-05-10T10:35:59","guid":{"rendered":"https:\/\/xstyle.md\/?post_type=product&#038;p=83052"},"modified":"2024-10-03T01:48:20","modified_gmt":"2024-10-02T22:48:20","slug":"nozh-aqualung-bigsquz-sheep-ss-108-cm","status":"publish","type":"product","link":"https:\/\/xstyle.md\/ro\/produs\/nozh-aqualung-bigsquz-sheep-ss-108-cm\/","title":{"rendered":"Cu\u021bit Aqualung Bigsquz Sheep SS 10,8 cm"},"content":{"rendered":"<\/p>\n<p><strong>Aqualung Bigsquz Sheep<\/strong> &#8212; faimosul cu\u021bit de scufund\u0103ri, dar \u00eentr-o dimensiune mai business \u0219i mai mare. Mecanismul patentat de eliberare blocheaz\u0103 cu\u021bitul \u00een teac\u0103 \u0219i se elibereaz\u0103 u\u0219or cu o singur\u0103 ap\u0103sare.<\/p>\n<h3>Particularit\u0103\u021bi<\/h3>\n<ul>\n<li>Fiabil: cu\u021bitul Squeeze este u\u0219or de scos inten\u021bionat prin ap\u0103sarea m\u00e2nerului mulat, dar aproape imposibil de scos accidental din teac\u0103.<\/li>\n<li>Ideal pentru scufund\u0103ri: lungimea lamei 10,8 cm, lungimea total\u0103 24,2 cm). Fabricat din o\u021bel inoxidabil 304.<\/li>\n<li>Op\u021biuni de ata\u0219are: teaca poate fi ata\u0219at\u0103 la compensatorul de flotabilitate (folosind distan\u021biere), la curea (folosind clema de fixare de 5,1cm de pe teac\u0103) sau la curelele de cauciuc pentru picioare (v\u00e2ndute separat) folosind sloturile pentru curea.<\/li>\n<li>U\u0219or de ata\u0219at &#8212; m\u00e2nerul cu\u021bitului are o gaur\u0103 pentru ata\u0219area unui templar.<\/li>\n<li>Varianta de v\u00e2rf este picior de oaie.<\/li>\n<\/ul>\n<p><\/p>","protected":false},"excerpt":{"rendered":"","protected":false},"featured_media":83378,"comment_status":"open","ping_status":"closed","template":"","meta":{"_acf_changed":false,"inline_featured_image":false},"product_brand":[1284],"product_cat":[187],"product_tag":[],"class_list":{"0":"post-83052","1":"product","2":"type-product","3":"status-publish","4":"has-post-thumbnail","6":"product_brand-aqualung","7":"product_cat-aqua-knives-and-flashlights","9":"first","10":"instock","11":"shipping-taxable","12":"purchasable","13":"product-type-simple"},"acf":[],"yoast_head":"<!-- This site is optimized with the Yoast SEO plugin v27.2 - https:\/\/yoast.com\/product\/yoast-seo-wordpress\/ -->\n<title>\u041d\u043e\u0436 Aqualung Bigsquz Sheep SS 10,8 cm - \u041c\u0430\u0433\u0430\u0437\u0438\u043d Xstyle<\/title>\n<meta name=\"description\" content=\"\u041a\u0443\u043f\u0438\u0442\u0435 \u043d\u043e\u0436 Aqualung Bigsquz Sheep 10,8 \u0441\u043c \u2013 \u0438\u0434\u0435\u0430\u043b\u044c\u043d\u044b\u0439 \u0438\u043d\u0441\u0442\u0440\u0443\u043c\u0435\u043d\u0442 \u0434\u043b\u044f \u0434\u0430\u0439\u0432\u0438\u043d\u0433\u0430 \u0441 \u0443\u0434\u043e\u0431\u043d\u044b\u043c \u043c\u0435\u0445\u0430\u043d\u0438\u0447\u0435\u0441\u043a\u0438\u043c \u043e\u0441\u0432\u043e\u0431\u043e\u0436\u0434\u0435\u043d\u0438\u0435\u043c. \u041d\u0430\u0434\u0435\u0436\u0435\u043d \u0438 \u0431\u0435\u0437\u043e\u043f\u0430\u0441\u0435\u043d \u0432 \u0438\u0441\u043f\u043e\u043b\u044c\u0437\u043e\u0432\u0430\u043d\u0438\u0438.\" \/>\n<meta name=\"robots\" content=\"index, follow, max-snippet:-1, max-image-preview:large, max-video-preview:-1\" \/>\n<link rel=\"canonical\" href=\"https:\/\/xstyle.md\/ro\/produs\/nozh-aqualung-bigsquz-sheep-ss-108-cm\/\" \/>\n<meta property=\"og:locale\" content=\"ro_RO\" \/>\n<meta property=\"og:type\" content=\"article\" \/>\n<meta property=\"og:title\" content=\"\u041d\u043e\u0436 Aqualung Bigsquz Sheep SS 10,8 cm - \u041c\u0430\u0433\u0430\u0437\u0438\u043d Xstyle\" \/>\n<meta property=\"og:description\" content=\"\u041a\u0443\u043f\u0438\u0442\u0435 \u043d\u043e\u0436 Aqualung Bigsquz Sheep 10,8 \u0441\u043c \u2013 \u0438\u0434\u0435\u0430\u043b\u044c\u043d\u044b\u0439 \u0438\u043d\u0441\u0442\u0440\u0443\u043c\u0435\u043d\u0442 \u0434\u043b\u044f \u0434\u0430\u0439\u0432\u0438\u043d\u0433\u0430 \u0441 \u0443\u0434\u043e\u0431\u043d\u044b\u043c \u043c\u0435\u0445\u0430\u043d\u0438\u0447\u0435\u0441\u043a\u0438\u043c \u043e\u0441\u0432\u043e\u0431\u043e\u0436\u0434\u0435\u043d\u0438\u0435\u043c. \u041d\u0430\u0434\u0435\u0436\u0435\u043d \u0438 \u0431\u0435\u0437\u043e\u043f\u0430\u0441\u0435\u043d \u0432 \u0438\u0441\u043f\u043e\u043b\u044c\u0437\u043e\u0432\u0430\u043d\u0438\u0438.\" \/>\n<meta property=\"og:url\" content=\"https:\/\/xstyle.md\/ro\/produs\/nozh-aqualung-bigsquz-sheep-ss-108-cm\/\" \/>\n<meta property=\"og:site_name\" content=\"\u041c\u0430\u0433\u0430\u0437\u0438\u043d Xstyle\" \/>\n<meta property=\"article:publisher\" content=\"https:\/\/www.facebook.com\/xstylemd\" \/>\n<meta property=\"article:modified_time\" content=\"2024-10-02T22:48:20+00:00\" \/>\n<meta property=\"og:image\" content=\"https:\/\/xstyle.md\/wp-content\/uploads\/2024\/05\/aqualung-bigsquz-sheep-ss-108-cm.jpg\" \/>\n\t<meta property=\"og:image:width\" content=\"500\" \/>\n\t<meta property=\"og:image:height\" content=\"500\" \/>\n\t<meta property=\"og:image:type\" content=\"image\/jpeg\" \/>\n<meta name=\"twitter:card\" content=\"summary_large_image\" \/>\n<meta name=\"twitter:label1\" content=\"Pre\u021b\" \/>\n\t<meta name=\"twitter:data1\" content=\"1.280&nbsp;MDL\" \/>\n\t<meta name=\"twitter:label2\" content=\"Disponibilitate\" \/>\n\t<meta name=\"twitter:data2\" content=\"\u00cen stoc\" \/>\n<script type=\"application\/ld+json\" class=\"yoast-schema-graph\">{\"@context\":\"https:\/\/schema.org\",\"@graph\":[{\"@type\":\"WebPage\",\"@id\":\"https:\/\/xstyle.md\/product\/nozh-aqualung-bigsquz-sheep-ss-108-cm\/\",\"url\":\"https:\/\/xstyle.md\/product\/nozh-aqualung-bigsquz-sheep-ss-108-cm\/\",\"name\":\"\u041d\u043e\u0436 Aqualung Bigsquz Sheep SS 10,8 cm - \u041c\u0430\u0433\u0430\u0437\u0438\u043d Xstyle\",\"isPartOf\":{\"@id\":\"https:\/\/xstyle.md\/#website\"},\"primaryImageOfPage\":{\"@id\":\"https:\/\/xstyle.md\/product\/nozh-aqualung-bigsquz-sheep-ss-108-cm\/#primaryimage\"},\"image\":{\"@id\":\"https:\/\/xstyle.md\/product\/nozh-aqualung-bigsquz-sheep-ss-108-cm\/#primaryimage\"},\"thumbnailUrl\":\"https:\/\/xstyle.md\/wp-content\/uploads\/2024\/05\/aqualung-bigsquz-sheep-ss-108-cm.jpg\",\"datePublished\":\"2024-05-10T10:35:59+00:00\",\"dateModified\":\"2024-10-02T22:48:20+00:00\",\"description\":\"\u041a\u0443\u043f\u0438\u0442\u0435 \u043d\u043e\u0436 Aqualung Bigsquz Sheep 10,8 \u0441\u043c \u2013 \u0438\u0434\u0435\u0430\u043b\u044c\u043d\u044b\u0439 \u0438\u043d\u0441\u0442\u0440\u0443\u043c\u0435\u043d\u0442 \u0434\u043b\u044f \u0434\u0430\u0439\u0432\u0438\u043d\u0433\u0430 \u0441 \u0443\u0434\u043e\u0431\u043d\u044b\u043c \u043c\u0435\u0445\u0430\u043d\u0438\u0447\u0435\u0441\u043a\u0438\u043c \u043e\u0441\u0432\u043e\u0431\u043e\u0436\u0434\u0435\u043d\u0438\u0435\u043c. \u041d\u0430\u0434\u0435\u0436\u0435\u043d \u0438 \u0431\u0435\u0437\u043e\u043f\u0430\u0441\u0435\u043d \u0432 \u0438\u0441\u043f\u043e\u043b\u044c\u0437\u043e\u0432\u0430\u043d\u0438\u0438.\",\"breadcrumb\":{\"@id\":\"https:\/\/xstyle.md\/product\/nozh-aqualung-bigsquz-sheep-ss-108-cm\/#breadcrumb\"},\"inLanguage\":\"ro-RO\",\"potentialAction\":[{\"@type\":\"ReadAction\",\"target\":[\"https:\/\/xstyle.md\/product\/nozh-aqualung-bigsquz-sheep-ss-108-cm\/\"]}]},{\"@type\":\"ImageObject\",\"inLanguage\":\"ro-RO\",\"@id\":\"https:\/\/xstyle.md\/product\/nozh-aqualung-bigsquz-sheep-ss-108-cm\/#primaryimage\",\"url\":\"https:\/\/xstyle.md\/wp-content\/uploads\/2024\/05\/aqualung-bigsquz-sheep-ss-108-cm.jpg\",\"contentUrl\":\"https:\/\/xstyle.md\/wp-content\/uploads\/2024\/05\/aqualung-bigsquz-sheep-ss-108-cm.jpg\",\"width\":500,\"height\":500,\"caption\":\"\u0422\u0443\u0440\u0438\u0441\u0442\u0438\u0447\u0435\u0441\u043a\u0438\u0439 \u043d\u043e\u0436 Aqualung Bigsquz Sheep SS 10,8 \u0441\u043c \u0434\u043b\u044f \u0430\u043a\u0442\u0438\u0432\u043d\u043e\u0433\u043e \u043e\u0442\u0434\u044b\u0445\u0430, \u043f\u043e\u0445\u043e\u0434\u043e\u0432, \u0430\u043b\u044c\u043f\u0438\u043d\u0438\u0437\u043c\u0430 \u0438 \u043f\u0443\u0442\u0435\u0448\u0435\u0441\u0442\u0432\u0438\u0439 \u0438\u0437 \u0430\u0441\u0441\u043e\u0440\u0442\u0438\u043c\u0435\u043d\u0442\u0430 \u043e\u043d\u043b\u0430\u0439\u043d-\u043c\u0430\u0433\u0430\u0437\u0438\u043d\u0430 \u0441\u043f\u043e\u0440\u0442\u0438\u0432\u043d\u043e\u0439 \u043e\u0434\u0435\u0436\u0434\u044b \u0438 \u043e\u0431\u0443\u0432\u0438\"},{\"@type\":\"BreadcrumbList\",\"@id\":\"https:\/\/xstyle.md\/product\/nozh-aqualung-bigsquz-sheep-ss-108-cm\/#breadcrumb\",\"itemListElement\":[{\"@type\":\"ListItem\",\"position\":1,\"name\":\"\u0413\u043b\u0430\u0432\u043d\u0430\u044f \u0441\u0442\u0440\u0430\u043d\u0438\u0446\u0430\",\"item\":\"https:\/\/xstyle.md\/\"},{\"@type\":\"ListItem\",\"position\":2,\"name\":\"\u041c\u0430\u0433\u0430\u0437\u0438\u043d\",\"item\":\"https:\/\/xstyle.md\/shop\/\"},{\"@type\":\"ListItem\",\"position\":3,\"name\":\"\u041d\u043e\u0436 Aqualung Bigsquz Sheep SS 10,8 cm\"}]},{\"@type\":\"WebSite\",\"@id\":\"https:\/\/xstyle.md\/#website\",\"url\":\"https:\/\/xstyle.md\/\",\"name\":\"\u041c\u0430\u0433\u0430\u0437\u0438\u043d Xstyle\",\"description\":\"C\u043d\u0430\u0440\u044f\u0436\u0435\u043d\u0438\u0435 \u0434\u043b\u044f \u0442\u0443\u0440\u0438\u0437\u043c\u0430 \u0438 \u044d\u043a\u0441\u0442\u0440\u0435\u043c\u0430\u043b\u044c\u043d\u044b\u0445 \u0432\u0438\u0434\u043e\u0432 \u0441\u043f\u043e\u0440\u0442\u0430 \u0432 \u041c\u043e\u043b\u0434\u043e\u0432\u0435.. \u0426\u0435\u043d\u044b, \u0444\u043e\u0442\u043e, \u0445\u0430\u0440\u0430\u043a\u0442\u0435\u0440\u0438\u0441\u0442\u0438\u043a\u0438 \u0432 \u041c\u043e\u043b\u0434\u043e\u0432\u0435.\",\"publisher\":{\"@id\":\"https:\/\/xstyle.md\/#organization\"},\"alternateName\":\"X-Style\",\"potentialAction\":[{\"@type\":\"SearchAction\",\"target\":{\"@type\":\"EntryPoint\",\"urlTemplate\":\"https:\/\/xstyle.md\/?s={search_term_string}\"},\"query-input\":{\"@type\":\"PropertyValueSpecification\",\"valueRequired\":true,\"valueName\":\"search_term_string\"}}],\"inLanguage\":\"ro-RO\"},{\"@type\":\"Organization\",\"@id\":\"https:\/\/xstyle.md\/#organization\",\"name\":\"\u041c\u0430\u0433\u0430\u0437\u0438\u043d Xstyle\",\"alternateName\":\"x-style\",\"url\":\"https:\/\/xstyle.md\/\",\"logo\":{\"@type\":\"ImageObject\",\"inLanguage\":\"ro-RO\",\"@id\":\"https:\/\/xstyle.md\/#\/schema\/logo\/image\/\",\"url\":\"https:\/\/xstyle.md\/wp-content\/uploads\/2020\/06\/logoicon.svg\",\"contentUrl\":\"https:\/\/xstyle.md\/wp-content\/uploads\/2020\/06\/logoicon.svg\",\"caption\":\"\u041c\u0430\u0433\u0430\u0437\u0438\u043d Xstyle\"},\"image\":{\"@id\":\"https:\/\/xstyle.md\/#\/schema\/logo\/image\/\"},\"sameAs\":[\"https:\/\/www.facebook.com\/xstylemd\",\"https:\/\/www.instagram.com\/xstyle_md\/\",\"https:\/\/t.me\/xstyle_outdoor\"],\"hasMerchantReturnPolicy\":{\"@type\":\"MerchantReturnPolicy\",\"merchantReturnLink\":\"https:\/\/xstyle.md\/ro\/conditions\/\"}}]}<\/script>\n<meta property=\"product:price:amount\" content=\"1280.00\" \/>\n<meta property=\"product:price:currency\" content=\"MDL\" \/>\n<meta property=\"og:availability\" content=\"instock\" \/>\n<meta property=\"product:availability\" content=\"instock\" \/>\n<meta property=\"product:retailer_item_id\" content=\"3664372055906\" \/>\n<meta property=\"product:condition\" content=\"new\" \/>\n<!-- \/ Yoast SEO plugin. -->","yoast_head_json":{"title":"Cuch\u0103rile Aqualung Bigsquz Sheep SS 10,8 cm - Magazin Xstyle","description":"Cump\u0103ra\u021bi cu\u021bitul Aqualung Bigsquz Sheep de 10,8 cm - un instrument ideal pentru Scufund\u0103ri, cu un mecanism de eliberare convenabil. Este fiabil \u0219i sigur de utilizat.","robots":{"index":"index","follow":"follow","max-snippet":"max-snippet:-1","max-image-preview":"max-image-preview:large","max-video-preview":"max-video-preview:-1"},"canonical":"https:\/\/xstyle.md\/ro\/produs\/nozh-aqualung-bigsquz-sheep-ss-108-cm\/","og_locale":"ro_RO","og_type":"article","og_title":"\u041d\u043e\u0436 Aqualung Bigsquz Sheep SS 10,8 cm - \u041c\u0430\u0433\u0430\u0437\u0438\u043d Xstyle","og_description":"\u041a\u0443\u043f\u0438\u0442\u0435 \u043d\u043e\u0436 Aqualung Bigsquz Sheep 10,8 \u0441\u043c \u2013 \u0438\u0434\u0435\u0430\u043b\u044c\u043d\u044b\u0439 \u0438\u043d\u0441\u0442\u0440\u0443\u043c\u0435\u043d\u0442 \u0434\u043b\u044f \u0434\u0430\u0439\u0432\u0438\u043d\u0433\u0430 \u0441 \u0443\u0434\u043e\u0431\u043d\u044b\u043c \u043c\u0435\u0445\u0430\u043d\u0438\u0447\u0435\u0441\u043a\u0438\u043c \u043e\u0441\u0432\u043e\u0431\u043e\u0436\u0434\u0435\u043d\u0438\u0435\u043c. \u041d\u0430\u0434\u0435\u0436\u0435\u043d \u0438 \u0431\u0435\u0437\u043e\u043f\u0430\u0441\u0435\u043d \u0432 \u0438\u0441\u043f\u043e\u043b\u044c\u0437\u043e\u0432\u0430\u043d\u0438\u0438.","og_url":"https:\/\/xstyle.md\/ro\/produs\/nozh-aqualung-bigsquz-sheep-ss-108-cm\/","og_site_name":"\u041c\u0430\u0433\u0430\u0437\u0438\u043d Xstyle","article_publisher":"https:\/\/www.facebook.com\/xstylemd","article_modified_time":"2024-10-02T22:48:20+00:00","og_image":[{"width":500,"height":500,"url":"https:\/\/xstyle.md\/wp-content\/uploads\/2024\/05\/aqualung-bigsquz-sheep-ss-108-cm.jpg","type":"image\/jpeg"}],"twitter_card":"summary_large_image","twitter_misc":{"Pre\u021b":"1.280&nbsp;MDL","Disponibilitate":"\u00cen stoc"},"schema":{"@context":"https:\/\/schema.org","@graph":[{"@type":"WebPage","@id":"https:\/\/xstyle.md\/product\/nozh-aqualung-bigsquz-sheep-ss-108-cm\/","url":"https:\/\/xstyle.md\/product\/nozh-aqualung-bigsquz-sheep-ss-108-cm\/","name":"Cuch\u0103rile Aqualung Bigsquz Sheep SS 10,8 cm - Magazin Xstyle","isPartOf":{"@id":"https:\/\/xstyle.md\/#website"},"primaryImageOfPage":{"@id":"https:\/\/xstyle.md\/product\/nozh-aqualung-bigsquz-sheep-ss-108-cm\/#primaryimage"},"image":{"@id":"https:\/\/xstyle.md\/product\/nozh-aqualung-bigsquz-sheep-ss-108-cm\/#primaryimage"},"thumbnailUrl":"https:\/\/xstyle.md\/wp-content\/uploads\/2024\/05\/aqualung-bigsquz-sheep-ss-108-cm.jpg","datePublished":"2024-05-10T10:35:59+00:00","dateModified":"2024-10-02T22:48:20+00:00","description":"Cump\u0103ra\u021bi cu\u021bitul Aqualung Bigsquz Sheep de 10,8 cm - un instrument ideal pentru Scufund\u0103ri, cu un mecanism de eliberare convenabil. Este fiabil \u0219i sigur de utilizat.","breadcrumb":{"@id":"https:\/\/xstyle.md\/product\/nozh-aqualung-bigsquz-sheep-ss-108-cm\/#breadcrumb"},"inLanguage":"ro-RO","potentialAction":[{"@type":"ReadAction","target":["https:\/\/xstyle.md\/product\/nozh-aqualung-bigsquz-sheep-ss-108-cm\/"]}]},{"@type":"ImageObject","inLanguage":"ro-RO","@id":"https:\/\/xstyle.md\/product\/nozh-aqualung-bigsquz-sheep-ss-108-cm\/#primaryimage","url":"https:\/\/xstyle.md\/wp-content\/uploads\/2024\/05\/aqualung-bigsquz-sheep-ss-108-cm.jpg","contentUrl":"https:\/\/xstyle.md\/wp-content\/uploads\/2024\/05\/aqualung-bigsquz-sheep-ss-108-cm.jpg","width":500,"height":500,"caption":"\u0422\u0443\u0440\u0438\u0441\u0442\u0438\u0447\u0435\u0441\u043a\u0438\u0439 \u043d\u043e\u0436 Aqualung Bigsquz Sheep SS 10,8 \u0441\u043c \u0434\u043b\u044f \u0430\u043a\u0442\u0438\u0432\u043d\u043e\u0433\u043e \u043e\u0442\u0434\u044b\u0445\u0430, \u043f\u043e\u0445\u043e\u0434\u043e\u0432, \u0430\u043b\u044c\u043f\u0438\u043d\u0438\u0437\u043c\u0430 \u0438 \u043f\u0443\u0442\u0435\u0448\u0435\u0441\u0442\u0432\u0438\u0439 \u0438\u0437 \u0430\u0441\u0441\u043e\u0440\u0442\u0438\u043c\u0435\u043d\u0442\u0430 \u043e\u043d\u043b\u0430\u0439\u043d-\u043c\u0430\u0433\u0430\u0437\u0438\u043d\u0430 \u0441\u043f\u043e\u0440\u0442\u0438\u0432\u043d\u043e\u0439 \u043e\u0434\u0435\u0436\u0434\u044b \u0438 \u043e\u0431\u0443\u0432\u0438"},{"@type":"BreadcrumbList","@id":"https:\/\/xstyle.md\/product\/nozh-aqualung-bigsquz-sheep-ss-108-cm\/#breadcrumb","itemListElement":[{"@type":"ListItem","position":1,"name":"\u0413\u043b\u0430\u0432\u043d\u0430\u044f \u0441\u0442\u0440\u0430\u043d\u0438\u0446\u0430","item":"https:\/\/xstyle.md\/"},{"@type":"ListItem","position":2,"name":"\u041c\u0430\u0433\u0430\u0437\u0438\u043d","item":"https:\/\/xstyle.md\/shop\/"},{"@type":"ListItem","position":3,"name":"\u041d\u043e\u0436 Aqualung Bigsquz Sheep SS 10,8 cm"}]},{"@type":"WebSite","@id":"https:\/\/xstyle.md\/#website","url":"https:\/\/xstyle.md\/","name":"Magazinul X-Style","description":"Echipamente pentru turism \u0219i sporturi extreme \u00een Moldova. Pre\u021buri, fotografii, caracteristici \u00een Moldova.","publisher":{"@id":"https:\/\/xstyle.md\/#organization"},"alternateName":"X-Style","potentialAction":[{"@type":"SearchAction","target":{"@type":"EntryPoint","urlTemplate":"https:\/\/xstyle.md\/?s={search_term_string}"},"query-input":{"@type":"PropertyValueSpecification","valueRequired":true,"valueName":"search_term_string"}}],"inLanguage":"ro-RO"},{"@type":"Organization","@id":"https:\/\/xstyle.md\/#organization","name":"Magazinul X-Style","alternateName":"x-style","url":"https:\/\/xstyle.md\/","logo":{"@type":"ImageObject","inLanguage":"ro-RO","@id":"https:\/\/xstyle.md\/#\/schema\/logo\/image\/","url":"https:\/\/xstyle.md\/wp-content\/uploads\/2020\/06\/logoicon.svg","contentUrl":"https:\/\/xstyle.md\/wp-content\/uploads\/2020\/06\/logoicon.svg","caption":"\u041c\u0430\u0433\u0430\u0437\u0438\u043d Xstyle"},"image":{"@id":"https:\/\/xstyle.md\/#\/schema\/logo\/image\/"},"sameAs":["https:\/\/www.facebook.com\/xstylemd","https:\/\/www.instagram.com\/xstyle_md\/","https:\/\/t.me\/xstyle_outdoor"],"hasMerchantReturnPolicy":{"@type":"MerchantReturnPolicy","merchantReturnLink":"https:\/\/xstyle.md\/ro\/conditions\/"}}]},"product_price_amount":"1280.00","product_price_currency":"MDL","og_availability":"instock","product_availability":"instock","product_retailer_item_id":"3664372055906","product_condition":"new"},"post_mailing_queue_ids":[],"_links":{"self":[{"href":"https:\/\/xstyle.md\/ro\/wp-json\/wp\/v2\/product\/83052","targetHints":{"allow":["GET"]}}],"collection":[{"href":"https:\/\/xstyle.md\/ro\/wp-json\/wp\/v2\/product"}],"about":[{"href":"https:\/\/xstyle.md\/ro\/wp-json\/wp\/v2\/types\/product"}],"replies":[{"embeddable":true,"href":"https:\/\/xstyle.md\/ro\/wp-json\/wp\/v2\/comments?post=83052"}],"wp:featuredmedia":[{"embeddable":true,"href":"https:\/\/xstyle.md\/ro\/wp-json\/wp\/v2\/media\/83378"}],"wp:attachment":[{"href":"https:\/\/xstyle.md\/ro\/wp-json\/wp\/v2\/media?parent=83052"}],"wp:term":[{"taxonomy":"product_brand","embeddable":true,"href":"https:\/\/xstyle.md\/ro\/wp-json\/wp\/v2\/product_brand?post=83052"},{"taxonomy":"product_cat","embeddable":true,"href":"https:\/\/xstyle.md\/ro\/wp-json\/wp\/v2\/product_cat?post=83052"},{"taxonomy":"product_tag","embeddable":true,"href":"https:\/\/xstyle.md\/ro\/wp-json\/wp\/v2\/product_tag?post=83052"}],"curies":[{"name":"wp","href":"https:\/\/api.w.org\/{rel}","templated":true}]}}