{"id":83048,"date":"2024-05-10T13:35:58","date_gmt":"2024-05-10T10:35:58","guid":{"rendered":"https:\/\/xstyle.md\/?post_type=product&#038;p=83048"},"modified":"2024-10-21T08:51:38","modified_gmt":"2024-10-21T05:51:38","slug":"gidrokostyum-aqualung-wave-jumpsuit-55mm","status":"publish","type":"product","link":"https:\/\/xstyle.md\/ro\/produs\/gidrokostyum-aqualung-wave-jumpsuit-55mm\/","title":{"rendered":"Costum din neopren Aqualung Wave Jumpsuit 5,5mm"},"content":{"rendered":"<\/p>\n<p><strong>Aqualung Wave Jumpsuit 5,5mm<\/strong> &#8212; costumele de neopren pentru femei sunt caracterizate de durabilitate \u0219i confort. Sistemul modular permite utilizarea costumelor la diferite temperaturi ale apei &#8212; de la 13\u00b0 la 25\u00b0C. Cu neopren de \u00eenalt\u0103 densitate, marcaje de m\u0103rime pe exterior \u0219i interior (o culoare pentru fiecare m\u0103rime) \u0219i un c\u00e2mp de identificare alb cu num\u0103rul costumului scris de-a lungul fermoarului, colec\u021bia Wave este solu\u021bia ideal\u0103 pentru utilizarea intensiv\u0103.<\/p>\n<h3>Particularit\u0103\u021bi<\/h3>\n<ul>\n<li>Neopren de \u00eenalt\u0103 densitate<\/li>\n<li>Durabil datorit\u0103 cus\u0103turilor dublu tapetate cu fire duble<\/li>\n<li>Toate \u00eembin\u0103rile cus\u0103turilor sunt acoperite cu un petic mic pentru c\u0103ldur\u0103, confort \u0219i durabilitate superioare<\/li>\n<li>Man\u0219etele sigilate pe bra\u021be \u0219i picioare previn p\u0103trunderea apei<\/li>\n<li>Fermoar metalic durabil<\/li>\n<li>Panou Supratex pentru genunchi pentru durabilitate suplimentar\u0103<\/li>\n<\/ul>\n<h3>Caracteristici<\/h3>\n<ul>\n<li>Material &#8212; neopren<\/li>\n<li>Grosime &#8212; 5,5 mm<\/li>\n<li>Model &#8212; femei<\/li>\n<\/ul>\n<h3>Marca<\/h3>\n<p>AquaLung este un brand legendar \u00een lumea scufund\u0103rilor, fondatorii s\u0103i fiind Jacques-Yves Cousteau \u0219i Emile Gagnan. Pentru mai mult de 80 de ani de existen\u021b\u0103, compania a devenit cel mai mare produc\u0103tor de echipamente de scufund\u0103ri, cu cea mai larg\u0103 gam\u0103 de modele din industrie. Varietatea de produse moderne ale companiei v\u0103 permite s\u0103 g\u0103si\u021bi ceea ce ave\u021bi nevoie at\u00e2t pentru \u00eencep\u0103torii amatori, c\u00e2t \u0219i pentru profesioni\u0219ti. Gama larg\u0103 include: m\u0103\u0219ti, labe, snorkeluri, costume umede \u0219i uscate, regulatoare \u0219i caracati\u021be, diverse dispozitive de \u00eenalt\u0103 tehnologie, \u00eembr\u0103c\u0103minte \u0219i \u00eenc\u0103l\u021b\u0103minte, gen\u021bi \u0219i multe alte accesorii. Datorit\u0103 unei re\u021bele puternice de distribu\u021bie, produsele AquaLung pot fi achizi\u021bionate \u00een mai mult de 90 de \u021b\u0103ri de pe toate continentele.<\/p>\n<p><\/p>","protected":false},"excerpt":{"rendered":"","protected":false},"featured_media":83289,"comment_status":"open","ping_status":"closed","template":"","meta":{"_acf_changed":false,"inline_featured_image":false},"product_brand":[1284],"product_cat":[180],"product_tag":[],"class_list":{"0":"post-83048","1":"product","2":"type-product","3":"status-publish","4":"has-post-thumbnail","6":"product_brand-aqualung","7":"product_cat-neoprene-suits-and-accessories","9":"first","10":"instock","11":"shipping-taxable","12":"purchasable","13":"product-type-simple"},"acf":[],"yoast_head":"<!-- This site is optimized with the Yoast SEO plugin v27.2 - https:\/\/yoast.com\/product\/yoast-seo-wordpress\/ -->\n<title>\u0416\u0435\u043d\u0441\u043a\u0438\u0439 \u0433\u0438\u0434\u0440\u043e\u043a\u043e\u0441\u0442\u044e\u043c Aqualung Wave Jumpsuit 5,5mm - \u041c\u0430\u0433\u0430\u0437\u0438\u043d Xstyle<\/title>\n<meta name=\"description\" content=\"\u0416\u0435\u043d\u0441\u043a\u0438\u0439 \u0433\u0438\u0434\u0440\u043e\u043a\u043e\u0441\u0442\u044e\u043c Aqualung Wave 5,5 \u043c\u043c \u043f\u043e\u0434\u0430\u0440\u0438\u0442 \u043a\u043e\u043c\u0444\u043e\u0440\u0442 \u0438 \u0434\u043e\u043b\u0433\u043e\u0432\u0435\u0447\u043d\u043e\u0441\u0442\u044c! \u041f\u043e\u0434\u0445\u043e\u0434\u0438\u0442 \u0434\u043b\u044f \u0432\u043e\u0434\u044b \u043e\u0442 13\u00b0C \u0434\u043e 25\u00b0C, \u0441 \u0443\u043d\u0438\u043a\u0430\u043b\u044c\u043d\u044b\u043c \u043c\u043e\u0434\u0443\u043b\u044c\u043d\u044b\u043c \u0434\u0438\u0437\u0430\u0439\u043d\u043e\u043c.\" \/>\n<meta name=\"robots\" content=\"index, follow, max-snippet:-1, max-image-preview:large, max-video-preview:-1\" \/>\n<link rel=\"canonical\" href=\"https:\/\/xstyle.md\/ro\/produs\/gidrokostyum-aqualung-wave-jumpsuit-55mm\/\" \/>\n<meta property=\"og:locale\" content=\"ro_RO\" \/>\n<meta property=\"og:type\" content=\"article\" \/>\n<meta property=\"og:title\" content=\"\u0416\u0435\u043d\u0441\u043a\u0438\u0439 \u0433\u0438\u0434\u0440\u043e\u043a\u043e\u0441\u0442\u044e\u043c Aqualung Wave Jumpsuit 5,5mm - \u041c\u0430\u0433\u0430\u0437\u0438\u043d Xstyle\" \/>\n<meta property=\"og:description\" content=\"\u0416\u0435\u043d\u0441\u043a\u0438\u0439 \u0433\u0438\u0434\u0440\u043e\u043a\u043e\u0441\u0442\u044e\u043c Aqualung Wave 5,5 \u043c\u043c \u043f\u043e\u0434\u0430\u0440\u0438\u0442 \u043a\u043e\u043c\u0444\u043e\u0440\u0442 \u0438 \u0434\u043e\u043b\u0433\u043e\u0432\u0435\u0447\u043d\u043e\u0441\u0442\u044c! \u041f\u043e\u0434\u0445\u043e\u0434\u0438\u0442 \u0434\u043b\u044f \u0432\u043e\u0434\u044b \u043e\u0442 13\u00b0C \u0434\u043e 25\u00b0C, \u0441 \u0443\u043d\u0438\u043a\u0430\u043b\u044c\u043d\u044b\u043c \u043c\u043e\u0434\u0443\u043b\u044c\u043d\u044b\u043c \u0434\u0438\u0437\u0430\u0439\u043d\u043e\u043c.\" \/>\n<meta property=\"og:url\" content=\"https:\/\/xstyle.md\/ro\/produs\/gidrokostyum-aqualung-wave-jumpsuit-55mm\/\" \/>\n<meta property=\"og:site_name\" content=\"\u041c\u0430\u0433\u0430\u0437\u0438\u043d Xstyle\" \/>\n<meta property=\"article:publisher\" content=\"https:\/\/www.facebook.com\/xstylemd\" \/>\n<meta property=\"article:modified_time\" content=\"2024-10-21T05:51:38+00:00\" \/>\n<meta property=\"og:image\" content=\"https:\/\/xstyle.md\/wp-content\/uploads\/2024\/05\/aqualung-wave-jumpsuit-55mm.jpg\" \/>\n\t<meta property=\"og:image:width\" content=\"500\" \/>\n\t<meta property=\"og:image:height\" content=\"500\" \/>\n\t<meta property=\"og:image:type\" content=\"image\/jpeg\" \/>\n<meta name=\"twitter:card\" content=\"summary_large_image\" \/>\n<meta name=\"twitter:label1\" content=\"Pre\u021b\" \/>\n\t<meta name=\"twitter:data1\" content=\"5.890&nbsp;MDL\" \/>\n\t<meta name=\"twitter:label2\" content=\"Disponibilitate\" \/>\n\t<meta name=\"twitter:data2\" content=\"\u00cen stoc\" \/>\n<script type=\"application\/ld+json\" class=\"yoast-schema-graph\">{\"@context\":\"https:\/\/schema.org\",\"@graph\":[{\"@type\":\"WebPage\",\"@id\":\"https:\/\/xstyle.md\/product\/gidrokostyum-aqualung-wave-jumpsuit-55mm\/\",\"url\":\"https:\/\/xstyle.md\/product\/gidrokostyum-aqualung-wave-jumpsuit-55mm\/\",\"name\":\"\u0416\u0435\u043d\u0441\u043a\u0438\u0439 \u0433\u0438\u0434\u0440\u043e\u043a\u043e\u0441\u0442\u044e\u043c Aqualung Wave Jumpsuit 5,5mm - \u041c\u0430\u0433\u0430\u0437\u0438\u043d Xstyle\",\"isPartOf\":{\"@id\":\"https:\/\/xstyle.md\/#website\"},\"primaryImageOfPage\":{\"@id\":\"https:\/\/xstyle.md\/product\/gidrokostyum-aqualung-wave-jumpsuit-55mm\/#primaryimage\"},\"image\":{\"@id\":\"https:\/\/xstyle.md\/product\/gidrokostyum-aqualung-wave-jumpsuit-55mm\/#primaryimage\"},\"thumbnailUrl\":\"https:\/\/xstyle.md\/wp-content\/uploads\/2024\/05\/aqualung-wave-jumpsuit-55mm.jpg\",\"datePublished\":\"2024-05-10T10:35:58+00:00\",\"dateModified\":\"2024-10-21T05:51:38+00:00\",\"description\":\"\u0416\u0435\u043d\u0441\u043a\u0438\u0439 \u0433\u0438\u0434\u0440\u043e\u043a\u043e\u0441\u0442\u044e\u043c Aqualung Wave 5,5 \u043c\u043c \u043f\u043e\u0434\u0430\u0440\u0438\u0442 \u043a\u043e\u043c\u0444\u043e\u0440\u0442 \u0438 \u0434\u043e\u043b\u0433\u043e\u0432\u0435\u0447\u043d\u043e\u0441\u0442\u044c! \u041f\u043e\u0434\u0445\u043e\u0434\u0438\u0442 \u0434\u043b\u044f \u0432\u043e\u0434\u044b \u043e\u0442 13\u00b0C \u0434\u043e 25\u00b0C, \u0441 \u0443\u043d\u0438\u043a\u0430\u043b\u044c\u043d\u044b\u043c \u043c\u043e\u0434\u0443\u043b\u044c\u043d\u044b\u043c \u0434\u0438\u0437\u0430\u0439\u043d\u043e\u043c.\",\"breadcrumb\":{\"@id\":\"https:\/\/xstyle.md\/product\/gidrokostyum-aqualung-wave-jumpsuit-55mm\/#breadcrumb\"},\"inLanguage\":\"ro-RO\",\"potentialAction\":[{\"@type\":\"ReadAction\",\"target\":[\"https:\/\/xstyle.md\/product\/gidrokostyum-aqualung-wave-jumpsuit-55mm\/\"]}]},{\"@type\":\"ImageObject\",\"inLanguage\":\"ro-RO\",\"@id\":\"https:\/\/xstyle.md\/product\/gidrokostyum-aqualung-wave-jumpsuit-55mm\/#primaryimage\",\"url\":\"https:\/\/xstyle.md\/wp-content\/uploads\/2024\/05\/aqualung-wave-jumpsuit-55mm.jpg\",\"contentUrl\":\"https:\/\/xstyle.md\/wp-content\/uploads\/2024\/05\/aqualung-wave-jumpsuit-55mm.jpg\",\"width\":500,\"height\":500,\"caption\":\"\u0416\u0435\u043d\u0441\u043a\u0438\u0439 \u0433\u0438\u0434\u0440\u043e\u043a\u043e\u0441\u0442\u044e\u043c Aqualung Wave Jumpsuit 5,5\u043c\u043c \u0434\u043b\u044f \u0430\u043a\u0442\u0438\u0432\u043d\u043e\u0433\u043e \u043e\u0442\u0434\u044b\u0445\u0430, \u0434\u0430\u0439\u0432\u0438\u043d\u0433\u0430, \u043f\u0443\u0442\u0435\u0448\u0435\u0441\u0442\u0432\u0438\u0439, \u043c\u0435\u0440\u043e\u043f\u0440\u0438\u044f\u0442\u0438\u0439 \u043d\u0430 \u0441\u0432\u0435\u0436\u0435\u043c \u0432\u043e\u0437\u0434\u0443\u0445\u0435, \u043e\u0434\u0435\u0436\u0434\u0430 \u0438 \u043e\u0431\u0443\u0432\u044c \u0434\u043b\u044f \u0430\u043a\u0442\u0438\u0432\u043d\u044b\u0445 \u0432\u0438\u0434\u043e\u0432 \u0441\u043f\u043e\u0440\u0442\u0430\"},{\"@type\":\"BreadcrumbList\",\"@id\":\"https:\/\/xstyle.md\/product\/gidrokostyum-aqualung-wave-jumpsuit-55mm\/#breadcrumb\",\"itemListElement\":[{\"@type\":\"ListItem\",\"position\":1,\"name\":\"\u0413\u043b\u0430\u0432\u043d\u0430\u044f \u0441\u0442\u0440\u0430\u043d\u0438\u0446\u0430\",\"item\":\"https:\/\/xstyle.md\/\"},{\"@type\":\"ListItem\",\"position\":2,\"name\":\"\u041c\u0430\u0433\u0430\u0437\u0438\u043d\",\"item\":\"https:\/\/xstyle.md\/shop\/\"},{\"@type\":\"ListItem\",\"position\":3,\"name\":\"\u0416\u0435\u043d\u0441\u043a\u0438\u0439 \u0433\u0438\u0434\u0440\u043e\u043a\u043e\u0441\u0442\u044e\u043c Aqualung Wave Jumpsuit 5,5mm\"}]},{\"@type\":\"WebSite\",\"@id\":\"https:\/\/xstyle.md\/#website\",\"url\":\"https:\/\/xstyle.md\/\",\"name\":\"\u041c\u0430\u0433\u0430\u0437\u0438\u043d Xstyle\",\"description\":\"C\u043d\u0430\u0440\u044f\u0436\u0435\u043d\u0438\u0435 \u0434\u043b\u044f \u0442\u0443\u0440\u0438\u0437\u043c\u0430 \u0438 \u044d\u043a\u0441\u0442\u0440\u0435\u043c\u0430\u043b\u044c\u043d\u044b\u0445 \u0432\u0438\u0434\u043e\u0432 \u0441\u043f\u043e\u0440\u0442\u0430 \u0432 \u041c\u043e\u043b\u0434\u043e\u0432\u0435.. \u0426\u0435\u043d\u044b, \u0444\u043e\u0442\u043e, \u0445\u0430\u0440\u0430\u043a\u0442\u0435\u0440\u0438\u0441\u0442\u0438\u043a\u0438 \u0432 \u041c\u043e\u043b\u0434\u043e\u0432\u0435.\",\"publisher\":{\"@id\":\"https:\/\/xstyle.md\/#organization\"},\"alternateName\":\"X-Style\",\"potentialAction\":[{\"@type\":\"SearchAction\",\"target\":{\"@type\":\"EntryPoint\",\"urlTemplate\":\"https:\/\/xstyle.md\/?s={search_term_string}\"},\"query-input\":{\"@type\":\"PropertyValueSpecification\",\"valueRequired\":true,\"valueName\":\"search_term_string\"}}],\"inLanguage\":\"ro-RO\"},{\"@type\":\"Organization\",\"@id\":\"https:\/\/xstyle.md\/#organization\",\"name\":\"\u041c\u0430\u0433\u0430\u0437\u0438\u043d Xstyle\",\"alternateName\":\"x-style\",\"url\":\"https:\/\/xstyle.md\/\",\"logo\":{\"@type\":\"ImageObject\",\"inLanguage\":\"ro-RO\",\"@id\":\"https:\/\/xstyle.md\/#\/schema\/logo\/image\/\",\"url\":\"https:\/\/xstyle.md\/wp-content\/uploads\/2020\/06\/logoicon.svg\",\"contentUrl\":\"https:\/\/xstyle.md\/wp-content\/uploads\/2020\/06\/logoicon.svg\",\"caption\":\"\u041c\u0430\u0433\u0430\u0437\u0438\u043d Xstyle\"},\"image\":{\"@id\":\"https:\/\/xstyle.md\/#\/schema\/logo\/image\/\"},\"sameAs\":[\"https:\/\/www.facebook.com\/xstylemd\",\"https:\/\/www.instagram.com\/xstyle_md\/\",\"https:\/\/t.me\/xstyle_outdoor\"],\"hasMerchantReturnPolicy\":{\"@type\":\"MerchantReturnPolicy\",\"merchantReturnLink\":\"https:\/\/xstyle.md\/ro\/conditions\/\"}}]}<\/script>\n<meta property=\"product:price:amount\" content=\"5890.00\" \/>\n<meta property=\"product:price:currency\" content=\"MDL\" \/>\n<meta property=\"og:availability\" content=\"instock\" \/>\n<meta property=\"product:availability\" content=\"instock\" \/>\n<meta property=\"product:retailer_item_id\" content=\"3665771129557\" \/>\n<meta property=\"product:condition\" content=\"new\" \/>\n<!-- \/ Yoast SEO plugin. -->","yoast_head_json":{"title":"Costumul de neopren pentru femei Aqualung Wave Jumpsuit 5,5mm - Magazin Xstyle","description":"Costumul de scufundare pentru femei Aqualung Wave de 5,5 mm va oferi confort \u0219i durabilitate! Este potrivit pentru ap\u0103 de la 13\u00b0C la 25\u00b0C, cu un design modular unic.","robots":{"index":"index","follow":"follow","max-snippet":"max-snippet:-1","max-image-preview":"max-image-preview:large","max-video-preview":"max-video-preview:-1"},"canonical":"https:\/\/xstyle.md\/ro\/produs\/gidrokostyum-aqualung-wave-jumpsuit-55mm\/","og_locale":"ro_RO","og_type":"article","og_title":"\u0416\u0435\u043d\u0441\u043a\u0438\u0439 \u0433\u0438\u0434\u0440\u043e\u043a\u043e\u0441\u0442\u044e\u043c Aqualung Wave Jumpsuit 5,5mm - \u041c\u0430\u0433\u0430\u0437\u0438\u043d Xstyle","og_description":"\u0416\u0435\u043d\u0441\u043a\u0438\u0439 \u0433\u0438\u0434\u0440\u043e\u043a\u043e\u0441\u0442\u044e\u043c Aqualung Wave 5,5 \u043c\u043c \u043f\u043e\u0434\u0430\u0440\u0438\u0442 \u043a\u043e\u043c\u0444\u043e\u0440\u0442 \u0438 \u0434\u043e\u043b\u0433\u043e\u0432\u0435\u0447\u043d\u043e\u0441\u0442\u044c! \u041f\u043e\u0434\u0445\u043e\u0434\u0438\u0442 \u0434\u043b\u044f \u0432\u043e\u0434\u044b \u043e\u0442 13\u00b0C \u0434\u043e 25\u00b0C, \u0441 \u0443\u043d\u0438\u043a\u0430\u043b\u044c\u043d\u044b\u043c \u043c\u043e\u0434\u0443\u043b\u044c\u043d\u044b\u043c \u0434\u0438\u0437\u0430\u0439\u043d\u043e\u043c.","og_url":"https:\/\/xstyle.md\/ro\/produs\/gidrokostyum-aqualung-wave-jumpsuit-55mm\/","og_site_name":"\u041c\u0430\u0433\u0430\u0437\u0438\u043d Xstyle","article_publisher":"https:\/\/www.facebook.com\/xstylemd","article_modified_time":"2024-10-21T05:51:38+00:00","og_image":[{"width":500,"height":500,"url":"https:\/\/xstyle.md\/wp-content\/uploads\/2024\/05\/aqualung-wave-jumpsuit-55mm.jpg","type":"image\/jpeg"}],"twitter_card":"summary_large_image","twitter_misc":{"Pre\u021b":"5.890&nbsp;MDL","Disponibilitate":"\u00cen stoc"},"schema":{"@context":"https:\/\/schema.org","@graph":[{"@type":"WebPage","@id":"https:\/\/xstyle.md\/product\/gidrokostyum-aqualung-wave-jumpsuit-55mm\/","url":"https:\/\/xstyle.md\/product\/gidrokostyum-aqualung-wave-jumpsuit-55mm\/","name":"Costumul de neopren pentru femei Aqualung Wave Jumpsuit 5,5mm - Magazin Xstyle","isPartOf":{"@id":"https:\/\/xstyle.md\/#website"},"primaryImageOfPage":{"@id":"https:\/\/xstyle.md\/product\/gidrokostyum-aqualung-wave-jumpsuit-55mm\/#primaryimage"},"image":{"@id":"https:\/\/xstyle.md\/product\/gidrokostyum-aqualung-wave-jumpsuit-55mm\/#primaryimage"},"thumbnailUrl":"https:\/\/xstyle.md\/wp-content\/uploads\/2024\/05\/aqualung-wave-jumpsuit-55mm.jpg","datePublished":"2024-05-10T10:35:58+00:00","dateModified":"2024-10-21T05:51:38+00:00","description":"Costumul de scufundare pentru femei Aqualung Wave de 5,5 mm va oferi confort \u0219i durabilitate! Este potrivit pentru ap\u0103 de la 13\u00b0C la 25\u00b0C, cu un design modular unic.","breadcrumb":{"@id":"https:\/\/xstyle.md\/product\/gidrokostyum-aqualung-wave-jumpsuit-55mm\/#breadcrumb"},"inLanguage":"ro-RO","potentialAction":[{"@type":"ReadAction","target":["https:\/\/xstyle.md\/product\/gidrokostyum-aqualung-wave-jumpsuit-55mm\/"]}]},{"@type":"ImageObject","inLanguage":"ro-RO","@id":"https:\/\/xstyle.md\/product\/gidrokostyum-aqualung-wave-jumpsuit-55mm\/#primaryimage","url":"https:\/\/xstyle.md\/wp-content\/uploads\/2024\/05\/aqualung-wave-jumpsuit-55mm.jpg","contentUrl":"https:\/\/xstyle.md\/wp-content\/uploads\/2024\/05\/aqualung-wave-jumpsuit-55mm.jpg","width":500,"height":500,"caption":"\u0416\u0435\u043d\u0441\u043a\u0438\u0439 \u0433\u0438\u0434\u0440\u043e\u043a\u043e\u0441\u0442\u044e\u043c Aqualung Wave Jumpsuit 5,5\u043c\u043c \u0434\u043b\u044f \u0430\u043a\u0442\u0438\u0432\u043d\u043e\u0433\u043e \u043e\u0442\u0434\u044b\u0445\u0430, \u0434\u0430\u0439\u0432\u0438\u043d\u0433\u0430, \u043f\u0443\u0442\u0435\u0448\u0435\u0441\u0442\u0432\u0438\u0439, \u043c\u0435\u0440\u043e\u043f\u0440\u0438\u044f\u0442\u0438\u0439 \u043d\u0430 \u0441\u0432\u0435\u0436\u0435\u043c \u0432\u043e\u0437\u0434\u0443\u0445\u0435, \u043e\u0434\u0435\u0436\u0434\u0430 \u0438 \u043e\u0431\u0443\u0432\u044c \u0434\u043b\u044f \u0430\u043a\u0442\u0438\u0432\u043d\u044b\u0445 \u0432\u0438\u0434\u043e\u0432 \u0441\u043f\u043e\u0440\u0442\u0430"},{"@type":"BreadcrumbList","@id":"https:\/\/xstyle.md\/product\/gidrokostyum-aqualung-wave-jumpsuit-55mm\/#breadcrumb","itemListElement":[{"@type":"ListItem","position":1,"name":"\u0413\u043b\u0430\u0432\u043d\u0430\u044f \u0441\u0442\u0440\u0430\u043d\u0438\u0446\u0430","item":"https:\/\/xstyle.md\/"},{"@type":"ListItem","position":2,"name":"\u041c\u0430\u0433\u0430\u0437\u0438\u043d","item":"https:\/\/xstyle.md\/shop\/"},{"@type":"ListItem","position":3,"name":"\u0416\u0435\u043d\u0441\u043a\u0438\u0439 \u0433\u0438\u0434\u0440\u043e\u043a\u043e\u0441\u0442\u044e\u043c Aqualung Wave Jumpsuit 5,5mm"}]},{"@type":"WebSite","@id":"https:\/\/xstyle.md\/#website","url":"https:\/\/xstyle.md\/","name":"Magazinul X-Style","description":"Echipamente pentru turism \u0219i sporturi extreme \u00een Moldova. Pre\u021buri, fotografii, caracteristici \u00een Moldova.","publisher":{"@id":"https:\/\/xstyle.md\/#organization"},"alternateName":"X-Style","potentialAction":[{"@type":"SearchAction","target":{"@type":"EntryPoint","urlTemplate":"https:\/\/xstyle.md\/?s={search_term_string}"},"query-input":{"@type":"PropertyValueSpecification","valueRequired":true,"valueName":"search_term_string"}}],"inLanguage":"ro-RO"},{"@type":"Organization","@id":"https:\/\/xstyle.md\/#organization","name":"Magazinul X-Style","alternateName":"x-style","url":"https:\/\/xstyle.md\/","logo":{"@type":"ImageObject","inLanguage":"ro-RO","@id":"https:\/\/xstyle.md\/#\/schema\/logo\/image\/","url":"https:\/\/xstyle.md\/wp-content\/uploads\/2020\/06\/logoicon.svg","contentUrl":"https:\/\/xstyle.md\/wp-content\/uploads\/2020\/06\/logoicon.svg","caption":"\u041c\u0430\u0433\u0430\u0437\u0438\u043d Xstyle"},"image":{"@id":"https:\/\/xstyle.md\/#\/schema\/logo\/image\/"},"sameAs":["https:\/\/www.facebook.com\/xstylemd","https:\/\/www.instagram.com\/xstyle_md\/","https:\/\/t.me\/xstyle_outdoor"],"hasMerchantReturnPolicy":{"@type":"MerchantReturnPolicy","merchantReturnLink":"https:\/\/xstyle.md\/ro\/conditions\/"}}]},"product_price_amount":"5890.00","product_price_currency":"MDL","og_availability":"instock","product_availability":"instock","product_retailer_item_id":"3665771129557","product_condition":"new"},"post_mailing_queue_ids":[],"_links":{"self":[{"href":"https:\/\/xstyle.md\/ro\/wp-json\/wp\/v2\/product\/83048","targetHints":{"allow":["GET"]}}],"collection":[{"href":"https:\/\/xstyle.md\/ro\/wp-json\/wp\/v2\/product"}],"about":[{"href":"https:\/\/xstyle.md\/ro\/wp-json\/wp\/v2\/types\/product"}],"replies":[{"embeddable":true,"href":"https:\/\/xstyle.md\/ro\/wp-json\/wp\/v2\/comments?post=83048"}],"wp:featuredmedia":[{"embeddable":true,"href":"https:\/\/xstyle.md\/ro\/wp-json\/wp\/v2\/media\/83289"}],"wp:attachment":[{"href":"https:\/\/xstyle.md\/ro\/wp-json\/wp\/v2\/media?parent=83048"}],"wp:term":[{"taxonomy":"product_brand","embeddable":true,"href":"https:\/\/xstyle.md\/ro\/wp-json\/wp\/v2\/product_brand?post=83048"},{"taxonomy":"product_cat","embeddable":true,"href":"https:\/\/xstyle.md\/ro\/wp-json\/wp\/v2\/product_cat?post=83048"},{"taxonomy":"product_tag","embeddable":true,"href":"https:\/\/xstyle.md\/ro\/wp-json\/wp\/v2\/product_tag?post=83048"}],"curies":[{"name":"wp","href":"https:\/\/api.w.org\/{rel}","templated":true}]}}