{"id":83044,"date":"2024-05-10T13:35:57","date_gmt":"2024-05-10T10:35:57","guid":{"rendered":"https:\/\/xstyle.md\/?post_type=product&#038;p=83044"},"modified":"2026-03-17T19:00:07","modified_gmt":"2026-03-17T16:00:07","slug":"kupalnyj-kostyum-aquasphere-essential-diamond-back-adj-black-yellow","status":"publish","type":"product","link":"https:\/\/xstyle.md\/ro\/produs\/kupalnyj-kostyum-aquasphere-essential-diamond-back-adj-black-yellow\/","title":{"rendered":"Costum de baie Aqua Sphere Essential Diamond Back ADJ Black Yellow"},"content":{"rendered":"<p><\/p>\n<p><strong>Aqua Sphere Essential Diamond Back ADJ<\/strong> &#8212; costum de baie pentru femei cu spatele deschis, conceput special pentru antrenamente intense de \u00eenot. Acest model a fost dezvoltat \u00een colaborare cu atle\u021bi interna\u021bionali pentru a asigura performan\u021be optime. Este fabricat din \u021bes\u0103tura sustenabil\u0103 X-Play, care ofer\u0103 sus\u021binere excelent\u0103, confort \u0219i durabilitate. Bretelele reglabile permit o ajustare perfect\u0103 pe corp.<\/p>\n<h3>Particularit\u0103\u021bi<\/h3>\n<ul>\n<li>Design &#8212; aspect modern \u0219i sportiv, cu spatele larg deschis pentru libertate maxim\u0103 de mi\u0219care<\/li>\n<li>Reglare &#8212; bretele rezistente \u0219i reglabile pentru o potrivire personalizat\u0103<\/li>\n<li>Rezisten\u021b\u0103 la clor &#8212; 100% rezistent la clor, men\u021bin\u00e2ndu-\u0219i forma \u0219i culoarea \u00een timp<\/li>\n<li>\u021aes\u0103tur\u0103 X-Pac &#8212; material inovator cu elasticitate \u00een patru direc\u021bii, flexibilitate ridicat\u0103, oferind suport \u0219i confort sporit<\/li>\n<\/ul>\n<h3>Caracteristici<\/h3>\n<ul>\n<li>Material &#8212; 78% poliester reciclat, 22% elastolefin\u0103 (Elastolefin)<\/li>\n<li>Sustenabilitate &#8212; fabricat din materiale reciclate, prietenoase cu mediul<\/li>\n<\/ul>\n<p><\/p>\n<h3>Marca<\/h3>\n<p>Aqualung \u2014 \u044d\u0442\u043e \u043b\u0435\u0433\u0435\u043d\u0434\u0430\u0440\u043d\u044b\u0439 \u0431\u0440\u0435\u043d\u0434, \u0441\u0442\u043e\u044f\u0449\u0438\u0439 \u0443 \u0438\u0441\u0442\u043e\u043a\u043e\u0432 \u0441\u043e\u0432\u0440\u0435\u043c\u0435\u043d\u043d\u043e\u0433\u043e \u0434\u0430\u0439\u0432\u0438\u043d\u0433\u0430. \u0418\u043c\u0435\u043d\u043d\u043e \u043f\u043e\u0434 \u044d\u0442\u0438\u043c \u0438\u043c\u0435\u043d\u0435\u043c \u0432 1943 \u0433\u043e\u0434\u0443 \u0416\u0430\u043a-\u0418\u0432 \u041a\u0443\u0441\u0442\u043e \u0438 \u042d\u043c\u0438\u043b\u044c \u0413\u0430\u043d\u044c\u044f\u043d \u043f\u0440\u0435\u0434\u0441\u0442\u0430\u0432\u0438\u043b\u0438 \u043f\u0435\u0440\u0432\u044b\u0439 \u0432 \u043c\u0438\u0440\u0435 \u0430\u0432\u0442\u043e\u043d\u043e\u043c\u043d\u044b\u0439 \u0430\u043f\u043f\u0430\u0440\u0430\u0442 \u0434\u043b\u044f \u0434\u044b\u0445\u0430\u043d\u0438\u044f \u043f\u043e\u0434 \u0432\u043e\u0434\u043e\u0439. \u0421\u0435\u0433\u043e\u0434\u043d\u044f \u043a\u043e\u043c\u043f\u0430\u043d\u0438\u044f \u044f\u0432\u043b\u044f\u0435\u0442\u0441\u044f \u043c\u0438\u0440\u043e\u0432\u044b\u043c \u043b\u0438\u0434\u0435\u0440\u043e\u043c \u0432 \u043f\u0440\u043e\u0438\u0437\u0432\u043e\u0434\u0441\u0442\u0432\u0435 \u0432\u044b\u0441\u043e\u043a\u043e\u0442\u0435\u0445\u043d\u043e\u043b\u043e\u0433\u0438\u0447\u043d\u043e\u0433\u043e \u0441\u043d\u0430\u0440\u044f\u0436\u0435\u043d\u0438\u044f \u0434\u043b\u044f \u0434\u0430\u0439\u0432\u0438\u043d\u0433\u0430, \u0441\u043d\u043e\u0440\u043a\u0435\u043b\u0438\u043d\u0433\u0430 \u0438 \u043f\u043b\u0430\u0432\u0430\u043d\u0438\u044f, \u043f\u0440\u0435\u0434\u043b\u0430\u0433\u0430\u044f \u043f\u0440\u043e\u0434\u0443\u043a\u0446\u0438\u044e, \u043a\u043e\u0442\u043e\u0440\u0430\u044f \u0441\u043e\u0447\u0435\u0442\u0430\u0435\u0442 \u0432 \u0441\u0435\u0431\u0435 \u0438\u043d\u043d\u043e\u0432\u0430\u0446\u0438\u0438, \u043d\u0430\u0434\u0435\u0436\u043d\u043e\u0441\u0442\u044c \u0438 \u0431\u0435\u0437\u043e\u043f\u0430\u0441\u043d\u043e\u0441\u0442\u044c.<\/p>","protected":false},"excerpt":{"rendered":"<p>\u0411\u0440\u0435\u043d\u0434 Aqualung \u2014 \u044d\u0442\u043e \u043b\u0435\u0433\u0435\u043d\u0434\u0430\u0440\u043d\u044b\u0439 \u0431\u0440\u0435\u043d\u0434, \u0441\u0442\u043e\u044f\u0449\u0438\u0439 \u0443 \u0438\u0441\u0442\u043e\u043a\u043e\u0432 \u0441\u043e\u0432\u0440\u0435\u043c\u0435\u043d\u043d\u043e\u0433\u043e \u0434\u0430\u0439\u0432\u0438\u043d\u0433\u0430. \u0418\u043c\u0435\u043d\u043d\u043e \u043f\u043e\u0434 \u044d\u0442\u0438\u043c \u0438\u043c\u0435\u043d\u0435\u043c \u0432 1943 \u0433\u043e\u0434\u0443 \u0416\u0430\u043a-\u0418\u0432 \u041a\u0443\u0441\u0442\u043e \u0438 \u042d\u043c\u0438\u043b\u044c \u0413\u0430\u043d\u044c\u044f\u043d \u043f\u0440\u0435\u0434\u0441\u0442\u0430\u0432\u0438\u043b\u0438 \u043f\u0435\u0440\u0432\u044b\u0439 \u0432 \u043c\u0438\u0440\u0435 \u0430\u0432\u0442\u043e\u043d\u043e\u043c\u043d\u044b\u0439 \u0430\u043f\u043f\u0430\u0440\u0430\u0442 \u0434\u043b\u044f \u0434\u044b\u0445\u0430\u043d\u0438\u044f \u043f\u043e\u0434 \u0432\u043e\u0434\u043e\u0439. \u0421\u0435\u0433\u043e\u0434\u043d\u044f \u043a\u043e\u043c\u043f\u0430\u043d\u0438\u044f \u044f\u0432\u043b\u044f\u0435\u0442\u0441\u044f \u043c\u0438\u0440\u043e\u0432\u044b\u043c \u043b\u0438\u0434\u0435\u0440\u043e\u043c \u0432 \u043f\u0440\u043e\u0438\u0437\u0432\u043e\u0434\u0441\u0442\u0432\u0435 \u0432\u044b\u0441\u043e\u043a\u043e\u0442\u0435\u0445\u043d\u043e\u043b\u043e\u0433\u0438\u0447\u043d\u043e\u0433\u043e \u0441\u043d\u0430\u0440\u044f\u0436\u0435\u043d\u0438\u044f \u0434\u043b\u044f \u0434\u0430\u0439\u0432\u0438\u043d\u0433\u0430, \u0441\u043d\u043e\u0440\u043a\u0435\u043b\u0438\u043d\u0433\u0430 \u0438 \u043f\u043b\u0430\u0432\u0430\u043d\u0438\u044f, \u043f\u0440\u0435\u0434\u043b\u0430\u0433\u0430\u044f \u043f\u0440\u043e\u0434\u0443\u043a\u0446\u0438\u044e, \u043a\u043e\u0442\u043e\u0440\u0430\u044f \u0441\u043e\u0447\u0435\u0442\u0430\u0435\u0442 \u0432 \u0441\u0435\u0431\u0435 \u0438\u043d\u043d\u043e\u0432\u0430\u0446\u0438\u0438, \u043d\u0430\u0434\u0435\u0436\u043d\u043e\u0441\u0442\u044c [&hellip;]<\/p>\n","protected":false},"featured_media":83282,"comment_status":"open","ping_status":"closed","template":"","meta":{"_acf_changed":false,"inline_featured_image":false},"product_brand":[1284],"product_cat":[195],"product_tag":[],"class_list":{"0":"post-83044","1":"product","2":"type-product","3":"status-publish","4":"has-post-thumbnail","6":"product_brand-aqualung","7":"product_cat-swimwear-women","9":"first","10":"instock","11":"shipping-taxable","12":"purchasable","13":"product-type-simple"},"acf":[],"yoast_head":"<!-- This site is optimized with the Yoast SEO plugin v27.2 - https:\/\/yoast.com\/product\/yoast-seo-wordpress\/ -->\n<title>\u041a\u0443\u043f\u0430\u043b\u044c\u043d\u044b\u0439 \u043a\u043e\u0441\u0442\u044e\u043c Aqua Sphere Essential Diamond Back ADJ Black Yellow - \u041c\u0430\u0433\u0430\u0437\u0438\u043d Xstyle<\/title>\n<meta name=\"description\" content=\"\u041a\u0443\u043f\u0430\u043b\u044c\u043d\u044b\u0439 \u043a\u043e\u0441\u0442\u044e\u043c Aqua Sphere Essential Diamond Back ADJ Black Yellow: \u0438\u0434\u0435\u0430\u043b\u044c\u043d\u043e\u0435 \u0441\u043e\u0447\u0435\u0442\u0430\u043d\u0438\u0435 \u0441\u0442\u0438\u043b\u044f \u0438 \u043a\u043e\u043c\u0444\u043e\u0440\u0442\u0430 \u0434\u043b\u044f \u043f\u043b\u0430\u0432\u0430\u043d\u0438\u044f. \u0412\u044b\u0441\u043e\u043a\u043e\u043a\u0430\u0447\u0435\u0441\u0442\u0432\u0435\u043d\u043d\u044b\u0439 \u043c\u0430\u0442\u0435\u0440\u0438\u0430\u043b, \u043b\u0443\u0447\u0448\u0438\u0439 \u0432\u044b\u0431\u043e\u0440!\" \/>\n<meta name=\"robots\" content=\"index, follow, max-snippet:-1, max-image-preview:large, max-video-preview:-1\" \/>\n<link rel=\"canonical\" href=\"https:\/\/xstyle.md\/ro\/produs\/kupalnyj-kostyum-aquasphere-essential-diamond-back-adj-black-yellow\/\" \/>\n<meta property=\"og:locale\" content=\"ro_RO\" \/>\n<meta property=\"og:type\" content=\"article\" \/>\n<meta property=\"og:title\" content=\"\u041a\u0443\u043f\u0430\u043b\u044c\u043d\u044b\u0439 \u043a\u043e\u0441\u0442\u044e\u043c Aqua Sphere Essential Diamond Back ADJ Black Yellow - \u041c\u0430\u0433\u0430\u0437\u0438\u043d Xstyle\" \/>\n<meta property=\"og:description\" content=\"\u041a\u0443\u043f\u0430\u043b\u044c\u043d\u044b\u0439 \u043a\u043e\u0441\u0442\u044e\u043c Aqua Sphere Essential Diamond Back ADJ Black Yellow: \u0438\u0434\u0435\u0430\u043b\u044c\u043d\u043e\u0435 \u0441\u043e\u0447\u0435\u0442\u0430\u043d\u0438\u0435 \u0441\u0442\u0438\u043b\u044f \u0438 \u043a\u043e\u043c\u0444\u043e\u0440\u0442\u0430 \u0434\u043b\u044f \u043f\u043b\u0430\u0432\u0430\u043d\u0438\u044f. \u0412\u044b\u0441\u043e\u043a\u043e\u043a\u0430\u0447\u0435\u0441\u0442\u0432\u0435\u043d\u043d\u044b\u0439 \u043c\u0430\u0442\u0435\u0440\u0438\u0430\u043b, \u043b\u0443\u0447\u0448\u0438\u0439 \u0432\u044b\u0431\u043e\u0440!\" \/>\n<meta property=\"og:url\" content=\"https:\/\/xstyle.md\/ro\/produs\/kupalnyj-kostyum-aquasphere-essential-diamond-back-adj-black-yellow\/\" \/>\n<meta property=\"og:site_name\" content=\"\u041c\u0430\u0433\u0430\u0437\u0438\u043d Xstyle\" \/>\n<meta property=\"article:publisher\" content=\"https:\/\/www.facebook.com\/xstylemd\" \/>\n<meta property=\"article:modified_time\" content=\"2026-03-17T16:00:07+00:00\" \/>\n<meta property=\"og:image\" content=\"https:\/\/xstyle.md\/wp-content\/uploads\/2024\/05\/aqualung-essential-diamond-back-adj-black-yellow.jpg\" \/>\n\t<meta property=\"og:image:width\" content=\"900\" \/>\n\t<meta property=\"og:image:height\" content=\"900\" \/>\n\t<meta property=\"og:image:type\" content=\"image\/jpeg\" \/>\n<meta name=\"twitter:card\" content=\"summary_large_image\" \/>\n<meta name=\"twitter:label1\" content=\"Pre\u021b\" \/>\n\t<meta name=\"twitter:data1\" content=\"1.550&nbsp;MDL\" \/>\n\t<meta name=\"twitter:label2\" content=\"Disponibilitate\" \/>\n\t<meta name=\"twitter:data2\" content=\"\u00cen stoc\" \/>\n<script type=\"application\/ld+json\" class=\"yoast-schema-graph\">{\"@context\":\"https:\/\/schema.org\",\"@graph\":[{\"@type\":\"WebPage\",\"@id\":\"https:\/\/xstyle.md\/product\/kupalnyj-kostyum-aquasphere-essential-diamond-back-adj-black-yellow\/\",\"url\":\"https:\/\/xstyle.md\/product\/kupalnyj-kostyum-aquasphere-essential-diamond-back-adj-black-yellow\/\",\"name\":\"\u041a\u0443\u043f\u0430\u043b\u044c\u043d\u044b\u0439 \u043a\u043e\u0441\u0442\u044e\u043c Aqua Sphere Essential Diamond Back ADJ Black Yellow - \u041c\u0430\u0433\u0430\u0437\u0438\u043d Xstyle\",\"isPartOf\":{\"@id\":\"https:\/\/xstyle.md\/#website\"},\"primaryImageOfPage\":{\"@id\":\"https:\/\/xstyle.md\/product\/kupalnyj-kostyum-aquasphere-essential-diamond-back-adj-black-yellow\/#primaryimage\"},\"image\":{\"@id\":\"https:\/\/xstyle.md\/product\/kupalnyj-kostyum-aquasphere-essential-diamond-back-adj-black-yellow\/#primaryimage\"},\"thumbnailUrl\":\"https:\/\/xstyle.md\/wp-content\/uploads\/2024\/05\/aqualung-essential-diamond-back-adj-black-yellow.jpg\",\"datePublished\":\"2024-05-10T10:35:57+00:00\",\"dateModified\":\"2026-03-17T16:00:07+00:00\",\"description\":\"\u041a\u0443\u043f\u0430\u043b\u044c\u043d\u044b\u0439 \u043a\u043e\u0441\u0442\u044e\u043c Aqua Sphere Essential Diamond Back ADJ Black Yellow: \u0438\u0434\u0435\u0430\u043b\u044c\u043d\u043e\u0435 \u0441\u043e\u0447\u0435\u0442\u0430\u043d\u0438\u0435 \u0441\u0442\u0438\u043b\u044f \u0438 \u043a\u043e\u043c\u0444\u043e\u0440\u0442\u0430 \u0434\u043b\u044f \u043f\u043b\u0430\u0432\u0430\u043d\u0438\u044f. \u0412\u044b\u0441\u043e\u043a\u043e\u043a\u0430\u0447\u0435\u0441\u0442\u0432\u0435\u043d\u043d\u044b\u0439 \u043c\u0430\u0442\u0435\u0440\u0438\u0430\u043b, \u043b\u0443\u0447\u0448\u0438\u0439 \u0432\u044b\u0431\u043e\u0440!\",\"breadcrumb\":{\"@id\":\"https:\/\/xstyle.md\/product\/kupalnyj-kostyum-aquasphere-essential-diamond-back-adj-black-yellow\/#breadcrumb\"},\"inLanguage\":\"ro-RO\",\"potentialAction\":[{\"@type\":\"ReadAction\",\"target\":[\"https:\/\/xstyle.md\/product\/kupalnyj-kostyum-aquasphere-essential-diamond-back-adj-black-yellow\/\"]}]},{\"@type\":\"ImageObject\",\"inLanguage\":\"ro-RO\",\"@id\":\"https:\/\/xstyle.md\/product\/kupalnyj-kostyum-aquasphere-essential-diamond-back-adj-black-yellow\/#primaryimage\",\"url\":\"https:\/\/xstyle.md\/wp-content\/uploads\/2024\/05\/aqualung-essential-diamond-back-adj-black-yellow.jpg\",\"contentUrl\":\"https:\/\/xstyle.md\/wp-content\/uploads\/2024\/05\/aqualung-essential-diamond-back-adj-black-yellow.jpg\",\"width\":900,\"height\":900,\"caption\":\"\u041a\u0443\u043f\u0430\u043b\u044c\u043d\u044b\u0439 \u043a\u043e\u0441\u0442\u044e\u043c Aqua Sphere Essential Diamond Back ADJ \u0427\u0435\u0440\u043d\u043e-\u0436\u0435\u043b\u0442\u044b\u0439 \u0434\u043b\u044f \u0430\u043a\u0442\u0438\u0432\u043d\u043e\u0433\u043e \u043e\u0442\u0434\u044b\u0445\u0430, \u043f\u043b\u0430\u0432\u0430\u043d\u0438\u044f, \u0442\u0440\u0435\u043a\u0438\u043d\u0433\u0430 \u0438 \u043f\u0443\u0442\u0435\u0448\u0435\u0441\u0442\u0432\u0438\u0439 \u0432 \u0438\u043d\u0442\u0435\u0440\u043d\u0435\u0442 \u043c\u0430\u0433\u0430\u0437\u0438\u043d\u0435 \u044d\u043a\u0438\u043f\u0438\u0440\u043e\u0432\u043a\u0438 \u0434\u043b\u044f \u0430\u043a\u0442\u0438\u0432\u043d\u043e\u0439 \u0436\u0438\u0437\u043d\u0438\"},{\"@type\":\"BreadcrumbList\",\"@id\":\"https:\/\/xstyle.md\/product\/kupalnyj-kostyum-aquasphere-essential-diamond-back-adj-black-yellow\/#breadcrumb\",\"itemListElement\":[{\"@type\":\"ListItem\",\"position\":1,\"name\":\"\u0413\u043b\u0430\u0432\u043d\u0430\u044f \u0441\u0442\u0440\u0430\u043d\u0438\u0446\u0430\",\"item\":\"https:\/\/xstyle.md\/\"},{\"@type\":\"ListItem\",\"position\":2,\"name\":\"\u041c\u0430\u0433\u0430\u0437\u0438\u043d\",\"item\":\"https:\/\/xstyle.md\/shop\/\"},{\"@type\":\"ListItem\",\"position\":3,\"name\":\"\u041a\u0443\u043f\u0430\u043b\u044c\u043d\u044b\u0439 \u043a\u043e\u0441\u0442\u044e\u043c Aqua Sphere Essential Diamond Back ADJ Black Yellow\"}]},{\"@type\":\"WebSite\",\"@id\":\"https:\/\/xstyle.md\/#website\",\"url\":\"https:\/\/xstyle.md\/\",\"name\":\"\u041c\u0430\u0433\u0430\u0437\u0438\u043d Xstyle\",\"description\":\"C\u043d\u0430\u0440\u044f\u0436\u0435\u043d\u0438\u0435 \u0434\u043b\u044f \u0442\u0443\u0440\u0438\u0437\u043c\u0430 \u0438 \u044d\u043a\u0441\u0442\u0440\u0435\u043c\u0430\u043b\u044c\u043d\u044b\u0445 \u0432\u0438\u0434\u043e\u0432 \u0441\u043f\u043e\u0440\u0442\u0430 \u0432 \u041c\u043e\u043b\u0434\u043e\u0432\u0435.. \u0426\u0435\u043d\u044b, \u0444\u043e\u0442\u043e, \u0445\u0430\u0440\u0430\u043a\u0442\u0435\u0440\u0438\u0441\u0442\u0438\u043a\u0438 \u0432 \u041c\u043e\u043b\u0434\u043e\u0432\u0435.\",\"publisher\":{\"@id\":\"https:\/\/xstyle.md\/#organization\"},\"alternateName\":\"X-Style\",\"potentialAction\":[{\"@type\":\"SearchAction\",\"target\":{\"@type\":\"EntryPoint\",\"urlTemplate\":\"https:\/\/xstyle.md\/?s={search_term_string}\"},\"query-input\":{\"@type\":\"PropertyValueSpecification\",\"valueRequired\":true,\"valueName\":\"search_term_string\"}}],\"inLanguage\":\"ro-RO\"},{\"@type\":\"Organization\",\"@id\":\"https:\/\/xstyle.md\/#organization\",\"name\":\"\u041c\u0430\u0433\u0430\u0437\u0438\u043d Xstyle\",\"alternateName\":\"x-style\",\"url\":\"https:\/\/xstyle.md\/\",\"logo\":{\"@type\":\"ImageObject\",\"inLanguage\":\"ro-RO\",\"@id\":\"https:\/\/xstyle.md\/#\/schema\/logo\/image\/\",\"url\":\"https:\/\/xstyle.md\/wp-content\/uploads\/2020\/06\/logoicon.svg\",\"contentUrl\":\"https:\/\/xstyle.md\/wp-content\/uploads\/2020\/06\/logoicon.svg\",\"caption\":\"\u041c\u0430\u0433\u0430\u0437\u0438\u043d Xstyle\"},\"image\":{\"@id\":\"https:\/\/xstyle.md\/#\/schema\/logo\/image\/\"},\"sameAs\":[\"https:\/\/www.facebook.com\/xstylemd\",\"https:\/\/www.instagram.com\/xstyle_md\/\",\"https:\/\/t.me\/xstyle_outdoor\"],\"hasMerchantReturnPolicy\":{\"@type\":\"MerchantReturnPolicy\",\"merchantReturnLink\":\"https:\/\/xstyle.md\/ro\/conditions\/\"}}]}<\/script>\n<meta property=\"product:price:amount\" content=\"1550.00\" \/>\n<meta property=\"product:price:currency\" content=\"MDL\" \/>\n<meta property=\"og:availability\" content=\"instock\" \/>\n<meta property=\"product:availability\" content=\"instock\" \/>\n<meta property=\"product:retailer_item_id\" content=\"3665771130713\" \/>\n<meta property=\"product:condition\" content=\"new\" \/>\n<!-- \/ Yoast SEO plugin. -->","yoast_head_json":{"title":"Costumul de baie Aqua Sphere Essential Diamond Back ADJ Negru Galben - Magazin Xstyle","description":"Costumul de baie Aqua Sphere Essential Diamond Back ADJ Negru Galben: combina\u021bia perfect\u0103 \u00eentre stil \u0219i confort pentru \u00eenot. Material de \u00eenalt\u0103 calitate, cea mai bun\u0103 alegere!","robots":{"index":"index","follow":"follow","max-snippet":"max-snippet:-1","max-image-preview":"max-image-preview:large","max-video-preview":"max-video-preview:-1"},"canonical":"https:\/\/xstyle.md\/ro\/produs\/kupalnyj-kostyum-aquasphere-essential-diamond-back-adj-black-yellow\/","og_locale":"ro_RO","og_type":"article","og_title":"\u041a\u0443\u043f\u0430\u043b\u044c\u043d\u044b\u0439 \u043a\u043e\u0441\u0442\u044e\u043c Aqua Sphere Essential Diamond Back ADJ Black Yellow - \u041c\u0430\u0433\u0430\u0437\u0438\u043d Xstyle","og_description":"\u041a\u0443\u043f\u0430\u043b\u044c\u043d\u044b\u0439 \u043a\u043e\u0441\u0442\u044e\u043c Aqua Sphere Essential Diamond Back ADJ Black Yellow: \u0438\u0434\u0435\u0430\u043b\u044c\u043d\u043e\u0435 \u0441\u043e\u0447\u0435\u0442\u0430\u043d\u0438\u0435 \u0441\u0442\u0438\u043b\u044f \u0438 \u043a\u043e\u043c\u0444\u043e\u0440\u0442\u0430 \u0434\u043b\u044f \u043f\u043b\u0430\u0432\u0430\u043d\u0438\u044f. \u0412\u044b\u0441\u043e\u043a\u043e\u043a\u0430\u0447\u0435\u0441\u0442\u0432\u0435\u043d\u043d\u044b\u0439 \u043c\u0430\u0442\u0435\u0440\u0438\u0430\u043b, \u043b\u0443\u0447\u0448\u0438\u0439 \u0432\u044b\u0431\u043e\u0440!","og_url":"https:\/\/xstyle.md\/ro\/produs\/kupalnyj-kostyum-aquasphere-essential-diamond-back-adj-black-yellow\/","og_site_name":"\u041c\u0430\u0433\u0430\u0437\u0438\u043d Xstyle","article_publisher":"https:\/\/www.facebook.com\/xstylemd","article_modified_time":"2026-03-17T16:00:07+00:00","og_image":[{"width":900,"height":900,"url":"https:\/\/xstyle.md\/wp-content\/uploads\/2024\/05\/aqualung-essential-diamond-back-adj-black-yellow.jpg","type":"image\/jpeg"}],"twitter_card":"summary_large_image","twitter_misc":{"Pre\u021b":"1.550&nbsp;MDL","Disponibilitate":"\u00cen stoc"},"schema":{"@context":"https:\/\/schema.org","@graph":[{"@type":"WebPage","@id":"https:\/\/xstyle.md\/product\/kupalnyj-kostyum-aquasphere-essential-diamond-back-adj-black-yellow\/","url":"https:\/\/xstyle.md\/product\/kupalnyj-kostyum-aquasphere-essential-diamond-back-adj-black-yellow\/","name":"Costumul de baie Aqua Sphere Essential Diamond Back ADJ Negru Galben - Magazin Xstyle","isPartOf":{"@id":"https:\/\/xstyle.md\/#website"},"primaryImageOfPage":{"@id":"https:\/\/xstyle.md\/product\/kupalnyj-kostyum-aquasphere-essential-diamond-back-adj-black-yellow\/#primaryimage"},"image":{"@id":"https:\/\/xstyle.md\/product\/kupalnyj-kostyum-aquasphere-essential-diamond-back-adj-black-yellow\/#primaryimage"},"thumbnailUrl":"https:\/\/xstyle.md\/wp-content\/uploads\/2024\/05\/aqualung-essential-diamond-back-adj-black-yellow.jpg","datePublished":"2024-05-10T10:35:57+00:00","dateModified":"2026-03-17T16:00:07+00:00","description":"Costumul de baie Aqua Sphere Essential Diamond Back ADJ Negru Galben: combina\u021bia perfect\u0103 \u00eentre stil \u0219i confort pentru \u00eenot. Material de \u00eenalt\u0103 calitate, cea mai bun\u0103 alegere!","breadcrumb":{"@id":"https:\/\/xstyle.md\/product\/kupalnyj-kostyum-aquasphere-essential-diamond-back-adj-black-yellow\/#breadcrumb"},"inLanguage":"ro-RO","potentialAction":[{"@type":"ReadAction","target":["https:\/\/xstyle.md\/product\/kupalnyj-kostyum-aquasphere-essential-diamond-back-adj-black-yellow\/"]}]},{"@type":"ImageObject","inLanguage":"ro-RO","@id":"https:\/\/xstyle.md\/product\/kupalnyj-kostyum-aquasphere-essential-diamond-back-adj-black-yellow\/#primaryimage","url":"https:\/\/xstyle.md\/wp-content\/uploads\/2024\/05\/aqualung-essential-diamond-back-adj-black-yellow.jpg","contentUrl":"https:\/\/xstyle.md\/wp-content\/uploads\/2024\/05\/aqualung-essential-diamond-back-adj-black-yellow.jpg","width":900,"height":900,"caption":"\u041a\u0443\u043f\u0430\u043b\u044c\u043d\u044b\u0439 \u043a\u043e\u0441\u0442\u044e\u043c Aqua Sphere Essential Diamond Back ADJ \u0427\u0435\u0440\u043d\u043e-\u0436\u0435\u043b\u0442\u044b\u0439 \u0434\u043b\u044f \u0430\u043a\u0442\u0438\u0432\u043d\u043e\u0433\u043e \u043e\u0442\u0434\u044b\u0445\u0430, \u043f\u043b\u0430\u0432\u0430\u043d\u0438\u044f, \u0442\u0440\u0435\u043a\u0438\u043d\u0433\u0430 \u0438 \u043f\u0443\u0442\u0435\u0448\u0435\u0441\u0442\u0432\u0438\u0439 \u0432 \u0438\u043d\u0442\u0435\u0440\u043d\u0435\u0442 \u043c\u0430\u0433\u0430\u0437\u0438\u043d\u0435 \u044d\u043a\u0438\u043f\u0438\u0440\u043e\u0432\u043a\u0438 \u0434\u043b\u044f \u0430\u043a\u0442\u0438\u0432\u043d\u043e\u0439 \u0436\u0438\u0437\u043d\u0438"},{"@type":"BreadcrumbList","@id":"https:\/\/xstyle.md\/product\/kupalnyj-kostyum-aquasphere-essential-diamond-back-adj-black-yellow\/#breadcrumb","itemListElement":[{"@type":"ListItem","position":1,"name":"\u0413\u043b\u0430\u0432\u043d\u0430\u044f \u0441\u0442\u0440\u0430\u043d\u0438\u0446\u0430","item":"https:\/\/xstyle.md\/"},{"@type":"ListItem","position":2,"name":"\u041c\u0430\u0433\u0430\u0437\u0438\u043d","item":"https:\/\/xstyle.md\/shop\/"},{"@type":"ListItem","position":3,"name":"\u041a\u0443\u043f\u0430\u043b\u044c\u043d\u044b\u0439 \u043a\u043e\u0441\u0442\u044e\u043c Aqua Sphere Essential Diamond Back ADJ Black Yellow"}]},{"@type":"WebSite","@id":"https:\/\/xstyle.md\/#website","url":"https:\/\/xstyle.md\/","name":"Magazinul X-Style","description":"Echipamente pentru turism \u0219i sporturi extreme \u00een Moldova. Pre\u021buri, fotografii, caracteristici \u00een Moldova.","publisher":{"@id":"https:\/\/xstyle.md\/#organization"},"alternateName":"X-Style","potentialAction":[{"@type":"SearchAction","target":{"@type":"EntryPoint","urlTemplate":"https:\/\/xstyle.md\/?s={search_term_string}"},"query-input":{"@type":"PropertyValueSpecification","valueRequired":true,"valueName":"search_term_string"}}],"inLanguage":"ro-RO"},{"@type":"Organization","@id":"https:\/\/xstyle.md\/#organization","name":"Magazinul X-Style","alternateName":"x-style","url":"https:\/\/xstyle.md\/","logo":{"@type":"ImageObject","inLanguage":"ro-RO","@id":"https:\/\/xstyle.md\/#\/schema\/logo\/image\/","url":"https:\/\/xstyle.md\/wp-content\/uploads\/2020\/06\/logoicon.svg","contentUrl":"https:\/\/xstyle.md\/wp-content\/uploads\/2020\/06\/logoicon.svg","caption":"\u041c\u0430\u0433\u0430\u0437\u0438\u043d Xstyle"},"image":{"@id":"https:\/\/xstyle.md\/#\/schema\/logo\/image\/"},"sameAs":["https:\/\/www.facebook.com\/xstylemd","https:\/\/www.instagram.com\/xstyle_md\/","https:\/\/t.me\/xstyle_outdoor"],"hasMerchantReturnPolicy":{"@type":"MerchantReturnPolicy","merchantReturnLink":"https:\/\/xstyle.md\/ro\/conditions\/"}}]},"product_price_amount":"1550.00","product_price_currency":"MDL","og_availability":"instock","product_availability":"instock","product_retailer_item_id":"3665771130713","product_condition":"new"},"post_mailing_queue_ids":[],"_links":{"self":[{"href":"https:\/\/xstyle.md\/ro\/wp-json\/wp\/v2\/product\/83044","targetHints":{"allow":["GET"]}}],"collection":[{"href":"https:\/\/xstyle.md\/ro\/wp-json\/wp\/v2\/product"}],"about":[{"href":"https:\/\/xstyle.md\/ro\/wp-json\/wp\/v2\/types\/product"}],"replies":[{"embeddable":true,"href":"https:\/\/xstyle.md\/ro\/wp-json\/wp\/v2\/comments?post=83044"}],"wp:featuredmedia":[{"embeddable":true,"href":"https:\/\/xstyle.md\/ro\/wp-json\/wp\/v2\/media\/83282"}],"wp:attachment":[{"href":"https:\/\/xstyle.md\/ro\/wp-json\/wp\/v2\/media?parent=83044"}],"wp:term":[{"taxonomy":"product_brand","embeddable":true,"href":"https:\/\/xstyle.md\/ro\/wp-json\/wp\/v2\/product_brand?post=83044"},{"taxonomy":"product_cat","embeddable":true,"href":"https:\/\/xstyle.md\/ro\/wp-json\/wp\/v2\/product_cat?post=83044"},{"taxonomy":"product_tag","embeddable":true,"href":"https:\/\/xstyle.md\/ro\/wp-json\/wp\/v2\/product_tag?post=83044"}],"curies":[{"name":"wp","href":"https:\/\/api.w.org\/{rel}","templated":true}]}}