{"id":82532,"date":"2024-04-25T14:26:35","date_gmt":"2024-04-25T11:26:35","guid":{"rendered":"https:\/\/xstyle.md\/?post_type=product&#038;p=82532"},"modified":"2026-03-19T17:20:11","modified_gmt":"2026-03-19T14:20:11","slug":"futbolka-scott-defined-merino-graphic-ss-wmn-metal-blue","status":"publish","type":"product","link":"https:\/\/xstyle.md\/ro\/produs\/futbolka-scott-defined-merino-graphic-ss-wmn-metal-blue\/","title":{"rendered":"Tricou Scott Defined Merino Graphic SS Wmn metal blue"},"content":{"rendered":"<p><strong>Scott Defined Merino Graphic SS<\/strong> &#8212; \u044d\u0442\u0430 \u0444\u0443\u0442\u0431\u043e\u043b\u043a\u0430 \u0438\u0434\u0435\u0430\u043b\u044c\u043d\u044b\u0439 \u0432\u044b\u0431\u043e\u0440 \u0434\u043b\u044f \u043f\u0440\u043e\u0445\u043b\u0430\u0434\u043d\u044b\u0445 \u0434\u043d\u0435\u0439. \u0415\u0435 \u043c\u043e\u0436\u043d\u043e \u043d\u043e\u0441\u0438\u0442\u044c \u043a\u0430\u043a \u0432 \u043a\u0430\u0447\u0435\u0441\u0442\u0432\u0435 \u043e\u0434\u043d\u043e\u0433\u043e \u0438\u0437 \u0441\u043b\u043e\u0435\u0432, \u0442\u0430\u043a \u0438 \u0441\u0430\u043c\u043e\u0441\u0442\u043e\u044f\u0442\u0435\u043b\u044c\u043d\u043e. \u041e\u043d\u0430 \u043e\u0431\u0435\u0441\u043f\u0435\u0447\u0438\u0432\u0430\u0435\u0442 \u043c\u0430\u043a\u0441\u0438\u043c\u0430\u043b\u044c\u043d\u0443\u044e \u0432\u043e\u0437\u0434\u0443\u0445\u043e\u043f\u0440\u043e\u043d\u0438\u0446\u0430\u0435\u043c\u043e\u0441\u0442\u044c \u0438 \u043e\u0442\u0432\u043e\u0434 \u0432\u043b\u0430\u0433\u0438, \u0430 \u0442\u0430\u043a\u0436\u0435 \u0441\u043e\u0433\u0440\u0435\u0432\u0430\u0435\u0442 \u0432 \u0433\u043e\u0440\u0430\u0445 \u0432 \u043b\u044e\u0431\u043e\u0435 \u0432\u0440\u0435\u043c\u044f \u0433\u043e\u0434\u0430.<\/p>\n<h3>Particularit\u0103\u021bi<\/h3>\n<ul>\n<li>\u041c\u0435\u0440\u0438\u043d\u043e\u0441 \u0441 \u043d\u0430\u0442\u0443\u0440\u0430\u043b\u044c\u043d\u044b\u043c\u0438 \u0441\u0432\u043e\u0439\u0441\u0442\u0432\u0430\u043c\u0438<\/li>\n<li>\u0415\u0441\u0442\u0435\u0441\u0442\u0432\u0435\u043d\u043d\u043e\u0435 \u0441\u043e\u0433\u0440\u0435\u0432\u0430\u043d\u0438\u0435 \u0438 \u043e\u0445\u043b\u0430\u0436\u0434\u0435\u043d\u0438\u0435<\/li>\n<li>\u041c\u0430\u043a\u0441\u0438\u043c\u0430\u043b\u044c\u043d\u0430\u044f \u0432\u043e\u0437\u0434\u0443\u0445\u043e\u043f\u0440\u043e\u043d\u0438\u0446\u0430\u0435\u043c\u043e\u0441\u0442\u044c \u0438 \u0437\u0430\u0449\u0438\u0442\u0430 \u043e\u0442 \u0432\u043b\u0430\u0433\u0438<\/li>\n<li>\u0421\u0435\u0437\u043e\u043d\u043d\u044b\u0439 \u0433\u0440\u0430\u0444\u0438\u0447\u0435\u0441\u043a\u0438\u0439 \u043f\u0440\u0438\u043d\u0442<\/li>\n<li>Guler rotund;<\/li>\n<\/ul>\n<h3>Caracteristici<\/h3>\n<ul>\n<li>\u041c\u0430\u0442\u0435\u0440\u0438\u0430\u043b \u2013 52% Merino Wool, 48% Lyocell<\/li>\n<li>Sezon - prim\u0103var\u0103\/var\u0103\/toamn\u0103;<\/li>\n<li>\u041f\u0440\u0438\u043c\u0435\u043d\u0435\u043d\u0438\u0435 \u2013 \u0430\u043a\u0442\u0438\u0432\u043d\u044b\u0439 \u043e\u0442\u0434\u044b\u0445\/ \u0442\u0440\u0435\u043a\u043a\u0438\u043d\u0433<\/li>\n<li>Model - pentru femei.<\/li>\n<\/ul>\n<h3>Tehnologie<\/h3>\n<ul>\n<li><strong>DRYOxcell<\/strong>\u00a0\u2013 \u0442\u0435\u0445\u043d\u043e\u043b\u043e\u0433\u0438\u044f \u0431\u044b\u0441\u0442\u0440\u043e\u0433\u043e \u0432\u044b\u0441\u044b\u0445\u0430\u043d\u0438\u044f, \u043a\u043e\u0442\u043e\u0440\u0430\u044f \u043e\u0442\u0432\u043e\u0434\u0438\u0442 \u0432\u043b\u0430\u0433\u0443 \u043e\u0442 \u043a\u043e\u0436\u0438 \u0438 \u0440\u0430\u0441\u043f\u0440\u0435\u0434\u0435\u043b\u044f\u0435\u0442 \u0435\u0435 \u0432 \u0442\u043a\u0430\u043d\u0438 \u043d\u0430 \u0431\u043e\u043b\u044c\u0448\u0435\u0439 \u043f\u043b\u043e\u0449\u0430\u0434\u0438, \u0437\u0430\u0449\u0438\u0449\u0430\u044f \u043e\u0442 \u043d\u0430\u0441\u044b\u0449\u0435\u043d\u0438\u044f. \u042d\u0442\u043e \u0443\u0441\u043a\u043e\u0440\u044f\u0435\u0442 \u0438\u0441\u043f\u0430\u0440\u0435\u043d\u0438\u0435 \u0438 \u0434\u0435\u043b\u0430\u0435\u0442 \u0432\u0430\u0441 \u0441\u0443\u0448\u0435 \u0434\u043e\u043b\u044c\u0448\u0435.<\/li>\n<li><strong>DUROxpand<\/strong> &#8212; \u0442\u043a\u0430\u043d\u044c, \u0440\u0430\u0441\u0442\u044f\u0433\u0438\u0432\u0430\u044e\u0449\u0430\u044f\u0441\u044f \u0432 \u0447\u0435\u0442\u044b\u0440\u0435 \u0441\u0442\u043e\u0440\u043e\u043d\u044b, \u043e\u0431\u0435\u0441\u043f\u0435\u0447\u0438\u0432\u0430\u0435\u0442 \u0441\u0432\u043e\u0431\u043e\u0434\u0443 \u0434\u0432\u0438\u0436\u0435\u043d\u0438\u0439 \u0438 \u0433\u0438\u0431\u043a\u043e\u0441\u0442\u044c \u0434\u043b\u044f \u043f\u0440\u0438\u043a\u043b\u044e\u0447\u0435\u043d\u0438\u0439, \u0442\u0440\u0435\u0431\u0443\u044e\u0449\u0438\u0445 \u0431\u043e\u043b\u044c\u0448\u0435\u0439 \u0441\u0432\u043e\u0431\u043e\u0434\u044b \u0434\u0432\u0438\u0436\u0435\u043d\u0438\u0439.<\/li>\n<li><strong>L\u00e2n\u0103 Merino<\/strong>\u00a0\u2014 este l\u00e2na oilor merinos din Australia care are caracteristici unice. Material natural, foarte moale, al c\u0103rui centru de fibre este higroscopic. Un astfel de material se va \u00eenc\u0103lzi chiar \u0219i atunci c\u00e2nd este umed \u0219i izoleaz\u0103 umiditatea de pe piele. Aceast\u0103 tehnologie v\u0103 va ajuta s\u0103 rezista\u021bi chiar \u0219i la temperaturi foarte sc\u0103zute. Datorit\u0103 lungimii mari (65-100 mm) \u0219i a diametrului mic (mai pu\u021bin de 24 de microni), firul este foarte sub\u021bire, iar materialul \u00een sine are o termoreglare excelent\u0103 cu \u00eendepartarea transpira\u021biei, ceea ce permite pielii s\u0103 respire.<\/li>\n<\/ul>\n<h3>Marca<\/h3>\n<p>Scott Sports - este un brand elve\u021bian premium cu o istorie de peste 60 de ani, fiind renumit \u00een special pentru produc\u021bia celor mai u\u0219oare biciclete din lume. Lider \u00een industria mondial\u0103 a ciclismului, compania creeaz\u0103 biciclete pe care concureaz\u0103 \u0219i c\u00e2\u0219tig\u0103 cei mai buni atle\u021bi ai planetei. Pe l\u00e2ng\u0103 acestea, Scott este una dintre pu\u021binele companii care ofer\u0103 o gam\u0103 variat\u0103 de echipamente suplimentare: \u00eembr\u0103c\u0103minte, \u00eenc\u0103l\u021b\u0103minte \u0219i accesorii pentru ciclism. Produsele lor sunt caracterizate prin tehnologie avansat\u0103, stil, confort \u0219i fiabilitate. Cu Scott, ave\u021bi posibilitatea de a v\u0103 echipa complet folosind produsele unuia dintre cele mai bune branduri sportive din lume.<\/p>","protected":false},"excerpt":{"rendered":"<p>Scott Defined Merino Graphic SS &#8212; \u044d\u0442\u0430 \u0444\u0443\u0442\u0431\u043e\u043b\u043a\u0430 \u0438\u0434\u0435\u0430\u043b\u044c\u043d\u044b\u0439 \u0432\u044b\u0431\u043e\u0440 \u0434\u043b\u044f \u043f\u0440\u043e\u0445\u043b\u0430\u0434\u043d\u044b\u0445 \u0434\u043d\u0435\u0439. \u0415\u0435 \u043c\u043e\u0436\u043d\u043e \u043d\u043e\u0441\u0438\u0442\u044c \u043a\u0430\u043a \u0432 \u043a\u0430\u0447\u0435\u0441\u0442\u0432\u0435 \u043e\u0434\u043d\u043e\u0433\u043e \u0438\u0437 \u0441\u043b\u043e\u0435\u0432, \u0442\u0430\u043a \u0438 \u0441\u0430\u043c\u043e\u0441\u0442\u043e\u044f\u0442\u0435\u043b\u044c\u043d\u043e. \u041e\u043d\u0430 \u043e\u0431\u0435\u0441\u043f\u0435\u0447\u0438\u0432\u0430\u0435\u0442 \u043c\u0430\u043a\u0441\u0438\u043c\u0430\u043b\u044c\u043d\u0443\u044e \u0432\u043e\u0437\u0434\u0443\u0445\u043e\u043f\u0440\u043e\u043d\u0438\u0446\u0430\u0435\u043c\u043e\u0441\u0442\u044c \u0438 \u043e\u0442\u0432\u043e\u0434 \u0432\u043b\u0430\u0433\u0438, \u0430 \u0442\u0430\u043a\u0436\u0435 \u0441\u043e\u0433\u0440\u0435\u0432\u0430\u0435\u0442 \u0432 \u0433\u043e\u0440\u0430\u0445 \u0432 \u043b\u044e\u0431\u043e\u0435 \u0432\u0440\u0435\u043c\u044f \u0433\u043e\u0434\u0430. \u041e\u0441\u043e\u0431\u0435\u043d\u043d\u043e\u0441\u0442\u0438 \u041c\u0435\u0440\u0438\u043d\u043e\u0441 \u0441 \u043d\u0430\u0442\u0443\u0440\u0430\u043b\u044c\u043d\u044b\u043c\u0438 \u0441\u0432\u043e\u0439\u0441\u0442\u0432\u0430\u043c\u0438 \u0415\u0441\u0442\u0435\u0441\u0442\u0432\u0435\u043d\u043d\u043e\u0435 \u0441\u043e\u0433\u0440\u0435\u0432\u0430\u043d\u0438\u0435 \u0438 \u043e\u0445\u043b\u0430\u0436\u0434\u0435\u043d\u0438\u0435 \u041c\u0430\u043a\u0441\u0438\u043c\u0430\u043b\u044c\u043d\u0430\u044f \u0432\u043e\u0437\u0434\u0443\u0445\u043e\u043f\u0440\u043e\u043d\u0438\u0446\u0430\u0435\u043c\u043e\u0441\u0442\u044c \u0438 \u0437\u0430\u0449\u0438\u0442\u0430 \u043e\u0442 [&hellip;]<\/p>\n","protected":false},"featured_media":82811,"comment_status":"open","ping_status":"closed","template":"","meta":{"_acf_changed":false,"inline_featured_image":false},"product_brand":[1467],"product_cat":[880],"product_tag":[],"class_list":{"0":"post-82532","1":"product","2":"type-product","3":"status-publish","4":"has-post-thumbnail","6":"product_brand-scott","7":"product_cat-short-sleeve-women","9":"first","10":"instock","11":"shipping-taxable","12":"purchasable","13":"product-type-simple"},"acf":[],"yoast_head":"<!-- This site is optimized with the Yoast SEO plugin v27.2 - https:\/\/yoast.com\/product\/yoast-seo-wordpress\/ -->\n<title>\u0424\u0443\u0442\u0431\u043e\u043b\u043a\u0430 Scott Defined Merino Graphic SS Wmn metal blue - \u041c\u0430\u0433\u0430\u0437\u0438\u043d Xstyle<\/title>\n<meta name=\"description\" content=\"\u041a\u0443\u043f\u0438\u0442\u0435 \u0444\u0443\u0442\u0431\u043e\u043b\u043a\u0443 Scott Defined Merino Graphic SS Wmn \u0432 \u0446\u0432\u0435\u0442\u0435 \u043c\u0435\u0442\u0430\u043b\u043b\u0438\u043a \u0441\u0438\u043d\u0438\u0439! \u0421\u043e\u0432\u043c\u0435\u0441\u0442\u0438\u0442\u0435 \u0441\u0442\u0438\u043b\u044c \u0438 \u043a\u043e\u043c\u0444\u043e\u0440\u0442 \u0441 \u0432\u044b\u0441\u043e\u043a\u043e\u043a\u0430\u0447\u0435\u0441\u0442\u0432\u0435\u043d\u043d\u044b\u043c \u043c\u0435\u0440\u0438\u043d\u043e\u0441\u043e\u0432\u044b\u043c \u0432\u043e\u043b\u043e\u043a\u043d\u043e\u043c.\" \/>\n<meta name=\"robots\" content=\"index, follow, max-snippet:-1, max-image-preview:large, max-video-preview:-1\" \/>\n<link rel=\"canonical\" href=\"https:\/\/xstyle.md\/ro\/produs\/futbolka-scott-defined-merino-graphic-ss-wmn-metal-blue\/\" \/>\n<meta property=\"og:locale\" content=\"ro_RO\" \/>\n<meta property=\"og:type\" content=\"article\" \/>\n<meta property=\"og:title\" content=\"\u0424\u0443\u0442\u0431\u043e\u043b\u043a\u0430 Scott Defined Merino Graphic SS Wmn metal blue - \u041c\u0430\u0433\u0430\u0437\u0438\u043d Xstyle\" \/>\n<meta property=\"og:description\" content=\"\u041a\u0443\u043f\u0438\u0442\u0435 \u0444\u0443\u0442\u0431\u043e\u043b\u043a\u0443 Scott Defined Merino Graphic SS Wmn \u0432 \u0446\u0432\u0435\u0442\u0435 \u043c\u0435\u0442\u0430\u043b\u043b\u0438\u043a \u0441\u0438\u043d\u0438\u0439! \u0421\u043e\u0432\u043c\u0435\u0441\u0442\u0438\u0442\u0435 \u0441\u0442\u0438\u043b\u044c \u0438 \u043a\u043e\u043c\u0444\u043e\u0440\u0442 \u0441 \u0432\u044b\u0441\u043e\u043a\u043e\u043a\u0430\u0447\u0435\u0441\u0442\u0432\u0435\u043d\u043d\u044b\u043c \u043c\u0435\u0440\u0438\u043d\u043e\u0441\u043e\u0432\u044b\u043c \u0432\u043e\u043b\u043e\u043a\u043d\u043e\u043c.\" \/>\n<meta property=\"og:url\" content=\"https:\/\/xstyle.md\/ro\/produs\/futbolka-scott-defined-merino-graphic-ss-wmn-metal-blue\/\" \/>\n<meta property=\"og:site_name\" content=\"\u041c\u0430\u0433\u0430\u0437\u0438\u043d Xstyle\" \/>\n<meta property=\"article:publisher\" content=\"https:\/\/www.facebook.com\/xstylemd\" \/>\n<meta property=\"article:modified_time\" content=\"2026-03-19T14:20:11+00:00\" \/>\n<meta property=\"og:image\" content=\"https:\/\/xstyle.md\/wp-content\/uploads\/2024\/04\/scott-defined-merino-graphic-ss-wmn-metal-blue.jpg\" \/>\n\t<meta property=\"og:image:width\" content=\"2162\" \/>\n\t<meta property=\"og:image:height\" content=\"2138\" \/>\n\t<meta property=\"og:image:type\" content=\"image\/jpeg\" \/>\n<meta name=\"twitter:card\" content=\"summary_large_image\" \/>\n<meta name=\"twitter:label1\" content=\"Pre\u021b\" \/>\n\t<meta name=\"twitter:data1\" content=\"1.650&nbsp;MDL\" \/>\n\t<meta name=\"twitter:label2\" content=\"Disponibilitate\" \/>\n\t<meta name=\"twitter:data2\" content=\"\u00cen stoc\" \/>\n<script type=\"application\/ld+json\" class=\"yoast-schema-graph\">{\"@context\":\"https:\/\/schema.org\",\"@graph\":[{\"@type\":\"WebPage\",\"@id\":\"https:\/\/xstyle.md\/product\/futbolka-scott-defined-merino-graphic-ss-wmn-metal-blue\/\",\"url\":\"https:\/\/xstyle.md\/product\/futbolka-scott-defined-merino-graphic-ss-wmn-metal-blue\/\",\"name\":\"\u0424\u0443\u0442\u0431\u043e\u043b\u043a\u0430 Scott Defined Merino Graphic SS Wmn metal blue - \u041c\u0430\u0433\u0430\u0437\u0438\u043d Xstyle\",\"isPartOf\":{\"@id\":\"https:\/\/xstyle.md\/#website\"},\"primaryImageOfPage\":{\"@id\":\"https:\/\/xstyle.md\/product\/futbolka-scott-defined-merino-graphic-ss-wmn-metal-blue\/#primaryimage\"},\"image\":{\"@id\":\"https:\/\/xstyle.md\/product\/futbolka-scott-defined-merino-graphic-ss-wmn-metal-blue\/#primaryimage\"},\"thumbnailUrl\":\"https:\/\/xstyle.md\/wp-content\/uploads\/2024\/04\/scott-defined-merino-graphic-ss-wmn-metal-blue.jpg\",\"datePublished\":\"2024-04-25T11:26:35+00:00\",\"dateModified\":\"2026-03-19T14:20:11+00:00\",\"description\":\"\u041a\u0443\u043f\u0438\u0442\u0435 \u0444\u0443\u0442\u0431\u043e\u043b\u043a\u0443 Scott Defined Merino Graphic SS Wmn \u0432 \u0446\u0432\u0435\u0442\u0435 \u043c\u0435\u0442\u0430\u043b\u043b\u0438\u043a \u0441\u0438\u043d\u0438\u0439! \u0421\u043e\u0432\u043c\u0435\u0441\u0442\u0438\u0442\u0435 \u0441\u0442\u0438\u043b\u044c \u0438 \u043a\u043e\u043c\u0444\u043e\u0440\u0442 \u0441 \u0432\u044b\u0441\u043e\u043a\u043e\u043a\u0430\u0447\u0435\u0441\u0442\u0432\u0435\u043d\u043d\u044b\u043c \u043c\u0435\u0440\u0438\u043d\u043e\u0441\u043e\u0432\u044b\u043c \u0432\u043e\u043b\u043e\u043a\u043d\u043e\u043c.\",\"breadcrumb\":{\"@id\":\"https:\/\/xstyle.md\/product\/futbolka-scott-defined-merino-graphic-ss-wmn-metal-blue\/#breadcrumb\"},\"inLanguage\":\"ro-RO\",\"potentialAction\":[{\"@type\":\"ReadAction\",\"target\":[\"https:\/\/xstyle.md\/product\/futbolka-scott-defined-merino-graphic-ss-wmn-metal-blue\/\"]}]},{\"@type\":\"ImageObject\",\"inLanguage\":\"ro-RO\",\"@id\":\"https:\/\/xstyle.md\/product\/futbolka-scott-defined-merino-graphic-ss-wmn-metal-blue\/#primaryimage\",\"url\":\"https:\/\/xstyle.md\/wp-content\/uploads\/2024\/04\/scott-defined-merino-graphic-ss-wmn-metal-blue.jpg\",\"contentUrl\":\"https:\/\/xstyle.md\/wp-content\/uploads\/2024\/04\/scott-defined-merino-graphic-ss-wmn-metal-blue.jpg\",\"width\":1920,\"height\":1899,\"caption\":\"\u0416\u0435\u043d\u0441\u043a\u0430\u044f \u0444\u0443\u0442\u0431\u043e\u043b\u043a\u0430 Scott Defined Merino Graphic SS Wmn \u043c\u0435\u0442\u0430\u043b\u043b\u0438\u0447\u0435\u0441\u043a\u0438\u0439 \u0441\u0438\u043d\u0438\u0439 \u0434\u043b\u044f \u0430\u043a\u0442\u0438\u0432\u043d\u043e\u0433\u043e \u043e\u0442\u0434\u044b\u0445\u0430 \u043f\u043e\u0445\u043e\u0434\u043e\u0432 \u043f\u0443\u0442\u0435\u0448\u0435\u0441\u0442\u0432\u0438\u0439 \u0438 \u0437\u0430\u043d\u044f\u0442\u0438\u0439 \u0441\u043f\u043e\u0440\u0442\u043e\u043c \u0432 \u0438\u043d\u0442\u0435\u0440\u043d\u0435\u0442-\u043c\u0430\u0433\u0430\u0437\u0438\u043d\u0435 \u043e\u0434\u0435\u0436\u0434\u044b \u0434\u043b\u044f \u0430\u043a\u0442\u0438\u0432\u043d\u043e\u0439 \u0436\u0438\u0437\u043d\u0438\"},{\"@type\":\"BreadcrumbList\",\"@id\":\"https:\/\/xstyle.md\/product\/futbolka-scott-defined-merino-graphic-ss-wmn-metal-blue\/#breadcrumb\",\"itemListElement\":[{\"@type\":\"ListItem\",\"position\":1,\"name\":\"\u0413\u043b\u0430\u0432\u043d\u0430\u044f \u0441\u0442\u0440\u0430\u043d\u0438\u0446\u0430\",\"item\":\"https:\/\/xstyle.md\/\"},{\"@type\":\"ListItem\",\"position\":2,\"name\":\"\u041c\u0430\u0433\u0430\u0437\u0438\u043d\",\"item\":\"https:\/\/xstyle.md\/shop\/\"},{\"@type\":\"ListItem\",\"position\":3,\"name\":\"\u0424\u0443\u0442\u0431\u043e\u043b\u043a\u0430 Scott Defined Merino Graphic SS Wmn metal blue\"}]},{\"@type\":\"WebSite\",\"@id\":\"https:\/\/xstyle.md\/#website\",\"url\":\"https:\/\/xstyle.md\/\",\"name\":\"\u041c\u0430\u0433\u0430\u0437\u0438\u043d Xstyle\",\"description\":\"C\u043d\u0430\u0440\u044f\u0436\u0435\u043d\u0438\u0435 \u0434\u043b\u044f \u0442\u0443\u0440\u0438\u0437\u043c\u0430 \u0438 \u044d\u043a\u0441\u0442\u0440\u0435\u043c\u0430\u043b\u044c\u043d\u044b\u0445 \u0432\u0438\u0434\u043e\u0432 \u0441\u043f\u043e\u0440\u0442\u0430 \u0432 \u041c\u043e\u043b\u0434\u043e\u0432\u0435.. \u0426\u0435\u043d\u044b, \u0444\u043e\u0442\u043e, \u0445\u0430\u0440\u0430\u043a\u0442\u0435\u0440\u0438\u0441\u0442\u0438\u043a\u0438 \u0432 \u041c\u043e\u043b\u0434\u043e\u0432\u0435.\",\"publisher\":{\"@id\":\"https:\/\/xstyle.md\/#organization\"},\"alternateName\":\"X-Style\",\"potentialAction\":[{\"@type\":\"SearchAction\",\"target\":{\"@type\":\"EntryPoint\",\"urlTemplate\":\"https:\/\/xstyle.md\/?s={search_term_string}\"},\"query-input\":{\"@type\":\"PropertyValueSpecification\",\"valueRequired\":true,\"valueName\":\"search_term_string\"}}],\"inLanguage\":\"ro-RO\"},{\"@type\":\"Organization\",\"@id\":\"https:\/\/xstyle.md\/#organization\",\"name\":\"\u041c\u0430\u0433\u0430\u0437\u0438\u043d Xstyle\",\"alternateName\":\"x-style\",\"url\":\"https:\/\/xstyle.md\/\",\"logo\":{\"@type\":\"ImageObject\",\"inLanguage\":\"ro-RO\",\"@id\":\"https:\/\/xstyle.md\/#\/schema\/logo\/image\/\",\"url\":\"https:\/\/xstyle.md\/wp-content\/uploads\/2020\/06\/logoicon.svg\",\"contentUrl\":\"https:\/\/xstyle.md\/wp-content\/uploads\/2020\/06\/logoicon.svg\",\"caption\":\"\u041c\u0430\u0433\u0430\u0437\u0438\u043d Xstyle\"},\"image\":{\"@id\":\"https:\/\/xstyle.md\/#\/schema\/logo\/image\/\"},\"sameAs\":[\"https:\/\/www.facebook.com\/xstylemd\",\"https:\/\/www.instagram.com\/xstyle_md\/\",\"https:\/\/t.me\/xstyle_outdoor\"],\"hasMerchantReturnPolicy\":{\"@type\":\"MerchantReturnPolicy\",\"merchantReturnLink\":\"https:\/\/xstyle.md\/ro\/conditions\/\"}}]}<\/script>\n<meta property=\"product:price:amount\" content=\"1650.00\" \/>\n<meta property=\"product:price:currency\" content=\"MDL\" \/>\n<meta property=\"og:availability\" content=\"instock\" \/>\n<meta property=\"product:availability\" content=\"instock\" \/>\n<meta property=\"product:retailer_item_id\" content=\"7615523971770\" \/>\n<meta property=\"product:condition\" content=\"new\" \/>\n<!-- \/ Yoast SEO plugin. -->","yoast_head_json":{"title":"Tricou Scott Defined Merino Graphic SS Wmn metal blue - Magazin Xstyle","description":"Cump\u0103ra\u021bi tricoul Scott Defined Merino Graphic SS Wmn \u00een culoarea metalic\u0103 albastr\u0103! Combina\u021bi stilul \u0219i confortul cu fibra de l\u00e2n\u0103 merinos de \u00eenalt\u0103 calitate.","robots":{"index":"index","follow":"follow","max-snippet":"max-snippet:-1","max-image-preview":"max-image-preview:large","max-video-preview":"max-video-preview:-1"},"canonical":"https:\/\/xstyle.md\/ro\/produs\/futbolka-scott-defined-merino-graphic-ss-wmn-metal-blue\/","og_locale":"ro_RO","og_type":"article","og_title":"\u0424\u0443\u0442\u0431\u043e\u043b\u043a\u0430 Scott Defined Merino Graphic SS Wmn metal blue - \u041c\u0430\u0433\u0430\u0437\u0438\u043d Xstyle","og_description":"\u041a\u0443\u043f\u0438\u0442\u0435 \u0444\u0443\u0442\u0431\u043e\u043b\u043a\u0443 Scott Defined Merino Graphic SS Wmn \u0432 \u0446\u0432\u0435\u0442\u0435 \u043c\u0435\u0442\u0430\u043b\u043b\u0438\u043a \u0441\u0438\u043d\u0438\u0439! \u0421\u043e\u0432\u043c\u0435\u0441\u0442\u0438\u0442\u0435 \u0441\u0442\u0438\u043b\u044c \u0438 \u043a\u043e\u043c\u0444\u043e\u0440\u0442 \u0441 \u0432\u044b\u0441\u043e\u043a\u043e\u043a\u0430\u0447\u0435\u0441\u0442\u0432\u0435\u043d\u043d\u044b\u043c \u043c\u0435\u0440\u0438\u043d\u043e\u0441\u043e\u0432\u044b\u043c \u0432\u043e\u043b\u043e\u043a\u043d\u043e\u043c.","og_url":"https:\/\/xstyle.md\/ro\/produs\/futbolka-scott-defined-merino-graphic-ss-wmn-metal-blue\/","og_site_name":"\u041c\u0430\u0433\u0430\u0437\u0438\u043d Xstyle","article_publisher":"https:\/\/www.facebook.com\/xstylemd","article_modified_time":"2026-03-19T14:20:11+00:00","og_image":[{"width":2162,"height":2138,"url":"https:\/\/xstyle.md\/wp-content\/uploads\/2024\/04\/scott-defined-merino-graphic-ss-wmn-metal-blue.jpg","type":"image\/jpeg"}],"twitter_card":"summary_large_image","twitter_misc":{"Pre\u021b":"1.650&nbsp;MDL","Disponibilitate":"\u00cen stoc"},"schema":{"@context":"https:\/\/schema.org","@graph":[{"@type":"WebPage","@id":"https:\/\/xstyle.md\/product\/futbolka-scott-defined-merino-graphic-ss-wmn-metal-blue\/","url":"https:\/\/xstyle.md\/product\/futbolka-scott-defined-merino-graphic-ss-wmn-metal-blue\/","name":"Tricou Scott Defined Merino Graphic SS Wmn metal blue - Magazin Xstyle","isPartOf":{"@id":"https:\/\/xstyle.md\/#website"},"primaryImageOfPage":{"@id":"https:\/\/xstyle.md\/product\/futbolka-scott-defined-merino-graphic-ss-wmn-metal-blue\/#primaryimage"},"image":{"@id":"https:\/\/xstyle.md\/product\/futbolka-scott-defined-merino-graphic-ss-wmn-metal-blue\/#primaryimage"},"thumbnailUrl":"https:\/\/xstyle.md\/wp-content\/uploads\/2024\/04\/scott-defined-merino-graphic-ss-wmn-metal-blue.jpg","datePublished":"2024-04-25T11:26:35+00:00","dateModified":"2026-03-19T14:20:11+00:00","description":"Cump\u0103ra\u021bi tricoul Scott Defined Merino Graphic SS Wmn \u00een culoarea metalic\u0103 albastr\u0103! Combina\u021bi stilul \u0219i confortul cu fibra de l\u00e2n\u0103 merinos de \u00eenalt\u0103 calitate.","breadcrumb":{"@id":"https:\/\/xstyle.md\/product\/futbolka-scott-defined-merino-graphic-ss-wmn-metal-blue\/#breadcrumb"},"inLanguage":"ro-RO","potentialAction":[{"@type":"ReadAction","target":["https:\/\/xstyle.md\/product\/futbolka-scott-defined-merino-graphic-ss-wmn-metal-blue\/"]}]},{"@type":"ImageObject","inLanguage":"ro-RO","@id":"https:\/\/xstyle.md\/product\/futbolka-scott-defined-merino-graphic-ss-wmn-metal-blue\/#primaryimage","url":"https:\/\/xstyle.md\/wp-content\/uploads\/2024\/04\/scott-defined-merino-graphic-ss-wmn-metal-blue.jpg","contentUrl":"https:\/\/xstyle.md\/wp-content\/uploads\/2024\/04\/scott-defined-merino-graphic-ss-wmn-metal-blue.jpg","width":1920,"height":1899,"caption":"\u0416\u0435\u043d\u0441\u043a\u0430\u044f \u0444\u0443\u0442\u0431\u043e\u043b\u043a\u0430 Scott Defined Merino Graphic SS Wmn \u043c\u0435\u0442\u0430\u043b\u043b\u0438\u0447\u0435\u0441\u043a\u0438\u0439 \u0441\u0438\u043d\u0438\u0439 \u0434\u043b\u044f \u0430\u043a\u0442\u0438\u0432\u043d\u043e\u0433\u043e \u043e\u0442\u0434\u044b\u0445\u0430 \u043f\u043e\u0445\u043e\u0434\u043e\u0432 \u043f\u0443\u0442\u0435\u0448\u0435\u0441\u0442\u0432\u0438\u0439 \u0438 \u0437\u0430\u043d\u044f\u0442\u0438\u0439 \u0441\u043f\u043e\u0440\u0442\u043e\u043c \u0432 \u0438\u043d\u0442\u0435\u0440\u043d\u0435\u0442-\u043c\u0430\u0433\u0430\u0437\u0438\u043d\u0435 \u043e\u0434\u0435\u0436\u0434\u044b \u0434\u043b\u044f \u0430\u043a\u0442\u0438\u0432\u043d\u043e\u0439 \u0436\u0438\u0437\u043d\u0438"},{"@type":"BreadcrumbList","@id":"https:\/\/xstyle.md\/product\/futbolka-scott-defined-merino-graphic-ss-wmn-metal-blue\/#breadcrumb","itemListElement":[{"@type":"ListItem","position":1,"name":"\u0413\u043b\u0430\u0432\u043d\u0430\u044f \u0441\u0442\u0440\u0430\u043d\u0438\u0446\u0430","item":"https:\/\/xstyle.md\/"},{"@type":"ListItem","position":2,"name":"\u041c\u0430\u0433\u0430\u0437\u0438\u043d","item":"https:\/\/xstyle.md\/shop\/"},{"@type":"ListItem","position":3,"name":"\u0424\u0443\u0442\u0431\u043e\u043b\u043a\u0430 Scott Defined Merino Graphic SS Wmn metal blue"}]},{"@type":"WebSite","@id":"https:\/\/xstyle.md\/#website","url":"https:\/\/xstyle.md\/","name":"Magazinul X-Style","description":"Echipamente pentru turism \u0219i sporturi extreme \u00een Moldova. Pre\u021buri, fotografii, caracteristici \u00een Moldova.","publisher":{"@id":"https:\/\/xstyle.md\/#organization"},"alternateName":"X-Style","potentialAction":[{"@type":"SearchAction","target":{"@type":"EntryPoint","urlTemplate":"https:\/\/xstyle.md\/?s={search_term_string}"},"query-input":{"@type":"PropertyValueSpecification","valueRequired":true,"valueName":"search_term_string"}}],"inLanguage":"ro-RO"},{"@type":"Organization","@id":"https:\/\/xstyle.md\/#organization","name":"Magazinul X-Style","alternateName":"x-style","url":"https:\/\/xstyle.md\/","logo":{"@type":"ImageObject","inLanguage":"ro-RO","@id":"https:\/\/xstyle.md\/#\/schema\/logo\/image\/","url":"https:\/\/xstyle.md\/wp-content\/uploads\/2020\/06\/logoicon.svg","contentUrl":"https:\/\/xstyle.md\/wp-content\/uploads\/2020\/06\/logoicon.svg","caption":"\u041c\u0430\u0433\u0430\u0437\u0438\u043d Xstyle"},"image":{"@id":"https:\/\/xstyle.md\/#\/schema\/logo\/image\/"},"sameAs":["https:\/\/www.facebook.com\/xstylemd","https:\/\/www.instagram.com\/xstyle_md\/","https:\/\/t.me\/xstyle_outdoor"],"hasMerchantReturnPolicy":{"@type":"MerchantReturnPolicy","merchantReturnLink":"https:\/\/xstyle.md\/ro\/conditions\/"}}]},"product_price_amount":"1650.00","product_price_currency":"MDL","og_availability":"instock","product_availability":"instock","product_retailer_item_id":"7615523971770","product_condition":"new"},"post_mailing_queue_ids":[],"_links":{"self":[{"href":"https:\/\/xstyle.md\/ro\/wp-json\/wp\/v2\/product\/82532","targetHints":{"allow":["GET"]}}],"collection":[{"href":"https:\/\/xstyle.md\/ro\/wp-json\/wp\/v2\/product"}],"about":[{"href":"https:\/\/xstyle.md\/ro\/wp-json\/wp\/v2\/types\/product"}],"replies":[{"embeddable":true,"href":"https:\/\/xstyle.md\/ro\/wp-json\/wp\/v2\/comments?post=82532"}],"wp:featuredmedia":[{"embeddable":true,"href":"https:\/\/xstyle.md\/ro\/wp-json\/wp\/v2\/media\/82811"}],"wp:attachment":[{"href":"https:\/\/xstyle.md\/ro\/wp-json\/wp\/v2\/media?parent=82532"}],"wp:term":[{"taxonomy":"product_brand","embeddable":true,"href":"https:\/\/xstyle.md\/ro\/wp-json\/wp\/v2\/product_brand?post=82532"},{"taxonomy":"product_cat","embeddable":true,"href":"https:\/\/xstyle.md\/ro\/wp-json\/wp\/v2\/product_cat?post=82532"},{"taxonomy":"product_tag","embeddable":true,"href":"https:\/\/xstyle.md\/ro\/wp-json\/wp\/v2\/product_tag?post=82532"}],"curies":[{"name":"wp","href":"https:\/\/api.w.org\/{rel}","templated":true}]}}