{"id":82522,"date":"2024-04-25T14:26:33","date_gmt":"2024-04-25T11:26:33","guid":{"rendered":"https:\/\/xstyle.md\/?post_type=product&#038;p=82522"},"modified":"2026-03-14T21:51:48","modified_gmt":"2026-03-14T18:51:48","slug":"krossovki-scott-supertrac-3-black-slate-grey","status":"publish","type":"product","link":"https:\/\/xstyle.md\/ro\/produs\/krossovki-scott-supertrac-3-black-slate-grey\/","title":{"rendered":"Adida\u0219i Scott Supertrac 3 black\/slate grey"},"content":{"rendered":"<\/p>\n<p><strong>Scott Supertrac 3<\/strong> \u2013 adidasi populari de alergare montan\u0103 care v\u0103 permite s\u0103 dep\u0103\u0219i\u021bi orice obstacol \u00een mun\u021bi \u0219i pe terenuri dificile. Materialul superior unic \u0219i banda de rulare All Terrain Traction asigur\u0103 o potrivire confortabil\u0103 \u0219i o aderen\u021b\u0103 excelent\u0103. Partea superioar\u0103 este fabricat\u0103 din nailon ripstop rezistent la abraziune ridicat\u0103. Forma rocker unic\u0103 a eRIDE ofer\u0103 o talp\u0103 mai stabil\u0103 \u00een partea anterioar\u0103 a piciorului, promov\u00e2nd stilul de alergare mai rapid \u0219i mai eficient pe care alerg\u0103torii \u00eel urm\u0103resc. Indiferent de stilul t\u0103u, eRIDE ofer\u0103 o experien\u021b\u0103 de alergare mai dinamic\u0103, reduc\u00e2nd efectele ateriz\u0103rilor cu c\u0103lc\u00e2iul \u0219i cresc\u00e2nd eficien\u021ba alerg\u0103rii. Talpa intermediar\u0103 AeroFoam+ amortizeaz\u0103 vibra\u021biile \u0219i stabilizeaz\u0103 alergarea.<\/p>\n<h3>Particularit\u0103\u021bi<\/h3>\n<ul>\n<li>Partea superioar\u0103 din plas\u0103 Ripstop<\/li>\n<li>Spuma t\u0103lpii exterioare AeroFoam+ reduce vibra\u021biile \u0219i \u00ee\u021bi stabilizeaz\u0103 alergarea<\/li>\n<li>Talpa u\u0219oar\u0103 eRIDE este preg\u0103tit\u0103 pentru orice provocare pe drumuri asfaltate uscate \u0219i umede<\/li>\n<li>Protec\u021bie la v\u00e2rf<\/li>\n<li>Cu\u0219c\u0103 de sus\u021binere din poliuretan termoplastic<\/li>\n<li>Limb\u0103 anatomic\u0103 formabil\u0103 (sistem de blocare)<\/li>\n<li>Banda de rulare All Terrain Traction pentru o aderen\u021b\u0103 excelent\u0103 pe toate suprafe\u021bele<\/li>\n<li>Amortizare spate eficient\u0103 pentru antrenamente profesionale<\/li>\n<\/ul>\n<h3>Caracteristici<\/h3>\n<ul>\n<li>Material superior &#8212; plas\u0103 respirabil\u0103<\/li>\n<li>Talp\u0103 interioar\u0103 &#8212; OrthoLite\u00ae X40\u2122<\/li>\n<li>Talp\u0103 intermediar\u0103 &#8212; eRIDE, AeroFoam+<\/li>\n<li>Talp\u0103 exterioar\u0103 &#8212; All Terrain Traction<\/li>\n<li>Destina\u021bie &#8212; alergare\/antrenament de jogging<\/li>\n<li>Greutate &#8212; 290g<\/li>\n<\/ul>\n<h3>Tehnologie<\/h3>\n<ul>\n<li><strong>eRIDE<\/strong> \u2013 forma rocker unic\u0103 ofer\u0103 un antepicior mai stabil, promov\u00e2nd stilul de alergare mai rapid \u0219i mai eficient pe care alerg\u0103torii \u00eel urm\u0103resc. Indiferent de stilul t\u0103u, eRide ofer\u0103 o experien\u021b\u0103 de alergare mai dinamic\u0103, reduc\u00e2nd efectele ateriz\u0103rilor cu c\u0103lc\u00e2iul \u0219i cresc\u00e2nd eficien\u021ba alerg\u0103rii.<\/li>\n<li><strong>AeroFoam+<\/strong> \u2013 spum\u0103 care ofer\u0103 amortizare a vibra\u021biilor \u0219i stabilizare. Aceast\u0103 tehnologie este utilizat\u0103 \u00een majoritatea pantofilor de trail running SCOTT. Talp\u0103 robust\u0103 cu r\u0103spuns dinamic \u0219i confortabil \u0219i control eficient al fiec\u0103rui pas.<\/li>\n<li><strong>All Terrain Traction<\/strong> \u2013 designul unic al benzii de rulare v\u0103 permite s\u0103 accelera\u021bi \u0219i s\u0103 fr\u00e2na\u021bi cu \u00eencredere \u00een noroi ad\u00e2nc, precum \u0219i pe traseele tehnice des \u00eent\u00e2lnite \u00een cursele montane de 100 de mile. Elementele benzii de rulare sunt pozi\u021bionate \u00een a\u0219a fel \u00eenc\u00e2t aderen\u021ba s\u0103 func\u021bioneze pe majoritatea suprafe\u021belor, indiferent de stilul t\u0103u de alergare. Aceasta este una dintre cele mai versatile t\u0103lpi pe care SCOTT le-a creat vreodat\u0103.<\/li>\n<\/ul>\n<h3>Marca<\/h3>\n<p>Scott Sports este un brand elve\u021bian premium cu o istorie de 60 de ani, cunoscut mai ales pentru cele mai u\u0219oare biciclete ale sale. Compania lider \u00een industria ciclismului la nivel mondial produce biciclete pe care cei mai buni sportivi de pe planet\u0103 concureaz\u0103 \u0219i c\u00e2\u0219tig\u0103. \u00cen plus, Scott este una dintre pu\u021binele companii care poate oferi o gam\u0103 larg\u0103 de echipamente suplimentare: \u00eembr\u0103c\u0103minte de ciclism, pantofi \u0219i accesorii pentru ciclism. De \u00eenalt\u0103 tehnologie, elegante, confortabile \u0219i fiabile. V\u0103 pute\u021bi echipa complet cu produse de la una dintre cele mai bune m\u0103rci sportive.<\/p>\n<p><\/p>","protected":false},"excerpt":{"rendered":"","protected":false},"featured_media":82843,"comment_status":"open","ping_status":"closed","template":"","meta":{"_acf_changed":false,"inline_featured_image":false},"product_brand":[1467],"product_cat":[142],"product_tag":[],"class_list":{"0":"post-82522","1":"product","2":"type-product","3":"status-publish","4":"has-post-thumbnail","6":"product_brand-scott","7":"product_cat-sport-shoes","8":"pa_razmer-shoes-37-1-2","9":"pa_razmer-shoes-664","10":"pa_razmer-shoes-38-1-2","12":"first","13":"instock","14":"shipping-taxable","15":"purchasable","16":"product-type-variable"},"acf":[],"yoast_head":"<!-- This site is optimized with the Yoast SEO plugin v27.2 - https:\/\/yoast.com\/product\/yoast-seo-wordpress\/ -->\n<title>\u041a\u0440\u043e\u0441\u0441\u043e\u0432\u043a\u0438 Scott Supertrac 3 black\/slate grey - \u041c\u0430\u0433\u0430\u0437\u0438\u043d Xstyle<\/title>\n<meta name=\"description\" content=\"\u041a\u0440\u043e\u0441\u0441\u043e\u0432\u043a\u0438 Scott Supertrac 3 black\/slate grey \u0438\u0434\u0435\u0430\u043b\u044c\u043d\u043e \u043f\u043e\u0434\u0445\u043e\u0434\u044f\u0442 \u0434\u043b\u044f \u0433\u043e\u0440\u043d\u044b\u0445 \u0442\u0440\u0435\u0439\u043b\u043e\u0432. \u0423\u043d\u0438\u043a\u0430\u043b\u044c\u043d\u044b\u0439 \u0434\u0438\u0437\u0430\u0439\u043d, \u043e\u0442\u043b\u0438\u0447\u043d\u043e\u0435 \u0441\u0446\u0435\u043f\u043b\u0435\u043d\u0438\u0435 \u0438 \u043a\u043e\u043c\u0444\u043e\u0440\u0442 \u043f\u0440\u0438 \u043b\u044e\u0431\u044b\u0445 \u0443\u0441\u043b\u043e\u0432\u0438\u044f\u0445!\" \/>\n<meta name=\"robots\" content=\"index, follow, max-snippet:-1, max-image-preview:large, max-video-preview:-1\" \/>\n<link rel=\"canonical\" href=\"https:\/\/xstyle.md\/ro\/produs\/krossovki-scott-supertrac-3-black-slate-grey\/\" \/>\n<meta property=\"og:locale\" content=\"ro_RO\" \/>\n<meta property=\"og:type\" content=\"article\" \/>\n<meta property=\"og:title\" content=\"\u041a\u0440\u043e\u0441\u0441\u043e\u0432\u043a\u0438 Scott Supertrac 3 black\/slate grey - \u041c\u0430\u0433\u0430\u0437\u0438\u043d Xstyle\" \/>\n<meta property=\"og:description\" content=\"\u041a\u0440\u043e\u0441\u0441\u043e\u0432\u043a\u0438 Scott Supertrac 3 black\/slate grey \u0438\u0434\u0435\u0430\u043b\u044c\u043d\u043e \u043f\u043e\u0434\u0445\u043e\u0434\u044f\u0442 \u0434\u043b\u044f \u0433\u043e\u0440\u043d\u044b\u0445 \u0442\u0440\u0435\u0439\u043b\u043e\u0432. \u0423\u043d\u0438\u043a\u0430\u043b\u044c\u043d\u044b\u0439 \u0434\u0438\u0437\u0430\u0439\u043d, \u043e\u0442\u043b\u0438\u0447\u043d\u043e\u0435 \u0441\u0446\u0435\u043f\u043b\u0435\u043d\u0438\u0435 \u0438 \u043a\u043e\u043c\u0444\u043e\u0440\u0442 \u043f\u0440\u0438 \u043b\u044e\u0431\u044b\u0445 \u0443\u0441\u043b\u043e\u0432\u0438\u044f\u0445!\" \/>\n<meta property=\"og:url\" content=\"https:\/\/xstyle.md\/ro\/produs\/krossovki-scott-supertrac-3-black-slate-grey\/\" \/>\n<meta property=\"og:site_name\" content=\"\u041c\u0430\u0433\u0430\u0437\u0438\u043d Xstyle\" \/>\n<meta property=\"article:publisher\" content=\"https:\/\/www.facebook.com\/xstylemd\" \/>\n<meta property=\"article:modified_time\" content=\"2026-03-14T18:51:48+00:00\" \/>\n<meta property=\"og:image\" content=\"https:\/\/xstyle.md\/wp-content\/uploads\/2024\/04\/scott-supertrac-3-black-slate-grey.jpg\" \/>\n\t<meta property=\"og:image:width\" content=\"2000\" \/>\n\t<meta property=\"og:image:height\" content=\"2000\" \/>\n\t<meta property=\"og:image:type\" content=\"image\/jpeg\" \/>\n<meta name=\"twitter:card\" content=\"summary_large_image\" \/>\n<meta name=\"twitter:label1\" content=\"Disponibilitate\" \/>\n\t<meta name=\"twitter:data1\" content=\"\u00cen stoc\" \/>\n<script type=\"application\/ld+json\" class=\"yoast-schema-graph\">{\"@context\":\"https:\/\/schema.org\",\"@graph\":[{\"@type\":\"WebPage\",\"@id\":\"https:\/\/xstyle.md\/product\/krossovki-scott-supertrac-3-black-slate-grey\/\",\"url\":\"https:\/\/xstyle.md\/product\/krossovki-scott-supertrac-3-black-slate-grey\/\",\"name\":\"\u041a\u0440\u043e\u0441\u0441\u043e\u0432\u043a\u0438 Scott Supertrac 3 black\/slate grey - \u041c\u0430\u0433\u0430\u0437\u0438\u043d Xstyle\",\"isPartOf\":{\"@id\":\"https:\/\/xstyle.md\/#website\"},\"primaryImageOfPage\":{\"@id\":\"https:\/\/xstyle.md\/product\/krossovki-scott-supertrac-3-black-slate-grey\/#primaryimage\"},\"image\":{\"@id\":\"https:\/\/xstyle.md\/product\/krossovki-scott-supertrac-3-black-slate-grey\/#primaryimage\"},\"thumbnailUrl\":\"https:\/\/xstyle.md\/wp-content\/uploads\/2024\/04\/scott-supertrac-3-black-slate-grey.jpg\",\"datePublished\":\"2024-04-25T11:26:33+00:00\",\"dateModified\":\"2026-03-14T18:51:48+00:00\",\"description\":\"\u041a\u0440\u043e\u0441\u0441\u043e\u0432\u043a\u0438 Scott Supertrac 3 black\/slate grey \u0438\u0434\u0435\u0430\u043b\u044c\u043d\u043e \u043f\u043e\u0434\u0445\u043e\u0434\u044f\u0442 \u0434\u043b\u044f \u0433\u043e\u0440\u043d\u044b\u0445 \u0442\u0440\u0435\u0439\u043b\u043e\u0432. \u0423\u043d\u0438\u043a\u0430\u043b\u044c\u043d\u044b\u0439 \u0434\u0438\u0437\u0430\u0439\u043d, \u043e\u0442\u043b\u0438\u0447\u043d\u043e\u0435 \u0441\u0446\u0435\u043f\u043b\u0435\u043d\u0438\u0435 \u0438 \u043a\u043e\u043c\u0444\u043e\u0440\u0442 \u043f\u0440\u0438 \u043b\u044e\u0431\u044b\u0445 \u0443\u0441\u043b\u043e\u0432\u0438\u044f\u0445!\",\"breadcrumb\":{\"@id\":\"https:\/\/xstyle.md\/product\/krossovki-scott-supertrac-3-black-slate-grey\/#breadcrumb\"},\"inLanguage\":\"ro-RO\",\"potentialAction\":[{\"@type\":\"ReadAction\",\"target\":[\"https:\/\/xstyle.md\/product\/krossovki-scott-supertrac-3-black-slate-grey\/\"]}]},{\"@type\":\"ImageObject\",\"inLanguage\":\"ro-RO\",\"@id\":\"https:\/\/xstyle.md\/product\/krossovki-scott-supertrac-3-black-slate-grey\/#primaryimage\",\"url\":\"https:\/\/xstyle.md\/wp-content\/uploads\/2024\/04\/scott-supertrac-3-black-slate-grey.jpg\",\"contentUrl\":\"https:\/\/xstyle.md\/wp-content\/uploads\/2024\/04\/scott-supertrac-3-black-slate-grey.jpg\",\"width\":2000,\"height\":2000,\"caption\":\"\u041a\u0440\u043e\u0441\u0441\u043e\u0432\u043a\u0438 Scott Supertrac 3 \u0447\u0435\u0440\u043d\u044b\u0435 \u0438 \u0441\u0435\u0440\u043e-\u0433\u043e\u043b\u0443\u0431\u044b\u0435 \u0434\u043b\u044f \u0430\u043a\u0442\u0438\u0432\u043d\u043e\u0441\u0442\u0438 \u043d\u0430 \u043f\u0440\u0438\u0440\u043e\u0434\u0435, \u043f\u043e\u0445\u043e\u0434\u043e\u0432, \u0442\u0443\u0440\u0438\u0437\u043c\u0430 \u0438 \u043f\u0443\u0442\u0435\u0448\u0435\u0441\u0442\u0432\u0438\u0439 \u0434\u043b\u044f \u043e\u043d\u043b\u0430\u0439\u043d \u043c\u0430\u0433\u0430\u0437\u0438\u043d\u0430 \u0441\u043f\u043e\u0440\u0442\u0438\u0432\u043d\u043e\u0439 \u043e\u0434\u0435\u0436\u0434\u044b \u0438 \u043e\u0431\u0443\u0432\u0438\"},{\"@type\":\"BreadcrumbList\",\"@id\":\"https:\/\/xstyle.md\/product\/krossovki-scott-supertrac-3-black-slate-grey\/#breadcrumb\",\"itemListElement\":[{\"@type\":\"ListItem\",\"position\":1,\"name\":\"\u0413\u043b\u0430\u0432\u043d\u0430\u044f \u0441\u0442\u0440\u0430\u043d\u0438\u0446\u0430\",\"item\":\"https:\/\/xstyle.md\/\"},{\"@type\":\"ListItem\",\"position\":2,\"name\":\"\u041c\u0430\u0433\u0430\u0437\u0438\u043d\",\"item\":\"https:\/\/xstyle.md\/shop\/\"},{\"@type\":\"ListItem\",\"position\":3,\"name\":\"\u041a\u0440\u043e\u0441\u0441\u043e\u0432\u043a\u0438 Scott Supertrac 3 black\/slate grey\"}]},{\"@type\":\"WebSite\",\"@id\":\"https:\/\/xstyle.md\/#website\",\"url\":\"https:\/\/xstyle.md\/\",\"name\":\"\u041c\u0430\u0433\u0430\u0437\u0438\u043d Xstyle\",\"description\":\"C\u043d\u0430\u0440\u044f\u0436\u0435\u043d\u0438\u0435 \u0434\u043b\u044f \u0442\u0443\u0440\u0438\u0437\u043c\u0430 \u0438 \u044d\u043a\u0441\u0442\u0440\u0435\u043c\u0430\u043b\u044c\u043d\u044b\u0445 \u0432\u0438\u0434\u043e\u0432 \u0441\u043f\u043e\u0440\u0442\u0430 \u0432 \u041c\u043e\u043b\u0434\u043e\u0432\u0435.. \u0426\u0435\u043d\u044b, \u0444\u043e\u0442\u043e, \u0445\u0430\u0440\u0430\u043a\u0442\u0435\u0440\u0438\u0441\u0442\u0438\u043a\u0438 \u0432 \u041c\u043e\u043b\u0434\u043e\u0432\u0435.\",\"publisher\":{\"@id\":\"https:\/\/xstyle.md\/#organization\"},\"alternateName\":\"X-Style\",\"potentialAction\":[{\"@type\":\"SearchAction\",\"target\":{\"@type\":\"EntryPoint\",\"urlTemplate\":\"https:\/\/xstyle.md\/?s={search_term_string}\"},\"query-input\":{\"@type\":\"PropertyValueSpecification\",\"valueRequired\":true,\"valueName\":\"search_term_string\"}}],\"inLanguage\":\"ro-RO\"},{\"@type\":\"Organization\",\"@id\":\"https:\/\/xstyle.md\/#organization\",\"name\":\"\u041c\u0430\u0433\u0430\u0437\u0438\u043d Xstyle\",\"alternateName\":\"x-style\",\"url\":\"https:\/\/xstyle.md\/\",\"logo\":{\"@type\":\"ImageObject\",\"inLanguage\":\"ro-RO\",\"@id\":\"https:\/\/xstyle.md\/#\/schema\/logo\/image\/\",\"url\":\"https:\/\/xstyle.md\/wp-content\/uploads\/2020\/06\/logoicon.svg\",\"contentUrl\":\"https:\/\/xstyle.md\/wp-content\/uploads\/2020\/06\/logoicon.svg\",\"caption\":\"\u041c\u0430\u0433\u0430\u0437\u0438\u043d Xstyle\"},\"image\":{\"@id\":\"https:\/\/xstyle.md\/#\/schema\/logo\/image\/\"},\"sameAs\":[\"https:\/\/www.facebook.com\/xstylemd\",\"https:\/\/www.instagram.com\/xstyle_md\/\",\"https:\/\/t.me\/xstyle_outdoor\"],\"hasMerchantReturnPolicy\":{\"@type\":\"MerchantReturnPolicy\",\"merchantReturnLink\":\"https:\/\/xstyle.md\/ro\/conditions\/\"}}]}<\/script>\n<meta property=\"og:availability\" content=\"instock\" \/>\n<meta property=\"product:availability\" content=\"instock\" \/>\n<meta property=\"product:retailer_item_id\" content=\"X7616185009573\" \/>\n<meta property=\"product:condition\" content=\"new\" \/>\n<!-- \/ Yoast SEO plugin. -->","yoast_head_json":{"title":"Adida\u0219i Scott Supertrac 3 black\/slate grey - Magazin Xstyle","description":"Cizma Scott Supertrac 3 black\/slate grey este ideal\u0103 pentru traseele montane. Design unic, aderen\u021b\u0103 excelent\u0103 \u0219i confort \u00een orice condi\u021bii!","robots":{"index":"index","follow":"follow","max-snippet":"max-snippet:-1","max-image-preview":"max-image-preview:large","max-video-preview":"max-video-preview:-1"},"canonical":"https:\/\/xstyle.md\/ro\/produs\/krossovki-scott-supertrac-3-black-slate-grey\/","og_locale":"ro_RO","og_type":"article","og_title":"\u041a\u0440\u043e\u0441\u0441\u043e\u0432\u043a\u0438 Scott Supertrac 3 black\/slate grey - \u041c\u0430\u0433\u0430\u0437\u0438\u043d Xstyle","og_description":"\u041a\u0440\u043e\u0441\u0441\u043e\u0432\u043a\u0438 Scott Supertrac 3 black\/slate grey \u0438\u0434\u0435\u0430\u043b\u044c\u043d\u043e \u043f\u043e\u0434\u0445\u043e\u0434\u044f\u0442 \u0434\u043b\u044f \u0433\u043e\u0440\u043d\u044b\u0445 \u0442\u0440\u0435\u0439\u043b\u043e\u0432. \u0423\u043d\u0438\u043a\u0430\u043b\u044c\u043d\u044b\u0439 \u0434\u0438\u0437\u0430\u0439\u043d, \u043e\u0442\u043b\u0438\u0447\u043d\u043e\u0435 \u0441\u0446\u0435\u043f\u043b\u0435\u043d\u0438\u0435 \u0438 \u043a\u043e\u043c\u0444\u043e\u0440\u0442 \u043f\u0440\u0438 \u043b\u044e\u0431\u044b\u0445 \u0443\u0441\u043b\u043e\u0432\u0438\u044f\u0445!","og_url":"https:\/\/xstyle.md\/ro\/produs\/krossovki-scott-supertrac-3-black-slate-grey\/","og_site_name":"\u041c\u0430\u0433\u0430\u0437\u0438\u043d Xstyle","article_publisher":"https:\/\/www.facebook.com\/xstylemd","article_modified_time":"2026-03-14T18:51:48+00:00","og_image":[{"width":2000,"height":2000,"url":"https:\/\/xstyle.md\/wp-content\/uploads\/2024\/04\/scott-supertrac-3-black-slate-grey.jpg","type":"image\/jpeg"}],"twitter_card":"summary_large_image","twitter_misc":{"Disponibilitate":"\u00cen stoc"},"schema":{"@context":"https:\/\/schema.org","@graph":[{"@type":"WebPage","@id":"https:\/\/xstyle.md\/product\/krossovki-scott-supertrac-3-black-slate-grey\/","url":"https:\/\/xstyle.md\/product\/krossovki-scott-supertrac-3-black-slate-grey\/","name":"Adida\u0219i Scott Supertrac 3 black\/slate grey - Magazin Xstyle","isPartOf":{"@id":"https:\/\/xstyle.md\/#website"},"primaryImageOfPage":{"@id":"https:\/\/xstyle.md\/product\/krossovki-scott-supertrac-3-black-slate-grey\/#primaryimage"},"image":{"@id":"https:\/\/xstyle.md\/product\/krossovki-scott-supertrac-3-black-slate-grey\/#primaryimage"},"thumbnailUrl":"https:\/\/xstyle.md\/wp-content\/uploads\/2024\/04\/scott-supertrac-3-black-slate-grey.jpg","datePublished":"2024-04-25T11:26:33+00:00","dateModified":"2026-03-14T18:51:48+00:00","description":"Cizma Scott Supertrac 3 black\/slate grey este ideal\u0103 pentru traseele montane. Design unic, aderen\u021b\u0103 excelent\u0103 \u0219i confort \u00een orice condi\u021bii!","breadcrumb":{"@id":"https:\/\/xstyle.md\/product\/krossovki-scott-supertrac-3-black-slate-grey\/#breadcrumb"},"inLanguage":"ro-RO","potentialAction":[{"@type":"ReadAction","target":["https:\/\/xstyle.md\/product\/krossovki-scott-supertrac-3-black-slate-grey\/"]}]},{"@type":"ImageObject","inLanguage":"ro-RO","@id":"https:\/\/xstyle.md\/product\/krossovki-scott-supertrac-3-black-slate-grey\/#primaryimage","url":"https:\/\/xstyle.md\/wp-content\/uploads\/2024\/04\/scott-supertrac-3-black-slate-grey.jpg","contentUrl":"https:\/\/xstyle.md\/wp-content\/uploads\/2024\/04\/scott-supertrac-3-black-slate-grey.jpg","width":2000,"height":2000,"caption":"\u041a\u0440\u043e\u0441\u0441\u043e\u0432\u043a\u0438 Scott Supertrac 3 \u0447\u0435\u0440\u043d\u044b\u0435 \u0438 \u0441\u0435\u0440\u043e-\u0433\u043e\u043b\u0443\u0431\u044b\u0435 \u0434\u043b\u044f \u0430\u043a\u0442\u0438\u0432\u043d\u043e\u0441\u0442\u0438 \u043d\u0430 \u043f\u0440\u0438\u0440\u043e\u0434\u0435, \u043f\u043e\u0445\u043e\u0434\u043e\u0432, \u0442\u0443\u0440\u0438\u0437\u043c\u0430 \u0438 \u043f\u0443\u0442\u0435\u0448\u0435\u0441\u0442\u0432\u0438\u0439 \u0434\u043b\u044f \u043e\u043d\u043b\u0430\u0439\u043d \u043c\u0430\u0433\u0430\u0437\u0438\u043d\u0430 \u0441\u043f\u043e\u0440\u0442\u0438\u0432\u043d\u043e\u0439 \u043e\u0434\u0435\u0436\u0434\u044b \u0438 \u043e\u0431\u0443\u0432\u0438"},{"@type":"BreadcrumbList","@id":"https:\/\/xstyle.md\/product\/krossovki-scott-supertrac-3-black-slate-grey\/#breadcrumb","itemListElement":[{"@type":"ListItem","position":1,"name":"\u0413\u043b\u0430\u0432\u043d\u0430\u044f \u0441\u0442\u0440\u0430\u043d\u0438\u0446\u0430","item":"https:\/\/xstyle.md\/"},{"@type":"ListItem","position":2,"name":"\u041c\u0430\u0433\u0430\u0437\u0438\u043d","item":"https:\/\/xstyle.md\/shop\/"},{"@type":"ListItem","position":3,"name":"\u041a\u0440\u043e\u0441\u0441\u043e\u0432\u043a\u0438 Scott Supertrac 3 black\/slate grey"}]},{"@type":"WebSite","@id":"https:\/\/xstyle.md\/#website","url":"https:\/\/xstyle.md\/","name":"Magazinul X-Style","description":"Echipamente pentru turism \u0219i sporturi extreme \u00een Moldova. Pre\u021buri, fotografii, caracteristici \u00een Moldova.","publisher":{"@id":"https:\/\/xstyle.md\/#organization"},"alternateName":"X-Style","potentialAction":[{"@type":"SearchAction","target":{"@type":"EntryPoint","urlTemplate":"https:\/\/xstyle.md\/?s={search_term_string}"},"query-input":{"@type":"PropertyValueSpecification","valueRequired":true,"valueName":"search_term_string"}}],"inLanguage":"ro-RO"},{"@type":"Organization","@id":"https:\/\/xstyle.md\/#organization","name":"Magazinul X-Style","alternateName":"x-style","url":"https:\/\/xstyle.md\/","logo":{"@type":"ImageObject","inLanguage":"ro-RO","@id":"https:\/\/xstyle.md\/#\/schema\/logo\/image\/","url":"https:\/\/xstyle.md\/wp-content\/uploads\/2020\/06\/logoicon.svg","contentUrl":"https:\/\/xstyle.md\/wp-content\/uploads\/2020\/06\/logoicon.svg","caption":"\u041c\u0430\u0433\u0430\u0437\u0438\u043d Xstyle"},"image":{"@id":"https:\/\/xstyle.md\/#\/schema\/logo\/image\/"},"sameAs":["https:\/\/www.facebook.com\/xstylemd","https:\/\/www.instagram.com\/xstyle_md\/","https:\/\/t.me\/xstyle_outdoor"],"hasMerchantReturnPolicy":{"@type":"MerchantReturnPolicy","merchantReturnLink":"https:\/\/xstyle.md\/ro\/conditions\/"}}]},"og_availability":"instock","product_availability":"instock","product_retailer_item_id":"X7616185009573","product_condition":"new"},"post_mailing_queue_ids":[],"_links":{"self":[{"href":"https:\/\/xstyle.md\/ro\/wp-json\/wp\/v2\/product\/82522","targetHints":{"allow":["GET"]}}],"collection":[{"href":"https:\/\/xstyle.md\/ro\/wp-json\/wp\/v2\/product"}],"about":[{"href":"https:\/\/xstyle.md\/ro\/wp-json\/wp\/v2\/types\/product"}],"replies":[{"embeddable":true,"href":"https:\/\/xstyle.md\/ro\/wp-json\/wp\/v2\/comments?post=82522"}],"wp:featuredmedia":[{"embeddable":true,"href":"https:\/\/xstyle.md\/ro\/wp-json\/wp\/v2\/media\/82843"}],"wp:attachment":[{"href":"https:\/\/xstyle.md\/ro\/wp-json\/wp\/v2\/media?parent=82522"}],"wp:term":[{"taxonomy":"product_brand","embeddable":true,"href":"https:\/\/xstyle.md\/ro\/wp-json\/wp\/v2\/product_brand?post=82522"},{"taxonomy":"product_cat","embeddable":true,"href":"https:\/\/xstyle.md\/ro\/wp-json\/wp\/v2\/product_cat?post=82522"},{"taxonomy":"product_tag","embeddable":true,"href":"https:\/\/xstyle.md\/ro\/wp-json\/wp\/v2\/product_tag?post=82522"}],"curies":[{"name":"wp","href":"https:\/\/api.w.org\/{rel}","templated":true}]}}