{"id":82509,"date":"2024-04-25T14:26:31","date_gmt":"2024-04-25T11:26:31","guid":{"rendered":"https:\/\/xstyle.md\/?post_type=product&#038;p=82509"},"modified":"2026-03-19T17:19:59","modified_gmt":"2026-03-19T14:19:59","slug":"velosipednyj-shlem-met-velenco-ce-olive-iridescent-matt","status":"publish","type":"product","link":"https:\/\/xstyle.md\/ro\/produs\/velosipednyj-shlem-met-velenco-ce-olive-iridescent-matt\/","title":{"rendered":"Casc\u0103 ciclism Met Velenco Ce olive iridescent matt"},"content":{"rendered":"<\/p>\n<p><strong>Met Velenco Ce<\/strong> &#8212; o casc\u0103 de ciclism versatil\u0103, conceput\u0103 pentru toate stilurile de mers pe biciclet\u0103. Creat\u0103 ini\u021bial pentru utilizarea la \u021bar\u0103, cu un design sportiv, casca va ar\u0103ta bine pe asfalt \u0219i pe pietri\u0219ul pierdut \u00een col\u021buri \u00eendep\u0103rtate ale \u021b\u0103rii.<\/p>\n<p>Sigur\u0103, foarte protectoare \u0219i totu\u0219i u\u0219oar\u0103, cu o ventila\u021bie excelent\u0103, se va descurca bine la plimb\u0103ri lungi pe drumuri cu pietri\u0219 \u0219i off-road.<\/p>\n<p>Met Veleno MIPS este construit pe un cadru u\u0219or din spum\u0103 de polistiren care are propriet\u0103\u021bi de absorb\u021bie a impactului ridicate, cu o carcas\u0103 decorativ\u0103 aplicat\u0103 IMD (In-Mold Decoration) \u0219i dispune de sistemul de ajustare Safe-T Upsilon Fit System, care permite ajustarea dimensiunii pentru a se potrivi \u00eentregii circumferin\u021be a capului. nu doar p\u0103r\u021bii din spate a capului, ofer\u0103 o ajustare a ad\u00e2ncimii de ajustare \u0219i permite purtarea cozii.<\/p>\n<p>Datorit\u0103 sistemului op\u021bional de protec\u021bie a creierului MIPS-C2, casca este capabil\u0103 s\u0103 alunece cu 10-15 mm \u00een raport cu capul \u00een cazul unei c\u0103deri, amortiz\u00e2nd mi\u0219carea de rota\u021bie \u0219i protej\u00e2nd creierul de como\u021bie. 26 de orificii de aerisire, dintre care 17 sunt orificii de admisie \u0219i 9 orificii de evacuare, toate acestea, combinate cu sistemul de conducte interne, asigur\u0103 o r\u0103cire intern\u0103 excelent\u0103.<\/p>\n<p>Met Veleno MIPS este conceput pentru a oferi o protec\u021bie sporit\u0103 pentru cele mai vulnerabile zone ale capului &#8212; ceafa \u0219i t\u00e2mplele. \u00cenveli\u0219ul c\u0103\u0219tii este acoperit \u00een \u00eentregime cu policarbonat, ceea ce spore\u0219te semnificativ propriet\u0103\u021bile de protec\u021bie \u00eempotriva c\u0103derilor ale c\u0103\u0219tii. Pentru o purtare confortabil\u0103, sunt prev\u0103zute c\u0103ptu\u0219eli hipoalergenice absorbante de \u0219ocuri, care pot fi sp\u0103late manual \u0219i \u00eenlocuite \u00een caz de uzur\u0103. Pernele au un strat antiderapant, iar catarama de sub b\u0103rbie elimin\u0103 posibilitatea de a str\u00e2nge pielea.<\/p>\n<p>Viziera protectoare din plastic poate fi \u00eendep\u0103rtat\u0103 la discre\u021bie. Dac\u0103 este necesar s\u0103 scoate\u021bi ochelarii de protec\u021bie atunci c\u00e2nd c\u0103l\u0103tori\u021bi \u00een urcare sau la o oprire, plasa\u021bi-i \u00een g\u0103urile prev\u0103zute \u00een partea din fa\u021b\u0103 a c\u0103\u0219tii. Elementele reflectorizante sunt aplicate pe partea din spate a capului pentru a asigura vizibilitatea pe timp de noapte.<\/p>\n<h3>Particularit\u0103\u021bi<\/h3>\n<ul>\n<li>\u00cenveli\u0219 din policarbonat turnat cu c\u0103ptu\u0219eal\u0103 din polistiren pentru o durabilitate sporit\u0103.<\/li>\n<li>Acoperi\u0219 extins pentru o protec\u021bie mai profund\u0103 a capului.<\/li>\n<li>Sistem de fixare MET Safe-T Upsilon.<\/li>\n<li>Sistem de protec\u021bie a creierului MIPS-C2\u00ae Brain Protection System protec\u021bie suplimentar\u0103 \u00eempotriva anumitor impacturi.<\/li>\n<li>Cureaua pentru cap de 360\u00b0, reglabil\u0103 vertical pentru o ajustabilitate maxim\u0103.<\/li>\n<li>Vizier\u0103 deta\u0219abil\u0103 cu \u00eenchiz\u0103tori ascunse pentru o versatilitate maxim\u0103.<\/li>\n<li>C\u0103ptu\u0219eal\u0103 confortabil\u0103 care se poate sp\u0103la manual.<\/li>\n<li>Curelele cu distan\u021bier reglabil ofer\u0103 o potrivire personalizat\u0103.<\/li>\n<li>26 de orificii de aerisire, guri de aerisire interne pentru o ventila\u021bie \u0219i un confort sporit.<\/li>\n<li>Autocolante reflectorizante pe spate pentru o vizibilitate \u00eembun\u0103t\u0103\u021bit\u0103 \u00een condi\u021bii de lumin\u0103 sc\u0103zut\u0103.<\/li>\n<li>Orificii pentru ochelari de soare pentru a \u021bine \u00een siguran\u021b\u0103 ochelarii de soare la locul lor \u00een timp ce urca\u021bi sau v\u0103 relaxa\u021bi.<\/li>\n<\/ul>\n<h3>Caracteristici<\/h3>\n<ul>\n<li>Tehnologii pentru c\u0103\u0219ti &#8212; Acoperire \u00een mucegai, MiPS<\/li>\n<li>Orificii de ventila\u021bie &#8212; 26<\/li>\n<li>Greutate &#8212; 300 g<\/li>\n<\/ul>\n<h3>Tehnologie<\/h3>\n<ul>\n<li><strong>Design In-Mould<\/strong> \u2013 este fuziunea a dou\u0103 p\u0103r\u021bi ale cochiliei c\u0103\u0219tii (interioar\u0103 \u0219i exterioar\u0103) \u00eentr-o singur\u0103 matrice prin intermediul unui proces de fuziune. Aceast\u0103 tehnic\u0103 demonstreaz\u0103 cele mai bune rezultate \u00een ceea ce prive\u0219te absorb\u021bia la impact \u0219i men\u021bine un raport excelent greutate-volum.<\/li>\n<li><strong>MIPS<\/strong> (Multi directional Impact Protection System) &#8212; este un sistem testat \u00een timp, care \u0219i-a dovedit valoarea. Toate c\u0103\u0219tile cu tehnologie MIPS sunt echipate cu un strat interior suplimentar care ac\u021bioneaz\u0103 ca un amortizor de \u0219ocuri, absorbind cea mai mare parte a energiei de impact atunci c\u00e2nd riderul cade.<\/li>\n<\/ul>\n<h3>Marca<\/h3>\n<p>MET este o companie produc\u0103toare de c\u0103\u0219ti din Italia. Cu un sim\u021b \u00eenn\u0103scut al stilului \u0219i o dragoste pentru biciclete, italienii sunt capabili s\u0103 creeze c\u0103\u0219ti care sunt at\u00e2t elegante, c\u00e2t \u0219i fiabile \u0219i confortabile.<\/p>\n<p>Fiecare casc\u0103 MET exprim\u0103 un stil unic care reune\u0219te o istorie lung\u0103 \u0219i bogat\u0103 a designului italian. Liniile clare \u0219i expresive, formele compacte \u0219i armonioase \u0219i mai ales culorile luminoase ale produselor MET sunt exemple clasice ale acestei bogate tradi\u021bii.<\/p>\n<p>C\u0103\u0219tile MET sunt mai mult dec\u00e2t o simpl\u0103 protec\u021bie, ele nu sunt doar unice prin stilul lor excep\u021bional, ci \u0219i de \u00eenalt\u0103 tehnologie. Cu inova\u021bii introduse \u00een fiecare an de inginerii MET, compania continu\u0103 s\u0103 men\u021bin\u0103 calitatea materialelor \u0219i a manoperei fiec\u0103rui model de casc\u0103 pe tot parcursul procesului de fabrica\u021bie. MET ofer\u0103 fiec\u0103rui ciclist o experien\u021b\u0103 de ciclism cu adev\u0103rat pl\u0103cut\u0103.<\/p>\n<p><\/p>","protected":false},"excerpt":{"rendered":"","protected":false},"featured_media":82719,"comment_status":"open","ping_status":"closed","template":"","meta":{"_acf_changed":false,"inline_featured_image":false},"product_brand":[1371],"product_cat":[536],"product_tag":[],"class_list":{"0":"post-82509","1":"product","2":"type-product","3":"status-publish","4":"has-post-thumbnail","6":"product_brand-met","7":"product_cat-velo-helmets","9":"first","10":"instock","11":"shipping-taxable","12":"purchasable","13":"product-type-simple"},"acf":[],"yoast_head":"<!-- This site is optimized with the Yoast SEO plugin v27.2 - https:\/\/yoast.com\/product\/yoast-seo-wordpress\/ -->\n<title>\u0412\u0435\u043b\u043e\u0441\u0438\u043f\u0435\u0434\u043d\u044b\u0439 \u0448\u043b\u0435\u043c Met Velenco Ce olive iridescent matt - \u041c\u0430\u0433\u0430\u0437\u0438\u043d Xstyle<\/title>\n<meta name=\"description\" content=\"\u0412\u0435\u043b\u043e\u0441\u0438\u043f\u0435\u0434\u043d\u044b\u0439 \u0448\u043b\u0435\u043c Met Velenco Ce \u043e\u043b\u0438\u0432\u043a\u043e\u0432\u043e\u0433\u043e \u0446\u0432\u0435\u0442\u0430 \u0441 \u0437\u0430\u0449\u0438\u0442\u043e\u0439 MIPS. \u0418\u0434\u0435\u0430\u043b\u0435\u043d \u0434\u043b\u044f \u0432\u0441\u0435\u0445 \u0441\u0442\u0438\u043b\u0435\u0439 \u043a\u0430\u0442\u0430\u043d\u0438\u044f. \u0411\u0435\u0437\u043e\u043f\u0430\u0441\u043d\u043e\u0441\u0442\u044c \u0438 \u0441\u0442\u0438\u043b\u044c \u0432 \u043e\u0434\u043d\u043e\u043c!\" \/>\n<meta name=\"robots\" content=\"index, follow, max-snippet:-1, max-image-preview:large, max-video-preview:-1\" \/>\n<link rel=\"canonical\" href=\"https:\/\/xstyle.md\/ro\/produs\/velosipednyj-shlem-met-velenco-ce-olive-iridescent-matt\/\" \/>\n<meta property=\"og:locale\" content=\"ro_RO\" \/>\n<meta property=\"og:type\" content=\"article\" \/>\n<meta property=\"og:title\" content=\"\u0412\u0435\u043b\u043e\u0441\u0438\u043f\u0435\u0434\u043d\u044b\u0439 \u0448\u043b\u0435\u043c Met Velenco Ce olive iridescent matt - \u041c\u0430\u0433\u0430\u0437\u0438\u043d Xstyle\" \/>\n<meta property=\"og:description\" content=\"\u0412\u0435\u043b\u043e\u0441\u0438\u043f\u0435\u0434\u043d\u044b\u0439 \u0448\u043b\u0435\u043c Met Velenco Ce \u043e\u043b\u0438\u0432\u043a\u043e\u0432\u043e\u0433\u043e \u0446\u0432\u0435\u0442\u0430 \u0441 \u0437\u0430\u0449\u0438\u0442\u043e\u0439 MIPS. \u0418\u0434\u0435\u0430\u043b\u0435\u043d \u0434\u043b\u044f \u0432\u0441\u0435\u0445 \u0441\u0442\u0438\u043b\u0435\u0439 \u043a\u0430\u0442\u0430\u043d\u0438\u044f. \u0411\u0435\u0437\u043e\u043f\u0430\u0441\u043d\u043e\u0441\u0442\u044c \u0438 \u0441\u0442\u0438\u043b\u044c \u0432 \u043e\u0434\u043d\u043e\u043c!\" \/>\n<meta property=\"og:url\" content=\"https:\/\/xstyle.md\/ro\/produs\/velosipednyj-shlem-met-velenco-ce-olive-iridescent-matt\/\" \/>\n<meta property=\"og:site_name\" content=\"\u041c\u0430\u0433\u0430\u0437\u0438\u043d Xstyle\" \/>\n<meta property=\"article:publisher\" content=\"https:\/\/www.facebook.com\/xstylemd\" \/>\n<meta property=\"article:modified_time\" content=\"2026-03-19T14:19:59+00:00\" \/>\n<meta property=\"og:image\" content=\"https:\/\/xstyle.md\/wp-content\/uploads\/2024\/04\/met-velenco-ce-olive-iridescent-matt.jpg\" \/>\n\t<meta property=\"og:image:width\" content=\"1600\" \/>\n\t<meta property=\"og:image:height\" content=\"1600\" \/>\n\t<meta property=\"og:image:type\" content=\"image\/jpeg\" \/>\n<meta name=\"twitter:card\" content=\"summary_large_image\" \/>\n<meta name=\"twitter:label1\" content=\"Pre\u021b\" \/>\n\t<meta name=\"twitter:data1\" content=\"2.290&nbsp;MDL\" \/>\n\t<meta name=\"twitter:label2\" content=\"Disponibilitate\" \/>\n\t<meta name=\"twitter:data2\" content=\"\u00cen stoc\" \/>\n<script type=\"application\/ld+json\" class=\"yoast-schema-graph\">{\"@context\":\"https:\/\/schema.org\",\"@graph\":[{\"@type\":\"WebPage\",\"@id\":\"https:\/\/xstyle.md\/product\/velosipednyj-shlem-met-velenco-ce-olive-iridescent-matt\/\",\"url\":\"https:\/\/xstyle.md\/product\/velosipednyj-shlem-met-velenco-ce-olive-iridescent-matt\/\",\"name\":\"\u0412\u0435\u043b\u043e\u0441\u0438\u043f\u0435\u0434\u043d\u044b\u0439 \u0448\u043b\u0435\u043c Met Velenco Ce olive iridescent matt - \u041c\u0430\u0433\u0430\u0437\u0438\u043d Xstyle\",\"isPartOf\":{\"@id\":\"https:\/\/xstyle.md\/#website\"},\"primaryImageOfPage\":{\"@id\":\"https:\/\/xstyle.md\/product\/velosipednyj-shlem-met-velenco-ce-olive-iridescent-matt\/#primaryimage\"},\"image\":{\"@id\":\"https:\/\/xstyle.md\/product\/velosipednyj-shlem-met-velenco-ce-olive-iridescent-matt\/#primaryimage\"},\"thumbnailUrl\":\"https:\/\/xstyle.md\/wp-content\/uploads\/2024\/04\/met-velenco-ce-olive-iridescent-matt.jpg\",\"datePublished\":\"2024-04-25T11:26:31+00:00\",\"dateModified\":\"2026-03-19T14:19:59+00:00\",\"description\":\"\u0412\u0435\u043b\u043e\u0441\u0438\u043f\u0435\u0434\u043d\u044b\u0439 \u0448\u043b\u0435\u043c Met Velenco Ce \u043e\u043b\u0438\u0432\u043a\u043e\u0432\u043e\u0433\u043e \u0446\u0432\u0435\u0442\u0430 \u0441 \u0437\u0430\u0449\u0438\u0442\u043e\u0439 MIPS. \u0418\u0434\u0435\u0430\u043b\u0435\u043d \u0434\u043b\u044f \u0432\u0441\u0435\u0445 \u0441\u0442\u0438\u043b\u0435\u0439 \u043a\u0430\u0442\u0430\u043d\u0438\u044f. \u0411\u0435\u0437\u043e\u043f\u0430\u0441\u043d\u043e\u0441\u0442\u044c \u0438 \u0441\u0442\u0438\u043b\u044c \u0432 \u043e\u0434\u043d\u043e\u043c!\",\"breadcrumb\":{\"@id\":\"https:\/\/xstyle.md\/product\/velosipednyj-shlem-met-velenco-ce-olive-iridescent-matt\/#breadcrumb\"},\"inLanguage\":\"ro-RO\",\"potentialAction\":[{\"@type\":\"ReadAction\",\"target\":[\"https:\/\/xstyle.md\/product\/velosipednyj-shlem-met-velenco-ce-olive-iridescent-matt\/\"]}]},{\"@type\":\"ImageObject\",\"inLanguage\":\"ro-RO\",\"@id\":\"https:\/\/xstyle.md\/product\/velosipednyj-shlem-met-velenco-ce-olive-iridescent-matt\/#primaryimage\",\"url\":\"https:\/\/xstyle.md\/wp-content\/uploads\/2024\/04\/met-velenco-ce-olive-iridescent-matt.jpg\",\"contentUrl\":\"https:\/\/xstyle.md\/wp-content\/uploads\/2024\/04\/met-velenco-ce-olive-iridescent-matt.jpg\",\"width\":1600,\"height\":1600,\"caption\":\"\u0428\u043b\u0435\u043c \u0434\u043b\u044f \u0430\u043a\u0442\u0438\u0432\u043d\u043e\u0433\u043e \u043e\u0442\u0434\u044b\u0445\u0430 \u0438 \u043f\u0443\u0442\u0435\u0448\u0435\u0441\u0442\u0432\u0438\u0439 Met Velenco Ce \u0432 \u043e\u043b\u0438\u0432\u043a\u043e\u0432\u043e\u043c \u043c\u0430\u0442\u043e\u0432\u043e\u043c \u0446\u0432\u0435\u0442\u0435, \u043f\u043e\u0434\u0445\u043e\u0434\u044f\u0449\u0438\u0439 \u0434\u043b\u044f \u0433\u043e\u0440\u043d\u044b\u0445 \u043f\u043e\u0445\u043e\u0434\u043e\u0432, \u0432\u0435\u043b\u043e\u0441\u043f\u043e\u0440\u0442\u0430 \u0438 \u043f\u043b\u044f\u0436\u043d\u044b\u0445 \u043f\u0440\u043e\u0433\u0443\u043b\u043e\u043a, \u043a\u0443\u043f\u0438\u0442\u044c \u0434\u043b\u044f \u0441\u043f\u043e\u0440\u0442\u0430, \u0442\u0443\u0440\u0438\u0437\u043c\u0430 \u0438 outdoor \u044d\u043a\u0438\u043f\u0438\u0440\u043e\u0432\u043a\u0438\"},{\"@type\":\"BreadcrumbList\",\"@id\":\"https:\/\/xstyle.md\/product\/velosipednyj-shlem-met-velenco-ce-olive-iridescent-matt\/#breadcrumb\",\"itemListElement\":[{\"@type\":\"ListItem\",\"position\":1,\"name\":\"\u0413\u043b\u0430\u0432\u043d\u0430\u044f \u0441\u0442\u0440\u0430\u043d\u0438\u0446\u0430\",\"item\":\"https:\/\/xstyle.md\/\"},{\"@type\":\"ListItem\",\"position\":2,\"name\":\"\u041c\u0430\u0433\u0430\u0437\u0438\u043d\",\"item\":\"https:\/\/xstyle.md\/shop\/\"},{\"@type\":\"ListItem\",\"position\":3,\"name\":\"\u0412\u0435\u043b\u043e\u0441\u0438\u043f\u0435\u0434\u043d\u044b\u0439 \u0448\u043b\u0435\u043c Met Velenco Ce olive iridescent matt\"}]},{\"@type\":\"WebSite\",\"@id\":\"https:\/\/xstyle.md\/#website\",\"url\":\"https:\/\/xstyle.md\/\",\"name\":\"\u041c\u0430\u0433\u0430\u0437\u0438\u043d Xstyle\",\"description\":\"C\u043d\u0430\u0440\u044f\u0436\u0435\u043d\u0438\u0435 \u0434\u043b\u044f \u0442\u0443\u0440\u0438\u0437\u043c\u0430 \u0438 \u044d\u043a\u0441\u0442\u0440\u0435\u043c\u0430\u043b\u044c\u043d\u044b\u0445 \u0432\u0438\u0434\u043e\u0432 \u0441\u043f\u043e\u0440\u0442\u0430 \u0432 \u041c\u043e\u043b\u0434\u043e\u0432\u0435.. \u0426\u0435\u043d\u044b, \u0444\u043e\u0442\u043e, \u0445\u0430\u0440\u0430\u043a\u0442\u0435\u0440\u0438\u0441\u0442\u0438\u043a\u0438 \u0432 \u041c\u043e\u043b\u0434\u043e\u0432\u0435.\",\"publisher\":{\"@id\":\"https:\/\/xstyle.md\/#organization\"},\"alternateName\":\"X-Style\",\"potentialAction\":[{\"@type\":\"SearchAction\",\"target\":{\"@type\":\"EntryPoint\",\"urlTemplate\":\"https:\/\/xstyle.md\/?s={search_term_string}\"},\"query-input\":{\"@type\":\"PropertyValueSpecification\",\"valueRequired\":true,\"valueName\":\"search_term_string\"}}],\"inLanguage\":\"ro-RO\"},{\"@type\":\"Organization\",\"@id\":\"https:\/\/xstyle.md\/#organization\",\"name\":\"\u041c\u0430\u0433\u0430\u0437\u0438\u043d Xstyle\",\"alternateName\":\"x-style\",\"url\":\"https:\/\/xstyle.md\/\",\"logo\":{\"@type\":\"ImageObject\",\"inLanguage\":\"ro-RO\",\"@id\":\"https:\/\/xstyle.md\/#\/schema\/logo\/image\/\",\"url\":\"https:\/\/xstyle.md\/wp-content\/uploads\/2020\/06\/logoicon.svg\",\"contentUrl\":\"https:\/\/xstyle.md\/wp-content\/uploads\/2020\/06\/logoicon.svg\",\"caption\":\"\u041c\u0430\u0433\u0430\u0437\u0438\u043d Xstyle\"},\"image\":{\"@id\":\"https:\/\/xstyle.md\/#\/schema\/logo\/image\/\"},\"sameAs\":[\"https:\/\/www.facebook.com\/xstylemd\",\"https:\/\/www.instagram.com\/xstyle_md\/\",\"https:\/\/t.me\/xstyle_outdoor\"],\"hasMerchantReturnPolicy\":{\"@type\":\"MerchantReturnPolicy\",\"merchantReturnLink\":\"https:\/\/xstyle.md\/ro\/conditions\/\"}}]}<\/script>\n<meta property=\"product:price:amount\" content=\"2290.00\" \/>\n<meta property=\"product:price:currency\" content=\"MDL\" \/>\n<meta property=\"og:availability\" content=\"instock\" \/>\n<meta property=\"product:availability\" content=\"instock\" \/>\n<meta property=\"product:retailer_item_id\" content=\"8015190276892\" \/>\n<meta property=\"product:condition\" content=\"new\" \/>\n<!-- \/ Yoast SEO plugin. -->","yoast_head_json":{"title":"Casc\u0103 pentru ciclism Met Velenco Ce olive iridescent matt - Magazin Xstyle","description":"Casc\u0103 de biciclet\u0103 Met Velenco Ce de culoare verde m\u0103slin cu protec\u021bie MIPS. Ideal\u0103 pentru toate stilurile de mers. Siguran\u021b\u0103 \u0219i stil \u00eentr-un singur produs!","robots":{"index":"index","follow":"follow","max-snippet":"max-snippet:-1","max-image-preview":"max-image-preview:large","max-video-preview":"max-video-preview:-1"},"canonical":"https:\/\/xstyle.md\/ro\/produs\/velosipednyj-shlem-met-velenco-ce-olive-iridescent-matt\/","og_locale":"ro_RO","og_type":"article","og_title":"\u0412\u0435\u043b\u043e\u0441\u0438\u043f\u0435\u0434\u043d\u044b\u0439 \u0448\u043b\u0435\u043c Met Velenco Ce olive iridescent matt - \u041c\u0430\u0433\u0430\u0437\u0438\u043d Xstyle","og_description":"\u0412\u0435\u043b\u043e\u0441\u0438\u043f\u0435\u0434\u043d\u044b\u0439 \u0448\u043b\u0435\u043c Met Velenco Ce \u043e\u043b\u0438\u0432\u043a\u043e\u0432\u043e\u0433\u043e \u0446\u0432\u0435\u0442\u0430 \u0441 \u0437\u0430\u0449\u0438\u0442\u043e\u0439 MIPS. \u0418\u0434\u0435\u0430\u043b\u0435\u043d \u0434\u043b\u044f \u0432\u0441\u0435\u0445 \u0441\u0442\u0438\u043b\u0435\u0439 \u043a\u0430\u0442\u0430\u043d\u0438\u044f. \u0411\u0435\u0437\u043e\u043f\u0430\u0441\u043d\u043e\u0441\u0442\u044c \u0438 \u0441\u0442\u0438\u043b\u044c \u0432 \u043e\u0434\u043d\u043e\u043c!","og_url":"https:\/\/xstyle.md\/ro\/produs\/velosipednyj-shlem-met-velenco-ce-olive-iridescent-matt\/","og_site_name":"\u041c\u0430\u0433\u0430\u0437\u0438\u043d Xstyle","article_publisher":"https:\/\/www.facebook.com\/xstylemd","article_modified_time":"2026-03-19T14:19:59+00:00","og_image":[{"width":1600,"height":1600,"url":"https:\/\/xstyle.md\/wp-content\/uploads\/2024\/04\/met-velenco-ce-olive-iridescent-matt.jpg","type":"image\/jpeg"}],"twitter_card":"summary_large_image","twitter_misc":{"Pre\u021b":"2.290&nbsp;MDL","Disponibilitate":"\u00cen stoc"},"schema":{"@context":"https:\/\/schema.org","@graph":[{"@type":"WebPage","@id":"https:\/\/xstyle.md\/product\/velosipednyj-shlem-met-velenco-ce-olive-iridescent-matt\/","url":"https:\/\/xstyle.md\/product\/velosipednyj-shlem-met-velenco-ce-olive-iridescent-matt\/","name":"Casc\u0103 pentru ciclism Met Velenco Ce olive iridescent matt - Magazin Xstyle","isPartOf":{"@id":"https:\/\/xstyle.md\/#website"},"primaryImageOfPage":{"@id":"https:\/\/xstyle.md\/product\/velosipednyj-shlem-met-velenco-ce-olive-iridescent-matt\/#primaryimage"},"image":{"@id":"https:\/\/xstyle.md\/product\/velosipednyj-shlem-met-velenco-ce-olive-iridescent-matt\/#primaryimage"},"thumbnailUrl":"https:\/\/xstyle.md\/wp-content\/uploads\/2024\/04\/met-velenco-ce-olive-iridescent-matt.jpg","datePublished":"2024-04-25T11:26:31+00:00","dateModified":"2026-03-19T14:19:59+00:00","description":"Casc\u0103 de biciclet\u0103 Met Velenco Ce de culoare verde m\u0103slin cu protec\u021bie MIPS. Ideal\u0103 pentru toate stilurile de mers. Siguran\u021b\u0103 \u0219i stil \u00eentr-un singur produs!","breadcrumb":{"@id":"https:\/\/xstyle.md\/product\/velosipednyj-shlem-met-velenco-ce-olive-iridescent-matt\/#breadcrumb"},"inLanguage":"ro-RO","potentialAction":[{"@type":"ReadAction","target":["https:\/\/xstyle.md\/product\/velosipednyj-shlem-met-velenco-ce-olive-iridescent-matt\/"]}]},{"@type":"ImageObject","inLanguage":"ro-RO","@id":"https:\/\/xstyle.md\/product\/velosipednyj-shlem-met-velenco-ce-olive-iridescent-matt\/#primaryimage","url":"https:\/\/xstyle.md\/wp-content\/uploads\/2024\/04\/met-velenco-ce-olive-iridescent-matt.jpg","contentUrl":"https:\/\/xstyle.md\/wp-content\/uploads\/2024\/04\/met-velenco-ce-olive-iridescent-matt.jpg","width":1600,"height":1600,"caption":"\u0428\u043b\u0435\u043c \u0434\u043b\u044f \u0430\u043a\u0442\u0438\u0432\u043d\u043e\u0433\u043e \u043e\u0442\u0434\u044b\u0445\u0430 \u0438 \u043f\u0443\u0442\u0435\u0448\u0435\u0441\u0442\u0432\u0438\u0439 Met Velenco Ce \u0432 \u043e\u043b\u0438\u0432\u043a\u043e\u0432\u043e\u043c \u043c\u0430\u0442\u043e\u0432\u043e\u043c \u0446\u0432\u0435\u0442\u0435, \u043f\u043e\u0434\u0445\u043e\u0434\u044f\u0449\u0438\u0439 \u0434\u043b\u044f \u0433\u043e\u0440\u043d\u044b\u0445 \u043f\u043e\u0445\u043e\u0434\u043e\u0432, \u0432\u0435\u043b\u043e\u0441\u043f\u043e\u0440\u0442\u0430 \u0438 \u043f\u043b\u044f\u0436\u043d\u044b\u0445 \u043f\u0440\u043e\u0433\u0443\u043b\u043e\u043a, \u043a\u0443\u043f\u0438\u0442\u044c \u0434\u043b\u044f \u0441\u043f\u043e\u0440\u0442\u0430, \u0442\u0443\u0440\u0438\u0437\u043c\u0430 \u0438 outdoor \u044d\u043a\u0438\u043f\u0438\u0440\u043e\u0432\u043a\u0438"},{"@type":"BreadcrumbList","@id":"https:\/\/xstyle.md\/product\/velosipednyj-shlem-met-velenco-ce-olive-iridescent-matt\/#breadcrumb","itemListElement":[{"@type":"ListItem","position":1,"name":"\u0413\u043b\u0430\u0432\u043d\u0430\u044f \u0441\u0442\u0440\u0430\u043d\u0438\u0446\u0430","item":"https:\/\/xstyle.md\/"},{"@type":"ListItem","position":2,"name":"\u041c\u0430\u0433\u0430\u0437\u0438\u043d","item":"https:\/\/xstyle.md\/shop\/"},{"@type":"ListItem","position":3,"name":"\u0412\u0435\u043b\u043e\u0441\u0438\u043f\u0435\u0434\u043d\u044b\u0439 \u0448\u043b\u0435\u043c Met Velenco Ce olive iridescent matt"}]},{"@type":"WebSite","@id":"https:\/\/xstyle.md\/#website","url":"https:\/\/xstyle.md\/","name":"Magazinul X-Style","description":"Echipamente pentru turism \u0219i sporturi extreme \u00een Moldova. Pre\u021buri, fotografii, caracteristici \u00een Moldova.","publisher":{"@id":"https:\/\/xstyle.md\/#organization"},"alternateName":"X-Style","potentialAction":[{"@type":"SearchAction","target":{"@type":"EntryPoint","urlTemplate":"https:\/\/xstyle.md\/?s={search_term_string}"},"query-input":{"@type":"PropertyValueSpecification","valueRequired":true,"valueName":"search_term_string"}}],"inLanguage":"ro-RO"},{"@type":"Organization","@id":"https:\/\/xstyle.md\/#organization","name":"Magazinul X-Style","alternateName":"x-style","url":"https:\/\/xstyle.md\/","logo":{"@type":"ImageObject","inLanguage":"ro-RO","@id":"https:\/\/xstyle.md\/#\/schema\/logo\/image\/","url":"https:\/\/xstyle.md\/wp-content\/uploads\/2020\/06\/logoicon.svg","contentUrl":"https:\/\/xstyle.md\/wp-content\/uploads\/2020\/06\/logoicon.svg","caption":"\u041c\u0430\u0433\u0430\u0437\u0438\u043d Xstyle"},"image":{"@id":"https:\/\/xstyle.md\/#\/schema\/logo\/image\/"},"sameAs":["https:\/\/www.facebook.com\/xstylemd","https:\/\/www.instagram.com\/xstyle_md\/","https:\/\/t.me\/xstyle_outdoor"],"hasMerchantReturnPolicy":{"@type":"MerchantReturnPolicy","merchantReturnLink":"https:\/\/xstyle.md\/ro\/conditions\/"}}]},"product_price_amount":"2290.00","product_price_currency":"MDL","og_availability":"instock","product_availability":"instock","product_retailer_item_id":"8015190276892","product_condition":"new"},"post_mailing_queue_ids":[],"_links":{"self":[{"href":"https:\/\/xstyle.md\/ro\/wp-json\/wp\/v2\/product\/82509","targetHints":{"allow":["GET"]}}],"collection":[{"href":"https:\/\/xstyle.md\/ro\/wp-json\/wp\/v2\/product"}],"about":[{"href":"https:\/\/xstyle.md\/ro\/wp-json\/wp\/v2\/types\/product"}],"replies":[{"embeddable":true,"href":"https:\/\/xstyle.md\/ro\/wp-json\/wp\/v2\/comments?post=82509"}],"wp:featuredmedia":[{"embeddable":true,"href":"https:\/\/xstyle.md\/ro\/wp-json\/wp\/v2\/media\/82719"}],"wp:attachment":[{"href":"https:\/\/xstyle.md\/ro\/wp-json\/wp\/v2\/media?parent=82509"}],"wp:term":[{"taxonomy":"product_brand","embeddable":true,"href":"https:\/\/xstyle.md\/ro\/wp-json\/wp\/v2\/product_brand?post=82509"},{"taxonomy":"product_cat","embeddable":true,"href":"https:\/\/xstyle.md\/ro\/wp-json\/wp\/v2\/product_cat?post=82509"},{"taxonomy":"product_tag","embeddable":true,"href":"https:\/\/xstyle.md\/ro\/wp-json\/wp\/v2\/product_tag?post=82509"}],"curies":[{"name":"wp","href":"https:\/\/api.w.org\/{rel}","templated":true}]}}