{"id":82502,"date":"2024-04-25T14:26:29","date_gmt":"2024-04-25T11:26:29","guid":{"rendered":"https:\/\/xstyle.md\/?post_type=product&#038;p=82502"},"modified":"2026-03-19T17:19:57","modified_gmt":"2026-03-19T14:19:57","slug":"velosipednyj-shlem-met-idolo-blue-metallic-matt","status":"publish","type":"product","link":"https:\/\/xstyle.md\/ro\/produs\/velosipednyj-shlem-met-idolo-blue-metallic-matt\/","title":{"rendered":"Casc\u0103 ciclism Met Idolo blue metallic matt"},"content":{"rendered":"<\/p>\n<p><strong>Met Idolo<\/strong> &#8212; casca de \u0219osea de \u00eenalt\u0103 calitate \u0219i accesibil\u0103 combin\u0103 o ergonomie extern\u0103 superioar\u0103 cu o construc\u021bie intern\u0103 inteligent conceput\u0103, ideal\u0103 pentru c\u0103l\u0103re\u021bii activi.<\/p>\n<p>Casca de \u0219osea prezentat\u0103 dispune de sistemul de reglare Safe-T E-Mid, care v\u0103 permite s\u0103 regla\u021bi perfect modelul at\u00e2t pe orizontal\u0103, c\u00e2t \u0219i pe vertical\u0103. Inser\u021biile antialergenice Coolmax se pot sp\u0103la manual. Pentru a c\u0103l\u0103tori \u00een siguran\u021b\u0103 pe timp de noapte, casca este dotat\u0103 cu o lumin\u0103 intermitent\u0103 \u0219i elemente reflectorizante.<\/p>\n<h3>Particularit\u0103\u021bi<\/h3>\n<ul>\n<li>Casc\u0103 de ciclism pentru ciclism rutier<\/li>\n<li>Construc\u021bie \u00een mucegai<\/li>\n<li>Strat protector interior din polistiren care absoarbe \u0219ocurile<\/li>\n<li>Forma universal\u0103 a c\u0103\u0219tii<\/li>\n<li>Reglarea u\u0219oar\u0103 a c\u0103\u0219tii datorit\u0103 tehnologiei Safe-T E-Mid, care permite reglarea rapid\u0103 cu o singur\u0103 m\u00e2n\u0103.<\/li>\n<li>LED \u00een rola de reglare pentru o vizibilitate sporit\u0103 a ciclistului pe timp de noapte<\/li>\n<li>Curele de g\u00e2t confortabile \u0219i sigure<\/li>\n<li>Materiale de c\u0103ptu\u0219eal\u0103 hipoalergenice (\u021bes\u0103tur\u0103 antialergenic\u0103)<\/li>\n<li>Tehnologia Anti-Pinch Buckle (Anti-Pinch Buckle technology) previne ca catarama s\u0103 ciupeasc\u0103 accidental pielea g\u00e2tului sau b\u0103rbia.<\/li>\n<li>Inser\u021biile reflectorizante de pe partea din spate a c\u0103\u0219tii \u00eel fac pe c\u0103l\u0103re\u021b mai vizibil pe timp de noapte.<\/li>\n<li>C\u0103ptu\u0219eal\u0103 lavabil\u0103.<\/li>\n<\/ul>\n<h3>Caracteristici<\/h3>\n<ul>\n<li>Num\u0103rul de deschideri de ventila\u021bie &#8212; 15<\/li>\n<li>Certificare &#8212; CE; AS\/NZS<\/li>\n<li>Greutate &#8212; 250 g.<\/li>\n<\/ul>\n<h3>Tehnologie<\/h3>\n<ul>\n<li>Design <strong>In-Mould<\/strong> \u2014 este fuziunea a dou\u0103 p\u0103r\u021bi ale cochiliei c\u0103\u0219tii (interioar\u0103 \u0219i exterioar\u0103) \u00eentr-o singur\u0103 matrice prin intermediul unui proces de fuziune. Aceast\u0103 tehnic\u0103 demonstreaz\u0103 cele mai bune rezultate \u00een ceea ce prive\u0219te absorb\u021bia la impact \u0219i men\u021bine un raport excelent greutate-volum.<\/li>\n<\/ul>\n<h3>Marca<\/h3>\n<p>MET este o companie produc\u0103toare de c\u0103\u0219ti din Italia. Cu un sim\u021b \u00eenn\u0103scut al stilului \u0219i o dragoste pentru biciclete, italienii sunt capabili s\u0103 creeze c\u0103\u0219ti care sunt at\u00e2t elegante, c\u00e2t \u0219i fiabile \u0219i confortabile.<\/p>\n<p>Fiecare casc\u0103 MET exprim\u0103 un stil unic care reune\u0219te o istorie lung\u0103 \u0219i bogat\u0103 a designului italian. Liniile clare \u0219i expresive, formele compacte \u0219i armonioase \u0219i mai ales culorile luminoase ale produselor MET sunt exemple clasice ale acestei bogate tradi\u021bii.<\/p>\n<p>C\u0103\u0219tile MET sunt mai mult dec\u00e2t o simpl\u0103 protec\u021bie, ele nu sunt doar unice prin stilul lor excep\u021bional, ci \u0219i de \u00eenalt\u0103 tehnologie. Cu inova\u021bii introduse \u00een fiecare an de inginerii MET, compania continu\u0103 s\u0103 men\u021bin\u0103 calitatea materialelor \u0219i a manoperei fiec\u0103rui model de casc\u0103 pe tot parcursul procesului de fabrica\u021bie. MET ofer\u0103 fiec\u0103rui ciclist o experien\u021b\u0103 de ciclism cu adev\u0103rat pl\u0103cut\u0103.<\/p>\n<p><\/p>","protected":false},"excerpt":{"rendered":"","protected":false},"featured_media":82666,"comment_status":"open","ping_status":"closed","template":"","meta":{"_acf_changed":false,"inline_featured_image":false},"product_brand":[1371],"product_cat":[536],"product_tag":[],"class_list":{"0":"post-82502","1":"product","2":"type-product","3":"status-publish","4":"has-post-thumbnail","6":"product_brand-met","7":"product_cat-velo-helmets","9":"first","10":"instock","11":"shipping-taxable","12":"purchasable","13":"product-type-simple"},"acf":[],"yoast_head":"<!-- This site is optimized with the Yoast SEO plugin v27.2 - https:\/\/yoast.com\/product\/yoast-seo-wordpress\/ -->\n<title>\u0412\u0435\u043b\u043e\u0441\u0438\u043f\u0435\u0434\u043d\u044b\u0439 \u0448\u043b\u0435\u043c Met Idolo blue metallic matt - \u041c\u0430\u0433\u0430\u0437\u0438\u043d Xstyle<\/title>\n<meta name=\"description\" content=\"\u041e\u0442\u043a\u0440\u043e\u0439\u0442\u0435 \u043c\u0438\u0440 \u043a\u043e\u043c\u0444\u043e\u0440\u0442\u0430 \u0438 \u0431\u0435\u0437\u043e\u043f\u0430\u0441\u043d\u043e\u0441\u0442\u0438 \u0441 \u0432\u0435\u043b\u043e\u0448\u043b\u0435\u043c\u043e\u043c Met Idolo blue metallic matt. \u042d\u0440\u0433\u043e\u043d\u043e\u043c\u0438\u0447\u043d\u044b\u0439 \u0434\u0438\u0437\u0430\u0439\u043d, \u0430\u043d\u0442\u0438\u043c\u0438\u043a\u0440\u043e\u0431\u043d\u0430\u044f \u0442\u043a\u0430\u043d\u044c \u0438 \u0437\u0430\u0449\u0438\u0442\u0430 \u043e\u0442 \u0437\u0430\u0449\u0435\u043c\u043b\u0435\u043d\u0438\u044f!\" \/>\n<meta name=\"robots\" content=\"index, follow, max-snippet:-1, max-image-preview:large, max-video-preview:-1\" \/>\n<link rel=\"canonical\" href=\"https:\/\/xstyle.md\/ro\/produs\/velosipednyj-shlem-met-idolo-blue-metallic-matt\/\" \/>\n<meta property=\"og:locale\" content=\"ro_RO\" \/>\n<meta property=\"og:type\" content=\"article\" \/>\n<meta property=\"og:title\" content=\"\u0412\u0435\u043b\u043e\u0441\u0438\u043f\u0435\u0434\u043d\u044b\u0439 \u0448\u043b\u0435\u043c Met Idolo blue metallic matt - \u041c\u0430\u0433\u0430\u0437\u0438\u043d Xstyle\" \/>\n<meta property=\"og:description\" content=\"\u041e\u0442\u043a\u0440\u043e\u0439\u0442\u0435 \u043c\u0438\u0440 \u043a\u043e\u043c\u0444\u043e\u0440\u0442\u0430 \u0438 \u0431\u0435\u0437\u043e\u043f\u0430\u0441\u043d\u043e\u0441\u0442\u0438 \u0441 \u0432\u0435\u043b\u043e\u0448\u043b\u0435\u043c\u043e\u043c Met Idolo blue metallic matt. \u042d\u0440\u0433\u043e\u043d\u043e\u043c\u0438\u0447\u043d\u044b\u0439 \u0434\u0438\u0437\u0430\u0439\u043d, \u0430\u043d\u0442\u0438\u043c\u0438\u043a\u0440\u043e\u0431\u043d\u0430\u044f \u0442\u043a\u0430\u043d\u044c \u0438 \u0437\u0430\u0449\u0438\u0442\u0430 \u043e\u0442 \u0437\u0430\u0449\u0435\u043c\u043b\u0435\u043d\u0438\u044f!\" \/>\n<meta property=\"og:url\" content=\"https:\/\/xstyle.md\/ro\/produs\/velosipednyj-shlem-met-idolo-blue-metallic-matt\/\" \/>\n<meta property=\"og:site_name\" content=\"\u041c\u0430\u0433\u0430\u0437\u0438\u043d Xstyle\" \/>\n<meta property=\"article:publisher\" content=\"https:\/\/www.facebook.com\/xstylemd\" \/>\n<meta property=\"article:modified_time\" content=\"2026-03-19T14:19:57+00:00\" \/>\n<meta property=\"og:image\" content=\"https:\/\/xstyle.md\/wp-content\/uploads\/2024\/04\/met-idolo-blue-metallic-matt_11zon.jpg\" \/>\n\t<meta property=\"og:image:width\" content=\"1880\" \/>\n\t<meta property=\"og:image:height\" content=\"1617\" \/>\n\t<meta property=\"og:image:type\" content=\"image\/jpeg\" \/>\n<meta name=\"twitter:card\" content=\"summary_large_image\" \/>\n<meta name=\"twitter:label1\" content=\"Pre\u021b\" \/>\n\t<meta name=\"twitter:data1\" content=\"1.390&nbsp;MDL\" \/>\n\t<meta name=\"twitter:label2\" content=\"Disponibilitate\" \/>\n\t<meta name=\"twitter:data2\" content=\"\u00cen stoc\" \/>\n<script type=\"application\/ld+json\" class=\"yoast-schema-graph\">{\"@context\":\"https:\/\/schema.org\",\"@graph\":[{\"@type\":\"WebPage\",\"@id\":\"https:\/\/xstyle.md\/product\/velosipednyj-shlem-met-idolo-blue-metallic-matt\/\",\"url\":\"https:\/\/xstyle.md\/product\/velosipednyj-shlem-met-idolo-blue-metallic-matt\/\",\"name\":\"\u0412\u0435\u043b\u043e\u0441\u0438\u043f\u0435\u0434\u043d\u044b\u0439 \u0448\u043b\u0435\u043c Met Idolo blue metallic matt - \u041c\u0430\u0433\u0430\u0437\u0438\u043d Xstyle\",\"isPartOf\":{\"@id\":\"https:\/\/xstyle.md\/#website\"},\"primaryImageOfPage\":{\"@id\":\"https:\/\/xstyle.md\/product\/velosipednyj-shlem-met-idolo-blue-metallic-matt\/#primaryimage\"},\"image\":{\"@id\":\"https:\/\/xstyle.md\/product\/velosipednyj-shlem-met-idolo-blue-metallic-matt\/#primaryimage\"},\"thumbnailUrl\":\"https:\/\/xstyle.md\/wp-content\/uploads\/2024\/04\/met-idolo-blue-metallic-matt_11zon.jpg\",\"datePublished\":\"2024-04-25T11:26:29+00:00\",\"dateModified\":\"2026-03-19T14:19:57+00:00\",\"description\":\"\u041e\u0442\u043a\u0440\u043e\u0439\u0442\u0435 \u043c\u0438\u0440 \u043a\u043e\u043c\u0444\u043e\u0440\u0442\u0430 \u0438 \u0431\u0435\u0437\u043e\u043f\u0430\u0441\u043d\u043e\u0441\u0442\u0438 \u0441 \u0432\u0435\u043b\u043e\u0448\u043b\u0435\u043c\u043e\u043c Met Idolo blue metallic matt. \u042d\u0440\u0433\u043e\u043d\u043e\u043c\u0438\u0447\u043d\u044b\u0439 \u0434\u0438\u0437\u0430\u0439\u043d, \u0430\u043d\u0442\u0438\u043c\u0438\u043a\u0440\u043e\u0431\u043d\u0430\u044f \u0442\u043a\u0430\u043d\u044c \u0438 \u0437\u0430\u0449\u0438\u0442\u0430 \u043e\u0442 \u0437\u0430\u0449\u0435\u043c\u043b\u0435\u043d\u0438\u044f!\",\"breadcrumb\":{\"@id\":\"https:\/\/xstyle.md\/product\/velosipednyj-shlem-met-idolo-blue-metallic-matt\/#breadcrumb\"},\"inLanguage\":\"ro-RO\",\"potentialAction\":[{\"@type\":\"ReadAction\",\"target\":[\"https:\/\/xstyle.md\/product\/velosipednyj-shlem-met-idolo-blue-metallic-matt\/\"]}]},{\"@type\":\"ImageObject\",\"inLanguage\":\"ro-RO\",\"@id\":\"https:\/\/xstyle.md\/product\/velosipednyj-shlem-met-idolo-blue-metallic-matt\/#primaryimage\",\"url\":\"https:\/\/xstyle.md\/wp-content\/uploads\/2024\/04\/met-idolo-blue-metallic-matt_11zon.jpg\",\"contentUrl\":\"https:\/\/xstyle.md\/wp-content\/uploads\/2024\/04\/met-idolo-blue-metallic-matt_11zon.jpg\",\"width\":1880,\"height\":1617,\"caption\":\"\u0420\u0430\u043d\u0435\u0446 \u0438 \u044d\u043a\u0438\u043f\u0438\u0440\u043e\u0432\u043a\u0430 \u0434\u043b\u044f \u0430\u043a\u0442\u0438\u0432\u043d\u043e\u0433\u043e \u043e\u0442\u0434\u044b\u0445\u0430 \u0438 \u043f\u0443\u0442\u0435\u0448\u0435\u0441\u0442\u0432\u0438\u0439 \u0441 \u0432\u0435\u043b\u043e\u0441\u0438\u043f\u0435\u0434\u043d\u044b\u043c \u0448\u043b\u0435\u043c\u043e\u043c Met Idolo blue metallic matt \u0434\u043b\u044f \u0445\u0430\u0439\u043a\u0438\u043d\u0433\u0430 \u0430\u043b\u044c\u043f\u0438\u043d\u0438\u0437\u043c\u0430 \u0438 \u0442\u0443\u0440\u0438\u0437\u043c\u0430 \u0432 \u043e\u043d\u043b\u0430\u0439\u043d \u043c\u0430\u0433\u0430\u0437\u0438\u043d\u0435 \u0441\u043f\u043e\u0440\u0442\u0438\u0432\u043d\u043e\u0439 \u043e\u0434\u0435\u0436\u0434\u044b \u0438 \u043e\u0431\u0443\u0432\u0438\"},{\"@type\":\"BreadcrumbList\",\"@id\":\"https:\/\/xstyle.md\/product\/velosipednyj-shlem-met-idolo-blue-metallic-matt\/#breadcrumb\",\"itemListElement\":[{\"@type\":\"ListItem\",\"position\":1,\"name\":\"\u0413\u043b\u0430\u0432\u043d\u0430\u044f \u0441\u0442\u0440\u0430\u043d\u0438\u0446\u0430\",\"item\":\"https:\/\/xstyle.md\/\"},{\"@type\":\"ListItem\",\"position\":2,\"name\":\"\u041c\u0430\u0433\u0430\u0437\u0438\u043d\",\"item\":\"https:\/\/xstyle.md\/shop\/\"},{\"@type\":\"ListItem\",\"position\":3,\"name\":\"\u0412\u0435\u043b\u043e\u0441\u0438\u043f\u0435\u0434\u043d\u044b\u0439 \u0448\u043b\u0435\u043c Met Idolo blue metallic matt\"}]},{\"@type\":\"WebSite\",\"@id\":\"https:\/\/xstyle.md\/#website\",\"url\":\"https:\/\/xstyle.md\/\",\"name\":\"\u041c\u0430\u0433\u0430\u0437\u0438\u043d Xstyle\",\"description\":\"C\u043d\u0430\u0440\u044f\u0436\u0435\u043d\u0438\u0435 \u0434\u043b\u044f \u0442\u0443\u0440\u0438\u0437\u043c\u0430 \u0438 \u044d\u043a\u0441\u0442\u0440\u0435\u043c\u0430\u043b\u044c\u043d\u044b\u0445 \u0432\u0438\u0434\u043e\u0432 \u0441\u043f\u043e\u0440\u0442\u0430 \u0432 \u041c\u043e\u043b\u0434\u043e\u0432\u0435.. \u0426\u0435\u043d\u044b, \u0444\u043e\u0442\u043e, \u0445\u0430\u0440\u0430\u043a\u0442\u0435\u0440\u0438\u0441\u0442\u0438\u043a\u0438 \u0432 \u041c\u043e\u043b\u0434\u043e\u0432\u0435.\",\"publisher\":{\"@id\":\"https:\/\/xstyle.md\/#organization\"},\"alternateName\":\"X-Style\",\"potentialAction\":[{\"@type\":\"SearchAction\",\"target\":{\"@type\":\"EntryPoint\",\"urlTemplate\":\"https:\/\/xstyle.md\/?s={search_term_string}\"},\"query-input\":{\"@type\":\"PropertyValueSpecification\",\"valueRequired\":true,\"valueName\":\"search_term_string\"}}],\"inLanguage\":\"ro-RO\"},{\"@type\":\"Organization\",\"@id\":\"https:\/\/xstyle.md\/#organization\",\"name\":\"\u041c\u0430\u0433\u0430\u0437\u0438\u043d Xstyle\",\"alternateName\":\"x-style\",\"url\":\"https:\/\/xstyle.md\/\",\"logo\":{\"@type\":\"ImageObject\",\"inLanguage\":\"ro-RO\",\"@id\":\"https:\/\/xstyle.md\/#\/schema\/logo\/image\/\",\"url\":\"https:\/\/xstyle.md\/wp-content\/uploads\/2020\/06\/logoicon.svg\",\"contentUrl\":\"https:\/\/xstyle.md\/wp-content\/uploads\/2020\/06\/logoicon.svg\",\"caption\":\"\u041c\u0430\u0433\u0430\u0437\u0438\u043d Xstyle\"},\"image\":{\"@id\":\"https:\/\/xstyle.md\/#\/schema\/logo\/image\/\"},\"sameAs\":[\"https:\/\/www.facebook.com\/xstylemd\",\"https:\/\/www.instagram.com\/xstyle_md\/\",\"https:\/\/t.me\/xstyle_outdoor\"],\"hasMerchantReturnPolicy\":{\"@type\":\"MerchantReturnPolicy\",\"merchantReturnLink\":\"https:\/\/xstyle.md\/ro\/conditions\/\"}}]}<\/script>\n<meta property=\"product:price:amount\" content=\"1390.00\" \/>\n<meta property=\"product:price:currency\" content=\"MDL\" \/>\n<meta property=\"og:availability\" content=\"instock\" \/>\n<meta property=\"product:availability\" content=\"instock\" \/>\n<meta property=\"product:retailer_item_id\" content=\"8015190282770\" \/>\n<meta property=\"product:condition\" content=\"new\" \/>\n<!-- \/ Yoast SEO plugin. -->","yoast_head_json":{"title":"Casc\u0103 pentru ciclism Met Idolo blue metallic matt - Magazin Xstyle","description":"Deschide\u021bi lumea confortului \u0219i siguran\u021bei cu casc\u0103 de biciclet\u0103 Met Idolo blue metallic matt. Design ergonomic, \u021bes\u0103tur\u0103 antimicrobian\u0103 \u0219i protec\u021bie \u00eempotriva str\u00e2ngerii!","robots":{"index":"index","follow":"follow","max-snippet":"max-snippet:-1","max-image-preview":"max-image-preview:large","max-video-preview":"max-video-preview:-1"},"canonical":"https:\/\/xstyle.md\/ro\/produs\/velosipednyj-shlem-met-idolo-blue-metallic-matt\/","og_locale":"ro_RO","og_type":"article","og_title":"\u0412\u0435\u043b\u043e\u0441\u0438\u043f\u0435\u0434\u043d\u044b\u0439 \u0448\u043b\u0435\u043c Met Idolo blue metallic matt - \u041c\u0430\u0433\u0430\u0437\u0438\u043d Xstyle","og_description":"\u041e\u0442\u043a\u0440\u043e\u0439\u0442\u0435 \u043c\u0438\u0440 \u043a\u043e\u043c\u0444\u043e\u0440\u0442\u0430 \u0438 \u0431\u0435\u0437\u043e\u043f\u0430\u0441\u043d\u043e\u0441\u0442\u0438 \u0441 \u0432\u0435\u043b\u043e\u0448\u043b\u0435\u043c\u043e\u043c Met Idolo blue metallic matt. \u042d\u0440\u0433\u043e\u043d\u043e\u043c\u0438\u0447\u043d\u044b\u0439 \u0434\u0438\u0437\u0430\u0439\u043d, \u0430\u043d\u0442\u0438\u043c\u0438\u043a\u0440\u043e\u0431\u043d\u0430\u044f \u0442\u043a\u0430\u043d\u044c \u0438 \u0437\u0430\u0449\u0438\u0442\u0430 \u043e\u0442 \u0437\u0430\u0449\u0435\u043c\u043b\u0435\u043d\u0438\u044f!","og_url":"https:\/\/xstyle.md\/ro\/produs\/velosipednyj-shlem-met-idolo-blue-metallic-matt\/","og_site_name":"\u041c\u0430\u0433\u0430\u0437\u0438\u043d Xstyle","article_publisher":"https:\/\/www.facebook.com\/xstylemd","article_modified_time":"2026-03-19T14:19:57+00:00","og_image":[{"width":1880,"height":1617,"url":"https:\/\/xstyle.md\/wp-content\/uploads\/2024\/04\/met-idolo-blue-metallic-matt_11zon.jpg","type":"image\/jpeg"}],"twitter_card":"summary_large_image","twitter_misc":{"Pre\u021b":"1.390&nbsp;MDL","Disponibilitate":"\u00cen stoc"},"schema":{"@context":"https:\/\/schema.org","@graph":[{"@type":"WebPage","@id":"https:\/\/xstyle.md\/product\/velosipednyj-shlem-met-idolo-blue-metallic-matt\/","url":"https:\/\/xstyle.md\/product\/velosipednyj-shlem-met-idolo-blue-metallic-matt\/","name":"Casc\u0103 pentru ciclism Met Idolo blue metallic matt - Magazin Xstyle","isPartOf":{"@id":"https:\/\/xstyle.md\/#website"},"primaryImageOfPage":{"@id":"https:\/\/xstyle.md\/product\/velosipednyj-shlem-met-idolo-blue-metallic-matt\/#primaryimage"},"image":{"@id":"https:\/\/xstyle.md\/product\/velosipednyj-shlem-met-idolo-blue-metallic-matt\/#primaryimage"},"thumbnailUrl":"https:\/\/xstyle.md\/wp-content\/uploads\/2024\/04\/met-idolo-blue-metallic-matt_11zon.jpg","datePublished":"2024-04-25T11:26:29+00:00","dateModified":"2026-03-19T14:19:57+00:00","description":"Deschide\u021bi lumea confortului \u0219i siguran\u021bei cu casc\u0103 de biciclet\u0103 Met Idolo blue metallic matt. Design ergonomic, \u021bes\u0103tur\u0103 antimicrobian\u0103 \u0219i protec\u021bie \u00eempotriva str\u00e2ngerii!","breadcrumb":{"@id":"https:\/\/xstyle.md\/product\/velosipednyj-shlem-met-idolo-blue-metallic-matt\/#breadcrumb"},"inLanguage":"ro-RO","potentialAction":[{"@type":"ReadAction","target":["https:\/\/xstyle.md\/product\/velosipednyj-shlem-met-idolo-blue-metallic-matt\/"]}]},{"@type":"ImageObject","inLanguage":"ro-RO","@id":"https:\/\/xstyle.md\/product\/velosipednyj-shlem-met-idolo-blue-metallic-matt\/#primaryimage","url":"https:\/\/xstyle.md\/wp-content\/uploads\/2024\/04\/met-idolo-blue-metallic-matt_11zon.jpg","contentUrl":"https:\/\/xstyle.md\/wp-content\/uploads\/2024\/04\/met-idolo-blue-metallic-matt_11zon.jpg","width":1880,"height":1617,"caption":"\u0420\u0430\u043d\u0435\u0446 \u0438 \u044d\u043a\u0438\u043f\u0438\u0440\u043e\u0432\u043a\u0430 \u0434\u043b\u044f \u0430\u043a\u0442\u0438\u0432\u043d\u043e\u0433\u043e \u043e\u0442\u0434\u044b\u0445\u0430 \u0438 \u043f\u0443\u0442\u0435\u0448\u0435\u0441\u0442\u0432\u0438\u0439 \u0441 \u0432\u0435\u043b\u043e\u0441\u0438\u043f\u0435\u0434\u043d\u044b\u043c \u0448\u043b\u0435\u043c\u043e\u043c Met Idolo blue metallic matt \u0434\u043b\u044f \u0445\u0430\u0439\u043a\u0438\u043d\u0433\u0430 \u0430\u043b\u044c\u043f\u0438\u043d\u0438\u0437\u043c\u0430 \u0438 \u0442\u0443\u0440\u0438\u0437\u043c\u0430 \u0432 \u043e\u043d\u043b\u0430\u0439\u043d \u043c\u0430\u0433\u0430\u0437\u0438\u043d\u0435 \u0441\u043f\u043e\u0440\u0442\u0438\u0432\u043d\u043e\u0439 \u043e\u0434\u0435\u0436\u0434\u044b \u0438 \u043e\u0431\u0443\u0432\u0438"},{"@type":"BreadcrumbList","@id":"https:\/\/xstyle.md\/product\/velosipednyj-shlem-met-idolo-blue-metallic-matt\/#breadcrumb","itemListElement":[{"@type":"ListItem","position":1,"name":"\u0413\u043b\u0430\u0432\u043d\u0430\u044f \u0441\u0442\u0440\u0430\u043d\u0438\u0446\u0430","item":"https:\/\/xstyle.md\/"},{"@type":"ListItem","position":2,"name":"\u041c\u0430\u0433\u0430\u0437\u0438\u043d","item":"https:\/\/xstyle.md\/shop\/"},{"@type":"ListItem","position":3,"name":"\u0412\u0435\u043b\u043e\u0441\u0438\u043f\u0435\u0434\u043d\u044b\u0439 \u0448\u043b\u0435\u043c Met Idolo blue metallic matt"}]},{"@type":"WebSite","@id":"https:\/\/xstyle.md\/#website","url":"https:\/\/xstyle.md\/","name":"Magazinul X-Style","description":"Echipamente pentru turism \u0219i sporturi extreme \u00een Moldova. Pre\u021buri, fotografii, caracteristici \u00een Moldova.","publisher":{"@id":"https:\/\/xstyle.md\/#organization"},"alternateName":"X-Style","potentialAction":[{"@type":"SearchAction","target":{"@type":"EntryPoint","urlTemplate":"https:\/\/xstyle.md\/?s={search_term_string}"},"query-input":{"@type":"PropertyValueSpecification","valueRequired":true,"valueName":"search_term_string"}}],"inLanguage":"ro-RO"},{"@type":"Organization","@id":"https:\/\/xstyle.md\/#organization","name":"Magazinul X-Style","alternateName":"x-style","url":"https:\/\/xstyle.md\/","logo":{"@type":"ImageObject","inLanguage":"ro-RO","@id":"https:\/\/xstyle.md\/#\/schema\/logo\/image\/","url":"https:\/\/xstyle.md\/wp-content\/uploads\/2020\/06\/logoicon.svg","contentUrl":"https:\/\/xstyle.md\/wp-content\/uploads\/2020\/06\/logoicon.svg","caption":"\u041c\u0430\u0433\u0430\u0437\u0438\u043d Xstyle"},"image":{"@id":"https:\/\/xstyle.md\/#\/schema\/logo\/image\/"},"sameAs":["https:\/\/www.facebook.com\/xstylemd","https:\/\/www.instagram.com\/xstyle_md\/","https:\/\/t.me\/xstyle_outdoor"],"hasMerchantReturnPolicy":{"@type":"MerchantReturnPolicy","merchantReturnLink":"https:\/\/xstyle.md\/ro\/conditions\/"}}]},"product_price_amount":"1390.00","product_price_currency":"MDL","og_availability":"instock","product_availability":"instock","product_retailer_item_id":"8015190282770","product_condition":"new"},"post_mailing_queue_ids":[],"_links":{"self":[{"href":"https:\/\/xstyle.md\/ro\/wp-json\/wp\/v2\/product\/82502","targetHints":{"allow":["GET"]}}],"collection":[{"href":"https:\/\/xstyle.md\/ro\/wp-json\/wp\/v2\/product"}],"about":[{"href":"https:\/\/xstyle.md\/ro\/wp-json\/wp\/v2\/types\/product"}],"replies":[{"embeddable":true,"href":"https:\/\/xstyle.md\/ro\/wp-json\/wp\/v2\/comments?post=82502"}],"wp:featuredmedia":[{"embeddable":true,"href":"https:\/\/xstyle.md\/ro\/wp-json\/wp\/v2\/media\/82666"}],"wp:attachment":[{"href":"https:\/\/xstyle.md\/ro\/wp-json\/wp\/v2\/media?parent=82502"}],"wp:term":[{"taxonomy":"product_brand","embeddable":true,"href":"https:\/\/xstyle.md\/ro\/wp-json\/wp\/v2\/product_brand?post=82502"},{"taxonomy":"product_cat","embeddable":true,"href":"https:\/\/xstyle.md\/ro\/wp-json\/wp\/v2\/product_cat?post=82502"},{"taxonomy":"product_tag","embeddable":true,"href":"https:\/\/xstyle.md\/ro\/wp-json\/wp\/v2\/product_tag?post=82502"}],"curies":[{"name":"wp","href":"https:\/\/api.w.org\/{rel}","templated":true}]}}