{"id":82495,"date":"2024-04-25T14:26:28","date_gmt":"2024-04-25T11:26:28","guid":{"rendered":"https:\/\/xstyle.md\/?post_type=product&#038;p=82495"},"modified":"2026-03-19T17:19:55","modified_gmt":"2026-03-19T14:19:55","slug":"velosipednyj-shlem-met-crackerjack-fluo-lime","status":"publish","type":"product","link":"https:\/\/xstyle.md\/ro\/produs\/velosipednyj-shlem-met-crackerjack-fluo-lime\/","title":{"rendered":"Casc\u0103 ciclism Met Crackerjack fluo lime"},"content":{"rendered":"<\/p>\n<p><strong>Met Crackerjack<\/strong>\u00a0&#8212; o casc\u0103 de ciclism popular\u0103 pentru adolescen\u021bi, care a fost testat\u0103 riguros pentru a func\u021biona la fel de bine ca \u0219i produsele pentru adul\u021bi. Tinerii cicli\u0219ti merit\u0103 tot ce este mai bun, nu numai \u00een ceea ce prive\u0219te siguran\u021ba, ci \u0219i \u00een ceea ce prive\u0219te designul \u0219i stilul excep\u021bional.<\/p>\n<h3>Particularit\u0103\u021bi<\/h3>\n<ul>\n<li>Designul IN-MOULDING INTELLIGENT FUSION INTELLIGENT FUSION<\/li>\n<li>Tampoane confortabile care se pot sp\u0103la manual<\/li>\n<li>Curele de g\u00e2t confortabile \u0219i sigure<\/li>\n<li>Vizier\u0103 deta\u0219abil\u0103<\/li>\n<li>Inser\u021bii antialergenice<\/li>\n<li>Sistem de reglare Safe-T E-Twist (intermitent)<\/li>\n<li>Inser\u021bia reflectorizant\u0103 de pe partea din spate a capului face c\u0103l\u0103re\u021bul mai vizibil pe timp de noapte<\/li>\n<li>O combina\u021bie favorabil\u0103 de fiabilitate \u0219i func\u021bionalitate.<\/li>\n<\/ul>\n<h3>Caracteristici<\/h3>\n<ul>\n<li>Num\u0103rul de deschideri de ventila\u021bie &#8212; 11<\/li>\n<li>Certificare &#8212; CE EN 1078, AUS AS\/NZ 2063<\/li>\n<li>Greutate &#8212; 265 g.<\/li>\n<\/ul>\n<h3>Tehnologie<\/h3>\n<ul>\n<li>Design <strong>In-Mould<\/strong> \u2014 este fuziunea a dou\u0103 p\u0103r\u021bi ale cochiliei c\u0103\u0219tii (interioar\u0103 \u0219i exterioar\u0103) \u00eentr-o singur\u0103 matrice prin intermediul unui proces de fuziune. Aceast\u0103 tehnic\u0103 demonstreaz\u0103 cele mai bune rezultate \u00een ceea ce prive\u0219te absorb\u021bia la impact \u0219i men\u021bine un raport excelent greutate-volum.<\/li>\n<\/ul>\n<h3>Marca<\/h3>\n<p>MET este o companie produc\u0103toare de c\u0103\u0219ti din Italia. Cu un sim\u021b \u00eenn\u0103scut al stilului \u0219i o dragoste pentru biciclete, italienii sunt capabili s\u0103 creeze c\u0103\u0219ti care sunt at\u00e2t elegante, c\u00e2t \u0219i fiabile \u0219i confortabile.<\/p>\n<p>Fiecare casc\u0103 MET exprim\u0103 un stil unic care reune\u0219te o istorie lung\u0103 \u0219i bogat\u0103 a designului italian. Liniile clare \u0219i expresive, formele compacte \u0219i armonioase \u0219i mai ales culorile luminoase ale produselor MET sunt exemple clasice ale acestei bogate tradi\u021bii.<\/p>\n<p>C\u0103\u0219tile MET sunt mai mult dec\u00e2t o simpl\u0103 protec\u021bie, ele nu sunt doar unice prin stilul lor excep\u021bional, ci \u0219i de \u00eenalt\u0103 tehnologie. Cu inova\u021bii introduse \u00een fiecare an de inginerii MET, compania continu\u0103 s\u0103 men\u021bin\u0103 calitatea materialelor \u0219i a manoperei fiec\u0103rui model de casc\u0103 pe tot parcursul procesului de produc\u021bie. MET ofer\u0103 fiec\u0103rui ciclist o experien\u021b\u0103 de ciclism cu adev\u0103rat pl\u0103cut\u0103.<\/p>\n<p><\/p>","protected":false},"excerpt":{"rendered":"","protected":false},"featured_media":82639,"comment_status":"open","ping_status":"closed","template":"","meta":{"_acf_changed":false,"inline_featured_image":false},"product_brand":[1371],"product_cat":[536],"product_tag":[],"class_list":{"0":"post-82495","1":"product","2":"type-product","3":"status-publish","4":"has-post-thumbnail","6":"product_brand-met","7":"product_cat-velo-helmets","9":"first","10":"instock","11":"shipping-taxable","12":"purchasable","13":"product-type-simple"},"acf":[],"yoast_head":"<!-- This site is optimized with the Yoast SEO plugin v27.2 - https:\/\/yoast.com\/product\/yoast-seo-wordpress\/ -->\n<title>\u0412\u0435\u043b\u043e\u0441\u0438\u043f\u0435\u0434\u043d\u044b\u0439 \u0448\u043b\u0435\u043c Met Crackerjack fluo lime - \u041c\u0430\u0433\u0430\u0437\u0438\u043d Xstyle<\/title>\n<meta name=\"description\" content=\"\u0412\u0435\u043b\u043e\u0441\u0438\u043f\u0435\u0434\u043d\u044b\u0439 \u0448\u043b\u0435\u043c Met Crackerjack fluo lime - \u0431\u0435\u0437\u043e\u043f\u0430\u0441\u043d\u044b\u0439 \u0438 \u0441\u0442\u0438\u043b\u044c\u043d\u044b\u0439 \u0432\u044b\u0431\u043e\u0440 \u0434\u043b\u044f \u043f\u043e\u0434\u0440\u043e\u0441\u0442\u043a\u043e\u0432. \u0421\u0435\u0440\u0442\u0438\u0444\u0438\u0446\u0438\u0440\u043e\u0432\u0430\u043d\u043d\u044b\u0439, \u043d\u0430\u0434\u0435\u0436\u043d\u044b\u0439 \u0434\u0438\u0437\u0430\u0439\u043d \u0434\u043b\u044f \u044e\u043d\u044b\u0445 \u0432\u0435\u043b\u043e\u0441\u0438\u043f\u0435\u0434\u0438\u0441\u0442\u043e\u0432.\" \/>\n<meta name=\"robots\" content=\"index, follow, max-snippet:-1, max-image-preview:large, max-video-preview:-1\" \/>\n<link rel=\"canonical\" href=\"https:\/\/xstyle.md\/ro\/produs\/velosipednyj-shlem-met-crackerjack-fluo-lime\/\" \/>\n<meta property=\"og:locale\" content=\"ro_RO\" \/>\n<meta property=\"og:type\" content=\"article\" \/>\n<meta property=\"og:title\" content=\"\u0412\u0435\u043b\u043e\u0441\u0438\u043f\u0435\u0434\u043d\u044b\u0439 \u0448\u043b\u0435\u043c Met Crackerjack fluo lime - \u041c\u0430\u0433\u0430\u0437\u0438\u043d Xstyle\" \/>\n<meta property=\"og:description\" content=\"\u0412\u0435\u043b\u043e\u0441\u0438\u043f\u0435\u0434\u043d\u044b\u0439 \u0448\u043b\u0435\u043c Met Crackerjack fluo lime - \u0431\u0435\u0437\u043e\u043f\u0430\u0441\u043d\u044b\u0439 \u0438 \u0441\u0442\u0438\u043b\u044c\u043d\u044b\u0439 \u0432\u044b\u0431\u043e\u0440 \u0434\u043b\u044f \u043f\u043e\u0434\u0440\u043e\u0441\u0442\u043a\u043e\u0432. \u0421\u0435\u0440\u0442\u0438\u0444\u0438\u0446\u0438\u0440\u043e\u0432\u0430\u043d\u043d\u044b\u0439, \u043d\u0430\u0434\u0435\u0436\u043d\u044b\u0439 \u0434\u0438\u0437\u0430\u0439\u043d \u0434\u043b\u044f \u044e\u043d\u044b\u0445 \u0432\u0435\u043b\u043e\u0441\u0438\u043f\u0435\u0434\u0438\u0441\u0442\u043e\u0432.\" \/>\n<meta property=\"og:url\" content=\"https:\/\/xstyle.md\/ro\/produs\/velosipednyj-shlem-met-crackerjack-fluo-lime\/\" \/>\n<meta property=\"og:site_name\" content=\"\u041c\u0430\u0433\u0430\u0437\u0438\u043d Xstyle\" \/>\n<meta property=\"article:publisher\" content=\"https:\/\/www.facebook.com\/xstylemd\" \/>\n<meta property=\"article:modified_time\" content=\"2026-03-19T14:19:55+00:00\" \/>\n<meta property=\"og:image\" content=\"https:\/\/xstyle.md\/wp-content\/uploads\/2024\/04\/met-crackerjack-fluo-lime.jpg\" \/>\n\t<meta property=\"og:image:width\" content=\"1772\" \/>\n\t<meta property=\"og:image:height\" content=\"1500\" \/>\n\t<meta property=\"og:image:type\" content=\"image\/jpeg\" \/>\n<meta name=\"twitter:card\" content=\"summary_large_image\" \/>\n<meta name=\"twitter:label1\" content=\"Pre\u021b\" \/>\n\t<meta name=\"twitter:data1\" content=\"1.180&nbsp;MDL\" \/>\n\t<meta name=\"twitter:label2\" content=\"Disponibilitate\" \/>\n\t<meta name=\"twitter:data2\" content=\"\u00cen stoc\" \/>\n<script type=\"application\/ld+json\" class=\"yoast-schema-graph\">{\"@context\":\"https:\/\/schema.org\",\"@graph\":[{\"@type\":\"WebPage\",\"@id\":\"https:\/\/xstyle.md\/product\/velosipednyj-shlem-met-crackerjack-fluo-lime\/\",\"url\":\"https:\/\/xstyle.md\/product\/velosipednyj-shlem-met-crackerjack-fluo-lime\/\",\"name\":\"\u0412\u0435\u043b\u043e\u0441\u0438\u043f\u0435\u0434\u043d\u044b\u0439 \u0448\u043b\u0435\u043c Met Crackerjack fluo lime - \u041c\u0430\u0433\u0430\u0437\u0438\u043d Xstyle\",\"isPartOf\":{\"@id\":\"https:\/\/xstyle.md\/#website\"},\"primaryImageOfPage\":{\"@id\":\"https:\/\/xstyle.md\/product\/velosipednyj-shlem-met-crackerjack-fluo-lime\/#primaryimage\"},\"image\":{\"@id\":\"https:\/\/xstyle.md\/product\/velosipednyj-shlem-met-crackerjack-fluo-lime\/#primaryimage\"},\"thumbnailUrl\":\"https:\/\/xstyle.md\/wp-content\/uploads\/2024\/04\/met-crackerjack-fluo-lime.jpg\",\"datePublished\":\"2024-04-25T11:26:28+00:00\",\"dateModified\":\"2026-03-19T14:19:55+00:00\",\"description\":\"\u0412\u0435\u043b\u043e\u0441\u0438\u043f\u0435\u0434\u043d\u044b\u0439 \u0448\u043b\u0435\u043c Met Crackerjack fluo lime - \u0431\u0435\u0437\u043e\u043f\u0430\u0441\u043d\u044b\u0439 \u0438 \u0441\u0442\u0438\u043b\u044c\u043d\u044b\u0439 \u0432\u044b\u0431\u043e\u0440 \u0434\u043b\u044f \u043f\u043e\u0434\u0440\u043e\u0441\u0442\u043a\u043e\u0432. \u0421\u0435\u0440\u0442\u0438\u0444\u0438\u0446\u0438\u0440\u043e\u0432\u0430\u043d\u043d\u044b\u0439, \u043d\u0430\u0434\u0435\u0436\u043d\u044b\u0439 \u0434\u0438\u0437\u0430\u0439\u043d \u0434\u043b\u044f \u044e\u043d\u044b\u0445 \u0432\u0435\u043b\u043e\u0441\u0438\u043f\u0435\u0434\u0438\u0441\u0442\u043e\u0432.\",\"breadcrumb\":{\"@id\":\"https:\/\/xstyle.md\/product\/velosipednyj-shlem-met-crackerjack-fluo-lime\/#breadcrumb\"},\"inLanguage\":\"ro-RO\",\"potentialAction\":[{\"@type\":\"ReadAction\",\"target\":[\"https:\/\/xstyle.md\/product\/velosipednyj-shlem-met-crackerjack-fluo-lime\/\"]}]},{\"@type\":\"ImageObject\",\"inLanguage\":\"ro-RO\",\"@id\":\"https:\/\/xstyle.md\/product\/velosipednyj-shlem-met-crackerjack-fluo-lime\/#primaryimage\",\"url\":\"https:\/\/xstyle.md\/wp-content\/uploads\/2024\/04\/met-crackerjack-fluo-lime.jpg\",\"contentUrl\":\"https:\/\/xstyle.md\/wp-content\/uploads\/2024\/04\/met-crackerjack-fluo-lime.jpg\",\"width\":1772,\"height\":1500,\"caption\":\"\u0428\u043b\u0435\u043c \u0434\u043b\u044f \u0430\u043a\u0442\u0438\u0432\u043d\u043e\u0433\u043e \u043e\u0442\u0434\u044b\u0445\u0430 \u0438 \u0442\u0443\u0440\u0438\u0441\u0442\u0438\u0447\u0435\u0441\u043a\u0438\u0445 \u043f\u043e\u0445\u043e\u0434\u043e\u0432 Met Crackerjack fluo lime \u043d\u0430 \u043e\u043d\u043b\u0430\u0439\u043d \u043c\u0430\u0433\u0430\u0437\u0438\u043d\u0435 \u0441\u043f\u043e\u0440\u0442\u0438\u0432\u043d\u043e\u0439 \u043e\u0434\u0435\u0436\u0434\u044b \u0438 \u043e\u0431\u0443\u0432\u0438 \u0434\u043b\u044f \u0433\u043e\u0440\u043d\u044b\u0445 \u043f\u043e\u0445\u043e\u0434\u043e\u0432 \u0438 \u043f\u0443\u0442\u0435\u0448\u0435\u0441\u0442\u0432\u0438\u0439\"},{\"@type\":\"BreadcrumbList\",\"@id\":\"https:\/\/xstyle.md\/product\/velosipednyj-shlem-met-crackerjack-fluo-lime\/#breadcrumb\",\"itemListElement\":[{\"@type\":\"ListItem\",\"position\":1,\"name\":\"\u0413\u043b\u0430\u0432\u043d\u0430\u044f \u0441\u0442\u0440\u0430\u043d\u0438\u0446\u0430\",\"item\":\"https:\/\/xstyle.md\/\"},{\"@type\":\"ListItem\",\"position\":2,\"name\":\"\u041c\u0430\u0433\u0430\u0437\u0438\u043d\",\"item\":\"https:\/\/xstyle.md\/shop\/\"},{\"@type\":\"ListItem\",\"position\":3,\"name\":\"\u0412\u0435\u043b\u043e\u0441\u0438\u043f\u0435\u0434\u043d\u044b\u0439 \u0448\u043b\u0435\u043c Met Crackerjack fluo lime\"}]},{\"@type\":\"WebSite\",\"@id\":\"https:\/\/xstyle.md\/#website\",\"url\":\"https:\/\/xstyle.md\/\",\"name\":\"\u041c\u0430\u0433\u0430\u0437\u0438\u043d Xstyle\",\"description\":\"C\u043d\u0430\u0440\u044f\u0436\u0435\u043d\u0438\u0435 \u0434\u043b\u044f \u0442\u0443\u0440\u0438\u0437\u043c\u0430 \u0438 \u044d\u043a\u0441\u0442\u0440\u0435\u043c\u0430\u043b\u044c\u043d\u044b\u0445 \u0432\u0438\u0434\u043e\u0432 \u0441\u043f\u043e\u0440\u0442\u0430 \u0432 \u041c\u043e\u043b\u0434\u043e\u0432\u0435.. \u0426\u0435\u043d\u044b, \u0444\u043e\u0442\u043e, \u0445\u0430\u0440\u0430\u043a\u0442\u0435\u0440\u0438\u0441\u0442\u0438\u043a\u0438 \u0432 \u041c\u043e\u043b\u0434\u043e\u0432\u0435.\",\"publisher\":{\"@id\":\"https:\/\/xstyle.md\/#organization\"},\"alternateName\":\"X-Style\",\"potentialAction\":[{\"@type\":\"SearchAction\",\"target\":{\"@type\":\"EntryPoint\",\"urlTemplate\":\"https:\/\/xstyle.md\/?s={search_term_string}\"},\"query-input\":{\"@type\":\"PropertyValueSpecification\",\"valueRequired\":true,\"valueName\":\"search_term_string\"}}],\"inLanguage\":\"ro-RO\"},{\"@type\":\"Organization\",\"@id\":\"https:\/\/xstyle.md\/#organization\",\"name\":\"\u041c\u0430\u0433\u0430\u0437\u0438\u043d Xstyle\",\"alternateName\":\"x-style\",\"url\":\"https:\/\/xstyle.md\/\",\"logo\":{\"@type\":\"ImageObject\",\"inLanguage\":\"ro-RO\",\"@id\":\"https:\/\/xstyle.md\/#\/schema\/logo\/image\/\",\"url\":\"https:\/\/xstyle.md\/wp-content\/uploads\/2020\/06\/logoicon.svg\",\"contentUrl\":\"https:\/\/xstyle.md\/wp-content\/uploads\/2020\/06\/logoicon.svg\",\"caption\":\"\u041c\u0430\u0433\u0430\u0437\u0438\u043d Xstyle\"},\"image\":{\"@id\":\"https:\/\/xstyle.md\/#\/schema\/logo\/image\/\"},\"sameAs\":[\"https:\/\/www.facebook.com\/xstylemd\",\"https:\/\/www.instagram.com\/xstyle_md\/\",\"https:\/\/t.me\/xstyle_outdoor\"],\"hasMerchantReturnPolicy\":{\"@type\":\"MerchantReturnPolicy\",\"merchantReturnLink\":\"https:\/\/xstyle.md\/ro\/conditions\/\"}}]}<\/script>\n<meta property=\"product:price:amount\" content=\"1180.00\" \/>\n<meta property=\"product:price:currency\" content=\"MDL\" \/>\n<meta property=\"og:availability\" content=\"instock\" \/>\n<meta property=\"product:availability\" content=\"instock\" \/>\n<meta property=\"product:retailer_item_id\" content=\"8015190283937\" \/>\n<meta property=\"product:condition\" content=\"new\" \/>\n<!-- \/ Yoast SEO plugin. -->","yoast_head_json":{"title":"Casc\u0103 pentru ciclism Met Crackerjack fluo lime - Magazin Xstyle","description":"Casc\u0103 de biciclet\u0103 Met Crackerjack fluo lime - o alegere sigur\u0103 \u0219i stilat\u0103 pentru adolescen\u021bi. Design certificat \u0219i fiabil pentru tinerii cicli\u0219ti.","robots":{"index":"index","follow":"follow","max-snippet":"max-snippet:-1","max-image-preview":"max-image-preview:large","max-video-preview":"max-video-preview:-1"},"canonical":"https:\/\/xstyle.md\/ro\/produs\/velosipednyj-shlem-met-crackerjack-fluo-lime\/","og_locale":"ro_RO","og_type":"article","og_title":"\u0412\u0435\u043b\u043e\u0441\u0438\u043f\u0435\u0434\u043d\u044b\u0439 \u0448\u043b\u0435\u043c Met Crackerjack fluo lime - \u041c\u0430\u0433\u0430\u0437\u0438\u043d Xstyle","og_description":"\u0412\u0435\u043b\u043e\u0441\u0438\u043f\u0435\u0434\u043d\u044b\u0439 \u0448\u043b\u0435\u043c Met Crackerjack fluo lime - \u0431\u0435\u0437\u043e\u043f\u0430\u0441\u043d\u044b\u0439 \u0438 \u0441\u0442\u0438\u043b\u044c\u043d\u044b\u0439 \u0432\u044b\u0431\u043e\u0440 \u0434\u043b\u044f \u043f\u043e\u0434\u0440\u043e\u0441\u0442\u043a\u043e\u0432. \u0421\u0435\u0440\u0442\u0438\u0444\u0438\u0446\u0438\u0440\u043e\u0432\u0430\u043d\u043d\u044b\u0439, \u043d\u0430\u0434\u0435\u0436\u043d\u044b\u0439 \u0434\u0438\u0437\u0430\u0439\u043d \u0434\u043b\u044f \u044e\u043d\u044b\u0445 \u0432\u0435\u043b\u043e\u0441\u0438\u043f\u0435\u0434\u0438\u0441\u0442\u043e\u0432.","og_url":"https:\/\/xstyle.md\/ro\/produs\/velosipednyj-shlem-met-crackerjack-fluo-lime\/","og_site_name":"\u041c\u0430\u0433\u0430\u0437\u0438\u043d Xstyle","article_publisher":"https:\/\/www.facebook.com\/xstylemd","article_modified_time":"2026-03-19T14:19:55+00:00","og_image":[{"width":1772,"height":1500,"url":"https:\/\/xstyle.md\/wp-content\/uploads\/2024\/04\/met-crackerjack-fluo-lime.jpg","type":"image\/jpeg"}],"twitter_card":"summary_large_image","twitter_misc":{"Pre\u021b":"1.180&nbsp;MDL","Disponibilitate":"\u00cen stoc"},"schema":{"@context":"https:\/\/schema.org","@graph":[{"@type":"WebPage","@id":"https:\/\/xstyle.md\/product\/velosipednyj-shlem-met-crackerjack-fluo-lime\/","url":"https:\/\/xstyle.md\/product\/velosipednyj-shlem-met-crackerjack-fluo-lime\/","name":"Casc\u0103 pentru ciclism Met Crackerjack fluo lime - Magazin Xstyle","isPartOf":{"@id":"https:\/\/xstyle.md\/#website"},"primaryImageOfPage":{"@id":"https:\/\/xstyle.md\/product\/velosipednyj-shlem-met-crackerjack-fluo-lime\/#primaryimage"},"image":{"@id":"https:\/\/xstyle.md\/product\/velosipednyj-shlem-met-crackerjack-fluo-lime\/#primaryimage"},"thumbnailUrl":"https:\/\/xstyle.md\/wp-content\/uploads\/2024\/04\/met-crackerjack-fluo-lime.jpg","datePublished":"2024-04-25T11:26:28+00:00","dateModified":"2026-03-19T14:19:55+00:00","description":"Casc\u0103 de biciclet\u0103 Met Crackerjack fluo lime - o alegere sigur\u0103 \u0219i stilat\u0103 pentru adolescen\u021bi. Design certificat \u0219i fiabil pentru tinerii cicli\u0219ti.","breadcrumb":{"@id":"https:\/\/xstyle.md\/product\/velosipednyj-shlem-met-crackerjack-fluo-lime\/#breadcrumb"},"inLanguage":"ro-RO","potentialAction":[{"@type":"ReadAction","target":["https:\/\/xstyle.md\/product\/velosipednyj-shlem-met-crackerjack-fluo-lime\/"]}]},{"@type":"ImageObject","inLanguage":"ro-RO","@id":"https:\/\/xstyle.md\/product\/velosipednyj-shlem-met-crackerjack-fluo-lime\/#primaryimage","url":"https:\/\/xstyle.md\/wp-content\/uploads\/2024\/04\/met-crackerjack-fluo-lime.jpg","contentUrl":"https:\/\/xstyle.md\/wp-content\/uploads\/2024\/04\/met-crackerjack-fluo-lime.jpg","width":1772,"height":1500,"caption":"\u0428\u043b\u0435\u043c \u0434\u043b\u044f \u0430\u043a\u0442\u0438\u0432\u043d\u043e\u0433\u043e \u043e\u0442\u0434\u044b\u0445\u0430 \u0438 \u0442\u0443\u0440\u0438\u0441\u0442\u0438\u0447\u0435\u0441\u043a\u0438\u0445 \u043f\u043e\u0445\u043e\u0434\u043e\u0432 Met Crackerjack fluo lime \u043d\u0430 \u043e\u043d\u043b\u0430\u0439\u043d \u043c\u0430\u0433\u0430\u0437\u0438\u043d\u0435 \u0441\u043f\u043e\u0440\u0442\u0438\u0432\u043d\u043e\u0439 \u043e\u0434\u0435\u0436\u0434\u044b \u0438 \u043e\u0431\u0443\u0432\u0438 \u0434\u043b\u044f \u0433\u043e\u0440\u043d\u044b\u0445 \u043f\u043e\u0445\u043e\u0434\u043e\u0432 \u0438 \u043f\u0443\u0442\u0435\u0448\u0435\u0441\u0442\u0432\u0438\u0439"},{"@type":"BreadcrumbList","@id":"https:\/\/xstyle.md\/product\/velosipednyj-shlem-met-crackerjack-fluo-lime\/#breadcrumb","itemListElement":[{"@type":"ListItem","position":1,"name":"\u0413\u043b\u0430\u0432\u043d\u0430\u044f \u0441\u0442\u0440\u0430\u043d\u0438\u0446\u0430","item":"https:\/\/xstyle.md\/"},{"@type":"ListItem","position":2,"name":"\u041c\u0430\u0433\u0430\u0437\u0438\u043d","item":"https:\/\/xstyle.md\/shop\/"},{"@type":"ListItem","position":3,"name":"\u0412\u0435\u043b\u043e\u0441\u0438\u043f\u0435\u0434\u043d\u044b\u0439 \u0448\u043b\u0435\u043c Met Crackerjack fluo lime"}]},{"@type":"WebSite","@id":"https:\/\/xstyle.md\/#website","url":"https:\/\/xstyle.md\/","name":"Magazinul X-Style","description":"Echipamente pentru turism \u0219i sporturi extreme \u00een Moldova. Pre\u021buri, fotografii, caracteristici \u00een Moldova.","publisher":{"@id":"https:\/\/xstyle.md\/#organization"},"alternateName":"X-Style","potentialAction":[{"@type":"SearchAction","target":{"@type":"EntryPoint","urlTemplate":"https:\/\/xstyle.md\/?s={search_term_string}"},"query-input":{"@type":"PropertyValueSpecification","valueRequired":true,"valueName":"search_term_string"}}],"inLanguage":"ro-RO"},{"@type":"Organization","@id":"https:\/\/xstyle.md\/#organization","name":"Magazinul X-Style","alternateName":"x-style","url":"https:\/\/xstyle.md\/","logo":{"@type":"ImageObject","inLanguage":"ro-RO","@id":"https:\/\/xstyle.md\/#\/schema\/logo\/image\/","url":"https:\/\/xstyle.md\/wp-content\/uploads\/2020\/06\/logoicon.svg","contentUrl":"https:\/\/xstyle.md\/wp-content\/uploads\/2020\/06\/logoicon.svg","caption":"\u041c\u0430\u0433\u0430\u0437\u0438\u043d Xstyle"},"image":{"@id":"https:\/\/xstyle.md\/#\/schema\/logo\/image\/"},"sameAs":["https:\/\/www.facebook.com\/xstylemd","https:\/\/www.instagram.com\/xstyle_md\/","https:\/\/t.me\/xstyle_outdoor"],"hasMerchantReturnPolicy":{"@type":"MerchantReturnPolicy","merchantReturnLink":"https:\/\/xstyle.md\/ro\/conditions\/"}}]},"product_price_amount":"1180.00","product_price_currency":"MDL","og_availability":"instock","product_availability":"instock","product_retailer_item_id":"8015190283937","product_condition":"new"},"post_mailing_queue_ids":[],"_links":{"self":[{"href":"https:\/\/xstyle.md\/ro\/wp-json\/wp\/v2\/product\/82495","targetHints":{"allow":["GET"]}}],"collection":[{"href":"https:\/\/xstyle.md\/ro\/wp-json\/wp\/v2\/product"}],"about":[{"href":"https:\/\/xstyle.md\/ro\/wp-json\/wp\/v2\/types\/product"}],"replies":[{"embeddable":true,"href":"https:\/\/xstyle.md\/ro\/wp-json\/wp\/v2\/comments?post=82495"}],"wp:featuredmedia":[{"embeddable":true,"href":"https:\/\/xstyle.md\/ro\/wp-json\/wp\/v2\/media\/82639"}],"wp:attachment":[{"href":"https:\/\/xstyle.md\/ro\/wp-json\/wp\/v2\/media?parent=82495"}],"wp:term":[{"taxonomy":"product_brand","embeddable":true,"href":"https:\/\/xstyle.md\/ro\/wp-json\/wp\/v2\/product_brand?post=82495"},{"taxonomy":"product_cat","embeddable":true,"href":"https:\/\/xstyle.md\/ro\/wp-json\/wp\/v2\/product_cat?post=82495"},{"taxonomy":"product_tag","embeddable":true,"href":"https:\/\/xstyle.md\/ro\/wp-json\/wp\/v2\/product_tag?post=82495"}],"curies":[{"name":"wp","href":"https:\/\/api.w.org\/{rel}","templated":true}]}}