{"id":82492,"date":"2024-04-25T14:26:27","date_gmt":"2024-04-25T11:26:27","guid":{"rendered":"https:\/\/xstyle.md\/?post_type=product&#038;p=82492"},"modified":"2024-10-03T01:46:44","modified_gmt":"2024-10-02T22:46:44","slug":"slanczy-muzhskie-lizard-way-stellar-blue-glace-blue","status":"publish","type":"product","link":"https:\/\/xstyle.md\/ro\/produs\/slanczy-muzhskie-lizard-way-stellar-blue-glace-blue\/","title":{"rendered":"Flip-flopi Lizard Way stellar blue"},"content":{"rendered":"<\/p>\n<p><strong>Lizard Way<\/strong> &#8212; t\u0103bli\u021be u\u0219oare, confortabile, care nu se tem de utilizarea \u00een ap\u0103 \u0219i au aderen\u021b\u0103 eficient\u0103 pe diverse suprafe\u021be. Stratul superior poros ofer\u0103 un nivel ridicat de confort, \u00een timp ce curelele sunt fabricate din material reciclat \u0219i sunt destul de durabile.<\/p>\n<h3>Particularit\u0103\u021bi<\/h3>\n<ul>\n<li>Cu spum\u0103 sintetic\u0103 moale EVA \u0219i zero drop, talpa WAY ofer\u0103 confort \u0219i o senza\u021bie pl\u0103cut\u0103 \u00een timpul utiliz\u0103rii.<\/li>\n<li>Potrivit pentru utilizare at\u00e2t \u00een ap\u0103 dulce, c\u00e2t \u0219i \u00een ap\u0103 s\u0103rat\u0103.<\/li>\n<li>Pantofii sunt fabrica\u021bi f\u0103r\u0103 produse de origine animal\u0103.<\/li>\n<li>Lizard Grip &#8212; talp\u0103 exterioar\u0103 realizat\u0103 dintr-un compus de \u00eenalt\u0103 calitate special dezvoltat de LIZARD\u00ae pentru a se potrivi specificului fiec\u0103rui stil &#8212; trac\u021biune eficient\u0103 garantat\u0103.<\/li>\n<li>Diferen\u021ba zero de \u00een\u0103l\u021bime de la c\u0103lc\u00e2i la v\u00e2rf asigur\u0103 o pozi\u021bie natural\u0103 de mers.<\/li>\n<li>Tratament antibacterian.<\/li>\n<\/ul>\n<h3>Caracteristici<\/h3>\n<ul>\n<li>Material &#8212; spum\u0103 EVA<\/li>\n<li>Model &#8212; unisex<\/li>\n<\/ul>\n<p><\/p>","protected":false},"excerpt":{"rendered":"","protected":false},"featured_media":82564,"comment_status":"open","ping_status":"closed","template":"","meta":{"_acf_changed":false,"inline_featured_image":false},"product_brand":[1292],"product_cat":[532],"product_tag":[],"class_list":{"0":"post-82492","1":"product","2":"type-product","3":"status-publish","4":"has-post-thumbnail","6":"product_brand-lizard","7":"product_cat-slippers","9":"first","10":"instock","11":"shipping-taxable","12":"purchasable","13":"product-type-simple"},"acf":[],"yoast_head":"<!-- This site is optimized with the Yoast SEO plugin v27.2 - https:\/\/yoast.com\/product\/yoast-seo-wordpress\/ -->\n<title>\u0421\u043b\u0430\u043d\u0446\u044b Lizard Way stellar blue\/glace blue - \u041c\u0430\u0433\u0430\u0437\u0438\u043d Xstyle<\/title>\n<meta name=\"description\" content=\"\u0421\u043b\u0430\u043d\u0446\u044b Lizard Way stellar blue\/glace blue \u2013 \u043b\u0435\u0433\u043a\u0438\u0435, \u043a\u043e\u043c\u0444\u043e\u0440\u0442\u043d\u044b\u0435 \u0438 \u0432\u043e\u0434\u043e\u043e\u0442\u0442\u0430\u043b\u043a\u0438\u0432\u0430\u044e\u0449\u0438\u0435. \u0418\u0434\u0435\u0430\u043b\u044c\u043d\u044b \u0434\u043b\u044f \u043f\u043b\u044f\u0436\u0430 \u0438 \u043f\u0440\u043e\u0433\u0443\u043b\u043e\u043a. \u041f\u0440\u043e\u0447\u043d\u044b\u0435, \u0441 \u044d\u043a\u043e-\u043c\u0430\u0442\u0435\u0440\u0438\u0430\u043b\u0430\u043c\u0438.\" \/>\n<meta name=\"robots\" content=\"index, follow, max-snippet:-1, max-image-preview:large, max-video-preview:-1\" \/>\n<link rel=\"canonical\" href=\"https:\/\/xstyle.md\/ro\/produs\/slanczy-muzhskie-lizard-way-stellar-blue-glace-blue\/\" \/>\n<meta property=\"og:locale\" content=\"ro_RO\" \/>\n<meta property=\"og:type\" content=\"article\" \/>\n<meta property=\"og:title\" content=\"\u0421\u043b\u0430\u043d\u0446\u044b Lizard Way stellar blue\/glace blue - \u041c\u0430\u0433\u0430\u0437\u0438\u043d Xstyle\" \/>\n<meta property=\"og:description\" content=\"\u0421\u043b\u0430\u043d\u0446\u044b Lizard Way stellar blue\/glace blue \u2013 \u043b\u0435\u0433\u043a\u0438\u0435, \u043a\u043e\u043c\u0444\u043e\u0440\u0442\u043d\u044b\u0435 \u0438 \u0432\u043e\u0434\u043e\u043e\u0442\u0442\u0430\u043b\u043a\u0438\u0432\u0430\u044e\u0449\u0438\u0435. \u0418\u0434\u0435\u0430\u043b\u044c\u043d\u044b \u0434\u043b\u044f \u043f\u043b\u044f\u0436\u0430 \u0438 \u043f\u0440\u043e\u0433\u0443\u043b\u043e\u043a. \u041f\u0440\u043e\u0447\u043d\u044b\u0435, \u0441 \u044d\u043a\u043e-\u043c\u0430\u0442\u0435\u0440\u0438\u0430\u043b\u0430\u043c\u0438.\" \/>\n<meta property=\"og:url\" content=\"https:\/\/xstyle.md\/ro\/produs\/slanczy-muzhskie-lizard-way-stellar-blue-glace-blue\/\" \/>\n<meta property=\"og:site_name\" content=\"\u041c\u0430\u0433\u0430\u0437\u0438\u043d Xstyle\" \/>\n<meta property=\"article:publisher\" content=\"https:\/\/www.facebook.com\/xstylemd\" \/>\n<meta property=\"article:modified_time\" content=\"2024-10-02T22:46:44+00:00\" \/>\n<meta property=\"og:image\" content=\"https:\/\/xstyle.md\/wp-content\/uploads\/2024\/04\/lizard-way-stellar-blue-glace-blue.jpg\" \/>\n\t<meta property=\"og:image:width\" content=\"1500\" \/>\n\t<meta property=\"og:image:height\" content=\"1500\" \/>\n\t<meta property=\"og:image:type\" content=\"image\/jpeg\" \/>\n<meta name=\"twitter:card\" content=\"summary_large_image\" \/>\n<meta name=\"twitter:label1\" content=\"Pre\u021b\" \/>\n\t<meta name=\"twitter:data1\" content=\"1.470&nbsp;MDL\" \/>\n\t<meta name=\"twitter:label2\" content=\"Disponibilitate\" \/>\n\t<meta name=\"twitter:data2\" content=\"\u00cen stoc\" \/>\n<script type=\"application\/ld+json\" class=\"yoast-schema-graph\">{\"@context\":\"https:\/\/schema.org\",\"@graph\":[{\"@type\":\"WebPage\",\"@id\":\"https:\/\/xstyle.md\/product\/slanczy-muzhskie-lizard-way-stellar-blue-glace-blue\/\",\"url\":\"https:\/\/xstyle.md\/product\/slanczy-muzhskie-lizard-way-stellar-blue-glace-blue\/\",\"name\":\"\u0421\u043b\u0430\u043d\u0446\u044b Lizard Way stellar blue\/glace blue - \u041c\u0430\u0433\u0430\u0437\u0438\u043d Xstyle\",\"isPartOf\":{\"@id\":\"https:\/\/xstyle.md\/#website\"},\"primaryImageOfPage\":{\"@id\":\"https:\/\/xstyle.md\/product\/slanczy-muzhskie-lizard-way-stellar-blue-glace-blue\/#primaryimage\"},\"image\":{\"@id\":\"https:\/\/xstyle.md\/product\/slanczy-muzhskie-lizard-way-stellar-blue-glace-blue\/#primaryimage\"},\"thumbnailUrl\":\"https:\/\/xstyle.md\/wp-content\/uploads\/2024\/04\/lizard-way-stellar-blue-glace-blue.jpg\",\"datePublished\":\"2024-04-25T11:26:27+00:00\",\"dateModified\":\"2024-10-02T22:46:44+00:00\",\"description\":\"\u0421\u043b\u0430\u043d\u0446\u044b Lizard Way stellar blue\/glace blue \u2013 \u043b\u0435\u0433\u043a\u0438\u0435, \u043a\u043e\u043c\u0444\u043e\u0440\u0442\u043d\u044b\u0435 \u0438 \u0432\u043e\u0434\u043e\u043e\u0442\u0442\u0430\u043b\u043a\u0438\u0432\u0430\u044e\u0449\u0438\u0435. \u0418\u0434\u0435\u0430\u043b\u044c\u043d\u044b \u0434\u043b\u044f \u043f\u043b\u044f\u0436\u0430 \u0438 \u043f\u0440\u043e\u0433\u0443\u043b\u043e\u043a. \u041f\u0440\u043e\u0447\u043d\u044b\u0435, \u0441 \u044d\u043a\u043e-\u043c\u0430\u0442\u0435\u0440\u0438\u0430\u043b\u0430\u043c\u0438.\",\"breadcrumb\":{\"@id\":\"https:\/\/xstyle.md\/product\/slanczy-muzhskie-lizard-way-stellar-blue-glace-blue\/#breadcrumb\"},\"inLanguage\":\"ro-RO\",\"potentialAction\":[{\"@type\":\"ReadAction\",\"target\":[\"https:\/\/xstyle.md\/product\/slanczy-muzhskie-lizard-way-stellar-blue-glace-blue\/\"]}]},{\"@type\":\"ImageObject\",\"inLanguage\":\"ro-RO\",\"@id\":\"https:\/\/xstyle.md\/product\/slanczy-muzhskie-lizard-way-stellar-blue-glace-blue\/#primaryimage\",\"url\":\"https:\/\/xstyle.md\/wp-content\/uploads\/2024\/04\/lizard-way-stellar-blue-glace-blue.jpg\",\"contentUrl\":\"https:\/\/xstyle.md\/wp-content\/uploads\/2024\/04\/lizard-way-stellar-blue-glace-blue.jpg\",\"width\":1500,\"height\":1500,\"caption\":\"\u042d\u0441\u043f\u0430\u0434\u0440\u0438\u043b\u044c\u0438 Lizard Way stellar blue \u0438 glace blue \u0434\u043b\u044f \u0430\u043a\u0442\u0438\u0432\u043d\u043e\u0433\u043e \u043e\u0442\u0434\u044b\u0445\u0430 \u0438 \u043f\u0443\u0442\u0435\u0448\u0435\u0441\u0442\u0432\u0438\u0439, \u043e\u0431\u0443\u0432\u044c \u0434\u043b\u044f \u043f\u043e\u0445\u043e\u0434\u043e\u0432 \u0438 \u0433\u043e\u0440\u043d\u044b\u0445 \u043f\u0440\u043e\u0433\u0443\u043b\u043e\u043a, \u043e\u0434\u0435\u0436\u0434\u0430 \u0438 \u0441\u043d\u0430\u0440\u044f\u0436\u0435\u043d\u0438\u0435 \u0434\u043b\u044f \u0442\u0443\u0440\u0438\u0441\u0442\u043e\u0432 \u0438 \u043b\u044e\u0431\u0438\u0442\u0435\u043b\u0435\u0439 \u0430\u043a\u0442\u0438\u0432\u043d\u043e\u0433\u043e \u043e\u0431\u0440\u0430\u0437\u0430 \u0436\u0438\u0437\u043d\u0438\"},{\"@type\":\"BreadcrumbList\",\"@id\":\"https:\/\/xstyle.md\/product\/slanczy-muzhskie-lizard-way-stellar-blue-glace-blue\/#breadcrumb\",\"itemListElement\":[{\"@type\":\"ListItem\",\"position\":1,\"name\":\"\u0413\u043b\u0430\u0432\u043d\u0430\u044f \u0441\u0442\u0440\u0430\u043d\u0438\u0446\u0430\",\"item\":\"https:\/\/xstyle.md\/\"},{\"@type\":\"ListItem\",\"position\":2,\"name\":\"\u041c\u0430\u0433\u0430\u0437\u0438\u043d\",\"item\":\"https:\/\/xstyle.md\/shop\/\"},{\"@type\":\"ListItem\",\"position\":3,\"name\":\"\u0421\u043b\u0430\u043d\u0446\u044b Lizard Way stellar blue\/glace blue\"}]},{\"@type\":\"WebSite\",\"@id\":\"https:\/\/xstyle.md\/#website\",\"url\":\"https:\/\/xstyle.md\/\",\"name\":\"\u041c\u0430\u0433\u0430\u0437\u0438\u043d Xstyle\",\"description\":\"C\u043d\u0430\u0440\u044f\u0436\u0435\u043d\u0438\u0435 \u0434\u043b\u044f \u0442\u0443\u0440\u0438\u0437\u043c\u0430 \u0438 \u044d\u043a\u0441\u0442\u0440\u0435\u043c\u0430\u043b\u044c\u043d\u044b\u0445 \u0432\u0438\u0434\u043e\u0432 \u0441\u043f\u043e\u0440\u0442\u0430 \u0432 \u041c\u043e\u043b\u0434\u043e\u0432\u0435.. \u0426\u0435\u043d\u044b, \u0444\u043e\u0442\u043e, \u0445\u0430\u0440\u0430\u043a\u0442\u0435\u0440\u0438\u0441\u0442\u0438\u043a\u0438 \u0432 \u041c\u043e\u043b\u0434\u043e\u0432\u0435.\",\"publisher\":{\"@id\":\"https:\/\/xstyle.md\/#organization\"},\"alternateName\":\"X-Style\",\"potentialAction\":[{\"@type\":\"SearchAction\",\"target\":{\"@type\":\"EntryPoint\",\"urlTemplate\":\"https:\/\/xstyle.md\/?s={search_term_string}\"},\"query-input\":{\"@type\":\"PropertyValueSpecification\",\"valueRequired\":true,\"valueName\":\"search_term_string\"}}],\"inLanguage\":\"ro-RO\"},{\"@type\":\"Organization\",\"@id\":\"https:\/\/xstyle.md\/#organization\",\"name\":\"\u041c\u0430\u0433\u0430\u0437\u0438\u043d Xstyle\",\"alternateName\":\"x-style\",\"url\":\"https:\/\/xstyle.md\/\",\"logo\":{\"@type\":\"ImageObject\",\"inLanguage\":\"ro-RO\",\"@id\":\"https:\/\/xstyle.md\/#\/schema\/logo\/image\/\",\"url\":\"https:\/\/xstyle.md\/wp-content\/uploads\/2020\/06\/logoicon.svg\",\"contentUrl\":\"https:\/\/xstyle.md\/wp-content\/uploads\/2020\/06\/logoicon.svg\",\"caption\":\"\u041c\u0430\u0433\u0430\u0437\u0438\u043d Xstyle\"},\"image\":{\"@id\":\"https:\/\/xstyle.md\/#\/schema\/logo\/image\/\"},\"sameAs\":[\"https:\/\/www.facebook.com\/xstylemd\",\"https:\/\/www.instagram.com\/xstyle_md\/\",\"https:\/\/t.me\/xstyle_outdoor\"],\"hasMerchantReturnPolicy\":{\"@type\":\"MerchantReturnPolicy\",\"merchantReturnLink\":\"https:\/\/xstyle.md\/ro\/conditions\/\"}}]}<\/script>\n<meta property=\"product:price:amount\" content=\"1470.00\" \/>\n<meta property=\"product:price:currency\" content=\"MDL\" \/>\n<meta property=\"og:availability\" content=\"instock\" \/>\n<meta property=\"product:availability\" content=\"instock\" \/>\n<meta property=\"product:retailer_item_id\" content=\"7615523485284\" \/>\n<meta property=\"product:condition\" content=\"new\" \/>\n<!-- \/ Yoast SEO plugin. -->","yoast_head_json":{"title":"Flip-flopi Lizard Way stellar blue - Magazin Xstyle","description":"S\u0103nd\u0103lu\u021bele Lizard Way stellar blue\/glace blue \u2013 u\u0219oare, confortabile \u0219i rezistente la ap\u0103. Ideale pentru plaj\u0103 \u0219i plimb\u0103ri. Durabile, din materiale ecologice.","robots":{"index":"index","follow":"follow","max-snippet":"max-snippet:-1","max-image-preview":"max-image-preview:large","max-video-preview":"max-video-preview:-1"},"canonical":"https:\/\/xstyle.md\/ro\/produs\/slanczy-muzhskie-lizard-way-stellar-blue-glace-blue\/","og_locale":"ro_RO","og_type":"article","og_title":"\u0421\u043b\u0430\u043d\u0446\u044b Lizard Way stellar blue\/glace blue - \u041c\u0430\u0433\u0430\u0437\u0438\u043d Xstyle","og_description":"\u0421\u043b\u0430\u043d\u0446\u044b Lizard Way stellar blue\/glace blue \u2013 \u043b\u0435\u0433\u043a\u0438\u0435, \u043a\u043e\u043c\u0444\u043e\u0440\u0442\u043d\u044b\u0435 \u0438 \u0432\u043e\u0434\u043e\u043e\u0442\u0442\u0430\u043b\u043a\u0438\u0432\u0430\u044e\u0449\u0438\u0435. \u0418\u0434\u0435\u0430\u043b\u044c\u043d\u044b \u0434\u043b\u044f \u043f\u043b\u044f\u0436\u0430 \u0438 \u043f\u0440\u043e\u0433\u0443\u043b\u043e\u043a. \u041f\u0440\u043e\u0447\u043d\u044b\u0435, \u0441 \u044d\u043a\u043e-\u043c\u0430\u0442\u0435\u0440\u0438\u0430\u043b\u0430\u043c\u0438.","og_url":"https:\/\/xstyle.md\/ro\/produs\/slanczy-muzhskie-lizard-way-stellar-blue-glace-blue\/","og_site_name":"\u041c\u0430\u0433\u0430\u0437\u0438\u043d Xstyle","article_publisher":"https:\/\/www.facebook.com\/xstylemd","article_modified_time":"2024-10-02T22:46:44+00:00","og_image":[{"width":1500,"height":1500,"url":"https:\/\/xstyle.md\/wp-content\/uploads\/2024\/04\/lizard-way-stellar-blue-glace-blue.jpg","type":"image\/jpeg"}],"twitter_card":"summary_large_image","twitter_misc":{"Pre\u021b":"1.470&nbsp;MDL","Disponibilitate":"\u00cen stoc"},"schema":{"@context":"https:\/\/schema.org","@graph":[{"@type":"WebPage","@id":"https:\/\/xstyle.md\/product\/slanczy-muzhskie-lizard-way-stellar-blue-glace-blue\/","url":"https:\/\/xstyle.md\/product\/slanczy-muzhskie-lizard-way-stellar-blue-glace-blue\/","name":"Flip-flopi Lizard Way stellar blue - Magazin Xstyle","isPartOf":{"@id":"https:\/\/xstyle.md\/#website"},"primaryImageOfPage":{"@id":"https:\/\/xstyle.md\/product\/slanczy-muzhskie-lizard-way-stellar-blue-glace-blue\/#primaryimage"},"image":{"@id":"https:\/\/xstyle.md\/product\/slanczy-muzhskie-lizard-way-stellar-blue-glace-blue\/#primaryimage"},"thumbnailUrl":"https:\/\/xstyle.md\/wp-content\/uploads\/2024\/04\/lizard-way-stellar-blue-glace-blue.jpg","datePublished":"2024-04-25T11:26:27+00:00","dateModified":"2024-10-02T22:46:44+00:00","description":"S\u0103nd\u0103lu\u021bele Lizard Way stellar blue\/glace blue \u2013 u\u0219oare, confortabile \u0219i rezistente la ap\u0103. Ideale pentru plaj\u0103 \u0219i plimb\u0103ri. Durabile, din materiale ecologice.","breadcrumb":{"@id":"https:\/\/xstyle.md\/product\/slanczy-muzhskie-lizard-way-stellar-blue-glace-blue\/#breadcrumb"},"inLanguage":"ro-RO","potentialAction":[{"@type":"ReadAction","target":["https:\/\/xstyle.md\/product\/slanczy-muzhskie-lizard-way-stellar-blue-glace-blue\/"]}]},{"@type":"ImageObject","inLanguage":"ro-RO","@id":"https:\/\/xstyle.md\/product\/slanczy-muzhskie-lizard-way-stellar-blue-glace-blue\/#primaryimage","url":"https:\/\/xstyle.md\/wp-content\/uploads\/2024\/04\/lizard-way-stellar-blue-glace-blue.jpg","contentUrl":"https:\/\/xstyle.md\/wp-content\/uploads\/2024\/04\/lizard-way-stellar-blue-glace-blue.jpg","width":1500,"height":1500,"caption":"\u042d\u0441\u043f\u0430\u0434\u0440\u0438\u043b\u044c\u0438 Lizard Way stellar blue \u0438 glace blue \u0434\u043b\u044f \u0430\u043a\u0442\u0438\u0432\u043d\u043e\u0433\u043e \u043e\u0442\u0434\u044b\u0445\u0430 \u0438 \u043f\u0443\u0442\u0435\u0448\u0435\u0441\u0442\u0432\u0438\u0439, \u043e\u0431\u0443\u0432\u044c \u0434\u043b\u044f \u043f\u043e\u0445\u043e\u0434\u043e\u0432 \u0438 \u0433\u043e\u0440\u043d\u044b\u0445 \u043f\u0440\u043e\u0433\u0443\u043b\u043e\u043a, \u043e\u0434\u0435\u0436\u0434\u0430 \u0438 \u0441\u043d\u0430\u0440\u044f\u0436\u0435\u043d\u0438\u0435 \u0434\u043b\u044f \u0442\u0443\u0440\u0438\u0441\u0442\u043e\u0432 \u0438 \u043b\u044e\u0431\u0438\u0442\u0435\u043b\u0435\u0439 \u0430\u043a\u0442\u0438\u0432\u043d\u043e\u0433\u043e \u043e\u0431\u0440\u0430\u0437\u0430 \u0436\u0438\u0437\u043d\u0438"},{"@type":"BreadcrumbList","@id":"https:\/\/xstyle.md\/product\/slanczy-muzhskie-lizard-way-stellar-blue-glace-blue\/#breadcrumb","itemListElement":[{"@type":"ListItem","position":1,"name":"\u0413\u043b\u0430\u0432\u043d\u0430\u044f \u0441\u0442\u0440\u0430\u043d\u0438\u0446\u0430","item":"https:\/\/xstyle.md\/"},{"@type":"ListItem","position":2,"name":"\u041c\u0430\u0433\u0430\u0437\u0438\u043d","item":"https:\/\/xstyle.md\/shop\/"},{"@type":"ListItem","position":3,"name":"\u0421\u043b\u0430\u043d\u0446\u044b Lizard Way stellar blue\/glace blue"}]},{"@type":"WebSite","@id":"https:\/\/xstyle.md\/#website","url":"https:\/\/xstyle.md\/","name":"Magazinul X-Style","description":"Echipamente pentru turism \u0219i sporturi extreme \u00een Moldova. Pre\u021buri, fotografii, caracteristici \u00een Moldova.","publisher":{"@id":"https:\/\/xstyle.md\/#organization"},"alternateName":"X-Style","potentialAction":[{"@type":"SearchAction","target":{"@type":"EntryPoint","urlTemplate":"https:\/\/xstyle.md\/?s={search_term_string}"},"query-input":{"@type":"PropertyValueSpecification","valueRequired":true,"valueName":"search_term_string"}}],"inLanguage":"ro-RO"},{"@type":"Organization","@id":"https:\/\/xstyle.md\/#organization","name":"Magazinul X-Style","alternateName":"x-style","url":"https:\/\/xstyle.md\/","logo":{"@type":"ImageObject","inLanguage":"ro-RO","@id":"https:\/\/xstyle.md\/#\/schema\/logo\/image\/","url":"https:\/\/xstyle.md\/wp-content\/uploads\/2020\/06\/logoicon.svg","contentUrl":"https:\/\/xstyle.md\/wp-content\/uploads\/2020\/06\/logoicon.svg","caption":"\u041c\u0430\u0433\u0430\u0437\u0438\u043d Xstyle"},"image":{"@id":"https:\/\/xstyle.md\/#\/schema\/logo\/image\/"},"sameAs":["https:\/\/www.facebook.com\/xstylemd","https:\/\/www.instagram.com\/xstyle_md\/","https:\/\/t.me\/xstyle_outdoor"],"hasMerchantReturnPolicy":{"@type":"MerchantReturnPolicy","merchantReturnLink":"https:\/\/xstyle.md\/ro\/conditions\/"}}]},"product_price_amount":"1470.00","product_price_currency":"MDL","og_availability":"instock","product_availability":"instock","product_retailer_item_id":"7615523485284","product_condition":"new"},"post_mailing_queue_ids":[],"_links":{"self":[{"href":"https:\/\/xstyle.md\/ro\/wp-json\/wp\/v2\/product\/82492","targetHints":{"allow":["GET"]}}],"collection":[{"href":"https:\/\/xstyle.md\/ro\/wp-json\/wp\/v2\/product"}],"about":[{"href":"https:\/\/xstyle.md\/ro\/wp-json\/wp\/v2\/types\/product"}],"replies":[{"embeddable":true,"href":"https:\/\/xstyle.md\/ro\/wp-json\/wp\/v2\/comments?post=82492"}],"wp:featuredmedia":[{"embeddable":true,"href":"https:\/\/xstyle.md\/ro\/wp-json\/wp\/v2\/media\/82564"}],"wp:attachment":[{"href":"https:\/\/xstyle.md\/ro\/wp-json\/wp\/v2\/media?parent=82492"}],"wp:term":[{"taxonomy":"product_brand","embeddable":true,"href":"https:\/\/xstyle.md\/ro\/wp-json\/wp\/v2\/product_brand?post=82492"},{"taxonomy":"product_cat","embeddable":true,"href":"https:\/\/xstyle.md\/ro\/wp-json\/wp\/v2\/product_cat?post=82492"},{"taxonomy":"product_tag","embeddable":true,"href":"https:\/\/xstyle.md\/ro\/wp-json\/wp\/v2\/product_tag?post=82492"}],"curies":[{"name":"wp","href":"https:\/\/api.w.org\/{rel}","templated":true}]}}