{"id":82482,"date":"2024-04-25T14:26:26","date_gmt":"2024-04-25T11:26:26","guid":{"rendered":"https:\/\/xstyle.md\/?post_type=product&#038;p=82482"},"modified":"2026-04-22T17:07:45","modified_gmt":"2026-04-22T14:07:45","slug":"nozh-helle-harding","status":"publish","type":"product","link":"https:\/\/xstyle.md\/ro\/produs\/nozh-helle-harding\/","title":{"rendered":"Cu\u021bit Helle Harding"},"content":{"rendered":"<\/p>\n<p><strong>Helle Harding<\/strong> &#8212; este un cu\u021bit universal destul de mare, fabricat \u00een tradi\u021bii clasice. Este pur \u0219i simplu indispensabil \u00een condi\u021bii de camping \u0219i va face fa\u021b\u0103 oric\u0103ror sarcini. Numele s\u0103u poate fi tradus ca \u201eputernic\u201d, \u201eputernic\u201d, \u201erezistent\u201d. \u0218i asta este exact ceea ce este.<\/p>\n<p>Lama are o lungime de 98 mm \u0219i o grosime de 3 mm, \u00een stil tipic norvegian. \u0218anfrenele largi confer\u0103 rezisten\u021b\u0103 lamei \u0219i o fac potrivit\u0103 pentru rindeluire. Cobor\u00e2rile scandinave \u00eenguste formeaz\u0103 un t\u0103i\u0219 cu o t\u0103ietur\u0103 perfect\u0103, f\u0103c\u00e2nd tranzi\u021bia c\u0103tre un v\u00e2rf ascu\u021bit. Lama este fabricat\u0103 din o\u021bel inoxidabil triplu strat, proprietatea Helle, folosit numai pentru cu\u021bitele Helle.<\/p>\n<p>M\u00e2nerul arat\u0103 foarte impresionant. Este realizat din dou\u0103 tipuri de lemn: mijlocul este din mesteac\u0103n de Karelian u\u0219or, iar marginile sunt din lemn de trandafir. \u00centre ele exist\u0103 distan\u021biere realizate din piele natural\u0103. Forma oval\u0103 \u00een sec\u021biune transversal\u0103 \u0219i stopurile de la capete asigur\u0103 o prindere sigur\u0103 \u0219i \u00eencrez\u0103toare, \u00een timp ce textura materialelor naturale \u00eel face foarte confortabil \u0219i \u00eei confer\u0103 calit\u0103\u021bi antiderapante.<\/p>\n<p>M\u00e2nerul este montat transversal: tija trece prin el, este nituite \u0219i formeaz\u0103 o proeminen\u021b\u0103 pentru fixarea buclei tecii.<\/p>\n<p>Teaca este confec\u021bionat\u0103 din piele groas\u0103, dar moale. Cu\u021bitul intr\u0103 ad\u00e2nc \u00een teac\u0103. Bucla de pe m\u00e2ner ofer\u0103 siguran\u021b\u0103 pentru transport. Ar fi p\u0103cat s\u0103 pierdem un astfel de cu\u021bit!<\/p>\n<h3>Caracteristici<\/h3>\n<ul>\n<li>Tip de cu\u021bit: nepliabil<\/li>\n<li>Tip de t\u0103i\u0219: regulat<\/li>\n<li>Lungime total\u0103: 21,4 cm<\/li>\n<li>Lungimea lamei: 9,8 cm<\/li>\n<li>Material m\u00e2ner: mesteac\u0103n de Karelian, jacaranda<\/li>\n<li>Calitatea o\u021belului: o\u021bel inoxidabil laminat<\/li>\n<li>Greutate: 144 g<\/li>\n<\/ul>\n<h3>Marca<\/h3>\n<p>Helle este o companie norvegian\u0103 de cu\u021bite care a luat na\u0219tere \u00een anii 1930. A fost fondat\u0103 de Steiner Helle, un om care a admirat natura din \u021bara sa natal\u0103 \u00eenc\u0103 din copil\u0103rie \u0219i a dorit s\u0103 fac\u0103 celebru satul s\u0103u, Holmdal. Helle \u0219i-a f\u0103cut singur primul lot de cu\u021bite \u0219i le-a v\u00e2ndut la t\u00e2rgul local. Fratele s\u0103u i s-a al\u0103turat mai t\u00e2rziu \u0219i \u00eempreun\u0103 au creat o mic\u0103 afacere de familie \u00een domeniul produc\u021biei de cu\u021bite. Ast\u0103zi, sediul central al companiei se afl\u0103 \u00eenc\u0103 \u00een Holmdal, locul unde a fost creat primul cu\u021bit norvegian al lui Helle, iar compania este condus\u0103 de urma\u0219ii fra\u021bilor Helle. O\u021belul, din care sunt fabricate lamele cu\u021bitelor Helle, are o compozi\u021bie original\u0103, folosit\u0103 doar de mae\u0219trii acestui brand. Iar m\u00e2nerul cu\u021bitului este realizat numai din materiale naturale.<\/p>\n<p><\/p>","protected":false},"excerpt":{"rendered":"","protected":false},"featured_media":82954,"comment_status":"open","ping_status":"closed","template":"","meta":{"_acf_changed":false,"inline_featured_image":false},"product_brand":[1396],"product_cat":[169],"product_tag":[],"class_list":{"0":"post-82482","1":"product","2":"type-product","3":"status-publish","4":"has-post-thumbnail","6":"product_brand-helle","7":"product_cat-knives","9":"first","10":"instock","11":"shipping-taxable","12":"purchasable","13":"product-type-simple"},"acf":[],"yoast_head":"<!-- This site is optimized with the Yoast SEO plugin v27.4 - https:\/\/yoast.com\/product\/yoast-seo-wordpress\/ -->\n<title>\u041d\u043e\u0436 Helle Harding - \u041c\u0430\u0433\u0430\u0437\u0438\u043d Xstyle<\/title>\n<meta name=\"description\" content=\"\u041d\u043e\u0436 Helle Harding \u2014 \u0443\u043d\u0438\u0432\u0435\u0440\u0441\u0430\u043b\u044c\u043d\u044b\u0439 \u0438\u043d\u0441\u0442\u0440\u0443\u043c\u0435\u043d\u0442 \u0434\u043b\u044f \u043a\u0435\u043c\u043f\u0438\u043d\u0433\u0430. \u0414\u043b\u0438\u043d\u0430 98 \u043c\u043c, \u043f\u0440\u043e\u0447\u043d\u0430\u044f \u043a\u043e\u043d\u0441\u0442\u0440\u0443\u043a\u0446\u0438\u044f. \u0418\u0434\u0435\u0430\u043b\u0435\u043d \u0434\u043b\u044f \u0432\u044b\u043f\u043e\u043b\u043d\u0435\u043d\u0438\u044f \u043b\u044e\u0431\u044b\u0445 \u0437\u0430\u0434\u0430\u0447 \u043d\u0430 \u043f\u0440\u0438\u0440\u043e\u0434\u0435.\" \/>\n<meta name=\"robots\" content=\"index, follow, max-snippet:-1, max-image-preview:large, max-video-preview:-1\" \/>\n<link rel=\"canonical\" href=\"https:\/\/xstyle.md\/ro\/produs\/nozh-helle-harding\/\" \/>\n<meta property=\"og:locale\" content=\"ro_RO\" \/>\n<meta property=\"og:type\" content=\"article\" \/>\n<meta property=\"og:title\" content=\"\u041d\u043e\u0436 Helle Harding - \u041c\u0430\u0433\u0430\u0437\u0438\u043d Xstyle\" \/>\n<meta property=\"og:description\" content=\"\u041d\u043e\u0436 Helle Harding \u2014 \u0443\u043d\u0438\u0432\u0435\u0440\u0441\u0430\u043b\u044c\u043d\u044b\u0439 \u0438\u043d\u0441\u0442\u0440\u0443\u043c\u0435\u043d\u0442 \u0434\u043b\u044f \u043a\u0435\u043c\u043f\u0438\u043d\u0433\u0430. \u0414\u043b\u0438\u043d\u0430 98 \u043c\u043c, \u043f\u0440\u043e\u0447\u043d\u0430\u044f \u043a\u043e\u043d\u0441\u0442\u0440\u0443\u043a\u0446\u0438\u044f. \u0418\u0434\u0435\u0430\u043b\u0435\u043d \u0434\u043b\u044f \u0432\u044b\u043f\u043e\u043b\u043d\u0435\u043d\u0438\u044f \u043b\u044e\u0431\u044b\u0445 \u0437\u0430\u0434\u0430\u0447 \u043d\u0430 \u043f\u0440\u0438\u0440\u043e\u0434\u0435.\" \/>\n<meta property=\"og:url\" content=\"https:\/\/xstyle.md\/ro\/produs\/nozh-helle-harding\/\" \/>\n<meta property=\"og:site_name\" content=\"\u041c\u0430\u0433\u0430\u0437\u0438\u043d Xstyle\" \/>\n<meta property=\"article:publisher\" content=\"https:\/\/www.facebook.com\/xstylemd\" \/>\n<meta property=\"article:modified_time\" content=\"2026-04-22T14:07:45+00:00\" \/>\n<meta property=\"og:image\" content=\"https:\/\/xstyle.md\/wp-content\/uploads\/2024\/04\/helle-harding-rotated.jpg\" \/>\n\t<meta property=\"og:image:width\" content=\"700\" \/>\n\t<meta property=\"og:image:height\" content=\"700\" \/>\n\t<meta property=\"og:image:type\" content=\"image\/jpeg\" \/>\n<meta name=\"twitter:card\" content=\"summary_large_image\" \/>\n<meta name=\"twitter:label1\" content=\"Pre\u021b\" \/>\n\t<meta name=\"twitter:data1\" content=\"3.190&nbsp;MDL\" \/>\n\t<meta name=\"twitter:label2\" content=\"Disponibilitate\" \/>\n\t<meta name=\"twitter:data2\" content=\"\u00cen stoc\" \/>\n<script type=\"application\/ld+json\" class=\"yoast-schema-graph\">{\"@context\":\"https:\\\/\\\/schema.org\",\"@graph\":[{\"@type\":\"WebPage\",\"@id\":\"https:\\\/\\\/xstyle.md\\\/product\\\/nozh-helle-harding\\\/\",\"url\":\"https:\\\/\\\/xstyle.md\\\/product\\\/nozh-helle-harding\\\/\",\"name\":\"\u041d\u043e\u0436 Helle Harding - \u041c\u0430\u0433\u0430\u0437\u0438\u043d Xstyle\",\"isPartOf\":{\"@id\":\"https:\\\/\\\/xstyle.md\\\/#website\"},\"primaryImageOfPage\":{\"@id\":\"https:\\\/\\\/xstyle.md\\\/product\\\/nozh-helle-harding\\\/#primaryimage\"},\"image\":{\"@id\":\"https:\\\/\\\/xstyle.md\\\/product\\\/nozh-helle-harding\\\/#primaryimage\"},\"thumbnailUrl\":\"https:\\\/\\\/xstyle.md\\\/wp-content\\\/uploads\\\/2024\\\/04\\\/helle-harding-rotated.jpg\",\"datePublished\":\"2024-04-25T11:26:26+00:00\",\"dateModified\":\"2026-04-22T14:07:45+00:00\",\"description\":\"\u041d\u043e\u0436 Helle Harding \u2014 \u0443\u043d\u0438\u0432\u0435\u0440\u0441\u0430\u043b\u044c\u043d\u044b\u0439 \u0438\u043d\u0441\u0442\u0440\u0443\u043c\u0435\u043d\u0442 \u0434\u043b\u044f \u043a\u0435\u043c\u043f\u0438\u043d\u0433\u0430. \u0414\u043b\u0438\u043d\u0430 98 \u043c\u043c, \u043f\u0440\u043e\u0447\u043d\u0430\u044f \u043a\u043e\u043d\u0441\u0442\u0440\u0443\u043a\u0446\u0438\u044f. \u0418\u0434\u0435\u0430\u043b\u0435\u043d \u0434\u043b\u044f \u0432\u044b\u043f\u043e\u043b\u043d\u0435\u043d\u0438\u044f \u043b\u044e\u0431\u044b\u0445 \u0437\u0430\u0434\u0430\u0447 \u043d\u0430 \u043f\u0440\u0438\u0440\u043e\u0434\u0435.\",\"breadcrumb\":{\"@id\":\"https:\\\/\\\/xstyle.md\\\/product\\\/nozh-helle-harding\\\/#breadcrumb\"},\"inLanguage\":\"ro-RO\",\"potentialAction\":[{\"@type\":\"ReadAction\",\"target\":[\"https:\\\/\\\/xstyle.md\\\/product\\\/nozh-helle-harding\\\/\"]}]},{\"@type\":\"ImageObject\",\"inLanguage\":\"ro-RO\",\"@id\":\"https:\\\/\\\/xstyle.md\\\/product\\\/nozh-helle-harding\\\/#primaryimage\",\"url\":\"https:\\\/\\\/xstyle.md\\\/wp-content\\\/uploads\\\/2024\\\/04\\\/helle-harding-rotated.jpg\",\"contentUrl\":\"https:\\\/\\\/xstyle.md\\\/wp-content\\\/uploads\\\/2024\\\/04\\\/helle-harding-rotated.jpg\",\"width\":700,\"height\":700,\"caption\":\"\u0420\u0443\u0447\u043d\u043e\u0439 \u043d\u043e\u0436 Helle Harding \u0434\u043b\u044f \u0430\u043a\u0442\u0438\u0432\u043d\u043e\u0433\u043e \u043e\u0442\u0434\u044b\u0445\u0430, \u0442\u0443\u0440\u0438\u0441\u0442\u0430 \u0438 \u0430\u043b\u044c\u043f\u0438\u043d\u0438\u0441\u0442\u0430 \u043d\u0430 \u0444\u043e\u043d\u0435 \u043f\u0440\u0438\u0440\u043e\u0434\u044b, \u043f\u043e\u0434\u0445\u043e\u0434\u044f\u0449\u0438\u0439 \u0434\u043b\u044f \u0438\u043d\u0442\u0435\u0440\u043d\u0435\u0442-\u043c\u0430\u0433\u0430\u0437\u0438\u043d\u0430 \u0442\u043e\u0432\u0430\u0440\u043e\u0432 \u0434\u043b\u044f \u0430\u043a\u0442\u0438\u0432\u043d\u043e\u0433\u043e \u043e\u0431\u0440\u0430\u0437\u0430 \u0436\u0438\u0437\u043d\u0438, \u043f\u0443\u0442\u0435\u0448\u0435\u0441\u0442\u0432\u0438\u0439, \u0441\u043a\u0430\u043b\u043e\u043b\u0430\u0437\u0430\u043d\u0438\u044f, \u0433\u043e\u0440\u043d\u044b\u0445 \u043f\u043e\u0445\u043e\u0434\u043e\u0432 \u0438 \u043e\u0434\u0435\u0436\u0434\u044b \u0434\u043b\u044f \u0430\u043a\u0442\u0438\u0432\u043d\u043e\u0433\u043e \u043e\u0442\u0434\u044b\u0445\u0430\"},{\"@type\":\"BreadcrumbList\",\"@id\":\"https:\\\/\\\/xstyle.md\\\/product\\\/nozh-helle-harding\\\/#breadcrumb\",\"itemListElement\":[{\"@type\":\"ListItem\",\"position\":1,\"name\":\"\u0413\u043b\u0430\u0432\u043d\u0430\u044f \u0441\u0442\u0440\u0430\u043d\u0438\u0446\u0430\",\"item\":\"https:\\\/\\\/xstyle.md\\\/\"},{\"@type\":\"ListItem\",\"position\":2,\"name\":\"\u041c\u0430\u0433\u0430\u0437\u0438\u043d\",\"item\":\"https:\\\/\\\/xstyle.md\\\/shop\\\/\"},{\"@type\":\"ListItem\",\"position\":3,\"name\":\"\u041d\u043e\u0436 Helle Harding\"}]},{\"@type\":\"WebSite\",\"@id\":\"https:\\\/\\\/xstyle.md\\\/#website\",\"url\":\"https:\\\/\\\/xstyle.md\\\/\",\"name\":\"\u041c\u0430\u0433\u0430\u0437\u0438\u043d Xstyle\",\"description\":\"C\u043d\u0430\u0440\u044f\u0436\u0435\u043d\u0438\u0435 \u0434\u043b\u044f \u0442\u0443\u0440\u0438\u0437\u043c\u0430 \u0438 \u044d\u043a\u0441\u0442\u0440\u0435\u043c\u0430\u043b\u044c\u043d\u044b\u0445 \u0432\u0438\u0434\u043e\u0432 \u0441\u043f\u043e\u0440\u0442\u0430 \u0432 \u041c\u043e\u043b\u0434\u043e\u0432\u0435.. \u0426\u0435\u043d\u044b, \u0444\u043e\u0442\u043e, \u0445\u0430\u0440\u0430\u043a\u0442\u0435\u0440\u0438\u0441\u0442\u0438\u043a\u0438 \u0432 \u041c\u043e\u043b\u0434\u043e\u0432\u0435.\",\"publisher\":{\"@id\":\"https:\\\/\\\/xstyle.md\\\/#organization\"},\"alternateName\":\"X-Style\",\"potentialAction\":[{\"@type\":\"SearchAction\",\"target\":{\"@type\":\"EntryPoint\",\"urlTemplate\":\"https:\\\/\\\/xstyle.md\\\/?s={search_term_string}\"},\"query-input\":{\"@type\":\"PropertyValueSpecification\",\"valueRequired\":true,\"valueName\":\"search_term_string\"}}],\"inLanguage\":\"ro-RO\"},{\"@type\":\"Organization\",\"@id\":\"https:\\\/\\\/xstyle.md\\\/#organization\",\"name\":\"\u041c\u0430\u0433\u0430\u0437\u0438\u043d Xstyle\",\"alternateName\":\"x-style\",\"url\":\"https:\\\/\\\/xstyle.md\\\/\",\"logo\":{\"@type\":\"ImageObject\",\"inLanguage\":\"ro-RO\",\"@id\":\"https:\\\/\\\/xstyle.md\\\/#\\\/schema\\\/logo\\\/image\\\/\",\"url\":\"https:\\\/\\\/xstyle.md\\\/wp-content\\\/uploads\\\/2020\\\/06\\\/logoicon.svg\",\"contentUrl\":\"https:\\\/\\\/xstyle.md\\\/wp-content\\\/uploads\\\/2020\\\/06\\\/logoicon.svg\",\"caption\":\"\u041c\u0430\u0433\u0430\u0437\u0438\u043d Xstyle\"},\"image\":{\"@id\":\"https:\\\/\\\/xstyle.md\\\/#\\\/schema\\\/logo\\\/image\\\/\"},\"sameAs\":[\"https:\\\/\\\/www.facebook.com\\\/xstylemd\",\"https:\\\/\\\/www.instagram.com\\\/xstyle_md\\\/\",\"https:\\\/\\\/t.me\\\/xstyle_outdoor\"],\"hasMerchantReturnPolicy\":{\"@type\":\"MerchantReturnPolicy\",\"merchantReturnLink\":\"https:\\\/\\\/xstyle.md\\\/ro\\\/conditions\\\/\"}}]}<\/script>\n<meta property=\"product:price:amount\" content=\"3190.00\" \/>\n<meta property=\"product:price:currency\" content=\"MDL\" \/>\n<meta property=\"og:availability\" content=\"instock\" \/>\n<meta property=\"product:availability\" content=\"instock\" \/>\n<meta property=\"product:retailer_item_id\" content=\"7023890060261\" \/>\n<meta property=\"product:condition\" content=\"new\" \/>\n<!-- \/ Yoast SEO plugin. -->","yoast_head_json":{"title":"Cu\u021bit Helle Harding - Magazin Xstyle","description":"Cutitul Helle Harding \u2014 un instrument versatil pentru camping. Lungime 98 mm, construc\u021bie rezistent\u0103. Ideal pentru a \u00eendeplini orice sarcini \u00een natur\u0103.","robots":{"index":"index","follow":"follow","max-snippet":"max-snippet:-1","max-image-preview":"max-image-preview:large","max-video-preview":"max-video-preview:-1"},"canonical":"https:\/\/xstyle.md\/ro\/produs\/nozh-helle-harding\/","og_locale":"ro_RO","og_type":"article","og_title":"\u041d\u043e\u0436 Helle Harding - \u041c\u0430\u0433\u0430\u0437\u0438\u043d Xstyle","og_description":"\u041d\u043e\u0436 Helle Harding \u2014 \u0443\u043d\u0438\u0432\u0435\u0440\u0441\u0430\u043b\u044c\u043d\u044b\u0439 \u0438\u043d\u0441\u0442\u0440\u0443\u043c\u0435\u043d\u0442 \u0434\u043b\u044f \u043a\u0435\u043c\u043f\u0438\u043d\u0433\u0430. \u0414\u043b\u0438\u043d\u0430 98 \u043c\u043c, \u043f\u0440\u043e\u0447\u043d\u0430\u044f \u043a\u043e\u043d\u0441\u0442\u0440\u0443\u043a\u0446\u0438\u044f. \u0418\u0434\u0435\u0430\u043b\u0435\u043d \u0434\u043b\u044f \u0432\u044b\u043f\u043e\u043b\u043d\u0435\u043d\u0438\u044f \u043b\u044e\u0431\u044b\u0445 \u0437\u0430\u0434\u0430\u0447 \u043d\u0430 \u043f\u0440\u0438\u0440\u043e\u0434\u0435.","og_url":"https:\/\/xstyle.md\/ro\/produs\/nozh-helle-harding\/","og_site_name":"\u041c\u0430\u0433\u0430\u0437\u0438\u043d Xstyle","article_publisher":"https:\/\/www.facebook.com\/xstylemd","article_modified_time":"2026-04-22T14:07:45+00:00","og_image":[{"width":700,"height":700,"url":"https:\/\/xstyle.md\/wp-content\/uploads\/2024\/04\/helle-harding-rotated.jpg","type":"image\/jpeg"}],"twitter_card":"summary_large_image","twitter_misc":{"Pre\u021b":"3.190&nbsp;MDL","Disponibilitate":"\u00cen stoc"},"schema":{"@context":"https:\/\/schema.org","@graph":[{"@type":"WebPage","@id":"https:\/\/xstyle.md\/product\/nozh-helle-harding\/","url":"https:\/\/xstyle.md\/product\/nozh-helle-harding\/","name":"Cu\u021bit Helle Harding - Magazin Xstyle","isPartOf":{"@id":"https:\/\/xstyle.md\/#website"},"primaryImageOfPage":{"@id":"https:\/\/xstyle.md\/product\/nozh-helle-harding\/#primaryimage"},"image":{"@id":"https:\/\/xstyle.md\/product\/nozh-helle-harding\/#primaryimage"},"thumbnailUrl":"https:\/\/xstyle.md\/wp-content\/uploads\/2024\/04\/helle-harding-rotated.jpg","datePublished":"2024-04-25T11:26:26+00:00","dateModified":"2026-04-22T14:07:45+00:00","description":"Cutitul Helle Harding \u2014 un instrument versatil pentru camping. Lungime 98 mm, construc\u021bie rezistent\u0103. Ideal pentru a \u00eendeplini orice sarcini \u00een natur\u0103.","breadcrumb":{"@id":"https:\/\/xstyle.md\/product\/nozh-helle-harding\/#breadcrumb"},"inLanguage":"ro-RO","potentialAction":[{"@type":"ReadAction","target":["https:\/\/xstyle.md\/product\/nozh-helle-harding\/"]}]},{"@type":"ImageObject","inLanguage":"ro-RO","@id":"https:\/\/xstyle.md\/product\/nozh-helle-harding\/#primaryimage","url":"https:\/\/xstyle.md\/wp-content\/uploads\/2024\/04\/helle-harding-rotated.jpg","contentUrl":"https:\/\/xstyle.md\/wp-content\/uploads\/2024\/04\/helle-harding-rotated.jpg","width":700,"height":700,"caption":"\u0420\u0443\u0447\u043d\u043e\u0439 \u043d\u043e\u0436 Helle Harding \u0434\u043b\u044f \u0430\u043a\u0442\u0438\u0432\u043d\u043e\u0433\u043e \u043e\u0442\u0434\u044b\u0445\u0430, \u0442\u0443\u0440\u0438\u0441\u0442\u0430 \u0438 \u0430\u043b\u044c\u043f\u0438\u043d\u0438\u0441\u0442\u0430 \u043d\u0430 \u0444\u043e\u043d\u0435 \u043f\u0440\u0438\u0440\u043e\u0434\u044b, \u043f\u043e\u0434\u0445\u043e\u0434\u044f\u0449\u0438\u0439 \u0434\u043b\u044f \u0438\u043d\u0442\u0435\u0440\u043d\u0435\u0442-\u043c\u0430\u0433\u0430\u0437\u0438\u043d\u0430 \u0442\u043e\u0432\u0430\u0440\u043e\u0432 \u0434\u043b\u044f \u0430\u043a\u0442\u0438\u0432\u043d\u043e\u0433\u043e \u043e\u0431\u0440\u0430\u0437\u0430 \u0436\u0438\u0437\u043d\u0438, \u043f\u0443\u0442\u0435\u0448\u0435\u0441\u0442\u0432\u0438\u0439, \u0441\u043a\u0430\u043b\u043e\u043b\u0430\u0437\u0430\u043d\u0438\u044f, \u0433\u043e\u0440\u043d\u044b\u0445 \u043f\u043e\u0445\u043e\u0434\u043e\u0432 \u0438 \u043e\u0434\u0435\u0436\u0434\u044b \u0434\u043b\u044f \u0430\u043a\u0442\u0438\u0432\u043d\u043e\u0433\u043e \u043e\u0442\u0434\u044b\u0445\u0430"},{"@type":"BreadcrumbList","@id":"https:\/\/xstyle.md\/product\/nozh-helle-harding\/#breadcrumb","itemListElement":[{"@type":"ListItem","position":1,"name":"\u0413\u043b\u0430\u0432\u043d\u0430\u044f \u0441\u0442\u0440\u0430\u043d\u0438\u0446\u0430","item":"https:\/\/xstyle.md\/"},{"@type":"ListItem","position":2,"name":"\u041c\u0430\u0433\u0430\u0437\u0438\u043d","item":"https:\/\/xstyle.md\/shop\/"},{"@type":"ListItem","position":3,"name":"\u041d\u043e\u0436 Helle Harding"}]},{"@type":"WebSite","@id":"https:\/\/xstyle.md\/#website","url":"https:\/\/xstyle.md\/","name":"Magazinul X-Style","description":"Echipamente pentru turism \u0219i sporturi extreme \u00een Moldova. Pre\u021buri, fotografii, caracteristici \u00een Moldova.","publisher":{"@id":"https:\/\/xstyle.md\/#organization"},"alternateName":"X-Style","potentialAction":[{"@type":"SearchAction","target":{"@type":"EntryPoint","urlTemplate":"https:\/\/xstyle.md\/?s={search_term_string}"},"query-input":{"@type":"PropertyValueSpecification","valueRequired":true,"valueName":"search_term_string"}}],"inLanguage":"ro-RO"},{"@type":"Organization","@id":"https:\/\/xstyle.md\/#organization","name":"Magazinul X-Style","alternateName":"x-style","url":"https:\/\/xstyle.md\/","logo":{"@type":"ImageObject","inLanguage":"ro-RO","@id":"https:\/\/xstyle.md\/#\/schema\/logo\/image\/","url":"https:\/\/xstyle.md\/wp-content\/uploads\/2020\/06\/logoicon.svg","contentUrl":"https:\/\/xstyle.md\/wp-content\/uploads\/2020\/06\/logoicon.svg","caption":"\u041c\u0430\u0433\u0430\u0437\u0438\u043d Xstyle"},"image":{"@id":"https:\/\/xstyle.md\/#\/schema\/logo\/image\/"},"sameAs":["https:\/\/www.facebook.com\/xstylemd","https:\/\/www.instagram.com\/xstyle_md\/","https:\/\/t.me\/xstyle_outdoor"],"hasMerchantReturnPolicy":{"@type":"MerchantReturnPolicy","merchantReturnLink":"https:\/\/xstyle.md\/ro\/conditions\/"}}]},"product_price_amount":"3190.00","product_price_currency":"MDL","og_availability":"instock","product_availability":"instock","product_retailer_item_id":"7023890060261","product_condition":"new"},"_links":{"self":[{"href":"https:\/\/xstyle.md\/ro\/wp-json\/wp\/v2\/product\/82482","targetHints":{"allow":["GET"]}}],"collection":[{"href":"https:\/\/xstyle.md\/ro\/wp-json\/wp\/v2\/product"}],"about":[{"href":"https:\/\/xstyle.md\/ro\/wp-json\/wp\/v2\/types\/product"}],"replies":[{"embeddable":true,"href":"https:\/\/xstyle.md\/ro\/wp-json\/wp\/v2\/comments?post=82482"}],"wp:featuredmedia":[{"embeddable":true,"href":"https:\/\/xstyle.md\/ro\/wp-json\/wp\/v2\/media\/82954"}],"wp:attachment":[{"href":"https:\/\/xstyle.md\/ro\/wp-json\/wp\/v2\/media?parent=82482"}],"wp:term":[{"taxonomy":"product_brand","embeddable":true,"href":"https:\/\/xstyle.md\/ro\/wp-json\/wp\/v2\/product_brand?post=82482"},{"taxonomy":"product_cat","embeddable":true,"href":"https:\/\/xstyle.md\/ro\/wp-json\/wp\/v2\/product_cat?post=82482"},{"taxonomy":"product_tag","embeddable":true,"href":"https:\/\/xstyle.md\/ro\/wp-json\/wp\/v2\/product_tag?post=82482"}],"curies":[{"name":"wp","href":"https:\/\/api.w.org\/{rel}","templated":true}]}}