{"id":82179,"date":"2024-04-19T14:14:03","date_gmt":"2024-04-19T11:14:03","guid":{"rendered":"https:\/\/xstyle.md\/?post_type=product&#038;p=82179"},"modified":"2026-03-19T17:19:35","modified_gmt":"2026-03-19T14:19:35","slug":"fonar-m-wave-moon-shield-x-auto","status":"publish","type":"product","link":"https:\/\/xstyle.md\/ro\/produs\/fonar-m-wave-moon-shield-x-auto\/","title":{"rendered":"Lantern\u0103 M-WAVE Moon Shield-X Auto"},"content":{"rendered":"<\/p>\n<p><strong>M-WAVE Moon Shield-X Auto<\/strong> &#8212; o lumin\u0103 spate cu lentil\u0103 optic\u0103 de \u00eenalt\u0103 precizie, echipat\u0103 cu un LED ro\u0219u de \u00eenalt\u0103 luminozitate (20 de cipuri), cu 9 moduri de func\u021bionare, o baterie de capacitate foarte mare, precum \u0219i indicatori de baterie desc\u0103rcat\u0103, \u00eenc\u0103rcare \u0219i \u00eenc\u0103rcare complet\u0103.<\/p>\n<p>Acest model va asigura p\u00e2n\u0103 la 250 de ore de func\u021bionare \u00een standby. Pentru a economisi bateria atunci c\u00e2nd are un nivel sc\u0103zut de \u00eenc\u0103rcare, aceast\u0103 lamp\u0103 de biciclet\u0103 va intra \u00een modul de siguran\u021b\u0103 cu o putere de iluminare mai mic\u0103 pentru \u00eenc\u0103 1 or\u0103.<\/p>\n<p>Suportul universal cu eliberare rapid\u0103 RB-22 va face via\u021ba mai u\u0219oar\u0103 pentru orice biciclist.<\/p>\n<h3>Particularit\u0103\u021bi<\/h3>\n<ul>\n<li>LED ro\u0219u de \u00eenalt\u0103 luminozitate<\/li>\n<li>Sensibil la lumin\u0103 (pornire\/oprire automat\u0103)<\/li>\n<li>Mod sigur automat<\/li>\n<li>Func\u021bie de memorare a modului<\/li>\n<li>Baterie re\u00eenc\u0103rcabil\u0103 cu polimer de litiu (3,7V 700mAh)<\/li>\n<li>9 moduri: Mode1 \/ Mode2 \/ Mode3 \/ Mode4 \/ FL1 \/ FL2 \/ FL3 \/ FL4 \/ DAY FLASH (DOUBLE BLAST)<\/li>\n<li>Suport universal cu eliberare rapid\u0103 RB-22 (potrivit pentru toate anvelopele rotunde \u0219i AERO)<\/li>\n<li>Indicatori de baterie desc\u0103rcat\u0103, \u00eenc\u0103rcare \u0219i \u00eenc\u0103rcare complet\u0103<\/li>\n<li>Sistem de oprire automat\u0103 la \u00eenc\u0103rcare complet\u0103<\/li>\n<li>Lentile optice de \u00eenalt\u0103 precizie<\/li>\n<li>Unghi de vizualizare larg<\/li>\n<\/ul>\n<h3>Caracteristici<\/h3>\n<ul>\n<li>LED &#8212; CREE XP-E<\/li>\n<li>Timp de \u00eenc\u0103rcare complet\u0103 &#8212; 2 ore<\/li>\n<li>Rezistent la ap\u0103 &#8212; IPX 4<\/li>\n<li>Dimensiuni &#8212; 60 x 34 x 24 mm<\/li>\n<li>Greutate &#8212; 50 g<\/li>\n<\/ul>\n<h3>Setul include<\/h3>\n<ul>\n<li>Scut-X Auto<\/li>\n<li>RB-22 (suport universal)<\/li>\n<li>2 O-ringuri pentru montare<\/li>\n<\/ul>\n<p><\/p>","protected":false},"excerpt":{"rendered":"","protected":false},"featured_media":82301,"comment_status":"open","ping_status":"closed","template":"","meta":{"_acf_changed":false,"inline_featured_image":false},"product_brand":[1372],"product_cat":[502],"product_tag":[],"class_list":{"0":"post-82179","1":"product","2":"type-product","3":"status-publish","4":"has-post-thumbnail","6":"product_brand-messingschlager","7":"product_cat-bicycle-lights","9":"first","10":"instock","11":"shipping-taxable","12":"purchasable","13":"product-type-simple"},"acf":[],"yoast_head":"<!-- This site is optimized with the Yoast SEO plugin v27.2 - https:\/\/yoast.com\/product\/yoast-seo-wordpress\/ -->\n<title>\u0424\u043e\u043d\u0430\u0440\u044c M-WAVE Moon Shield-X Auto - \u041c\u0430\u0433\u0430\u0437\u0438\u043d Xstyle<\/title>\n<meta name=\"description\" content=\"\u0424\u043e\u043d\u0430\u0440\u044c M-WAVE Moon Shield-X Auto: \u043c\u043e\u0449\u043d\u044b\u0439 LED \u0444\u043e\u043d\u0430\u0440\u044c \u0441 9 \u0440\u0435\u0436\u0438\u043c\u0430\u043c\u0438, \u0432\u044b\u0441\u043e\u043a\u043e\u0439 \u044f\u0440\u043a\u043e\u0441\u0442\u044c\u044e \u0438 \u043d\u0430\u0434\u0435\u0436\u043d\u043e\u0439 \u0431\u0430\u0442\u0430\u0440\u0435\u0435\u0439. \u0418\u0434\u0435\u0430\u043b\u0435\u043d \u0434\u043b\u044f \u043b\u044e\u0431\u044b\u0445 \u0443\u0441\u043b\u043e\u0432\u0438\u0439.\" \/>\n<meta name=\"robots\" content=\"index, follow, max-snippet:-1, max-image-preview:large, max-video-preview:-1\" \/>\n<link rel=\"canonical\" href=\"https:\/\/xstyle.md\/ro\/produs\/fonar-m-wave-moon-shield-x-auto\/\" \/>\n<meta property=\"og:locale\" content=\"ro_RO\" \/>\n<meta property=\"og:type\" content=\"article\" \/>\n<meta property=\"og:title\" content=\"\u0424\u043e\u043d\u0430\u0440\u044c M-WAVE Moon Shield-X Auto - \u041c\u0430\u0433\u0430\u0437\u0438\u043d Xstyle\" \/>\n<meta property=\"og:description\" content=\"\u0424\u043e\u043d\u0430\u0440\u044c M-WAVE Moon Shield-X Auto: \u043c\u043e\u0449\u043d\u044b\u0439 LED \u0444\u043e\u043d\u0430\u0440\u044c \u0441 9 \u0440\u0435\u0436\u0438\u043c\u0430\u043c\u0438, \u0432\u044b\u0441\u043e\u043a\u043e\u0439 \u044f\u0440\u043a\u043e\u0441\u0442\u044c\u044e \u0438 \u043d\u0430\u0434\u0435\u0436\u043d\u043e\u0439 \u0431\u0430\u0442\u0430\u0440\u0435\u0435\u0439. \u0418\u0434\u0435\u0430\u043b\u0435\u043d \u0434\u043b\u044f \u043b\u044e\u0431\u044b\u0445 \u0443\u0441\u043b\u043e\u0432\u0438\u0439.\" \/>\n<meta property=\"og:url\" content=\"https:\/\/xstyle.md\/ro\/produs\/fonar-m-wave-moon-shield-x-auto\/\" \/>\n<meta property=\"og:site_name\" content=\"\u041c\u0430\u0433\u0430\u0437\u0438\u043d Xstyle\" \/>\n<meta property=\"article:publisher\" content=\"https:\/\/www.facebook.com\/xstylemd\" \/>\n<meta property=\"article:modified_time\" content=\"2026-03-19T14:19:35+00:00\" \/>\n<meta property=\"og:image\" content=\"https:\/\/xstyle.md\/wp-content\/uploads\/2024\/04\/m-wave-moon-shield-x-auto.jpg\" \/>\n\t<meta property=\"og:image:width\" content=\"1526\" \/>\n\t<meta property=\"og:image:height\" content=\"1444\" \/>\n\t<meta property=\"og:image:type\" content=\"image\/jpeg\" \/>\n<meta name=\"twitter:card\" content=\"summary_large_image\" \/>\n<meta name=\"twitter:label1\" content=\"Pre\u021b\" \/>\n\t<meta name=\"twitter:data1\" content=\"790&nbsp;MDL\" \/>\n\t<meta name=\"twitter:label2\" content=\"Disponibilitate\" \/>\n\t<meta name=\"twitter:data2\" content=\"\u00cen stoc\" \/>\n<script type=\"application\/ld+json\" class=\"yoast-schema-graph\">{\"@context\":\"https:\/\/schema.org\",\"@graph\":[{\"@type\":\"WebPage\",\"@id\":\"https:\/\/xstyle.md\/product\/fonar-m-wave-moon-shield-x-auto\/\",\"url\":\"https:\/\/xstyle.md\/product\/fonar-m-wave-moon-shield-x-auto\/\",\"name\":\"\u0424\u043e\u043d\u0430\u0440\u044c M-WAVE Moon Shield-X Auto - \u041c\u0430\u0433\u0430\u0437\u0438\u043d Xstyle\",\"isPartOf\":{\"@id\":\"https:\/\/xstyle.md\/#website\"},\"primaryImageOfPage\":{\"@id\":\"https:\/\/xstyle.md\/product\/fonar-m-wave-moon-shield-x-auto\/#primaryimage\"},\"image\":{\"@id\":\"https:\/\/xstyle.md\/product\/fonar-m-wave-moon-shield-x-auto\/#primaryimage\"},\"thumbnailUrl\":\"https:\/\/xstyle.md\/wp-content\/uploads\/2024\/04\/m-wave-moon-shield-x-auto.jpg\",\"datePublished\":\"2024-04-19T11:14:03+00:00\",\"dateModified\":\"2026-03-19T14:19:35+00:00\",\"description\":\"\u0424\u043e\u043d\u0430\u0440\u044c M-WAVE Moon Shield-X Auto: \u043c\u043e\u0449\u043d\u044b\u0439 LED \u0444\u043e\u043d\u0430\u0440\u044c \u0441 9 \u0440\u0435\u0436\u0438\u043c\u0430\u043c\u0438, \u0432\u044b\u0441\u043e\u043a\u043e\u0439 \u044f\u0440\u043a\u043e\u0441\u0442\u044c\u044e \u0438 \u043d\u0430\u0434\u0435\u0436\u043d\u043e\u0439 \u0431\u0430\u0442\u0430\u0440\u0435\u0435\u0439. \u0418\u0434\u0435\u0430\u043b\u0435\u043d \u0434\u043b\u044f \u043b\u044e\u0431\u044b\u0445 \u0443\u0441\u043b\u043e\u0432\u0438\u0439.\",\"breadcrumb\":{\"@id\":\"https:\/\/xstyle.md\/product\/fonar-m-wave-moon-shield-x-auto\/#breadcrumb\"},\"inLanguage\":\"ro-RO\",\"potentialAction\":[{\"@type\":\"ReadAction\",\"target\":[\"https:\/\/xstyle.md\/product\/fonar-m-wave-moon-shield-x-auto\/\"]}]},{\"@type\":\"ImageObject\",\"inLanguage\":\"ro-RO\",\"@id\":\"https:\/\/xstyle.md\/product\/fonar-m-wave-moon-shield-x-auto\/#primaryimage\",\"url\":\"https:\/\/xstyle.md\/wp-content\/uploads\/2024\/04\/m-wave-moon-shield-x-auto.jpg\",\"contentUrl\":\"https:\/\/xstyle.md\/wp-content\/uploads\/2024\/04\/m-wave-moon-shield-x-auto.jpg\",\"width\":1526,\"height\":1444,\"caption\":\"\u041a\u0440\u0435\u043f\u043a\u0438\u0439 \u0430\u043a\u0442\u0438\u0432\u043d\u044b\u0439 \u0441\u0432\u0435\u0442\u0438\u043b\u044c\u043d\u0438\u043a M-WAVE Moon Shield-X Auto \u0434\u043b\u044f \u043f\u043e\u0445\u043e\u0434\u043e\u0432, \u043f\u0443\u0442\u0435\u0448\u0435\u0441\u0442\u0432\u0438\u0439 \u0438 \u0430\u043b\u044c\u043f\u0438\u043d\u0438\u0437\u043c\u0430 \u043d\u0430 \u0441\u0442\u0440\u0430\u043d\u0438\u0446\u0430\u0445 \u043e\u043d\u043b\u0430\u0439\u043d-\u043c\u0430\u0433\u0430\u0437\u0438\u043d\u0430 \u0442\u043e\u0432\u0430\u0440\u043e\u0432 \u0434\u043b\u044f \u0430\u043a\u0442\u0438\u0432\u043d\u043e\u0433\u043e \u043e\u0442\u0434\u044b\u0445\u0430, \u0441\u043f\u043e\u0440\u0442\u0438\u0432\u043d\u043e\u0439 \u043e\u0434\u0435\u0436\u0434\u044b \u0438 \u043e\u0431\u0443\u0432\u0438\"},{\"@type\":\"BreadcrumbList\",\"@id\":\"https:\/\/xstyle.md\/product\/fonar-m-wave-moon-shield-x-auto\/#breadcrumb\",\"itemListElement\":[{\"@type\":\"ListItem\",\"position\":1,\"name\":\"\u0413\u043b\u0430\u0432\u043d\u0430\u044f \u0441\u0442\u0440\u0430\u043d\u0438\u0446\u0430\",\"item\":\"https:\/\/xstyle.md\/\"},{\"@type\":\"ListItem\",\"position\":2,\"name\":\"\u041c\u0430\u0433\u0430\u0437\u0438\u043d\",\"item\":\"https:\/\/xstyle.md\/shop\/\"},{\"@type\":\"ListItem\",\"position\":3,\"name\":\"\u0424\u043e\u043d\u0430\u0440\u044c M-WAVE Moon Shield-X Auto\"}]},{\"@type\":\"WebSite\",\"@id\":\"https:\/\/xstyle.md\/#website\",\"url\":\"https:\/\/xstyle.md\/\",\"name\":\"\u041c\u0430\u0433\u0430\u0437\u0438\u043d Xstyle\",\"description\":\"C\u043d\u0430\u0440\u044f\u0436\u0435\u043d\u0438\u0435 \u0434\u043b\u044f \u0442\u0443\u0440\u0438\u0437\u043c\u0430 \u0438 \u044d\u043a\u0441\u0442\u0440\u0435\u043c\u0430\u043b\u044c\u043d\u044b\u0445 \u0432\u0438\u0434\u043e\u0432 \u0441\u043f\u043e\u0440\u0442\u0430 \u0432 \u041c\u043e\u043b\u0434\u043e\u0432\u0435.. \u0426\u0435\u043d\u044b, \u0444\u043e\u0442\u043e, \u0445\u0430\u0440\u0430\u043a\u0442\u0435\u0440\u0438\u0441\u0442\u0438\u043a\u0438 \u0432 \u041c\u043e\u043b\u0434\u043e\u0432\u0435.\",\"publisher\":{\"@id\":\"https:\/\/xstyle.md\/#organization\"},\"alternateName\":\"X-Style\",\"potentialAction\":[{\"@type\":\"SearchAction\",\"target\":{\"@type\":\"EntryPoint\",\"urlTemplate\":\"https:\/\/xstyle.md\/?s={search_term_string}\"},\"query-input\":{\"@type\":\"PropertyValueSpecification\",\"valueRequired\":true,\"valueName\":\"search_term_string\"}}],\"inLanguage\":\"ro-RO\"},{\"@type\":\"Organization\",\"@id\":\"https:\/\/xstyle.md\/#organization\",\"name\":\"\u041c\u0430\u0433\u0430\u0437\u0438\u043d Xstyle\",\"alternateName\":\"x-style\",\"url\":\"https:\/\/xstyle.md\/\",\"logo\":{\"@type\":\"ImageObject\",\"inLanguage\":\"ro-RO\",\"@id\":\"https:\/\/xstyle.md\/#\/schema\/logo\/image\/\",\"url\":\"https:\/\/xstyle.md\/wp-content\/uploads\/2020\/06\/logoicon.svg\",\"contentUrl\":\"https:\/\/xstyle.md\/wp-content\/uploads\/2020\/06\/logoicon.svg\",\"caption\":\"\u041c\u0430\u0433\u0430\u0437\u0438\u043d Xstyle\"},\"image\":{\"@id\":\"https:\/\/xstyle.md\/#\/schema\/logo\/image\/\"},\"sameAs\":[\"https:\/\/www.facebook.com\/xstylemd\",\"https:\/\/www.instagram.com\/xstyle_md\/\",\"https:\/\/t.me\/xstyle_outdoor\"],\"hasMerchantReturnPolicy\":{\"@type\":\"MerchantReturnPolicy\",\"merchantReturnLink\":\"https:\/\/xstyle.md\/ro\/conditions\/\"}}]}<\/script>\n<meta property=\"product:price:amount\" content=\"790.00\" \/>\n<meta property=\"product:price:currency\" content=\"MDL\" \/>\n<meta property=\"og:availability\" content=\"instock\" \/>\n<meta property=\"product:availability\" content=\"instock\" \/>\n<meta property=\"product:retailer_item_id\" content=\"4897029984130\" \/>\n<meta property=\"product:condition\" content=\"new\" \/>\n<!-- \/ Yoast SEO plugin. -->","yoast_head_json":{"title":"Lantern\u0103 M-WAVE Moon Shield-X Auto - Magazin Xstyle","description":"Lanterna M-WAVE Moon Shield-X Auto: lantern\u0103 LED puternic\u0103 cu 9 moduri, luminozitate ridicat\u0103 \u0219i baterie fiabil\u0103. Ideal\u0103 pentru orice condi\u021bii.","robots":{"index":"index","follow":"follow","max-snippet":"max-snippet:-1","max-image-preview":"max-image-preview:large","max-video-preview":"max-video-preview:-1"},"canonical":"https:\/\/xstyle.md\/ro\/produs\/fonar-m-wave-moon-shield-x-auto\/","og_locale":"ro_RO","og_type":"article","og_title":"\u0424\u043e\u043d\u0430\u0440\u044c M-WAVE Moon Shield-X Auto - \u041c\u0430\u0433\u0430\u0437\u0438\u043d Xstyle","og_description":"\u0424\u043e\u043d\u0430\u0440\u044c M-WAVE Moon Shield-X Auto: \u043c\u043e\u0449\u043d\u044b\u0439 LED \u0444\u043e\u043d\u0430\u0440\u044c \u0441 9 \u0440\u0435\u0436\u0438\u043c\u0430\u043c\u0438, \u0432\u044b\u0441\u043e\u043a\u043e\u0439 \u044f\u0440\u043a\u043e\u0441\u0442\u044c\u044e \u0438 \u043d\u0430\u0434\u0435\u0436\u043d\u043e\u0439 \u0431\u0430\u0442\u0430\u0440\u0435\u0435\u0439. \u0418\u0434\u0435\u0430\u043b\u0435\u043d \u0434\u043b\u044f \u043b\u044e\u0431\u044b\u0445 \u0443\u0441\u043b\u043e\u0432\u0438\u0439.","og_url":"https:\/\/xstyle.md\/ro\/produs\/fonar-m-wave-moon-shield-x-auto\/","og_site_name":"\u041c\u0430\u0433\u0430\u0437\u0438\u043d Xstyle","article_publisher":"https:\/\/www.facebook.com\/xstylemd","article_modified_time":"2026-03-19T14:19:35+00:00","og_image":[{"width":1526,"height":1444,"url":"https:\/\/xstyle.md\/wp-content\/uploads\/2024\/04\/m-wave-moon-shield-x-auto.jpg","type":"image\/jpeg"}],"twitter_card":"summary_large_image","twitter_misc":{"Pre\u021b":"790&nbsp;MDL","Disponibilitate":"\u00cen stoc"},"schema":{"@context":"https:\/\/schema.org","@graph":[{"@type":"WebPage","@id":"https:\/\/xstyle.md\/product\/fonar-m-wave-moon-shield-x-auto\/","url":"https:\/\/xstyle.md\/product\/fonar-m-wave-moon-shield-x-auto\/","name":"Lantern\u0103 M-WAVE Moon Shield-X Auto - Magazin Xstyle","isPartOf":{"@id":"https:\/\/xstyle.md\/#website"},"primaryImageOfPage":{"@id":"https:\/\/xstyle.md\/product\/fonar-m-wave-moon-shield-x-auto\/#primaryimage"},"image":{"@id":"https:\/\/xstyle.md\/product\/fonar-m-wave-moon-shield-x-auto\/#primaryimage"},"thumbnailUrl":"https:\/\/xstyle.md\/wp-content\/uploads\/2024\/04\/m-wave-moon-shield-x-auto.jpg","datePublished":"2024-04-19T11:14:03+00:00","dateModified":"2026-03-19T14:19:35+00:00","description":"Lanterna M-WAVE Moon Shield-X Auto: lantern\u0103 LED puternic\u0103 cu 9 moduri, luminozitate ridicat\u0103 \u0219i baterie fiabil\u0103. Ideal\u0103 pentru orice condi\u021bii.","breadcrumb":{"@id":"https:\/\/xstyle.md\/product\/fonar-m-wave-moon-shield-x-auto\/#breadcrumb"},"inLanguage":"ro-RO","potentialAction":[{"@type":"ReadAction","target":["https:\/\/xstyle.md\/product\/fonar-m-wave-moon-shield-x-auto\/"]}]},{"@type":"ImageObject","inLanguage":"ro-RO","@id":"https:\/\/xstyle.md\/product\/fonar-m-wave-moon-shield-x-auto\/#primaryimage","url":"https:\/\/xstyle.md\/wp-content\/uploads\/2024\/04\/m-wave-moon-shield-x-auto.jpg","contentUrl":"https:\/\/xstyle.md\/wp-content\/uploads\/2024\/04\/m-wave-moon-shield-x-auto.jpg","width":1526,"height":1444,"caption":"\u041a\u0440\u0435\u043f\u043a\u0438\u0439 \u0430\u043a\u0442\u0438\u0432\u043d\u044b\u0439 \u0441\u0432\u0435\u0442\u0438\u043b\u044c\u043d\u0438\u043a M-WAVE Moon Shield-X Auto \u0434\u043b\u044f \u043f\u043e\u0445\u043e\u0434\u043e\u0432, \u043f\u0443\u0442\u0435\u0448\u0435\u0441\u0442\u0432\u0438\u0439 \u0438 \u0430\u043b\u044c\u043f\u0438\u043d\u0438\u0437\u043c\u0430 \u043d\u0430 \u0441\u0442\u0440\u0430\u043d\u0438\u0446\u0430\u0445 \u043e\u043d\u043b\u0430\u0439\u043d-\u043c\u0430\u0433\u0430\u0437\u0438\u043d\u0430 \u0442\u043e\u0432\u0430\u0440\u043e\u0432 \u0434\u043b\u044f \u0430\u043a\u0442\u0438\u0432\u043d\u043e\u0433\u043e \u043e\u0442\u0434\u044b\u0445\u0430, \u0441\u043f\u043e\u0440\u0442\u0438\u0432\u043d\u043e\u0439 \u043e\u0434\u0435\u0436\u0434\u044b \u0438 \u043e\u0431\u0443\u0432\u0438"},{"@type":"BreadcrumbList","@id":"https:\/\/xstyle.md\/product\/fonar-m-wave-moon-shield-x-auto\/#breadcrumb","itemListElement":[{"@type":"ListItem","position":1,"name":"\u0413\u043b\u0430\u0432\u043d\u0430\u044f \u0441\u0442\u0440\u0430\u043d\u0438\u0446\u0430","item":"https:\/\/xstyle.md\/"},{"@type":"ListItem","position":2,"name":"\u041c\u0430\u0433\u0430\u0437\u0438\u043d","item":"https:\/\/xstyle.md\/shop\/"},{"@type":"ListItem","position":3,"name":"\u0424\u043e\u043d\u0430\u0440\u044c M-WAVE Moon Shield-X Auto"}]},{"@type":"WebSite","@id":"https:\/\/xstyle.md\/#website","url":"https:\/\/xstyle.md\/","name":"Magazinul X-Style","description":"Echipamente pentru turism \u0219i sporturi extreme \u00een Moldova. Pre\u021buri, fotografii, caracteristici \u00een Moldova.","publisher":{"@id":"https:\/\/xstyle.md\/#organization"},"alternateName":"X-Style","potentialAction":[{"@type":"SearchAction","target":{"@type":"EntryPoint","urlTemplate":"https:\/\/xstyle.md\/?s={search_term_string}"},"query-input":{"@type":"PropertyValueSpecification","valueRequired":true,"valueName":"search_term_string"}}],"inLanguage":"ro-RO"},{"@type":"Organization","@id":"https:\/\/xstyle.md\/#organization","name":"Magazinul X-Style","alternateName":"x-style","url":"https:\/\/xstyle.md\/","logo":{"@type":"ImageObject","inLanguage":"ro-RO","@id":"https:\/\/xstyle.md\/#\/schema\/logo\/image\/","url":"https:\/\/xstyle.md\/wp-content\/uploads\/2020\/06\/logoicon.svg","contentUrl":"https:\/\/xstyle.md\/wp-content\/uploads\/2020\/06\/logoicon.svg","caption":"\u041c\u0430\u0433\u0430\u0437\u0438\u043d Xstyle"},"image":{"@id":"https:\/\/xstyle.md\/#\/schema\/logo\/image\/"},"sameAs":["https:\/\/www.facebook.com\/xstylemd","https:\/\/www.instagram.com\/xstyle_md\/","https:\/\/t.me\/xstyle_outdoor"],"hasMerchantReturnPolicy":{"@type":"MerchantReturnPolicy","merchantReturnLink":"https:\/\/xstyle.md\/ro\/conditions\/"}}]},"product_price_amount":"790.00","product_price_currency":"MDL","og_availability":"instock","product_availability":"instock","product_retailer_item_id":"4897029984130","product_condition":"new"},"post_mailing_queue_ids":[],"_links":{"self":[{"href":"https:\/\/xstyle.md\/ro\/wp-json\/wp\/v2\/product\/82179","targetHints":{"allow":["GET"]}}],"collection":[{"href":"https:\/\/xstyle.md\/ro\/wp-json\/wp\/v2\/product"}],"about":[{"href":"https:\/\/xstyle.md\/ro\/wp-json\/wp\/v2\/types\/product"}],"replies":[{"embeddable":true,"href":"https:\/\/xstyle.md\/ro\/wp-json\/wp\/v2\/comments?post=82179"}],"wp:featuredmedia":[{"embeddable":true,"href":"https:\/\/xstyle.md\/ro\/wp-json\/wp\/v2\/media\/82301"}],"wp:attachment":[{"href":"https:\/\/xstyle.md\/ro\/wp-json\/wp\/v2\/media?parent=82179"}],"wp:term":[{"taxonomy":"product_brand","embeddable":true,"href":"https:\/\/xstyle.md\/ro\/wp-json\/wp\/v2\/product_brand?post=82179"},{"taxonomy":"product_cat","embeddable":true,"href":"https:\/\/xstyle.md\/ro\/wp-json\/wp\/v2\/product_cat?post=82179"},{"taxonomy":"product_tag","embeddable":true,"href":"https:\/\/xstyle.md\/ro\/wp-json\/wp\/v2\/product_tag?post=82179"}],"curies":[{"name":"wp","href":"https:\/\/api.w.org\/{rel}","templated":true}]}}