{"id":8216,"date":"2020-07-16T23:28:14","date_gmt":"2020-07-16T20:28:14","guid":{"rendered":"https:\/\/xstyle.md\/product\/butylka-dlja-vody-contigo-ashland-720ml"},"modified":"2025-11-05T18:19:02","modified_gmt":"2025-11-05T15:19:02","slug":"butylka-dlja-vody-contigo-ashland-720ml","status":"publish","type":"product","link":"https:\/\/xstyle.md\/ro\/produs\/butylka-dlja-vody-contigo-ashland-720ml\/","title":{"rendered":"Sticl\u0103 Contigo Ashland Tren 720ml"},"content":{"rendered":"<\/p>\n<p><strong>Sticl\u0103 pentru ap\u0103 Contigo Ashland 720ml\u00a0<\/strong>este fabricat din Tritan\u2122 rezistent la impact, care nu con\u021bine Bisfenol-A. Flaconul este echipat cu un capac rezistent la v\u0103rsare \u0219i o \u00eenchidere etan\u0219\u0103 cu un sistem special AUTOSEAL\u00ae. O ap\u0103sare u\u0219oar\u0103 pe butonul mic este suficient\u0103 pentru a deschide supapa \u0219i apa va \u00eencepe s\u0103 curg\u0103 din recipient. Se deschide printr-o singur\u0103 ap\u0103sare cu degetul. Cealalt\u0103 m\u00e2n\u0103 este \u00eentotdeauna liber\u0103. G\u00e2tul larg al flaconului faciliteaz\u0103 umplerea \u0219i sp\u0103larea produsului. Capacul are un suport special pentru ag\u0103\u021barea flaconului de un rucsac sau de centur\u0103. O solu\u021bie ideal\u0103 pentru cei care fac sport \u0219i fitness, duc un stil de via\u021b\u0103 activ \u0219i \u021bin la regimul de consum al apei. Un asistent indispensabil \u00een sala de sport. Ideal pentru plimb\u0103ri sau c\u0103l\u0103torii. Tehnologia patentat\u0103 Autoseal asigur\u0103 o protec\u021bie 100% antiversare.<\/p>\n<p>Ashland este un accesoriu minunat \u0219i practic care \u00ee\u0219i va ocupa locul de drept \u00een arsenalul modern al fiec\u0103rui atlet!<\/p>\n<div>\n<h3>Particularit\u0103\u021bi<\/h3>\n<ul>\n<li>Poate fi plasat \u00eentr-un rucsac sau \u00eentr-o geant\u0103<\/li>\n<li>Se potrive\u0219te perfect \u00een suportul pentru pahare din ma\u0219in\u0103<\/li>\n<li>G\u00e2tul sticlei AUTOSPOUT\u00ae se \u00eenchide \u00een mod sigur \u0219i etan\u0219.<\/li>\n<li>Dac\u0103 este necesar, pute\u021bi bea ap\u0103 prin tub<\/li>\n<li>Poate fi purtat\u0103 la centur\u0103 sau ata\u0219at\u0103 la rucsac cu un carabinier.<\/li>\n<li>Foarte rezistent \u0219i nu se teme deloc de cele mai grave \u0219ocuri.<\/li>\n<li>Se poate sp\u0103la \u00een ma\u0219ina de sp\u0103lat vase<\/li>\n<li>\u0412pa &#8212; fre\u0435.<\/li>\n<\/ul>\n<h3>Caracteristici<\/h3>\n<ul>\n<li>Volum &#8212; 720 ml<\/li>\n<li>Dimensiuni &#8212; 27 x 9,5 cm<\/li>\n<li>Greutate &#8212; 350 g<\/li>\n<li>Material &#8212; plastic ecologic Tritan\u2122 ecologic.<\/li>\n<\/ul>\n<h3>Tehnologie<\/h3>\n<ul>\n<li><strong>AUTOSEAL<\/strong>\u00ae &#8212; tehnologia ofer\u0103 o utilizare comod\u0103 \u0219i u\u0219oar\u0103 a c\u0103nii cu o singur\u0103 m\u00e2n\u0103: nu este nevoie s\u0103 scoate\u021bi capacul, nu este nevoie s\u0103 deschide\u021bi supapa de g\u00e2t. Pur \u0219i simplu ap\u0103sa\u021bi butonul Autoseal\u00ae pentru a lua o \u00eenghi\u021bitur\u0103 \u0219i elibera\u021bi-l pentru a \u00eenchide automat cana.<\/li>\n<li><strong>BPA<\/strong> &#8212; este un compus chimic organic \u0219i este utilizat pentru fabricarea materialelor plastice, a policarbonatului \u0219i a r\u0103\u0219inii epoxidice. De asemenea, este ad\u0103ugat la produsele din plastic \u0219i la conservele alimentare. Principalele propriet\u0103\u021bi ale bisfenolului-A sunt propriet\u0103\u021bile de \u00eent\u0103rire \u0219i antioxidante. BPA este capabil s\u0103 p\u0103trund\u0103 \u00een corpul uman nu numai cu ajutorul alimentelor \u0219i al apei, ci \u0219i prin piele \u0219i pl\u0103m\u00e2ni. Contactul prelungit al lichidelor \u0219i al alimentelor umede cu materiale plastice care con\u021bin bisfenol-A contribuie la eliberarea acestei substan\u021be \u00een alimente. \u00cenc\u0103lzirea unor astfel de recipiente accelereaz\u0103 semnificativ eliberarea de bisfenol-A. Aceast\u0103 sticl\u0103 de ap\u0103 este etichetat\u0103<em> bpa fre\u0435<\/em>, ceea ce indic\u0103 faptul c\u0103 bisfenolul-A nu a fost utilizat la fabricarea acestui recipient.<\/li>\n<\/ul>\n<\/div>\n<p><\/p>","protected":false},"excerpt":{"rendered":"<p>Sticl\u0103 pentru ap\u0103 Contigo Ashland 720ml<\/p>","protected":false},"featured_media":8210,"comment_status":"open","ping_status":"closed","template":"","meta":{"_acf_changed":false,"inline_featured_image":false},"product_brand":[1374],"product_cat":[1171,885],"product_tag":[],"class_list":{"0":"post-8216","1":"product","2":"type-product","3":"status-publish","4":"has-post-thumbnail","6":"product_brand-contigo","7":"product_cat-sticle-si-cani-termice","8":"product_cat-bottle","10":"first","11":"instock","12":"shipping-taxable","13":"purchasable","14":"product-type-simple"},"acf":[],"yoast_head":"<!-- This site is optimized with the Yoast SEO plugin v27.4 - https:\/\/yoast.com\/product\/yoast-seo-wordpress\/ -->\n<title>\u0411\u0443\u0442\u044b\u043b\u043a\u0430 \u0434\u043b\u044f \u0432\u043e\u0434\u044b Contigo Ashland Tren 720ml - \u041c\u0430\u0433\u0430\u0437\u0438\u043d Xstyle<\/title>\n<meta name=\"description\" content=\"\u041a\u0443\u043f\u0438\u0442\u0435 \u0431\u0443\u0442\u044b\u043b\u043a\u0443 \u0434\u043b\u044f \u0432\u043e\u0434\u044b Contigo Ashland 720ml! \u041d\u0430\u0434\u0435\u0436\u043d\u044b\u0439 Tritan, \u0441\u0438\u0441\u0442\u0435\u043c\u0430 AUTOSEAL \u0438 \u0437\u0430\u0449\u0438\u0442\u043d\u044b\u0439 \u043a\u0430\u043f\u044e\u0448\u043e\u043d \u2013 \u0438\u0434\u0435\u0430\u043b\u044c\u043d\u044b\u0439 \u0432\u044b\u0431\u043e\u0440 \u0434\u043b\u044f \u0430\u043a\u0442\u0438\u0432\u043d\u043e\u0433\u043e \u043e\u0442\u0434\u044b\u0445\u0430.\" \/>\n<meta name=\"robots\" content=\"index, follow, max-snippet:-1, max-image-preview:large, max-video-preview:-1\" \/>\n<link rel=\"canonical\" href=\"https:\/\/xstyle.md\/ro\/produs\/butylka-dlja-vody-contigo-ashland-720ml\/\" \/>\n<meta property=\"og:locale\" content=\"ro_RO\" \/>\n<meta property=\"og:type\" content=\"article\" \/>\n<meta property=\"og:title\" content=\"\u0411\u0443\u0442\u044b\u043b\u043a\u0430 \u0434\u043b\u044f \u0432\u043e\u0434\u044b Contigo Ashland Tren 720ml - \u041c\u0430\u0433\u0430\u0437\u0438\u043d Xstyle\" \/>\n<meta property=\"og:description\" content=\"\u041a\u0443\u043f\u0438\u0442\u0435 \u0431\u0443\u0442\u044b\u043b\u043a\u0443 \u0434\u043b\u044f \u0432\u043e\u0434\u044b Contigo Ashland 720ml! \u041d\u0430\u0434\u0435\u0436\u043d\u044b\u0439 Tritan, \u0441\u0438\u0441\u0442\u0435\u043c\u0430 AUTOSEAL \u0438 \u0437\u0430\u0449\u0438\u0442\u043d\u044b\u0439 \u043a\u0430\u043f\u044e\u0448\u043e\u043d \u2013 \u0438\u0434\u0435\u0430\u043b\u044c\u043d\u044b\u0439 \u0432\u044b\u0431\u043e\u0440 \u0434\u043b\u044f \u0430\u043a\u0442\u0438\u0432\u043d\u043e\u0433\u043e \u043e\u0442\u0434\u044b\u0445\u0430.\" \/>\n<meta property=\"og:url\" content=\"https:\/\/xstyle.md\/ro\/produs\/butylka-dlja-vody-contigo-ashland-720ml\/\" \/>\n<meta property=\"og:site_name\" content=\"\u041c\u0430\u0433\u0430\u0437\u0438\u043d Xstyle\" \/>\n<meta property=\"article:publisher\" content=\"https:\/\/www.facebook.com\/xstylemd\" \/>\n<meta property=\"article:modified_time\" content=\"2025-11-05T15:19:02+00:00\" \/>\n<meta property=\"og:image\" content=\"https:\/\/xstyle.md\/wp-content\/uploads\/2020\/07\/ashland1.jpg\" \/>\n\t<meta property=\"og:image:width\" content=\"750\" \/>\n\t<meta property=\"og:image:height\" content=\"750\" \/>\n\t<meta property=\"og:image:type\" content=\"image\/jpeg\" \/>\n<meta name=\"twitter:card\" content=\"summary_large_image\" \/>\n<meta name=\"twitter:label1\" content=\"Pre\u021b\" \/>\n\t<meta name=\"twitter:data1\" content=\"390&nbsp;MDL\" \/>\n\t<meta name=\"twitter:label2\" content=\"Disponibilitate\" \/>\n\t<meta name=\"twitter:data2\" content=\"\u00cen stoc\" \/>\n<script type=\"application\/ld+json\" class=\"yoast-schema-graph\">{\"@context\":\"https:\\\/\\\/schema.org\",\"@graph\":[{\"@type\":\"WebPage\",\"@id\":\"https:\\\/\\\/xstyle.md\\\/product\\\/butylka-dlja-vody-contigo-ashland-720ml\\\/\",\"url\":\"https:\\\/\\\/xstyle.md\\\/product\\\/butylka-dlja-vody-contigo-ashland-720ml\\\/\",\"name\":\"\u0411\u0443\u0442\u044b\u043b\u043a\u0430 \u0434\u043b\u044f \u0432\u043e\u0434\u044b Contigo Ashland Tren 720ml - \u041c\u0430\u0433\u0430\u0437\u0438\u043d Xstyle\",\"isPartOf\":{\"@id\":\"https:\\\/\\\/xstyle.md\\\/#website\"},\"primaryImageOfPage\":{\"@id\":\"https:\\\/\\\/xstyle.md\\\/product\\\/butylka-dlja-vody-contigo-ashland-720ml\\\/#primaryimage\"},\"image\":{\"@id\":\"https:\\\/\\\/xstyle.md\\\/product\\\/butylka-dlja-vody-contigo-ashland-720ml\\\/#primaryimage\"},\"thumbnailUrl\":\"https:\\\/\\\/xstyle.md\\\/wp-content\\\/uploads\\\/2020\\\/07\\\/ashland1.jpg\",\"datePublished\":\"2020-07-16T20:28:14+00:00\",\"dateModified\":\"2025-11-05T15:19:02+00:00\",\"description\":\"\u041a\u0443\u043f\u0438\u0442\u0435 \u0431\u0443\u0442\u044b\u043b\u043a\u0443 \u0434\u043b\u044f \u0432\u043e\u0434\u044b Contigo Ashland 720ml! \u041d\u0430\u0434\u0435\u0436\u043d\u044b\u0439 Tritan, \u0441\u0438\u0441\u0442\u0435\u043c\u0430 AUTOSEAL \u0438 \u0437\u0430\u0449\u0438\u0442\u043d\u044b\u0439 \u043a\u0430\u043f\u044e\u0448\u043e\u043d \u2013 \u0438\u0434\u0435\u0430\u043b\u044c\u043d\u044b\u0439 \u0432\u044b\u0431\u043e\u0440 \u0434\u043b\u044f \u0430\u043a\u0442\u0438\u0432\u043d\u043e\u0433\u043e \u043e\u0442\u0434\u044b\u0445\u0430.\",\"breadcrumb\":{\"@id\":\"https:\\\/\\\/xstyle.md\\\/product\\\/butylka-dlja-vody-contigo-ashland-720ml\\\/#breadcrumb\"},\"inLanguage\":\"ro-RO\",\"potentialAction\":[{\"@type\":\"ReadAction\",\"target\":[\"https:\\\/\\\/xstyle.md\\\/product\\\/butylka-dlja-vody-contigo-ashland-720ml\\\/\"]}]},{\"@type\":\"ImageObject\",\"inLanguage\":\"ro-RO\",\"@id\":\"https:\\\/\\\/xstyle.md\\\/product\\\/butylka-dlja-vody-contigo-ashland-720ml\\\/#primaryimage\",\"url\":\"https:\\\/\\\/xstyle.md\\\/wp-content\\\/uploads\\\/2020\\\/07\\\/ashland1.jpg\",\"contentUrl\":\"https:\\\/\\\/xstyle.md\\\/wp-content\\\/uploads\\\/2020\\\/07\\\/ashland1.jpg\",\"width\":750,\"height\":750},{\"@type\":\"BreadcrumbList\",\"@id\":\"https:\\\/\\\/xstyle.md\\\/product\\\/butylka-dlja-vody-contigo-ashland-720ml\\\/#breadcrumb\",\"itemListElement\":[{\"@type\":\"ListItem\",\"position\":1,\"name\":\"\u0413\u043b\u0430\u0432\u043d\u0430\u044f \u0441\u0442\u0440\u0430\u043d\u0438\u0446\u0430\",\"item\":\"https:\\\/\\\/xstyle.md\\\/\"},{\"@type\":\"ListItem\",\"position\":2,\"name\":\"\u041c\u0430\u0433\u0430\u0437\u0438\u043d\",\"item\":\"https:\\\/\\\/xstyle.md\\\/shop\\\/\"},{\"@type\":\"ListItem\",\"position\":3,\"name\":\"\u0411\u0443\u0442\u044b\u043b\u043a\u0430 \u0434\u043b\u044f \u0432\u043e\u0434\u044b Contigo Ashland Tren 720ml\"}]},{\"@type\":\"WebSite\",\"@id\":\"https:\\\/\\\/xstyle.md\\\/#website\",\"url\":\"https:\\\/\\\/xstyle.md\\\/\",\"name\":\"\u041c\u0430\u0433\u0430\u0437\u0438\u043d Xstyle\",\"description\":\"C\u043d\u0430\u0440\u044f\u0436\u0435\u043d\u0438\u0435 \u0434\u043b\u044f \u0442\u0443\u0440\u0438\u0437\u043c\u0430 \u0438 \u044d\u043a\u0441\u0442\u0440\u0435\u043c\u0430\u043b\u044c\u043d\u044b\u0445 \u0432\u0438\u0434\u043e\u0432 \u0441\u043f\u043e\u0440\u0442\u0430 \u0432 \u041c\u043e\u043b\u0434\u043e\u0432\u0435.. \u0426\u0435\u043d\u044b, \u0444\u043e\u0442\u043e, \u0445\u0430\u0440\u0430\u043a\u0442\u0435\u0440\u0438\u0441\u0442\u0438\u043a\u0438 \u0432 \u041c\u043e\u043b\u0434\u043e\u0432\u0435.\",\"publisher\":{\"@id\":\"https:\\\/\\\/xstyle.md\\\/#organization\"},\"alternateName\":\"X-Style\",\"potentialAction\":[{\"@type\":\"SearchAction\",\"target\":{\"@type\":\"EntryPoint\",\"urlTemplate\":\"https:\\\/\\\/xstyle.md\\\/?s={search_term_string}\"},\"query-input\":{\"@type\":\"PropertyValueSpecification\",\"valueRequired\":true,\"valueName\":\"search_term_string\"}}],\"inLanguage\":\"ro-RO\"},{\"@type\":\"Organization\",\"@id\":\"https:\\\/\\\/xstyle.md\\\/#organization\",\"name\":\"\u041c\u0430\u0433\u0430\u0437\u0438\u043d Xstyle\",\"alternateName\":\"x-style\",\"url\":\"https:\\\/\\\/xstyle.md\\\/\",\"logo\":{\"@type\":\"ImageObject\",\"inLanguage\":\"ro-RO\",\"@id\":\"https:\\\/\\\/xstyle.md\\\/#\\\/schema\\\/logo\\\/image\\\/\",\"url\":\"https:\\\/\\\/xstyle.md\\\/wp-content\\\/uploads\\\/2020\\\/06\\\/logoicon.svg\",\"contentUrl\":\"https:\\\/\\\/xstyle.md\\\/wp-content\\\/uploads\\\/2020\\\/06\\\/logoicon.svg\",\"caption\":\"\u041c\u0430\u0433\u0430\u0437\u0438\u043d Xstyle\"},\"image\":{\"@id\":\"https:\\\/\\\/xstyle.md\\\/#\\\/schema\\\/logo\\\/image\\\/\"},\"sameAs\":[\"https:\\\/\\\/www.facebook.com\\\/xstylemd\",\"https:\\\/\\\/www.instagram.com\\\/xstyle_md\\\/\",\"https:\\\/\\\/t.me\\\/xstyle_outdoor\"],\"hasMerchantReturnPolicy\":{\"@type\":\"MerchantReturnPolicy\",\"merchantReturnLink\":\"https:\\\/\\\/xstyle.md\\\/ro\\\/conditions\\\/\"}}]}<\/script>\n<meta property=\"product:price:amount\" content=\"390.00\" \/>\n<meta property=\"product:price:currency\" content=\"MDL\" \/>\n<meta property=\"og:availability\" content=\"instock\" \/>\n<meta property=\"product:availability\" content=\"instock\" \/>\n<meta property=\"product:retailer_item_id\" content=\"840276112881\" \/>\n<meta property=\"product:condition\" content=\"new\" \/>\n<!-- \/ Yoast SEO plugin. -->","yoast_head_json":{"title":"\u0411\u0443\u0442\u044b\u043b\u043a\u0430 \u0434\u043b\u044f \u0432\u043e\u0434\u044b Contigo Ashland Tren 720ml - \u041c\u0430\u0433\u0430\u0437\u0438\u043d Xstyle","description":"Cump\u0103ra\u021bi o sticl\u0103 de ap\u0103 Contigo Ashland 720ml! Tritanul fiabil, sistemul AUTOSEAL \u0219i capacul protector \u2013 alegerea perfect\u0103 pentru activit\u0103\u021bi \u00een aer liber.","robots":{"index":"index","follow":"follow","max-snippet":"max-snippet:-1","max-image-preview":"max-image-preview:large","max-video-preview":"max-video-preview:-1"},"canonical":"https:\/\/xstyle.md\/ro\/produs\/butylka-dlja-vody-contigo-ashland-720ml\/","og_locale":"ro_RO","og_type":"article","og_title":"\u0411\u0443\u0442\u044b\u043b\u043a\u0430 \u0434\u043b\u044f \u0432\u043e\u0434\u044b Contigo Ashland Tren 720ml - \u041c\u0430\u0433\u0430\u0437\u0438\u043d Xstyle","og_description":"\u041a\u0443\u043f\u0438\u0442\u0435 \u0431\u0443\u0442\u044b\u043b\u043a\u0443 \u0434\u043b\u044f \u0432\u043e\u0434\u044b Contigo Ashland 720ml! \u041d\u0430\u0434\u0435\u0436\u043d\u044b\u0439 Tritan, \u0441\u0438\u0441\u0442\u0435\u043c\u0430 AUTOSEAL \u0438 \u0437\u0430\u0449\u0438\u0442\u043d\u044b\u0439 \u043a\u0430\u043f\u044e\u0448\u043e\u043d \u2013 \u0438\u0434\u0435\u0430\u043b\u044c\u043d\u044b\u0439 \u0432\u044b\u0431\u043e\u0440 \u0434\u043b\u044f \u0430\u043a\u0442\u0438\u0432\u043d\u043e\u0433\u043e \u043e\u0442\u0434\u044b\u0445\u0430.","og_url":"https:\/\/xstyle.md\/ro\/produs\/butylka-dlja-vody-contigo-ashland-720ml\/","og_site_name":"\u041c\u0430\u0433\u0430\u0437\u0438\u043d Xstyle","article_publisher":"https:\/\/www.facebook.com\/xstylemd","article_modified_time":"2025-11-05T15:19:02+00:00","og_image":[{"width":750,"height":750,"url":"https:\/\/xstyle.md\/wp-content\/uploads\/2020\/07\/ashland1.jpg","type":"image\/jpeg"}],"twitter_card":"summary_large_image","twitter_misc":{"Pre\u021b":"390&nbsp;MDL","Disponibilitate":"\u00cen stoc"},"schema":{"@context":"https:\/\/schema.org","@graph":[{"@type":"WebPage","@id":"https:\/\/xstyle.md\/product\/butylka-dlja-vody-contigo-ashland-720ml\/","url":"https:\/\/xstyle.md\/product\/butylka-dlja-vody-contigo-ashland-720ml\/","name":"\u0411\u0443\u0442\u044b\u043b\u043a\u0430 \u0434\u043b\u044f \u0432\u043e\u0434\u044b Contigo Ashland Tren 720ml - \u041c\u0430\u0433\u0430\u0437\u0438\u043d Xstyle","isPartOf":{"@id":"https:\/\/xstyle.md\/#website"},"primaryImageOfPage":{"@id":"https:\/\/xstyle.md\/product\/butylka-dlja-vody-contigo-ashland-720ml\/#primaryimage"},"image":{"@id":"https:\/\/xstyle.md\/product\/butylka-dlja-vody-contigo-ashland-720ml\/#primaryimage"},"thumbnailUrl":"https:\/\/xstyle.md\/wp-content\/uploads\/2020\/07\/ashland1.jpg","datePublished":"2020-07-16T20:28:14+00:00","dateModified":"2025-11-05T15:19:02+00:00","description":"Cump\u0103ra\u021bi o sticl\u0103 de ap\u0103 Contigo Ashland 720ml! Tritanul fiabil, sistemul AUTOSEAL \u0219i capacul protector \u2013 alegerea perfect\u0103 pentru activit\u0103\u021bi \u00een aer liber.","breadcrumb":{"@id":"https:\/\/xstyle.md\/product\/butylka-dlja-vody-contigo-ashland-720ml\/#breadcrumb"},"inLanguage":"ro-RO","potentialAction":[{"@type":"ReadAction","target":["https:\/\/xstyle.md\/product\/butylka-dlja-vody-contigo-ashland-720ml\/"]}]},{"@type":"ImageObject","inLanguage":"ro-RO","@id":"https:\/\/xstyle.md\/product\/butylka-dlja-vody-contigo-ashland-720ml\/#primaryimage","url":"https:\/\/xstyle.md\/wp-content\/uploads\/2020\/07\/ashland1.jpg","contentUrl":"https:\/\/xstyle.md\/wp-content\/uploads\/2020\/07\/ashland1.jpg","width":750,"height":750},{"@type":"BreadcrumbList","@id":"https:\/\/xstyle.md\/product\/butylka-dlja-vody-contigo-ashland-720ml\/#breadcrumb","itemListElement":[{"@type":"ListItem","position":1,"name":"\u0413\u043b\u0430\u0432\u043d\u0430\u044f \u0441\u0442\u0440\u0430\u043d\u0438\u0446\u0430","item":"https:\/\/xstyle.md\/"},{"@type":"ListItem","position":2,"name":"\u041c\u0430\u0433\u0430\u0437\u0438\u043d","item":"https:\/\/xstyle.md\/shop\/"},{"@type":"ListItem","position":3,"name":"\u0411\u0443\u0442\u044b\u043b\u043a\u0430 \u0434\u043b\u044f \u0432\u043e\u0434\u044b Contigo Ashland Tren 720ml"}]},{"@type":"WebSite","@id":"https:\/\/xstyle.md\/#website","url":"https:\/\/xstyle.md\/","name":"Magazinul X-Style","description":"Echipamente pentru turism \u0219i sporturi extreme \u00een Moldova. Pre\u021buri, fotografii, caracteristici \u00een Moldova.","publisher":{"@id":"https:\/\/xstyle.md\/#organization"},"alternateName":"X-Style","potentialAction":[{"@type":"SearchAction","target":{"@type":"EntryPoint","urlTemplate":"https:\/\/xstyle.md\/?s={search_term_string}"},"query-input":{"@type":"PropertyValueSpecification","valueRequired":true,"valueName":"search_term_string"}}],"inLanguage":"ro-RO"},{"@type":"Organization","@id":"https:\/\/xstyle.md\/#organization","name":"Magazinul X-Style","alternateName":"x-style","url":"https:\/\/xstyle.md\/","logo":{"@type":"ImageObject","inLanguage":"ro-RO","@id":"https:\/\/xstyle.md\/#\/schema\/logo\/image\/","url":"https:\/\/xstyle.md\/wp-content\/uploads\/2020\/06\/logoicon.svg","contentUrl":"https:\/\/xstyle.md\/wp-content\/uploads\/2020\/06\/logoicon.svg","caption":"\u041c\u0430\u0433\u0430\u0437\u0438\u043d Xstyle"},"image":{"@id":"https:\/\/xstyle.md\/#\/schema\/logo\/image\/"},"sameAs":["https:\/\/www.facebook.com\/xstylemd","https:\/\/www.instagram.com\/xstyle_md\/","https:\/\/t.me\/xstyle_outdoor"],"hasMerchantReturnPolicy":{"@type":"MerchantReturnPolicy","merchantReturnLink":"https:\/\/xstyle.md\/ro\/conditions\/"}}]},"product_price_amount":"390.00","product_price_currency":"MDL","og_availability":"instock","product_availability":"instock","product_retailer_item_id":"840276112881","product_condition":"new"},"_links":{"self":[{"href":"https:\/\/xstyle.md\/ro\/wp-json\/wp\/v2\/product\/8216","targetHints":{"allow":["GET"]}}],"collection":[{"href":"https:\/\/xstyle.md\/ro\/wp-json\/wp\/v2\/product"}],"about":[{"href":"https:\/\/xstyle.md\/ro\/wp-json\/wp\/v2\/types\/product"}],"replies":[{"embeddable":true,"href":"https:\/\/xstyle.md\/ro\/wp-json\/wp\/v2\/comments?post=8216"}],"wp:featuredmedia":[{"embeddable":true,"href":"https:\/\/xstyle.md\/ro\/wp-json\/wp\/v2\/media\/8210"}],"wp:attachment":[{"href":"https:\/\/xstyle.md\/ro\/wp-json\/wp\/v2\/media?parent=8216"}],"wp:term":[{"taxonomy":"product_brand","embeddable":true,"href":"https:\/\/xstyle.md\/ro\/wp-json\/wp\/v2\/product_brand?post=8216"},{"taxonomy":"product_cat","embeddable":true,"href":"https:\/\/xstyle.md\/ro\/wp-json\/wp\/v2\/product_cat?post=8216"},{"taxonomy":"product_tag","embeddable":true,"href":"https:\/\/xstyle.md\/ro\/wp-json\/wp\/v2\/product_tag?post=8216"}],"curies":[{"name":"wp","href":"https:\/\/api.w.org\/{rel}","templated":true}]}}