{"id":81378,"date":"2024-04-04T13:44:02","date_gmt":"2024-04-04T10:44:02","guid":{"rendered":"https:\/\/xstyle.md\/?post_type=product&#038;p=81378"},"modified":"2026-04-07T15:24:25","modified_gmt":"2026-04-07T12:24:25","slug":"rubashka-turbat-maya-hood-mns-glacier-gray","status":"publish","type":"product","link":"https:\/\/xstyle.md\/ro\/produs\/rubashka-turbat-maya-hood-mns-glacier-gray\/","title":{"rendered":"C\u0103ma\u0219\u0103 Turbat Maya Hood Mns glacier gray"},"content":{"rendered":"<p><strong>Turbat Maya Hood<\/strong> &#8212; \u043c\u0443\u0436\u0441\u043a\u0430\u044f \u0440\u0443\u0431\u0430\u0448\u043a\u0430 \u0441 \u043a\u0430\u043f\u044e\u0448\u043e\u043d\u043e\u043c, \u0437\u0430\u0449\u0438\u0449\u0430\u044e\u0449\u0438\u043c \u043e\u0442 \u0441\u043e\u043b\u043d\u0446\u0430. \u0415\u0433\u043e \u043b\u0435\u0433\u043a\u043e \u043d\u0430\u043a\u0438\u043d\u0443\u0442\u044c \u043e\u0434\u043d\u043e\u0439 \u0440\u0443\u043a\u043e\u0439, \u0443\u0434\u043e\u0431\u043d\u043e \u0432\u043e \u0432\u0440\u0435\u043c\u044f \u043f\u0440\u043e\u0433\u0443\u043b\u043e\u043a \u043f\u043e \u0436\u0430\u0440\u043a\u0438\u043c \u0433\u043e\u0440\u043e\u0434\u0430\u043c, \u043f\u043e\u0445\u043e\u0434\u0430\u0445 \u0438\u043b\u0438 \u0441\u043f\u043b\u0430\u0432\u0430\u0445 \u043d\u0430 \u0440\u0435\u043a\u0430\u0445.<\/p>\n<p>\u0420\u0443\u0431\u0430\u0448\u043a\u0430 \u0438\u0437\u0433\u043e\u0442\u043e\u0432\u043b\u0435\u043d\u0430 \u0438\u0437 \u043b\u0435\u0433\u043a\u043e\u0439 \u0438 \u044d\u043b\u0430\u0441\u0442\u0438\u0447\u043d\u043e\u0439 \u0442\u043a\u0430\u043d\u0438, \u043a\u043e\u0442\u043e\u0440\u0430\u044f \u0431\u044b\u0441\u0442\u0440\u043e \u0441\u043e\u0445\u043d\u0435\u0442, \u0447\u0442\u043e \u0432\u0430\u0436\u043d\u043e \u043b\u0435\u0442\u043e\u043c. \u0422\u0430\u043a\u0436\u0435 \u043e\u043d\u0430 \u0437\u0430\u0449\u0438\u0449\u0435\u043d\u0430 \u043e\u0442 \u0443\u043b\u044c\u0442\u0440\u0430\u0444\u0438\u043e\u043b\u0435\u0442\u0430 UPF50+. \u041f\u0440\u0438 \u0436\u0435\u043b\u0430\u043d\u0438\u0438 \u0440\u0443\u043a\u0430\u0432\u0430 \u043c\u043e\u0436\u043d\u043e \u043f\u043e\u0434\u043a\u0430\u0442\u0438\u0442\u044c \u0438 \u0437\u0430\u0444\u0438\u043a\u0441\u0438\u0440\u043e\u0432\u0430\u0442\u044c \u043d\u0430 \u043f\u0443\u0433\u043e\u0432\u0438\u0446\u0443. \u0415\u0441\u0442\u044c \u043d\u0430\u0433\u0440\u0443\u0434\u043d\u044b\u0439 \u043a\u0430\u0440\u043c\u0430\u043d \u0434\u043b\u044f \u043c\u0435\u043b\u043a\u0438\u0445 \u0432\u0435\u0449\u0435\u0439.<\/p>\n<h3>Particularit\u0103\u021bi<\/h3>\n<ul>\n<li>\u0417\u0430\u0449\u0438\u0449\u0435\u043d\u0430 \u043e\u0442 \u0432\u043e\u0437\u0434\u0435\u0439\u0441\u0442\u0432\u0438\u044f \u0443\u043b\u044c\u0442\u0440\u0430\u0444\u0438\u043e\u043b\u0435\u0442\u0430 UPF50+<\/li>\n<li>\u041a\u0430\u0440\u043c\u0430\u043d \u043d\u0430 \u0433\u0440\u0443\u0434\u0438, \u0447\u0442\u043e\u0431\u044b \u0431\u044b\u043b\u043e \u043a\u0443\u0434\u0430 \u043f\u043e\u043c\u0435\u0441\u0442\u0438\u0442\u044c \u043f\u0430\u0441\u043f\u043e\u0440\u0442 \u0438\u043b\u0438 \u043a\u043b\u044e\u0447\u0438<\/li>\n<li>\u041a\u0430\u043f\u044e\u0448\u043e\u043d \u043e\u0442 \u0441\u043e\u043b\u043d\u0446\u0430 \u0441\u043e \u0448\u043d\u0443\u0440\u043e\u0432\u043a\u0430\u043c\u0438 \u0434\u043b\u044f \u0437\u0430\u0442\u044f\u0436\u043a\u0438<\/li>\n<li>\u041c\u043e\u0436\u043d\u043e \u043f\u043e\u0434\u0432\u0435\u0440\u043d\u0443\u0442\u044c \u0440\u0443\u043a\u0430\u0432 \u0438 \u0437\u0430\u0444\u0438\u043a\u0441\u0438\u0440\u043e\u0432\u0430\u0442\u044c \u043d\u0430 \u043f\u0443\u0433\u043e\u0432\u0438\u0446\u0443<\/li>\n<li>\u0425\u043e\u0440\u043e\u0448\u043e \u043a\u043e\u043c\u043f\u0440\u0435\u0441\u0441\u0438\u0440\u0443\u0435\u0442\u0441\u044f, \u0447\u0442\u043e \u044d\u043a\u043e\u043d\u043e\u043c\u0438\u0442 \u043c\u0435\u0441\u0442\u043e \u0432 \u0440\u044e\u043a\u0437\u0430\u043a\u0435 \u0438\u043b\u0438 \u0447\u0435\u043c\u043e\u0434\u0430\u043d\u0435<\/li>\n<\/ul>\n<h3>Caracteristici<\/h3>\n<ul>\n<li>\u041c\u0430\u0442\u0435\u0440\u0438\u0430\u043b \u2013 76% \u043d\u0435\u0439\u043b\u043e\u043d, 19% \u043f\u043e\u043b\u0438\u044d\u0441\u0442\u0435\u0440, 5% \u044d\u043b\u0430\u0441\u0442\u0430\u043d<\/li>\n<li>Sezon - prim\u0103var\u0103\/var\u0103;<\/li>\n<li>\u041f\u0440\u0438\u043c\u0435\u043d\u0435\u043d\u0438\u0435 \u2013 \u0442\u0440\u0435\u043a\u043a\u0438\u043d\u0433\/ \u0445\u0430\u0439\u043a\u0438\u043d\u0433\/ \u0442\u0443\u0440\u0438\u0437\u043c\/ \u043a\u0435\u043c\u043f\u0438\u043d\u0433\/ \u043a\u0430\u044f\u043a\u0438\u043d\u0433<\/li>\n<li>Model - pentru b\u0103rba\u021bi.<\/li>\n<\/ul>\n<h3>Marca<\/h3>\n<p>Turbat este un brand ucrainean care d\u0103r\u00e2m\u0103 toate stereotipurile \u0219i miturile legate de produsele autohtone \u0219i atitudinea p\u0103rtinitoare fa\u021b\u0103 de acestea. Brandul a demonstrat c\u0103 produc\u0103torul local nu cedeaz\u0103 cu nimic \u00een fa\u021ba calit\u0103\u021bii \u0219i durabilit\u0103\u021bii produselor de import. Echipamentele Turbat sunt adaptate realit\u0103\u021bilor din latitudinile noastre \u0219i vegeta\u021biei s\u0103lbatice a Carpa\u021bilor, cu arbori dobor\u00e2\u021bi \u0219i c\u0103r\u0103ri neumblate, care pot fi dep\u0103\u0219ite doar purt\u00e2nd haine \u0219i folosind un echipament de o rezisten\u021b\u0103 deosebit\u0103. Nu degeaba creatorii au \u00eemprumutat numele companiei de la r\u00e2ul Turbat \u2013 o ap\u0103 de o frumuse\u021be \u0219i puritate incredibile, dar, \u00een acela\u0219i timp, extrem de periculoas\u0103 \u0219i greu accesibil\u0103.<\/p>\n<p>Turbat ofer\u0103 clien\u021bilor s\u0103i \u00eembr\u0103c\u0103minte \u0219i echipament at\u00e2t pentru recreerea de var\u0103, c\u00e2t \u0219i pentru cea de iarn\u0103. Hainele, \u00eenc\u0103l\u021b\u0103mintea, corturile, sacii de dormit \u0219i rucsacurile de calitate, la pre\u021buri accesibile \u0219i cu un design unic, sunt doar o parte din portofoliul companiei. \u00cen plus, produc\u0103torul \u021bine cont de interesele diferitelor categorii de consumatori, oferind game dedicate pentru copii, b\u0103rba\u021bi \u0219i femei.<\/p>\n<p>Turbat are grij\u0103 de confortul \u0219i siguran\u021ba clien\u021bilor s\u0103i, inspir\u00e2ndu-i spre sporturi active, relaxare \u00een natur\u0103, c\u0103l\u0103torii romantice \u0219i aventuri memorabile.<\/p>","protected":false},"excerpt":{"rendered":"<p>Turbat Maya Hood &#8212; \u043c\u0443\u0436\u0441\u043a\u0430\u044f \u0440\u0443\u0431\u0430\u0448\u043a\u0430 \u0441 \u043a\u0430\u043f\u044e\u0448\u043e\u043d\u043e\u043c, \u0437\u0430\u0449\u0438\u0449\u0430\u044e\u0449\u0438\u043c \u043e\u0442 \u0441\u043e\u043b\u043d\u0446\u0430. \u0415\u0433\u043e \u043b\u0435\u0433\u043a\u043e \u043d\u0430\u043a\u0438\u043d\u0443\u0442\u044c \u043e\u0434\u043d\u043e\u0439 \u0440\u0443\u043a\u043e\u0439, \u0443\u0434\u043e\u0431\u043d\u043e \u0432\u043e \u0432\u0440\u0435\u043c\u044f \u043f\u0440\u043e\u0433\u0443\u043b\u043e\u043a \u043f\u043e \u0436\u0430\u0440\u043a\u0438\u043c \u0433\u043e\u0440\u043e\u0434\u0430\u043c, \u043f\u043e\u0445\u043e\u0434\u0430\u0445 \u0438\u043b\u0438 \u0441\u043f\u043b\u0430\u0432\u0430\u0445 \u043d\u0430 \u0440\u0435\u043a\u0430\u0445. \u0420\u0443\u0431\u0430\u0448\u043a\u0430 \u0438\u0437\u0433\u043e\u0442\u043e\u0432\u043b\u0435\u043d\u0430 \u0438\u0437 \u043b\u0435\u0433\u043a\u043e\u0439 \u0438 \u044d\u043b\u0430\u0441\u0442\u0438\u0447\u043d\u043e\u0439 \u0442\u043a\u0430\u043d\u0438, \u043a\u043e\u0442\u043e\u0440\u0430\u044f \u0431\u044b\u0441\u0442\u0440\u043e \u0441\u043e\u0445\u043d\u0435\u0442, \u0447\u0442\u043e \u0432\u0430\u0436\u043d\u043e \u043b\u0435\u0442\u043e\u043c. \u0422\u0430\u043a\u0436\u0435 \u043e\u043d\u0430 \u0437\u0430\u0449\u0438\u0449\u0435\u043d\u0430 \u043e\u0442 \u0443\u043b\u044c\u0442\u0440\u0430\u0444\u0438\u043e\u043b\u0435\u0442\u0430 UPF50+. \u041f\u0440\u0438 \u0436\u0435\u043b\u0430\u043d\u0438\u0438 \u0440\u0443\u043a\u0430\u0432\u0430 \u043c\u043e\u0436\u043d\u043e \u043f\u043e\u0434\u043a\u0430\u0442\u0438\u0442\u044c \u0438 \u0437\u0430\u0444\u0438\u043a\u0441\u0438\u0440\u043e\u0432\u0430\u0442\u044c \u043d\u0430 [&hellip;]<\/p>\n","protected":false},"featured_media":81622,"comment_status":"open","ping_status":"closed","template":"","meta":{"_acf_changed":false,"inline_featured_image":false},"product_brand":[1469],"product_cat":[403],"product_tag":[],"class_list":{"0":"post-81378","1":"product","2":"type-product","3":"status-publish","4":"has-post-thumbnail","6":"product_brand-turbat","7":"product_cat-camasi-barbati","9":"first","10":"instock","11":"shipping-taxable","12":"purchasable","13":"product-type-simple"},"acf":[],"yoast_head":"<!-- This site is optimized with the Yoast SEO plugin v27.2 - https:\/\/yoast.com\/product\/yoast-seo-wordpress\/ -->\n<title>\u0420\u0443\u0431\u0430\u0448\u043a\u0430 Turbat Maya Hood Mns glacier gray - \u041c\u0430\u0433\u0430\u0437\u0438\u043d Xstyle<\/title>\n<meta name=\"description\" content=\"\u041a\u0443\u043f\u0438\u0442\u0435 \u0440\u0443\u0431\u0430\u0448\u043a\u0443 Turbat Maya Hood Mns \u0432 \u0446\u0432\u0435\u0442\u0435 glacier gray. \u0417\u0430\u0449\u0438\u0442\u0430 UPF50, \u0438\u0434\u0435\u0430\u043b\u044c\u043d\u0430 \u0434\u043b\u044f \u0430\u043a\u0442\u0438\u0432\u043d\u043e\u0433\u043e \u043e\u0442\u0434\u044b\u0445\u0430 \u043d\u0430 \u0441\u043e\u043b\u043d\u0446\u0435. \u0421\u0442\u0438\u043b\u044c \u0438 \u043a\u043e\u043c\u0444\u043e\u0440\u0442 \u0432 \u043e\u0434\u043d\u043e\u043c!\" \/>\n<meta name=\"robots\" content=\"index, follow, max-snippet:-1, max-image-preview:large, max-video-preview:-1\" \/>\n<link rel=\"canonical\" href=\"https:\/\/xstyle.md\/ro\/produs\/rubashka-turbat-maya-hood-mns-glacier-gray\/\" \/>\n<meta property=\"og:locale\" content=\"ro_RO\" \/>\n<meta property=\"og:type\" content=\"article\" \/>\n<meta property=\"og:title\" content=\"\u0420\u0443\u0431\u0430\u0448\u043a\u0430 Turbat Maya Hood Mns glacier gray - \u041c\u0430\u0433\u0430\u0437\u0438\u043d Xstyle\" \/>\n<meta property=\"og:description\" content=\"\u041a\u0443\u043f\u0438\u0442\u0435 \u0440\u0443\u0431\u0430\u0448\u043a\u0443 Turbat Maya Hood Mns \u0432 \u0446\u0432\u0435\u0442\u0435 glacier gray. \u0417\u0430\u0449\u0438\u0442\u0430 UPF50, \u0438\u0434\u0435\u0430\u043b\u044c\u043d\u0430 \u0434\u043b\u044f \u0430\u043a\u0442\u0438\u0432\u043d\u043e\u0433\u043e \u043e\u0442\u0434\u044b\u0445\u0430 \u043d\u0430 \u0441\u043e\u043b\u043d\u0446\u0435. \u0421\u0442\u0438\u043b\u044c \u0438 \u043a\u043e\u043c\u0444\u043e\u0440\u0442 \u0432 \u043e\u0434\u043d\u043e\u043c!\" \/>\n<meta property=\"og:url\" content=\"https:\/\/xstyle.md\/ro\/produs\/rubashka-turbat-maya-hood-mns-glacier-gray\/\" \/>\n<meta property=\"og:site_name\" content=\"\u041c\u0430\u0433\u0430\u0437\u0438\u043d Xstyle\" \/>\n<meta property=\"article:publisher\" content=\"https:\/\/www.facebook.com\/xstylemd\" \/>\n<meta property=\"article:modified_time\" content=\"2026-04-07T12:24:25+00:00\" \/>\n<meta property=\"og:image\" content=\"https:\/\/xstyle.md\/wp-content\/uploads\/2024\/04\/turbat-maya-hood-mns-glacier-gray.jpg\" \/>\n\t<meta property=\"og:image:width\" content=\"1000\" \/>\n\t<meta property=\"og:image:height\" content=\"1000\" \/>\n\t<meta property=\"og:image:type\" content=\"image\/jpeg\" \/>\n<meta name=\"twitter:card\" content=\"summary_large_image\" \/>\n<meta name=\"twitter:label1\" content=\"Pre\u021b\" \/>\n\t<meta name=\"twitter:data1\" content=\"1.450&nbsp;MDL\" \/>\n\t<meta name=\"twitter:label2\" content=\"Disponibilitate\" \/>\n\t<meta name=\"twitter:data2\" content=\"\u00cen stoc\" \/>\n<script type=\"application\/ld+json\" class=\"yoast-schema-graph\">{\"@context\":\"https:\/\/schema.org\",\"@graph\":[{\"@type\":\"WebPage\",\"@id\":\"https:\/\/xstyle.md\/product\/rubashka-turbat-maya-hood-mns-glacier-gray\/\",\"url\":\"https:\/\/xstyle.md\/product\/rubashka-turbat-maya-hood-mns-glacier-gray\/\",\"name\":\"\u0420\u0443\u0431\u0430\u0448\u043a\u0430 Turbat Maya Hood Mns glacier gray - \u041c\u0430\u0433\u0430\u0437\u0438\u043d Xstyle\",\"isPartOf\":{\"@id\":\"https:\/\/xstyle.md\/#website\"},\"primaryImageOfPage\":{\"@id\":\"https:\/\/xstyle.md\/product\/rubashka-turbat-maya-hood-mns-glacier-gray\/#primaryimage\"},\"image\":{\"@id\":\"https:\/\/xstyle.md\/product\/rubashka-turbat-maya-hood-mns-glacier-gray\/#primaryimage\"},\"thumbnailUrl\":\"https:\/\/xstyle.md\/wp-content\/uploads\/2024\/04\/turbat-maya-hood-mns-glacier-gray.jpg\",\"datePublished\":\"2024-04-04T10:44:02+00:00\",\"dateModified\":\"2026-04-07T12:24:25+00:00\",\"description\":\"\u041a\u0443\u043f\u0438\u0442\u0435 \u0440\u0443\u0431\u0430\u0448\u043a\u0443 Turbat Maya Hood Mns \u0432 \u0446\u0432\u0435\u0442\u0435 glacier gray. \u0417\u0430\u0449\u0438\u0442\u0430 UPF50, \u0438\u0434\u0435\u0430\u043b\u044c\u043d\u0430 \u0434\u043b\u044f \u0430\u043a\u0442\u0438\u0432\u043d\u043e\u0433\u043e \u043e\u0442\u0434\u044b\u0445\u0430 \u043d\u0430 \u0441\u043e\u043b\u043d\u0446\u0435. \u0421\u0442\u0438\u043b\u044c \u0438 \u043a\u043e\u043c\u0444\u043e\u0440\u0442 \u0432 \u043e\u0434\u043d\u043e\u043c!\",\"breadcrumb\":{\"@id\":\"https:\/\/xstyle.md\/product\/rubashka-turbat-maya-hood-mns-glacier-gray\/#breadcrumb\"},\"inLanguage\":\"ro-RO\",\"potentialAction\":[{\"@type\":\"ReadAction\",\"target\":[\"https:\/\/xstyle.md\/product\/rubashka-turbat-maya-hood-mns-glacier-gray\/\"]}]},{\"@type\":\"ImageObject\",\"inLanguage\":\"ro-RO\",\"@id\":\"https:\/\/xstyle.md\/product\/rubashka-turbat-maya-hood-mns-glacier-gray\/#primaryimage\",\"url\":\"https:\/\/xstyle.md\/wp-content\/uploads\/2024\/04\/turbat-maya-hood-mns-glacier-gray.jpg\",\"contentUrl\":\"https:\/\/xstyle.md\/wp-content\/uploads\/2024\/04\/turbat-maya-hood-mns-glacier-gray.jpg\",\"width\":1000,\"height\":1000,\"caption\":\"\u0422\u0443\u0440\u0438\u0441\u0442\u0438\u0447\u0435\u0441\u043a\u0430\u044f \u0440\u0443\u0431\u0430\u0448\u043a\u0430 Turbat Maya Hood Mns \u0434\u043b\u044f \u0430\u043a\u0442\u0438\u0432\u043d\u043e\u0433\u043e \u043e\u0442\u0434\u044b\u0445\u0430 \u0438 \u043f\u0443\u0442\u0435\u0448\u0435\u0441\u0442\u0432\u0438\u0439, \u043a\u043b\u0430\u0441\u0441\u0438\u0447\u0435\u0441\u043a\u0430\u044f \u043e\u0434\u0435\u0436\u0434\u0430 \u0438 \u043e\u0431\u0443\u0432\u044c \u0434\u043b\u044f \u0445\u0430\u0439\u043a\u0438\u043d\u0433\u0430 \u0438 \u0433\u043e\u0440\u043d\u044b\u0445 \u043f\u043e\u0445\u043e\u0434\u043e\u0432, \u0441\u0435\u0440\u044b\u0439 \u0446\u0432\u0435\u0442, \u043e\u0434\u0435\u0436\u0434\u0430 \u0434\u043b\u044f \u0430\u043a\u0442\u0438\u0432\u043d\u043e\u0439 \u0436\u0438\u0437\u043d\u0438 \u043d\u0430 \u043f\u0440\u0438\u0440\u043e\u0434\u0435\"},{\"@type\":\"BreadcrumbList\",\"@id\":\"https:\/\/xstyle.md\/product\/rubashka-turbat-maya-hood-mns-glacier-gray\/#breadcrumb\",\"itemListElement\":[{\"@type\":\"ListItem\",\"position\":1,\"name\":\"\u0413\u043b\u0430\u0432\u043d\u0430\u044f \u0441\u0442\u0440\u0430\u043d\u0438\u0446\u0430\",\"item\":\"https:\/\/xstyle.md\/\"},{\"@type\":\"ListItem\",\"position\":2,\"name\":\"\u041c\u0430\u0433\u0430\u0437\u0438\u043d\",\"item\":\"https:\/\/xstyle.md\/shop\/\"},{\"@type\":\"ListItem\",\"position\":3,\"name\":\"\u0420\u0443\u0431\u0430\u0448\u043a\u0430 Turbat Maya Hood Mns glacier gray\"}]},{\"@type\":\"WebSite\",\"@id\":\"https:\/\/xstyle.md\/#website\",\"url\":\"https:\/\/xstyle.md\/\",\"name\":\"\u041c\u0430\u0433\u0430\u0437\u0438\u043d Xstyle\",\"description\":\"C\u043d\u0430\u0440\u044f\u0436\u0435\u043d\u0438\u0435 \u0434\u043b\u044f \u0442\u0443\u0440\u0438\u0437\u043c\u0430 \u0438 \u044d\u043a\u0441\u0442\u0440\u0435\u043c\u0430\u043b\u044c\u043d\u044b\u0445 \u0432\u0438\u0434\u043e\u0432 \u0441\u043f\u043e\u0440\u0442\u0430 \u0432 \u041c\u043e\u043b\u0434\u043e\u0432\u0435.. \u0426\u0435\u043d\u044b, \u0444\u043e\u0442\u043e, \u0445\u0430\u0440\u0430\u043a\u0442\u0435\u0440\u0438\u0441\u0442\u0438\u043a\u0438 \u0432 \u041c\u043e\u043b\u0434\u043e\u0432\u0435.\",\"publisher\":{\"@id\":\"https:\/\/xstyle.md\/#organization\"},\"alternateName\":\"X-Style\",\"potentialAction\":[{\"@type\":\"SearchAction\",\"target\":{\"@type\":\"EntryPoint\",\"urlTemplate\":\"https:\/\/xstyle.md\/?s={search_term_string}\"},\"query-input\":{\"@type\":\"PropertyValueSpecification\",\"valueRequired\":true,\"valueName\":\"search_term_string\"}}],\"inLanguage\":\"ro-RO\"},{\"@type\":\"Organization\",\"@id\":\"https:\/\/xstyle.md\/#organization\",\"name\":\"\u041c\u0430\u0433\u0430\u0437\u0438\u043d Xstyle\",\"alternateName\":\"x-style\",\"url\":\"https:\/\/xstyle.md\/\",\"logo\":{\"@type\":\"ImageObject\",\"inLanguage\":\"ro-RO\",\"@id\":\"https:\/\/xstyle.md\/#\/schema\/logo\/image\/\",\"url\":\"https:\/\/xstyle.md\/wp-content\/uploads\/2020\/06\/logoicon.svg\",\"contentUrl\":\"https:\/\/xstyle.md\/wp-content\/uploads\/2020\/06\/logoicon.svg\",\"caption\":\"\u041c\u0430\u0433\u0430\u0437\u0438\u043d Xstyle\"},\"image\":{\"@id\":\"https:\/\/xstyle.md\/#\/schema\/logo\/image\/\"},\"sameAs\":[\"https:\/\/www.facebook.com\/xstylemd\",\"https:\/\/www.instagram.com\/xstyle_md\/\",\"https:\/\/t.me\/xstyle_outdoor\"],\"hasMerchantReturnPolicy\":{\"@type\":\"MerchantReturnPolicy\",\"merchantReturnLink\":\"https:\/\/xstyle.md\/ro\/conditions\/\"}}]}<\/script>\n<meta property=\"product:price:amount\" content=\"1450.00\" \/>\n<meta property=\"product:price:currency\" content=\"MDL\" \/>\n<meta property=\"og:availability\" content=\"instock\" \/>\n<meta property=\"product:availability\" content=\"instock\" \/>\n<meta property=\"product:retailer_item_id\" content=\"4823100534697\" \/>\n<meta property=\"product:condition\" content=\"new\" \/>\n<!-- \/ Yoast SEO plugin. -->","yoast_head_json":{"title":"C\u0103ma\u0219\u0103 Turbat Maya Hood Mns glacier gray - Magazin Xstyle","description":"Cump\u0103ra\u021bi c\u0103ma\u0219a Turbat Maya Hood Mns \u00een culoarea glacier gray. Protec\u021bie UPF50, ideal\u0103 pentru activit\u0103\u021bi \u00een aer liber la soare. Stil \u0219i confort \u00eentr-unul!","robots":{"index":"index","follow":"follow","max-snippet":"max-snippet:-1","max-image-preview":"max-image-preview:large","max-video-preview":"max-video-preview:-1"},"canonical":"https:\/\/xstyle.md\/ro\/produs\/rubashka-turbat-maya-hood-mns-glacier-gray\/","og_locale":"ro_RO","og_type":"article","og_title":"\u0420\u0443\u0431\u0430\u0448\u043a\u0430 Turbat Maya Hood Mns glacier gray - \u041c\u0430\u0433\u0430\u0437\u0438\u043d Xstyle","og_description":"\u041a\u0443\u043f\u0438\u0442\u0435 \u0440\u0443\u0431\u0430\u0448\u043a\u0443 Turbat Maya Hood Mns \u0432 \u0446\u0432\u0435\u0442\u0435 glacier gray. \u0417\u0430\u0449\u0438\u0442\u0430 UPF50, \u0438\u0434\u0435\u0430\u043b\u044c\u043d\u0430 \u0434\u043b\u044f \u0430\u043a\u0442\u0438\u0432\u043d\u043e\u0433\u043e \u043e\u0442\u0434\u044b\u0445\u0430 \u043d\u0430 \u0441\u043e\u043b\u043d\u0446\u0435. \u0421\u0442\u0438\u043b\u044c \u0438 \u043a\u043e\u043c\u0444\u043e\u0440\u0442 \u0432 \u043e\u0434\u043d\u043e\u043c!","og_url":"https:\/\/xstyle.md\/ro\/produs\/rubashka-turbat-maya-hood-mns-glacier-gray\/","og_site_name":"\u041c\u0430\u0433\u0430\u0437\u0438\u043d Xstyle","article_publisher":"https:\/\/www.facebook.com\/xstylemd","article_modified_time":"2026-04-07T12:24:25+00:00","og_image":[{"width":1000,"height":1000,"url":"https:\/\/xstyle.md\/wp-content\/uploads\/2024\/04\/turbat-maya-hood-mns-glacier-gray.jpg","type":"image\/jpeg"}],"twitter_card":"summary_large_image","twitter_misc":{"Pre\u021b":"1.450&nbsp;MDL","Disponibilitate":"\u00cen stoc"},"schema":{"@context":"https:\/\/schema.org","@graph":[{"@type":"WebPage","@id":"https:\/\/xstyle.md\/product\/rubashka-turbat-maya-hood-mns-glacier-gray\/","url":"https:\/\/xstyle.md\/product\/rubashka-turbat-maya-hood-mns-glacier-gray\/","name":"C\u0103ma\u0219\u0103 Turbat Maya Hood Mns glacier gray - Magazin Xstyle","isPartOf":{"@id":"https:\/\/xstyle.md\/#website"},"primaryImageOfPage":{"@id":"https:\/\/xstyle.md\/product\/rubashka-turbat-maya-hood-mns-glacier-gray\/#primaryimage"},"image":{"@id":"https:\/\/xstyle.md\/product\/rubashka-turbat-maya-hood-mns-glacier-gray\/#primaryimage"},"thumbnailUrl":"https:\/\/xstyle.md\/wp-content\/uploads\/2024\/04\/turbat-maya-hood-mns-glacier-gray.jpg","datePublished":"2024-04-04T10:44:02+00:00","dateModified":"2026-04-07T12:24:25+00:00","description":"Cump\u0103ra\u021bi c\u0103ma\u0219a Turbat Maya Hood Mns \u00een culoarea glacier gray. Protec\u021bie UPF50, ideal\u0103 pentru activit\u0103\u021bi \u00een aer liber la soare. Stil \u0219i confort \u00eentr-unul!","breadcrumb":{"@id":"https:\/\/xstyle.md\/product\/rubashka-turbat-maya-hood-mns-glacier-gray\/#breadcrumb"},"inLanguage":"ro-RO","potentialAction":[{"@type":"ReadAction","target":["https:\/\/xstyle.md\/product\/rubashka-turbat-maya-hood-mns-glacier-gray\/"]}]},{"@type":"ImageObject","inLanguage":"ro-RO","@id":"https:\/\/xstyle.md\/product\/rubashka-turbat-maya-hood-mns-glacier-gray\/#primaryimage","url":"https:\/\/xstyle.md\/wp-content\/uploads\/2024\/04\/turbat-maya-hood-mns-glacier-gray.jpg","contentUrl":"https:\/\/xstyle.md\/wp-content\/uploads\/2024\/04\/turbat-maya-hood-mns-glacier-gray.jpg","width":1000,"height":1000,"caption":"\u0422\u0443\u0440\u0438\u0441\u0442\u0438\u0447\u0435\u0441\u043a\u0430\u044f \u0440\u0443\u0431\u0430\u0448\u043a\u0430 Turbat Maya Hood Mns \u0434\u043b\u044f \u0430\u043a\u0442\u0438\u0432\u043d\u043e\u0433\u043e \u043e\u0442\u0434\u044b\u0445\u0430 \u0438 \u043f\u0443\u0442\u0435\u0448\u0435\u0441\u0442\u0432\u0438\u0439, \u043a\u043b\u0430\u0441\u0441\u0438\u0447\u0435\u0441\u043a\u0430\u044f \u043e\u0434\u0435\u0436\u0434\u0430 \u0438 \u043e\u0431\u0443\u0432\u044c \u0434\u043b\u044f \u0445\u0430\u0439\u043a\u0438\u043d\u0433\u0430 \u0438 \u0433\u043e\u0440\u043d\u044b\u0445 \u043f\u043e\u0445\u043e\u0434\u043e\u0432, \u0441\u0435\u0440\u044b\u0439 \u0446\u0432\u0435\u0442, \u043e\u0434\u0435\u0436\u0434\u0430 \u0434\u043b\u044f \u0430\u043a\u0442\u0438\u0432\u043d\u043e\u0439 \u0436\u0438\u0437\u043d\u0438 \u043d\u0430 \u043f\u0440\u0438\u0440\u043e\u0434\u0435"},{"@type":"BreadcrumbList","@id":"https:\/\/xstyle.md\/product\/rubashka-turbat-maya-hood-mns-glacier-gray\/#breadcrumb","itemListElement":[{"@type":"ListItem","position":1,"name":"\u0413\u043b\u0430\u0432\u043d\u0430\u044f \u0441\u0442\u0440\u0430\u043d\u0438\u0446\u0430","item":"https:\/\/xstyle.md\/"},{"@type":"ListItem","position":2,"name":"\u041c\u0430\u0433\u0430\u0437\u0438\u043d","item":"https:\/\/xstyle.md\/shop\/"},{"@type":"ListItem","position":3,"name":"\u0420\u0443\u0431\u0430\u0448\u043a\u0430 Turbat Maya Hood Mns glacier gray"}]},{"@type":"WebSite","@id":"https:\/\/xstyle.md\/#website","url":"https:\/\/xstyle.md\/","name":"Magazinul X-Style","description":"Echipamente pentru turism \u0219i sporturi extreme \u00een Moldova. Pre\u021buri, fotografii, caracteristici \u00een Moldova.","publisher":{"@id":"https:\/\/xstyle.md\/#organization"},"alternateName":"X-Style","potentialAction":[{"@type":"SearchAction","target":{"@type":"EntryPoint","urlTemplate":"https:\/\/xstyle.md\/?s={search_term_string}"},"query-input":{"@type":"PropertyValueSpecification","valueRequired":true,"valueName":"search_term_string"}}],"inLanguage":"ro-RO"},{"@type":"Organization","@id":"https:\/\/xstyle.md\/#organization","name":"Magazinul X-Style","alternateName":"x-style","url":"https:\/\/xstyle.md\/","logo":{"@type":"ImageObject","inLanguage":"ro-RO","@id":"https:\/\/xstyle.md\/#\/schema\/logo\/image\/","url":"https:\/\/xstyle.md\/wp-content\/uploads\/2020\/06\/logoicon.svg","contentUrl":"https:\/\/xstyle.md\/wp-content\/uploads\/2020\/06\/logoicon.svg","caption":"\u041c\u0430\u0433\u0430\u0437\u0438\u043d Xstyle"},"image":{"@id":"https:\/\/xstyle.md\/#\/schema\/logo\/image\/"},"sameAs":["https:\/\/www.facebook.com\/xstylemd","https:\/\/www.instagram.com\/xstyle_md\/","https:\/\/t.me\/xstyle_outdoor"],"hasMerchantReturnPolicy":{"@type":"MerchantReturnPolicy","merchantReturnLink":"https:\/\/xstyle.md\/ro\/conditions\/"}}]},"product_price_amount":"1450.00","product_price_currency":"MDL","og_availability":"instock","product_availability":"instock","product_retailer_item_id":"4823100534697","product_condition":"new"},"post_mailing_queue_ids":[],"_links":{"self":[{"href":"https:\/\/xstyle.md\/ro\/wp-json\/wp\/v2\/product\/81378","targetHints":{"allow":["GET"]}}],"collection":[{"href":"https:\/\/xstyle.md\/ro\/wp-json\/wp\/v2\/product"}],"about":[{"href":"https:\/\/xstyle.md\/ro\/wp-json\/wp\/v2\/types\/product"}],"replies":[{"embeddable":true,"href":"https:\/\/xstyle.md\/ro\/wp-json\/wp\/v2\/comments?post=81378"}],"wp:featuredmedia":[{"embeddable":true,"href":"https:\/\/xstyle.md\/ro\/wp-json\/wp\/v2\/media\/81622"}],"wp:attachment":[{"href":"https:\/\/xstyle.md\/ro\/wp-json\/wp\/v2\/media?parent=81378"}],"wp:term":[{"taxonomy":"product_brand","embeddable":true,"href":"https:\/\/xstyle.md\/ro\/wp-json\/wp\/v2\/product_brand?post=81378"},{"taxonomy":"product_cat","embeddable":true,"href":"https:\/\/xstyle.md\/ro\/wp-json\/wp\/v2\/product_cat?post=81378"},{"taxonomy":"product_tag","embeddable":true,"href":"https:\/\/xstyle.md\/ro\/wp-json\/wp\/v2\/product_tag?post=81378"}],"curies":[{"name":"wp","href":"https:\/\/api.w.org\/{rel}","templated":true}]}}