{"id":81370,"date":"2024-04-04T13:44:01","date_gmt":"2024-04-04T10:44:01","guid":{"rendered":"https:\/\/xstyle.md\/?post_type=product&#038;p=81370"},"modified":"2025-10-24T13:15:03","modified_gmt":"2025-10-24T10:15:03","slug":"kurtka-turbat-musala-mns-navy","status":"publish","type":"product","link":"https:\/\/xstyle.md\/ro\/produs\/kurtka-turbat-musala-mns-navy\/","title":{"rendered":"Geac\u0103 Turbat Musala Mns navy"},"content":{"rendered":"<\/p>\n<p><strong>Turbat Musala<\/strong> &#8212; jachet\u0103 pentru b\u0103rba\u021bi pentru ora\u0219 \u0219i aventur\u0103. Este confec\u021bionat\u0103 din material softshell rezistent la v\u00e2nt, cu protec\u021bie suplimentar\u0103 de 3000 mm (DWR) \u0219i izolat\u0103 cu fleece \u00een interior. Datorit\u0103 acestei combina\u021bii, jacheta poate fi folosit\u0103 zilnic \u00een ora\u0219 \u0219i \u00een drume\u021bii u\u0219oare \u00een afara sezonului la munte.<\/p>\n<p>Exist\u0103 o glug\u0103 ergonomic\u0103 cu puf \u0219i dou\u0103 buzunare cu fermoar. Partea de jos a jachetei poate fi tras\u0103 \u00een jos pentru a \u021bine v\u00e2ntul departe. Aceast\u0103 jachet\u0103 este partenerul perfect pentru c\u0103l\u0103torii combinate de aventur\u0103, drume\u021bii sau excursii rutiere.<\/p>\n<h3>Particularit\u0103\u021bi<\/h3>\n<ul>\n<li>Fabricat din material softshell rezistent la v\u00e2nt<\/li>\n<li>Izolat cu fleece<\/li>\n<li>Glug\u0103 ergonomic\u0103 cu cordon de \u00eenchidere<\/li>\n<li>Dou\u0103 buzunare cu fermoar cu c\u0103ptu\u0219eal\u0103 din microfleece<\/li>\n<li>Partea de jos a jachetei poate fi tras\u0103 \u00een jos<\/li>\n<li>Protec\u021bie de baz\u0103 \u00eempotriva ploii<\/li>\n<\/ul>\n<h3>Caracteristici<\/h3>\n<ul>\n<li>Material &#8212; 100% poliester<\/li>\n<li>Rezisten\u021b\u0103 la umiditate &#8212; 3 000 mm<\/li>\n<li>Permeabilitatea aerului &#8212; 8 000 g\/m2\/24h<\/li>\n<li>Utilizare &#8212; trekking \/ drume\u021bii \/ turism<\/li>\n<li>Model &#8212; unisex<\/li>\n<\/ul>\n<h3>Marca<\/h3>\n<p>Turbat este un brand ucrainean care sparge toate stereotipurile \u0219i miturile despre produsele ucrainene \u0219i prejudec\u0103\u021bile fa\u021b\u0103 de acestea. Acesta a dovedit c\u0103 produc\u0103torul na\u021bional nu este inferior \u00een ceea ce prive\u0219te calitatea \u0219i durabilitatea fa\u021b\u0103 de produsele importate. Produsele Turbat sunt adaptate la realit\u0103\u021bile latitudinilor ucrainene, la vegeta\u021bia s\u0103lbatic\u0103 din Carpa\u021bi, cu copaci c\u0103zu\u021bi \u0219i poteci \u00eentinse, care pot fi dep\u0103\u0219ite doar \u00een haine \u0219i echipamente de o rezisten\u021b\u0103 deosebit\u0103. Nu degeaba dezvoltatorii au \u00eemprumutat numele companiei de la r\u00e2ul Turbat &#8212; incredibil de frumos \u0219i curat, dar \u00een acela\u0219i timp foarte periculos \u0219i greu accesibil.<\/p>\n<p>Turbat pune la dispozi\u021bia clien\u021bilor s\u0103i \u00eembr\u0103c\u0103minte \u0219i echipament at\u00e2t pentru vacan\u021ba de var\u0103, c\u00e2t \u0219i pentru cea de iarn\u0103. \u00cembr\u0103c\u0103minte de \u00eenalt\u0103 calitate \u0219i la pre\u021buri accesibile, \u00eenc\u0103l\u021b\u0103minte, corturi, saci de dormit, rucsacuri cu un design \u0219i culori unice &#8212; aceasta nu este \u00eentreaga list\u0103 de produse ale companiei. \u00cen plus, produc\u0103torul ia \u00een considerare interesele diferitelor categorii de consumatori, oferind separat produse pentru copii, b\u0103rba\u021bi \u0219i femei.<\/p>\n<p>Turbat se preocup\u0103 de confortul \u0219i siguran\u021ba clien\u021bilor s\u0103i \u0219i \u00eei inspir\u0103 la sporturi active, recreere, c\u0103l\u0103torii romantice \u0219i aventuri.<\/p>\n<p><\/p>","protected":false},"excerpt":{"rendered":"","protected":false},"featured_media":81583,"comment_status":"open","ping_status":"closed","template":"","meta":{"_acf_changed":false,"inline_featured_image":false},"product_brand":[1469],"product_cat":[356],"product_tag":[],"class_list":{"0":"post-81370","1":"product","2":"type-product","3":"status-publish","4":"has-post-thumbnail","6":"product_brand-turbat","7":"product_cat-softshell-jackets-barbati","9":"first","10":"instock","11":"shipping-taxable","12":"purchasable","13":"product-type-simple"},"acf":[],"yoast_head":"<!-- This site is optimized with the Yoast SEO plugin v27.4 - https:\/\/yoast.com\/product\/yoast-seo-wordpress\/ -->\n<title>\u041a\u0443\u0440\u0442\u043a\u0430 Turbat Musala Mns navy - \u041c\u0430\u0433\u0430\u0437\u0438\u043d Xstyle<\/title>\n<meta name=\"description\" content=\"\u041a\u0443\u0440\u0442\u043a\u0430 Turbat Musala Mns navy - \u043b\u0435\u0433\u043a\u0430\u044f \u0438 \u043f\u0440\u043e\u0447\u043d\u0430\u044f \u0441\u043e\u0444\u0442\u0448\u0435\u043b\u043b \u043c\u043e\u0434\u0435\u043b\u044c \u0434\u043b\u044f \u0433\u043e\u0440\u043e\u0434\u0430 \u0438 \u043f\u0440\u0438\u043a\u043b\u044e\u0447\u0435\u043d\u0438\u0439. \u0417\u0430\u0449\u0438\u0442\u0430 \u043e\u0442 \u0432\u043b\u0430\u0433\u0438 \u0438 \u0432\u0435\u0442\u0440\u0430, \u0438\u0434\u0435\u0430\u043b\u044c\u043d\u0430 \u0434\u043b\u044f \u0430\u043a\u0442\u0438\u0432\u043d\u043e\u0433\u043e \u043e\u0442\u0434\u044b\u0445\u0430.\" \/>\n<meta name=\"robots\" content=\"index, follow, max-snippet:-1, max-image-preview:large, max-video-preview:-1\" \/>\n<link rel=\"canonical\" href=\"https:\/\/xstyle.md\/ro\/produs\/kurtka-turbat-musala-mns-navy\/\" \/>\n<meta property=\"og:locale\" content=\"ro_RO\" \/>\n<meta property=\"og:type\" content=\"article\" \/>\n<meta property=\"og:title\" content=\"\u041a\u0443\u0440\u0442\u043a\u0430 Turbat Musala Mns navy - \u041c\u0430\u0433\u0430\u0437\u0438\u043d Xstyle\" \/>\n<meta property=\"og:description\" content=\"\u041a\u0443\u0440\u0442\u043a\u0430 Turbat Musala Mns navy - \u043b\u0435\u0433\u043a\u0430\u044f \u0438 \u043f\u0440\u043e\u0447\u043d\u0430\u044f \u0441\u043e\u0444\u0442\u0448\u0435\u043b\u043b \u043c\u043e\u0434\u0435\u043b\u044c \u0434\u043b\u044f \u0433\u043e\u0440\u043e\u0434\u0430 \u0438 \u043f\u0440\u0438\u043a\u043b\u044e\u0447\u0435\u043d\u0438\u0439. \u0417\u0430\u0449\u0438\u0442\u0430 \u043e\u0442 \u0432\u043b\u0430\u0433\u0438 \u0438 \u0432\u0435\u0442\u0440\u0430, \u0438\u0434\u0435\u0430\u043b\u044c\u043d\u0430 \u0434\u043b\u044f \u0430\u043a\u0442\u0438\u0432\u043d\u043e\u0433\u043e \u043e\u0442\u0434\u044b\u0445\u0430.\" \/>\n<meta property=\"og:url\" content=\"https:\/\/xstyle.md\/ro\/produs\/kurtka-turbat-musala-mns-navy\/\" \/>\n<meta property=\"og:site_name\" content=\"\u041c\u0430\u0433\u0430\u0437\u0438\u043d Xstyle\" \/>\n<meta property=\"article:publisher\" content=\"https:\/\/www.facebook.com\/xstylemd\" \/>\n<meta property=\"article:modified_time\" content=\"2025-10-24T10:15:03+00:00\" \/>\n<meta property=\"og:image\" content=\"https:\/\/xstyle.md\/wp-content\/uploads\/2024\/04\/turbat-musala-mns-navy.jpg\" \/>\n\t<meta property=\"og:image:width\" content=\"1198\" \/>\n\t<meta property=\"og:image:height\" content=\"1131\" \/>\n\t<meta property=\"og:image:type\" content=\"image\/jpeg\" \/>\n<meta name=\"twitter:card\" content=\"summary_large_image\" \/>\n<meta name=\"twitter:label1\" content=\"Pre\u021b\" \/>\n\t<meta name=\"twitter:data1\" content=\"1.490&nbsp;MDL\" \/>\n\t<meta name=\"twitter:label2\" content=\"Disponibilitate\" \/>\n\t<meta name=\"twitter:data2\" content=\"\u00cen stoc\" \/>\n<script type=\"application\/ld+json\" class=\"yoast-schema-graph\">{\"@context\":\"https:\\\/\\\/schema.org\",\"@graph\":[{\"@type\":\"WebPage\",\"@id\":\"https:\\\/\\\/xstyle.md\\\/product\\\/kurtka-turbat-musala-mns-navy\\\/\",\"url\":\"https:\\\/\\\/xstyle.md\\\/product\\\/kurtka-turbat-musala-mns-navy\\\/\",\"name\":\"\u041a\u0443\u0440\u0442\u043a\u0430 Turbat Musala Mns navy - \u041c\u0430\u0433\u0430\u0437\u0438\u043d Xstyle\",\"isPartOf\":{\"@id\":\"https:\\\/\\\/xstyle.md\\\/#website\"},\"primaryImageOfPage\":{\"@id\":\"https:\\\/\\\/xstyle.md\\\/product\\\/kurtka-turbat-musala-mns-navy\\\/#primaryimage\"},\"image\":{\"@id\":\"https:\\\/\\\/xstyle.md\\\/product\\\/kurtka-turbat-musala-mns-navy\\\/#primaryimage\"},\"thumbnailUrl\":\"https:\\\/\\\/xstyle.md\\\/wp-content\\\/uploads\\\/2024\\\/04\\\/turbat-musala-mns-navy.jpg\",\"datePublished\":\"2024-04-04T10:44:01+00:00\",\"dateModified\":\"2025-10-24T10:15:03+00:00\",\"description\":\"\u041a\u0443\u0440\u0442\u043a\u0430 Turbat Musala Mns navy - \u043b\u0435\u0433\u043a\u0430\u044f \u0438 \u043f\u0440\u043e\u0447\u043d\u0430\u044f \u0441\u043e\u0444\u0442\u0448\u0435\u043b\u043b \u043c\u043e\u0434\u0435\u043b\u044c \u0434\u043b\u044f \u0433\u043e\u0440\u043e\u0434\u0430 \u0438 \u043f\u0440\u0438\u043a\u043b\u044e\u0447\u0435\u043d\u0438\u0439. \u0417\u0430\u0449\u0438\u0442\u0430 \u043e\u0442 \u0432\u043b\u0430\u0433\u0438 \u0438 \u0432\u0435\u0442\u0440\u0430, \u0438\u0434\u0435\u0430\u043b\u044c\u043d\u0430 \u0434\u043b\u044f \u0430\u043a\u0442\u0438\u0432\u043d\u043e\u0433\u043e \u043e\u0442\u0434\u044b\u0445\u0430.\",\"breadcrumb\":{\"@id\":\"https:\\\/\\\/xstyle.md\\\/product\\\/kurtka-turbat-musala-mns-navy\\\/#breadcrumb\"},\"inLanguage\":\"ro-RO\",\"potentialAction\":[{\"@type\":\"ReadAction\",\"target\":[\"https:\\\/\\\/xstyle.md\\\/product\\\/kurtka-turbat-musala-mns-navy\\\/\"]}]},{\"@type\":\"ImageObject\",\"inLanguage\":\"ro-RO\",\"@id\":\"https:\\\/\\\/xstyle.md\\\/product\\\/kurtka-turbat-musala-mns-navy\\\/#primaryimage\",\"url\":\"https:\\\/\\\/xstyle.md\\\/wp-content\\\/uploads\\\/2024\\\/04\\\/turbat-musala-mns-navy.jpg\",\"contentUrl\":\"https:\\\/\\\/xstyle.md\\\/wp-content\\\/uploads\\\/2024\\\/04\\\/turbat-musala-mns-navy.jpg\",\"width\":1198,\"height\":1131,\"caption\":\"\u041a\u0443\u0440\u0442\u043a\u0430 Turbat Musala Mns navy \u0434\u043b\u044f \u0430\u043a\u0442\u0438\u0432\u043d\u043e\u0433\u043e \u043e\u0442\u0434\u044b\u0445\u0430 \u0438 \u043f\u043e\u0445\u043e\u0434\u043e\u0432, \u0441\u043f\u043e\u0440\u0442\u0438\u0432\u043d\u0430\u044f \u043e\u0434\u0435\u0436\u0434\u0430 \u0438 \u043e\u0431\u0443\u0432\u044c \u0434\u043b\u044f \u0442\u0443\u0440\u0438\u0437\u043c\u0430, \u043f\u043e\u0445\u043e\u0434\u043e\u0432 \u0438 \u043f\u0443\u0442\u0435\u0448\u0435\u0441\u0442\u0432\u0438\u0439\"},{\"@type\":\"BreadcrumbList\",\"@id\":\"https:\\\/\\\/xstyle.md\\\/product\\\/kurtka-turbat-musala-mns-navy\\\/#breadcrumb\",\"itemListElement\":[{\"@type\":\"ListItem\",\"position\":1,\"name\":\"\u0413\u043b\u0430\u0432\u043d\u0430\u044f \u0441\u0442\u0440\u0430\u043d\u0438\u0446\u0430\",\"item\":\"https:\\\/\\\/xstyle.md\\\/\"},{\"@type\":\"ListItem\",\"position\":2,\"name\":\"\u041c\u0430\u0433\u0430\u0437\u0438\u043d\",\"item\":\"https:\\\/\\\/xstyle.md\\\/shop\\\/\"},{\"@type\":\"ListItem\",\"position\":3,\"name\":\"\u041a\u0443\u0440\u0442\u043a\u0430 Turbat Musala Mns navy\"}]},{\"@type\":\"WebSite\",\"@id\":\"https:\\\/\\\/xstyle.md\\\/#website\",\"url\":\"https:\\\/\\\/xstyle.md\\\/\",\"name\":\"\u041c\u0430\u0433\u0430\u0437\u0438\u043d Xstyle\",\"description\":\"C\u043d\u0430\u0440\u044f\u0436\u0435\u043d\u0438\u0435 \u0434\u043b\u044f \u0442\u0443\u0440\u0438\u0437\u043c\u0430 \u0438 \u044d\u043a\u0441\u0442\u0440\u0435\u043c\u0430\u043b\u044c\u043d\u044b\u0445 \u0432\u0438\u0434\u043e\u0432 \u0441\u043f\u043e\u0440\u0442\u0430 \u0432 \u041c\u043e\u043b\u0434\u043e\u0432\u0435.. \u0426\u0435\u043d\u044b, \u0444\u043e\u0442\u043e, \u0445\u0430\u0440\u0430\u043a\u0442\u0435\u0440\u0438\u0441\u0442\u0438\u043a\u0438 \u0432 \u041c\u043e\u043b\u0434\u043e\u0432\u0435.\",\"publisher\":{\"@id\":\"https:\\\/\\\/xstyle.md\\\/#organization\"},\"alternateName\":\"X-Style\",\"potentialAction\":[{\"@type\":\"SearchAction\",\"target\":{\"@type\":\"EntryPoint\",\"urlTemplate\":\"https:\\\/\\\/xstyle.md\\\/?s={search_term_string}\"},\"query-input\":{\"@type\":\"PropertyValueSpecification\",\"valueRequired\":true,\"valueName\":\"search_term_string\"}}],\"inLanguage\":\"ro-RO\"},{\"@type\":\"Organization\",\"@id\":\"https:\\\/\\\/xstyle.md\\\/#organization\",\"name\":\"\u041c\u0430\u0433\u0430\u0437\u0438\u043d Xstyle\",\"alternateName\":\"x-style\",\"url\":\"https:\\\/\\\/xstyle.md\\\/\",\"logo\":{\"@type\":\"ImageObject\",\"inLanguage\":\"ro-RO\",\"@id\":\"https:\\\/\\\/xstyle.md\\\/#\\\/schema\\\/logo\\\/image\\\/\",\"url\":\"https:\\\/\\\/xstyle.md\\\/wp-content\\\/uploads\\\/2020\\\/06\\\/logoicon.svg\",\"contentUrl\":\"https:\\\/\\\/xstyle.md\\\/wp-content\\\/uploads\\\/2020\\\/06\\\/logoicon.svg\",\"caption\":\"\u041c\u0430\u0433\u0430\u0437\u0438\u043d Xstyle\"},\"image\":{\"@id\":\"https:\\\/\\\/xstyle.md\\\/#\\\/schema\\\/logo\\\/image\\\/\"},\"sameAs\":[\"https:\\\/\\\/www.facebook.com\\\/xstylemd\",\"https:\\\/\\\/www.instagram.com\\\/xstyle_md\\\/\",\"https:\\\/\\\/t.me\\\/xstyle_outdoor\"],\"hasMerchantReturnPolicy\":{\"@type\":\"MerchantReturnPolicy\",\"merchantReturnLink\":\"https:\\\/\\\/xstyle.md\\\/ro\\\/conditions\\\/\"}}]}<\/script>\n<meta property=\"product:price:amount\" content=\"1490.00\" \/>\n<meta property=\"product:price:currency\" content=\"MDL\" \/>\n<meta property=\"og:availability\" content=\"instock\" \/>\n<meta property=\"product:availability\" content=\"instock\" \/>\n<meta property=\"product:retailer_item_id\" content=\"4823100523875\" \/>\n<meta property=\"product:condition\" content=\"new\" \/>\n<!-- \/ Yoast SEO plugin. -->","yoast_head_json":{"title":"Geac\u0103 Turbat Musala Mns navy - Magazin Xstyle","description":"Jachet\u0103 Turbat Musala Mns navy - un model u\u0219or \u0219i rezistent din softshell pentru ora\u0219 \u0219i aventuri. Protec\u021bie \u00eempotriva umezelii \u0219i v\u00e2ntului, ideal pentru activit\u0103\u021bi \u00een aer liber.","robots":{"index":"index","follow":"follow","max-snippet":"max-snippet:-1","max-image-preview":"max-image-preview:large","max-video-preview":"max-video-preview:-1"},"canonical":"https:\/\/xstyle.md\/ro\/produs\/kurtka-turbat-musala-mns-navy\/","og_locale":"ro_RO","og_type":"article","og_title":"\u041a\u0443\u0440\u0442\u043a\u0430 Turbat Musala Mns navy - \u041c\u0430\u0433\u0430\u0437\u0438\u043d Xstyle","og_description":"\u041a\u0443\u0440\u0442\u043a\u0430 Turbat Musala Mns navy - \u043b\u0435\u0433\u043a\u0430\u044f \u0438 \u043f\u0440\u043e\u0447\u043d\u0430\u044f \u0441\u043e\u0444\u0442\u0448\u0435\u043b\u043b \u043c\u043e\u0434\u0435\u043b\u044c \u0434\u043b\u044f \u0433\u043e\u0440\u043e\u0434\u0430 \u0438 \u043f\u0440\u0438\u043a\u043b\u044e\u0447\u0435\u043d\u0438\u0439. \u0417\u0430\u0449\u0438\u0442\u0430 \u043e\u0442 \u0432\u043b\u0430\u0433\u0438 \u0438 \u0432\u0435\u0442\u0440\u0430, \u0438\u0434\u0435\u0430\u043b\u044c\u043d\u0430 \u0434\u043b\u044f \u0430\u043a\u0442\u0438\u0432\u043d\u043e\u0433\u043e \u043e\u0442\u0434\u044b\u0445\u0430.","og_url":"https:\/\/xstyle.md\/ro\/produs\/kurtka-turbat-musala-mns-navy\/","og_site_name":"\u041c\u0430\u0433\u0430\u0437\u0438\u043d Xstyle","article_publisher":"https:\/\/www.facebook.com\/xstylemd","article_modified_time":"2025-10-24T10:15:03+00:00","og_image":[{"width":1198,"height":1131,"url":"https:\/\/xstyle.md\/wp-content\/uploads\/2024\/04\/turbat-musala-mns-navy.jpg","type":"image\/jpeg"}],"twitter_card":"summary_large_image","twitter_misc":{"Pre\u021b":"1.490&nbsp;MDL","Disponibilitate":"\u00cen stoc"},"schema":{"@context":"https:\/\/schema.org","@graph":[{"@type":"WebPage","@id":"https:\/\/xstyle.md\/product\/kurtka-turbat-musala-mns-navy\/","url":"https:\/\/xstyle.md\/product\/kurtka-turbat-musala-mns-navy\/","name":"Geac\u0103 Turbat Musala Mns navy - Magazin Xstyle","isPartOf":{"@id":"https:\/\/xstyle.md\/#website"},"primaryImageOfPage":{"@id":"https:\/\/xstyle.md\/product\/kurtka-turbat-musala-mns-navy\/#primaryimage"},"image":{"@id":"https:\/\/xstyle.md\/product\/kurtka-turbat-musala-mns-navy\/#primaryimage"},"thumbnailUrl":"https:\/\/xstyle.md\/wp-content\/uploads\/2024\/04\/turbat-musala-mns-navy.jpg","datePublished":"2024-04-04T10:44:01+00:00","dateModified":"2025-10-24T10:15:03+00:00","description":"Jachet\u0103 Turbat Musala Mns navy - un model u\u0219or \u0219i rezistent din softshell pentru ora\u0219 \u0219i aventuri. Protec\u021bie \u00eempotriva umezelii \u0219i v\u00e2ntului, ideal pentru activit\u0103\u021bi \u00een aer liber.","breadcrumb":{"@id":"https:\/\/xstyle.md\/product\/kurtka-turbat-musala-mns-navy\/#breadcrumb"},"inLanguage":"ro-RO","potentialAction":[{"@type":"ReadAction","target":["https:\/\/xstyle.md\/product\/kurtka-turbat-musala-mns-navy\/"]}]},{"@type":"ImageObject","inLanguage":"ro-RO","@id":"https:\/\/xstyle.md\/product\/kurtka-turbat-musala-mns-navy\/#primaryimage","url":"https:\/\/xstyle.md\/wp-content\/uploads\/2024\/04\/turbat-musala-mns-navy.jpg","contentUrl":"https:\/\/xstyle.md\/wp-content\/uploads\/2024\/04\/turbat-musala-mns-navy.jpg","width":1198,"height":1131,"caption":"\u041a\u0443\u0440\u0442\u043a\u0430 Turbat Musala Mns navy \u0434\u043b\u044f \u0430\u043a\u0442\u0438\u0432\u043d\u043e\u0433\u043e \u043e\u0442\u0434\u044b\u0445\u0430 \u0438 \u043f\u043e\u0445\u043e\u0434\u043e\u0432, \u0441\u043f\u043e\u0440\u0442\u0438\u0432\u043d\u0430\u044f \u043e\u0434\u0435\u0436\u0434\u0430 \u0438 \u043e\u0431\u0443\u0432\u044c \u0434\u043b\u044f \u0442\u0443\u0440\u0438\u0437\u043c\u0430, \u043f\u043e\u0445\u043e\u0434\u043e\u0432 \u0438 \u043f\u0443\u0442\u0435\u0448\u0435\u0441\u0442\u0432\u0438\u0439"},{"@type":"BreadcrumbList","@id":"https:\/\/xstyle.md\/product\/kurtka-turbat-musala-mns-navy\/#breadcrumb","itemListElement":[{"@type":"ListItem","position":1,"name":"\u0413\u043b\u0430\u0432\u043d\u0430\u044f \u0441\u0442\u0440\u0430\u043d\u0438\u0446\u0430","item":"https:\/\/xstyle.md\/"},{"@type":"ListItem","position":2,"name":"\u041c\u0430\u0433\u0430\u0437\u0438\u043d","item":"https:\/\/xstyle.md\/shop\/"},{"@type":"ListItem","position":3,"name":"\u041a\u0443\u0440\u0442\u043a\u0430 Turbat Musala Mns navy"}]},{"@type":"WebSite","@id":"https:\/\/xstyle.md\/#website","url":"https:\/\/xstyle.md\/","name":"Magazinul X-Style","description":"Echipamente pentru turism \u0219i sporturi extreme \u00een Moldova. Pre\u021buri, fotografii, caracteristici \u00een Moldova.","publisher":{"@id":"https:\/\/xstyle.md\/#organization"},"alternateName":"X-Style","potentialAction":[{"@type":"SearchAction","target":{"@type":"EntryPoint","urlTemplate":"https:\/\/xstyle.md\/?s={search_term_string}"},"query-input":{"@type":"PropertyValueSpecification","valueRequired":true,"valueName":"search_term_string"}}],"inLanguage":"ro-RO"},{"@type":"Organization","@id":"https:\/\/xstyle.md\/#organization","name":"Magazinul X-Style","alternateName":"x-style","url":"https:\/\/xstyle.md\/","logo":{"@type":"ImageObject","inLanguage":"ro-RO","@id":"https:\/\/xstyle.md\/#\/schema\/logo\/image\/","url":"https:\/\/xstyle.md\/wp-content\/uploads\/2020\/06\/logoicon.svg","contentUrl":"https:\/\/xstyle.md\/wp-content\/uploads\/2020\/06\/logoicon.svg","caption":"\u041c\u0430\u0433\u0430\u0437\u0438\u043d Xstyle"},"image":{"@id":"https:\/\/xstyle.md\/#\/schema\/logo\/image\/"},"sameAs":["https:\/\/www.facebook.com\/xstylemd","https:\/\/www.instagram.com\/xstyle_md\/","https:\/\/t.me\/xstyle_outdoor"],"hasMerchantReturnPolicy":{"@type":"MerchantReturnPolicy","merchantReturnLink":"https:\/\/xstyle.md\/ro\/conditions\/"}}]},"product_price_amount":"1490.00","product_price_currency":"MDL","og_availability":"instock","product_availability":"instock","product_retailer_item_id":"4823100523875","product_condition":"new"},"_links":{"self":[{"href":"https:\/\/xstyle.md\/ro\/wp-json\/wp\/v2\/product\/81370","targetHints":{"allow":["GET"]}}],"collection":[{"href":"https:\/\/xstyle.md\/ro\/wp-json\/wp\/v2\/product"}],"about":[{"href":"https:\/\/xstyle.md\/ro\/wp-json\/wp\/v2\/types\/product"}],"replies":[{"embeddable":true,"href":"https:\/\/xstyle.md\/ro\/wp-json\/wp\/v2\/comments?post=81370"}],"wp:featuredmedia":[{"embeddable":true,"href":"https:\/\/xstyle.md\/ro\/wp-json\/wp\/v2\/media\/81583"}],"wp:attachment":[{"href":"https:\/\/xstyle.md\/ro\/wp-json\/wp\/v2\/media?parent=81370"}],"wp:term":[{"taxonomy":"product_brand","embeddable":true,"href":"https:\/\/xstyle.md\/ro\/wp-json\/wp\/v2\/product_brand?post=81370"},{"taxonomy":"product_cat","embeddable":true,"href":"https:\/\/xstyle.md\/ro\/wp-json\/wp\/v2\/product_cat?post=81370"},{"taxonomy":"product_tag","embeddable":true,"href":"https:\/\/xstyle.md\/ro\/wp-json\/wp\/v2\/product_tag?post=81370"}],"curies":[{"name":"wp","href":"https:\/\/api.w.org\/{rel}","templated":true}]}}