{"id":81367,"date":"2024-04-04T13:44:01","date_gmt":"2024-04-04T10:44:01","guid":{"rendered":"https:\/\/xstyle.md\/?post_type=product&#038;p=81367"},"modified":"2026-03-19T17:19:10","modified_gmt":"2026-03-19T14:19:10","slug":"spalnyj-meshok-turbat-kuk-700","status":"publish","type":"product","link":"https:\/\/xstyle.md\/ro\/produs\/spalnyj-meshok-turbat-kuk-700\/","title":{"rendered":"Sac de dormit Turbat Kuk 700"},"content":{"rendered":"<\/p>\n<p><strong>Turbat Kuk 700<\/strong> &#8212; un sac de dormit cald din puf, conceput special pentru a fi folosit la temperaturi sc\u0103zute. Sacul de dormit Kuk 700 este o combina\u021bie excelent\u0103 pentru a oferi un confort maxim cu un volum \u0219i o greutate minime. Propriet\u0103\u021bile bune de izolare termic\u0103 sunt ob\u021binute datorit\u0103 materialului de umplutur\u0103 natural &#8212; puf de g\u00e2sc\u0103 ucrainean de \u00eenalt\u0103 clas\u0103. O astfel de umplutur\u0103 dep\u0103\u0219e\u0219te to\u021bi analogii sintetici \u00een ceea ce prive\u0219te izolarea termic\u0103 pe unitate de greutate. O alegere ideal\u0103 pentru drume\u021bii de iarn\u0103 \u0219i c\u0103\u021b\u0103rare, expedi\u021bii sau skitours. Perfect comprimat\u0103 \u00eentr-un sac confortabil.<\/p>\n<h3>Particularit\u0103\u021bi<\/h3>\n<ul>\n<li>Guler cald \u00een jurul g\u00e2tului<\/li>\n<li>Spa\u021biu suplimentar pentru picioare (footbox)<\/li>\n<li>\u00cenchidere central\u0103 convenabil\u0103<\/li>\n<li>Compresie excelent\u0103<\/li>\n<li>Pung\u0103 suplimentar\u0103 pentru depozitare pe termen lung<\/li>\n<\/ul>\n<h3>Caracteristici<\/h3>\n<ul>\n<li>Greutatea umpluturii\/greutate total\u0103 &#8212; 720\/ 1185 g<\/li>\n<li>Raport puf\/piele &#8212; 90\/10<\/li>\n<li>Dimensiuni &#8212; 85 x 58 x 215 cm<\/li>\n<li>Material exterior &#8212; 20D Nylon Rip-stop DWR<\/li>\n<li>Material interior &#8212; Nylon 20D<\/li>\n<li>Izola\u021bie &#8212; puf de g\u00e2sc\u0103 750+ Fill Power<\/li>\n<li>Dimensiuni \u00een man\u0219onul de compresie: 25 x 22 cm<\/li>\n<li>\u00cen\u0103l\u021bime &#8212; 185\/195 cm<\/li>\n<li>Scop &#8212; expedi\u021bie<\/li>\n<li>Tip sac de dormit &#8212; cocon<\/li>\n<li>Gen &#8212; unisex<\/li>\n<\/ul>\n<h3>Modul de temperatur\u0103<\/h3>\n<ul>\n<li>Temperatura de confort: -7 \u00b0C<\/li>\n<li>Temperatura limit\u0103: -14 \u00b0C<\/li>\n<li>Temperatur\u0103 extrem\u0103: -35 \u00b0C<\/li>\n<\/ul>\n<h3>Marca<\/h3>\n<p>Turbat este un brand ucrainean care sparge toate stereotipurile \u0219i miturile despre produsele ucrainene \u0219i prejudec\u0103\u021bile fa\u021b\u0103 de acestea. Acesta a dovedit c\u0103 produc\u0103torul na\u021bional nu este inferior \u00een ceea ce prive\u0219te calitatea \u0219i durabilitatea fa\u021b\u0103 de produsele importate. Produsele Turbat sunt adaptate la realit\u0103\u021bile latitudinilor ucrainene, la vegeta\u021bia s\u0103lbatic\u0103 din Carpa\u021bi, cu copaci c\u0103zu\u021bi \u0219i poteci \u00eentinse, care pot fi dep\u0103\u0219ite doar \u00een haine \u0219i echipamente de o rezisten\u021b\u0103 deosebit\u0103. Nu degeaba dezvoltatorii au \u00eemprumutat numele companiei de la r\u00e2ul Turbat &#8212; incredibil de frumos \u0219i curat, dar \u00een acela\u0219i timp foarte periculos \u0219i greu accesibil.<\/p>\n<p>Turbat pune la dispozi\u021bia clien\u021bilor s\u0103i \u00eembr\u0103c\u0103minte \u0219i echipament at\u00e2t pentru vacan\u021ba de var\u0103, c\u00e2t \u0219i pentru cea de iarn\u0103. \u00cembr\u0103c\u0103minte de \u00eenalt\u0103 calitate \u0219i la pre\u021buri accesibile, \u00eenc\u0103l\u021b\u0103minte, corturi, saci de dormit, rucsacuri cu un design \u0219i culori unice &#8212; aceasta nu este \u00eentreaga list\u0103 de produse ale companiei. \u00cen plus, produc\u0103torul ia \u00een considerare interesele diferitelor categorii de consumatori, oferind separat produse pentru copii, b\u0103rba\u021bi \u0219i femei.<\/p>\n<p>Turbat se preocup\u0103 de confortul \u0219i siguran\u021ba clien\u021bilor s\u0103i \u0219i \u00eei inspir\u0103 la sporturi active, recreere, c\u0103l\u0103torii romantice \u0219i aventuri.<\/p>\n<p><\/p>","protected":false},"excerpt":{"rendered":"","protected":false},"featured_media":81636,"comment_status":"open","ping_status":"closed","template":"","meta":{"_acf_changed":false,"inline_featured_image":false},"product_brand":[1469],"product_cat":[128],"product_tag":[],"class_list":{"0":"post-81367","1":"product","2":"type-product","3":"status-publish","4":"has-post-thumbnail","6":"product_brand-turbat","7":"product_cat-fluff-sleeping-bag","9":"first","10":"instock","11":"shipping-taxable","12":"purchasable","13":"product-type-simple"},"acf":[],"yoast_head":"<!-- This site is optimized with the Yoast SEO plugin v27.4 - https:\/\/yoast.com\/product\/yoast-seo-wordpress\/ -->\n<title>\u0421\u043f\u0430\u043b\u044c\u043d\u044b\u0439 \u043c\u0435\u0448\u043e\u043a Turbat Kuk 700 - \u041c\u0430\u0433\u0430\u0437\u0438\u043d Xstyle<\/title>\n<meta name=\"description\" content=\"\u0421\u043f\u0430\u043b\u044c\u043d\u044b\u0439 \u043c\u0435\u0448\u043e\u043a Turbat Kuk 700 \u043e\u0442\u043b\u0438\u0447\u043d\u043e \u043f\u043e\u0434\u0445\u043e\u0434\u0438\u0442 \u0434\u043b\u044f \u0445\u043e\u043b\u043e\u0434\u043d\u043e\u0439 \u043f\u043e\u0433\u043e\u0434\u044b. \u041b\u0435\u0433\u043a\u0438\u0439 \u0438 \u043a\u043e\u043c\u043f\u0430\u043a\u0442\u043d\u044b\u0439, \u043e\u0431\u0435\u0441\u043f\u0435\u0447\u0438\u0432\u0430\u0435\u0442 \u043e\u0442\u043b\u0438\u0447\u043d\u044b\u0439 \u0443\u0440\u043e\u0432\u0435\u043d\u044c \u0442\u0435\u043f\u043b\u0430 \u0438 \u043a\u043e\u043c\u0444\u043e\u0440\u0442\u0430 \u043f\u0440\u0438 \u043f\u043e\u0445\u043e\u0434\u0430\u0445.\" \/>\n<meta name=\"robots\" content=\"index, follow, max-snippet:-1, max-image-preview:large, max-video-preview:-1\" \/>\n<link rel=\"canonical\" href=\"https:\/\/xstyle.md\/ro\/produs\/spalnyj-meshok-turbat-kuk-700\/\" \/>\n<meta property=\"og:locale\" content=\"ro_RO\" \/>\n<meta property=\"og:type\" content=\"article\" \/>\n<meta property=\"og:title\" content=\"\u0421\u043f\u0430\u043b\u044c\u043d\u044b\u0439 \u043c\u0435\u0448\u043e\u043a Turbat Kuk 700 - \u041c\u0430\u0433\u0430\u0437\u0438\u043d Xstyle\" \/>\n<meta property=\"og:description\" content=\"\u0421\u043f\u0430\u043b\u044c\u043d\u044b\u0439 \u043c\u0435\u0448\u043e\u043a Turbat Kuk 700 \u043e\u0442\u043b\u0438\u0447\u043d\u043e \u043f\u043e\u0434\u0445\u043e\u0434\u0438\u0442 \u0434\u043b\u044f \u0445\u043e\u043b\u043e\u0434\u043d\u043e\u0439 \u043f\u043e\u0433\u043e\u0434\u044b. \u041b\u0435\u0433\u043a\u0438\u0439 \u0438 \u043a\u043e\u043c\u043f\u0430\u043a\u0442\u043d\u044b\u0439, \u043e\u0431\u0435\u0441\u043f\u0435\u0447\u0438\u0432\u0430\u0435\u0442 \u043e\u0442\u043b\u0438\u0447\u043d\u044b\u0439 \u0443\u0440\u043e\u0432\u0435\u043d\u044c \u0442\u0435\u043f\u043b\u0430 \u0438 \u043a\u043e\u043c\u0444\u043e\u0440\u0442\u0430 \u043f\u0440\u0438 \u043f\u043e\u0445\u043e\u0434\u0430\u0445.\" \/>\n<meta property=\"og:url\" content=\"https:\/\/xstyle.md\/ro\/produs\/spalnyj-meshok-turbat-kuk-700\/\" \/>\n<meta property=\"og:site_name\" content=\"\u041c\u0430\u0433\u0430\u0437\u0438\u043d Xstyle\" \/>\n<meta property=\"article:publisher\" content=\"https:\/\/www.facebook.com\/xstylemd\" \/>\n<meta property=\"article:modified_time\" content=\"2026-03-19T14:19:10+00:00\" \/>\n<meta property=\"og:image\" content=\"https:\/\/xstyle.md\/wp-content\/uploads\/2024\/04\/turbat-kuk-700-legion-bluedark-cheddar.jpg\" \/>\n\t<meta property=\"og:image:width\" content=\"1000\" \/>\n\t<meta property=\"og:image:height\" content=\"1000\" \/>\n\t<meta property=\"og:image:type\" content=\"image\/jpeg\" \/>\n<meta name=\"twitter:card\" content=\"summary_large_image\" \/>\n<meta name=\"twitter:label1\" content=\"Pre\u021b\" \/>\n\t<meta name=\"twitter:data1\" content=\"6.570&nbsp;MDL\" \/>\n\t<meta name=\"twitter:label2\" content=\"Disponibilitate\" \/>\n\t<meta name=\"twitter:data2\" content=\"\u00cen stoc\" \/>\n<script type=\"application\/ld+json\" class=\"yoast-schema-graph\">{\"@context\":\"https:\\\/\\\/schema.org\",\"@graph\":[{\"@type\":\"WebPage\",\"@id\":\"https:\\\/\\\/xstyle.md\\\/product\\\/spalnyj-meshok-turbat-kuk-700\\\/\",\"url\":\"https:\\\/\\\/xstyle.md\\\/product\\\/spalnyj-meshok-turbat-kuk-700\\\/\",\"name\":\"\u0421\u043f\u0430\u043b\u044c\u043d\u044b\u0439 \u043c\u0435\u0448\u043e\u043a Turbat Kuk 700 - \u041c\u0430\u0433\u0430\u0437\u0438\u043d Xstyle\",\"isPartOf\":{\"@id\":\"https:\\\/\\\/xstyle.md\\\/#website\"},\"primaryImageOfPage\":{\"@id\":\"https:\\\/\\\/xstyle.md\\\/product\\\/spalnyj-meshok-turbat-kuk-700\\\/#primaryimage\"},\"image\":{\"@id\":\"https:\\\/\\\/xstyle.md\\\/product\\\/spalnyj-meshok-turbat-kuk-700\\\/#primaryimage\"},\"thumbnailUrl\":\"https:\\\/\\\/xstyle.md\\\/wp-content\\\/uploads\\\/2024\\\/04\\\/turbat-kuk-700-legion-bluedark-cheddar.jpg\",\"datePublished\":\"2024-04-04T10:44:01+00:00\",\"dateModified\":\"2026-03-19T14:19:10+00:00\",\"description\":\"\u0421\u043f\u0430\u043b\u044c\u043d\u044b\u0439 \u043c\u0435\u0448\u043e\u043a Turbat Kuk 700 \u043e\u0442\u043b\u0438\u0447\u043d\u043e \u043f\u043e\u0434\u0445\u043e\u0434\u0438\u0442 \u0434\u043b\u044f \u0445\u043e\u043b\u043e\u0434\u043d\u043e\u0439 \u043f\u043e\u0433\u043e\u0434\u044b. \u041b\u0435\u0433\u043a\u0438\u0439 \u0438 \u043a\u043e\u043c\u043f\u0430\u043a\u0442\u043d\u044b\u0439, \u043e\u0431\u0435\u0441\u043f\u0435\u0447\u0438\u0432\u0430\u0435\u0442 \u043e\u0442\u043b\u0438\u0447\u043d\u044b\u0439 \u0443\u0440\u043e\u0432\u0435\u043d\u044c \u0442\u0435\u043f\u043b\u0430 \u0438 \u043a\u043e\u043c\u0444\u043e\u0440\u0442\u0430 \u043f\u0440\u0438 \u043f\u043e\u0445\u043e\u0434\u0430\u0445.\",\"breadcrumb\":{\"@id\":\"https:\\\/\\\/xstyle.md\\\/product\\\/spalnyj-meshok-turbat-kuk-700\\\/#breadcrumb\"},\"inLanguage\":\"ro-RO\",\"potentialAction\":[{\"@type\":\"ReadAction\",\"target\":[\"https:\\\/\\\/xstyle.md\\\/product\\\/spalnyj-meshok-turbat-kuk-700\\\/\"]}]},{\"@type\":\"ImageObject\",\"inLanguage\":\"ro-RO\",\"@id\":\"https:\\\/\\\/xstyle.md\\\/product\\\/spalnyj-meshok-turbat-kuk-700\\\/#primaryimage\",\"url\":\"https:\\\/\\\/xstyle.md\\\/wp-content\\\/uploads\\\/2024\\\/04\\\/turbat-kuk-700-legion-bluedark-cheddar.jpg\",\"contentUrl\":\"https:\\\/\\\/xstyle.md\\\/wp-content\\\/uploads\\\/2024\\\/04\\\/turbat-kuk-700-legion-bluedark-cheddar.jpg\",\"width\":1000,\"height\":1000,\"caption\":\"\u0422\u0443\u0440\u0431\u0430\u0442 \u041a\u0443\u043a 700 \u0441\u043f\u0430\u043b\u044c\u043d\u044b\u0439 \u043c\u0435\u0448\u043e\u043a \u0434\u043b\u044f \u0430\u043a\u0442\u0438\u0432\u043d\u043e\u0433\u043e \u043e\u0442\u0434\u044b\u0445\u0430 \u0442\u0443\u0440\u0438\u0437\u043c\u0430 \u0438 \u043a\u0435\u043c\u043f\u0438\u043d\u0433\u0430, \u043f\u043e\u0445\u043e\u0434\u043d\u043e\u0439 \u043e\u0434\u0435\u0436\u0434\u044b \u0438 \u043e\u0431\u0443\u0432\u0438, \u043f\u043e\u0445\u043e\u0434\u043e\u0432 \u0438 \u0430\u043b\u044c\u043f\u0438\u043d\u0438\u0437\u043c\u0430 \u0434\u043b\u044f \u043f\u0443\u0442\u0435\u0448\u0435\u0441\u0442\u0432\u0438\u0439\"},{\"@type\":\"BreadcrumbList\",\"@id\":\"https:\\\/\\\/xstyle.md\\\/product\\\/spalnyj-meshok-turbat-kuk-700\\\/#breadcrumb\",\"itemListElement\":[{\"@type\":\"ListItem\",\"position\":1,\"name\":\"\u0413\u043b\u0430\u0432\u043d\u0430\u044f \u0441\u0442\u0440\u0430\u043d\u0438\u0446\u0430\",\"item\":\"https:\\\/\\\/xstyle.md\\\/\"},{\"@type\":\"ListItem\",\"position\":2,\"name\":\"\u041c\u0430\u0433\u0430\u0437\u0438\u043d\",\"item\":\"https:\\\/\\\/xstyle.md\\\/shop\\\/\"},{\"@type\":\"ListItem\",\"position\":3,\"name\":\"\u0421\u043f\u0430\u043b\u044c\u043d\u044b\u0439 \u043c\u0435\u0448\u043e\u043a Turbat Kuk 700\"}]},{\"@type\":\"WebSite\",\"@id\":\"https:\\\/\\\/xstyle.md\\\/#website\",\"url\":\"https:\\\/\\\/xstyle.md\\\/\",\"name\":\"\u041c\u0430\u0433\u0430\u0437\u0438\u043d Xstyle\",\"description\":\"C\u043d\u0430\u0440\u044f\u0436\u0435\u043d\u0438\u0435 \u0434\u043b\u044f \u0442\u0443\u0440\u0438\u0437\u043c\u0430 \u0438 \u044d\u043a\u0441\u0442\u0440\u0435\u043c\u0430\u043b\u044c\u043d\u044b\u0445 \u0432\u0438\u0434\u043e\u0432 \u0441\u043f\u043e\u0440\u0442\u0430 \u0432 \u041c\u043e\u043b\u0434\u043e\u0432\u0435.. \u0426\u0435\u043d\u044b, \u0444\u043e\u0442\u043e, \u0445\u0430\u0440\u0430\u043a\u0442\u0435\u0440\u0438\u0441\u0442\u0438\u043a\u0438 \u0432 \u041c\u043e\u043b\u0434\u043e\u0432\u0435.\",\"publisher\":{\"@id\":\"https:\\\/\\\/xstyle.md\\\/#organization\"},\"alternateName\":\"X-Style\",\"potentialAction\":[{\"@type\":\"SearchAction\",\"target\":{\"@type\":\"EntryPoint\",\"urlTemplate\":\"https:\\\/\\\/xstyle.md\\\/?s={search_term_string}\"},\"query-input\":{\"@type\":\"PropertyValueSpecification\",\"valueRequired\":true,\"valueName\":\"search_term_string\"}}],\"inLanguage\":\"ro-RO\"},{\"@type\":\"Organization\",\"@id\":\"https:\\\/\\\/xstyle.md\\\/#organization\",\"name\":\"\u041c\u0430\u0433\u0430\u0437\u0438\u043d Xstyle\",\"alternateName\":\"x-style\",\"url\":\"https:\\\/\\\/xstyle.md\\\/\",\"logo\":{\"@type\":\"ImageObject\",\"inLanguage\":\"ro-RO\",\"@id\":\"https:\\\/\\\/xstyle.md\\\/#\\\/schema\\\/logo\\\/image\\\/\",\"url\":\"https:\\\/\\\/xstyle.md\\\/wp-content\\\/uploads\\\/2020\\\/06\\\/logoicon.svg\",\"contentUrl\":\"https:\\\/\\\/xstyle.md\\\/wp-content\\\/uploads\\\/2020\\\/06\\\/logoicon.svg\",\"caption\":\"\u041c\u0430\u0433\u0430\u0437\u0438\u043d Xstyle\"},\"image\":{\"@id\":\"https:\\\/\\\/xstyle.md\\\/#\\\/schema\\\/logo\\\/image\\\/\"},\"sameAs\":[\"https:\\\/\\\/www.facebook.com\\\/xstylemd\",\"https:\\\/\\\/www.instagram.com\\\/xstyle_md\\\/\",\"https:\\\/\\\/t.me\\\/xstyle_outdoor\"],\"hasMerchantReturnPolicy\":{\"@type\":\"MerchantReturnPolicy\",\"merchantReturnLink\":\"https:\\\/\\\/xstyle.md\\\/ro\\\/conditions\\\/\"}}]}<\/script>\n<meta property=\"product:price:amount\" content=\"6570.00\" \/>\n<meta property=\"product:price:currency\" content=\"MDL\" \/>\n<meta property=\"og:availability\" content=\"instock\" \/>\n<meta property=\"product:availability\" content=\"instock\" \/>\n<meta property=\"product:retailer_item_id\" content=\"4823100535571\" \/>\n<meta property=\"product:condition\" content=\"new\" \/>\n<!-- \/ Yoast SEO plugin. -->","yoast_head_json":{"title":"Sac de dormit Turbat Kuk 700 - Magazin Xstyle","description":"Sacul de dormit Turbat Kuk 700 este excelent pentru vreme rece. U\u0219or \u0219i compact, ofer\u0103 un nivel excelent de c\u0103ldur\u0103 \u0219i confort \u00een timpul drume\u021biilor.","robots":{"index":"index","follow":"follow","max-snippet":"max-snippet:-1","max-image-preview":"max-image-preview:large","max-video-preview":"max-video-preview:-1"},"canonical":"https:\/\/xstyle.md\/ro\/produs\/spalnyj-meshok-turbat-kuk-700\/","og_locale":"ro_RO","og_type":"article","og_title":"\u0421\u043f\u0430\u043b\u044c\u043d\u044b\u0439 \u043c\u0435\u0448\u043e\u043a Turbat Kuk 700 - \u041c\u0430\u0433\u0430\u0437\u0438\u043d Xstyle","og_description":"\u0421\u043f\u0430\u043b\u044c\u043d\u044b\u0439 \u043c\u0435\u0448\u043e\u043a Turbat Kuk 700 \u043e\u0442\u043b\u0438\u0447\u043d\u043e \u043f\u043e\u0434\u0445\u043e\u0434\u0438\u0442 \u0434\u043b\u044f \u0445\u043e\u043b\u043e\u0434\u043d\u043e\u0439 \u043f\u043e\u0433\u043e\u0434\u044b. \u041b\u0435\u0433\u043a\u0438\u0439 \u0438 \u043a\u043e\u043c\u043f\u0430\u043a\u0442\u043d\u044b\u0439, \u043e\u0431\u0435\u0441\u043f\u0435\u0447\u0438\u0432\u0430\u0435\u0442 \u043e\u0442\u043b\u0438\u0447\u043d\u044b\u0439 \u0443\u0440\u043e\u0432\u0435\u043d\u044c \u0442\u0435\u043f\u043b\u0430 \u0438 \u043a\u043e\u043c\u0444\u043e\u0440\u0442\u0430 \u043f\u0440\u0438 \u043f\u043e\u0445\u043e\u0434\u0430\u0445.","og_url":"https:\/\/xstyle.md\/ro\/produs\/spalnyj-meshok-turbat-kuk-700\/","og_site_name":"\u041c\u0430\u0433\u0430\u0437\u0438\u043d Xstyle","article_publisher":"https:\/\/www.facebook.com\/xstylemd","article_modified_time":"2026-03-19T14:19:10+00:00","og_image":[{"width":1000,"height":1000,"url":"https:\/\/xstyle.md\/wp-content\/uploads\/2024\/04\/turbat-kuk-700-legion-bluedark-cheddar.jpg","type":"image\/jpeg"}],"twitter_card":"summary_large_image","twitter_misc":{"Pre\u021b":"6.570&nbsp;MDL","Disponibilitate":"\u00cen stoc"},"schema":{"@context":"https:\/\/schema.org","@graph":[{"@type":"WebPage","@id":"https:\/\/xstyle.md\/product\/spalnyj-meshok-turbat-kuk-700\/","url":"https:\/\/xstyle.md\/product\/spalnyj-meshok-turbat-kuk-700\/","name":"Sac de dormit Turbat Kuk 700 - Magazin Xstyle","isPartOf":{"@id":"https:\/\/xstyle.md\/#website"},"primaryImageOfPage":{"@id":"https:\/\/xstyle.md\/product\/spalnyj-meshok-turbat-kuk-700\/#primaryimage"},"image":{"@id":"https:\/\/xstyle.md\/product\/spalnyj-meshok-turbat-kuk-700\/#primaryimage"},"thumbnailUrl":"https:\/\/xstyle.md\/wp-content\/uploads\/2024\/04\/turbat-kuk-700-legion-bluedark-cheddar.jpg","datePublished":"2024-04-04T10:44:01+00:00","dateModified":"2026-03-19T14:19:10+00:00","description":"Sacul de dormit Turbat Kuk 700 este excelent pentru vreme rece. U\u0219or \u0219i compact, ofer\u0103 un nivel excelent de c\u0103ldur\u0103 \u0219i confort \u00een timpul drume\u021biilor.","breadcrumb":{"@id":"https:\/\/xstyle.md\/product\/spalnyj-meshok-turbat-kuk-700\/#breadcrumb"},"inLanguage":"ro-RO","potentialAction":[{"@type":"ReadAction","target":["https:\/\/xstyle.md\/product\/spalnyj-meshok-turbat-kuk-700\/"]}]},{"@type":"ImageObject","inLanguage":"ro-RO","@id":"https:\/\/xstyle.md\/product\/spalnyj-meshok-turbat-kuk-700\/#primaryimage","url":"https:\/\/xstyle.md\/wp-content\/uploads\/2024\/04\/turbat-kuk-700-legion-bluedark-cheddar.jpg","contentUrl":"https:\/\/xstyle.md\/wp-content\/uploads\/2024\/04\/turbat-kuk-700-legion-bluedark-cheddar.jpg","width":1000,"height":1000,"caption":"\u0422\u0443\u0440\u0431\u0430\u0442 \u041a\u0443\u043a 700 \u0441\u043f\u0430\u043b\u044c\u043d\u044b\u0439 \u043c\u0435\u0448\u043e\u043a \u0434\u043b\u044f \u0430\u043a\u0442\u0438\u0432\u043d\u043e\u0433\u043e \u043e\u0442\u0434\u044b\u0445\u0430 \u0442\u0443\u0440\u0438\u0437\u043c\u0430 \u0438 \u043a\u0435\u043c\u043f\u0438\u043d\u0433\u0430, \u043f\u043e\u0445\u043e\u0434\u043d\u043e\u0439 \u043e\u0434\u0435\u0436\u0434\u044b \u0438 \u043e\u0431\u0443\u0432\u0438, \u043f\u043e\u0445\u043e\u0434\u043e\u0432 \u0438 \u0430\u043b\u044c\u043f\u0438\u043d\u0438\u0437\u043c\u0430 \u0434\u043b\u044f \u043f\u0443\u0442\u0435\u0448\u0435\u0441\u0442\u0432\u0438\u0439"},{"@type":"BreadcrumbList","@id":"https:\/\/xstyle.md\/product\/spalnyj-meshok-turbat-kuk-700\/#breadcrumb","itemListElement":[{"@type":"ListItem","position":1,"name":"\u0413\u043b\u0430\u0432\u043d\u0430\u044f \u0441\u0442\u0440\u0430\u043d\u0438\u0446\u0430","item":"https:\/\/xstyle.md\/"},{"@type":"ListItem","position":2,"name":"\u041c\u0430\u0433\u0430\u0437\u0438\u043d","item":"https:\/\/xstyle.md\/shop\/"},{"@type":"ListItem","position":3,"name":"\u0421\u043f\u0430\u043b\u044c\u043d\u044b\u0439 \u043c\u0435\u0448\u043e\u043a Turbat Kuk 700"}]},{"@type":"WebSite","@id":"https:\/\/xstyle.md\/#website","url":"https:\/\/xstyle.md\/","name":"Magazinul X-Style","description":"Echipamente pentru turism \u0219i sporturi extreme \u00een Moldova. Pre\u021buri, fotografii, caracteristici \u00een Moldova.","publisher":{"@id":"https:\/\/xstyle.md\/#organization"},"alternateName":"X-Style","potentialAction":[{"@type":"SearchAction","target":{"@type":"EntryPoint","urlTemplate":"https:\/\/xstyle.md\/?s={search_term_string}"},"query-input":{"@type":"PropertyValueSpecification","valueRequired":true,"valueName":"search_term_string"}}],"inLanguage":"ro-RO"},{"@type":"Organization","@id":"https:\/\/xstyle.md\/#organization","name":"Magazinul X-Style","alternateName":"x-style","url":"https:\/\/xstyle.md\/","logo":{"@type":"ImageObject","inLanguage":"ro-RO","@id":"https:\/\/xstyle.md\/#\/schema\/logo\/image\/","url":"https:\/\/xstyle.md\/wp-content\/uploads\/2020\/06\/logoicon.svg","contentUrl":"https:\/\/xstyle.md\/wp-content\/uploads\/2020\/06\/logoicon.svg","caption":"\u041c\u0430\u0433\u0430\u0437\u0438\u043d Xstyle"},"image":{"@id":"https:\/\/xstyle.md\/#\/schema\/logo\/image\/"},"sameAs":["https:\/\/www.facebook.com\/xstylemd","https:\/\/www.instagram.com\/xstyle_md\/","https:\/\/t.me\/xstyle_outdoor"],"hasMerchantReturnPolicy":{"@type":"MerchantReturnPolicy","merchantReturnLink":"https:\/\/xstyle.md\/ro\/conditions\/"}}]},"product_price_amount":"6570.00","product_price_currency":"MDL","og_availability":"instock","product_availability":"instock","product_retailer_item_id":"4823100535571","product_condition":"new"},"_links":{"self":[{"href":"https:\/\/xstyle.md\/ro\/wp-json\/wp\/v2\/product\/81367","targetHints":{"allow":["GET"]}}],"collection":[{"href":"https:\/\/xstyle.md\/ro\/wp-json\/wp\/v2\/product"}],"about":[{"href":"https:\/\/xstyle.md\/ro\/wp-json\/wp\/v2\/types\/product"}],"replies":[{"embeddable":true,"href":"https:\/\/xstyle.md\/ro\/wp-json\/wp\/v2\/comments?post=81367"}],"wp:featuredmedia":[{"embeddable":true,"href":"https:\/\/xstyle.md\/ro\/wp-json\/wp\/v2\/media\/81636"}],"wp:attachment":[{"href":"https:\/\/xstyle.md\/ro\/wp-json\/wp\/v2\/media?parent=81367"}],"wp:term":[{"taxonomy":"product_brand","embeddable":true,"href":"https:\/\/xstyle.md\/ro\/wp-json\/wp\/v2\/product_brand?post=81367"},{"taxonomy":"product_cat","embeddable":true,"href":"https:\/\/xstyle.md\/ro\/wp-json\/wp\/v2\/product_cat?post=81367"},{"taxonomy":"product_tag","embeddable":true,"href":"https:\/\/xstyle.md\/ro\/wp-json\/wp\/v2\/product_tag?post=81367"}],"curies":[{"name":"wp","href":"https:\/\/api.w.org\/{rel}","templated":true}]}}