{"id":81346,"date":"2024-04-04T13:43:53","date_gmt":"2024-04-04T10:43:53","guid":{"rendered":"https:\/\/xstyle.md\/?post_type=product&#038;p=81346"},"modified":"2026-03-19T17:18:56","modified_gmt":"2026-03-19T14:18:56","slug":"kreslo-thule-ride-along-2-bike-seat-dark-grey","status":"publish","type":"product","link":"https:\/\/xstyle.md\/ro\/produs\/kreslo-thule-ride-along-2-bike-seat-dark-grey\/","title":{"rendered":"Scaun pentru copii Thule Ride Along 2 Bike Seat Dark Grey"},"content":{"rendered":"<\/p>\n<p><strong>Thule Ride Along 2<\/strong> &#8212; modelul clasic al scaunului de biciclet\u0103 pentru copii sigur \u0219i confortabil v\u0103 va oferi o nou\u0103 experien\u021b\u0103 \u00een plimb\u0103rile zilnice \u0219i \u00een plimb\u0103rile cu bicicleta \u00een familie. Cu scaunul de biciclet\u0103 pentru copii Thule RideAlong, este u\u0219or s\u0103 scoate\u021bi copiii la o plimbare cu bicicleta. Suportul de scaun cu eliberare rapid\u0103 este rapid \u0219i u\u0219or de instalat &#8212; se fixeaz\u0103 cu \u0219uruburi \u00een partea din fa\u021b\u0103, unde exist\u0103 loc pentru unelte. Odat\u0103 ce suportul este la locul lui, scaunul se fixeaz\u0103 \u00een c\u00e2teva secunde \u0219i sunte\u021bi gata de plecare. Sp\u0103tarul \u00eenclinabil ofer\u0103 un plus de confort \u0219i permite copilului dumneavoastr\u0103 s\u0103 trag\u0103 un pui de somn \u00een timpul c\u0103l\u0103toriei.<\/p>\n<h3>Particularit\u0103\u021bi<\/h3>\n<ul>\n<li>Scaunul poate fi montat \u0219i \u00eendep\u0103rtat de pe biciclet\u0103 \u00een doar c\u00e2teva secunde datorit\u0103 suportului universal cu eliberare rapid\u0103, compatibil cu majoritatea cadrelor de biciclet\u0103 (cadre<\/li>\n<li>rotunde de la 28 la 40 mm \u0219i cadre ovale de p\u00e2n\u0103 la 40 x 55 mm).<\/li>\n<li>Panglicile de siguran\u021b\u0103 integrate ajut\u0103 la protejarea m\u00e2inilor copilului dvs. atunci c\u00e2nd bicicleta este sprijinit\u0103 de un perete.<\/li>\n<li>Mersul pe biciclet\u0103 este mult mai sigur pentru copilul dvs. datorit\u0103 centurii de siguran\u021b\u0103 reglabile cu trei puncte de fixare.<\/li>\n<li>Sistemul de hamuri DualBeam atenueaz\u0103 trepida\u021biile \u0219i vibra\u021biile cauzate de drumurile denivelate, asigur\u00e2nd confortul copilului dvs. \u00een timpul mersului.<\/li>\n<li>Catarama de siguran\u021b\u0103 pentru copii cu butoane mari face ca fixarea copilului s\u0103 fie rapid\u0103 \u0219i u\u0219oar\u0103<\/li>\n<li>Vizibilitate suplimentar\u0103 la distan\u021b\u0103 datorit\u0103 reflectorului integrat \u0219i punctului de fixare a indicatorului luminos<\/li>\n<li>Se adapteaz\u0103 la copil pe m\u0103sur\u0103 ce cre\u0219te \u0219i asigur\u0103 o potrivire perfect\u0103 datorit\u0103 curelelor de blocare reglabile cu o singur\u0103 m\u00e2n\u0103 \u0219i a suporturilor pentru picioare.<\/li>\n<li>Pernu\u021ba impermeabil\u0103 deta\u0219abil\u0103 se poate sp\u0103la la ma\u0219in\u0103; pernu\u021ba este reversibil\u0103, cu dou\u0103 fe\u021be \u00een culori diferite.<\/li>\n<li>Datorit\u0103 scaunului confortabil \u00eenclinabil cu cinci pozi\u021bii diferite (p\u00e2n\u0103 la 20\u00b0), care poate fi reglat cu o singur\u0103 m\u00e2n\u0103, copilul poate dormi pe drum.<\/li>\n<\/ul>\n<h3>Caracteristici<\/h3>\n<ul>\n<li>Greutate &#8212; 5,2 kg<\/li>\n<li>Greutate maxim\u0103 admis\u0103 &#8212; 22 kg<\/li>\n<li>Centura de siguran\u021b\u0103 &#8212; ham \u00een 3 puncte<\/li>\n<li>Conformitate cu standardele de siguran\u021b\u0103<\/li>\n<\/ul>\n<h3>Marca<\/h3>\n<p>THULE este o companie interna\u021bional\u0103 de top, recunoscut\u0103 la nivel mondial ca produc\u0103tor de top de sisteme de bagaje \u0219i cutii auto. THULE fabric\u0103 produse premium, renumite pentru calitatea lor de neegalat, siguran\u021b\u0103, u\u0219urin\u021b\u0103 \u00een utilizare \u0219i design elegant. Produsele THULE sunt potrivite pentru persoanele care prefer\u0103 activit\u0103\u021bile \u00een aer liber, sunt pasionate de sport, c\u0103l\u0103toresc mult \u0219i apreciaz\u0103 solu\u021biile bine g\u00e2ndite.<\/p>\n<p><\/p>","protected":false},"excerpt":{"rendered":"","protected":false},"featured_media":81697,"comment_status":"open","ping_status":"closed","template":"","meta":{"_acf_changed":false,"inline_featured_image":false},"product_brand":[1269],"product_cat":[1157],"product_tag":[],"class_list":{"0":"post-81346","1":"product","2":"type-product","3":"status-publish","4":"has-post-thumbnail","6":"product_brand-thule","7":"product_cat-bicycle-baby-seats","9":"first","10":"instock","11":"shipping-taxable","12":"purchasable","13":"product-type-simple"},"acf":[],"yoast_head":"<!-- This site is optimized with the Yoast SEO plugin v27.4 - https:\/\/yoast.com\/product\/yoast-seo-wordpress\/ -->\n<title>\u041a\u0440\u0435\u0441\u043b\u043e Thule Ride Along 2 Bike Seat Dark Grey - \u041c\u0430\u0433\u0430\u0437\u0438\u043d Xstyle<\/title>\n<meta name=\"description\" content=\"\u041a\u0440\u0435\u0441\u043b\u043e \u0434\u043b\u044f \u0434\u0435\u0442\u0435\u0439 Thule Ride Along 2 \u0432 \u0442\u0435\u043c\u043d\u043e-\u0441\u0435\u0440\u043e\u043c \u0446\u0432\u0435\u0442\u0435 \u043e\u0431\u0435\u0441\u043f\u0435\u0447\u0438\u0432\u0430\u0435\u0442 \u0431\u0435\u0437\u043e\u043f\u0430\u0441\u043d\u043e\u0441\u0442\u044c \u0438 \u043a\u043e\u043c\u0444\u043e\u0440\u0442 \u0432\u043e \u0432\u0440\u0435\u043c\u044f \u0432\u0435\u043b\u043e\u043f\u0440\u043e\u0433\u0443\u043b\u043e\u043a. \u041b\u0435\u0433\u043a\u0438\u0439 \u043c\u043e\u043d\u0442\u0430\u0436 \u0438 \u0441\u0442\u0438\u043b\u044c\u043d\u044b\u0439 \u0434\u0438\u0437\u0430\u0439\u043d!\" \/>\n<meta name=\"robots\" content=\"index, follow, max-snippet:-1, max-image-preview:large, max-video-preview:-1\" \/>\n<link rel=\"canonical\" href=\"https:\/\/xstyle.md\/ro\/produs\/kreslo-thule-ride-along-2-bike-seat-dark-grey\/\" \/>\n<meta property=\"og:locale\" content=\"ro_RO\" \/>\n<meta property=\"og:type\" content=\"article\" \/>\n<meta property=\"og:title\" content=\"\u041a\u0440\u0435\u0441\u043b\u043e Thule Ride Along 2 Bike Seat Dark Grey - \u041c\u0430\u0433\u0430\u0437\u0438\u043d Xstyle\" \/>\n<meta property=\"og:description\" content=\"\u041a\u0440\u0435\u0441\u043b\u043e \u0434\u043b\u044f \u0434\u0435\u0442\u0435\u0439 Thule Ride Along 2 \u0432 \u0442\u0435\u043c\u043d\u043e-\u0441\u0435\u0440\u043e\u043c \u0446\u0432\u0435\u0442\u0435 \u043e\u0431\u0435\u0441\u043f\u0435\u0447\u0438\u0432\u0430\u0435\u0442 \u0431\u0435\u0437\u043e\u043f\u0430\u0441\u043d\u043e\u0441\u0442\u044c \u0438 \u043a\u043e\u043c\u0444\u043e\u0440\u0442 \u0432\u043e \u0432\u0440\u0435\u043c\u044f \u0432\u0435\u043b\u043e\u043f\u0440\u043e\u0433\u0443\u043b\u043e\u043a. \u041b\u0435\u0433\u043a\u0438\u0439 \u043c\u043e\u043d\u0442\u0430\u0436 \u0438 \u0441\u0442\u0438\u043b\u044c\u043d\u044b\u0439 \u0434\u0438\u0437\u0430\u0439\u043d!\" \/>\n<meta property=\"og:url\" content=\"https:\/\/xstyle.md\/ro\/produs\/kreslo-thule-ride-along-2-bike-seat-dark-grey\/\" \/>\n<meta property=\"og:site_name\" content=\"\u041c\u0430\u0433\u0430\u0437\u0438\u043d Xstyle\" \/>\n<meta property=\"article:publisher\" content=\"https:\/\/www.facebook.com\/xstylemd\" \/>\n<meta property=\"article:modified_time\" content=\"2026-03-19T14:18:56+00:00\" \/>\n<meta property=\"og:image\" content=\"https:\/\/xstyle.md\/wp-content\/uploads\/2024\/04\/thule-ride-along-bike-seat-2-dark-grey.jpg\" \/>\n\t<meta property=\"og:image:width\" content=\"991\" \/>\n\t<meta property=\"og:image:height\" content=\"991\" \/>\n\t<meta property=\"og:image:type\" content=\"image\/jpeg\" \/>\n<meta name=\"twitter:card\" content=\"summary_large_image\" \/>\n<meta name=\"twitter:label1\" content=\"Pre\u021b\" \/>\n\t<meta name=\"twitter:data1\" content=\"3.590&nbsp;MDL\" \/>\n\t<meta name=\"twitter:label2\" content=\"Disponibilitate\" \/>\n\t<meta name=\"twitter:data2\" content=\"\u00cen stoc\" \/>\n<script type=\"application\/ld+json\" class=\"yoast-schema-graph\">{\"@context\":\"https:\\\/\\\/schema.org\",\"@graph\":[{\"@type\":\"WebPage\",\"@id\":\"https:\\\/\\\/xstyle.md\\\/product\\\/kreslo-thule-ride-along-2-bike-seat-dark-grey\\\/\",\"url\":\"https:\\\/\\\/xstyle.md\\\/product\\\/kreslo-thule-ride-along-2-bike-seat-dark-grey\\\/\",\"name\":\"\u041a\u0440\u0435\u0441\u043b\u043e Thule Ride Along 2 Bike Seat Dark Grey - \u041c\u0430\u0433\u0430\u0437\u0438\u043d Xstyle\",\"isPartOf\":{\"@id\":\"https:\\\/\\\/xstyle.md\\\/#website\"},\"primaryImageOfPage\":{\"@id\":\"https:\\\/\\\/xstyle.md\\\/product\\\/kreslo-thule-ride-along-2-bike-seat-dark-grey\\\/#primaryimage\"},\"image\":{\"@id\":\"https:\\\/\\\/xstyle.md\\\/product\\\/kreslo-thule-ride-along-2-bike-seat-dark-grey\\\/#primaryimage\"},\"thumbnailUrl\":\"https:\\\/\\\/xstyle.md\\\/wp-content\\\/uploads\\\/2024\\\/04\\\/thule-ride-along-bike-seat-2-dark-grey.jpg\",\"datePublished\":\"2024-04-04T10:43:53+00:00\",\"dateModified\":\"2026-03-19T14:18:56+00:00\",\"description\":\"\u041a\u0440\u0435\u0441\u043b\u043e \u0434\u043b\u044f \u0434\u0435\u0442\u0435\u0439 Thule Ride Along 2 \u0432 \u0442\u0435\u043c\u043d\u043e-\u0441\u0435\u0440\u043e\u043c \u0446\u0432\u0435\u0442\u0435 \u043e\u0431\u0435\u0441\u043f\u0435\u0447\u0438\u0432\u0430\u0435\u0442 \u0431\u0435\u0437\u043e\u043f\u0430\u0441\u043d\u043e\u0441\u0442\u044c \u0438 \u043a\u043e\u043c\u0444\u043e\u0440\u0442 \u0432\u043e \u0432\u0440\u0435\u043c\u044f \u0432\u0435\u043b\u043e\u043f\u0440\u043e\u0433\u0443\u043b\u043e\u043a. \u041b\u0435\u0433\u043a\u0438\u0439 \u043c\u043e\u043d\u0442\u0430\u0436 \u0438 \u0441\u0442\u0438\u043b\u044c\u043d\u044b\u0439 \u0434\u0438\u0437\u0430\u0439\u043d!\",\"breadcrumb\":{\"@id\":\"https:\\\/\\\/xstyle.md\\\/product\\\/kreslo-thule-ride-along-2-bike-seat-dark-grey\\\/#breadcrumb\"},\"inLanguage\":\"ro-RO\",\"potentialAction\":[{\"@type\":\"ReadAction\",\"target\":[\"https:\\\/\\\/xstyle.md\\\/product\\\/kreslo-thule-ride-along-2-bike-seat-dark-grey\\\/\"]}]},{\"@type\":\"ImageObject\",\"inLanguage\":\"ro-RO\",\"@id\":\"https:\\\/\\\/xstyle.md\\\/product\\\/kreslo-thule-ride-along-2-bike-seat-dark-grey\\\/#primaryimage\",\"url\":\"https:\\\/\\\/xstyle.md\\\/wp-content\\\/uploads\\\/2024\\\/04\\\/thule-ride-along-bike-seat-2-dark-grey.jpg\",\"contentUrl\":\"https:\\\/\\\/xstyle.md\\\/wp-content\\\/uploads\\\/2024\\\/04\\\/thule-ride-along-bike-seat-2-dark-grey.jpg\",\"width\":991,\"height\":991,\"caption\":\"\u0420\u0435\u043a\u043b\u0430\u043c\u043d\u043e\u0435 \u043a\u0440\u0435\u0441\u043b\u043e \u0434\u043b\u044f \u0432\u0435\u043b\u043e\u0441\u0438\u043f\u0435\u0434\u043d\u044b\u0445 \u043f\u0443\u0442\u0435\u0448\u0435\u0441\u0442\u0432\u0438\u0439 Thule Ride Along 2 \u0432 \u0442\u0435\u043c\u043d\u043e-\u0441\u0435\u0440\u043e\u043c \u0446\u0432\u0435\u0442\u0435 \u0434\u043b\u044f \u0430\u043a\u0442\u0438\u0432\u043d\u043e\u0433\u043e \u043e\u0442\u0434\u044b\u0445\u0430, \u043f\u0443\u0442\u0435\u0448\u0435\u0441\u0442\u0432\u0438\u0439 \u0438 \u043a\u0435\u043c\u043f\u0438\u043d\u0433\u0430 \u0432 \u043e\u043d\u043b\u0430\u0439\u043d-\u043c\u0430\u0433\u0430\u0437\u0438\u043d\u0435 \u0442\u043e\u0432\u0430\u0440\u043e\u0432 \u0434\u043b\u044f \u0430\u043a\u0442\u0438\u0432\u043d\u043e\u0439 \u0436\u0438\u0437\u043d\u0438, \u043e\u0434\u0435\u0436\u0434\u044b \u0438 \u043e\u0431\u0443\u0432\u0438, \u043f\u043e\u0445\u043e\u0434\u043e\u0432 \u0438 \u0430\u043b\u044c\u043f\u0438\u043d\u0438\u0437\u043c\u0430\"},{\"@type\":\"BreadcrumbList\",\"@id\":\"https:\\\/\\\/xstyle.md\\\/product\\\/kreslo-thule-ride-along-2-bike-seat-dark-grey\\\/#breadcrumb\",\"itemListElement\":[{\"@type\":\"ListItem\",\"position\":1,\"name\":\"\u0413\u043b\u0430\u0432\u043d\u0430\u044f \u0441\u0442\u0440\u0430\u043d\u0438\u0446\u0430\",\"item\":\"https:\\\/\\\/xstyle.md\\\/\"},{\"@type\":\"ListItem\",\"position\":2,\"name\":\"\u041c\u0430\u0433\u0430\u0437\u0438\u043d\",\"item\":\"https:\\\/\\\/xstyle.md\\\/shop\\\/\"},{\"@type\":\"ListItem\",\"position\":3,\"name\":\"\u041a\u0440\u0435\u0441\u043b\u043e Thule Ride Along 2 Bike Seat Dark Grey\"}]},{\"@type\":\"WebSite\",\"@id\":\"https:\\\/\\\/xstyle.md\\\/#website\",\"url\":\"https:\\\/\\\/xstyle.md\\\/\",\"name\":\"\u041c\u0430\u0433\u0430\u0437\u0438\u043d Xstyle\",\"description\":\"C\u043d\u0430\u0440\u044f\u0436\u0435\u043d\u0438\u0435 \u0434\u043b\u044f \u0442\u0443\u0440\u0438\u0437\u043c\u0430 \u0438 \u044d\u043a\u0441\u0442\u0440\u0435\u043c\u0430\u043b\u044c\u043d\u044b\u0445 \u0432\u0438\u0434\u043e\u0432 \u0441\u043f\u043e\u0440\u0442\u0430 \u0432 \u041c\u043e\u043b\u0434\u043e\u0432\u0435.. \u0426\u0435\u043d\u044b, \u0444\u043e\u0442\u043e, \u0445\u0430\u0440\u0430\u043a\u0442\u0435\u0440\u0438\u0441\u0442\u0438\u043a\u0438 \u0432 \u041c\u043e\u043b\u0434\u043e\u0432\u0435.\",\"publisher\":{\"@id\":\"https:\\\/\\\/xstyle.md\\\/#organization\"},\"alternateName\":\"X-Style\",\"potentialAction\":[{\"@type\":\"SearchAction\",\"target\":{\"@type\":\"EntryPoint\",\"urlTemplate\":\"https:\\\/\\\/xstyle.md\\\/?s={search_term_string}\"},\"query-input\":{\"@type\":\"PropertyValueSpecification\",\"valueRequired\":true,\"valueName\":\"search_term_string\"}}],\"inLanguage\":\"ro-RO\"},{\"@type\":\"Organization\",\"@id\":\"https:\\\/\\\/xstyle.md\\\/#organization\",\"name\":\"\u041c\u0430\u0433\u0430\u0437\u0438\u043d Xstyle\",\"alternateName\":\"x-style\",\"url\":\"https:\\\/\\\/xstyle.md\\\/\",\"logo\":{\"@type\":\"ImageObject\",\"inLanguage\":\"ro-RO\",\"@id\":\"https:\\\/\\\/xstyle.md\\\/#\\\/schema\\\/logo\\\/image\\\/\",\"url\":\"https:\\\/\\\/xstyle.md\\\/wp-content\\\/uploads\\\/2020\\\/06\\\/logoicon.svg\",\"contentUrl\":\"https:\\\/\\\/xstyle.md\\\/wp-content\\\/uploads\\\/2020\\\/06\\\/logoicon.svg\",\"caption\":\"\u041c\u0430\u0433\u0430\u0437\u0438\u043d Xstyle\"},\"image\":{\"@id\":\"https:\\\/\\\/xstyle.md\\\/#\\\/schema\\\/logo\\\/image\\\/\"},\"sameAs\":[\"https:\\\/\\\/www.facebook.com\\\/xstylemd\",\"https:\\\/\\\/www.instagram.com\\\/xstyle_md\\\/\",\"https:\\\/\\\/t.me\\\/xstyle_outdoor\"],\"hasMerchantReturnPolicy\":{\"@type\":\"MerchantReturnPolicy\",\"merchantReturnLink\":\"https:\\\/\\\/xstyle.md\\\/ro\\\/conditions\\\/\"}}]}<\/script>\n<meta property=\"product:price:amount\" content=\"3590.00\" \/>\n<meta property=\"product:price:currency\" content=\"MDL\" \/>\n<meta property=\"og:availability\" content=\"instock\" \/>\n<meta property=\"product:availability\" content=\"instock\" \/>\n<meta property=\"product:retailer_item_id\" content=\"91021772229\" \/>\n<meta property=\"product:condition\" content=\"new\" \/>\n<!-- \/ Yoast SEO plugin. -->","yoast_head_json":{"title":"Scaun pentru copii Thule Ride Along 2 Bike Seat Dark Grey - Magazin Xstyle","description":"Scaun pentru copii Thule Ride Along 2 \u00een culoare gri \u00eenchis ofer\u0103 siguran\u021b\u0103 \u0219i confort \u00een timpul plimb\u0103rilor cu bicicleta. Montare u\u0219oar\u0103 \u0219i design elegant!","robots":{"index":"index","follow":"follow","max-snippet":"max-snippet:-1","max-image-preview":"max-image-preview:large","max-video-preview":"max-video-preview:-1"},"canonical":"https:\/\/xstyle.md\/ro\/produs\/kreslo-thule-ride-along-2-bike-seat-dark-grey\/","og_locale":"ro_RO","og_type":"article","og_title":"\u041a\u0440\u0435\u0441\u043b\u043e Thule Ride Along 2 Bike Seat Dark Grey - \u041c\u0430\u0433\u0430\u0437\u0438\u043d Xstyle","og_description":"\u041a\u0440\u0435\u0441\u043b\u043e \u0434\u043b\u044f \u0434\u0435\u0442\u0435\u0439 Thule Ride Along 2 \u0432 \u0442\u0435\u043c\u043d\u043e-\u0441\u0435\u0440\u043e\u043c \u0446\u0432\u0435\u0442\u0435 \u043e\u0431\u0435\u0441\u043f\u0435\u0447\u0438\u0432\u0430\u0435\u0442 \u0431\u0435\u0437\u043e\u043f\u0430\u0441\u043d\u043e\u0441\u0442\u044c \u0438 \u043a\u043e\u043c\u0444\u043e\u0440\u0442 \u0432\u043e \u0432\u0440\u0435\u043c\u044f \u0432\u0435\u043b\u043e\u043f\u0440\u043e\u0433\u0443\u043b\u043e\u043a. \u041b\u0435\u0433\u043a\u0438\u0439 \u043c\u043e\u043d\u0442\u0430\u0436 \u0438 \u0441\u0442\u0438\u043b\u044c\u043d\u044b\u0439 \u0434\u0438\u0437\u0430\u0439\u043d!","og_url":"https:\/\/xstyle.md\/ro\/produs\/kreslo-thule-ride-along-2-bike-seat-dark-grey\/","og_site_name":"\u041c\u0430\u0433\u0430\u0437\u0438\u043d Xstyle","article_publisher":"https:\/\/www.facebook.com\/xstylemd","article_modified_time":"2026-03-19T14:18:56+00:00","og_image":[{"width":991,"height":991,"url":"https:\/\/xstyle.md\/wp-content\/uploads\/2024\/04\/thule-ride-along-bike-seat-2-dark-grey.jpg","type":"image\/jpeg"}],"twitter_card":"summary_large_image","twitter_misc":{"Pre\u021b":"3.590&nbsp;MDL","Disponibilitate":"\u00cen stoc"},"schema":{"@context":"https:\/\/schema.org","@graph":[{"@type":"WebPage","@id":"https:\/\/xstyle.md\/product\/kreslo-thule-ride-along-2-bike-seat-dark-grey\/","url":"https:\/\/xstyle.md\/product\/kreslo-thule-ride-along-2-bike-seat-dark-grey\/","name":"Scaun pentru copii Thule Ride Along 2 Bike Seat Dark Grey - Magazin Xstyle","isPartOf":{"@id":"https:\/\/xstyle.md\/#website"},"primaryImageOfPage":{"@id":"https:\/\/xstyle.md\/product\/kreslo-thule-ride-along-2-bike-seat-dark-grey\/#primaryimage"},"image":{"@id":"https:\/\/xstyle.md\/product\/kreslo-thule-ride-along-2-bike-seat-dark-grey\/#primaryimage"},"thumbnailUrl":"https:\/\/xstyle.md\/wp-content\/uploads\/2024\/04\/thule-ride-along-bike-seat-2-dark-grey.jpg","datePublished":"2024-04-04T10:43:53+00:00","dateModified":"2026-03-19T14:18:56+00:00","description":"Scaun pentru copii Thule Ride Along 2 \u00een culoare gri \u00eenchis ofer\u0103 siguran\u021b\u0103 \u0219i confort \u00een timpul plimb\u0103rilor cu bicicleta. Montare u\u0219oar\u0103 \u0219i design elegant!","breadcrumb":{"@id":"https:\/\/xstyle.md\/product\/kreslo-thule-ride-along-2-bike-seat-dark-grey\/#breadcrumb"},"inLanguage":"ro-RO","potentialAction":[{"@type":"ReadAction","target":["https:\/\/xstyle.md\/product\/kreslo-thule-ride-along-2-bike-seat-dark-grey\/"]}]},{"@type":"ImageObject","inLanguage":"ro-RO","@id":"https:\/\/xstyle.md\/product\/kreslo-thule-ride-along-2-bike-seat-dark-grey\/#primaryimage","url":"https:\/\/xstyle.md\/wp-content\/uploads\/2024\/04\/thule-ride-along-bike-seat-2-dark-grey.jpg","contentUrl":"https:\/\/xstyle.md\/wp-content\/uploads\/2024\/04\/thule-ride-along-bike-seat-2-dark-grey.jpg","width":991,"height":991,"caption":"\u0420\u0435\u043a\u043b\u0430\u043c\u043d\u043e\u0435 \u043a\u0440\u0435\u0441\u043b\u043e \u0434\u043b\u044f \u0432\u0435\u043b\u043e\u0441\u0438\u043f\u0435\u0434\u043d\u044b\u0445 \u043f\u0443\u0442\u0435\u0448\u0435\u0441\u0442\u0432\u0438\u0439 Thule Ride Along 2 \u0432 \u0442\u0435\u043c\u043d\u043e-\u0441\u0435\u0440\u043e\u043c \u0446\u0432\u0435\u0442\u0435 \u0434\u043b\u044f \u0430\u043a\u0442\u0438\u0432\u043d\u043e\u0433\u043e \u043e\u0442\u0434\u044b\u0445\u0430, \u043f\u0443\u0442\u0435\u0448\u0435\u0441\u0442\u0432\u0438\u0439 \u0438 \u043a\u0435\u043c\u043f\u0438\u043d\u0433\u0430 \u0432 \u043e\u043d\u043b\u0430\u0439\u043d-\u043c\u0430\u0433\u0430\u0437\u0438\u043d\u0435 \u0442\u043e\u0432\u0430\u0440\u043e\u0432 \u0434\u043b\u044f \u0430\u043a\u0442\u0438\u0432\u043d\u043e\u0439 \u0436\u0438\u0437\u043d\u0438, \u043e\u0434\u0435\u0436\u0434\u044b \u0438 \u043e\u0431\u0443\u0432\u0438, \u043f\u043e\u0445\u043e\u0434\u043e\u0432 \u0438 \u0430\u043b\u044c\u043f\u0438\u043d\u0438\u0437\u043c\u0430"},{"@type":"BreadcrumbList","@id":"https:\/\/xstyle.md\/product\/kreslo-thule-ride-along-2-bike-seat-dark-grey\/#breadcrumb","itemListElement":[{"@type":"ListItem","position":1,"name":"\u0413\u043b\u0430\u0432\u043d\u0430\u044f \u0441\u0442\u0440\u0430\u043d\u0438\u0446\u0430","item":"https:\/\/xstyle.md\/"},{"@type":"ListItem","position":2,"name":"\u041c\u0430\u0433\u0430\u0437\u0438\u043d","item":"https:\/\/xstyle.md\/shop\/"},{"@type":"ListItem","position":3,"name":"\u041a\u0440\u0435\u0441\u043b\u043e Thule Ride Along 2 Bike Seat Dark Grey"}]},{"@type":"WebSite","@id":"https:\/\/xstyle.md\/#website","url":"https:\/\/xstyle.md\/","name":"Magazinul X-Style","description":"Echipamente pentru turism \u0219i sporturi extreme \u00een Moldova. Pre\u021buri, fotografii, caracteristici \u00een Moldova.","publisher":{"@id":"https:\/\/xstyle.md\/#organization"},"alternateName":"X-Style","potentialAction":[{"@type":"SearchAction","target":{"@type":"EntryPoint","urlTemplate":"https:\/\/xstyle.md\/?s={search_term_string}"},"query-input":{"@type":"PropertyValueSpecification","valueRequired":true,"valueName":"search_term_string"}}],"inLanguage":"ro-RO"},{"@type":"Organization","@id":"https:\/\/xstyle.md\/#organization","name":"Magazinul X-Style","alternateName":"x-style","url":"https:\/\/xstyle.md\/","logo":{"@type":"ImageObject","inLanguage":"ro-RO","@id":"https:\/\/xstyle.md\/#\/schema\/logo\/image\/","url":"https:\/\/xstyle.md\/wp-content\/uploads\/2020\/06\/logoicon.svg","contentUrl":"https:\/\/xstyle.md\/wp-content\/uploads\/2020\/06\/logoicon.svg","caption":"\u041c\u0430\u0433\u0430\u0437\u0438\u043d Xstyle"},"image":{"@id":"https:\/\/xstyle.md\/#\/schema\/logo\/image\/"},"sameAs":["https:\/\/www.facebook.com\/xstylemd","https:\/\/www.instagram.com\/xstyle_md\/","https:\/\/t.me\/xstyle_outdoor"],"hasMerchantReturnPolicy":{"@type":"MerchantReturnPolicy","merchantReturnLink":"https:\/\/xstyle.md\/ro\/conditions\/"}}]},"product_price_amount":"3590.00","product_price_currency":"MDL","og_availability":"instock","product_availability":"instock","product_retailer_item_id":"91021772229","product_condition":"new"},"_links":{"self":[{"href":"https:\/\/xstyle.md\/ro\/wp-json\/wp\/v2\/product\/81346","targetHints":{"allow":["GET"]}}],"collection":[{"href":"https:\/\/xstyle.md\/ro\/wp-json\/wp\/v2\/product"}],"about":[{"href":"https:\/\/xstyle.md\/ro\/wp-json\/wp\/v2\/types\/product"}],"replies":[{"embeddable":true,"href":"https:\/\/xstyle.md\/ro\/wp-json\/wp\/v2\/comments?post=81346"}],"wp:featuredmedia":[{"embeddable":true,"href":"https:\/\/xstyle.md\/ro\/wp-json\/wp\/v2\/media\/81697"}],"wp:attachment":[{"href":"https:\/\/xstyle.md\/ro\/wp-json\/wp\/v2\/media?parent=81346"}],"wp:term":[{"taxonomy":"product_brand","embeddable":true,"href":"https:\/\/xstyle.md\/ro\/wp-json\/wp\/v2\/product_brand?post=81346"},{"taxonomy":"product_cat","embeddable":true,"href":"https:\/\/xstyle.md\/ro\/wp-json\/wp\/v2\/product_cat?post=81346"},{"taxonomy":"product_tag","embeddable":true,"href":"https:\/\/xstyle.md\/ro\/wp-json\/wp\/v2\/product_tag?post=81346"}],"curies":[{"name":"wp","href":"https:\/\/api.w.org\/{rel}","templated":true}]}}