{"id":81336,"date":"2024-04-04T13:43:51","date_gmt":"2024-04-04T10:43:51","guid":{"rendered":"https:\/\/xstyle.md\/?post_type=product&#038;p=81336"},"modified":"2026-03-19T17:18:55","modified_gmt":"2026-03-19T14:18:55","slug":"trp_language-languageru_rutaburet-robens-discover-red-trp_languagetrp_language-languagero_roscaun-pliabil-robens-discover-red-trp_language","status":"publish","type":"product","link":"https:\/\/xstyle.md\/ro\/produs\/trp_language-languageru_rutaburet-robens-discover-red-trp_languagetrp_language-languagero_roscaun-pliabil-robens-discover-red-trp_language\/","title":{"rendered":"Scaun pliabil Robens Discover Red"},"content":{"rendered":"<\/p>\n<p><strong>ScaunRobens Discover \u2014<\/strong> un model de minimalism, simplitate \u0219i func\u021bionalitate. Modelul este util pentru tot felul de excursii la \u021bar\u0103, v\u00e2n\u0103toare \u0219i pescuit. Scaunul se pliaz\u0103 compact \u0219i este u\u0219or. Scaunul este fabricat din 600D Oxford, o \u021bes\u0103tur\u0103 sintetic\u0103 renumit\u0103 pentru rezisten\u021ba sa inegalabil\u0103 la uzur\u0103.<\/p>\n<p>Impregnarea cu poliuretan face ca materialul s\u0103 fie rezistent la murd\u0103rie \u0219i umiditate. Capacitatea de \u00eenc\u0103rcare a scaunului mic este mai mult dec\u00e2t respectabil\u0103. Acesta poate suporta o sarcin\u0103 de 130 de kilograme. Poate fi folosit de persoane de toate v\u00e2rstele \u0219i dimensiunile. Setul include, de asemenea, o hus\u0103 practic\u0103 din p\u00e2nz\u0103 pentru scaun.<\/p>\n<h3>Particularit\u0103\u021bi<\/h3>\n<ul>\n<li>Compact<\/li>\n<li>Cu cadru robust din aluminiu<\/li>\n<li>Hus\u0103 pentru scaun<\/li>\n<li>Impregnare cu poliuretan.<\/li>\n<\/ul>\n<h3>Caracteristici<\/h3>\n<ul>\n<li>Material scaun &#8212; 600D Oxford 100% poliester<\/li>\n<li>Material cadru &#8212; aluminiu<\/li>\n<li>Dimensiuni desf\u0103\u0219urat &#8212; 22 x 27 cm (L x P)<\/li>\n<li>Dimensiuni c\u00e2nd este pliat &#8212; 24 x 13 x 3 cm<\/li>\n<li>Incarcare maxim\u0103 130 kg<\/li>\n<li>Greutate &#8212; 280 g.<\/li>\n<\/ul>\n<h3>Marca<\/h3>\n<p>Istoria m\u0103rcii Robens \u00eencepe \u00een 1973, c\u00e2nd Klaus Robens \u0219i so\u021bia sa au \u00eenfiin\u021bat compania \u00een casa lor din Wenfort, Germania. Biroul companiei se afla la subsol, iar showroom-ul pe peluza din fa\u021b\u0103. Cuno\u0219tin\u021bele vaste ale lui Robens \u00een ceea ce prive\u0219te activit\u0103\u021bile \u00een aer liber \u0219i calitatea ridicat\u0103 au dus la un succes at\u00e2t de mare \u00eenc\u00e2t, \u00een 1988, compania s-a mutat \u00eentr-o cl\u0103dire nou\u0103 \u0219i a colaborat cu designerul industrial Olaf Bracht, care \u00eemp\u0103rt\u0103\u0219ea pasiunea lui Robens.<\/p>\n<p>Marca Robens este considerat\u0103 ca fiind \u021binuta ideal\u0103 pentru viata in aer liber, pun\u00e2nd accentul pe o calitate ridicat\u0103 la pre\u021buri rezonabile. \u00cen 2000, Robens a fost achizi\u021bionat\u0103 de OASE Outdoors \u0219i a fost redenumit\u0103 \u00een 2012. Ast\u0103zi, Robens continu\u0103 s\u0103 avanseze, ajut\u00e2nd oamenii s\u0103 \u00ee\u0219i realizeze pasiunea pentru activit\u0103\u021bile \u00een aer liber.<\/p>\n<p><\/p>","protected":false},"excerpt":{"rendered":"","protected":false},"featured_media":81849,"comment_status":"open","ping_status":"closed","template":"","meta":{"_acf_changed":false,"inline_featured_image":false},"product_brand":[1329],"product_cat":[120],"product_tag":[],"class_list":{"0":"post-81336","1":"product","2":"type-product","3":"status-publish","4":"has-post-thumbnail","6":"product_brand-robens","7":"product_cat-sun-loungers","9":"first","10":"instock","11":"shipping-taxable","12":"purchasable","13":"product-type-simple"},"acf":[],"yoast_head":"<!-- This site is optimized with the Yoast SEO plugin v27.4 - https:\/\/yoast.com\/product\/yoast-seo-wordpress\/ -->\n<title>\u0422\u0430\u0431\u0443\u0440\u0435\u0442 Robens Discover Red - \u041c\u0430\u0433\u0430\u0437\u0438\u043d Xstyle<\/title>\n<meta name=\"description\" content=\"\u041a\u0443\u043f\u0438\u0442\u044c \u0442\u0430\u0431\u0443\u0440\u0435\u0442 Robens Discover Red: \u0441\u0442\u0438\u043b\u044c\u043d\u044b\u0439, \u043b\u0435\u0433\u043a\u0438\u0439 \u0438 \u043f\u0440\u043e\u0447\u043d\u044b\u0439, \u0438\u0434\u0435\u0430\u043b\u0435\u043d \u0434\u043b\u044f \u043e\u0445\u043e\u0442\u044b \u0438 \u0440\u044b\u0431\u0430\u043b\u043a\u0438. \u041a\u043e\u043c\u043f\u0430\u043a\u0442\u043d\u043e \u0441\u043a\u043b\u0430\u0434\u044b\u0432\u0430\u0435\u0442\u0441\u044f, \u0437\u0430\u043b\u043e\u0433 \u0443\u0434\u043e\u0431\u0441\u0442\u0432\u0430 \u0432 \u043f\u043e\u0445\u043e\u0434\u0430\u0445!\" \/>\n<meta name=\"robots\" content=\"index, follow, max-snippet:-1, max-image-preview:large, max-video-preview:-1\" \/>\n<link rel=\"canonical\" href=\"https:\/\/xstyle.md\/ro\/produs\/trp_language-languageru_rutaburet-robens-discover-red-trp_languagetrp_language-languagero_roscaun-pliabil-robens-discover-red-trp_language\/\" \/>\n<meta property=\"og:locale\" content=\"ro_RO\" \/>\n<meta property=\"og:type\" content=\"article\" \/>\n<meta property=\"og:title\" content=\"\u0422\u0430\u0431\u0443\u0440\u0435\u0442 Robens Discover Red - \u041c\u0430\u0433\u0430\u0437\u0438\u043d Xstyle\" \/>\n<meta property=\"og:description\" content=\"\u041a\u0443\u043f\u0438\u0442\u044c \u0442\u0430\u0431\u0443\u0440\u0435\u0442 Robens Discover Red: \u0441\u0442\u0438\u043b\u044c\u043d\u044b\u0439, \u043b\u0435\u0433\u043a\u0438\u0439 \u0438 \u043f\u0440\u043e\u0447\u043d\u044b\u0439, \u0438\u0434\u0435\u0430\u043b\u0435\u043d \u0434\u043b\u044f \u043e\u0445\u043e\u0442\u044b \u0438 \u0440\u044b\u0431\u0430\u043b\u043a\u0438. \u041a\u043e\u043c\u043f\u0430\u043a\u0442\u043d\u043e \u0441\u043a\u043b\u0430\u0434\u044b\u0432\u0430\u0435\u0442\u0441\u044f, \u0437\u0430\u043b\u043e\u0433 \u0443\u0434\u043e\u0431\u0441\u0442\u0432\u0430 \u0432 \u043f\u043e\u0445\u043e\u0434\u0430\u0445!\" \/>\n<meta property=\"og:url\" content=\"https:\/\/xstyle.md\/ro\/produs\/trp_language-languageru_rutaburet-robens-discover-red-trp_languagetrp_language-languagero_roscaun-pliabil-robens-discover-red-trp_language\/\" \/>\n<meta property=\"og:site_name\" content=\"\u041c\u0430\u0433\u0430\u0437\u0438\u043d Xstyle\" \/>\n<meta property=\"article:publisher\" content=\"https:\/\/www.facebook.com\/xstylemd\" \/>\n<meta property=\"article:modified_time\" content=\"2026-03-19T14:18:55+00:00\" \/>\n<meta property=\"og:image\" content=\"https:\/\/xstyle.md\/wp-content\/uploads\/2024\/04\/robens-discover-red.jpg\" \/>\n\t<meta property=\"og:image:width\" content=\"854\" \/>\n\t<meta property=\"og:image:height\" content=\"758\" \/>\n\t<meta property=\"og:image:type\" content=\"image\/jpeg\" \/>\n<meta name=\"twitter:card\" content=\"summary_large_image\" \/>\n<meta name=\"twitter:label1\" content=\"Pre\u021b\" \/>\n\t<meta name=\"twitter:data1\" content=\"560&nbsp;MDL\" \/>\n\t<meta name=\"twitter:label2\" content=\"Disponibilitate\" \/>\n\t<meta name=\"twitter:data2\" content=\"\u00cen stoc\" \/>\n<script type=\"application\/ld+json\" class=\"yoast-schema-graph\">{\"@context\":\"https:\\\/\\\/schema.org\",\"@graph\":[{\"@type\":\"WebPage\",\"@id\":\"https:\\\/\\\/xstyle.md\\\/product\\\/trp_language-languageru_rutaburet-robens-discover-red-trp_languagetrp_language-languagero_roscaun-pliabil-robens-discover-red-trp_language\\\/\",\"url\":\"https:\\\/\\\/xstyle.md\\\/product\\\/trp_language-languageru_rutaburet-robens-discover-red-trp_languagetrp_language-languagero_roscaun-pliabil-robens-discover-red-trp_language\\\/\",\"name\":\"\u0422\u0430\u0431\u0443\u0440\u0435\u0442 Robens Discover Red - \u041c\u0430\u0433\u0430\u0437\u0438\u043d Xstyle\",\"isPartOf\":{\"@id\":\"https:\\\/\\\/xstyle.md\\\/#website\"},\"primaryImageOfPage\":{\"@id\":\"https:\\\/\\\/xstyle.md\\\/product\\\/trp_language-languageru_rutaburet-robens-discover-red-trp_languagetrp_language-languagero_roscaun-pliabil-robens-discover-red-trp_language\\\/#primaryimage\"},\"image\":{\"@id\":\"https:\\\/\\\/xstyle.md\\\/product\\\/trp_language-languageru_rutaburet-robens-discover-red-trp_languagetrp_language-languagero_roscaun-pliabil-robens-discover-red-trp_language\\\/#primaryimage\"},\"thumbnailUrl\":\"https:\\\/\\\/xstyle.md\\\/wp-content\\\/uploads\\\/2024\\\/04\\\/robens-discover-red.jpg\",\"datePublished\":\"2024-04-04T10:43:51+00:00\",\"dateModified\":\"2026-03-19T14:18:55+00:00\",\"description\":\"\u041a\u0443\u043f\u0438\u0442\u044c \u0442\u0430\u0431\u0443\u0440\u0435\u0442 Robens Discover Red: \u0441\u0442\u0438\u043b\u044c\u043d\u044b\u0439, \u043b\u0435\u0433\u043a\u0438\u0439 \u0438 \u043f\u0440\u043e\u0447\u043d\u044b\u0439, \u0438\u0434\u0435\u0430\u043b\u0435\u043d \u0434\u043b\u044f \u043e\u0445\u043e\u0442\u044b \u0438 \u0440\u044b\u0431\u0430\u043b\u043a\u0438. \u041a\u043e\u043c\u043f\u0430\u043a\u0442\u043d\u043e \u0441\u043a\u043b\u0430\u0434\u044b\u0432\u0430\u0435\u0442\u0441\u044f, \u0437\u0430\u043b\u043e\u0433 \u0443\u0434\u043e\u0431\u0441\u0442\u0432\u0430 \u0432 \u043f\u043e\u0445\u043e\u0434\u0430\u0445!\",\"breadcrumb\":{\"@id\":\"https:\\\/\\\/xstyle.md\\\/product\\\/trp_language-languageru_rutaburet-robens-discover-red-trp_languagetrp_language-languagero_roscaun-pliabil-robens-discover-red-trp_language\\\/#breadcrumb\"},\"inLanguage\":\"ro-RO\",\"potentialAction\":[{\"@type\":\"ReadAction\",\"target\":[\"https:\\\/\\\/xstyle.md\\\/product\\\/trp_language-languageru_rutaburet-robens-discover-red-trp_languagetrp_language-languagero_roscaun-pliabil-robens-discover-red-trp_language\\\/\"]}]},{\"@type\":\"ImageObject\",\"inLanguage\":\"ro-RO\",\"@id\":\"https:\\\/\\\/xstyle.md\\\/product\\\/trp_language-languageru_rutaburet-robens-discover-red-trp_languagetrp_language-languagero_roscaun-pliabil-robens-discover-red-trp_language\\\/#primaryimage\",\"url\":\"https:\\\/\\\/xstyle.md\\\/wp-content\\\/uploads\\\/2024\\\/04\\\/robens-discover-red.jpg\",\"contentUrl\":\"https:\\\/\\\/xstyle.md\\\/wp-content\\\/uploads\\\/2024\\\/04\\\/robens-discover-red.jpg\",\"width\":854,\"height\":758,\"caption\":\"\u0422\u0430\u0431\u0443\u0440\u0435\u0442 Robens Discover Red \u0434\u043b\u044f \u0430\u043a\u0442\u0438\u0432\u043d\u043e\u0433\u043e \u043e\u0442\u0434\u044b\u0445\u0430 \u043f\u043e\u0445\u043e\u0434\u043e\u0432 \u0438 \u043f\u0443\u0442\u0435\u0448\u0435\u0441\u0442\u0432\u0438\u0439, \u043e\u0434\u0435\u0436\u0434\u0430 \u043e\u0431\u0443\u0432\u044c \u0441\u043d\u0430\u0440\u044f\u0436\u0435\u043d\u0438\u0435 \u0434\u043b\u044f \u0430\u043b\u044c\u043f\u0438\u043d\u0438\u0437\u043c\u0430 \u0438 \u0442\u0443\u0440\u0438\u0437\u043c\u0430 \u0432 \u0438\u043d\u0442\u0435\u0440\u043d\u0435\u0442-\u043c\u0430\u0433\u0430\u0437\u0438\u043d\u0435\"},{\"@type\":\"BreadcrumbList\",\"@id\":\"https:\\\/\\\/xstyle.md\\\/product\\\/trp_language-languageru_rutaburet-robens-discover-red-trp_languagetrp_language-languagero_roscaun-pliabil-robens-discover-red-trp_language\\\/#breadcrumb\",\"itemListElement\":[{\"@type\":\"ListItem\",\"position\":1,\"name\":\"\u0413\u043b\u0430\u0432\u043d\u0430\u044f \u0441\u0442\u0440\u0430\u043d\u0438\u0446\u0430\",\"item\":\"https:\\\/\\\/xstyle.md\\\/\"},{\"@type\":\"ListItem\",\"position\":2,\"name\":\"\u041c\u0430\u0433\u0430\u0437\u0438\u043d\",\"item\":\"https:\\\/\\\/xstyle.md\\\/shop\\\/\"},{\"@type\":\"ListItem\",\"position\":3,\"name\":\"\u0422\u0430\u0431\u0443\u0440\u0435\u0442 Robens Discover Red\"}]},{\"@type\":\"WebSite\",\"@id\":\"https:\\\/\\\/xstyle.md\\\/#website\",\"url\":\"https:\\\/\\\/xstyle.md\\\/\",\"name\":\"\u041c\u0430\u0433\u0430\u0437\u0438\u043d Xstyle\",\"description\":\"C\u043d\u0430\u0440\u044f\u0436\u0435\u043d\u0438\u0435 \u0434\u043b\u044f \u0442\u0443\u0440\u0438\u0437\u043c\u0430 \u0438 \u044d\u043a\u0441\u0442\u0440\u0435\u043c\u0430\u043b\u044c\u043d\u044b\u0445 \u0432\u0438\u0434\u043e\u0432 \u0441\u043f\u043e\u0440\u0442\u0430 \u0432 \u041c\u043e\u043b\u0434\u043e\u0432\u0435.. \u0426\u0435\u043d\u044b, \u0444\u043e\u0442\u043e, \u0445\u0430\u0440\u0430\u043a\u0442\u0435\u0440\u0438\u0441\u0442\u0438\u043a\u0438 \u0432 \u041c\u043e\u043b\u0434\u043e\u0432\u0435.\",\"publisher\":{\"@id\":\"https:\\\/\\\/xstyle.md\\\/#organization\"},\"alternateName\":\"X-Style\",\"potentialAction\":[{\"@type\":\"SearchAction\",\"target\":{\"@type\":\"EntryPoint\",\"urlTemplate\":\"https:\\\/\\\/xstyle.md\\\/?s={search_term_string}\"},\"query-input\":{\"@type\":\"PropertyValueSpecification\",\"valueRequired\":true,\"valueName\":\"search_term_string\"}}],\"inLanguage\":\"ro-RO\"},{\"@type\":\"Organization\",\"@id\":\"https:\\\/\\\/xstyle.md\\\/#organization\",\"name\":\"\u041c\u0430\u0433\u0430\u0437\u0438\u043d Xstyle\",\"alternateName\":\"x-style\",\"url\":\"https:\\\/\\\/xstyle.md\\\/\",\"logo\":{\"@type\":\"ImageObject\",\"inLanguage\":\"ro-RO\",\"@id\":\"https:\\\/\\\/xstyle.md\\\/#\\\/schema\\\/logo\\\/image\\\/\",\"url\":\"https:\\\/\\\/xstyle.md\\\/wp-content\\\/uploads\\\/2020\\\/06\\\/logoicon.svg\",\"contentUrl\":\"https:\\\/\\\/xstyle.md\\\/wp-content\\\/uploads\\\/2020\\\/06\\\/logoicon.svg\",\"caption\":\"\u041c\u0430\u0433\u0430\u0437\u0438\u043d Xstyle\"},\"image\":{\"@id\":\"https:\\\/\\\/xstyle.md\\\/#\\\/schema\\\/logo\\\/image\\\/\"},\"sameAs\":[\"https:\\\/\\\/www.facebook.com\\\/xstylemd\",\"https:\\\/\\\/www.instagram.com\\\/xstyle_md\\\/\",\"https:\\\/\\\/t.me\\\/xstyle_outdoor\"],\"hasMerchantReturnPolicy\":{\"@type\":\"MerchantReturnPolicy\",\"merchantReturnLink\":\"https:\\\/\\\/xstyle.md\\\/ro\\\/conditions\\\/\"}}]}<\/script>\n<meta property=\"product:price:amount\" content=\"560.00\" \/>\n<meta property=\"product:price:currency\" content=\"MDL\" \/>\n<meta property=\"og:availability\" content=\"instock\" \/>\n<meta property=\"product:availability\" content=\"instock\" \/>\n<meta property=\"product:retailer_item_id\" content=\"5709388047915\" \/>\n<meta property=\"product:condition\" content=\"new\" \/>\n<!-- \/ Yoast SEO plugin. -->","yoast_head_json":{"title":"Scaun pliabil Robens Discover Red - Magazin Xstyle","description":"Cump\u0103r\u0103 taburetul Robens Discover Red: stilat, u\u0219or \u0219i rezistent, ideal pentru v\u00e2n\u0103toare \u0219i pescuit. Se pliaz\u0103 compact, garan\u021bia comodit\u0103\u021bii \u00een drume\u021bii!","robots":{"index":"index","follow":"follow","max-snippet":"max-snippet:-1","max-image-preview":"max-image-preview:large","max-video-preview":"max-video-preview:-1"},"canonical":"https:\/\/xstyle.md\/ro\/produs\/trp_language-languageru_rutaburet-robens-discover-red-trp_languagetrp_language-languagero_roscaun-pliabil-robens-discover-red-trp_language\/","og_locale":"ro_RO","og_type":"article","og_title":"\u0422\u0430\u0431\u0443\u0440\u0435\u0442 Robens Discover Red - \u041c\u0430\u0433\u0430\u0437\u0438\u043d Xstyle","og_description":"\u041a\u0443\u043f\u0438\u0442\u044c \u0442\u0430\u0431\u0443\u0440\u0435\u0442 Robens Discover Red: \u0441\u0442\u0438\u043b\u044c\u043d\u044b\u0439, \u043b\u0435\u0433\u043a\u0438\u0439 \u0438 \u043f\u0440\u043e\u0447\u043d\u044b\u0439, \u0438\u0434\u0435\u0430\u043b\u0435\u043d \u0434\u043b\u044f \u043e\u0445\u043e\u0442\u044b \u0438 \u0440\u044b\u0431\u0430\u043b\u043a\u0438. \u041a\u043e\u043c\u043f\u0430\u043a\u0442\u043d\u043e \u0441\u043a\u043b\u0430\u0434\u044b\u0432\u0430\u0435\u0442\u0441\u044f, \u0437\u0430\u043b\u043e\u0433 \u0443\u0434\u043e\u0431\u0441\u0442\u0432\u0430 \u0432 \u043f\u043e\u0445\u043e\u0434\u0430\u0445!","og_url":"https:\/\/xstyle.md\/ro\/produs\/trp_language-languageru_rutaburet-robens-discover-red-trp_languagetrp_language-languagero_roscaun-pliabil-robens-discover-red-trp_language\/","og_site_name":"\u041c\u0430\u0433\u0430\u0437\u0438\u043d Xstyle","article_publisher":"https:\/\/www.facebook.com\/xstylemd","article_modified_time":"2026-03-19T14:18:55+00:00","og_image":[{"width":854,"height":758,"url":"https:\/\/xstyle.md\/wp-content\/uploads\/2024\/04\/robens-discover-red.jpg","type":"image\/jpeg"}],"twitter_card":"summary_large_image","twitter_misc":{"Pre\u021b":"560&nbsp;MDL","Disponibilitate":"\u00cen stoc"},"schema":{"@context":"https:\/\/schema.org","@graph":[{"@type":"WebPage","@id":"https:\/\/xstyle.md\/product\/trp_language-languageru_rutaburet-robens-discover-red-trp_languagetrp_language-languagero_roscaun-pliabil-robens-discover-red-trp_language\/","url":"https:\/\/xstyle.md\/product\/trp_language-languageru_rutaburet-robens-discover-red-trp_languagetrp_language-languagero_roscaun-pliabil-robens-discover-red-trp_language\/","name":"Scaun pliabil Robens Discover Red - Magazin Xstyle","isPartOf":{"@id":"https:\/\/xstyle.md\/#website"},"primaryImageOfPage":{"@id":"https:\/\/xstyle.md\/product\/trp_language-languageru_rutaburet-robens-discover-red-trp_languagetrp_language-languagero_roscaun-pliabil-robens-discover-red-trp_language\/#primaryimage"},"image":{"@id":"https:\/\/xstyle.md\/product\/trp_language-languageru_rutaburet-robens-discover-red-trp_languagetrp_language-languagero_roscaun-pliabil-robens-discover-red-trp_language\/#primaryimage"},"thumbnailUrl":"https:\/\/xstyle.md\/wp-content\/uploads\/2024\/04\/robens-discover-red.jpg","datePublished":"2024-04-04T10:43:51+00:00","dateModified":"2026-03-19T14:18:55+00:00","description":"Cump\u0103r\u0103 taburetul Robens Discover Red: stilat, u\u0219or \u0219i rezistent, ideal pentru v\u00e2n\u0103toare \u0219i pescuit. Se pliaz\u0103 compact, garan\u021bia comodit\u0103\u021bii \u00een drume\u021bii!","breadcrumb":{"@id":"https:\/\/xstyle.md\/product\/trp_language-languageru_rutaburet-robens-discover-red-trp_languagetrp_language-languagero_roscaun-pliabil-robens-discover-red-trp_language\/#breadcrumb"},"inLanguage":"ro-RO","potentialAction":[{"@type":"ReadAction","target":["https:\/\/xstyle.md\/product\/trp_language-languageru_rutaburet-robens-discover-red-trp_languagetrp_language-languagero_roscaun-pliabil-robens-discover-red-trp_language\/"]}]},{"@type":"ImageObject","inLanguage":"ro-RO","@id":"https:\/\/xstyle.md\/product\/trp_language-languageru_rutaburet-robens-discover-red-trp_languagetrp_language-languagero_roscaun-pliabil-robens-discover-red-trp_language\/#primaryimage","url":"https:\/\/xstyle.md\/wp-content\/uploads\/2024\/04\/robens-discover-red.jpg","contentUrl":"https:\/\/xstyle.md\/wp-content\/uploads\/2024\/04\/robens-discover-red.jpg","width":854,"height":758,"caption":"\u0422\u0430\u0431\u0443\u0440\u0435\u0442 Robens Discover Red \u0434\u043b\u044f \u0430\u043a\u0442\u0438\u0432\u043d\u043e\u0433\u043e \u043e\u0442\u0434\u044b\u0445\u0430 \u043f\u043e\u0445\u043e\u0434\u043e\u0432 \u0438 \u043f\u0443\u0442\u0435\u0448\u0435\u0441\u0442\u0432\u0438\u0439, \u043e\u0434\u0435\u0436\u0434\u0430 \u043e\u0431\u0443\u0432\u044c \u0441\u043d\u0430\u0440\u044f\u0436\u0435\u043d\u0438\u0435 \u0434\u043b\u044f \u0430\u043b\u044c\u043f\u0438\u043d\u0438\u0437\u043c\u0430 \u0438 \u0442\u0443\u0440\u0438\u0437\u043c\u0430 \u0432 \u0438\u043d\u0442\u0435\u0440\u043d\u0435\u0442-\u043c\u0430\u0433\u0430\u0437\u0438\u043d\u0435"},{"@type":"BreadcrumbList","@id":"https:\/\/xstyle.md\/product\/trp_language-languageru_rutaburet-robens-discover-red-trp_languagetrp_language-languagero_roscaun-pliabil-robens-discover-red-trp_language\/#breadcrumb","itemListElement":[{"@type":"ListItem","position":1,"name":"\u0413\u043b\u0430\u0432\u043d\u0430\u044f \u0441\u0442\u0440\u0430\u043d\u0438\u0446\u0430","item":"https:\/\/xstyle.md\/"},{"@type":"ListItem","position":2,"name":"\u041c\u0430\u0433\u0430\u0437\u0438\u043d","item":"https:\/\/xstyle.md\/shop\/"},{"@type":"ListItem","position":3,"name":"\u0422\u0430\u0431\u0443\u0440\u0435\u0442 Robens Discover Red"}]},{"@type":"WebSite","@id":"https:\/\/xstyle.md\/#website","url":"https:\/\/xstyle.md\/","name":"Magazinul X-Style","description":"Echipamente pentru turism \u0219i sporturi extreme \u00een Moldova. Pre\u021buri, fotografii, caracteristici \u00een Moldova.","publisher":{"@id":"https:\/\/xstyle.md\/#organization"},"alternateName":"X-Style","potentialAction":[{"@type":"SearchAction","target":{"@type":"EntryPoint","urlTemplate":"https:\/\/xstyle.md\/?s={search_term_string}"},"query-input":{"@type":"PropertyValueSpecification","valueRequired":true,"valueName":"search_term_string"}}],"inLanguage":"ro-RO"},{"@type":"Organization","@id":"https:\/\/xstyle.md\/#organization","name":"Magazinul X-Style","alternateName":"x-style","url":"https:\/\/xstyle.md\/","logo":{"@type":"ImageObject","inLanguage":"ro-RO","@id":"https:\/\/xstyle.md\/#\/schema\/logo\/image\/","url":"https:\/\/xstyle.md\/wp-content\/uploads\/2020\/06\/logoicon.svg","contentUrl":"https:\/\/xstyle.md\/wp-content\/uploads\/2020\/06\/logoicon.svg","caption":"\u041c\u0430\u0433\u0430\u0437\u0438\u043d Xstyle"},"image":{"@id":"https:\/\/xstyle.md\/#\/schema\/logo\/image\/"},"sameAs":["https:\/\/www.facebook.com\/xstylemd","https:\/\/www.instagram.com\/xstyle_md\/","https:\/\/t.me\/xstyle_outdoor"],"hasMerchantReturnPolicy":{"@type":"MerchantReturnPolicy","merchantReturnLink":"https:\/\/xstyle.md\/ro\/conditions\/"}}]},"product_price_amount":"560.00","product_price_currency":"MDL","og_availability":"instock","product_availability":"instock","product_retailer_item_id":"5709388047915","product_condition":"new"},"_links":{"self":[{"href":"https:\/\/xstyle.md\/ro\/wp-json\/wp\/v2\/product\/81336","targetHints":{"allow":["GET"]}}],"collection":[{"href":"https:\/\/xstyle.md\/ro\/wp-json\/wp\/v2\/product"}],"about":[{"href":"https:\/\/xstyle.md\/ro\/wp-json\/wp\/v2\/types\/product"}],"replies":[{"embeddable":true,"href":"https:\/\/xstyle.md\/ro\/wp-json\/wp\/v2\/comments?post=81336"}],"wp:featuredmedia":[{"embeddable":true,"href":"https:\/\/xstyle.md\/ro\/wp-json\/wp\/v2\/media\/81849"}],"wp:attachment":[{"href":"https:\/\/xstyle.md\/ro\/wp-json\/wp\/v2\/media?parent=81336"}],"wp:term":[{"taxonomy":"product_brand","embeddable":true,"href":"https:\/\/xstyle.md\/ro\/wp-json\/wp\/v2\/product_brand?post=81336"},{"taxonomy":"product_cat","embeddable":true,"href":"https:\/\/xstyle.md\/ro\/wp-json\/wp\/v2\/product_cat?post=81336"},{"taxonomy":"product_tag","embeddable":true,"href":"https:\/\/xstyle.md\/ro\/wp-json\/wp\/v2\/product_tag?post=81336"}],"curies":[{"name":"wp","href":"https:\/\/api.w.org\/{rel}","templated":true}]}}