{"id":81333,"date":"2024-04-04T13:43:51","date_gmt":"2024-04-04T10:43:51","guid":{"rendered":"https:\/\/xstyle.md\/?post_type=product&#038;p=81333"},"modified":"2024-10-03T01:44:28","modified_gmt":"2024-10-02T22:44:28","slug":"kovrik-robens-zigzag-slumber-pro","status":"publish","type":"product","link":"https:\/\/xstyle.md\/ro\/produs\/kovrik-robens-zigzag-slumber-pro\/","title":{"rendered":"Covora\u0219 Robens ZigZag Slumber Pro"},"content":{"rendered":"<p><strong>Robens ZigZag Slumber Pro<\/strong> &#8212; \u043b\u0435\u0433\u043a\u0438\u0439 \u0441\u043a\u043b\u0430\u0434\u043d\u043e\u0439 \u043a\u043e\u0432\u0440\u0438\u043a \u0441 \u0440\u0438\u0444\u043b\u0435\u043d\u043e\u0439 \u043f\u043e\u0432\u0435\u0440\u0445\u043d\u043e\u0441\u0442\u044c\u044e, \u043a\u043e\u0442\u043e\u0440\u044b\u0439 \u043c\u043e\u0436\u0435\u0442 \u0438\u0441\u043f\u043e\u043b\u044c\u0437\u043e\u0432\u0430\u0442\u044c\u0441\u044f \u0432 \u0442\u0435\u0447\u0435\u043d\u0438\u0435 3-\u0445 \u0441\u0435\u0437\u043e\u043d\u043e\u0432 \u0434\u043b\u044f \u043d\u0435\u0441\u043b\u043e\u0436\u043d\u044b\u0445 \u043f\u043e\u0445\u043e\u0434\u043e\u0432, \u043e\u0442\u0434\u044b\u0445\u0430 \u043d\u0430 \u043f\u0440\u0438\u0440\u043e\u0434\u0435 \u0438 \u043d\u043e\u0447\u0435\u0432\u043e\u043a \u0432 \u043a\u0435\u043c\u043f\u0438\u043d\u0433\u0435.<\/p>\n<p>\u041a\u043e\u0432\u0440\u0438\u043a \u043a\u043e\u043c\u043f\u0430\u043a\u0442\u043d\u043e \u0441\u043a\u043b\u0430\u0434\u044b\u0432\u0430\u0435\u0442\u0441\u044f \u043a\u0430\u043a \u0433\u0430\u0440\u043c\u043e\u0448\u043a\u0430 \u0438 \u0437\u0430\u043d\u0438\u043c\u0430\u0435\u0442 \u043c\u0430\u043b\u043e \u043c\u0435\u0441\u0442\u0430 \u0432 \u0440\u044e\u043a\u0437\u0430\u043a\u0435, \u043d\u043e \u0442\u0430\u043a\u0436\u0435 \u043a\u0440\u0435\u043f\u0438\u0442\u0441\u044f \u043d\u0430 \u0440\u044e\u043a\u0437\u0430\u043a \u0441\u043d\u0430\u0440\u0443\u0436\u0438. \u0424\u043e\u043b\u044c\u0433\u0438\u0440\u043e\u0432\u0430\u043d\u043d\u0430\u044f \u043f\u043e\u0432\u0435\u0440\u0445\u043d\u043e\u0441\u0442\u044c \u043e\u0442\u0440\u0430\u0436\u0430\u0435\u0442 \u043d\u0430\u0433\u0440\u0435\u0442\u044b\u0439 \u0442\u0435\u043f\u043b\u043e\u043c \u0432\u043e\u0437\u0434\u0443\u0445, \u0447\u0442\u043e \u0434\u0435\u043b\u0430\u0435\u0442 \u0435\u0433\u043e \u0437\u043d\u0430\u0447\u0438\u0442\u0435\u043b\u044c\u043d\u043e \u0442\u0435\u043f\u043b\u0435\u0435 \u043e\u0431\u044b\u0447\u043d\u044b\u0445 \u043f\u0435\u043d\u043d\u044b\u0445 \u043a\u043e\u0432\u0440\u0438\u043a\u043e\u0432. \u0422\u043e\u043b\u0449\u0438\u043d\u0430 2,8 \u0441\u043c \u0442\u0430\u043a\u0436\u0435 \u043f\u043e\u0432\u044b\u0448\u0430\u0435\u0442 \u0442\u0435\u043f\u043b\u043e\u0438\u0437\u043e\u043b\u044f\u0446\u0438\u044e, \u0430 \u0435\u0449\u0435 \u0441\u0433\u043b\u0430\u0436\u0438\u0432\u0430\u0435\u0442 \u043c\u0435\u043b\u043a\u0438\u0435 \u043d\u0435\u0440\u043e\u0432\u043d\u043e\u0441\u0442\u0438 \u043f\u043e\u0432\u0435\u0440\u0445\u043d\u043e\u0441\u0442\u0438.<\/p>\n<h3>Particularit\u0103\u021bi<\/h3>\n<ul>\n<li>\u0414\u043e\u043f\u043e\u043b\u043d\u0438\u0442\u0435\u043b\u044c\u043d\u0430\u044f \u0448\u0438\u0440\u0438\u043d\u0430 \u0434\u043b\u044f \u043a\u043e\u043c\u0444\u043e\u0440\u0442\u0430<\/li>\n<li>\u0420\u0435\u043c\u043d\u0438 \u0432 \u043a\u043e\u043c\u043f\u043b\u0435\u043a\u0442\u0435 \u0434\u043b\u044f \u0441\u043a\u043b\u0430\u0434\u044b\u0432\u0430\u043d\u0438\u044f<\/li>\n<li>\u041a\u043e\u043c\u043f\u0430\u043a\u0442\u043d\u044b\u0439 \u0440\u0430\u0437\u043c\u0435\u0440 \u0431\u043b\u0430\u0433\u043e\u0434\u0430\u0440\u044f \u043f\u0440\u043e\u0434\u0443\u043c\u0430\u043d\u043d\u043e\u0439 \u043a\u043e\u043d\u0441\u0442\u0440\u0443\u043a\u0446\u0438\u0438 \u0441 \u043f\u043e\u043b\u0443\u043a\u0443\u043f\u043e\u043b\u044c\u043d\u043e\u0439 \u0442\u043e\u0447\u043a\u043e\u0439<\/li>\n<li>\u041a\u0430\u0447\u0435\u0441\u0442\u0432\u0435\u043d\u043d\u0430\u044f \u043d\u0435\u0430\u0431\u0441\u043e\u0440\u0431\u0438\u0440\u0443\u044e\u0449\u0430\u044f \u043f\u0435\u043d\u0430 XPE \u0441 \u0437\u0430\u043a\u0440\u044b\u0442\u044b\u043c\u0438 \u043f\u043e\u0440\u0430\u043c\u0438 \u0434\u043b\u044f \u0434\u043e\u043b\u0433\u043e\u0433\u043e \u0441\u0440\u043e\u043a\u0430 \u0441\u043b\u0443\u0436\u0431\u044b<\/li>\n<li>\u041f\u043e\u043a\u0440\u044b\u0442\u0438\u0435 \u0438\u0437 \u0444\u043e\u043b\u044c\u0433\u0438 \u043e\u0442\u0440\u0430\u0436\u0430\u0435\u0442 \u0442\u0435\u043f\u043b\u043e \u0442\u0435\u043b\u0430<\/li>\n<li>\u0422\u043e\u043b\u0449\u0438\u043d\u0430 2,8 \u0441\u043c \u0434\u043b\u044f \u043c\u0430\u043a\u0441\u0438\u043c\u0430\u043b\u044c\u043d\u043e\u0433\u043e \u043a\u043e\u043c\u0444\u043e\u0440\u0442\u0430<\/li>\n<\/ul>\n<h3>Caracteristici<\/h3>\n<ul>\n<li>\u041c\u0430\u0442\u0435\u0440\u0438\u0430\u043b &#8212; \u043f\u0435\u043d\u0430 \u0441 \u0437\u0430\u043a\u0440\u044b\u0442\u044b\u043c\u0438 \u043f\u043e\u0440\u0430\u043c\u0438 XPE<\/li>\n<li>\u0422\u0438\u043f &#8212; \u043a\u043e\u0432\u0440\u0438\u043a (\u043a\u0430\u0440\u0435\u043c\u0430\u0442)<\/li>\n<li>\u0420\u0430\u0437\u043c\u0435\u0440\u044b &#8212; 192 x 60 \u0441\u043c (\u0414\u0445\u0428)<\/li>\n<li>\u0420\u0430\u0437\u043c\u0435\u0440\u044b \u0432 \u0443\u043f\u0430\u043a\u043e\u0432\u043a\u0435 &#8212; 60 x 15 x 16 \u0441\u043c<\/li>\n<li>\u0422\u043e\u043b\u0449\u0438\u043d\u0430 &#8212; 2,8 \u0441\u043c<\/li>\n<li>\u0421\u0435\u0437\u043e\u043d\u043d\u043e\u0441\u0442\u044c &#8212; 3<\/li>\n<li>R-value &#8212; 2,4<\/li>\n<li>\u0412\u0435\u0441 &#8212; 620 \u0433<\/li>\n<\/ul>\n<h3>Tehnologie<\/h3>\n<ul>\n<li><strong>R-value<\/strong>\u00a0&#8212; \u044d\u0442\u043e \u0445\u0430\u0440\u0430\u043a\u0442\u0435\u0440\u0438\u0441\u0442\u0438\u043a\u0430 \u0442\u0435\u0440\u043c\u043e\u0438\u0437\u043e\u043b\u044f\u0446\u0438\u0438 \u043a\u043e\u0432\u0440\u0438\u043a\u0430 \u0432 \u043f\u043e\u043b\u043d\u043e\u0441\u0442\u044c\u044e \u043d\u0430\u0434\u0443\u0442\u043e\u043c \u0441\u043e\u0441\u0442\u043e\u044f\u043d\u0438\u0438. \u0427\u0435\u043c \u0432\u044b\u0448\u0435 \u0446\u0438\u0444\u0440\u0430, \u0442\u0435\u043c \u0442\u0435\u043f\u043b\u0435\u0435 \u0438 \u043a\u043e\u043c\u0444\u043e\u0440\u0442\u0430\u0431\u0435\u043b\u044c\u043d\u044b\u043c \u0431\u0443\u0434\u0435\u0442 \u0432\u0430\u0448 \u043a\u043e\u0432\u0440\u0438\u043a. \u0412\u044b \u043c\u043e\u0436\u0435\u0442\u0435 \u0443\u0432\u0435\u043b\u0438\u0447\u0438\u0442\u044c R-value, \u0434\u043e\u043f\u043e\u043b\u043d\u0438\u0442\u0435\u043b\u044c\u043d\u043e \u043f\u043e\u0434\u0434\u0443\u0432 \u043a\u043e\u0432\u0440\u0438\u043a.<\/li>\n<\/ul>\n<h3>Marca<\/h3>\n<p>Povestea brandului Robens \u00eencepe \u00een anul 1973, c\u00e2nd Klaus Robens, \u00eempreun\u0103 cu so\u021bia sa, au fondat compania chiar \u00een locuin\u021ba lor din Wentorf, Germania. Biroul companiei se afla la subsol, iar showroom-ul era amenajat pe peluza din fa\u021ba casei. Cuno\u0219tin\u021bele vaste \u00een domeniul outdoor \u0219i calitatea ridicat\u0103 a produselor au f\u0103cut ca Robens s\u0103 aib\u0103 un succes at\u00e2t de mare, \u00eenc\u00e2t \u00een 1988 compania s-a mutat \u00eentr-un sediu nou \u0219i a \u00eenceput colaborarea cu designerul industrial Olaf Bracht, care \u00eemp\u0103rt\u0103\u0219ea pasiunea so\u021bilor Robens.<\/p>\n<p>Brandul Robens \u0219i-a consolidat reputa\u021bia de produc\u0103tor de echipamente ideale pentru via\u021ba \u00een natur\u0103, pun\u00e2nd accent pe calitatea superioar\u0103 \u0219i pre\u021burile rezonabile. \u00cen anul 2000, Robens a fost achizi\u021bionat de grupul OASE Outdoors, iar \u00een 2012 a trecut printr-un proces de rebranding. Ast\u0103zi, Robens continu\u0103 s\u0103 evolueze, ajut\u00e2nd oamenii s\u0103 \u00ee\u0219i urmeze pasiunea pentru aventurile \u00een aer liber.<\/p>","protected":false},"excerpt":{"rendered":"<p>Robens ZigZag Slumber Pro &#8212; \u043b\u0435\u0433\u043a\u0438\u0439 \u0441\u043a\u043b\u0430\u0434\u043d\u043e\u0439 \u043a\u043e\u0432\u0440\u0438\u043a \u0441 \u0440\u0438\u0444\u043b\u0435\u043d\u043e\u0439 \u043f\u043e\u0432\u0435\u0440\u0445\u043d\u043e\u0441\u0442\u044c\u044e, \u043a\u043e\u0442\u043e\u0440\u044b\u0439 \u043c\u043e\u0436\u0435\u0442 \u0438\u0441\u043f\u043e\u043b\u044c\u0437\u043e\u0432\u0430\u0442\u044c\u0441\u044f \u0432 \u0442\u0435\u0447\u0435\u043d\u0438\u0435 3-\u0445 \u0441\u0435\u0437\u043e\u043d\u043e\u0432 \u0434\u043b\u044f \u043d\u0435\u0441\u043b\u043e\u0436\u043d\u044b\u0445 \u043f\u043e\u0445\u043e\u0434\u043e\u0432, \u043e\u0442\u0434\u044b\u0445\u0430 \u043d\u0430 \u043f\u0440\u0438\u0440\u043e\u0434\u0435 \u0438 \u043d\u043e\u0447\u0435\u0432\u043e\u043a \u0432 \u043a\u0435\u043c\u043f\u0438\u043d\u0433\u0435. \u041a\u043e\u0432\u0440\u0438\u043a \u043a\u043e\u043c\u043f\u0430\u043a\u0442\u043d\u043e \u0441\u043a\u043b\u0430\u0434\u044b\u0432\u0430\u0435\u0442\u0441\u044f \u043a\u0430\u043a \u0433\u0430\u0440\u043c\u043e\u0448\u043a\u0430 \u0438 \u0437\u0430\u043d\u0438\u043c\u0430\u0435\u0442 \u043c\u0430\u043b\u043e \u043c\u0435\u0441\u0442\u0430 \u0432 \u0440\u044e\u043a\u0437\u0430\u043a\u0435, \u043d\u043e \u0442\u0430\u043a\u0436\u0435 \u043a\u0440\u0435\u043f\u0438\u0442\u0441\u044f \u043d\u0430 \u0440\u044e\u043a\u0437\u0430\u043a \u0441\u043d\u0430\u0440\u0443\u0436\u0438. \u0424\u043e\u043b\u044c\u0433\u0438\u0440\u043e\u0432\u0430\u043d\u043d\u0430\u044f \u043f\u043e\u0432\u0435\u0440\u0445\u043d\u043e\u0441\u0442\u044c \u043e\u0442\u0440\u0430\u0436\u0430\u0435\u0442 \u043d\u0430\u0433\u0440\u0435\u0442\u044b\u0439 \u0442\u0435\u043f\u043b\u043e\u043c \u0432\u043e\u0437\u0434\u0443\u0445, \u0447\u0442\u043e \u0434\u0435\u043b\u0430\u0435\u0442 \u0435\u0433\u043e \u0437\u043d\u0430\u0447\u0438\u0442\u0435\u043b\u044c\u043d\u043e [&hellip;]<\/p>\n","protected":false},"featured_media":81856,"comment_status":"open","ping_status":"closed","template":"","meta":{"_acf_changed":false,"inline_featured_image":false},"product_brand":[1329],"product_cat":[200],"product_tag":[],"class_list":{"0":"post-81333","1":"product","2":"type-product","3":"status-publish","4":"has-post-thumbnail","6":"product_brand-robens","7":"product_cat-travel-mats","9":"first","10":"outofstock","11":"shipping-taxable","12":"product-type-simple"},"acf":[],"yoast_head":"<!-- This site is optimized with the Yoast SEO plugin v27.2 - https:\/\/yoast.com\/product\/yoast-seo-wordpress\/ -->\n<title>\u041a\u043e\u0432\u0440\u0438\u043a Robens ZigZag Slumber Pro - \u041c\u0430\u0433\u0430\u0437\u0438\u043d Xstyle<\/title>\n<meta name=\"description\" content=\"\u041a\u043e\u0432\u0440\u0438\u043a Robens ZigZag Slumber Pro 3 - \u0438\u0434\u0435\u0430\u043b\u044c\u043d\u044b\u0439 \u0432\u044b\u0431\u043e\u0440 \u0434\u043b\u044f outdoor. \u041b\u0435\u0433\u043a\u0438\u0439, \u0443\u0434\u043e\u0431\u043d\u044b\u0439, \u0441 \u043e\u0442\u043b\u0438\u0447\u043d\u043e\u0439 \u0442\u0435\u043f\u043b\u043e\u0438\u0437\u043e\u043b\u044f\u0446\u0438\u0435\u0439. \u0420\u0430\u0437\u043c\u0435\u0440\u044b 192x60x15 \u0441\u043c, R-value 2.4.\" \/>\n<meta name=\"robots\" content=\"index, follow, max-snippet:-1, max-image-preview:large, max-video-preview:-1\" \/>\n<link rel=\"canonical\" href=\"https:\/\/xstyle.md\/ro\/produs\/kovrik-robens-zigzag-slumber-pro\/\" \/>\n<meta property=\"og:locale\" content=\"ro_RO\" \/>\n<meta property=\"og:type\" content=\"article\" \/>\n<meta property=\"og:title\" content=\"\u041a\u043e\u0432\u0440\u0438\u043a Robens ZigZag Slumber Pro - \u041c\u0430\u0433\u0430\u0437\u0438\u043d Xstyle\" \/>\n<meta property=\"og:description\" content=\"\u041a\u043e\u0432\u0440\u0438\u043a Robens ZigZag Slumber Pro 3 - \u0438\u0434\u0435\u0430\u043b\u044c\u043d\u044b\u0439 \u0432\u044b\u0431\u043e\u0440 \u0434\u043b\u044f outdoor. \u041b\u0435\u0433\u043a\u0438\u0439, \u0443\u0434\u043e\u0431\u043d\u044b\u0439, \u0441 \u043e\u0442\u043b\u0438\u0447\u043d\u043e\u0439 \u0442\u0435\u043f\u043b\u043e\u0438\u0437\u043e\u043b\u044f\u0446\u0438\u0435\u0439. \u0420\u0430\u0437\u043c\u0435\u0440\u044b 192x60x15 \u0441\u043c, R-value 2.4.\" \/>\n<meta property=\"og:url\" content=\"https:\/\/xstyle.md\/ro\/produs\/kovrik-robens-zigzag-slumber-pro\/\" \/>\n<meta property=\"og:site_name\" content=\"\u041c\u0430\u0433\u0430\u0437\u0438\u043d Xstyle\" \/>\n<meta property=\"article:publisher\" content=\"https:\/\/www.facebook.com\/xstylemd\" \/>\n<meta property=\"article:modified_time\" content=\"2024-10-02T22:44:28+00:00\" \/>\n<meta property=\"og:image\" content=\"https:\/\/xstyle.md\/wp-content\/uploads\/2024\/04\/robens-zigzag-slumber-pro-1.jpg\" \/>\n\t<meta property=\"og:image:width\" content=\"1146\" \/>\n\t<meta property=\"og:image:height\" content=\"1049\" \/>\n\t<meta property=\"og:image:type\" content=\"image\/jpeg\" \/>\n<meta name=\"twitter:card\" content=\"summary_large_image\" \/>\n<meta name=\"twitter:label1\" content=\"Pre\u021b\" \/>\n\t<meta name=\"twitter:data1\" content=\"750&nbsp;MDL\" \/>\n\t<meta name=\"twitter:label2\" content=\"Disponibilitate\" \/>\n\t<meta name=\"twitter:data2\" content=\"Stoc epuizat\" \/>\n<script type=\"application\/ld+json\" class=\"yoast-schema-graph\">{\"@context\":\"https:\/\/schema.org\",\"@graph\":[{\"@type\":\"WebPage\",\"@id\":\"https:\/\/xstyle.md\/product\/kovrik-robens-zigzag-slumber-pro\/\",\"url\":\"https:\/\/xstyle.md\/product\/kovrik-robens-zigzag-slumber-pro\/\",\"name\":\"\u041a\u043e\u0432\u0440\u0438\u043a Robens ZigZag Slumber Pro - \u041c\u0430\u0433\u0430\u0437\u0438\u043d Xstyle\",\"isPartOf\":{\"@id\":\"https:\/\/xstyle.md\/#website\"},\"primaryImageOfPage\":{\"@id\":\"https:\/\/xstyle.md\/product\/kovrik-robens-zigzag-slumber-pro\/#primaryimage\"},\"image\":{\"@id\":\"https:\/\/xstyle.md\/product\/kovrik-robens-zigzag-slumber-pro\/#primaryimage\"},\"thumbnailUrl\":\"https:\/\/xstyle.md\/wp-content\/uploads\/2024\/04\/robens-zigzag-slumber-pro-1.jpg\",\"datePublished\":\"2024-04-04T10:43:51+00:00\",\"dateModified\":\"2024-10-02T22:44:28+00:00\",\"description\":\"\u041a\u043e\u0432\u0440\u0438\u043a Robens ZigZag Slumber Pro 3 - \u0438\u0434\u0435\u0430\u043b\u044c\u043d\u044b\u0439 \u0432\u044b\u0431\u043e\u0440 \u0434\u043b\u044f outdoor. \u041b\u0435\u0433\u043a\u0438\u0439, \u0443\u0434\u043e\u0431\u043d\u044b\u0439, \u0441 \u043e\u0442\u043b\u0438\u0447\u043d\u043e\u0439 \u0442\u0435\u043f\u043b\u043e\u0438\u0437\u043e\u043b\u044f\u0446\u0438\u0435\u0439. \u0420\u0430\u0437\u043c\u0435\u0440\u044b 192x60x15 \u0441\u043c, R-value 2.4.\",\"breadcrumb\":{\"@id\":\"https:\/\/xstyle.md\/product\/kovrik-robens-zigzag-slumber-pro\/#breadcrumb\"},\"inLanguage\":\"ro-RO\",\"potentialAction\":[{\"@type\":\"ReadAction\",\"target\":[\"https:\/\/xstyle.md\/product\/kovrik-robens-zigzag-slumber-pro\/\"]}]},{\"@type\":\"ImageObject\",\"inLanguage\":\"ro-RO\",\"@id\":\"https:\/\/xstyle.md\/product\/kovrik-robens-zigzag-slumber-pro\/#primaryimage\",\"url\":\"https:\/\/xstyle.md\/wp-content\/uploads\/2024\/04\/robens-zigzag-slumber-pro-1.jpg\",\"contentUrl\":\"https:\/\/xstyle.md\/wp-content\/uploads\/2024\/04\/robens-zigzag-slumber-pro-1.jpg\",\"width\":1146,\"height\":1049,\"caption\":\"\u041a\u043e\u0432\u0440\u0438\u043a Robens ZigZag Slumber Pro \u0434\u043b\u044f \u0430\u043a\u0442\u0438\u0432\u043d\u043e\u0433\u043e \u043e\u0442\u0434\u044b\u0445\u0430, \u043f\u043e\u0445\u043e\u0434\u043e\u0432 \u0438 \u043f\u0443\u0442\u0435\u0448\u0435\u0441\u0442\u0432\u0438\u0439, \u044d\u043a\u0438\u043f\u0438\u0440\u043e\u0432\u043a\u0430 \u0434\u043b\u044f \u0430\u043b\u044c\u043f\u0438\u043d\u0438\u0437\u043c\u0430 \u0438 \u0442\u0443\u0440\u0438\u0437\u043c\u0430, \u043e\u0431\u0443\u0432\u044c \u0438 \u043e\u0434\u0435\u0436\u0434\u0430 \u0434\u043b\u044f outdoor \u043f\u0440\u0438\u043a\u043b\u044e\u0447\u0435\u043d\u0438\u0439\"},{\"@type\":\"BreadcrumbList\",\"@id\":\"https:\/\/xstyle.md\/product\/kovrik-robens-zigzag-slumber-pro\/#breadcrumb\",\"itemListElement\":[{\"@type\":\"ListItem\",\"position\":1,\"name\":\"\u0413\u043b\u0430\u0432\u043d\u0430\u044f \u0441\u0442\u0440\u0430\u043d\u0438\u0446\u0430\",\"item\":\"https:\/\/xstyle.md\/\"},{\"@type\":\"ListItem\",\"position\":2,\"name\":\"\u041c\u0430\u0433\u0430\u0437\u0438\u043d\",\"item\":\"https:\/\/xstyle.md\/shop\/\"},{\"@type\":\"ListItem\",\"position\":3,\"name\":\"\u041a\u043e\u0432\u0440\u0438\u043a Robens ZigZag Slumber Pro\"}]},{\"@type\":\"WebSite\",\"@id\":\"https:\/\/xstyle.md\/#website\",\"url\":\"https:\/\/xstyle.md\/\",\"name\":\"\u041c\u0430\u0433\u0430\u0437\u0438\u043d Xstyle\",\"description\":\"C\u043d\u0430\u0440\u044f\u0436\u0435\u043d\u0438\u0435 \u0434\u043b\u044f \u0442\u0443\u0440\u0438\u0437\u043c\u0430 \u0438 \u044d\u043a\u0441\u0442\u0440\u0435\u043c\u0430\u043b\u044c\u043d\u044b\u0445 \u0432\u0438\u0434\u043e\u0432 \u0441\u043f\u043e\u0440\u0442\u0430 \u0432 \u041c\u043e\u043b\u0434\u043e\u0432\u0435.. \u0426\u0435\u043d\u044b, \u0444\u043e\u0442\u043e, \u0445\u0430\u0440\u0430\u043a\u0442\u0435\u0440\u0438\u0441\u0442\u0438\u043a\u0438 \u0432 \u041c\u043e\u043b\u0434\u043e\u0432\u0435.\",\"publisher\":{\"@id\":\"https:\/\/xstyle.md\/#organization\"},\"alternateName\":\"X-Style\",\"potentialAction\":[{\"@type\":\"SearchAction\",\"target\":{\"@type\":\"EntryPoint\",\"urlTemplate\":\"https:\/\/xstyle.md\/?s={search_term_string}\"},\"query-input\":{\"@type\":\"PropertyValueSpecification\",\"valueRequired\":true,\"valueName\":\"search_term_string\"}}],\"inLanguage\":\"ro-RO\"},{\"@type\":\"Organization\",\"@id\":\"https:\/\/xstyle.md\/#organization\",\"name\":\"\u041c\u0430\u0433\u0430\u0437\u0438\u043d Xstyle\",\"alternateName\":\"x-style\",\"url\":\"https:\/\/xstyle.md\/\",\"logo\":{\"@type\":\"ImageObject\",\"inLanguage\":\"ro-RO\",\"@id\":\"https:\/\/xstyle.md\/#\/schema\/logo\/image\/\",\"url\":\"https:\/\/xstyle.md\/wp-content\/uploads\/2020\/06\/logoicon.svg\",\"contentUrl\":\"https:\/\/xstyle.md\/wp-content\/uploads\/2020\/06\/logoicon.svg\",\"caption\":\"\u041c\u0430\u0433\u0430\u0437\u0438\u043d Xstyle\"},\"image\":{\"@id\":\"https:\/\/xstyle.md\/#\/schema\/logo\/image\/\"},\"sameAs\":[\"https:\/\/www.facebook.com\/xstylemd\",\"https:\/\/www.instagram.com\/xstyle_md\/\",\"https:\/\/t.me\/xstyle_outdoor\"],\"hasMerchantReturnPolicy\":{\"@type\":\"MerchantReturnPolicy\",\"merchantReturnLink\":\"https:\/\/xstyle.md\/ro\/conditions\/\"}}]}<\/script>\n<meta property=\"product:price:amount\" content=\"750.00\" \/>\n<meta property=\"product:price:currency\" content=\"MDL\" \/>\n<meta property=\"og:availability\" content=\"out of stock\" \/>\n<meta property=\"product:availability\" content=\"out of stock\" \/>\n<meta property=\"product:retailer_item_id\" content=\"5709388120984\" \/>\n<meta property=\"product:condition\" content=\"new\" \/>\n<!-- \/ Yoast SEO plugin. -->","yoast_head_json":{"title":"Covoare Robens ZigZag Slumber Pro - Magazin Xstyle","description":"Covorul Robens ZigZag Slumber Pro 3 - alegerea ideal\u0103 pentru activit\u0103\u021bi \u00een aer liber. U\u0219or, confortabil, cu o izola\u021bie termic\u0103 excelent\u0103. Dimensiuni 192x60x15 cm, R-value 2.4.","robots":{"index":"index","follow":"follow","max-snippet":"max-snippet:-1","max-image-preview":"max-image-preview:large","max-video-preview":"max-video-preview:-1"},"canonical":"https:\/\/xstyle.md\/ro\/produs\/kovrik-robens-zigzag-slumber-pro\/","og_locale":"ro_RO","og_type":"article","og_title":"\u041a\u043e\u0432\u0440\u0438\u043a Robens ZigZag Slumber Pro - \u041c\u0430\u0433\u0430\u0437\u0438\u043d Xstyle","og_description":"\u041a\u043e\u0432\u0440\u0438\u043a Robens ZigZag Slumber Pro 3 - \u0438\u0434\u0435\u0430\u043b\u044c\u043d\u044b\u0439 \u0432\u044b\u0431\u043e\u0440 \u0434\u043b\u044f outdoor. \u041b\u0435\u0433\u043a\u0438\u0439, \u0443\u0434\u043e\u0431\u043d\u044b\u0439, \u0441 \u043e\u0442\u043b\u0438\u0447\u043d\u043e\u0439 \u0442\u0435\u043f\u043b\u043e\u0438\u0437\u043e\u043b\u044f\u0446\u0438\u0435\u0439. \u0420\u0430\u0437\u043c\u0435\u0440\u044b 192x60x15 \u0441\u043c, R-value 2.4.","og_url":"https:\/\/xstyle.md\/ro\/produs\/kovrik-robens-zigzag-slumber-pro\/","og_site_name":"\u041c\u0430\u0433\u0430\u0437\u0438\u043d Xstyle","article_publisher":"https:\/\/www.facebook.com\/xstylemd","article_modified_time":"2024-10-02T22:44:28+00:00","og_image":[{"width":1146,"height":1049,"url":"https:\/\/xstyle.md\/wp-content\/uploads\/2024\/04\/robens-zigzag-slumber-pro-1.jpg","type":"image\/jpeg"}],"twitter_card":"summary_large_image","twitter_misc":{"Pre\u021b":"750&nbsp;MDL","Disponibilitate":"Stoc epuizat"},"schema":{"@context":"https:\/\/schema.org","@graph":[{"@type":"WebPage","@id":"https:\/\/xstyle.md\/product\/kovrik-robens-zigzag-slumber-pro\/","url":"https:\/\/xstyle.md\/product\/kovrik-robens-zigzag-slumber-pro\/","name":"Covoare Robens ZigZag Slumber Pro - Magazin Xstyle","isPartOf":{"@id":"https:\/\/xstyle.md\/#website"},"primaryImageOfPage":{"@id":"https:\/\/xstyle.md\/product\/kovrik-robens-zigzag-slumber-pro\/#primaryimage"},"image":{"@id":"https:\/\/xstyle.md\/product\/kovrik-robens-zigzag-slumber-pro\/#primaryimage"},"thumbnailUrl":"https:\/\/xstyle.md\/wp-content\/uploads\/2024\/04\/robens-zigzag-slumber-pro-1.jpg","datePublished":"2024-04-04T10:43:51+00:00","dateModified":"2024-10-02T22:44:28+00:00","description":"Covorul Robens ZigZag Slumber Pro 3 - alegerea ideal\u0103 pentru activit\u0103\u021bi \u00een aer liber. U\u0219or, confortabil, cu o izola\u021bie termic\u0103 excelent\u0103. Dimensiuni 192x60x15 cm, R-value 2.4.","breadcrumb":{"@id":"https:\/\/xstyle.md\/product\/kovrik-robens-zigzag-slumber-pro\/#breadcrumb"},"inLanguage":"ro-RO","potentialAction":[{"@type":"ReadAction","target":["https:\/\/xstyle.md\/product\/kovrik-robens-zigzag-slumber-pro\/"]}]},{"@type":"ImageObject","inLanguage":"ro-RO","@id":"https:\/\/xstyle.md\/product\/kovrik-robens-zigzag-slumber-pro\/#primaryimage","url":"https:\/\/xstyle.md\/wp-content\/uploads\/2024\/04\/robens-zigzag-slumber-pro-1.jpg","contentUrl":"https:\/\/xstyle.md\/wp-content\/uploads\/2024\/04\/robens-zigzag-slumber-pro-1.jpg","width":1146,"height":1049,"caption":"\u041a\u043e\u0432\u0440\u0438\u043a Robens ZigZag Slumber Pro \u0434\u043b\u044f \u0430\u043a\u0442\u0438\u0432\u043d\u043e\u0433\u043e \u043e\u0442\u0434\u044b\u0445\u0430, \u043f\u043e\u0445\u043e\u0434\u043e\u0432 \u0438 \u043f\u0443\u0442\u0435\u0448\u0435\u0441\u0442\u0432\u0438\u0439, \u044d\u043a\u0438\u043f\u0438\u0440\u043e\u0432\u043a\u0430 \u0434\u043b\u044f \u0430\u043b\u044c\u043f\u0438\u043d\u0438\u0437\u043c\u0430 \u0438 \u0442\u0443\u0440\u0438\u0437\u043c\u0430, \u043e\u0431\u0443\u0432\u044c \u0438 \u043e\u0434\u0435\u0436\u0434\u0430 \u0434\u043b\u044f outdoor \u043f\u0440\u0438\u043a\u043b\u044e\u0447\u0435\u043d\u0438\u0439"},{"@type":"BreadcrumbList","@id":"https:\/\/xstyle.md\/product\/kovrik-robens-zigzag-slumber-pro\/#breadcrumb","itemListElement":[{"@type":"ListItem","position":1,"name":"\u0413\u043b\u0430\u0432\u043d\u0430\u044f \u0441\u0442\u0440\u0430\u043d\u0438\u0446\u0430","item":"https:\/\/xstyle.md\/"},{"@type":"ListItem","position":2,"name":"\u041c\u0430\u0433\u0430\u0437\u0438\u043d","item":"https:\/\/xstyle.md\/shop\/"},{"@type":"ListItem","position":3,"name":"\u041a\u043e\u0432\u0440\u0438\u043a Robens ZigZag Slumber Pro"}]},{"@type":"WebSite","@id":"https:\/\/xstyle.md\/#website","url":"https:\/\/xstyle.md\/","name":"Magazinul X-Style","description":"Echipamente pentru turism \u0219i sporturi extreme \u00een Moldova. Pre\u021buri, fotografii, caracteristici \u00een Moldova.","publisher":{"@id":"https:\/\/xstyle.md\/#organization"},"alternateName":"X-Style","potentialAction":[{"@type":"SearchAction","target":{"@type":"EntryPoint","urlTemplate":"https:\/\/xstyle.md\/?s={search_term_string}"},"query-input":{"@type":"PropertyValueSpecification","valueRequired":true,"valueName":"search_term_string"}}],"inLanguage":"ro-RO"},{"@type":"Organization","@id":"https:\/\/xstyle.md\/#organization","name":"Magazinul X-Style","alternateName":"x-style","url":"https:\/\/xstyle.md\/","logo":{"@type":"ImageObject","inLanguage":"ro-RO","@id":"https:\/\/xstyle.md\/#\/schema\/logo\/image\/","url":"https:\/\/xstyle.md\/wp-content\/uploads\/2020\/06\/logoicon.svg","contentUrl":"https:\/\/xstyle.md\/wp-content\/uploads\/2020\/06\/logoicon.svg","caption":"\u041c\u0430\u0433\u0430\u0437\u0438\u043d Xstyle"},"image":{"@id":"https:\/\/xstyle.md\/#\/schema\/logo\/image\/"},"sameAs":["https:\/\/www.facebook.com\/xstylemd","https:\/\/www.instagram.com\/xstyle_md\/","https:\/\/t.me\/xstyle_outdoor"],"hasMerchantReturnPolicy":{"@type":"MerchantReturnPolicy","merchantReturnLink":"https:\/\/xstyle.md\/ro\/conditions\/"}}]},"product_price_amount":"750.00","product_price_currency":"MDL","og_availability":"out of stock","product_availability":"out of stock","product_retailer_item_id":"5709388120984","product_condition":"new"},"post_mailing_queue_ids":[],"_links":{"self":[{"href":"https:\/\/xstyle.md\/ro\/wp-json\/wp\/v2\/product\/81333","targetHints":{"allow":["GET"]}}],"collection":[{"href":"https:\/\/xstyle.md\/ro\/wp-json\/wp\/v2\/product"}],"about":[{"href":"https:\/\/xstyle.md\/ro\/wp-json\/wp\/v2\/types\/product"}],"replies":[{"embeddable":true,"href":"https:\/\/xstyle.md\/ro\/wp-json\/wp\/v2\/comments?post=81333"}],"wp:featuredmedia":[{"embeddable":true,"href":"https:\/\/xstyle.md\/ro\/wp-json\/wp\/v2\/media\/81856"}],"wp:attachment":[{"href":"https:\/\/xstyle.md\/ro\/wp-json\/wp\/v2\/media?parent=81333"}],"wp:term":[{"taxonomy":"product_brand","embeddable":true,"href":"https:\/\/xstyle.md\/ro\/wp-json\/wp\/v2\/product_brand?post=81333"},{"taxonomy":"product_cat","embeddable":true,"href":"https:\/\/xstyle.md\/ro\/wp-json\/wp\/v2\/product_cat?post=81333"},{"taxonomy":"product_tag","embeddable":true,"href":"https:\/\/xstyle.md\/ro\/wp-json\/wp\/v2\/product_tag?post=81333"}],"curies":[{"name":"wp","href":"https:\/\/api.w.org\/{rel}","templated":true}]}}