{"id":81324,"date":"2024-04-04T13:43:50","date_gmt":"2024-04-04T10:43:50","guid":{"rendered":"https:\/\/xstyle.md\/?post_type=product&#038;p=81324"},"modified":"2024-10-03T01:44:17","modified_gmt":"2024-10-02T22:44:17","slug":"gazovaya-plita-easy-camp-tour","status":"publish","type":"product","link":"https:\/\/xstyle.md\/ro\/produs\/gazovaya-plita-easy-camp-tour\/","title":{"rendered":"Aragaz Easy Camp Tour"},"content":{"rendered":"<\/p>\n<p><strong>Aragaz Easy Camp Tour<\/strong> echipat cu un arz\u0103tor din o\u021bel inoxidabil \u0219i o conexiune separat\u0103 la o butelie de butan, toate \u00eentr-un format compact \u0219i pliabil.<\/p>\n<h3>Particularit\u0103\u021bi<\/h3>\n<ul>\n<li>Butelia de gaz nu este inclus\u0103 \u00een set \u0219i trebuie achizi\u021bionat\u0103 separat<\/li>\n<li>Suporturi din\u021bate pentru farfurii &#8212; pentru a preveni alunecarea<\/li>\n<li>Montat pe picioare<\/li>\n<li>Sistem de blocare a cilindrului \u00een interiorul cuptorului, \u00eentr-un compartiment special<\/li>\n<\/ul>\n<h3>Caracteristici<\/h3>\n<ul>\n<li>Material - o\u021bel inoxidabil<\/li>\n<li>Surs\u0103 &#8212; cartu\u0219 de gaz butan MSF-1A<\/li>\n<li>Timp de fierbere pentru 1 litru de ap\u0103 &#8212; 5 min 34 sec<\/li>\n<li>Consumul de gaz &#8212; 160 g \/ h<\/li>\n<li>Putere &#8212; 2200 W<\/li>\n<li>Dimensiuni &#8212; 36 x 28 x 11,5 cm<\/li>\n<li>Greutate &#8212; 1,5 kg<\/li>\n<\/ul>\n<h3>Marca<\/h3>\n<p>Easy Camp este unul dintre cei mai renumi\u021bi produc\u0103tori danezi de produse pentru c\u0103l\u0103torii, sport \u0219i activit\u0103\u021bi \u00een aer liber. Easy Camp se pozi\u021bioneaz\u0103 ca o marc\u0103 de produse pentru camping, drume\u021bii \u0219i c\u0103l\u0103torii. Printre produsele populare care s-au dovedit pe pia\u021ba european\u0103 \u0219i mondial\u0103: rucsacuri, corturi, mobilier de camping, accesorii de camping, saci de dormit, saltele pneumatice \u0219i altele. Experien\u021ba vast\u0103 a stabilit acest brand ca fiind unul dintre cele mai respectate \u0219i de \u00eencredere. Timp de peste 28 de ani, compania a fabricat produse pentru activit\u0103\u021bi \u00een aer liber.<\/p>\n<p>Crezul Easy Camp const\u0103 \u00een dezvolt\u0103ri \u0219i inova\u021bii moderne pentru a \u00eembun\u0103t\u0103\u021bi calitatea activit\u0103\u021bilor recreative. Cele mai avansate tehnologii permit ob\u021binerea unor rezultate f\u0103r\u0103 precedent. Cele mai moderne materiale \u0219i designurile \u00eembun\u0103t\u0103\u021bite permit camperilor \u0219i c\u0103l\u0103torilor s\u0103 se simt\u0103 u\u0219or \u0219i confortabil \u00een orice situa\u021bie. Easy Camp &#8212; este asociat cu corturi confortabile \u0219i u\u0219oare, calde \u0219i totu\u0219i ocup\u00e2nd un volum foarte mic saci de dormit, o gam\u0103 larg\u0103 de alte produse.<\/p>\n<p><\/p>","protected":false},"excerpt":{"rendered":"","protected":false},"featured_media":81907,"comment_status":"open","ping_status":"closed","template":"","meta":{"_acf_changed":false,"inline_featured_image":false},"product_brand":[1334],"product_cat":[439],"product_tag":[],"class_list":{"0":"post-81324","1":"product","2":"type-product","3":"status-publish","4":"has-post-thumbnail","6":"product_brand-easy-camp","7":"product_cat-aragaz","9":"first","10":"instock","11":"shipping-taxable","12":"purchasable","13":"product-type-simple"},"acf":[],"yoast_head":"<!-- This site is optimized with the Yoast SEO plugin v27.2 - https:\/\/yoast.com\/product\/yoast-seo-wordpress\/ -->\n<title>\u0413\u0430\u0437\u043e\u0432\u0430\u044f \u043f\u043b\u0438\u0442\u0430 Easy Camp Tour - \u041c\u0430\u0433\u0430\u0437\u0438\u043d Xstyle<\/title>\n<meta name=\"description\" content=\"\u0413\u0430\u0437\u043e\u0432\u0430\u044f \u043f\u043b\u0438\u0442\u0430 Easy Camp Tour - \u0438\u0434\u0435\u0430\u043b\u044c\u043d\u044b\u0439 \u0432\u044b\u0431\u043e\u0440 \u0434\u043b\u044f \u043a\u0435\u043c\u043f\u0438\u043d\u0433\u0430. \u041a\u043e\u043c\u043f\u0430\u043a\u0442\u043d\u0430\u044f, \u0441 \u043d\u0435\u0440\u0436\u0430\u0432\u0435\u044e\u0449\u0438\u043c \u0433\u043e\u0440\u0435\u043b\u043a\u043e\u0439 \u0438 \u043d\u0430\u0434\u0435\u0436\u043d\u044b\u043c\u0438 \u043f\u043e\u0434\u0441\u0442\u0430\u0432\u043a\u0430\u043c\u0438. \u0417\u0430\u043a\u0430\u0437\u044b\u0432\u0430\u0439\u0442\u0435 \u043f\u0440\u044f\u043c\u043e \u0441\u0435\u0439\u0447\u0430\u0441!\" \/>\n<meta name=\"robots\" content=\"index, follow, max-snippet:-1, max-image-preview:large, max-video-preview:-1\" \/>\n<link rel=\"canonical\" href=\"https:\/\/xstyle.md\/ro\/produs\/gazovaya-plita-easy-camp-tour\/\" \/>\n<meta property=\"og:locale\" content=\"ro_RO\" \/>\n<meta property=\"og:type\" content=\"article\" \/>\n<meta property=\"og:title\" content=\"\u0413\u0430\u0437\u043e\u0432\u0430\u044f \u043f\u043b\u0438\u0442\u0430 Easy Camp Tour - \u041c\u0430\u0433\u0430\u0437\u0438\u043d Xstyle\" \/>\n<meta property=\"og:description\" content=\"\u0413\u0430\u0437\u043e\u0432\u0430\u044f \u043f\u043b\u0438\u0442\u0430 Easy Camp Tour - \u0438\u0434\u0435\u0430\u043b\u044c\u043d\u044b\u0439 \u0432\u044b\u0431\u043e\u0440 \u0434\u043b\u044f \u043a\u0435\u043c\u043f\u0438\u043d\u0433\u0430. \u041a\u043e\u043c\u043f\u0430\u043a\u0442\u043d\u0430\u044f, \u0441 \u043d\u0435\u0440\u0436\u0430\u0432\u0435\u044e\u0449\u0438\u043c \u0433\u043e\u0440\u0435\u043b\u043a\u043e\u0439 \u0438 \u043d\u0430\u0434\u0435\u0436\u043d\u044b\u043c\u0438 \u043f\u043e\u0434\u0441\u0442\u0430\u0432\u043a\u0430\u043c\u0438. \u0417\u0430\u043a\u0430\u0437\u044b\u0432\u0430\u0439\u0442\u0435 \u043f\u0440\u044f\u043c\u043e \u0441\u0435\u0439\u0447\u0430\u0441!\" \/>\n<meta property=\"og:url\" content=\"https:\/\/xstyle.md\/ro\/produs\/gazovaya-plita-easy-camp-tour\/\" \/>\n<meta property=\"og:site_name\" content=\"\u041c\u0430\u0433\u0430\u0437\u0438\u043d Xstyle\" \/>\n<meta property=\"article:publisher\" content=\"https:\/\/www.facebook.com\/xstylemd\" \/>\n<meta property=\"article:modified_time\" content=\"2024-10-02T22:44:17+00:00\" \/>\n<meta property=\"og:image\" content=\"https:\/\/xstyle.md\/wp-content\/uploads\/2024\/04\/easy-camp-tour.jpg\" \/>\n\t<meta property=\"og:image:width\" content=\"1230\" \/>\n\t<meta property=\"og:image:height\" content=\"1018\" \/>\n\t<meta property=\"og:image:type\" content=\"image\/jpeg\" \/>\n<meta name=\"twitter:card\" content=\"summary_large_image\" \/>\n<meta name=\"twitter:label1\" content=\"Pre\u021b\" \/>\n\t<meta name=\"twitter:data1\" content=\"780&nbsp;MDL\" \/>\n\t<meta name=\"twitter:label2\" content=\"Disponibilitate\" \/>\n\t<meta name=\"twitter:data2\" content=\"\u00cen stoc\" \/>\n<script type=\"application\/ld+json\" class=\"yoast-schema-graph\">{\"@context\":\"https:\/\/schema.org\",\"@graph\":[{\"@type\":\"WebPage\",\"@id\":\"https:\/\/xstyle.md\/product\/gazovaya-plita-easy-camp-tour\/\",\"url\":\"https:\/\/xstyle.md\/product\/gazovaya-plita-easy-camp-tour\/\",\"name\":\"\u0413\u0430\u0437\u043e\u0432\u0430\u044f \u043f\u043b\u0438\u0442\u0430 Easy Camp Tour - \u041c\u0430\u0433\u0430\u0437\u0438\u043d Xstyle\",\"isPartOf\":{\"@id\":\"https:\/\/xstyle.md\/#website\"},\"primaryImageOfPage\":{\"@id\":\"https:\/\/xstyle.md\/product\/gazovaya-plita-easy-camp-tour\/#primaryimage\"},\"image\":{\"@id\":\"https:\/\/xstyle.md\/product\/gazovaya-plita-easy-camp-tour\/#primaryimage\"},\"thumbnailUrl\":\"https:\/\/xstyle.md\/wp-content\/uploads\/2024\/04\/easy-camp-tour.jpg\",\"datePublished\":\"2024-04-04T10:43:50+00:00\",\"dateModified\":\"2024-10-02T22:44:17+00:00\",\"description\":\"\u0413\u0430\u0437\u043e\u0432\u0430\u044f \u043f\u043b\u0438\u0442\u0430 Easy Camp Tour - \u0438\u0434\u0435\u0430\u043b\u044c\u043d\u044b\u0439 \u0432\u044b\u0431\u043e\u0440 \u0434\u043b\u044f \u043a\u0435\u043c\u043f\u0438\u043d\u0433\u0430. \u041a\u043e\u043c\u043f\u0430\u043a\u0442\u043d\u0430\u044f, \u0441 \u043d\u0435\u0440\u0436\u0430\u0432\u0435\u044e\u0449\u0438\u043c \u0433\u043e\u0440\u0435\u043b\u043a\u043e\u0439 \u0438 \u043d\u0430\u0434\u0435\u0436\u043d\u044b\u043c\u0438 \u043f\u043e\u0434\u0441\u0442\u0430\u0432\u043a\u0430\u043c\u0438. \u0417\u0430\u043a\u0430\u0437\u044b\u0432\u0430\u0439\u0442\u0435 \u043f\u0440\u044f\u043c\u043e \u0441\u0435\u0439\u0447\u0430\u0441!\",\"breadcrumb\":{\"@id\":\"https:\/\/xstyle.md\/product\/gazovaya-plita-easy-camp-tour\/#breadcrumb\"},\"inLanguage\":\"ro-RO\",\"potentialAction\":[{\"@type\":\"ReadAction\",\"target\":[\"https:\/\/xstyle.md\/product\/gazovaya-plita-easy-camp-tour\/\"]}]},{\"@type\":\"ImageObject\",\"inLanguage\":\"ro-RO\",\"@id\":\"https:\/\/xstyle.md\/product\/gazovaya-plita-easy-camp-tour\/#primaryimage\",\"url\":\"https:\/\/xstyle.md\/wp-content\/uploads\/2024\/04\/easy-camp-tour.jpg\",\"contentUrl\":\"https:\/\/xstyle.md\/wp-content\/uploads\/2024\/04\/easy-camp-tour.jpg\",\"width\":1230,\"height\":1018,\"caption\":\"\u041c\u0438\u043d\u0438\u0430\u0442\u044e\u0440\u0430 \u0433\u0430\u0437\u043e\u0432\u043e\u0439 \u043f\u043b\u0438\u0442\u044b Easy Camp Tour \u0434\u043b\u044f \u0430\u043a\u0442\u0438\u0432\u043d\u043e\u0433\u043e \u043e\u0442\u0434\u044b\u0445\u0430, \u043f\u043e\u0445\u043e\u0434\u043e\u0432 \u0438 \u043f\u0443\u0442\u0435\u0448\u0435\u0441\u0442\u0432\u0438\u0439, \u044d\u043a\u0438\u043f\u0438\u0440\u043e\u0432\u043a\u0430 \u0434\u043b\u044f \u043b\u044e\u0431\u0438\u0442\u0435\u043b\u0435\u0439 \u043a\u0435\u043c\u043f\u0438\u043d\u0433\u0430, \u0430\u043a\u0442\u0438\u0432\u043d\u0430\u044f \u0436\u0438\u0437\u043d\u044c \u0438 \u043f\u043e\u0445\u043e\u0434\u043d\u0430\u044f \u043e\u0431\u0443\u0432\u044c\"},{\"@type\":\"BreadcrumbList\",\"@id\":\"https:\/\/xstyle.md\/product\/gazovaya-plita-easy-camp-tour\/#breadcrumb\",\"itemListElement\":[{\"@type\":\"ListItem\",\"position\":1,\"name\":\"\u0413\u043b\u0430\u0432\u043d\u0430\u044f \u0441\u0442\u0440\u0430\u043d\u0438\u0446\u0430\",\"item\":\"https:\/\/xstyle.md\/\"},{\"@type\":\"ListItem\",\"position\":2,\"name\":\"\u041c\u0430\u0433\u0430\u0437\u0438\u043d\",\"item\":\"https:\/\/xstyle.md\/shop\/\"},{\"@type\":\"ListItem\",\"position\":3,\"name\":\"\u0413\u0430\u0437\u043e\u0432\u0430\u044f \u043f\u043b\u0438\u0442\u0430 Easy Camp Tour\"}]},{\"@type\":\"WebSite\",\"@id\":\"https:\/\/xstyle.md\/#website\",\"url\":\"https:\/\/xstyle.md\/\",\"name\":\"\u041c\u0430\u0433\u0430\u0437\u0438\u043d Xstyle\",\"description\":\"C\u043d\u0430\u0440\u044f\u0436\u0435\u043d\u0438\u0435 \u0434\u043b\u044f \u0442\u0443\u0440\u0438\u0437\u043c\u0430 \u0438 \u044d\u043a\u0441\u0442\u0440\u0435\u043c\u0430\u043b\u044c\u043d\u044b\u0445 \u0432\u0438\u0434\u043e\u0432 \u0441\u043f\u043e\u0440\u0442\u0430 \u0432 \u041c\u043e\u043b\u0434\u043e\u0432\u0435.. \u0426\u0435\u043d\u044b, \u0444\u043e\u0442\u043e, \u0445\u0430\u0440\u0430\u043a\u0442\u0435\u0440\u0438\u0441\u0442\u0438\u043a\u0438 \u0432 \u041c\u043e\u043b\u0434\u043e\u0432\u0435.\",\"publisher\":{\"@id\":\"https:\/\/xstyle.md\/#organization\"},\"alternateName\":\"X-Style\",\"potentialAction\":[{\"@type\":\"SearchAction\",\"target\":{\"@type\":\"EntryPoint\",\"urlTemplate\":\"https:\/\/xstyle.md\/?s={search_term_string}\"},\"query-input\":{\"@type\":\"PropertyValueSpecification\",\"valueRequired\":true,\"valueName\":\"search_term_string\"}}],\"inLanguage\":\"ro-RO\"},{\"@type\":\"Organization\",\"@id\":\"https:\/\/xstyle.md\/#organization\",\"name\":\"\u041c\u0430\u0433\u0430\u0437\u0438\u043d Xstyle\",\"alternateName\":\"x-style\",\"url\":\"https:\/\/xstyle.md\/\",\"logo\":{\"@type\":\"ImageObject\",\"inLanguage\":\"ro-RO\",\"@id\":\"https:\/\/xstyle.md\/#\/schema\/logo\/image\/\",\"url\":\"https:\/\/xstyle.md\/wp-content\/uploads\/2020\/06\/logoicon.svg\",\"contentUrl\":\"https:\/\/xstyle.md\/wp-content\/uploads\/2020\/06\/logoicon.svg\",\"caption\":\"\u041c\u0430\u0433\u0430\u0437\u0438\u043d Xstyle\"},\"image\":{\"@id\":\"https:\/\/xstyle.md\/#\/schema\/logo\/image\/\"},\"sameAs\":[\"https:\/\/www.facebook.com\/xstylemd\",\"https:\/\/www.instagram.com\/xstyle_md\/\",\"https:\/\/t.me\/xstyle_outdoor\"],\"hasMerchantReturnPolicy\":{\"@type\":\"MerchantReturnPolicy\",\"merchantReturnLink\":\"https:\/\/xstyle.md\/ro\/conditions\/\"}}]}<\/script>\n<meta property=\"product:price:amount\" content=\"780.00\" \/>\n<meta property=\"product:price:currency\" content=\"MDL\" \/>\n<meta property=\"og:availability\" content=\"instock\" \/>\n<meta property=\"product:availability\" content=\"instock\" \/>\n<meta property=\"product:retailer_item_id\" content=\"5709388126924\" \/>\n<meta property=\"product:condition\" content=\"new\" \/>\n<!-- \/ Yoast SEO plugin. -->","yoast_head_json":{"title":"Plita pe gaz Easy Camp Tour - Magazin Xstyle","description":"Plita pe gaz Easy Camp Tour - alegerea ideal\u0103 pentru camping. Compact\u0103, cu arz\u0103tor din inox \u0219i suporturi fiabile. Comand\u0103 acum!","robots":{"index":"index","follow":"follow","max-snippet":"max-snippet:-1","max-image-preview":"max-image-preview:large","max-video-preview":"max-video-preview:-1"},"canonical":"https:\/\/xstyle.md\/ro\/produs\/gazovaya-plita-easy-camp-tour\/","og_locale":"ro_RO","og_type":"article","og_title":"\u0413\u0430\u0437\u043e\u0432\u0430\u044f \u043f\u043b\u0438\u0442\u0430 Easy Camp Tour - \u041c\u0430\u0433\u0430\u0437\u0438\u043d Xstyle","og_description":"\u0413\u0430\u0437\u043e\u0432\u0430\u044f \u043f\u043b\u0438\u0442\u0430 Easy Camp Tour - \u0438\u0434\u0435\u0430\u043b\u044c\u043d\u044b\u0439 \u0432\u044b\u0431\u043e\u0440 \u0434\u043b\u044f \u043a\u0435\u043c\u043f\u0438\u043d\u0433\u0430. \u041a\u043e\u043c\u043f\u0430\u043a\u0442\u043d\u0430\u044f, \u0441 \u043d\u0435\u0440\u0436\u0430\u0432\u0435\u044e\u0449\u0438\u043c \u0433\u043e\u0440\u0435\u043b\u043a\u043e\u0439 \u0438 \u043d\u0430\u0434\u0435\u0436\u043d\u044b\u043c\u0438 \u043f\u043e\u0434\u0441\u0442\u0430\u0432\u043a\u0430\u043c\u0438. \u0417\u0430\u043a\u0430\u0437\u044b\u0432\u0430\u0439\u0442\u0435 \u043f\u0440\u044f\u043c\u043e \u0441\u0435\u0439\u0447\u0430\u0441!","og_url":"https:\/\/xstyle.md\/ro\/produs\/gazovaya-plita-easy-camp-tour\/","og_site_name":"\u041c\u0430\u0433\u0430\u0437\u0438\u043d Xstyle","article_publisher":"https:\/\/www.facebook.com\/xstylemd","article_modified_time":"2024-10-02T22:44:17+00:00","og_image":[{"width":1230,"height":1018,"url":"https:\/\/xstyle.md\/wp-content\/uploads\/2024\/04\/easy-camp-tour.jpg","type":"image\/jpeg"}],"twitter_card":"summary_large_image","twitter_misc":{"Pre\u021b":"780&nbsp;MDL","Disponibilitate":"\u00cen stoc"},"schema":{"@context":"https:\/\/schema.org","@graph":[{"@type":"WebPage","@id":"https:\/\/xstyle.md\/product\/gazovaya-plita-easy-camp-tour\/","url":"https:\/\/xstyle.md\/product\/gazovaya-plita-easy-camp-tour\/","name":"Plita pe gaz Easy Camp Tour - Magazin Xstyle","isPartOf":{"@id":"https:\/\/xstyle.md\/#website"},"primaryImageOfPage":{"@id":"https:\/\/xstyle.md\/product\/gazovaya-plita-easy-camp-tour\/#primaryimage"},"image":{"@id":"https:\/\/xstyle.md\/product\/gazovaya-plita-easy-camp-tour\/#primaryimage"},"thumbnailUrl":"https:\/\/xstyle.md\/wp-content\/uploads\/2024\/04\/easy-camp-tour.jpg","datePublished":"2024-04-04T10:43:50+00:00","dateModified":"2024-10-02T22:44:17+00:00","description":"Plita pe gaz Easy Camp Tour - alegerea ideal\u0103 pentru camping. Compact\u0103, cu arz\u0103tor din inox \u0219i suporturi fiabile. Comand\u0103 acum!","breadcrumb":{"@id":"https:\/\/xstyle.md\/product\/gazovaya-plita-easy-camp-tour\/#breadcrumb"},"inLanguage":"ro-RO","potentialAction":[{"@type":"ReadAction","target":["https:\/\/xstyle.md\/product\/gazovaya-plita-easy-camp-tour\/"]}]},{"@type":"ImageObject","inLanguage":"ro-RO","@id":"https:\/\/xstyle.md\/product\/gazovaya-plita-easy-camp-tour\/#primaryimage","url":"https:\/\/xstyle.md\/wp-content\/uploads\/2024\/04\/easy-camp-tour.jpg","contentUrl":"https:\/\/xstyle.md\/wp-content\/uploads\/2024\/04\/easy-camp-tour.jpg","width":1230,"height":1018,"caption":"\u041c\u0438\u043d\u0438\u0430\u0442\u044e\u0440\u0430 \u0433\u0430\u0437\u043e\u0432\u043e\u0439 \u043f\u043b\u0438\u0442\u044b Easy Camp Tour \u0434\u043b\u044f \u0430\u043a\u0442\u0438\u0432\u043d\u043e\u0433\u043e \u043e\u0442\u0434\u044b\u0445\u0430, \u043f\u043e\u0445\u043e\u0434\u043e\u0432 \u0438 \u043f\u0443\u0442\u0435\u0448\u0435\u0441\u0442\u0432\u0438\u0439, \u044d\u043a\u0438\u043f\u0438\u0440\u043e\u0432\u043a\u0430 \u0434\u043b\u044f \u043b\u044e\u0431\u0438\u0442\u0435\u043b\u0435\u0439 \u043a\u0435\u043c\u043f\u0438\u043d\u0433\u0430, \u0430\u043a\u0442\u0438\u0432\u043d\u0430\u044f \u0436\u0438\u0437\u043d\u044c \u0438 \u043f\u043e\u0445\u043e\u0434\u043d\u0430\u044f \u043e\u0431\u0443\u0432\u044c"},{"@type":"BreadcrumbList","@id":"https:\/\/xstyle.md\/product\/gazovaya-plita-easy-camp-tour\/#breadcrumb","itemListElement":[{"@type":"ListItem","position":1,"name":"\u0413\u043b\u0430\u0432\u043d\u0430\u044f \u0441\u0442\u0440\u0430\u043d\u0438\u0446\u0430","item":"https:\/\/xstyle.md\/"},{"@type":"ListItem","position":2,"name":"\u041c\u0430\u0433\u0430\u0437\u0438\u043d","item":"https:\/\/xstyle.md\/shop\/"},{"@type":"ListItem","position":3,"name":"\u0413\u0430\u0437\u043e\u0432\u0430\u044f \u043f\u043b\u0438\u0442\u0430 Easy Camp Tour"}]},{"@type":"WebSite","@id":"https:\/\/xstyle.md\/#website","url":"https:\/\/xstyle.md\/","name":"Magazinul X-Style","description":"Echipamente pentru turism \u0219i sporturi extreme \u00een Moldova. Pre\u021buri, fotografii, caracteristici \u00een Moldova.","publisher":{"@id":"https:\/\/xstyle.md\/#organization"},"alternateName":"X-Style","potentialAction":[{"@type":"SearchAction","target":{"@type":"EntryPoint","urlTemplate":"https:\/\/xstyle.md\/?s={search_term_string}"},"query-input":{"@type":"PropertyValueSpecification","valueRequired":true,"valueName":"search_term_string"}}],"inLanguage":"ro-RO"},{"@type":"Organization","@id":"https:\/\/xstyle.md\/#organization","name":"Magazinul X-Style","alternateName":"x-style","url":"https:\/\/xstyle.md\/","logo":{"@type":"ImageObject","inLanguage":"ro-RO","@id":"https:\/\/xstyle.md\/#\/schema\/logo\/image\/","url":"https:\/\/xstyle.md\/wp-content\/uploads\/2020\/06\/logoicon.svg","contentUrl":"https:\/\/xstyle.md\/wp-content\/uploads\/2020\/06\/logoicon.svg","caption":"\u041c\u0430\u0433\u0430\u0437\u0438\u043d Xstyle"},"image":{"@id":"https:\/\/xstyle.md\/#\/schema\/logo\/image\/"},"sameAs":["https:\/\/www.facebook.com\/xstylemd","https:\/\/www.instagram.com\/xstyle_md\/","https:\/\/t.me\/xstyle_outdoor"],"hasMerchantReturnPolicy":{"@type":"MerchantReturnPolicy","merchantReturnLink":"https:\/\/xstyle.md\/ro\/conditions\/"}}]},"product_price_amount":"780.00","product_price_currency":"MDL","og_availability":"instock","product_availability":"instock","product_retailer_item_id":"5709388126924","product_condition":"new"},"post_mailing_queue_ids":[],"_links":{"self":[{"href":"https:\/\/xstyle.md\/ro\/wp-json\/wp\/v2\/product\/81324","targetHints":{"allow":["GET"]}}],"collection":[{"href":"https:\/\/xstyle.md\/ro\/wp-json\/wp\/v2\/product"}],"about":[{"href":"https:\/\/xstyle.md\/ro\/wp-json\/wp\/v2\/types\/product"}],"replies":[{"embeddable":true,"href":"https:\/\/xstyle.md\/ro\/wp-json\/wp\/v2\/comments?post=81324"}],"wp:featuredmedia":[{"embeddable":true,"href":"https:\/\/xstyle.md\/ro\/wp-json\/wp\/v2\/media\/81907"}],"wp:attachment":[{"href":"https:\/\/xstyle.md\/ro\/wp-json\/wp\/v2\/media?parent=81324"}],"wp:term":[{"taxonomy":"product_brand","embeddable":true,"href":"https:\/\/xstyle.md\/ro\/wp-json\/wp\/v2\/product_brand?post=81324"},{"taxonomy":"product_cat","embeddable":true,"href":"https:\/\/xstyle.md\/ro\/wp-json\/wp\/v2\/product_cat?post=81324"},{"taxonomy":"product_tag","embeddable":true,"href":"https:\/\/xstyle.md\/ro\/wp-json\/wp\/v2\/product_tag?post=81324"}],"curies":[{"name":"wp","href":"https:\/\/api.w.org\/{rel}","templated":true}]}}