{"id":81303,"date":"2024-04-04T13:43:38","date_gmt":"2024-04-04T10:43:38","guid":{"rendered":"https:\/\/xstyle.md\/?post_type=product&#038;p=81303"},"modified":"2025-11-19T13:54:57","modified_gmt":"2025-11-19T10:54:57","slug":"derzhatel-shlema-deuter-helmet-cover-black","status":"publish","type":"product","link":"https:\/\/xstyle.md\/ro\/produs\/derzhatel-shlema-deuter-helmet-cover-black\/","title":{"rendered":"Hus\u0103 protectoare casc\u0103 Deuter Helmet Cover black"},"content":{"rendered":"<\/p>\n<p><strong>Deuter Helmet Cover black<\/strong> &#8212; pelirina pentru casc\u0103 fabricat din \u021bes\u0103tur\u0103 de nailon pl\u0103cut\u0103, moale, respirabil\u0103, rezistent\u0103 la ap\u0103 \u0219i cu uscare rapid\u0103. Caracteristici suplimentare: robust \u0219i durabil. Materialul nu este tratat cu substan\u021be chimice perfluorurate sau polifluorurate (PFC).<\/p>\n<h3>Particularit\u0103\u021bi<\/h3>\n<ul>\n<li>Reflectoare pentru o mai bun\u0103 vizibilitate<\/li>\n<li>F\u0103r\u0103 PFU<\/li>\n<\/ul>\n<h3>Caracteristici<\/h3>\n<ul>\n<li>Material &#8212; 70D PA<\/li>\n<li>Dimensiuni &#8212; 16 x 20 x 28 cm<\/li>\n<li>Greutate &#8212; 25 g<\/li>\n<\/ul>\n<h3>Marca<\/h3>\n<p>Deuter este o marc\u0103 german\u0103 de gen\u021bi de sport \u0219i gen\u021bi pentru drume\u021bii, trekking, sporturi de iarn\u0103 \u0219i alte scopuri. Istoria companiei dateaz\u0103 de mai bine de 100 de ani: fondat\u0103 de Hans Deuter \u00een 1898, la \u00eenceputul secolului XX Deuter furniza deja saci po\u0219tali pentru Po\u0219ta Regal\u0103 Bavarez\u0103, iar \u00een anii 1910 &#8212; rucsacuri, gen\u021bi, curele \u0219i corturi pentru armat\u0103.<\/p>\n<p>Fiind unul dintre cei mai importan\u021bi produc\u0103tori de rucsacuri, Deuter a cooperat \u00eentotdeauna cu alpini\u0219ti experimenta\u021bi, care \u00eemp\u0103rt\u0103\u0219esc din experien\u021ba \u0219i cuno\u0219tin\u021bele lor bogate. Deuter nu se opre\u0219te la rezultatele ob\u021binute, lucr\u00e2nd \u00een mod constant la calitate \u0219i la \u00eembun\u0103t\u0103\u021birea produselor sale. Speciali\u0219tii companiei sunt mereu \u00een c\u0103utare de noi solu\u021bii tehnice care s\u0103 v\u0103 asigure confortul \u0219i siguran\u021ba.<\/p>\n<p><\/p>","protected":false},"excerpt":{"rendered":"","protected":false},"featured_media":82239,"comment_status":"open","ping_status":"closed","template":"","meta":{"_acf_changed":false,"inline_featured_image":false},"product_brand":[1261],"product_cat":[338],"product_tag":[],"class_list":{"0":"post-81303","1":"product","2":"type-product","3":"status-publish","4":"has-post-thumbnail","6":"product_brand-deuter","7":"product_cat-backpack-accessories","9":"first","10":"instock","11":"shipping-taxable","12":"purchasable","13":"product-type-simple"},"acf":[],"yoast_head":"<!-- This site is optimized with the Yoast SEO plugin v27.2 - https:\/\/yoast.com\/product\/yoast-seo-wordpress\/ -->\n<title>\u0427\u0435\u0445\u043e\u043b \u0448\u043b\u0435\u043c\u0430 Deuter Helmet Cover black - \u041c\u0430\u0433\u0430\u0437\u0438\u043d Xstyle<\/title>\n<meta name=\"description\" content=\"\u041a\u0443\u043f\u0438\u0442\u0435 \u0447\u0435\u0440\u043d\u044b\u0439 \u0434\u0435\u0440\u0436\u0430\u0442\u0435\u043b\u044c \u0448\u043b\u0435\u043c\u0430 Deuter! \u0418\u0437\u0433\u043e\u0442\u043e\u0432\u043b\u0435\u043d \u0438\u0437 \u0432\u043e\u0434\u043e\u043e\u0442\u0442\u0430\u043b\u043a\u0438\u0432\u0430\u044e\u0449\u0435\u0433\u043e, \u0434\u044b\u0448\u0430\u0449\u0435\u0433\u043e \u043d\u0435\u0439\u043b\u043e\u043d\u0430 \u0441 \u043e\u0442\u0440\u0430\u0436\u0430\u0442\u0435\u043b\u044f\u043c\u0438 \u0434\u043b\u044f \u0431\u0435\u0437\u043e\u043f\u0430\u0441\u043d\u043e\u0441\u0442\u0438. \u0418\u0434\u0435\u0430\u043b\u0435\u043d \u0434\u043b\u044f \u0430\u043a\u0442\u0438\u0432\u043d\u043e\u0433\u043e \u043e\u0442\u0434\u044b\u0445\u0430!\" \/>\n<meta name=\"robots\" content=\"index, follow, max-snippet:-1, max-image-preview:large, max-video-preview:-1\" \/>\n<link rel=\"canonical\" href=\"https:\/\/xstyle.md\/ro\/produs\/derzhatel-shlema-deuter-helmet-cover-black\/\" \/>\n<meta property=\"og:locale\" content=\"ro_RO\" \/>\n<meta property=\"og:type\" content=\"article\" \/>\n<meta property=\"og:title\" content=\"\u0427\u0435\u0445\u043e\u043b \u0448\u043b\u0435\u043c\u0430 Deuter Helmet Cover black - \u041c\u0430\u0433\u0430\u0437\u0438\u043d Xstyle\" \/>\n<meta property=\"og:description\" content=\"\u041a\u0443\u043f\u0438\u0442\u0435 \u0447\u0435\u0440\u043d\u044b\u0439 \u0434\u0435\u0440\u0436\u0430\u0442\u0435\u043b\u044c \u0448\u043b\u0435\u043c\u0430 Deuter! \u0418\u0437\u0433\u043e\u0442\u043e\u0432\u043b\u0435\u043d \u0438\u0437 \u0432\u043e\u0434\u043e\u043e\u0442\u0442\u0430\u043b\u043a\u0438\u0432\u0430\u044e\u0449\u0435\u0433\u043e, \u0434\u044b\u0448\u0430\u0449\u0435\u0433\u043e \u043d\u0435\u0439\u043b\u043e\u043d\u0430 \u0441 \u043e\u0442\u0440\u0430\u0436\u0430\u0442\u0435\u043b\u044f\u043c\u0438 \u0434\u043b\u044f \u0431\u0435\u0437\u043e\u043f\u0430\u0441\u043d\u043e\u0441\u0442\u0438. \u0418\u0434\u0435\u0430\u043b\u0435\u043d \u0434\u043b\u044f \u0430\u043a\u0442\u0438\u0432\u043d\u043e\u0433\u043e \u043e\u0442\u0434\u044b\u0445\u0430!\" \/>\n<meta property=\"og:url\" content=\"https:\/\/xstyle.md\/ro\/produs\/derzhatel-shlema-deuter-helmet-cover-black\/\" \/>\n<meta property=\"og:site_name\" content=\"\u041c\u0430\u0433\u0430\u0437\u0438\u043d Xstyle\" \/>\n<meta property=\"article:publisher\" content=\"https:\/\/www.facebook.com\/xstylemd\" \/>\n<meta property=\"article:modified_time\" content=\"2025-11-19T10:54:57+00:00\" \/>\n<meta property=\"og:image\" content=\"https:\/\/xstyle.md\/wp-content\/uploads\/2024\/04\/deuter-helmet-cover-black.jpg\" \/>\n\t<meta property=\"og:image:width\" content=\"1895\" \/>\n\t<meta property=\"og:image:height\" content=\"1920\" \/>\n\t<meta property=\"og:image:type\" content=\"image\/jpeg\" \/>\n<meta name=\"twitter:card\" content=\"summary_large_image\" \/>\n<meta name=\"twitter:label1\" content=\"Pre\u021b\" \/>\n\t<meta name=\"twitter:data1\" content=\"310&nbsp;MDL\" \/>\n\t<meta name=\"twitter:label2\" content=\"Disponibilitate\" \/>\n\t<meta name=\"twitter:data2\" content=\"\u00cen stoc\" \/>\n<script type=\"application\/ld+json\" class=\"yoast-schema-graph\">{\"@context\":\"https:\/\/schema.org\",\"@graph\":[{\"@type\":\"WebPage\",\"@id\":\"https:\/\/xstyle.md\/product\/derzhatel-shlema-deuter-helmet-cover-black\/\",\"url\":\"https:\/\/xstyle.md\/product\/derzhatel-shlema-deuter-helmet-cover-black\/\",\"name\":\"\u0427\u0435\u0445\u043e\u043b \u0448\u043b\u0435\u043c\u0430 Deuter Helmet Cover black - \u041c\u0430\u0433\u0430\u0437\u0438\u043d Xstyle\",\"isPartOf\":{\"@id\":\"https:\/\/xstyle.md\/#website\"},\"primaryImageOfPage\":{\"@id\":\"https:\/\/xstyle.md\/product\/derzhatel-shlema-deuter-helmet-cover-black\/#primaryimage\"},\"image\":{\"@id\":\"https:\/\/xstyle.md\/product\/derzhatel-shlema-deuter-helmet-cover-black\/#primaryimage\"},\"thumbnailUrl\":\"https:\/\/xstyle.md\/wp-content\/uploads\/2024\/04\/deuter-helmet-cover-black.jpg\",\"datePublished\":\"2024-04-04T10:43:38+00:00\",\"dateModified\":\"2025-11-19T10:54:57+00:00\",\"description\":\"\u041a\u0443\u043f\u0438\u0442\u0435 \u0447\u0435\u0440\u043d\u044b\u0439 \u0434\u0435\u0440\u0436\u0430\u0442\u0435\u043b\u044c \u0448\u043b\u0435\u043c\u0430 Deuter! \u0418\u0437\u0433\u043e\u0442\u043e\u0432\u043b\u0435\u043d \u0438\u0437 \u0432\u043e\u0434\u043e\u043e\u0442\u0442\u0430\u043b\u043a\u0438\u0432\u0430\u044e\u0449\u0435\u0433\u043e, \u0434\u044b\u0448\u0430\u0449\u0435\u0433\u043e \u043d\u0435\u0439\u043b\u043e\u043d\u0430 \u0441 \u043e\u0442\u0440\u0430\u0436\u0430\u0442\u0435\u043b\u044f\u043c\u0438 \u0434\u043b\u044f \u0431\u0435\u0437\u043e\u043f\u0430\u0441\u043d\u043e\u0441\u0442\u0438. \u0418\u0434\u0435\u0430\u043b\u0435\u043d \u0434\u043b\u044f \u0430\u043a\u0442\u0438\u0432\u043d\u043e\u0433\u043e \u043e\u0442\u0434\u044b\u0445\u0430!\",\"breadcrumb\":{\"@id\":\"https:\/\/xstyle.md\/product\/derzhatel-shlema-deuter-helmet-cover-black\/#breadcrumb\"},\"inLanguage\":\"ro-RO\",\"potentialAction\":[{\"@type\":\"ReadAction\",\"target\":[\"https:\/\/xstyle.md\/product\/derzhatel-shlema-deuter-helmet-cover-black\/\"]}]},{\"@type\":\"ImageObject\",\"inLanguage\":\"ro-RO\",\"@id\":\"https:\/\/xstyle.md\/product\/derzhatel-shlema-deuter-helmet-cover-black\/#primaryimage\",\"url\":\"https:\/\/xstyle.md\/wp-content\/uploads\/2024\/04\/deuter-helmet-cover-black.jpg\",\"contentUrl\":\"https:\/\/xstyle.md\/wp-content\/uploads\/2024\/04\/deuter-helmet-cover-black.jpg\",\"width\":1895,\"height\":1920,\"caption\":\"\u0427\u0451\u0440\u043d\u044b\u0439 \u0447\u0435\u0445\u043e\u043b \u0434\u043b\u044f \u0448\u043b\u0435\u043c\u0430 Deuter \u0434\u043b\u044f \u0430\u043a\u0442\u0438\u0432\u043d\u043e\u0433\u043e \u043e\u0442\u0434\u044b\u0445\u0430 \u0441\u043f\u043e\u0440\u0442\u0438\u0432\u043d\u043e\u0439 \u043e\u0434\u0435\u0436\u0434\u044b \u043e\u0431\u0443\u0432\u0438 \u0434\u043b\u044f \u043f\u0443\u0442\u0435\u0448\u0435\u0441\u0442\u0432\u0438\u0439 \u043f\u043e\u0445\u043e\u0434\u043e\u0432 \u0438 \u0430\u043b\u044c\u043f\u0438\u043d\u0438\u0437\u043c\u0430 \u043d\u0430 \u0441\u0430\u0439\u0442\u0435 \u043e\u043d\u043b\u0430\u0439\u043d-\u043c\u0430\u0433\u0430\u0437\u0438\u043d\u0430 \u0442\u043e\u0432\u0430\u0440\u043e\u0432 \u0434\u043b\u044f \u0430\u043a\u0442\u0438\u0432\u043d\u043e\u0439 \u0436\u0438\u0437\u043d\u0438\"},{\"@type\":\"BreadcrumbList\",\"@id\":\"https:\/\/xstyle.md\/product\/derzhatel-shlema-deuter-helmet-cover-black\/#breadcrumb\",\"itemListElement\":[{\"@type\":\"ListItem\",\"position\":1,\"name\":\"\u0413\u043b\u0430\u0432\u043d\u0430\u044f \u0441\u0442\u0440\u0430\u043d\u0438\u0446\u0430\",\"item\":\"https:\/\/xstyle.md\/\"},{\"@type\":\"ListItem\",\"position\":2,\"name\":\"\u041c\u0430\u0433\u0430\u0437\u0438\u043d\",\"item\":\"https:\/\/xstyle.md\/shop\/\"},{\"@type\":\"ListItem\",\"position\":3,\"name\":\"\u0427\u0435\u0445\u043e\u043b \u0448\u043b\u0435\u043c\u0430 Deuter Helmet Cover black\"}]},{\"@type\":\"WebSite\",\"@id\":\"https:\/\/xstyle.md\/#website\",\"url\":\"https:\/\/xstyle.md\/\",\"name\":\"\u041c\u0430\u0433\u0430\u0437\u0438\u043d Xstyle\",\"description\":\"C\u043d\u0430\u0440\u044f\u0436\u0435\u043d\u0438\u0435 \u0434\u043b\u044f \u0442\u0443\u0440\u0438\u0437\u043c\u0430 \u0438 \u044d\u043a\u0441\u0442\u0440\u0435\u043c\u0430\u043b\u044c\u043d\u044b\u0445 \u0432\u0438\u0434\u043e\u0432 \u0441\u043f\u043e\u0440\u0442\u0430 \u0432 \u041c\u043e\u043b\u0434\u043e\u0432\u0435.. \u0426\u0435\u043d\u044b, \u0444\u043e\u0442\u043e, \u0445\u0430\u0440\u0430\u043a\u0442\u0435\u0440\u0438\u0441\u0442\u0438\u043a\u0438 \u0432 \u041c\u043e\u043b\u0434\u043e\u0432\u0435.\",\"publisher\":{\"@id\":\"https:\/\/xstyle.md\/#organization\"},\"alternateName\":\"X-Style\",\"potentialAction\":[{\"@type\":\"SearchAction\",\"target\":{\"@type\":\"EntryPoint\",\"urlTemplate\":\"https:\/\/xstyle.md\/?s={search_term_string}\"},\"query-input\":{\"@type\":\"PropertyValueSpecification\",\"valueRequired\":true,\"valueName\":\"search_term_string\"}}],\"inLanguage\":\"ro-RO\"},{\"@type\":\"Organization\",\"@id\":\"https:\/\/xstyle.md\/#organization\",\"name\":\"\u041c\u0430\u0433\u0430\u0437\u0438\u043d Xstyle\",\"alternateName\":\"x-style\",\"url\":\"https:\/\/xstyle.md\/\",\"logo\":{\"@type\":\"ImageObject\",\"inLanguage\":\"ro-RO\",\"@id\":\"https:\/\/xstyle.md\/#\/schema\/logo\/image\/\",\"url\":\"https:\/\/xstyle.md\/wp-content\/uploads\/2020\/06\/logoicon.svg\",\"contentUrl\":\"https:\/\/xstyle.md\/wp-content\/uploads\/2020\/06\/logoicon.svg\",\"caption\":\"\u041c\u0430\u0433\u0430\u0437\u0438\u043d Xstyle\"},\"image\":{\"@id\":\"https:\/\/xstyle.md\/#\/schema\/logo\/image\/\"},\"sameAs\":[\"https:\/\/www.facebook.com\/xstylemd\",\"https:\/\/www.instagram.com\/xstyle_md\/\",\"https:\/\/t.me\/xstyle_outdoor\"],\"hasMerchantReturnPolicy\":{\"@type\":\"MerchantReturnPolicy\",\"merchantReturnLink\":\"https:\/\/xstyle.md\/ro\/conditions\/\"}}]}<\/script>\n<meta property=\"product:price:amount\" content=\"310.00\" \/>\n<meta property=\"product:price:currency\" content=\"MDL\" \/>\n<meta property=\"og:availability\" content=\"instock\" \/>\n<meta property=\"product:availability\" content=\"instock\" \/>\n<meta property=\"product:retailer_item_id\" content=\"4046051130019\" \/>\n<meta property=\"product:condition\" content=\"new\" \/>\n<!-- \/ Yoast SEO plugin. -->","yoast_head_json":{"title":"\u0427\u0435\u0445\u043e\u043b \u0448\u043b\u0435\u043c\u0430 Deuter Helmet Cover black - \u041c\u0430\u0433\u0430\u0437\u0438\u043d Xstyle","description":"Cump\u0103ra\u021bi suportul negru pentru casc\u0103 Deuter! Fabricat din nylon rezistent la ap\u0103 \u0219i respirabil, cu reflectoare pentru siguran\u021b\u0103. Ideal pentru activit\u0103\u021bi recreative!","robots":{"index":"index","follow":"follow","max-snippet":"max-snippet:-1","max-image-preview":"max-image-preview:large","max-video-preview":"max-video-preview:-1"},"canonical":"https:\/\/xstyle.md\/ro\/produs\/derzhatel-shlema-deuter-helmet-cover-black\/","og_locale":"ro_RO","og_type":"article","og_title":"\u0427\u0435\u0445\u043e\u043b \u0448\u043b\u0435\u043c\u0430 Deuter Helmet Cover black - \u041c\u0430\u0433\u0430\u0437\u0438\u043d Xstyle","og_description":"\u041a\u0443\u043f\u0438\u0442\u0435 \u0447\u0435\u0440\u043d\u044b\u0439 \u0434\u0435\u0440\u0436\u0430\u0442\u0435\u043b\u044c \u0448\u043b\u0435\u043c\u0430 Deuter! \u0418\u0437\u0433\u043e\u0442\u043e\u0432\u043b\u0435\u043d \u0438\u0437 \u0432\u043e\u0434\u043e\u043e\u0442\u0442\u0430\u043b\u043a\u0438\u0432\u0430\u044e\u0449\u0435\u0433\u043e, \u0434\u044b\u0448\u0430\u0449\u0435\u0433\u043e \u043d\u0435\u0439\u043b\u043e\u043d\u0430 \u0441 \u043e\u0442\u0440\u0430\u0436\u0430\u0442\u0435\u043b\u044f\u043c\u0438 \u0434\u043b\u044f \u0431\u0435\u0437\u043e\u043f\u0430\u0441\u043d\u043e\u0441\u0442\u0438. \u0418\u0434\u0435\u0430\u043b\u0435\u043d \u0434\u043b\u044f \u0430\u043a\u0442\u0438\u0432\u043d\u043e\u0433\u043e \u043e\u0442\u0434\u044b\u0445\u0430!","og_url":"https:\/\/xstyle.md\/ro\/produs\/derzhatel-shlema-deuter-helmet-cover-black\/","og_site_name":"\u041c\u0430\u0433\u0430\u0437\u0438\u043d Xstyle","article_publisher":"https:\/\/www.facebook.com\/xstylemd","article_modified_time":"2025-11-19T10:54:57+00:00","og_image":[{"width":1895,"height":1920,"url":"https:\/\/xstyle.md\/wp-content\/uploads\/2024\/04\/deuter-helmet-cover-black.jpg","type":"image\/jpeg"}],"twitter_card":"summary_large_image","twitter_misc":{"Pre\u021b":"310&nbsp;MDL","Disponibilitate":"\u00cen stoc"},"schema":{"@context":"https:\/\/schema.org","@graph":[{"@type":"WebPage","@id":"https:\/\/xstyle.md\/product\/derzhatel-shlema-deuter-helmet-cover-black\/","url":"https:\/\/xstyle.md\/product\/derzhatel-shlema-deuter-helmet-cover-black\/","name":"\u0427\u0435\u0445\u043e\u043b \u0448\u043b\u0435\u043c\u0430 Deuter Helmet Cover black - \u041c\u0430\u0433\u0430\u0437\u0438\u043d Xstyle","isPartOf":{"@id":"https:\/\/xstyle.md\/#website"},"primaryImageOfPage":{"@id":"https:\/\/xstyle.md\/product\/derzhatel-shlema-deuter-helmet-cover-black\/#primaryimage"},"image":{"@id":"https:\/\/xstyle.md\/product\/derzhatel-shlema-deuter-helmet-cover-black\/#primaryimage"},"thumbnailUrl":"https:\/\/xstyle.md\/wp-content\/uploads\/2024\/04\/deuter-helmet-cover-black.jpg","datePublished":"2024-04-04T10:43:38+00:00","dateModified":"2025-11-19T10:54:57+00:00","description":"Cump\u0103ra\u021bi suportul negru pentru casc\u0103 Deuter! Fabricat din nylon rezistent la ap\u0103 \u0219i respirabil, cu reflectoare pentru siguran\u021b\u0103. Ideal pentru activit\u0103\u021bi recreative!","breadcrumb":{"@id":"https:\/\/xstyle.md\/product\/derzhatel-shlema-deuter-helmet-cover-black\/#breadcrumb"},"inLanguage":"ro-RO","potentialAction":[{"@type":"ReadAction","target":["https:\/\/xstyle.md\/product\/derzhatel-shlema-deuter-helmet-cover-black\/"]}]},{"@type":"ImageObject","inLanguage":"ro-RO","@id":"https:\/\/xstyle.md\/product\/derzhatel-shlema-deuter-helmet-cover-black\/#primaryimage","url":"https:\/\/xstyle.md\/wp-content\/uploads\/2024\/04\/deuter-helmet-cover-black.jpg","contentUrl":"https:\/\/xstyle.md\/wp-content\/uploads\/2024\/04\/deuter-helmet-cover-black.jpg","width":1895,"height":1920,"caption":"\u0427\u0451\u0440\u043d\u044b\u0439 \u0447\u0435\u0445\u043e\u043b \u0434\u043b\u044f \u0448\u043b\u0435\u043c\u0430 Deuter \u0434\u043b\u044f \u0430\u043a\u0442\u0438\u0432\u043d\u043e\u0433\u043e \u043e\u0442\u0434\u044b\u0445\u0430 \u0441\u043f\u043e\u0440\u0442\u0438\u0432\u043d\u043e\u0439 \u043e\u0434\u0435\u0436\u0434\u044b \u043e\u0431\u0443\u0432\u0438 \u0434\u043b\u044f \u043f\u0443\u0442\u0435\u0448\u0435\u0441\u0442\u0432\u0438\u0439 \u043f\u043e\u0445\u043e\u0434\u043e\u0432 \u0438 \u0430\u043b\u044c\u043f\u0438\u043d\u0438\u0437\u043c\u0430 \u043d\u0430 \u0441\u0430\u0439\u0442\u0435 \u043e\u043d\u043b\u0430\u0439\u043d-\u043c\u0430\u0433\u0430\u0437\u0438\u043d\u0430 \u0442\u043e\u0432\u0430\u0440\u043e\u0432 \u0434\u043b\u044f \u0430\u043a\u0442\u0438\u0432\u043d\u043e\u0439 \u0436\u0438\u0437\u043d\u0438"},{"@type":"BreadcrumbList","@id":"https:\/\/xstyle.md\/product\/derzhatel-shlema-deuter-helmet-cover-black\/#breadcrumb","itemListElement":[{"@type":"ListItem","position":1,"name":"\u0413\u043b\u0430\u0432\u043d\u0430\u044f \u0441\u0442\u0440\u0430\u043d\u0438\u0446\u0430","item":"https:\/\/xstyle.md\/"},{"@type":"ListItem","position":2,"name":"\u041c\u0430\u0433\u0430\u0437\u0438\u043d","item":"https:\/\/xstyle.md\/shop\/"},{"@type":"ListItem","position":3,"name":"\u0427\u0435\u0445\u043e\u043b \u0448\u043b\u0435\u043c\u0430 Deuter Helmet Cover black"}]},{"@type":"WebSite","@id":"https:\/\/xstyle.md\/#website","url":"https:\/\/xstyle.md\/","name":"Magazinul X-Style","description":"Echipamente pentru turism \u0219i sporturi extreme \u00een Moldova. Pre\u021buri, fotografii, caracteristici \u00een Moldova.","publisher":{"@id":"https:\/\/xstyle.md\/#organization"},"alternateName":"X-Style","potentialAction":[{"@type":"SearchAction","target":{"@type":"EntryPoint","urlTemplate":"https:\/\/xstyle.md\/?s={search_term_string}"},"query-input":{"@type":"PropertyValueSpecification","valueRequired":true,"valueName":"search_term_string"}}],"inLanguage":"ro-RO"},{"@type":"Organization","@id":"https:\/\/xstyle.md\/#organization","name":"Magazinul X-Style","alternateName":"x-style","url":"https:\/\/xstyle.md\/","logo":{"@type":"ImageObject","inLanguage":"ro-RO","@id":"https:\/\/xstyle.md\/#\/schema\/logo\/image\/","url":"https:\/\/xstyle.md\/wp-content\/uploads\/2020\/06\/logoicon.svg","contentUrl":"https:\/\/xstyle.md\/wp-content\/uploads\/2020\/06\/logoicon.svg","caption":"\u041c\u0430\u0433\u0430\u0437\u0438\u043d Xstyle"},"image":{"@id":"https:\/\/xstyle.md\/#\/schema\/logo\/image\/"},"sameAs":["https:\/\/www.facebook.com\/xstylemd","https:\/\/www.instagram.com\/xstyle_md\/","https:\/\/t.me\/xstyle_outdoor"],"hasMerchantReturnPolicy":{"@type":"MerchantReturnPolicy","merchantReturnLink":"https:\/\/xstyle.md\/ro\/conditions\/"}}]},"product_price_amount":"310.00","product_price_currency":"MDL","og_availability":"instock","product_availability":"instock","product_retailer_item_id":"4046051130019","product_condition":"new"},"post_mailing_queue_ids":[],"_links":{"self":[{"href":"https:\/\/xstyle.md\/ro\/wp-json\/wp\/v2\/product\/81303","targetHints":{"allow":["GET"]}}],"collection":[{"href":"https:\/\/xstyle.md\/ro\/wp-json\/wp\/v2\/product"}],"about":[{"href":"https:\/\/xstyle.md\/ro\/wp-json\/wp\/v2\/types\/product"}],"replies":[{"embeddable":true,"href":"https:\/\/xstyle.md\/ro\/wp-json\/wp\/v2\/comments?post=81303"}],"wp:featuredmedia":[{"embeddable":true,"href":"https:\/\/xstyle.md\/ro\/wp-json\/wp\/v2\/media\/82239"}],"wp:attachment":[{"href":"https:\/\/xstyle.md\/ro\/wp-json\/wp\/v2\/media?parent=81303"}],"wp:term":[{"taxonomy":"product_brand","embeddable":true,"href":"https:\/\/xstyle.md\/ro\/wp-json\/wp\/v2\/product_brand?post=81303"},{"taxonomy":"product_cat","embeddable":true,"href":"https:\/\/xstyle.md\/ro\/wp-json\/wp\/v2\/product_cat?post=81303"},{"taxonomy":"product_tag","embeddable":true,"href":"https:\/\/xstyle.md\/ro\/wp-json\/wp\/v2\/product_tag?post=81303"}],"curies":[{"name":"wp","href":"https:\/\/api.w.org\/{rel}","templated":true}]}}