{"id":81292,"date":"2024-04-04T13:43:36","date_gmt":"2024-04-04T10:43:36","guid":{"rendered":"https:\/\/xstyle.md\/?post_type=product&#038;p=81292"},"modified":"2026-03-19T17:18:43","modified_gmt":"2026-03-19T14:18:43","slug":"fonar-lezyne-strip-drive-300","status":"publish","type":"product","link":"https:\/\/xstyle.md\/ro\/produs\/fonar-lezyne-strip-drive-300\/","title":{"rendered":"Lantern\u0103 Lezyne Strip Drive 300+"},"content":{"rendered":"<\/p>\n<p><strong>Lezyne Strip Drive 300+<\/strong> &#8212; lumina din spate este una dintre cele mai luminoase din clasa sa. Cu o luminozitate maxim\u0103 de 300 lm, poate fi folosit\u0103 cu \u00eencredere \u00een timpul zilei pentru a v\u0103 identifica pe drum. Optica modern\u0103 v\u0103 permite s\u0103 dispersa\u021bi lumina la 270 de grade, oferind o vizibilitate excelent\u0103 din toate p\u0103r\u021bile.<\/p>\n<p>Lumina din spate are un total de 11 moduri de iluminare \u0219i nu ve\u021bi avea probleme \u00een a-l g\u0103si pe cel potrivit pentru condi\u021biile dumneavoastr\u0103. Datorit\u0103 memoriei, bli\u021bul se va porni \u00een modul \u00een care a fost oprit. Durata de str\u0103lucire ajunge la 53 de ore, iar timpul de \u00eenc\u0103rcare a bateriei este de 2 ore. Re\u00eenc\u0103rcarea se face prin intermediul portului Micro USB.<\/p>\n<p>Forma suportului permite ca bli\u021bul s\u0103 fie montat at\u00e2t pe un tub de \u0219a rotund standard, c\u00e2t \u0219i pe un tub cu profil aerodinamic.<\/p>\n<h3>Caracteristici<\/h3>\n<ul>\n<li>Material &#8212; plastic rezistent la impact, material compozit<\/li>\n<li>Num\u0103r de diode &#8212; 5<\/li>\n<li>Luminozitate &#8212; 300 de lumeni<\/li>\n<li>\u00cenc\u0103rcare &#8212; Micro USB<\/li>\n<li>Timp de \u00eenc\u0103rcare &#8212; 2 ore<\/li>\n<li>Timp de lucru &#8212; 53 de ore<\/li>\n<li>Greutate &#8212; 53 g<\/li>\n<\/ul>\n<h3>Marca<\/h3>\n<p>Lezyne este o marc\u0103 american\u0103 global\u0103 de accesorii pentru biciclete, computere \u0219i sisteme optice u\u0219oare. Compania a fost fondat\u0103 de triatlonistul Mickey Kotsuszek \u00een 2007. De atunci, Lezyne a stabilit un nou standard \u00een produc\u021bia de accesorii premium, de \u00eenalt\u0103 calitate, care \u00eendeplinesc criteriile segmentului de top din industria ciclist\u0103. \u201eEngineered Design\u201d este principalul slogan al m\u0103rcii.<\/p>\n<p>Din 2011, marca Lezyne s-a prezentat lumii \u00eentr-o nou\u0103 \u201elumin\u0103\u201d: \u00een c\u00e2\u021biva ani, compania a devenit lider mondial \u00een produc\u021bia de optici u\u0219oare de diferite puteri. \u00cen 2017, compania a lansat optice cu marcaje laser, care au f\u0103cut ca deplasarea \u00een ora\u0219 \u0219i pe str\u0103zile \u00eentunecate s\u0103 fie mai sigur\u0103.<\/p>\n<p><\/p>","protected":false},"excerpt":{"rendered":"","protected":false},"featured_media":81970,"comment_status":"open","ping_status":"closed","template":"","meta":{"_acf_changed":false,"inline_featured_image":false},"product_brand":[1364],"product_cat":[502],"product_tag":[],"class_list":{"0":"post-81292","1":"product","2":"type-product","3":"status-publish","4":"has-post-thumbnail","6":"product_brand-lezyne","7":"product_cat-bicycle-lights","9":"first","10":"instock","11":"shipping-taxable","12":"purchasable","13":"product-type-simple"},"acf":[],"yoast_head":"<!-- This site is optimized with the Yoast SEO plugin v27.2 - https:\/\/yoast.com\/product\/yoast-seo-wordpress\/ -->\n<title>\u0424\u043e\u043d\u0430\u0440\u044c Lezyne Strip Drive 300+ - \u041c\u0430\u0433\u0430\u0437\u0438\u043d Xstyle<\/title>\n<meta name=\"description\" content=\"\u0424\u043e\u043d\u0430\u0440\u044c Lezyne Strip Drive 300+ - \u044f\u0440\u043a\u043e\u0441\u0442\u044c 300 \u043b\u043c, \u0432\u044b\u0441\u043e\u043a\u0430\u044f \u0432\u0438\u0434\u0438\u043c\u043e\u0441\u0442\u044c \u043d\u0430 \u0434\u043e\u0440\u043e\u0433\u0435. \u0418\u0434\u0435\u0430\u043b\u0435\u043d \u0434\u043b\u044f \u0431\u0435\u0437\u043e\u043f\u0430\u0441\u043d\u043e\u0441\u0442\u0438 \u0432 \u0434\u043d\u0435\u0432\u043d\u043e\u0435 \u0432\u0440\u0435\u043c\u044f. \u0414\u043e\u0441\u0442\u0430\u0432\u043a\u0430 \u043f\u043e \u0432\u0441\u0435\u0439 \u0420\u043e\u0441\u0441\u0438\u0438!\" \/>\n<meta name=\"robots\" content=\"index, follow, max-snippet:-1, max-image-preview:large, max-video-preview:-1\" \/>\n<link rel=\"canonical\" href=\"https:\/\/xstyle.md\/ro\/produs\/fonar-lezyne-strip-drive-300\/\" \/>\n<meta property=\"og:locale\" content=\"ro_RO\" \/>\n<meta property=\"og:type\" content=\"article\" \/>\n<meta property=\"og:title\" content=\"\u0424\u043e\u043d\u0430\u0440\u044c Lezyne Strip Drive 300+ - \u041c\u0430\u0433\u0430\u0437\u0438\u043d Xstyle\" \/>\n<meta property=\"og:description\" content=\"\u0424\u043e\u043d\u0430\u0440\u044c Lezyne Strip Drive 300+ - \u044f\u0440\u043a\u043e\u0441\u0442\u044c 300 \u043b\u043c, \u0432\u044b\u0441\u043e\u043a\u0430\u044f \u0432\u0438\u0434\u0438\u043c\u043e\u0441\u0442\u044c \u043d\u0430 \u0434\u043e\u0440\u043e\u0433\u0435. \u0418\u0434\u0435\u0430\u043b\u0435\u043d \u0434\u043b\u044f \u0431\u0435\u0437\u043e\u043f\u0430\u0441\u043d\u043e\u0441\u0442\u0438 \u0432 \u0434\u043d\u0435\u0432\u043d\u043e\u0435 \u0432\u0440\u0435\u043c\u044f. \u0414\u043e\u0441\u0442\u0430\u0432\u043a\u0430 \u043f\u043e \u0432\u0441\u0435\u0439 \u0420\u043e\u0441\u0441\u0438\u0438!\" \/>\n<meta property=\"og:url\" content=\"https:\/\/xstyle.md\/ro\/produs\/fonar-lezyne-strip-drive-300\/\" \/>\n<meta property=\"og:site_name\" content=\"\u041c\u0430\u0433\u0430\u0437\u0438\u043d Xstyle\" \/>\n<meta property=\"article:publisher\" content=\"https:\/\/www.facebook.com\/xstylemd\" \/>\n<meta property=\"article:modified_time\" content=\"2026-03-19T14:18:43+00:00\" \/>\n<meta property=\"og:image\" content=\"https:\/\/xstyle.md\/wp-content\/uploads\/2024\/04\/lezyne-strip-drive-300.jpg\" \/>\n\t<meta property=\"og:image:width\" content=\"800\" \/>\n\t<meta property=\"og:image:height\" content=\"800\" \/>\n\t<meta property=\"og:image:type\" content=\"image\/jpeg\" \/>\n<meta name=\"twitter:card\" content=\"summary_large_image\" \/>\n<meta name=\"twitter:label1\" content=\"Pre\u021b\" \/>\n\t<meta name=\"twitter:data1\" content=\"960&nbsp;MDL\" \/>\n\t<meta name=\"twitter:label2\" content=\"Disponibilitate\" \/>\n\t<meta name=\"twitter:data2\" content=\"\u00cen stoc\" \/>\n<script type=\"application\/ld+json\" class=\"yoast-schema-graph\">{\"@context\":\"https:\/\/schema.org\",\"@graph\":[{\"@type\":\"WebPage\",\"@id\":\"https:\/\/xstyle.md\/product\/fonar-lezyne-strip-drive-300\/\",\"url\":\"https:\/\/xstyle.md\/product\/fonar-lezyne-strip-drive-300\/\",\"name\":\"\u0424\u043e\u043d\u0430\u0440\u044c Lezyne Strip Drive 300+ - \u041c\u0430\u0433\u0430\u0437\u0438\u043d Xstyle\",\"isPartOf\":{\"@id\":\"https:\/\/xstyle.md\/#website\"},\"primaryImageOfPage\":{\"@id\":\"https:\/\/xstyle.md\/product\/fonar-lezyne-strip-drive-300\/#primaryimage\"},\"image\":{\"@id\":\"https:\/\/xstyle.md\/product\/fonar-lezyne-strip-drive-300\/#primaryimage\"},\"thumbnailUrl\":\"https:\/\/xstyle.md\/wp-content\/uploads\/2024\/04\/lezyne-strip-drive-300.jpg\",\"datePublished\":\"2024-04-04T10:43:36+00:00\",\"dateModified\":\"2026-03-19T14:18:43+00:00\",\"description\":\"\u0424\u043e\u043d\u0430\u0440\u044c Lezyne Strip Drive 300+ - \u044f\u0440\u043a\u043e\u0441\u0442\u044c 300 \u043b\u043c, \u0432\u044b\u0441\u043e\u043a\u0430\u044f \u0432\u0438\u0434\u0438\u043c\u043e\u0441\u0442\u044c \u043d\u0430 \u0434\u043e\u0440\u043e\u0433\u0435. \u0418\u0434\u0435\u0430\u043b\u0435\u043d \u0434\u043b\u044f \u0431\u0435\u0437\u043e\u043f\u0430\u0441\u043d\u043e\u0441\u0442\u0438 \u0432 \u0434\u043d\u0435\u0432\u043d\u043e\u0435 \u0432\u0440\u0435\u043c\u044f. \u0414\u043e\u0441\u0442\u0430\u0432\u043a\u0430 \u043f\u043e \u0432\u0441\u0435\u0439 \u0420\u043e\u0441\u0441\u0438\u0438!\",\"breadcrumb\":{\"@id\":\"https:\/\/xstyle.md\/product\/fonar-lezyne-strip-drive-300\/#breadcrumb\"},\"inLanguage\":\"ro-RO\",\"potentialAction\":[{\"@type\":\"ReadAction\",\"target\":[\"https:\/\/xstyle.md\/product\/fonar-lezyne-strip-drive-300\/\"]}]},{\"@type\":\"ImageObject\",\"inLanguage\":\"ro-RO\",\"@id\":\"https:\/\/xstyle.md\/product\/fonar-lezyne-strip-drive-300\/#primaryimage\",\"url\":\"https:\/\/xstyle.md\/wp-content\/uploads\/2024\/04\/lezyne-strip-drive-300.jpg\",\"contentUrl\":\"https:\/\/xstyle.md\/wp-content\/uploads\/2024\/04\/lezyne-strip-drive-300.jpg\",\"width\":800,\"height\":800,\"caption\":\"\u0424\u043e\u043d\u0430\u0440\u044c Lezyne Strip Drive 300+ \u0434\u043b\u044f \u0430\u043a\u0442\u0438\u0432\u043d\u043e\u0433\u043e \u043e\u0442\u0434\u044b\u0445\u0430, \u043f\u043e\u0445\u043e\u0434\u043e\u0432, \u043f\u0443\u0442\u0435\u0448\u0435\u0441\u0442\u0432\u0438\u0439, \u0441\u043f\u043e\u0440\u0442\u0438\u0432\u043d\u043e\u0439 \u043e\u0434\u0435\u0436\u0434\u044b \u0438 \u043e\u0431\u0443\u0432\u0438 \u0434\u043b\u044f \u0430\u043a\u0442\u0438\u0432\u043d\u043e\u0439 \u0436\u0438\u0437\u043d\u0438 \u0432 \u0438\u043d\u0442\u0435\u0440\u043d\u0435\u0442-\u043c\u0430\u0433\u0430\u0437\u0438\u043d\u0435\"},{\"@type\":\"BreadcrumbList\",\"@id\":\"https:\/\/xstyle.md\/product\/fonar-lezyne-strip-drive-300\/#breadcrumb\",\"itemListElement\":[{\"@type\":\"ListItem\",\"position\":1,\"name\":\"\u0413\u043b\u0430\u0432\u043d\u0430\u044f \u0441\u0442\u0440\u0430\u043d\u0438\u0446\u0430\",\"item\":\"https:\/\/xstyle.md\/\"},{\"@type\":\"ListItem\",\"position\":2,\"name\":\"\u041c\u0430\u0433\u0430\u0437\u0438\u043d\",\"item\":\"https:\/\/xstyle.md\/shop\/\"},{\"@type\":\"ListItem\",\"position\":3,\"name\":\"\u0424\u043e\u043d\u0430\u0440\u044c Lezyne Strip Drive 300+\"}]},{\"@type\":\"WebSite\",\"@id\":\"https:\/\/xstyle.md\/#website\",\"url\":\"https:\/\/xstyle.md\/\",\"name\":\"\u041c\u0430\u0433\u0430\u0437\u0438\u043d Xstyle\",\"description\":\"C\u043d\u0430\u0440\u044f\u0436\u0435\u043d\u0438\u0435 \u0434\u043b\u044f \u0442\u0443\u0440\u0438\u0437\u043c\u0430 \u0438 \u044d\u043a\u0441\u0442\u0440\u0435\u043c\u0430\u043b\u044c\u043d\u044b\u0445 \u0432\u0438\u0434\u043e\u0432 \u0441\u043f\u043e\u0440\u0442\u0430 \u0432 \u041c\u043e\u043b\u0434\u043e\u0432\u0435.. \u0426\u0435\u043d\u044b, \u0444\u043e\u0442\u043e, \u0445\u0430\u0440\u0430\u043a\u0442\u0435\u0440\u0438\u0441\u0442\u0438\u043a\u0438 \u0432 \u041c\u043e\u043b\u0434\u043e\u0432\u0435.\",\"publisher\":{\"@id\":\"https:\/\/xstyle.md\/#organization\"},\"alternateName\":\"X-Style\",\"potentialAction\":[{\"@type\":\"SearchAction\",\"target\":{\"@type\":\"EntryPoint\",\"urlTemplate\":\"https:\/\/xstyle.md\/?s={search_term_string}\"},\"query-input\":{\"@type\":\"PropertyValueSpecification\",\"valueRequired\":true,\"valueName\":\"search_term_string\"}}],\"inLanguage\":\"ro-RO\"},{\"@type\":\"Organization\",\"@id\":\"https:\/\/xstyle.md\/#organization\",\"name\":\"\u041c\u0430\u0433\u0430\u0437\u0438\u043d Xstyle\",\"alternateName\":\"x-style\",\"url\":\"https:\/\/xstyle.md\/\",\"logo\":{\"@type\":\"ImageObject\",\"inLanguage\":\"ro-RO\",\"@id\":\"https:\/\/xstyle.md\/#\/schema\/logo\/image\/\",\"url\":\"https:\/\/xstyle.md\/wp-content\/uploads\/2020\/06\/logoicon.svg\",\"contentUrl\":\"https:\/\/xstyle.md\/wp-content\/uploads\/2020\/06\/logoicon.svg\",\"caption\":\"\u041c\u0430\u0433\u0430\u0437\u0438\u043d Xstyle\"},\"image\":{\"@id\":\"https:\/\/xstyle.md\/#\/schema\/logo\/image\/\"},\"sameAs\":[\"https:\/\/www.facebook.com\/xstylemd\",\"https:\/\/www.instagram.com\/xstyle_md\/\",\"https:\/\/t.me\/xstyle_outdoor\"],\"hasMerchantReturnPolicy\":{\"@type\":\"MerchantReturnPolicy\",\"merchantReturnLink\":\"https:\/\/xstyle.md\/ro\/conditions\/\"}}]}<\/script>\n<meta property=\"product:price:amount\" content=\"960.00\" \/>\n<meta property=\"product:price:currency\" content=\"MDL\" \/>\n<meta property=\"og:availability\" content=\"instock\" \/>\n<meta property=\"product:availability\" content=\"instock\" \/>\n<meta property=\"product:retailer_item_id\" content=\"4710582551123\" \/>\n<meta property=\"product:condition\" content=\"new\" \/>\n<!-- \/ Yoast SEO plugin. -->","yoast_head_json":{"title":"Lantern\u0103 Lezyne Strip Drive 300+ - Magazin Xstyle","description":"Lanterna Lezyne Strip Drive 300+ - luminositate de 300 lm, vizibilitate ridicat\u0103 pe drum. Ideal pentru siguran\u021ba \u00een timpul zilei. Livrare \u00een toat\u0103 Rusia!","robots":{"index":"index","follow":"follow","max-snippet":"max-snippet:-1","max-image-preview":"max-image-preview:large","max-video-preview":"max-video-preview:-1"},"canonical":"https:\/\/xstyle.md\/ro\/produs\/fonar-lezyne-strip-drive-300\/","og_locale":"ro_RO","og_type":"article","og_title":"\u0424\u043e\u043d\u0430\u0440\u044c Lezyne Strip Drive 300+ - \u041c\u0430\u0433\u0430\u0437\u0438\u043d Xstyle","og_description":"\u0424\u043e\u043d\u0430\u0440\u044c Lezyne Strip Drive 300+ - \u044f\u0440\u043a\u043e\u0441\u0442\u044c 300 \u043b\u043c, \u0432\u044b\u0441\u043e\u043a\u0430\u044f \u0432\u0438\u0434\u0438\u043c\u043e\u0441\u0442\u044c \u043d\u0430 \u0434\u043e\u0440\u043e\u0433\u0435. \u0418\u0434\u0435\u0430\u043b\u0435\u043d \u0434\u043b\u044f \u0431\u0435\u0437\u043e\u043f\u0430\u0441\u043d\u043e\u0441\u0442\u0438 \u0432 \u0434\u043d\u0435\u0432\u043d\u043e\u0435 \u0432\u0440\u0435\u043c\u044f. \u0414\u043e\u0441\u0442\u0430\u0432\u043a\u0430 \u043f\u043e \u0432\u0441\u0435\u0439 \u0420\u043e\u0441\u0441\u0438\u0438!","og_url":"https:\/\/xstyle.md\/ro\/produs\/fonar-lezyne-strip-drive-300\/","og_site_name":"\u041c\u0430\u0433\u0430\u0437\u0438\u043d Xstyle","article_publisher":"https:\/\/www.facebook.com\/xstylemd","article_modified_time":"2026-03-19T14:18:43+00:00","og_image":[{"width":800,"height":800,"url":"https:\/\/xstyle.md\/wp-content\/uploads\/2024\/04\/lezyne-strip-drive-300.jpg","type":"image\/jpeg"}],"twitter_card":"summary_large_image","twitter_misc":{"Pre\u021b":"960&nbsp;MDL","Disponibilitate":"\u00cen stoc"},"schema":{"@context":"https:\/\/schema.org","@graph":[{"@type":"WebPage","@id":"https:\/\/xstyle.md\/product\/fonar-lezyne-strip-drive-300\/","url":"https:\/\/xstyle.md\/product\/fonar-lezyne-strip-drive-300\/","name":"Lantern\u0103 Lezyne Strip Drive 300+ - Magazin Xstyle","isPartOf":{"@id":"https:\/\/xstyle.md\/#website"},"primaryImageOfPage":{"@id":"https:\/\/xstyle.md\/product\/fonar-lezyne-strip-drive-300\/#primaryimage"},"image":{"@id":"https:\/\/xstyle.md\/product\/fonar-lezyne-strip-drive-300\/#primaryimage"},"thumbnailUrl":"https:\/\/xstyle.md\/wp-content\/uploads\/2024\/04\/lezyne-strip-drive-300.jpg","datePublished":"2024-04-04T10:43:36+00:00","dateModified":"2026-03-19T14:18:43+00:00","description":"Lanterna Lezyne Strip Drive 300+ - luminositate de 300 lm, vizibilitate ridicat\u0103 pe drum. Ideal pentru siguran\u021ba \u00een timpul zilei. Livrare \u00een toat\u0103 Rusia!","breadcrumb":{"@id":"https:\/\/xstyle.md\/product\/fonar-lezyne-strip-drive-300\/#breadcrumb"},"inLanguage":"ro-RO","potentialAction":[{"@type":"ReadAction","target":["https:\/\/xstyle.md\/product\/fonar-lezyne-strip-drive-300\/"]}]},{"@type":"ImageObject","inLanguage":"ro-RO","@id":"https:\/\/xstyle.md\/product\/fonar-lezyne-strip-drive-300\/#primaryimage","url":"https:\/\/xstyle.md\/wp-content\/uploads\/2024\/04\/lezyne-strip-drive-300.jpg","contentUrl":"https:\/\/xstyle.md\/wp-content\/uploads\/2024\/04\/lezyne-strip-drive-300.jpg","width":800,"height":800,"caption":"\u0424\u043e\u043d\u0430\u0440\u044c Lezyne Strip Drive 300+ \u0434\u043b\u044f \u0430\u043a\u0442\u0438\u0432\u043d\u043e\u0433\u043e \u043e\u0442\u0434\u044b\u0445\u0430, \u043f\u043e\u0445\u043e\u0434\u043e\u0432, \u043f\u0443\u0442\u0435\u0448\u0435\u0441\u0442\u0432\u0438\u0439, \u0441\u043f\u043e\u0440\u0442\u0438\u0432\u043d\u043e\u0439 \u043e\u0434\u0435\u0436\u0434\u044b \u0438 \u043e\u0431\u0443\u0432\u0438 \u0434\u043b\u044f \u0430\u043a\u0442\u0438\u0432\u043d\u043e\u0439 \u0436\u0438\u0437\u043d\u0438 \u0432 \u0438\u043d\u0442\u0435\u0440\u043d\u0435\u0442-\u043c\u0430\u0433\u0430\u0437\u0438\u043d\u0435"},{"@type":"BreadcrumbList","@id":"https:\/\/xstyle.md\/product\/fonar-lezyne-strip-drive-300\/#breadcrumb","itemListElement":[{"@type":"ListItem","position":1,"name":"\u0413\u043b\u0430\u0432\u043d\u0430\u044f \u0441\u0442\u0440\u0430\u043d\u0438\u0446\u0430","item":"https:\/\/xstyle.md\/"},{"@type":"ListItem","position":2,"name":"\u041c\u0430\u0433\u0430\u0437\u0438\u043d","item":"https:\/\/xstyle.md\/shop\/"},{"@type":"ListItem","position":3,"name":"\u0424\u043e\u043d\u0430\u0440\u044c Lezyne Strip Drive 300+"}]},{"@type":"WebSite","@id":"https:\/\/xstyle.md\/#website","url":"https:\/\/xstyle.md\/","name":"Magazinul X-Style","description":"Echipamente pentru turism \u0219i sporturi extreme \u00een Moldova. Pre\u021buri, fotografii, caracteristici \u00een Moldova.","publisher":{"@id":"https:\/\/xstyle.md\/#organization"},"alternateName":"X-Style","potentialAction":[{"@type":"SearchAction","target":{"@type":"EntryPoint","urlTemplate":"https:\/\/xstyle.md\/?s={search_term_string}"},"query-input":{"@type":"PropertyValueSpecification","valueRequired":true,"valueName":"search_term_string"}}],"inLanguage":"ro-RO"},{"@type":"Organization","@id":"https:\/\/xstyle.md\/#organization","name":"Magazinul X-Style","alternateName":"x-style","url":"https:\/\/xstyle.md\/","logo":{"@type":"ImageObject","inLanguage":"ro-RO","@id":"https:\/\/xstyle.md\/#\/schema\/logo\/image\/","url":"https:\/\/xstyle.md\/wp-content\/uploads\/2020\/06\/logoicon.svg","contentUrl":"https:\/\/xstyle.md\/wp-content\/uploads\/2020\/06\/logoicon.svg","caption":"\u041c\u0430\u0433\u0430\u0437\u0438\u043d Xstyle"},"image":{"@id":"https:\/\/xstyle.md\/#\/schema\/logo\/image\/"},"sameAs":["https:\/\/www.facebook.com\/xstylemd","https:\/\/www.instagram.com\/xstyle_md\/","https:\/\/t.me\/xstyle_outdoor"],"hasMerchantReturnPolicy":{"@type":"MerchantReturnPolicy","merchantReturnLink":"https:\/\/xstyle.md\/ro\/conditions\/"}}]},"product_price_amount":"960.00","product_price_currency":"MDL","og_availability":"instock","product_availability":"instock","product_retailer_item_id":"4710582551123","product_condition":"new"},"post_mailing_queue_ids":[],"_links":{"self":[{"href":"https:\/\/xstyle.md\/ro\/wp-json\/wp\/v2\/product\/81292","targetHints":{"allow":["GET"]}}],"collection":[{"href":"https:\/\/xstyle.md\/ro\/wp-json\/wp\/v2\/product"}],"about":[{"href":"https:\/\/xstyle.md\/ro\/wp-json\/wp\/v2\/types\/product"}],"replies":[{"embeddable":true,"href":"https:\/\/xstyle.md\/ro\/wp-json\/wp\/v2\/comments?post=81292"}],"wp:featuredmedia":[{"embeddable":true,"href":"https:\/\/xstyle.md\/ro\/wp-json\/wp\/v2\/media\/81970"}],"wp:attachment":[{"href":"https:\/\/xstyle.md\/ro\/wp-json\/wp\/v2\/media?parent=81292"}],"wp:term":[{"taxonomy":"product_brand","embeddable":true,"href":"https:\/\/xstyle.md\/ro\/wp-json\/wp\/v2\/product_brand?post=81292"},{"taxonomy":"product_cat","embeddable":true,"href":"https:\/\/xstyle.md\/ro\/wp-json\/wp\/v2\/product_cat?post=81292"},{"taxonomy":"product_tag","embeddable":true,"href":"https:\/\/xstyle.md\/ro\/wp-json\/wp\/v2\/product_tag?post=81292"}],"curies":[{"name":"wp","href":"https:\/\/api.w.org\/{rel}","templated":true}]}}