{"id":81291,"date":"2024-04-04T13:43:35","date_gmt":"2024-04-04T10:43:35","guid":{"rendered":"https:\/\/xstyle.md\/?post_type=product&#038;p=81291"},"modified":"2026-03-19T17:18:42","modified_gmt":"2026-03-19T14:18:42","slug":"fonar-lezyne-micro-drive-pro-1000","status":"publish","type":"product","link":"https:\/\/xstyle.md\/ro\/produs\/fonar-lezyne-micro-drive-pro-1000\/","title":{"rendered":"Lantern\u0103 Lezyne Micro Drive Pro 1000+"},"content":{"rendered":"<\/p>\n<p><strong>Lezyne Micro Drive Pro 1000+<\/strong> &#8212; partenerul perfect pentru cicli\u0219tii care caut\u0103 performan\u021b\u0103 \u0219i fiabilitate de neegalat.<\/p>\n<p>Cu opt LED-uri \u0219i o putere maxim\u0103 de 1000 de lumeni, aceast\u0103 lantern\u0103 ofer\u0103 o eficien\u021b\u0103 \u0219i o longevitate impresionante, oferind cel mai bun model de fascicul pentru o vizibilitate optim\u0103 chiar \u0219i \u00een cele mai solicitante condi\u021bii. \u00cen plus, cu o durat\u0103 de func\u021bionare impresionant\u0103 de 60 de ore, pute\u021bi fi siguri c\u0103 aceast\u0103 lantern\u0103 va rezista at\u00e2t timp c\u00e2t ave\u021bi nevoie de ea.<\/p>\n<p>Carcasa sa din aluminiu prelucrat CNC \u0219i construc\u021bia impermeabil\u0103 cu aripioare de r\u0103cire asigur\u0103 durabilitatea. Cu \u0219apte moduri unice de func\u021bionare, inclusiv bli\u021b de zi, \u0219i \u00eenc\u0103rcare USB-C rezistent\u0103 la ap\u0103 (cablul nu este inclus), Micro Drive Pro 1000+ ofer\u0103 op\u021biuni de iluminare personalizabile pentru o siguran\u021b\u0103 \u0219i un confort sporite. Testat\u0103 riguros pentru a \u00eendeplini standardele de impermeabilitate IPX7, lanterna poate rezista la o varietate de condi\u021bii meteorologice.<\/p>\n<h3>Caracteristici<\/h3>\n<ul>\n<li>Material &#8212; plastic rezistent la impact, material compozit<\/li>\n<li>Luminozitate &#8212; 1000 de lumeni<\/li>\n<li>\u00cenc\u0103rcare &#8212; USB-C<\/li>\n<li>Rezistent la ap\u0103 &#8212; IPX7<\/li>\n<li>Timp de lucru &#8212; 60 de ore<\/li>\n<li>Greutate &#8212; 168 g<\/li>\n<li>Capacitatea bateriei &#8212; 2800 mAh<\/li>\n<\/ul>\n<h3>Marca<\/h3>\n<p>Lezyne este o marc\u0103 american\u0103 global\u0103 de accesorii pentru biciclete, computere \u0219i sisteme optice u\u0219oare. Compania a fost fondat\u0103 de triatlonistul Mickey Kotsuszek \u00een 2007. De atunci, Lezyne a stabilit un nou standard \u00een produc\u021bia de accesorii premium, de \u00eenalt\u0103 calitate, care \u00eendeplinesc criteriile segmentului de top din industria ciclist\u0103. \u201eEngineered Design\u201d este principalul slogan al m\u0103rcii.<\/p>\n<p>Din 2011, marca Lezyne s-a prezentat lumii \u00eentr-o nou\u0103 \u201elumin\u0103\u201d: \u00een c\u00e2\u021biva ani, compania a devenit lider mondial \u00een produc\u021bia de optici u\u0219oare de diferite puteri. \u00cen 2017, compania a lansat optice cu marcaje laser, care au f\u0103cut ca deplasarea \u00een ora\u0219 \u0219i pe str\u0103zile \u00eentunecate s\u0103 fie mai sigur\u0103.<\/p>\n<p><\/p>","protected":false},"excerpt":{"rendered":"","protected":false},"featured_media":81969,"comment_status":"open","ping_status":"closed","template":"","meta":{"_acf_changed":false,"inline_featured_image":false},"product_brand":[1364],"product_cat":[502],"product_tag":[],"class_list":{"0":"post-81291","1":"product","2":"type-product","3":"status-publish","4":"has-post-thumbnail","6":"product_brand-lezyne","7":"product_cat-bicycle-lights","9":"first","10":"instock","11":"shipping-taxable","12":"purchasable","13":"product-type-simple"},"acf":[],"yoast_head":"<!-- This site is optimized with the Yoast SEO plugin v27.2 - https:\/\/yoast.com\/product\/yoast-seo-wordpress\/ -->\n<title>\u0424\u043e\u043d\u0430\u0440\u044c Lezyne Micro Drive Pro 1000+ - \u041c\u0430\u0433\u0430\u0437\u0438\u043d Xstyle<\/title>\n<meta name=\"description\" content=\"\u0424\u043e\u043d\u0430\u0440\u044c Lezyne Micro Drive Pro 1000+ \u2014 \u0438\u0434\u0435\u0430\u043b\u044c\u043d\u044b\u0439 \u0432\u044b\u0431\u043e\u0440 \u0434\u043b\u044f \u0432\u0435\u043b\u043e\u0446\u0438\u043a\u043b\u0438\u0442\u043e\u0432! 1000 \u043b\u044e\u043c\u0435\u043d, USB-C, \u0432\u043b\u0430\u0433\u043e\u0437\u0430\u0449\u0438\u0442\u0430 IPX7. \u0412\u043f\u0435\u0447\u0430\u0442\u043b\u044f\u044e\u0449\u0430\u044f \u043f\u0440\u043e\u0438\u0437\u0432\u043e\u0434\u0438\u0442\u0435\u043b\u044c\u043d\u043e\u0441\u0442\u044c \u0438 \u043d\u0430\u0434\u0435\u0436\u043d\u043e\u0441\u0442\u044c.\" \/>\n<meta name=\"robots\" content=\"index, follow, max-snippet:-1, max-image-preview:large, max-video-preview:-1\" \/>\n<link rel=\"canonical\" href=\"https:\/\/xstyle.md\/ro\/produs\/fonar-lezyne-micro-drive-pro-1000\/\" \/>\n<meta property=\"og:locale\" content=\"ro_RO\" \/>\n<meta property=\"og:type\" content=\"article\" \/>\n<meta property=\"og:title\" content=\"\u0424\u043e\u043d\u0430\u0440\u044c Lezyne Micro Drive Pro 1000+ - \u041c\u0430\u0433\u0430\u0437\u0438\u043d Xstyle\" \/>\n<meta property=\"og:description\" content=\"\u0424\u043e\u043d\u0430\u0440\u044c Lezyne Micro Drive Pro 1000+ \u2014 \u0438\u0434\u0435\u0430\u043b\u044c\u043d\u044b\u0439 \u0432\u044b\u0431\u043e\u0440 \u0434\u043b\u044f \u0432\u0435\u043b\u043e\u0446\u0438\u043a\u043b\u0438\u0442\u043e\u0432! 1000 \u043b\u044e\u043c\u0435\u043d, USB-C, \u0432\u043b\u0430\u0433\u043e\u0437\u0430\u0449\u0438\u0442\u0430 IPX7. \u0412\u043f\u0435\u0447\u0430\u0442\u043b\u044f\u044e\u0449\u0430\u044f \u043f\u0440\u043e\u0438\u0437\u0432\u043e\u0434\u0438\u0442\u0435\u043b\u044c\u043d\u043e\u0441\u0442\u044c \u0438 \u043d\u0430\u0434\u0435\u0436\u043d\u043e\u0441\u0442\u044c.\" \/>\n<meta property=\"og:url\" content=\"https:\/\/xstyle.md\/ro\/produs\/fonar-lezyne-micro-drive-pro-1000\/\" \/>\n<meta property=\"og:site_name\" content=\"\u041c\u0430\u0433\u0430\u0437\u0438\u043d Xstyle\" \/>\n<meta property=\"article:publisher\" content=\"https:\/\/www.facebook.com\/xstylemd\" \/>\n<meta property=\"article:modified_time\" content=\"2026-03-19T14:18:42+00:00\" \/>\n<meta property=\"og:image\" content=\"https:\/\/xstyle.md\/wp-content\/uploads\/2024\/04\/lezyne-micro-pro-1000.jpg\" \/>\n\t<meta property=\"og:image:width\" content=\"800\" \/>\n\t<meta property=\"og:image:height\" content=\"800\" \/>\n\t<meta property=\"og:image:type\" content=\"image\/jpeg\" \/>\n<meta name=\"twitter:card\" content=\"summary_large_image\" \/>\n<meta name=\"twitter:label1\" content=\"Pre\u021b\" \/>\n\t<meta name=\"twitter:data1\" content=\"1.590&nbsp;MDL\" \/>\n\t<meta name=\"twitter:label2\" content=\"Disponibilitate\" \/>\n\t<meta name=\"twitter:data2\" content=\"\u00cen stoc\" \/>\n<script type=\"application\/ld+json\" class=\"yoast-schema-graph\">{\"@context\":\"https:\/\/schema.org\",\"@graph\":[{\"@type\":\"WebPage\",\"@id\":\"https:\/\/xstyle.md\/product\/fonar-lezyne-micro-drive-pro-1000\/\",\"url\":\"https:\/\/xstyle.md\/product\/fonar-lezyne-micro-drive-pro-1000\/\",\"name\":\"\u0424\u043e\u043d\u0430\u0440\u044c Lezyne Micro Drive Pro 1000+ - \u041c\u0430\u0433\u0430\u0437\u0438\u043d Xstyle\",\"isPartOf\":{\"@id\":\"https:\/\/xstyle.md\/#website\"},\"primaryImageOfPage\":{\"@id\":\"https:\/\/xstyle.md\/product\/fonar-lezyne-micro-drive-pro-1000\/#primaryimage\"},\"image\":{\"@id\":\"https:\/\/xstyle.md\/product\/fonar-lezyne-micro-drive-pro-1000\/#primaryimage\"},\"thumbnailUrl\":\"https:\/\/xstyle.md\/wp-content\/uploads\/2024\/04\/lezyne-micro-pro-1000.jpg\",\"datePublished\":\"2024-04-04T10:43:35+00:00\",\"dateModified\":\"2026-03-19T14:18:42+00:00\",\"description\":\"\u0424\u043e\u043d\u0430\u0440\u044c Lezyne Micro Drive Pro 1000+ \u2014 \u0438\u0434\u0435\u0430\u043b\u044c\u043d\u044b\u0439 \u0432\u044b\u0431\u043e\u0440 \u0434\u043b\u044f \u0432\u0435\u043b\u043e\u0446\u0438\u043a\u043b\u0438\u0442\u043e\u0432! 1000 \u043b\u044e\u043c\u0435\u043d, USB-C, \u0432\u043b\u0430\u0433\u043e\u0437\u0430\u0449\u0438\u0442\u0430 IPX7. \u0412\u043f\u0435\u0447\u0430\u0442\u043b\u044f\u044e\u0449\u0430\u044f \u043f\u0440\u043e\u0438\u0437\u0432\u043e\u0434\u0438\u0442\u0435\u043b\u044c\u043d\u043e\u0441\u0442\u044c \u0438 \u043d\u0430\u0434\u0435\u0436\u043d\u043e\u0441\u0442\u044c.\",\"breadcrumb\":{\"@id\":\"https:\/\/xstyle.md\/product\/fonar-lezyne-micro-drive-pro-1000\/#breadcrumb\"},\"inLanguage\":\"ro-RO\",\"potentialAction\":[{\"@type\":\"ReadAction\",\"target\":[\"https:\/\/xstyle.md\/product\/fonar-lezyne-micro-drive-pro-1000\/\"]}]},{\"@type\":\"ImageObject\",\"inLanguage\":\"ro-RO\",\"@id\":\"https:\/\/xstyle.md\/product\/fonar-lezyne-micro-drive-pro-1000\/#primaryimage\",\"url\":\"https:\/\/xstyle.md\/wp-content\/uploads\/2024\/04\/lezyne-micro-pro-1000.jpg\",\"contentUrl\":\"https:\/\/xstyle.md\/wp-content\/uploads\/2024\/04\/lezyne-micro-pro-1000.jpg\",\"width\":800,\"height\":800,\"caption\":\"\u041b\u0430\u0439\u0444\u0441\u0442\u0430\u0439\u043b \u0430\u043a\u0442\u0438\u0432\u043d\u043e\u0439 \u043e\u0434\u0435\u0436\u0434\u044b \u0438 \u043e\u0431\u0443\u0432\u0438 \u0434\u043b\u044f \u043f\u043e\u0445\u043e\u0434\u043e\u0432 \u0438 \u043f\u0443\u0442\u0435\u0448\u0435\u0441\u0442\u0432\u0438\u0439 \u0441 \u0444\u043e\u043d\u0430\u0440\u0435\u043c Lezyne Micro Drive Pro 1000 \u0434\u043b\u044f \u0430\u043a\u0442\u0438\u0432\u043d\u043e\u0433\u043e \u043e\u0442\u0434\u044b\u0445\u0430 \u0438 \u0430\u043b\u044c\u043f\u0438\u043d\u0438\u0437\u043c\u0430\"},{\"@type\":\"BreadcrumbList\",\"@id\":\"https:\/\/xstyle.md\/product\/fonar-lezyne-micro-drive-pro-1000\/#breadcrumb\",\"itemListElement\":[{\"@type\":\"ListItem\",\"position\":1,\"name\":\"\u0413\u043b\u0430\u0432\u043d\u0430\u044f \u0441\u0442\u0440\u0430\u043d\u0438\u0446\u0430\",\"item\":\"https:\/\/xstyle.md\/\"},{\"@type\":\"ListItem\",\"position\":2,\"name\":\"\u041c\u0430\u0433\u0430\u0437\u0438\u043d\",\"item\":\"https:\/\/xstyle.md\/shop\/\"},{\"@type\":\"ListItem\",\"position\":3,\"name\":\"\u0424\u043e\u043d\u0430\u0440\u044c Lezyne Micro Drive Pro 1000+\"}]},{\"@type\":\"WebSite\",\"@id\":\"https:\/\/xstyle.md\/#website\",\"url\":\"https:\/\/xstyle.md\/\",\"name\":\"\u041c\u0430\u0433\u0430\u0437\u0438\u043d Xstyle\",\"description\":\"C\u043d\u0430\u0440\u044f\u0436\u0435\u043d\u0438\u0435 \u0434\u043b\u044f \u0442\u0443\u0440\u0438\u0437\u043c\u0430 \u0438 \u044d\u043a\u0441\u0442\u0440\u0435\u043c\u0430\u043b\u044c\u043d\u044b\u0445 \u0432\u0438\u0434\u043e\u0432 \u0441\u043f\u043e\u0440\u0442\u0430 \u0432 \u041c\u043e\u043b\u0434\u043e\u0432\u0435.. \u0426\u0435\u043d\u044b, \u0444\u043e\u0442\u043e, \u0445\u0430\u0440\u0430\u043a\u0442\u0435\u0440\u0438\u0441\u0442\u0438\u043a\u0438 \u0432 \u041c\u043e\u043b\u0434\u043e\u0432\u0435.\",\"publisher\":{\"@id\":\"https:\/\/xstyle.md\/#organization\"},\"alternateName\":\"X-Style\",\"potentialAction\":[{\"@type\":\"SearchAction\",\"target\":{\"@type\":\"EntryPoint\",\"urlTemplate\":\"https:\/\/xstyle.md\/?s={search_term_string}\"},\"query-input\":{\"@type\":\"PropertyValueSpecification\",\"valueRequired\":true,\"valueName\":\"search_term_string\"}}],\"inLanguage\":\"ro-RO\"},{\"@type\":\"Organization\",\"@id\":\"https:\/\/xstyle.md\/#organization\",\"name\":\"\u041c\u0430\u0433\u0430\u0437\u0438\u043d Xstyle\",\"alternateName\":\"x-style\",\"url\":\"https:\/\/xstyle.md\/\",\"logo\":{\"@type\":\"ImageObject\",\"inLanguage\":\"ro-RO\",\"@id\":\"https:\/\/xstyle.md\/#\/schema\/logo\/image\/\",\"url\":\"https:\/\/xstyle.md\/wp-content\/uploads\/2020\/06\/logoicon.svg\",\"contentUrl\":\"https:\/\/xstyle.md\/wp-content\/uploads\/2020\/06\/logoicon.svg\",\"caption\":\"\u041c\u0430\u0433\u0430\u0437\u0438\u043d Xstyle\"},\"image\":{\"@id\":\"https:\/\/xstyle.md\/#\/schema\/logo\/image\/\"},\"sameAs\":[\"https:\/\/www.facebook.com\/xstylemd\",\"https:\/\/www.instagram.com\/xstyle_md\/\",\"https:\/\/t.me\/xstyle_outdoor\"],\"hasMerchantReturnPolicy\":{\"@type\":\"MerchantReturnPolicy\",\"merchantReturnLink\":\"https:\/\/xstyle.md\/ro\/conditions\/\"}}]}<\/script>\n<meta property=\"product:price:amount\" content=\"1590.00\" \/>\n<meta property=\"product:price:currency\" content=\"MDL\" \/>\n<meta property=\"og:availability\" content=\"instock\" \/>\n<meta property=\"product:availability\" content=\"instock\" \/>\n<meta property=\"product:retailer_item_id\" content=\"4710582551581\" \/>\n<meta property=\"product:condition\" content=\"new\" \/>\n<!-- \/ Yoast SEO plugin. -->","yoast_head_json":{"title":"Lantern\u0103 Lezyne Micro Drive Pro 1000+ - Magazin Xstyle","description":"Lanterna Lezyne Micro Drive Pro 1000+ \u2014 alegerea ideal\u0103 pentru bicicli\u0219ti! 1000 lumeni, USB-C, protec\u021bie \u00eempotriva apei IPX7. Performan\u021b\u0103 impresionant\u0103 \u0219i fiabilitate.","robots":{"index":"index","follow":"follow","max-snippet":"max-snippet:-1","max-image-preview":"max-image-preview:large","max-video-preview":"max-video-preview:-1"},"canonical":"https:\/\/xstyle.md\/ro\/produs\/fonar-lezyne-micro-drive-pro-1000\/","og_locale":"ro_RO","og_type":"article","og_title":"\u0424\u043e\u043d\u0430\u0440\u044c Lezyne Micro Drive Pro 1000+ - \u041c\u0430\u0433\u0430\u0437\u0438\u043d Xstyle","og_description":"\u0424\u043e\u043d\u0430\u0440\u044c Lezyne Micro Drive Pro 1000+ \u2014 \u0438\u0434\u0435\u0430\u043b\u044c\u043d\u044b\u0439 \u0432\u044b\u0431\u043e\u0440 \u0434\u043b\u044f \u0432\u0435\u043b\u043e\u0446\u0438\u043a\u043b\u0438\u0442\u043e\u0432! 1000 \u043b\u044e\u043c\u0435\u043d, USB-C, \u0432\u043b\u0430\u0433\u043e\u0437\u0430\u0449\u0438\u0442\u0430 IPX7. \u0412\u043f\u0435\u0447\u0430\u0442\u043b\u044f\u044e\u0449\u0430\u044f \u043f\u0440\u043e\u0438\u0437\u0432\u043e\u0434\u0438\u0442\u0435\u043b\u044c\u043d\u043e\u0441\u0442\u044c \u0438 \u043d\u0430\u0434\u0435\u0436\u043d\u043e\u0441\u0442\u044c.","og_url":"https:\/\/xstyle.md\/ro\/produs\/fonar-lezyne-micro-drive-pro-1000\/","og_site_name":"\u041c\u0430\u0433\u0430\u0437\u0438\u043d Xstyle","article_publisher":"https:\/\/www.facebook.com\/xstylemd","article_modified_time":"2026-03-19T14:18:42+00:00","og_image":[{"width":800,"height":800,"url":"https:\/\/xstyle.md\/wp-content\/uploads\/2024\/04\/lezyne-micro-pro-1000.jpg","type":"image\/jpeg"}],"twitter_card":"summary_large_image","twitter_misc":{"Pre\u021b":"1.590&nbsp;MDL","Disponibilitate":"\u00cen stoc"},"schema":{"@context":"https:\/\/schema.org","@graph":[{"@type":"WebPage","@id":"https:\/\/xstyle.md\/product\/fonar-lezyne-micro-drive-pro-1000\/","url":"https:\/\/xstyle.md\/product\/fonar-lezyne-micro-drive-pro-1000\/","name":"Lantern\u0103 Lezyne Micro Drive Pro 1000+ - Magazin Xstyle","isPartOf":{"@id":"https:\/\/xstyle.md\/#website"},"primaryImageOfPage":{"@id":"https:\/\/xstyle.md\/product\/fonar-lezyne-micro-drive-pro-1000\/#primaryimage"},"image":{"@id":"https:\/\/xstyle.md\/product\/fonar-lezyne-micro-drive-pro-1000\/#primaryimage"},"thumbnailUrl":"https:\/\/xstyle.md\/wp-content\/uploads\/2024\/04\/lezyne-micro-pro-1000.jpg","datePublished":"2024-04-04T10:43:35+00:00","dateModified":"2026-03-19T14:18:42+00:00","description":"Lanterna Lezyne Micro Drive Pro 1000+ \u2014 alegerea ideal\u0103 pentru bicicli\u0219ti! 1000 lumeni, USB-C, protec\u021bie \u00eempotriva apei IPX7. Performan\u021b\u0103 impresionant\u0103 \u0219i fiabilitate.","breadcrumb":{"@id":"https:\/\/xstyle.md\/product\/fonar-lezyne-micro-drive-pro-1000\/#breadcrumb"},"inLanguage":"ro-RO","potentialAction":[{"@type":"ReadAction","target":["https:\/\/xstyle.md\/product\/fonar-lezyne-micro-drive-pro-1000\/"]}]},{"@type":"ImageObject","inLanguage":"ro-RO","@id":"https:\/\/xstyle.md\/product\/fonar-lezyne-micro-drive-pro-1000\/#primaryimage","url":"https:\/\/xstyle.md\/wp-content\/uploads\/2024\/04\/lezyne-micro-pro-1000.jpg","contentUrl":"https:\/\/xstyle.md\/wp-content\/uploads\/2024\/04\/lezyne-micro-pro-1000.jpg","width":800,"height":800,"caption":"\u041b\u0430\u0439\u0444\u0441\u0442\u0430\u0439\u043b \u0430\u043a\u0442\u0438\u0432\u043d\u043e\u0439 \u043e\u0434\u0435\u0436\u0434\u044b \u0438 \u043e\u0431\u0443\u0432\u0438 \u0434\u043b\u044f \u043f\u043e\u0445\u043e\u0434\u043e\u0432 \u0438 \u043f\u0443\u0442\u0435\u0448\u0435\u0441\u0442\u0432\u0438\u0439 \u0441 \u0444\u043e\u043d\u0430\u0440\u0435\u043c Lezyne Micro Drive Pro 1000 \u0434\u043b\u044f \u0430\u043a\u0442\u0438\u0432\u043d\u043e\u0433\u043e \u043e\u0442\u0434\u044b\u0445\u0430 \u0438 \u0430\u043b\u044c\u043f\u0438\u043d\u0438\u0437\u043c\u0430"},{"@type":"BreadcrumbList","@id":"https:\/\/xstyle.md\/product\/fonar-lezyne-micro-drive-pro-1000\/#breadcrumb","itemListElement":[{"@type":"ListItem","position":1,"name":"\u0413\u043b\u0430\u0432\u043d\u0430\u044f \u0441\u0442\u0440\u0430\u043d\u0438\u0446\u0430","item":"https:\/\/xstyle.md\/"},{"@type":"ListItem","position":2,"name":"\u041c\u0430\u0433\u0430\u0437\u0438\u043d","item":"https:\/\/xstyle.md\/shop\/"},{"@type":"ListItem","position":3,"name":"\u0424\u043e\u043d\u0430\u0440\u044c Lezyne Micro Drive Pro 1000+"}]},{"@type":"WebSite","@id":"https:\/\/xstyle.md\/#website","url":"https:\/\/xstyle.md\/","name":"Magazinul X-Style","description":"Echipamente pentru turism \u0219i sporturi extreme \u00een Moldova. Pre\u021buri, fotografii, caracteristici \u00een Moldova.","publisher":{"@id":"https:\/\/xstyle.md\/#organization"},"alternateName":"X-Style","potentialAction":[{"@type":"SearchAction","target":{"@type":"EntryPoint","urlTemplate":"https:\/\/xstyle.md\/?s={search_term_string}"},"query-input":{"@type":"PropertyValueSpecification","valueRequired":true,"valueName":"search_term_string"}}],"inLanguage":"ro-RO"},{"@type":"Organization","@id":"https:\/\/xstyle.md\/#organization","name":"Magazinul X-Style","alternateName":"x-style","url":"https:\/\/xstyle.md\/","logo":{"@type":"ImageObject","inLanguage":"ro-RO","@id":"https:\/\/xstyle.md\/#\/schema\/logo\/image\/","url":"https:\/\/xstyle.md\/wp-content\/uploads\/2020\/06\/logoicon.svg","contentUrl":"https:\/\/xstyle.md\/wp-content\/uploads\/2020\/06\/logoicon.svg","caption":"\u041c\u0430\u0433\u0430\u0437\u0438\u043d Xstyle"},"image":{"@id":"https:\/\/xstyle.md\/#\/schema\/logo\/image\/"},"sameAs":["https:\/\/www.facebook.com\/xstylemd","https:\/\/www.instagram.com\/xstyle_md\/","https:\/\/t.me\/xstyle_outdoor"],"hasMerchantReturnPolicy":{"@type":"MerchantReturnPolicy","merchantReturnLink":"https:\/\/xstyle.md\/ro\/conditions\/"}}]},"product_price_amount":"1590.00","product_price_currency":"MDL","og_availability":"instock","product_availability":"instock","product_retailer_item_id":"4710582551581","product_condition":"new"},"post_mailing_queue_ids":[],"_links":{"self":[{"href":"https:\/\/xstyle.md\/ro\/wp-json\/wp\/v2\/product\/81291","targetHints":{"allow":["GET"]}}],"collection":[{"href":"https:\/\/xstyle.md\/ro\/wp-json\/wp\/v2\/product"}],"about":[{"href":"https:\/\/xstyle.md\/ro\/wp-json\/wp\/v2\/types\/product"}],"replies":[{"embeddable":true,"href":"https:\/\/xstyle.md\/ro\/wp-json\/wp\/v2\/comments?post=81291"}],"wp:featuredmedia":[{"embeddable":true,"href":"https:\/\/xstyle.md\/ro\/wp-json\/wp\/v2\/media\/81969"}],"wp:attachment":[{"href":"https:\/\/xstyle.md\/ro\/wp-json\/wp\/v2\/media?parent=81291"}],"wp:term":[{"taxonomy":"product_brand","embeddable":true,"href":"https:\/\/xstyle.md\/ro\/wp-json\/wp\/v2\/product_brand?post=81291"},{"taxonomy":"product_cat","embeddable":true,"href":"https:\/\/xstyle.md\/ro\/wp-json\/wp\/v2\/product_cat?post=81291"},{"taxonomy":"product_tag","embeddable":true,"href":"https:\/\/xstyle.md\/ro\/wp-json\/wp\/v2\/product_tag?post=81291"}],"curies":[{"name":"wp","href":"https:\/\/api.w.org\/{rel}","templated":true}]}}