{"id":81007,"date":"2024-03-27T10:54:29","date_gmt":"2024-03-27T07:54:29","guid":{"rendered":"https:\/\/xstyle.md\/?post_type=product&#038;p=81007"},"modified":"2025-10-24T12:36:40","modified_gmt":"2025-10-24T09:36:40","slug":"zaryadnoe-ustrojstvo-gopro-dual-max-acumulator-enduro","status":"publish","type":"product","link":"https:\/\/xstyle.md\/ro\/produs\/zaryadnoe-ustrojstvo-gopro-dual-max-acumulator-enduro\/","title":{"rendered":"\u00cenc\u0103rc\u0103tor GoPro Enduro Dual Charger for Max + Battery (ACDBD-011)"},"content":{"rendered":"<\/p>\n<p><strong>GoPro Dual Max + acumulator Enduro<\/strong> &#8212; \u00eencarc\u0103 \u00een mod convenabil dou\u0103 baterii GoPro \u00een acela\u0219i timp \u0219i \u00eembun\u0103t\u0103\u021be\u0219te \u0219i mai mult capacit\u0103\u021bile camerei dumneavoastr\u0103. \u00cen pachet este inclus un \u00eenc\u0103rc\u0103tor dublu pentru bateriile camerei MAX \u0219i o baterie Enduro, care spore\u0219te dramatic performan\u021ba camerei MAX \u00een condi\u021bii de frig. Cu bateria Enduro, ve\u021bi putea filma \u00een timp ce schia\u021bi, face\u021bi snowboarding \u0219i alte sporturi de iarn\u0103 la temperaturi mai sc\u0103zute ca niciodat\u0103.<\/p>\n<h3>Particularit\u0103\u021bi<\/h3>\n<ul>\n<li>Setul include un \u00eenc\u0103rc\u0103tor pentru dou\u0103 camere MAX, o baterie Enduro pentru camera MAX \u0219i un cablu USB-C.<\/li>\n<li>Bateriile litiu-ion de 1600 mAh cresc performan\u021ba camerei fa\u021b\u0103 de bateriile GoPro standard \u00eentr-o gam\u0103 larg\u0103 de temperaturi<\/li>\n<li>\u00cembun\u0103t\u0103\u021be\u0219te performan\u021ba la temperaturi sc\u0103zute de p\u00e2n\u0103 la -10\u00b0C<\/li>\n<li>Prelunge\u0219te timpul de \u00eenregistrare, astfel \u00eenc\u00e2t nu trebuie s\u0103 v\u0103 face\u021bi griji cu privire la \u00eenlocuirea bateriei<\/li>\n<li>Optimizeaz\u0103 procesul de \u00eenc\u0103rcare \u0219i \u00eencarc\u0103 complet bateriile \u00eentr-un timp scurt<\/li>\n<li>\u00cenc\u0103rcare convenabil\u0103 prin intermediul unui port USB<\/li>\n<li>Doi indicatori LED arat\u0103 starea de \u00eenc\u0103rcare a ambelor baterii<\/li>\n<li>Se potrive\u0219te bateriilor Enduro \u0219i GoPro MAX standard<\/li>\n<\/ul>\n<h3>Caracteristici<\/h3>\n<ul>\n<li>\u00cenc\u0103rc\u0103tor<\/li>\n<li>Baterie pentru GoPro MAX (1 buc)<\/li>\n<li>Cablu de \u00eenc\u0103rcare<\/li>\n<\/ul>\n<p><\/p>","protected":false},"excerpt":{"rendered":"","protected":false},"featured_media":81102,"comment_status":"open","ping_status":"closed","template":"","meta":{"_acf_changed":false,"inline_featured_image":false},"product_brand":[1307],"product_cat":[879],"product_tag":[],"class_list":{"0":"post-81007","1":"product","2":"type-product","3":"status-publish","4":"has-post-thumbnail","6":"product_brand-gopro","7":"product_cat-accessories-camera","9":"first","10":"instock","11":"shipping-taxable","12":"purchasable","13":"product-type-simple"},"acf":[],"yoast_head":"<!-- This site is optimized with the Yoast SEO plugin v27.2 - https:\/\/yoast.com\/product\/yoast-seo-wordpress\/ -->\n<title>\u0417\u0430\u0440\u044f\u0434\u043d\u043e\u0435 \u0443\u0441\u0442\u0440\u043e\u0439\u0441\u0442\u0432\u043e GoPro Enduro Dual Charger for Max + Battery (ACDBD-011) - \u041c\u0430\u0433\u0430\u0437\u0438\u043d Xstyle<\/title>\n<meta name=\"description\" content=\"\u0417\u0430\u0440\u044f\u0434\u043d\u043e\u0435 \u0443\u0441\u0442\u0440\u043e\u0439\u0441\u0442\u0432\u043e GoPro Dual Max \u0441 \u0430\u043a\u043a\u0443\u043c\u0443\u043b\u044f\u0442\u043e\u0440\u043e\u043c Enduro \u043f\u043e\u0437\u0432\u043e\u043b\u044f\u0435\u0442 \u043e\u0434\u043d\u043e\u0432\u0440\u0435\u043c\u0435\u043d\u043d\u043e \u0437\u0430\u0440\u044f\u0436\u0430\u0442\u044c \u0434\u0432\u0435 \u0431\u0430\u0442\u0430\u0440\u0435\u0438 \u0438 \u0443\u043b\u0443\u0447\u0448\u0430\u0435\u0442 \u043f\u0440\u043e\u0438\u0437\u0432\u043e\u0434\u0438\u0442\u0435\u043b\u044c\u043d\u043e\u0441\u0442\u044c \u043a\u0430\u043c\u0435\u0440\u044b GoPro MAX.\" \/>\n<meta name=\"robots\" content=\"index, follow, max-snippet:-1, max-image-preview:large, max-video-preview:-1\" \/>\n<link rel=\"canonical\" href=\"https:\/\/xstyle.md\/ro\/produs\/zaryadnoe-ustrojstvo-gopro-dual-max-acumulator-enduro\/\" \/>\n<meta property=\"og:locale\" content=\"ro_RO\" \/>\n<meta property=\"og:type\" content=\"article\" \/>\n<meta property=\"og:title\" content=\"\u0417\u0430\u0440\u044f\u0434\u043d\u043e\u0435 \u0443\u0441\u0442\u0440\u043e\u0439\u0441\u0442\u0432\u043e GoPro Enduro Dual Charger for Max + Battery (ACDBD-011) - \u041c\u0430\u0433\u0430\u0437\u0438\u043d Xstyle\" \/>\n<meta property=\"og:description\" content=\"\u0417\u0430\u0440\u044f\u0434\u043d\u043e\u0435 \u0443\u0441\u0442\u0440\u043e\u0439\u0441\u0442\u0432\u043e GoPro Dual Max \u0441 \u0430\u043a\u043a\u0443\u043c\u0443\u043b\u044f\u0442\u043e\u0440\u043e\u043c Enduro \u043f\u043e\u0437\u0432\u043e\u043b\u044f\u0435\u0442 \u043e\u0434\u043d\u043e\u0432\u0440\u0435\u043c\u0435\u043d\u043d\u043e \u0437\u0430\u0440\u044f\u0436\u0430\u0442\u044c \u0434\u0432\u0435 \u0431\u0430\u0442\u0430\u0440\u0435\u0438 \u0438 \u0443\u043b\u0443\u0447\u0448\u0430\u0435\u0442 \u043f\u0440\u043e\u0438\u0437\u0432\u043e\u0434\u0438\u0442\u0435\u043b\u044c\u043d\u043e\u0441\u0442\u044c \u043a\u0430\u043c\u0435\u0440\u044b GoPro MAX.\" \/>\n<meta property=\"og:url\" content=\"https:\/\/xstyle.md\/ro\/produs\/zaryadnoe-ustrojstvo-gopro-dual-max-acumulator-enduro\/\" \/>\n<meta property=\"og:site_name\" content=\"\u041c\u0430\u0433\u0430\u0437\u0438\u043d Xstyle\" \/>\n<meta property=\"article:publisher\" content=\"https:\/\/www.facebook.com\/xstylemd\" \/>\n<meta property=\"article:modified_time\" content=\"2025-10-24T09:36:40+00:00\" \/>\n<meta property=\"og:image\" content=\"https:\/\/xstyle.md\/wp-content\/uploads\/2024\/03\/gopro-dual-max-acumulator-enduro.jpg\" \/>\n\t<meta property=\"og:image:width\" content=\"1260\" \/>\n\t<meta property=\"og:image:height\" content=\"1152\" \/>\n\t<meta property=\"og:image:type\" content=\"image\/jpeg\" \/>\n<meta name=\"twitter:card\" content=\"summary_large_image\" \/>\n<meta name=\"twitter:label1\" content=\"Pre\u021b\" \/>\n\t<meta name=\"twitter:data1\" content=\"2.290&nbsp;MDL\" \/>\n\t<meta name=\"twitter:label2\" content=\"Disponibilitate\" \/>\n\t<meta name=\"twitter:data2\" content=\"\u00cen stoc\" \/>\n<script type=\"application\/ld+json\" class=\"yoast-schema-graph\">{\"@context\":\"https:\/\/schema.org\",\"@graph\":[{\"@type\":\"WebPage\",\"@id\":\"https:\/\/xstyle.md\/product\/zaryadnoe-ustrojstvo-gopro-dual-max-acumulator-enduro\/\",\"url\":\"https:\/\/xstyle.md\/product\/zaryadnoe-ustrojstvo-gopro-dual-max-acumulator-enduro\/\",\"name\":\"\u0417\u0430\u0440\u044f\u0434\u043d\u043e\u0435 \u0443\u0441\u0442\u0440\u043e\u0439\u0441\u0442\u0432\u043e GoPro Enduro Dual Charger for Max + Battery (ACDBD-011) - \u041c\u0430\u0433\u0430\u0437\u0438\u043d Xstyle\",\"isPartOf\":{\"@id\":\"https:\/\/xstyle.md\/#website\"},\"primaryImageOfPage\":{\"@id\":\"https:\/\/xstyle.md\/product\/zaryadnoe-ustrojstvo-gopro-dual-max-acumulator-enduro\/#primaryimage\"},\"image\":{\"@id\":\"https:\/\/xstyle.md\/product\/zaryadnoe-ustrojstvo-gopro-dual-max-acumulator-enduro\/#primaryimage\"},\"thumbnailUrl\":\"https:\/\/xstyle.md\/wp-content\/uploads\/2024\/03\/gopro-dual-max-acumulator-enduro.jpg\",\"datePublished\":\"2024-03-27T07:54:29+00:00\",\"dateModified\":\"2025-10-24T09:36:40+00:00\",\"description\":\"\u0417\u0430\u0440\u044f\u0434\u043d\u043e\u0435 \u0443\u0441\u0442\u0440\u043e\u0439\u0441\u0442\u0432\u043e GoPro Dual Max \u0441 \u0430\u043a\u043a\u0443\u043c\u0443\u043b\u044f\u0442\u043e\u0440\u043e\u043c Enduro \u043f\u043e\u0437\u0432\u043e\u043b\u044f\u0435\u0442 \u043e\u0434\u043d\u043e\u0432\u0440\u0435\u043c\u0435\u043d\u043d\u043e \u0437\u0430\u0440\u044f\u0436\u0430\u0442\u044c \u0434\u0432\u0435 \u0431\u0430\u0442\u0430\u0440\u0435\u0438 \u0438 \u0443\u043b\u0443\u0447\u0448\u0430\u0435\u0442 \u043f\u0440\u043e\u0438\u0437\u0432\u043e\u0434\u0438\u0442\u0435\u043b\u044c\u043d\u043e\u0441\u0442\u044c \u043a\u0430\u043c\u0435\u0440\u044b GoPro MAX.\",\"breadcrumb\":{\"@id\":\"https:\/\/xstyle.md\/product\/zaryadnoe-ustrojstvo-gopro-dual-max-acumulator-enduro\/#breadcrumb\"},\"inLanguage\":\"ro-RO\",\"potentialAction\":[{\"@type\":\"ReadAction\",\"target\":[\"https:\/\/xstyle.md\/product\/zaryadnoe-ustrojstvo-gopro-dual-max-acumulator-enduro\/\"]}]},{\"@type\":\"ImageObject\",\"inLanguage\":\"ro-RO\",\"@id\":\"https:\/\/xstyle.md\/product\/zaryadnoe-ustrojstvo-gopro-dual-max-acumulator-enduro\/#primaryimage\",\"url\":\"https:\/\/xstyle.md\/wp-content\/uploads\/2024\/03\/gopro-dual-max-acumulator-enduro.jpg\",\"contentUrl\":\"https:\/\/xstyle.md\/wp-content\/uploads\/2024\/03\/gopro-dual-max-acumulator-enduro.jpg\",\"width\":1260,\"height\":1152,\"caption\":\"\u0417\u0430\u0440\u044f\u0434\u043d\u043e\u0435 \u0443\u0441\u0442\u0440\u043e\u0439\u0441\u0442\u0432\u043e GoPro Enduro Dual \u0434\u043b\u044f Max \u0441 \u0430\u043a\u043a\u0443\u043c\u0443\u043b\u044f\u0442\u043e\u0440\u043e\u043c \u0434\u043b\u044f \u0430\u043a\u0442\u0438\u0432\u043d\u043e\u0433\u043e \u043e\u0442\u0434\u044b\u0445\u0430 \u043e\u0431\u0443\u0432\u044c \u0438 \u043e\u0434\u0435\u0436\u0434\u0430 \u0434\u043b\u044f \u0442\u0443\u0440\u0438\u0437\u043c\u0430 \u0432\u043e\u0441\u0445\u043e\u0436\u0434\u0435\u043d\u0438\u0435 \u0438 \u043f\u0443\u0442\u0435\u0448\u0435\u0441\u0442\u0432\u0438\u044f \u0430\u043b\u044c\u043f\u0438\u043d\u0438\u0437\u043c \u043d\u0430 \u043e\u0442\u043a\u0440\u044b\u0442\u043e\u043c \u0432\u043e\u0437\u0434\u0443\u0445\u0435\"},{\"@type\":\"BreadcrumbList\",\"@id\":\"https:\/\/xstyle.md\/product\/zaryadnoe-ustrojstvo-gopro-dual-max-acumulator-enduro\/#breadcrumb\",\"itemListElement\":[{\"@type\":\"ListItem\",\"position\":1,\"name\":\"\u0413\u043b\u0430\u0432\u043d\u0430\u044f \u0441\u0442\u0440\u0430\u043d\u0438\u0446\u0430\",\"item\":\"https:\/\/xstyle.md\/\"},{\"@type\":\"ListItem\",\"position\":2,\"name\":\"\u041c\u0430\u0433\u0430\u0437\u0438\u043d\",\"item\":\"https:\/\/xstyle.md\/shop\/\"},{\"@type\":\"ListItem\",\"position\":3,\"name\":\"\u0417\u0430\u0440\u044f\u0434\u043d\u043e\u0435 \u0443\u0441\u0442\u0440\u043e\u0439\u0441\u0442\u0432\u043e GoPro Enduro Dual Charger for Max + Battery (ACDBD-011)\"}]},{\"@type\":\"WebSite\",\"@id\":\"https:\/\/xstyle.md\/#website\",\"url\":\"https:\/\/xstyle.md\/\",\"name\":\"\u041c\u0430\u0433\u0430\u0437\u0438\u043d Xstyle\",\"description\":\"C\u043d\u0430\u0440\u044f\u0436\u0435\u043d\u0438\u0435 \u0434\u043b\u044f \u0442\u0443\u0440\u0438\u0437\u043c\u0430 \u0438 \u044d\u043a\u0441\u0442\u0440\u0435\u043c\u0430\u043b\u044c\u043d\u044b\u0445 \u0432\u0438\u0434\u043e\u0432 \u0441\u043f\u043e\u0440\u0442\u0430 \u0432 \u041c\u043e\u043b\u0434\u043e\u0432\u0435.. \u0426\u0435\u043d\u044b, \u0444\u043e\u0442\u043e, \u0445\u0430\u0440\u0430\u043a\u0442\u0435\u0440\u0438\u0441\u0442\u0438\u043a\u0438 \u0432 \u041c\u043e\u043b\u0434\u043e\u0432\u0435.\",\"publisher\":{\"@id\":\"https:\/\/xstyle.md\/#organization\"},\"alternateName\":\"X-Style\",\"potentialAction\":[{\"@type\":\"SearchAction\",\"target\":{\"@type\":\"EntryPoint\",\"urlTemplate\":\"https:\/\/xstyle.md\/?s={search_term_string}\"},\"query-input\":{\"@type\":\"PropertyValueSpecification\",\"valueRequired\":true,\"valueName\":\"search_term_string\"}}],\"inLanguage\":\"ro-RO\"},{\"@type\":\"Organization\",\"@id\":\"https:\/\/xstyle.md\/#organization\",\"name\":\"\u041c\u0430\u0433\u0430\u0437\u0438\u043d Xstyle\",\"alternateName\":\"x-style\",\"url\":\"https:\/\/xstyle.md\/\",\"logo\":{\"@type\":\"ImageObject\",\"inLanguage\":\"ro-RO\",\"@id\":\"https:\/\/xstyle.md\/#\/schema\/logo\/image\/\",\"url\":\"https:\/\/xstyle.md\/wp-content\/uploads\/2020\/06\/logoicon.svg\",\"contentUrl\":\"https:\/\/xstyle.md\/wp-content\/uploads\/2020\/06\/logoicon.svg\",\"caption\":\"\u041c\u0430\u0433\u0430\u0437\u0438\u043d Xstyle\"},\"image\":{\"@id\":\"https:\/\/xstyle.md\/#\/schema\/logo\/image\/\"},\"sameAs\":[\"https:\/\/www.facebook.com\/xstylemd\",\"https:\/\/www.instagram.com\/xstyle_md\/\",\"https:\/\/t.me\/xstyle_outdoor\"],\"hasMerchantReturnPolicy\":{\"@type\":\"MerchantReturnPolicy\",\"merchantReturnLink\":\"https:\/\/xstyle.md\/ro\/conditions\/\"}}]}<\/script>\n<meta property=\"product:price:amount\" content=\"2290.00\" \/>\n<meta property=\"product:price:currency\" content=\"MDL\" \/>\n<meta property=\"og:availability\" content=\"instock\" \/>\n<meta property=\"product:availability\" content=\"instock\" \/>\n<meta property=\"product:retailer_item_id\" content=\"818279029413\" \/>\n<meta property=\"product:condition\" content=\"new\" \/>\n<!-- \/ Yoast SEO plugin. -->","yoast_head_json":{"title":"\u0417\u0430\u0440\u044f\u0434\u043d\u043e\u0435 \u0443\u0441\u0442\u0440\u043e\u0439\u0441\u0442\u0432\u043e GoPro Enduro Dual Charger for Max + Battery (ACDBD-011) - \u041c\u0430\u0433\u0430\u0437\u0438\u043d Xstyle","description":"\u00cenc\u0103rc\u0103torul GoPro Dual Max cu bateria Enduro permite \u00eenc\u0103rcarea simultan\u0103 a dou\u0103 baterii \u0219i \u00eembun\u0103t\u0103\u021be\u0219te performan\u021ba camerei GoPro MAX.","robots":{"index":"index","follow":"follow","max-snippet":"max-snippet:-1","max-image-preview":"max-image-preview:large","max-video-preview":"max-video-preview:-1"},"canonical":"https:\/\/xstyle.md\/ro\/produs\/zaryadnoe-ustrojstvo-gopro-dual-max-acumulator-enduro\/","og_locale":"ro_RO","og_type":"article","og_title":"\u0417\u0430\u0440\u044f\u0434\u043d\u043e\u0435 \u0443\u0441\u0442\u0440\u043e\u0439\u0441\u0442\u0432\u043e GoPro Enduro Dual Charger for Max + Battery (ACDBD-011) - \u041c\u0430\u0433\u0430\u0437\u0438\u043d Xstyle","og_description":"\u0417\u0430\u0440\u044f\u0434\u043d\u043e\u0435 \u0443\u0441\u0442\u0440\u043e\u0439\u0441\u0442\u0432\u043e GoPro Dual Max \u0441 \u0430\u043a\u043a\u0443\u043c\u0443\u043b\u044f\u0442\u043e\u0440\u043e\u043c Enduro \u043f\u043e\u0437\u0432\u043e\u043b\u044f\u0435\u0442 \u043e\u0434\u043d\u043e\u0432\u0440\u0435\u043c\u0435\u043d\u043d\u043e \u0437\u0430\u0440\u044f\u0436\u0430\u0442\u044c \u0434\u0432\u0435 \u0431\u0430\u0442\u0430\u0440\u0435\u0438 \u0438 \u0443\u043b\u0443\u0447\u0448\u0430\u0435\u0442 \u043f\u0440\u043e\u0438\u0437\u0432\u043e\u0434\u0438\u0442\u0435\u043b\u044c\u043d\u043e\u0441\u0442\u044c \u043a\u0430\u043c\u0435\u0440\u044b GoPro MAX.","og_url":"https:\/\/xstyle.md\/ro\/produs\/zaryadnoe-ustrojstvo-gopro-dual-max-acumulator-enduro\/","og_site_name":"\u041c\u0430\u0433\u0430\u0437\u0438\u043d Xstyle","article_publisher":"https:\/\/www.facebook.com\/xstylemd","article_modified_time":"2025-10-24T09:36:40+00:00","og_image":[{"width":1260,"height":1152,"url":"https:\/\/xstyle.md\/wp-content\/uploads\/2024\/03\/gopro-dual-max-acumulator-enduro.jpg","type":"image\/jpeg"}],"twitter_card":"summary_large_image","twitter_misc":{"Pre\u021b":"2.290&nbsp;MDL","Disponibilitate":"\u00cen stoc"},"schema":{"@context":"https:\/\/schema.org","@graph":[{"@type":"WebPage","@id":"https:\/\/xstyle.md\/product\/zaryadnoe-ustrojstvo-gopro-dual-max-acumulator-enduro\/","url":"https:\/\/xstyle.md\/product\/zaryadnoe-ustrojstvo-gopro-dual-max-acumulator-enduro\/","name":"\u0417\u0430\u0440\u044f\u0434\u043d\u043e\u0435 \u0443\u0441\u0442\u0440\u043e\u0439\u0441\u0442\u0432\u043e GoPro Enduro Dual Charger for Max + Battery (ACDBD-011) - \u041c\u0430\u0433\u0430\u0437\u0438\u043d Xstyle","isPartOf":{"@id":"https:\/\/xstyle.md\/#website"},"primaryImageOfPage":{"@id":"https:\/\/xstyle.md\/product\/zaryadnoe-ustrojstvo-gopro-dual-max-acumulator-enduro\/#primaryimage"},"image":{"@id":"https:\/\/xstyle.md\/product\/zaryadnoe-ustrojstvo-gopro-dual-max-acumulator-enduro\/#primaryimage"},"thumbnailUrl":"https:\/\/xstyle.md\/wp-content\/uploads\/2024\/03\/gopro-dual-max-acumulator-enduro.jpg","datePublished":"2024-03-27T07:54:29+00:00","dateModified":"2025-10-24T09:36:40+00:00","description":"\u00cenc\u0103rc\u0103torul GoPro Dual Max cu bateria Enduro permite \u00eenc\u0103rcarea simultan\u0103 a dou\u0103 baterii \u0219i \u00eembun\u0103t\u0103\u021be\u0219te performan\u021ba camerei GoPro MAX.","breadcrumb":{"@id":"https:\/\/xstyle.md\/product\/zaryadnoe-ustrojstvo-gopro-dual-max-acumulator-enduro\/#breadcrumb"},"inLanguage":"ro-RO","potentialAction":[{"@type":"ReadAction","target":["https:\/\/xstyle.md\/product\/zaryadnoe-ustrojstvo-gopro-dual-max-acumulator-enduro\/"]}]},{"@type":"ImageObject","inLanguage":"ro-RO","@id":"https:\/\/xstyle.md\/product\/zaryadnoe-ustrojstvo-gopro-dual-max-acumulator-enduro\/#primaryimage","url":"https:\/\/xstyle.md\/wp-content\/uploads\/2024\/03\/gopro-dual-max-acumulator-enduro.jpg","contentUrl":"https:\/\/xstyle.md\/wp-content\/uploads\/2024\/03\/gopro-dual-max-acumulator-enduro.jpg","width":1260,"height":1152,"caption":"\u0417\u0430\u0440\u044f\u0434\u043d\u043e\u0435 \u0443\u0441\u0442\u0440\u043e\u0439\u0441\u0442\u0432\u043e GoPro Enduro Dual \u0434\u043b\u044f Max \u0441 \u0430\u043a\u043a\u0443\u043c\u0443\u043b\u044f\u0442\u043e\u0440\u043e\u043c \u0434\u043b\u044f \u0430\u043a\u0442\u0438\u0432\u043d\u043e\u0433\u043e \u043e\u0442\u0434\u044b\u0445\u0430 \u043e\u0431\u0443\u0432\u044c \u0438 \u043e\u0434\u0435\u0436\u0434\u0430 \u0434\u043b\u044f \u0442\u0443\u0440\u0438\u0437\u043c\u0430 \u0432\u043e\u0441\u0445\u043e\u0436\u0434\u0435\u043d\u0438\u0435 \u0438 \u043f\u0443\u0442\u0435\u0448\u0435\u0441\u0442\u0432\u0438\u044f \u0430\u043b\u044c\u043f\u0438\u043d\u0438\u0437\u043c \u043d\u0430 \u043e\u0442\u043a\u0440\u044b\u0442\u043e\u043c \u0432\u043e\u0437\u0434\u0443\u0445\u0435"},{"@type":"BreadcrumbList","@id":"https:\/\/xstyle.md\/product\/zaryadnoe-ustrojstvo-gopro-dual-max-acumulator-enduro\/#breadcrumb","itemListElement":[{"@type":"ListItem","position":1,"name":"\u0413\u043b\u0430\u0432\u043d\u0430\u044f \u0441\u0442\u0440\u0430\u043d\u0438\u0446\u0430","item":"https:\/\/xstyle.md\/"},{"@type":"ListItem","position":2,"name":"\u041c\u0430\u0433\u0430\u0437\u0438\u043d","item":"https:\/\/xstyle.md\/shop\/"},{"@type":"ListItem","position":3,"name":"\u0417\u0430\u0440\u044f\u0434\u043d\u043e\u0435 \u0443\u0441\u0442\u0440\u043e\u0439\u0441\u0442\u0432\u043e GoPro Enduro Dual Charger for Max + Battery (ACDBD-011)"}]},{"@type":"WebSite","@id":"https:\/\/xstyle.md\/#website","url":"https:\/\/xstyle.md\/","name":"Magazinul X-Style","description":"Echipamente pentru turism \u0219i sporturi extreme \u00een Moldova. Pre\u021buri, fotografii, caracteristici \u00een Moldova.","publisher":{"@id":"https:\/\/xstyle.md\/#organization"},"alternateName":"X-Style","potentialAction":[{"@type":"SearchAction","target":{"@type":"EntryPoint","urlTemplate":"https:\/\/xstyle.md\/?s={search_term_string}"},"query-input":{"@type":"PropertyValueSpecification","valueRequired":true,"valueName":"search_term_string"}}],"inLanguage":"ro-RO"},{"@type":"Organization","@id":"https:\/\/xstyle.md\/#organization","name":"Magazinul X-Style","alternateName":"x-style","url":"https:\/\/xstyle.md\/","logo":{"@type":"ImageObject","inLanguage":"ro-RO","@id":"https:\/\/xstyle.md\/#\/schema\/logo\/image\/","url":"https:\/\/xstyle.md\/wp-content\/uploads\/2020\/06\/logoicon.svg","contentUrl":"https:\/\/xstyle.md\/wp-content\/uploads\/2020\/06\/logoicon.svg","caption":"\u041c\u0430\u0433\u0430\u0437\u0438\u043d Xstyle"},"image":{"@id":"https:\/\/xstyle.md\/#\/schema\/logo\/image\/"},"sameAs":["https:\/\/www.facebook.com\/xstylemd","https:\/\/www.instagram.com\/xstyle_md\/","https:\/\/t.me\/xstyle_outdoor"],"hasMerchantReturnPolicy":{"@type":"MerchantReturnPolicy","merchantReturnLink":"https:\/\/xstyle.md\/ro\/conditions\/"}}]},"product_price_amount":"2290.00","product_price_currency":"MDL","og_availability":"instock","product_availability":"instock","product_retailer_item_id":"818279029413","product_condition":"new"},"post_mailing_queue_ids":[],"_links":{"self":[{"href":"https:\/\/xstyle.md\/ro\/wp-json\/wp\/v2\/product\/81007","targetHints":{"allow":["GET"]}}],"collection":[{"href":"https:\/\/xstyle.md\/ro\/wp-json\/wp\/v2\/product"}],"about":[{"href":"https:\/\/xstyle.md\/ro\/wp-json\/wp\/v2\/types\/product"}],"replies":[{"embeddable":true,"href":"https:\/\/xstyle.md\/ro\/wp-json\/wp\/v2\/comments?post=81007"}],"wp:featuredmedia":[{"embeddable":true,"href":"https:\/\/xstyle.md\/ro\/wp-json\/wp\/v2\/media\/81102"}],"wp:attachment":[{"href":"https:\/\/xstyle.md\/ro\/wp-json\/wp\/v2\/media?parent=81007"}],"wp:term":[{"taxonomy":"product_brand","embeddable":true,"href":"https:\/\/xstyle.md\/ro\/wp-json\/wp\/v2\/product_brand?post=81007"},{"taxonomy":"product_cat","embeddable":true,"href":"https:\/\/xstyle.md\/ro\/wp-json\/wp\/v2\/product_cat?post=81007"},{"taxonomy":"product_tag","embeddable":true,"href":"https:\/\/xstyle.md\/ro\/wp-json\/wp\/v2\/product_tag?post=81007"}],"curies":[{"name":"wp","href":"https:\/\/api.w.org\/{rel}","templated":true}]}}