{"id":81006,"date":"2024-03-27T10:54:28","date_gmt":"2024-03-27T07:54:28","guid":{"rendered":"https:\/\/xstyle.md\/?post_type=product&#038;p=81006"},"modified":"2026-02-12T19:58:14","modified_gmt":"2026-02-12T16:58:14","slug":"kreplenie-na-rul-gopro-handlebar-seatpost-mount","status":"publish","type":"product","link":"https:\/\/xstyle.md\/ro\/produs\/kreplenie-na-rul-gopro-handlebar-seatpost-mount\/","title":{"rendered":"Fixator camera GoPro Handlebar\/Seatpost\/Pole Mount (AGTSM-001)"},"content":{"rendered":"<\/p>\n<p><strong>GoPro Handlebar\/Seatpost Mount<\/strong> &#8212; suport pentru ghidon, scaun sau baston de schi, care este indispensabil pentru orice pasionat de activit\u0103\u021bi \u00een aer liber. Cu ajutorul acestuia, pute\u021bi monta cu u\u0219urin\u021b\u0103 camera de ac\u021biune pe orice \u021beav\u0103 cu un diametru de 9-35 mm. Designul special al bazei suportului v\u0103 va permite s\u0103 roti\u021bi camera la 360 de grade pentru a g\u0103si cel mai bun unghi de filmare \u0219i pentru a surprinde cele mai luminoase momente. Tampoanele din cauciuc \u00eempiedic\u0103 alunecarea camerei pe \u021beav\u0103 \u0219i absorb vibra\u021biile. Setul include: suport pentru ghidon, 2 pl\u0103cu\u021be de cauciuc (mici \u0219i mari), cataram\u0103 de montare pentru montare vertical\u0103, \u0219urub micrometric.<\/p>\n<h3>Particularit\u0103\u021bi<\/h3>\n<ul>\n<li>Instalare instantanee \u0219i u\u0219oar\u0103 &#8212; se instaleaz\u0103 manual, f\u0103r\u0103 a fi nevoie de unelte suplimentare;<\/li>\n<li>Platforma de montare cu eliberare rapid\u0103 permite repozi\u021bionarea camerei \u00een c\u00e2teva secunde;<\/li>\n<li>Baza rotativ\u0103 a suportului faciliteaz\u0103 schimbarea pozi\u021biei camerei, chiar \u0219i \u00een timpul condusului;<\/li>\n<li>Design fiabil \u0219i lipsit de ambiguitate;<\/li>\n<li>F\u0103r\u0103 piese mici care pot fi u\u0219or pierdute sau deteriorate;<\/li>\n<li>File de cauciuc confortabile care absorb vibra\u021biile;<\/li>\n<li>Compact \u0219i u\u0219or;<\/li>\n<li>Utilizarea de materiale de calitate \u0219i sigure.<\/li>\n<\/ul>\n<p><\/p>","protected":false},"excerpt":{"rendered":"","protected":false},"featured_media":81085,"comment_status":"open","ping_status":"closed","template":"","meta":{"_acf_changed":false,"inline_featured_image":false},"product_brand":[1307],"product_cat":[866],"product_tag":[],"class_list":{"0":"post-81006","1":"product","2":"type-product","3":"status-publish","4":"has-post-thumbnail","6":"product_brand-gopro","7":"product_cat-mounting","9":"first","10":"instock","11":"shipping-taxable","12":"purchasable","13":"product-type-simple"},"acf":[],"yoast_head":"<!-- This site is optimized with the Yoast SEO plugin v27.4 - https:\/\/yoast.com\/product\/yoast-seo-wordpress\/ -->\n<title>\u041a\u0440\u0435\u043f\u043b\u0435\u043d\u0438\u0435 \u043d\u0430 \u0440\u0443\u043b\u044c\/\u043f\u043e\u0434\u0441\u0435\u0434\u0435\u043b\u044c\u043d\u044b\u0439 \u0448\u0442\u044b\u0440\u044c\/\u043b\u044b\u0436\u043d\u044b\u0435 \u043f\u0430\u043b\u043a\u0438 GoPro Handlebar\/Seatpost\/Pole Mount (AGTSM-001) - \u041c\u0430\u0433\u0430\u0437\u0438\u043d Xstyle<\/title>\n<meta name=\"description\" content=\"\u0417\u0430\u043a\u0440\u0435\u043f\u0438\u0442\u0435 \u0441\u0432\u043e\u044e GoPro \u043d\u0430 \u0440\u0443\u043b\u0435 \u0438\u043b\u0438 \u0441\u0435\u0434\u043b\u0435 \u0441 \u043f\u043e\u043c\u043e\u0449\u044c\u044e \u043a\u0440\u043e\u043d\u0448\u0442\u0435\u0439\u043d\u0430 GoPro! \u0418\u0434\u0435\u0430\u043b\u044c\u043d\u043e \u043f\u043e\u0434\u0445\u043e\u0434\u0438\u0442 \u0434\u043b\u044f \u0430\u043a\u0442\u0438\u0432\u043d\u043e\u0433\u043e \u043e\u0442\u0434\u044b\u0445\u0430 \u0441 \u0432\u043e\u0437\u043c\u043e\u0436\u043d\u043e\u0441\u0442\u044c\u044e \u0432\u0440\u0430\u0449\u0435\u043d\u0438\u044f \u043d\u0430 360\u00b0.\" \/>\n<meta name=\"robots\" content=\"index, follow, max-snippet:-1, max-image-preview:large, max-video-preview:-1\" \/>\n<link rel=\"canonical\" href=\"https:\/\/xstyle.md\/ro\/produs\/kreplenie-na-rul-gopro-handlebar-seatpost-mount\/\" \/>\n<meta property=\"og:locale\" content=\"ro_RO\" \/>\n<meta property=\"og:type\" content=\"article\" \/>\n<meta property=\"og:title\" content=\"\u041a\u0440\u0435\u043f\u043b\u0435\u043d\u0438\u0435 \u043d\u0430 \u0440\u0443\u043b\u044c\/\u043f\u043e\u0434\u0441\u0435\u0434\u0435\u043b\u044c\u043d\u044b\u0439 \u0448\u0442\u044b\u0440\u044c\/\u043b\u044b\u0436\u043d\u044b\u0435 \u043f\u0430\u043b\u043a\u0438 GoPro Handlebar\/Seatpost\/Pole Mount (AGTSM-001) - \u041c\u0430\u0433\u0430\u0437\u0438\u043d Xstyle\" \/>\n<meta property=\"og:description\" content=\"\u0417\u0430\u043a\u0440\u0435\u043f\u0438\u0442\u0435 \u0441\u0432\u043e\u044e GoPro \u043d\u0430 \u0440\u0443\u043b\u0435 \u0438\u043b\u0438 \u0441\u0435\u0434\u043b\u0435 \u0441 \u043f\u043e\u043c\u043e\u0449\u044c\u044e \u043a\u0440\u043e\u043d\u0448\u0442\u0435\u0439\u043d\u0430 GoPro! \u0418\u0434\u0435\u0430\u043b\u044c\u043d\u043e \u043f\u043e\u0434\u0445\u043e\u0434\u0438\u0442 \u0434\u043b\u044f \u0430\u043a\u0442\u0438\u0432\u043d\u043e\u0433\u043e \u043e\u0442\u0434\u044b\u0445\u0430 \u0441 \u0432\u043e\u0437\u043c\u043e\u0436\u043d\u043e\u0441\u0442\u044c\u044e \u0432\u0440\u0430\u0449\u0435\u043d\u0438\u044f \u043d\u0430 360\u00b0.\" \/>\n<meta property=\"og:url\" content=\"https:\/\/xstyle.md\/ro\/produs\/kreplenie-na-rul-gopro-handlebar-seatpost-mount\/\" \/>\n<meta property=\"og:site_name\" content=\"\u041c\u0430\u0433\u0430\u0437\u0438\u043d Xstyle\" \/>\n<meta property=\"article:publisher\" content=\"https:\/\/www.facebook.com\/xstylemd\" \/>\n<meta property=\"article:modified_time\" content=\"2026-02-12T16:58:14+00:00\" \/>\n<meta property=\"og:image\" content=\"https:\/\/xstyle.md\/wp-content\/uploads\/2024\/03\/gopro-handlebar-seatpost-mount.jpg\" \/>\n\t<meta property=\"og:image:width\" content=\"803\" \/>\n\t<meta property=\"og:image:height\" content=\"686\" \/>\n\t<meta property=\"og:image:type\" content=\"image\/jpeg\" \/>\n<meta name=\"twitter:card\" content=\"summary_large_image\" \/>\n<meta name=\"twitter:label1\" content=\"Pre\u021b\" \/>\n\t<meta name=\"twitter:data1\" content=\"890&nbsp;MDL\" \/>\n\t<meta name=\"twitter:label2\" content=\"Disponibilitate\" \/>\n\t<meta name=\"twitter:data2\" content=\"\u00cen stoc\" \/>\n<script type=\"application\/ld+json\" class=\"yoast-schema-graph\">{\"@context\":\"https:\\\/\\\/schema.org\",\"@graph\":[{\"@type\":\"WebPage\",\"@id\":\"https:\\\/\\\/xstyle.md\\\/product\\\/kreplenie-na-rul-gopro-handlebar-seatpost-mount\\\/\",\"url\":\"https:\\\/\\\/xstyle.md\\\/product\\\/kreplenie-na-rul-gopro-handlebar-seatpost-mount\\\/\",\"name\":\"\u041a\u0440\u0435\u043f\u043b\u0435\u043d\u0438\u0435 \u043d\u0430 \u0440\u0443\u043b\u044c\\\/\u043f\u043e\u0434\u0441\u0435\u0434\u0435\u043b\u044c\u043d\u044b\u0439 \u0448\u0442\u044b\u0440\u044c\\\/\u043b\u044b\u0436\u043d\u044b\u0435 \u043f\u0430\u043b\u043a\u0438 GoPro Handlebar\\\/Seatpost\\\/Pole Mount (AGTSM-001) - \u041c\u0430\u0433\u0430\u0437\u0438\u043d Xstyle\",\"isPartOf\":{\"@id\":\"https:\\\/\\\/xstyle.md\\\/#website\"},\"primaryImageOfPage\":{\"@id\":\"https:\\\/\\\/xstyle.md\\\/product\\\/kreplenie-na-rul-gopro-handlebar-seatpost-mount\\\/#primaryimage\"},\"image\":{\"@id\":\"https:\\\/\\\/xstyle.md\\\/product\\\/kreplenie-na-rul-gopro-handlebar-seatpost-mount\\\/#primaryimage\"},\"thumbnailUrl\":\"https:\\\/\\\/xstyle.md\\\/wp-content\\\/uploads\\\/2024\\\/03\\\/gopro-handlebar-seatpost-mount.jpg\",\"datePublished\":\"2024-03-27T07:54:28+00:00\",\"dateModified\":\"2026-02-12T16:58:14+00:00\",\"description\":\"\u0417\u0430\u043a\u0440\u0435\u043f\u0438\u0442\u0435 \u0441\u0432\u043e\u044e GoPro \u043d\u0430 \u0440\u0443\u043b\u0435 \u0438\u043b\u0438 \u0441\u0435\u0434\u043b\u0435 \u0441 \u043f\u043e\u043c\u043e\u0449\u044c\u044e \u043a\u0440\u043e\u043d\u0448\u0442\u0435\u0439\u043d\u0430 GoPro! \u0418\u0434\u0435\u0430\u043b\u044c\u043d\u043e \u043f\u043e\u0434\u0445\u043e\u0434\u0438\u0442 \u0434\u043b\u044f \u0430\u043a\u0442\u0438\u0432\u043d\u043e\u0433\u043e \u043e\u0442\u0434\u044b\u0445\u0430 \u0441 \u0432\u043e\u0437\u043c\u043e\u0436\u043d\u043e\u0441\u0442\u044c\u044e \u0432\u0440\u0430\u0449\u0435\u043d\u0438\u044f \u043d\u0430 360\u00b0.\",\"breadcrumb\":{\"@id\":\"https:\\\/\\\/xstyle.md\\\/product\\\/kreplenie-na-rul-gopro-handlebar-seatpost-mount\\\/#breadcrumb\"},\"inLanguage\":\"ro-RO\",\"potentialAction\":[{\"@type\":\"ReadAction\",\"target\":[\"https:\\\/\\\/xstyle.md\\\/product\\\/kreplenie-na-rul-gopro-handlebar-seatpost-mount\\\/\"]}]},{\"@type\":\"ImageObject\",\"inLanguage\":\"ro-RO\",\"@id\":\"https:\\\/\\\/xstyle.md\\\/product\\\/kreplenie-na-rul-gopro-handlebar-seatpost-mount\\\/#primaryimage\",\"url\":\"https:\\\/\\\/xstyle.md\\\/wp-content\\\/uploads\\\/2024\\\/03\\\/gopro-handlebar-seatpost-mount.jpg\",\"contentUrl\":\"https:\\\/\\\/xstyle.md\\\/wp-content\\\/uploads\\\/2024\\\/03\\\/gopro-handlebar-seatpost-mount.jpg\",\"width\":803,\"height\":686,\"caption\":\"\u0421\u0442\u0440\u0435\u043c\u044f\u043d\u043a\u0430 \u0434\u043b\u044f \u043a\u0440\u0435\u043f\u043b\u0435\u043d\u0438\u044f \u043d\u0430 \u0440\u0443\u043b\u044c \u0438\u043b\u0438 \u043f\u043e\u0434\u0441\u0435\u0434\u0435\u043b\u044c\u043d\u044b\u0439 \u0448\u0442\u044b\u0440\u044c \u0434\u043b\u044f \u0430\u043a\u0442\u0438\u0432\u043d\u043e\u0433\u043e \u043e\u0442\u0434\u044b\u0445\u0430, \u043f\u0443\u0442\u0435\u0448\u0435\u0441\u0442\u0432\u0438\u0439, \u0445\u0430\u0439\u043a\u0438\u043d\u0433\u0430, \u0430\u043b\u044c\u043f\u0438\u043d\u0438\u0437\u043c\u0430 \u0438 \u0441\u043f\u043e\u0440\u0442\u0438\u0432\u043d\u043e\u0439 \u043e\u0431\u0443\u0432\u0438 \u0438 \u043e\u0434\u0435\u0436\u0434\u044b \u0434\u043b\u044f \u043e\u043d\u043b\u0430\u0439\u043d-\u043c\u0430\u0433\u0430\u0437\u0438\u043d\u0430 \u0441\u043f\u043e\u0440\u0442\u0438\u0432\u043d\u044b\u0445 \u0442\u043e\u0432\u0430\u0440\u043e\u0432\"},{\"@type\":\"BreadcrumbList\",\"@id\":\"https:\\\/\\\/xstyle.md\\\/product\\\/kreplenie-na-rul-gopro-handlebar-seatpost-mount\\\/#breadcrumb\",\"itemListElement\":[{\"@type\":\"ListItem\",\"position\":1,\"name\":\"\u0413\u043b\u0430\u0432\u043d\u0430\u044f \u0441\u0442\u0440\u0430\u043d\u0438\u0446\u0430\",\"item\":\"https:\\\/\\\/xstyle.md\\\/\"},{\"@type\":\"ListItem\",\"position\":2,\"name\":\"\u041c\u0430\u0433\u0430\u0437\u0438\u043d\",\"item\":\"https:\\\/\\\/xstyle.md\\\/shop\\\/\"},{\"@type\":\"ListItem\",\"position\":3,\"name\":\"\u041a\u0440\u0435\u043f\u043b\u0435\u043d\u0438\u0435 \u043d\u0430 \u0440\u0443\u043b\u044c\\\/\u043f\u043e\u0434\u0441\u0435\u0434\u0435\u043b\u044c\u043d\u044b\u0439 \u0448\u0442\u044b\u0440\u044c\\\/\u043b\u044b\u0436\u043d\u044b\u0435 \u043f\u0430\u043b\u043a\u0438 GoPro Handlebar\\\/Seatpost\\\/Pole Mount (AGTSM-001)\"}]},{\"@type\":\"WebSite\",\"@id\":\"https:\\\/\\\/xstyle.md\\\/#website\",\"url\":\"https:\\\/\\\/xstyle.md\\\/\",\"name\":\"\u041c\u0430\u0433\u0430\u0437\u0438\u043d Xstyle\",\"description\":\"C\u043d\u0430\u0440\u044f\u0436\u0435\u043d\u0438\u0435 \u0434\u043b\u044f \u0442\u0443\u0440\u0438\u0437\u043c\u0430 \u0438 \u044d\u043a\u0441\u0442\u0440\u0435\u043c\u0430\u043b\u044c\u043d\u044b\u0445 \u0432\u0438\u0434\u043e\u0432 \u0441\u043f\u043e\u0440\u0442\u0430 \u0432 \u041c\u043e\u043b\u0434\u043e\u0432\u0435.. \u0426\u0435\u043d\u044b, \u0444\u043e\u0442\u043e, \u0445\u0430\u0440\u0430\u043a\u0442\u0435\u0440\u0438\u0441\u0442\u0438\u043a\u0438 \u0432 \u041c\u043e\u043b\u0434\u043e\u0432\u0435.\",\"publisher\":{\"@id\":\"https:\\\/\\\/xstyle.md\\\/#organization\"},\"alternateName\":\"X-Style\",\"potentialAction\":[{\"@type\":\"SearchAction\",\"target\":{\"@type\":\"EntryPoint\",\"urlTemplate\":\"https:\\\/\\\/xstyle.md\\\/?s={search_term_string}\"},\"query-input\":{\"@type\":\"PropertyValueSpecification\",\"valueRequired\":true,\"valueName\":\"search_term_string\"}}],\"inLanguage\":\"ro-RO\"},{\"@type\":\"Organization\",\"@id\":\"https:\\\/\\\/xstyle.md\\\/#organization\",\"name\":\"\u041c\u0430\u0433\u0430\u0437\u0438\u043d Xstyle\",\"alternateName\":\"x-style\",\"url\":\"https:\\\/\\\/xstyle.md\\\/\",\"logo\":{\"@type\":\"ImageObject\",\"inLanguage\":\"ro-RO\",\"@id\":\"https:\\\/\\\/xstyle.md\\\/#\\\/schema\\\/logo\\\/image\\\/\",\"url\":\"https:\\\/\\\/xstyle.md\\\/wp-content\\\/uploads\\\/2020\\\/06\\\/logoicon.svg\",\"contentUrl\":\"https:\\\/\\\/xstyle.md\\\/wp-content\\\/uploads\\\/2020\\\/06\\\/logoicon.svg\",\"caption\":\"\u041c\u0430\u0433\u0430\u0437\u0438\u043d Xstyle\"},\"image\":{\"@id\":\"https:\\\/\\\/xstyle.md\\\/#\\\/schema\\\/logo\\\/image\\\/\"},\"sameAs\":[\"https:\\\/\\\/www.facebook.com\\\/xstylemd\",\"https:\\\/\\\/www.instagram.com\\\/xstyle_md\\\/\",\"https:\\\/\\\/t.me\\\/xstyle_outdoor\"],\"hasMerchantReturnPolicy\":{\"@type\":\"MerchantReturnPolicy\",\"merchantReturnLink\":\"https:\\\/\\\/xstyle.md\\\/ro\\\/conditions\\\/\"}}]}<\/script>\n<meta property=\"product:price:amount\" content=\"890.00\" \/>\n<meta property=\"product:price:currency\" content=\"MDL\" \/>\n<meta property=\"og:availability\" content=\"instock\" \/>\n<meta property=\"product:availability\" content=\"instock\" \/>\n<meta property=\"product:retailer_item_id\" content=\"818279015713\" \/>\n<meta property=\"product:condition\" content=\"new\" \/>\n<!-- \/ Yoast SEO plugin. -->","yoast_head_json":{"title":"\u041a\u0440\u0435\u043f\u043b\u0435\u043d\u0438\u0435 \u043d\u0430 \u0440\u0443\u043b\u044c\/\u043f\u043e\u0434\u0441\u0435\u0434\u0435\u043b\u044c\u043d\u044b\u0439 \u0448\u0442\u044b\u0440\u044c\/\u043b\u044b\u0436\u043d\u044b\u0435 \u043f\u0430\u043b\u043a\u0438 GoPro Handlebar\/Seatpost\/Pole Mount (AGTSM-001) - \u041c\u0430\u0433\u0430\u0437\u0438\u043d Xstyle","description":"Ata\u0219a\u021bi-v\u0103 camera GoPro pe ghidon sau pe \u0219a cu ajutorul suportului GoPro! Ideal pentru activit\u0103\u021bi \u00een aer liber, cu posibilitate de rotire la 360\u00b0.","robots":{"index":"index","follow":"follow","max-snippet":"max-snippet:-1","max-image-preview":"max-image-preview:large","max-video-preview":"max-video-preview:-1"},"canonical":"https:\/\/xstyle.md\/ro\/produs\/kreplenie-na-rul-gopro-handlebar-seatpost-mount\/","og_locale":"ro_RO","og_type":"article","og_title":"\u041a\u0440\u0435\u043f\u043b\u0435\u043d\u0438\u0435 \u043d\u0430 \u0440\u0443\u043b\u044c\/\u043f\u043e\u0434\u0441\u0435\u0434\u0435\u043b\u044c\u043d\u044b\u0439 \u0448\u0442\u044b\u0440\u044c\/\u043b\u044b\u0436\u043d\u044b\u0435 \u043f\u0430\u043b\u043a\u0438 GoPro Handlebar\/Seatpost\/Pole Mount (AGTSM-001) - \u041c\u0430\u0433\u0430\u0437\u0438\u043d Xstyle","og_description":"\u0417\u0430\u043a\u0440\u0435\u043f\u0438\u0442\u0435 \u0441\u0432\u043e\u044e GoPro \u043d\u0430 \u0440\u0443\u043b\u0435 \u0438\u043b\u0438 \u0441\u0435\u0434\u043b\u0435 \u0441 \u043f\u043e\u043c\u043e\u0449\u044c\u044e \u043a\u0440\u043e\u043d\u0448\u0442\u0435\u0439\u043d\u0430 GoPro! \u0418\u0434\u0435\u0430\u043b\u044c\u043d\u043e \u043f\u043e\u0434\u0445\u043e\u0434\u0438\u0442 \u0434\u043b\u044f \u0430\u043a\u0442\u0438\u0432\u043d\u043e\u0433\u043e \u043e\u0442\u0434\u044b\u0445\u0430 \u0441 \u0432\u043e\u0437\u043c\u043e\u0436\u043d\u043e\u0441\u0442\u044c\u044e \u0432\u0440\u0430\u0449\u0435\u043d\u0438\u044f \u043d\u0430 360\u00b0.","og_url":"https:\/\/xstyle.md\/ro\/produs\/kreplenie-na-rul-gopro-handlebar-seatpost-mount\/","og_site_name":"\u041c\u0430\u0433\u0430\u0437\u0438\u043d Xstyle","article_publisher":"https:\/\/www.facebook.com\/xstylemd","article_modified_time":"2026-02-12T16:58:14+00:00","og_image":[{"width":803,"height":686,"url":"https:\/\/xstyle.md\/wp-content\/uploads\/2024\/03\/gopro-handlebar-seatpost-mount.jpg","type":"image\/jpeg"}],"twitter_card":"summary_large_image","twitter_misc":{"Pre\u021b":"890&nbsp;MDL","Disponibilitate":"\u00cen stoc"},"schema":{"@context":"https:\/\/schema.org","@graph":[{"@type":"WebPage","@id":"https:\/\/xstyle.md\/product\/kreplenie-na-rul-gopro-handlebar-seatpost-mount\/","url":"https:\/\/xstyle.md\/product\/kreplenie-na-rul-gopro-handlebar-seatpost-mount\/","name":"\u041a\u0440\u0435\u043f\u043b\u0435\u043d\u0438\u0435 \u043d\u0430 \u0440\u0443\u043b\u044c\/\u043f\u043e\u0434\u0441\u0435\u0434\u0435\u043b\u044c\u043d\u044b\u0439 \u0448\u0442\u044b\u0440\u044c\/\u043b\u044b\u0436\u043d\u044b\u0435 \u043f\u0430\u043b\u043a\u0438 GoPro Handlebar\/Seatpost\/Pole Mount (AGTSM-001) - \u041c\u0430\u0433\u0430\u0437\u0438\u043d Xstyle","isPartOf":{"@id":"https:\/\/xstyle.md\/#website"},"primaryImageOfPage":{"@id":"https:\/\/xstyle.md\/product\/kreplenie-na-rul-gopro-handlebar-seatpost-mount\/#primaryimage"},"image":{"@id":"https:\/\/xstyle.md\/product\/kreplenie-na-rul-gopro-handlebar-seatpost-mount\/#primaryimage"},"thumbnailUrl":"https:\/\/xstyle.md\/wp-content\/uploads\/2024\/03\/gopro-handlebar-seatpost-mount.jpg","datePublished":"2024-03-27T07:54:28+00:00","dateModified":"2026-02-12T16:58:14+00:00","description":"Ata\u0219a\u021bi-v\u0103 camera GoPro pe ghidon sau pe \u0219a cu ajutorul suportului GoPro! Ideal pentru activit\u0103\u021bi \u00een aer liber, cu posibilitate de rotire la 360\u00b0.","breadcrumb":{"@id":"https:\/\/xstyle.md\/product\/kreplenie-na-rul-gopro-handlebar-seatpost-mount\/#breadcrumb"},"inLanguage":"ro-RO","potentialAction":[{"@type":"ReadAction","target":["https:\/\/xstyle.md\/product\/kreplenie-na-rul-gopro-handlebar-seatpost-mount\/"]}]},{"@type":"ImageObject","inLanguage":"ro-RO","@id":"https:\/\/xstyle.md\/product\/kreplenie-na-rul-gopro-handlebar-seatpost-mount\/#primaryimage","url":"https:\/\/xstyle.md\/wp-content\/uploads\/2024\/03\/gopro-handlebar-seatpost-mount.jpg","contentUrl":"https:\/\/xstyle.md\/wp-content\/uploads\/2024\/03\/gopro-handlebar-seatpost-mount.jpg","width":803,"height":686,"caption":"\u0421\u0442\u0440\u0435\u043c\u044f\u043d\u043a\u0430 \u0434\u043b\u044f \u043a\u0440\u0435\u043f\u043b\u0435\u043d\u0438\u044f \u043d\u0430 \u0440\u0443\u043b\u044c \u0438\u043b\u0438 \u043f\u043e\u0434\u0441\u0435\u0434\u0435\u043b\u044c\u043d\u044b\u0439 \u0448\u0442\u044b\u0440\u044c \u0434\u043b\u044f \u0430\u043a\u0442\u0438\u0432\u043d\u043e\u0433\u043e \u043e\u0442\u0434\u044b\u0445\u0430, \u043f\u0443\u0442\u0435\u0448\u0435\u0441\u0442\u0432\u0438\u0439, \u0445\u0430\u0439\u043a\u0438\u043d\u0433\u0430, \u0430\u043b\u044c\u043f\u0438\u043d\u0438\u0437\u043c\u0430 \u0438 \u0441\u043f\u043e\u0440\u0442\u0438\u0432\u043d\u043e\u0439 \u043e\u0431\u0443\u0432\u0438 \u0438 \u043e\u0434\u0435\u0436\u0434\u044b \u0434\u043b\u044f \u043e\u043d\u043b\u0430\u0439\u043d-\u043c\u0430\u0433\u0430\u0437\u0438\u043d\u0430 \u0441\u043f\u043e\u0440\u0442\u0438\u0432\u043d\u044b\u0445 \u0442\u043e\u0432\u0430\u0440\u043e\u0432"},{"@type":"BreadcrumbList","@id":"https:\/\/xstyle.md\/product\/kreplenie-na-rul-gopro-handlebar-seatpost-mount\/#breadcrumb","itemListElement":[{"@type":"ListItem","position":1,"name":"\u0413\u043b\u0430\u0432\u043d\u0430\u044f \u0441\u0442\u0440\u0430\u043d\u0438\u0446\u0430","item":"https:\/\/xstyle.md\/"},{"@type":"ListItem","position":2,"name":"\u041c\u0430\u0433\u0430\u0437\u0438\u043d","item":"https:\/\/xstyle.md\/shop\/"},{"@type":"ListItem","position":3,"name":"\u041a\u0440\u0435\u043f\u043b\u0435\u043d\u0438\u0435 \u043d\u0430 \u0440\u0443\u043b\u044c\/\u043f\u043e\u0434\u0441\u0435\u0434\u0435\u043b\u044c\u043d\u044b\u0439 \u0448\u0442\u044b\u0440\u044c\/\u043b\u044b\u0436\u043d\u044b\u0435 \u043f\u0430\u043b\u043a\u0438 GoPro Handlebar\/Seatpost\/Pole Mount (AGTSM-001)"}]},{"@type":"WebSite","@id":"https:\/\/xstyle.md\/#website","url":"https:\/\/xstyle.md\/","name":"Magazinul X-Style","description":"Echipamente pentru turism \u0219i sporturi extreme \u00een Moldova. Pre\u021buri, fotografii, caracteristici \u00een Moldova.","publisher":{"@id":"https:\/\/xstyle.md\/#organization"},"alternateName":"X-Style","potentialAction":[{"@type":"SearchAction","target":{"@type":"EntryPoint","urlTemplate":"https:\/\/xstyle.md\/?s={search_term_string}"},"query-input":{"@type":"PropertyValueSpecification","valueRequired":true,"valueName":"search_term_string"}}],"inLanguage":"ro-RO"},{"@type":"Organization","@id":"https:\/\/xstyle.md\/#organization","name":"Magazinul X-Style","alternateName":"x-style","url":"https:\/\/xstyle.md\/","logo":{"@type":"ImageObject","inLanguage":"ro-RO","@id":"https:\/\/xstyle.md\/#\/schema\/logo\/image\/","url":"https:\/\/xstyle.md\/wp-content\/uploads\/2020\/06\/logoicon.svg","contentUrl":"https:\/\/xstyle.md\/wp-content\/uploads\/2020\/06\/logoicon.svg","caption":"\u041c\u0430\u0433\u0430\u0437\u0438\u043d Xstyle"},"image":{"@id":"https:\/\/xstyle.md\/#\/schema\/logo\/image\/"},"sameAs":["https:\/\/www.facebook.com\/xstylemd","https:\/\/www.instagram.com\/xstyle_md\/","https:\/\/t.me\/xstyle_outdoor"],"hasMerchantReturnPolicy":{"@type":"MerchantReturnPolicy","merchantReturnLink":"https:\/\/xstyle.md\/ro\/conditions\/"}}]},"product_price_amount":"890.00","product_price_currency":"MDL","og_availability":"instock","product_availability":"instock","product_retailer_item_id":"818279015713","product_condition":"new"},"post_mailing_queue_ids":[],"_links":{"self":[{"href":"https:\/\/xstyle.md\/ro\/wp-json\/wp\/v2\/product\/81006","targetHints":{"allow":["GET"]}}],"collection":[{"href":"https:\/\/xstyle.md\/ro\/wp-json\/wp\/v2\/product"}],"about":[{"href":"https:\/\/xstyle.md\/ro\/wp-json\/wp\/v2\/types\/product"}],"replies":[{"embeddable":true,"href":"https:\/\/xstyle.md\/ro\/wp-json\/wp\/v2\/comments?post=81006"}],"wp:featuredmedia":[{"embeddable":true,"href":"https:\/\/xstyle.md\/ro\/wp-json\/wp\/v2\/media\/81085"}],"wp:attachment":[{"href":"https:\/\/xstyle.md\/ro\/wp-json\/wp\/v2\/media?parent=81006"}],"wp:term":[{"taxonomy":"product_brand","embeddable":true,"href":"https:\/\/xstyle.md\/ro\/wp-json\/wp\/v2\/product_brand?post=81006"},{"taxonomy":"product_cat","embeddable":true,"href":"https:\/\/xstyle.md\/ro\/wp-json\/wp\/v2\/product_cat?post=81006"},{"taxonomy":"product_tag","embeddable":true,"href":"https:\/\/xstyle.md\/ro\/wp-json\/wp\/v2\/product_tag?post=81006"}],"curies":[{"name":"wp","href":"https:\/\/api.w.org\/{rel}","templated":true}]}}